{"id":66790,"date":"2025-06-17T16:54:11","date_gmt":"2025-06-17T14:54:11","guid":{"rendered":"https:\/\/dev.institutchiaribcn.com\/tasas-exito-icseb\/"},"modified":"2026-02-20T11:43:16","modified_gmt":"2026-02-20T10:43:16","slug":"indices-de-sucesso-icseb","status":"publish","type":"page","link":"https:\/\/institutchiaribcn.com\/pt\/indices-de-sucesso-icseb\/","title":{"rendered":"\u00cdndices de sucesso ICSEB"},"content":{"rendered":"\t\t<div data-elementor-type=\"wp-page\" data-elementor-id=\"66790\" class=\"elementor elementor-66790 elementor-202\" data-elementor-post-type=\"page\">\n\t\t\t\t<div class=\"elementor-element elementor-element-80f53d4 e-flex e-con-boxed e-con e-parent\" data-id=\"80f53d4\" data-element_type=\"container\" data-e-type=\"container\">\n\t\t\t\t\t<div class=\"e-con-inner\">\n\t\t<div class=\"elementor-element elementor-element-75b05ed e-con-full e-flex e-con e-child\" data-id=\"75b05ed\" data-element_type=\"container\" data-e-type=\"container\">\n\t\t\t\t<div class=\"elementor-element elementor-element-6fd43a8 elementor-widget elementor-widget-heading\" data-id=\"6fd43a8\" data-element_type=\"widget\" data-e-type=\"widget\" data-widget_type=\"heading.default\">\n\t\t\t\t<div class=\"elementor-widget-container\">\n\t\t\t\t\t<h1 class=\"elementor-heading-title elementor-size-default\">\u00cdndices de sucesso ICSEB\n<\/h1>\t\t\t\t<\/div>\n\t\t\t\t<\/div>\n\t\t\t\t<div class=\"elementor-element elementor-element-be9add3 elementor-widget elementor-widget-text-editor\" data-id=\"be9add3\" data-element_type=\"widget\" data-e-type=\"widget\" data-widget_type=\"text-editor.default\">\n\t\t\t\t<div class=\"elementor-widget-container\">\n\t\t\t\t\t\t\t\t\t<p>Os resultados obtidos a partir dos casos de pacientes operados de diferentes patologias vertebrais s\u00e3o \u00f3timos, considerando a bibliografia consultada e as estat\u00edsticas de patologias na zona vertebral lombar no \u00e2mbito laboral.<\/p><p>Tais resultados foram publicados em renomadas revistas das especialidades m\u00e9dicas de neurologia e de neurocirurgia, em diversos idiomas, como espanhol, ingl\u00eas e franc\u00eas.<\/p><p>Consultem o \u00cdndice de Satisfa\u00e7\u00e3o em mais de 900 pacientes operados mediante o nosso m\u00e9todo m\u00e9dico Filum System<sup>\u00ae<\/sup>, que inclui 12 protocolos, sendo que o quarto deles se refere \u00e0 nossa t\u00e9cnica cir\u00fargica exclusiva de Sec\u00e7\u00e3o do Filum terminale para as seguintes patologias:\u00a0<strong>S\u00edndrome de Arnold Chiari I, Siringomielia e Escoliose idiop\u00e1ticas, Invagina\u00e7\u00e3o Basilar, Platibasia, Retroflex\u00e3o do Odont\u00f3ide, Angula\u00e7\u00e3o do tronco cerebral e outras.<\/strong><\/p>\t\t\t\t\t\t\t\t<\/div>\n\t\t\t\t<\/div>\n\t\t\t\t<\/div>\n\t\t<div class=\"elementor-element elementor-element-54b6414 e-con-full e-flex e-con e-child\" data-id=\"54b6414\" data-element_type=\"container\" data-e-type=\"container\">\n\t\t\t\t<div class=\"elementor-element elementor-element-b5460ef elementor-widget elementor-widget-html\" data-id=\"b5460ef\" data-element_type=\"widget\" data-e-type=\"widget\" data-widget_type=\"html.default\">\n\t\t\t\t<div class=\"elementor-widget-container\">\n\t\t\t\t\t<iframe loading=\"lazy\" class=\"hidden-col-xs visible-sm hidden-md hidden-lg\" src=\"https:\/\/institutchiaribcn.com\/indices-de-sucesso-PT.htm\" width=\"400\" height=\"400\" frameborder=\"0\" scrolling=\"no\"><\/iframe>\t\t\t\t<\/div>\n\t\t\t\t<\/div>\n\t\t\t\t<\/div>\n\t\t\t\t\t<\/div>\n\t\t\t\t<\/div>\n\t\t<div class=\"elementor-element elementor-element-9e15a43 e-flex e-con-boxed e-con e-parent\" data-id=\"9e15a43\" data-element_type=\"container\" data-e-type=\"container\" data-settings=\"{&quot;background_background&quot;:&quot;classic&quot;}\">\n\t\t\t\t\t<div class=\"e-con-inner\">\n\t\t\t\t<div class=\"elementor-element elementor-element-af4925f elementor-widget elementor-widget-text-editor\" data-id=\"af4925f\" data-element_type=\"widget\" data-e-type=\"widget\" data-widget_type=\"text-editor.default\">\n\t\t\t\t<div class=\"elementor-widget-container\">\n\t\t\t\t\t\t\t\t\t<p>Os sintomas e sinais que mais afetam aos nossos(as) pacientes com Arnold Chiari I, Siringomielia e Escoliose Idiop\u00e1ticas podem ser observados nos gr\u00e1ficos I e II, que refletem o quadro cl\u00ednico em uma amostra de 400 pessoas.<\/p>\t\t\t\t\t\t\t\t<\/div>\n\t\t\t\t<\/div>\n\t\t<div class=\"elementor-element elementor-element-041475b e-con-full e-flex e-con e-child\" data-id=\"041475b\" data-element_type=\"container\" data-e-type=\"container\">\n\t\t\t\t<div class=\"elementor-element elementor-element-7448aaf elementor-widget elementor-widget-image\" data-id=\"7448aaf\" data-element_type=\"widget\" data-e-type=\"widget\" data-widget_type=\"image.default\">\n\t\t\t\t<div class=\"elementor-widget-container\">\n\t\t\t\t\t\t\t\t\t\t\t\t<figure class=\"wp-caption\">\n\t\t\t\t\t\t\t\t\t\t<img fetchpriority=\"high\" decoding=\"async\" width=\"624\" height=\"425\" src=\"https:\/\/institutchiaribcn.com\/wp-content\/uploads\/2025\/09\/Grafico-I-Sintomas-mais-frequentes-em-pacientes-com-a-Doenca-do-Filum.png\" class=\"attachment-large size-large wp-image-67195\" alt=\"Gr\u00e1fico I: Sintomas mais frequentes em pacientes com a Doen\u00e7a do Filum\" srcset=\"https:\/\/institutchiaribcn.com\/wp-content\/uploads\/2025\/09\/Grafico-I-Sintomas-mais-frequentes-em-pacientes-com-a-Doenca-do-Filum.png 624w, https:\/\/institutchiaribcn.com\/wp-content\/uploads\/2025\/09\/Grafico-I-Sintomas-mais-frequentes-em-pacientes-com-a-Doenca-do-Filum-300x204.png 300w\" sizes=\"(max-width: 624px) 100vw, 624px\" \/>\t\t\t\t\t\t\t\t\t\t\t<figcaption class=\"widget-image-caption wp-caption-text\">Gr\u00e1fico I: Sintomas mais frequentes em pacientes com a Doen\u00e7a do Filum<\/figcaption>\n\t\t\t\t\t\t\t\t\t\t<\/figure>\n\t\t\t\t\t\t\t\t\t<\/div>\n\t\t\t\t<\/div>\n\t\t\t\t<div class=\"elementor-element elementor-element-447f779 elementor-widget elementor-widget-image\" data-id=\"447f779\" data-element_type=\"widget\" data-e-type=\"widget\" data-widget_type=\"image.default\">\n\t\t\t\t<div class=\"elementor-widget-container\">\n\t\t\t\t\t\t\t\t\t\t\t\t<figure class=\"wp-caption\">\n\t\t\t\t\t\t\t\t\t\t<img decoding=\"async\" width=\"765\" height=\"397\" src=\"https:\/\/institutchiaribcn.com\/wp-content\/uploads\/2025\/09\/Grafico-II-Sinais-mais-frequentes-em-pacientes-com-a-Doenca-do-Filum.png\" class=\"attachment-large size-large wp-image-67209\" alt=\"Gr\u00e1fico II: Sinais mais frequentes em pacientes com a Doen\u00e7a do Filum\" srcset=\"https:\/\/institutchiaribcn.com\/wp-content\/uploads\/2025\/09\/Grafico-II-Sinais-mais-frequentes-em-pacientes-com-a-Doenca-do-Filum.png 765w, https:\/\/institutchiaribcn.com\/wp-content\/uploads\/2025\/09\/Grafico-II-Sinais-mais-frequentes-em-pacientes-com-a-Doenca-do-Filum-300x156.png 300w\" sizes=\"(max-width: 765px) 100vw, 765px\" \/>\t\t\t\t\t\t\t\t\t\t\t<figcaption class=\"widget-image-caption wp-caption-text\">Gr\u00e1fico II: Sinais mais frequentes em pacientes com a Doen\u00e7a do Filum<\/figcaption>\n\t\t\t\t\t\t\t\t\t\t<\/figure>\n\t\t\t\t\t\t\t\t\t<\/div>\n\t\t\t\t<\/div>\n\t\t\t\t<\/div>\n\t\t\t\t\t<\/div>\n\t\t\t\t<\/div>\n\t\t<div class=\"elementor-element elementor-element-7f00dc9 e-flex e-con-boxed e-con e-parent\" data-id=\"7f00dc9\" data-element_type=\"container\" data-e-type=\"container\" data-settings=\"{&quot;background_background&quot;:&quot;classic&quot;}\">\n\t\t\t\t\t<div class=\"e-con-inner\">\n\t\t\t\t<div class=\"elementor-element elementor-element-7b892e7 elementor-widget elementor-widget-text-editor\" data-id=\"7b892e7\" data-element_type=\"widget\" data-e-type=\"widget\" data-widget_type=\"text-editor.default\">\n\t\t\t\t<div class=\"elementor-widget-container\">\n\t\t\t\t\t\t\t\t\t<p>Ap\u00f3s a interven\u00e7\u00e3o cir\u00fargica, no acompanhamento p\u00f3s-operat\u00f3rio, podemos observar a melhora dos sintomas e sinais na grande maioria dos (das) pacientes que se submeteram \u00e0 aplica\u00e7\u00e3o deste m\u00e9todo, como se pode notar nesta amostra de 240 consultas de acompanhamento 1 ano depois da cirurgia nos gr\u00e1ficos III e IV.<\/p>\t\t\t\t\t\t\t\t<\/div>\n\t\t\t\t<\/div>\n\t\t<div class=\"elementor-element elementor-element-4e681a9 e-con-full e-flex e-con e-child\" data-id=\"4e681a9\" data-element_type=\"container\" data-e-type=\"container\">\n\t\t\t\t<div class=\"elementor-element elementor-element-e46339a elementor-widget elementor-widget-image\" data-id=\"e46339a\" data-element_type=\"widget\" data-e-type=\"widget\" data-widget_type=\"image.default\">\n\t\t\t\t<div class=\"elementor-widget-container\">\n\t\t\t\t\t\t\t\t\t\t\t\t<figure class=\"wp-caption\">\n\t\t\t\t\t\t\t\t\t\t<img decoding=\"async\" width=\"737\" height=\"567\" src=\"https:\/\/institutchiaribcn.com\/wp-content\/uploads\/2025\/09\/Grafico-III-Melhora-dos-sintomas-da-Doenca-do-Filum-apos-aplicacao-do-Filum-System\u00ae.png\" class=\"attachment-large size-large wp-image-67263\" alt=\"Gr\u00e1fico III: Melhora dos sintomas da Doen\u00e7a do Filum ap\u00f3s aplica\u00e7\u00e3o do Filum System\u00ae\" srcset=\"https:\/\/institutchiaribcn.com\/wp-content\/uploads\/2025\/09\/Grafico-III-Melhora-dos-sintomas-da-Doenca-do-Filum-apos-aplicacao-do-Filum-System\u00ae.png 737w, https:\/\/institutchiaribcn.com\/wp-content\/uploads\/2025\/09\/Grafico-III-Melhora-dos-sintomas-da-Doenca-do-Filum-apos-aplicacao-do-Filum-System\u00ae-300x231.png 300w\" sizes=\"(max-width: 737px) 100vw, 737px\" \/>\t\t\t\t\t\t\t\t\t\t\t<figcaption class=\"widget-image-caption wp-caption-text\">Gr\u00e1fico III: Melhora dos sintomas da Doen\u00e7a do Filum ap\u00f3s aplica\u00e7\u00e3o do Filum System\u00ae<\/figcaption>\n\t\t\t\t\t\t\t\t\t\t<\/figure>\n\t\t\t\t\t\t\t\t\t<\/div>\n\t\t\t\t<\/div>\n\t\t\t\t<div class=\"elementor-element elementor-element-bf7c6e2 elementor-widget elementor-widget-image\" data-id=\"bf7c6e2\" data-element_type=\"widget\" data-e-type=\"widget\" data-widget_type=\"image.default\">\n\t\t\t\t<div class=\"elementor-widget-container\">\n\t\t\t\t\t\t\t\t\t\t\t\t<figure class=\"wp-caption\">\n\t\t\t\t\t\t\t\t\t\t<img loading=\"lazy\" decoding=\"async\" width=\"794\" height=\"425\" src=\"https:\/\/institutchiaribcn.com\/wp-content\/uploads\/2025\/09\/Grafico-IV-Melhora-dos-sinais-da-Doenca-do-Filum-apos-aplicacao-do-Filum-System\u00ae.png\" class=\"attachment-large size-large wp-image-67277\" alt=\"Gr\u00e1fico IV: Melhora dos sinais da Doen\u00e7a do Filum ap\u00f3s aplica\u00e7\u00e3o do Filum System\u00ae\" srcset=\"https:\/\/institutchiaribcn.com\/wp-content\/uploads\/2025\/09\/Grafico-IV-Melhora-dos-sinais-da-Doenca-do-Filum-apos-aplicacao-do-Filum-System\u00ae.png 794w, https:\/\/institutchiaribcn.com\/wp-content\/uploads\/2025\/09\/Grafico-IV-Melhora-dos-sinais-da-Doenca-do-Filum-apos-aplicacao-do-Filum-System\u00ae-300x161.png 300w, https:\/\/institutchiaribcn.com\/wp-content\/uploads\/2025\/09\/Grafico-IV-Melhora-dos-sinais-da-Doenca-do-Filum-apos-aplicacao-do-Filum-System\u00ae-768x411.png 768w\" sizes=\"(max-width: 794px) 100vw, 794px\" \/>\t\t\t\t\t\t\t\t\t\t\t<figcaption class=\"widget-image-caption wp-caption-text\">Gr\u00e1fico IV: Melhora dos sinais da Doen\u00e7a do Filum ap\u00f3s aplica\u00e7\u00e3o do Filum System\u00ae<\/figcaption>\n\t\t\t\t\t\t\t\t\t\t<\/figure>\n\t\t\t\t\t\t\t\t\t<\/div>\n\t\t\t\t<\/div>\n\t\t\t\t<\/div>\n\t\t\t\t\t<\/div>\n\t\t\t\t<\/div>\n\t\t<div class=\"elementor-element elementor-element-3336d4a e-flex e-con-boxed e-con e-parent\" data-id=\"3336d4a\" data-element_type=\"container\" data-e-type=\"container\">\n\t\t\t\t\t<div class=\"e-con-inner\">\n\t\t\t\t<div class=\"elementor-element elementor-element-a220e9b elementor-widget elementor-widget-text-editor\" data-id=\"a220e9b\" data-element_type=\"widget\" data-e-type=\"widget\" data-widget_type=\"text-editor.default\">\n\t\t\t\t<div class=\"elementor-widget-container\">\n\t\t\t\t\t\t\t\t\t<p>Gra\u00e7as aos excelentes resultados cl\u00ednicos obtidos, muitos(as) pacientes vieram ao nosso Instituto procedendo de 79 pa\u00edses.<\/p><p>Sentimos muito orgulho deste sucesso, pois isto nos estimula a melhorar cada vez mais os nossos servi\u00e7os, permitindo, assim, que qualquer paciente que viaje para se tratar com os nossos especialistas se sinta \u00e0 vontade e satisfeito, tanto durante a sua estadia em Barcelona quanto durante o acompanhamento \u00e0 dist\u00e2ncia que oferecemos. Desta maneira, mantemos uma rela\u00e7\u00e3o terap\u00eautica p\u00f3s-cir\u00fargica tamb\u00e9m em n\u00edvel internacional<\/p>\t\t\t\t\t\t\t\t<\/div>\n\t\t\t\t<\/div>\n\t\t\t\t\t<\/div>\n\t\t\t\t<\/div>\n\t\t<div class=\"elementor-element elementor-element-28f0c9b e-flex e-con-boxed e-con e-parent\" data-id=\"28f0c9b\" data-element_type=\"container\" data-e-type=\"container\">\n\t\t\t\t\t<div class=\"e-con-inner\">\n\t\t\t\t<div class=\"elementor-element elementor-element-e17467a elementor-widget elementor-widget-html\" data-id=\"e17467a\" data-element_type=\"widget\" data-e-type=\"widget\" data-widget_type=\"html.default\">\n\t\t\t\t<div class=\"elementor-widget-container\">\n\t\t\t\t\t<iframe loading=\"lazy\" style=\"pointer-event: none;\" src=\"https:\/\/www.google.com\/maps\/d\/embed?mid=1mIzHl9XwgC2LY_Cb8aqjUDyQ7Hk\" height=\"580\" frameborder=\"0\"><\/iframe>\t\t\t\t<\/div>\n\t\t\t\t<\/div>\n\t\t\t\t\t<\/div>\n\t\t\t\t<\/div>\n\t\t\t\t<\/div>\n\t\t","protected":false},"excerpt":{"rendered":"<p>\u00cdndices de sucesso ICSEB Os resultados obtidos a partir dos casos de pacientes operados de diferentes patologias vertebrais s\u00e3o \u00f3timos, considerando a bibliografia consultada e as estat\u00edsticas de patologias na zona vertebral lombar no \u00e2mbito laboral. Tais resultados foram publicados em renomadas revistas das especialidades m\u00e9dicas de neurologia e de neurocirurgia, em diversos idiomas, como [&hellip;]<\/p>\n","protected":false},"author":1,"featured_media":0,"parent":0,"menu_order":8,"comment_status":"closed","ping_status":"closed","template":"","meta":{"footnotes":""},"class_list":["post-66790","page","type-page","status-publish","hentry"],"yoast_head":"<!-- This site is optimized with the Yoast SEO plugin v27.1.1 - https:\/\/yoast.com\/product\/yoast-seo-wordpress\/ -->\n<title>\u00cdndices de sucesso do ICSEB \u2014 taxa de resultados | ICSEB<\/title>\n<meta name=\"description\" content=\"Conhe\u00e7a os \u00edndices de sucesso do ICSEB no tratamento de Chiari I, Filum, siringomielia e escoliose com base em resultados cl\u00ednicos.\" \/>\n<meta name=\"robots\" content=\"index, follow, max-snippet:-1, max-image-preview:large, max-video-preview:-1\" \/>\n<link rel=\"canonical\" href=\"https:\/\/institutchiaribcn.com\/pt\/indices-de-sucesso-icseb\/\" \/>\n<meta property=\"og:locale\" content=\"pt_PT\" \/>\n<meta property=\"og:type\" content=\"article\" \/>\n<meta property=\"og:title\" content=\"\u00cdndices de sucesso do ICSEB \u2014 taxa de resultados | ICSEB\" \/>\n<meta property=\"og:description\" content=\"Conhe\u00e7a os \u00edndices de sucesso do ICSEB no tratamento de Chiari I, Filum, siringomielia e escoliose com base em resultados cl\u00ednicos.\" \/>\n<meta property=\"og:url\" content=\"https:\/\/institutchiaribcn.com\/pt\/indices-de-sucesso-icseb\/\" \/>\n<meta property=\"og:site_name\" content=\"Institut Chiari\" \/>\n<meta property=\"article:modified_time\" content=\"2026-02-20T10:43:16+00:00\" \/>\n<meta property=\"og:image\" content=\"https:\/\/institutchiaribcn.com\/wp-content\/uploads\/2025\/09\/Grafico-I-Sintomas-mais-frequentes-em-pacientes-com-a-Doenca-do-Filum.png\" \/>\n<meta name=\"twitter:card\" content=\"summary_large_image\" \/>\n<meta name=\"twitter:label1\" content=\"Tempo estimado de leitura\" \/>\n\t<meta name=\"twitter:data1\" content=\"3 minutos\" \/>\n<script type=\"application\/ld+json\" class=\"yoast-schema-graph\">{\"@context\":\"https:\/\/schema.org\",\"@graph\":[{\"@type\":\"WebPage\",\"@id\":\"https:\/\/institutchiaribcn.com\/pt\/indices-de-sucesso-icseb\/\",\"url\":\"https:\/\/institutchiaribcn.com\/pt\/indices-de-sucesso-icseb\/\",\"name\":\"\u00cdndices de sucesso do ICSEB \u2014 taxa de resultados | ICSEB\",\"isPartOf\":{\"@id\":\"https:\/\/institutchiaribcn.com\/pt\/#website\"},\"primaryImageOfPage\":{\"@id\":\"https:\/\/institutchiaribcn.com\/pt\/indices-de-sucesso-icseb\/#primaryimage\"},\"image\":{\"@id\":\"https:\/\/institutchiaribcn.com\/pt\/indices-de-sucesso-icseb\/#primaryimage\"},\"thumbnailUrl\":\"https:\/\/institutchiaribcn.com\/wp-content\/uploads\/2025\/09\/Grafico-I-Sintomas-mais-frequentes-em-pacientes-com-a-Doenca-do-Filum.png\",\"datePublished\":\"2025-06-17T14:54:11+00:00\",\"dateModified\":\"2026-02-20T10:43:16+00:00\",\"description\":\"Conhe\u00e7a os \u00edndices de sucesso do ICSEB no tratamento de Chiari I, Filum, siringomielia e escoliose com base em resultados cl\u00ednicos.\",\"breadcrumb\":{\"@id\":\"https:\/\/institutchiaribcn.com\/pt\/indices-de-sucesso-icseb\/#breadcrumb\"},\"inLanguage\":\"pt-PT\",\"potentialAction\":[{\"@type\":\"ReadAction\",\"target\":[\"https:\/\/institutchiaribcn.com\/pt\/indices-de-sucesso-icseb\/\"]}]},{\"@type\":\"ImageObject\",\"inLanguage\":\"pt-PT\",\"@id\":\"https:\/\/institutchiaribcn.com\/pt\/indices-de-sucesso-icseb\/#primaryimage\",\"url\":\"https:\/\/institutchiaribcn.com\/wp-content\/uploads\/2025\/09\/Grafico-I-Sintomas-mais-frequentes-em-pacientes-com-a-Doenca-do-Filum.png\",\"contentUrl\":\"https:\/\/institutchiaribcn.com\/wp-content\/uploads\/2025\/09\/Grafico-I-Sintomas-mais-frequentes-em-pacientes-com-a-Doenca-do-Filum.png\"},{\"@type\":\"BreadcrumbList\",\"@id\":\"https:\/\/institutchiaribcn.com\/pt\/indices-de-sucesso-icseb\/#breadcrumb\",\"itemListElement\":[{\"@type\":\"ListItem\",\"position\":1,\"name\":\"Portada\",\"item\":\"https:\/\/institutchiaribcn.com\/pt\/\"},{\"@type\":\"ListItem\",\"position\":2,\"name\":\"\u00cdndices de sucesso ICSEB\"}]},{\"@type\":\"WebSite\",\"@id\":\"https:\/\/institutchiaribcn.com\/pt\/#website\",\"url\":\"https:\/\/institutchiaribcn.com\/pt\/\",\"name\":\"Institut Chiari de Barcelona\",\"description\":\"\",\"publisher\":{\"@id\":\"https:\/\/institutchiaribcn.com\/pt\/#organization\"},\"potentialAction\":[{\"@type\":\"SearchAction\",\"target\":{\"@type\":\"EntryPoint\",\"urlTemplate\":\"https:\/\/institutchiaribcn.com\/pt\/?s={search_term_string}\"},\"query-input\":{\"@type\":\"PropertyValueSpecification\",\"valueRequired\":true,\"valueName\":\"search_term_string\"}}],\"inLanguage\":\"pt-PT\"},{\"@type\":\"Organization\",\"@id\":\"https:\/\/institutchiaribcn.com\/pt\/#organization\",\"name\":\"Institut Chiari de Barcelona\",\"url\":\"https:\/\/institutchiaribcn.com\/pt\/\",\"logo\":{\"@type\":\"ImageObject\",\"inLanguage\":\"pt-PT\",\"@id\":\"https:\/\/institutchiaribcn.com\/pt\/#\/schema\/logo\/image\/\",\"url\":\"https:\/\/institutchiaribcn.com\/wp-content\/uploads\/2025\/10\/cropped-cropped-icsebNavLogo-1.png\",\"contentUrl\":\"https:\/\/institutchiaribcn.com\/wp-content\/uploads\/2025\/10\/cropped-cropped-icsebNavLogo-1.png\",\"width\":245,\"height\":99,\"caption\":\"Institut Chiari de Barcelona\"},\"image\":{\"@id\":\"https:\/\/institutchiaribcn.com\/pt\/#\/schema\/logo\/image\/\"}}]}<\/script>\n<!-- \/ Yoast SEO plugin. -->","yoast_head_json":{"title":"\u00cdndices de sucesso do ICSEB \u2014 taxa de resultados | ICSEB","description":"Conhe\u00e7a os \u00edndices de sucesso do ICSEB no tratamento de Chiari I, Filum, siringomielia e escoliose com base em resultados cl\u00ednicos.","robots":{"index":"index","follow":"follow","max-snippet":"max-snippet:-1","max-image-preview":"max-image-preview:large","max-video-preview":"max-video-preview:-1"},"canonical":"https:\/\/institutchiaribcn.com\/pt\/indices-de-sucesso-icseb\/","og_locale":"pt_PT","og_type":"article","og_title":"\u00cdndices de sucesso do ICSEB \u2014 taxa de resultados | ICSEB","og_description":"Conhe\u00e7a os \u00edndices de sucesso do ICSEB no tratamento de Chiari I, Filum, siringomielia e escoliose com base em resultados cl\u00ednicos.","og_url":"https:\/\/institutchiaribcn.com\/pt\/indices-de-sucesso-icseb\/","og_site_name":"Institut Chiari","article_modified_time":"2026-02-20T10:43:16+00:00","og_image":[{"url":"https:\/\/institutchiaribcn.com\/wp-content\/uploads\/2025\/09\/Grafico-I-Sintomas-mais-frequentes-em-pacientes-com-a-Doenca-do-Filum.png","type":"","width":"","height":""}],"twitter_card":"summary_large_image","twitter_misc":{"Tempo estimado de leitura":"3 minutos"},"schema":{"@context":"https:\/\/schema.org","@graph":[{"@type":"WebPage","@id":"https:\/\/institutchiaribcn.com\/pt\/indices-de-sucesso-icseb\/","url":"https:\/\/institutchiaribcn.com\/pt\/indices-de-sucesso-icseb\/","name":"\u00cdndices de sucesso do ICSEB \u2014 taxa de resultados | ICSEB","isPartOf":{"@id":"https:\/\/institutchiaribcn.com\/pt\/#website"},"primaryImageOfPage":{"@id":"https:\/\/institutchiaribcn.com\/pt\/indices-de-sucesso-icseb\/#primaryimage"},"image":{"@id":"https:\/\/institutchiaribcn.com\/pt\/indices-de-sucesso-icseb\/#primaryimage"},"thumbnailUrl":"https:\/\/institutchiaribcn.com\/wp-content\/uploads\/2025\/09\/Grafico-I-Sintomas-mais-frequentes-em-pacientes-com-a-Doenca-do-Filum.png","datePublished":"2025-06-17T14:54:11+00:00","dateModified":"2026-02-20T10:43:16+00:00","description":"Conhe\u00e7a os \u00edndices de sucesso do ICSEB no tratamento de Chiari I, Filum, siringomielia e escoliose com base em resultados cl\u00ednicos.","breadcrumb":{"@id":"https:\/\/institutchiaribcn.com\/pt\/indices-de-sucesso-icseb\/#breadcrumb"},"inLanguage":"pt-PT","potentialAction":[{"@type":"ReadAction","target":["https:\/\/institutchiaribcn.com\/pt\/indices-de-sucesso-icseb\/"]}]},{"@type":"ImageObject","inLanguage":"pt-PT","@id":"https:\/\/institutchiaribcn.com\/pt\/indices-de-sucesso-icseb\/#primaryimage","url":"https:\/\/institutchiaribcn.com\/wp-content\/uploads\/2025\/09\/Grafico-I-Sintomas-mais-frequentes-em-pacientes-com-a-Doenca-do-Filum.png","contentUrl":"https:\/\/institutchiaribcn.com\/wp-content\/uploads\/2025\/09\/Grafico-I-Sintomas-mais-frequentes-em-pacientes-com-a-Doenca-do-Filum.png"},{"@type":"BreadcrumbList","@id":"https:\/\/institutchiaribcn.com\/pt\/indices-de-sucesso-icseb\/#breadcrumb","itemListElement":[{"@type":"ListItem","position":1,"name":"Portada","item":"https:\/\/institutchiaribcn.com\/pt\/"},{"@type":"ListItem","position":2,"name":"\u00cdndices de sucesso ICSEB"}]},{"@type":"WebSite","@id":"https:\/\/institutchiaribcn.com\/pt\/#website","url":"https:\/\/institutchiaribcn.com\/pt\/","name":"Institut Chiari de Barcelona","description":"","publisher":{"@id":"https:\/\/institutchiaribcn.com\/pt\/#organization"},"potentialAction":[{"@type":"SearchAction","target":{"@type":"EntryPoint","urlTemplate":"https:\/\/institutchiaribcn.com\/pt\/?s={search_term_string}"},"query-input":{"@type":"PropertyValueSpecification","valueRequired":true,"valueName":"search_term_string"}}],"inLanguage":"pt-PT"},{"@type":"Organization","@id":"https:\/\/institutchiaribcn.com\/pt\/#organization","name":"Institut Chiari de Barcelona","url":"https:\/\/institutchiaribcn.com\/pt\/","logo":{"@type":"ImageObject","inLanguage":"pt-PT","@id":"https:\/\/institutchiaribcn.com\/pt\/#\/schema\/logo\/image\/","url":"https:\/\/institutchiaribcn.com\/wp-content\/uploads\/2025\/10\/cropped-cropped-icsebNavLogo-1.png","contentUrl":"https:\/\/institutchiaribcn.com\/wp-content\/uploads\/2025\/10\/cropped-cropped-icsebNavLogo-1.png","width":245,"height":99,"caption":"Institut Chiari de Barcelona"},"image":{"@id":"https:\/\/institutchiaribcn.com\/pt\/#\/schema\/logo\/image\/"}}]}},"_links":{"self":[{"href":"https:\/\/institutchiaribcn.com\/pt\/wp-json\/wp\/v2\/pages\/66790","targetHints":{"allow":["GET"]}}],"collection":[{"href":"https:\/\/institutchiaribcn.com\/pt\/wp-json\/wp\/v2\/pages"}],"about":[{"href":"https:\/\/institutchiaribcn.com\/pt\/wp-json\/wp\/v2\/types\/page"}],"author":[{"embeddable":true,"href":"https:\/\/institutchiaribcn.com\/pt\/wp-json\/wp\/v2\/users\/1"}],"replies":[{"embeddable":true,"href":"https:\/\/institutchiaribcn.com\/pt\/wp-json\/wp\/v2\/comments?post=66790"}],"version-history":[{"count":1,"href":"https:\/\/institutchiaribcn.com\/pt\/wp-json\/wp\/v2\/pages\/66790\/revisions"}],"predecessor-version":[{"id":145744,"href":"https:\/\/institutchiaribcn.com\/pt\/wp-json\/wp\/v2\/pages\/66790\/revisions\/145744"}],"wp:attachment":[{"href":"https:\/\/institutchiaribcn.com\/pt\/wp-json\/wp\/v2\/media?parent=66790"}],"curies":[{"name":"wp","href":"https:\/\/api.w.org\/{rel}","templated":true}]}}