{"id":59556,"date":"2025-06-17T15:47:54","date_gmt":"2025-06-17T13:47:54","guid":{"rendered":"https:\/\/dev.institutchiaribcn.com\/mision-vision-y-valores\/"},"modified":"2026-02-25T12:30:26","modified_gmt":"2026-02-25T11:30:26","slug":"missao-visao-valores","status":"publish","type":"page","link":"https:\/\/institutchiaribcn.com\/pt\/missao-visao-valores\/","title":{"rendered":"Miss\u00e3o, Vis\u00e3o, Valores"},"content":{"rendered":"\t\t<div data-elementor-type=\"wp-page\" data-elementor-id=\"59556\" class=\"elementor elementor-59556 elementor-186\" data-elementor-post-type=\"page\">\n\t\t\t\t<div class=\"elementor-element elementor-element-9578eee e-flex e-con-boxed e-con e-parent\" data-id=\"9578eee\" data-element_type=\"container\" data-e-type=\"container\">\n\t\t\t\t\t<div class=\"e-con-inner\">\n\t\t\t\t<div class=\"elementor-element elementor-element-ebc5c1d elementor-widget elementor-widget-heading\" data-id=\"ebc5c1d\" data-element_type=\"widget\" data-e-type=\"widget\" data-widget_type=\"heading.default\">\n\t\t\t\t<div class=\"elementor-widget-container\">\n\t\t\t\t\t<h1 class=\"elementor-heading-title elementor-size-default\">Miss\u00e3o, Vis\u00e3o, Valores\n<\/h1>\t\t\t\t<\/div>\n\t\t\t\t<\/div>\n\t\t\t\t<div class=\"elementor-element elementor-element-f831391 elementor-widget elementor-widget-text-editor\" data-id=\"f831391\" data-element_type=\"widget\" data-e-type=\"widget\" data-widget_type=\"text-editor.default\">\n\t\t\t\t<div class=\"elementor-widget-container\">\n\t\t\t\t\t\t\t\t\t<p>Fundado em 2008, o Institut Chiari &amp; Siringomielia &amp; Escoliosis de Barcelona (ICSEB) \u00e9 um centro m\u00e9dico e neurocir\u00fargico legalmente autorizado a aplicar o Filum System<sup>\u00ae<\/sup>.<\/p><p>Al\u00e9m de atender a pacientes com doen\u00e7as cerebrais e na coluna vertebral, o ICSEB conta com uma equipe m\u00e9dica altamente especializada no tratamento de todas as patologias relacionadas com a\u00a0<strong>Doen\u00e7a do Filum<\/strong>.<\/p>\t\t\t\t\t\t\t\t<\/div>\n\t\t\t\t<\/div>\n\t\t<div class=\"elementor-element elementor-element-2a224a3 e-con-full e-flex e-con e-child\" data-id=\"2a224a3\" data-element_type=\"container\" data-e-type=\"container\">\n\t\t<div class=\"elementor-element elementor-element-a029c5e e-con-full e-flex e-con e-child\" data-id=\"a029c5e\" data-element_type=\"container\" data-e-type=\"container\" data-settings=\"{&quot;background_background&quot;:&quot;classic&quot;}\">\n\t\t\t\t<div class=\"elementor-element elementor-element-80ef6ed elementor-widget elementor-widget-heading\" data-id=\"80ef6ed\" data-element_type=\"widget\" data-e-type=\"widget\" data-widget_type=\"heading.default\">\n\t\t\t\t<div class=\"elementor-widget-container\">\n\t\t\t\t\t<h3 class=\"elementor-heading-title elementor-size-default\">Miss\u00e3o<\/h3>\t\t\t\t<\/div>\n\t\t\t\t<\/div>\n\t\t\t\t<div class=\"elementor-element elementor-element-3b129a7 elementor-widget elementor-widget-text-editor\" data-id=\"3b129a7\" data-element_type=\"widget\" data-e-type=\"widget\" data-widget_type=\"text-editor.default\">\n\t\t\t\t<div class=\"elementor-widget-container\">\n\t\t\t\t\t\t\t\t\t<p>Oferecer um diagn\u00f3stico preciso e um tratamento minimamente invasivo para a Doen\u00e7a do Filum, melhorando a qualidade de vida do paciente com \u00e9tica, inova\u00e7\u00e3o e excel\u00eancia m\u00e9dica.<\/p>\t\t\t\t\t\t\t\t<\/div>\n\t\t\t\t<\/div>\n\t\t\t\t<div class=\"elementor-element elementor-element-6494c52 elementor-widget elementor-widget-button\" data-id=\"6494c52\" data-element_type=\"widget\" data-e-type=\"widget\" data-widget_type=\"button.default\">\n\t\t\t\t<div class=\"elementor-widget-container\">\n\t\t\t\t\t\t\t\t\t<div class=\"elementor-button-wrapper\">\n\t\t\t\t\t<a class=\"elementor-button elementor-button-link elementor-size-sm\" href=\"#mision\">\n\t\t\t\t\t\t<span class=\"elementor-button-content-wrapper\">\n\t\t\t\t\t\t\t\t\t<span class=\"elementor-button-text\">Leia mais<\/span>\n\t\t\t\t\t<\/span>\n\t\t\t\t\t<\/a>\n\t\t\t\t<\/div>\n\t\t\t\t\t\t\t\t<\/div>\n\t\t\t\t<\/div>\n\t\t\t\t<\/div>\n\t\t<div class=\"elementor-element elementor-element-b0aa9b7 e-con-full e-flex e-con e-child\" data-id=\"b0aa9b7\" data-element_type=\"container\" data-e-type=\"container\" data-settings=\"{&quot;background_background&quot;:&quot;classic&quot;}\">\n\t\t\t\t<div class=\"elementor-element elementor-element-6c6f6e9 elementor-widget elementor-widget-heading\" data-id=\"6c6f6e9\" data-element_type=\"widget\" data-e-type=\"widget\" data-widget_type=\"heading.default\">\n\t\t\t\t<div class=\"elementor-widget-container\">\n\t\t\t\t\t<h3 class=\"elementor-heading-title elementor-size-default\">Vis\u00e3o<\/h3>\t\t\t\t<\/div>\n\t\t\t\t<\/div>\n\t\t\t\t<div class=\"elementor-element elementor-element-d0cd181 elementor-widget elementor-widget-text-editor\" data-id=\"d0cd181\" data-element_type=\"widget\" data-e-type=\"widget\" data-widget_type=\"text-editor.default\">\n\t\t\t\t<div class=\"elementor-widget-container\">\n\t\t\t\t\t\t\t\t\t<p>Aspiramos a um atendimento centrado no paciente, baseado na excel\u00eancia cl\u00ednica, na melhoria cont\u00ednua e na inova\u00e7\u00e3o tecnol\u00f3gica, com um firme compromisso humano e assistencial.<\/p>\t\t\t\t\t\t\t\t<\/div>\n\t\t\t\t<\/div>\n\t\t\t\t<div class=\"elementor-element elementor-element-eb0d50a elementor-widget elementor-widget-button\" data-id=\"eb0d50a\" data-element_type=\"widget\" data-e-type=\"widget\" data-widget_type=\"button.default\">\n\t\t\t\t<div class=\"elementor-widget-container\">\n\t\t\t\t\t\t\t\t\t<div class=\"elementor-button-wrapper\">\n\t\t\t\t\t<a class=\"elementor-button elementor-button-link elementor-size-sm\" href=\"#vision\">\n\t\t\t\t\t\t<span class=\"elementor-button-content-wrapper\">\n\t\t\t\t\t\t\t\t\t<span class=\"elementor-button-text\">Leia mais<\/span>\n\t\t\t\t\t<\/span>\n\t\t\t\t\t<\/a>\n\t\t\t\t<\/div>\n\t\t\t\t\t\t\t\t<\/div>\n\t\t\t\t<\/div>\n\t\t\t\t<\/div>\n\t\t<div class=\"elementor-element elementor-element-63dfc3f e-con-full e-flex e-con e-child\" data-id=\"63dfc3f\" data-element_type=\"container\" data-e-type=\"container\" data-settings=\"{&quot;background_background&quot;:&quot;classic&quot;}\">\n\t\t\t\t<div class=\"elementor-element elementor-element-c28756b elementor-widget elementor-widget-heading\" data-id=\"c28756b\" data-element_type=\"widget\" data-e-type=\"widget\" data-widget_type=\"heading.default\">\n\t\t\t\t<div class=\"elementor-widget-container\">\n\t\t\t\t\t<h3 class=\"elementor-heading-title elementor-size-default\">Valores<\/h3>\t\t\t\t<\/div>\n\t\t\t\t<\/div>\n\t\t\t\t<div class=\"elementor-element elementor-element-339a8b2 elementor-widget elementor-widget-text-editor\" data-id=\"339a8b2\" data-element_type=\"widget\" data-e-type=\"widget\" data-widget_type=\"text-editor.default\">\n\t\t\t\t<div class=\"elementor-widget-container\">\n\t\t\t\t\t\t\t\t\t<p>Agimos com integridade, responsabilidade e empatia, promovendo sempre a qualidade, a excel\u00eancia cl\u00ednica e a melhoria cont\u00ednua em cada etapa do tratamento.<\/p>\t\t\t\t\t\t\t\t<\/div>\n\t\t\t\t<\/div>\n\t\t\t\t<div class=\"elementor-element elementor-element-9c01b0d elementor-widget elementor-widget-button\" data-id=\"9c01b0d\" data-element_type=\"widget\" data-e-type=\"widget\" data-widget_type=\"button.default\">\n\t\t\t\t<div class=\"elementor-widget-container\">\n\t\t\t\t\t\t\t\t\t<div class=\"elementor-button-wrapper\">\n\t\t\t\t\t<a class=\"elementor-button elementor-button-link elementor-size-sm\" href=\"#valores\">\n\t\t\t\t\t\t<span class=\"elementor-button-content-wrapper\">\n\t\t\t\t\t\t\t\t\t<span class=\"elementor-button-text\">Leia mais<\/span>\n\t\t\t\t\t<\/span>\n\t\t\t\t\t<\/a>\n\t\t\t\t<\/div>\n\t\t\t\t\t\t\t\t<\/div>\n\t\t\t\t<\/div>\n\t\t\t\t<\/div>\n\t\t\t\t<\/div>\n\t\t\t\t\t<\/div>\n\t\t\t\t<\/div>\n\t\t<div class=\"elementor-element elementor-element-52a2d2e e-flex e-con-boxed e-con e-parent\" data-id=\"52a2d2e\" data-element_type=\"container\" data-e-type=\"container\">\n\t\t\t\t\t<div class=\"e-con-inner\">\n\t\t<div class=\"elementor-element elementor-element-d7f226e e-con-full e-flex e-con e-child\" data-id=\"d7f226e\" data-element_type=\"container\" data-e-type=\"container\" id=\"mision\">\n\t\t\t\t<div class=\"elementor-element elementor-element-18739a7 elementor-widget elementor-widget-heading\" data-id=\"18739a7\" data-element_type=\"widget\" data-e-type=\"widget\" data-widget_type=\"heading.default\">\n\t\t\t\t<div class=\"elementor-widget-container\">\n\t\t\t\t\t<h3 class=\"elementor-heading-title elementor-size-default\">Miss\u00e3o<\/h3>\t\t\t\t<\/div>\n\t\t\t\t<\/div>\n\t\t\t\t<div class=\"elementor-element elementor-element-28cf8e8 elementor-widget elementor-widget-text-editor\" data-id=\"28cf8e8\" data-element_type=\"widget\" data-e-type=\"widget\" data-widget_type=\"text-editor.default\">\n\t\t\t\t<div class=\"elementor-widget-container\">\n\t\t\t\t\t\t\t\t\t<p>O objetivo do ICSEB \u00e9 se transformar em um\u00a0<strong>Centro de Refer\u00eancia Internacional<\/strong>\u00a0para o tratamento da Doen\u00e7a do Filum, difundindo mundialmente os resultados das nossas pesquisas em rela\u00e7\u00e3o \u00e0 causa e ao novo tratamento para:\u00a0<strong>S\u00edndrome de Arnold Chiari I, Siringomielia e Escoliose idiop\u00e1ticas, Invagina\u00e7\u00e3o basilar, Platibasia, Retroflex\u00e3o do odont\u00f3ide, Angula\u00e7\u00e3o do tronco cerebral<\/strong>\u00a0e outras doen\u00e7as associadas como\u00a0<strong>h\u00e9rnias de disco cervicais, dorsais e lombares; estenose do canal vertebral e diversos tipos de desvios idiop\u00e1ticos da coluna vertebral<\/strong>.<\/p><p>A nossa miss\u00e3o \u00e9 curar ou aliviar os sintomas destas doen\u00e7as, encontrando solu\u00e7\u00f5es para o paciente e lhe oferecer um tratamento \u00e0 sua enfermidade cerebral ou da coluna vertebral, da forma mais eficaz, com a melhor t\u00e9cnica (a menos invasiva poss\u00edvel), com uma recupera\u00e7\u00e3o r\u00e1pida e que seja aplicado o quanto antes.<\/p><p>Oferecemos um\u00a0<strong>diagn\u00f3stico de alta precis\u00e3o<\/strong>\u00a0e a aplica\u00e7\u00e3o de\u00a0<strong>t\u00e9cnicas de tratamento minimamente invasivas<\/strong>, conservando a m\u00e1xima efic\u00e1cia, para a melhoria e a manuten\u00e7\u00e3o da\u00a0<strong>qualidade de vida<\/strong>\u00a0dos pacientes.<\/p><p>Tamb\u00e9m procuramos incentivar o\u00a0<strong>comportamento \u00e9tico<\/strong>\u00a0na hora de se tomar decis\u00f5es, tanto no trabalho cl\u00ednico quanto no desenvolvimento de pesquisas, estabelecendo protocolos de atua\u00e7\u00e3o constatados a partir de evid\u00eancias cient\u00edficas. Tais protocolos s\u00e3o revisados e aperfei\u00e7oados de forma sistem\u00e1tica.<\/p>\t\t\t\t\t\t\t\t<\/div>\n\t\t\t\t<\/div>\n\t\t\t\t<\/div>\n\t\t<div class=\"elementor-element elementor-element-826211c e-con-full e-flex e-con e-child\" data-id=\"826211c\" data-element_type=\"container\" data-e-type=\"container\">\n\t\t<div class=\"elementor-element elementor-element-f2cf416 e-con-full e-flex e-con e-child\" data-id=\"f2cf416\" data-element_type=\"container\" data-e-type=\"container\" id=\"vision\">\n\t\t\t\t<div class=\"elementor-element elementor-element-d2cda5f elementor-widget elementor-widget-heading\" data-id=\"d2cda5f\" data-element_type=\"widget\" data-e-type=\"widget\" data-widget_type=\"heading.default\">\n\t\t\t\t<div class=\"elementor-widget-container\">\n\t\t\t\t\t<h3 class=\"elementor-heading-title elementor-size-default\">Vis\u00e3o<\/h3>\t\t\t\t<\/div>\n\t\t\t\t<\/div>\n\t\t\t\t<div class=\"elementor-element elementor-element-b53b104 elementor-widget elementor-widget-text-editor\" data-id=\"b53b104\" data-element_type=\"widget\" data-e-type=\"widget\" data-widget_type=\"text-editor.default\">\n\t\t\t\t<div class=\"elementor-widget-container\">\n\t\t\t\t\t\t\t\t\t<p>Oferecemos um tipo de\u00a0<strong>atendimento ao paciente<\/strong>\u00a0que prioriza uma vis\u00e3o abrangente da sua sa\u00fade, baseada sempre nas suas necessidades e expectativas, o que facilita a sua rela\u00e7\u00e3o e a sua alian\u00e7a terap\u00eautica com a equipe m\u00e9dica.<\/p><p>A nossa vis\u00e3o est\u00e1 focada nos resultados, o que fortalece o\u00a0<strong>aperfei\u00e7oamento cont\u00ednuo e a efici\u00eancia<\/strong>.<\/p><p>Fomentamos\u00a0<strong>a\u00a0pesquisa e o desenvolvimento<\/strong>\u00a0de novas tecnologias e estrat\u00e9gias cir\u00fargicas, em busca da excel\u00eancia nos campos cl\u00ednico e assistencial.<\/p><p>Esperamos que esta vis\u00e3o se desenvolva com o nossos projetos, com um crescimento de recursos tanto tecnol\u00f3gicos quanto humanos, al\u00e9m de um maior compromisso com todos os nossos usu\u00e1rios.<\/p>\t\t\t\t\t\t\t\t<\/div>\n\t\t\t\t<\/div>\n\t\t\t\t<\/div>\n\t\t<div class=\"elementor-element elementor-element-e5b43ec e-con-full e-flex e-con e-child\" data-id=\"e5b43ec\" data-element_type=\"container\" data-e-type=\"container\" id=\"valores\">\n\t\t\t\t<div class=\"elementor-element elementor-element-221b749 elementor-widget elementor-widget-heading\" data-id=\"221b749\" data-element_type=\"widget\" data-e-type=\"widget\" data-widget_type=\"heading.default\">\n\t\t\t\t<div class=\"elementor-widget-container\">\n\t\t\t\t\t<h3 class=\"elementor-heading-title elementor-size-default\">Valores<\/h3>\t\t\t\t<\/div>\n\t\t\t\t<\/div>\n\t\t\t\t<div class=\"elementor-element elementor-element-d5301ef elementor-widget elementor-widget-text-editor\" data-id=\"d5301ef\" data-element_type=\"widget\" data-e-type=\"widget\" data-widget_type=\"text-editor.default\">\n\t\t\t\t<div class=\"elementor-widget-container\">\n\t\t\t\t\t\t\t\t\t<p><strong>Integridade e honestidade<\/strong>: o interesse e a melhora da sa\u00fade do paciente est\u00e3o acima de tudo.<\/p><p><strong>Responsabilidade<\/strong>: reflex\u00e3o e avalia\u00e7\u00e3o das consequ\u00eancias da nossa atividade profissional.<\/p><p><strong>Compreens\u00e3o e empatia:<\/strong>\u00a0a nossa equipe se implica e respeita os sentimentos do paciente, j\u00e1 que nos colocamos em seu lugar. Ao mesmo tempo, trabalhamos para que o paciente e os seus familiares recebam as explica\u00e7\u00f5es oportunas sobre a sua doen\u00e7a, que lhes permitam tomar as decis\u00f5es a respeito, estando informados em todos os aspectos.<\/p><p><strong>Qualidade<\/strong>: promovemos o aperfei\u00e7oamento constante das nossas aptid\u00f5es e das nossas atitudes no exerc\u00edcio das nossas fun\u00e7\u00f5es e obriga\u00e7\u00f5es.<\/p><p><strong>Inova\u00e7\u00e3o terap\u00eautica, excel\u00eancia clinica e melhora cont\u00ednua:\u00a0<\/strong>a nossa equipe profissional especializada trabalha para que se alcance o mais alto n\u00edvel de desenvolvimento das qualidades humana, t\u00e9cnica e cient\u00edfica, e da efic\u00e1cia dos tratamentos propostos.<\/p>\t\t\t\t\t\t\t\t<\/div>\n\t\t\t\t<\/div>\n\t\t\t\t<\/div>\n\t\t\t\t<\/div>\n\t\t\t\t\t<\/div>\n\t\t\t\t<\/div>\n\t\t\t\t<\/div>\n\t\t","protected":false},"excerpt":{"rendered":"<p>Miss\u00e3o, Vis\u00e3o, Valores Fundado em 2008, o Institut Chiari &amp; Siringomielia &amp; Escoliosis de Barcelona (ICSEB) \u00e9 um centro m\u00e9dico e neurocir\u00fargico legalmente autorizado a aplicar o Filum System\u00ae. Al\u00e9m de atender a pacientes com doen\u00e7as cerebrais e na coluna vertebral, o ICSEB conta com uma equipe m\u00e9dica altamente especializada no tratamento de todas as [&hellip;]<\/p>\n","protected":false},"author":1,"featured_media":0,"parent":0,"menu_order":3,"comment_status":"closed","ping_status":"closed","template":"","meta":{"footnotes":""},"class_list":["post-59556","page","type-page","status-publish","hentry"],"yoast_head":"<!-- This site is optimized with the Yoast SEO plugin v27.1.1 - https:\/\/yoast.com\/product\/yoast-seo-wordpress\/ -->\n<title>Miss\u00e3o, Vis\u00e3o e Valores do ICSEB em Barcelona<\/title>\n<meta name=\"description\" content=\"ICSEB apresenta sua miss\u00e3o de tratamento eficaz, vis\u00e3o de excel\u00eancia cl\u00ednica e valores de integridade, empatia e inova\u00e7\u00e3o em neurocirurgia.\" \/>\n<meta name=\"robots\" content=\"index, follow, max-snippet:-1, max-image-preview:large, max-video-preview:-1\" \/>\n<link rel=\"canonical\" href=\"https:\/\/institutchiaribcn.com\/pt\/missao-visao-valores\/\" \/>\n<meta property=\"og:locale\" content=\"pt_PT\" \/>\n<meta property=\"og:type\" content=\"article\" \/>\n<meta property=\"og:title\" content=\"Miss\u00e3o, Vis\u00e3o e Valores do ICSEB em Barcelona\" \/>\n<meta property=\"og:description\" content=\"ICSEB apresenta sua miss\u00e3o de tratamento eficaz, vis\u00e3o de excel\u00eancia cl\u00ednica e valores de integridade, empatia e inova\u00e7\u00e3o em neurocirurgia.\" \/>\n<meta property=\"og:url\" content=\"https:\/\/institutchiaribcn.com\/pt\/missao-visao-valores\/\" \/>\n<meta property=\"og:site_name\" content=\"Institut Chiari\" \/>\n<meta property=\"article:modified_time\" content=\"2026-02-25T11:30:26+00:00\" \/>\n<meta name=\"twitter:card\" content=\"summary_large_image\" \/>\n<meta name=\"twitter:label1\" content=\"Tempo estimado de leitura\" \/>\n\t<meta name=\"twitter:data1\" content=\"3 minutos\" \/>\n<script type=\"application\/ld+json\" class=\"yoast-schema-graph\">{\"@context\":\"https:\/\/schema.org\",\"@graph\":[{\"@type\":\"WebPage\",\"@id\":\"https:\/\/institutchiaribcn.com\/pt\/missao-visao-valores\/\",\"url\":\"https:\/\/institutchiaribcn.com\/pt\/missao-visao-valores\/\",\"name\":\"Miss\u00e3o, Vis\u00e3o e Valores do ICSEB em Barcelona\",\"isPartOf\":{\"@id\":\"https:\/\/institutchiaribcn.com\/pt\/#website\"},\"datePublished\":\"2025-06-17T13:47:54+00:00\",\"dateModified\":\"2026-02-25T11:30:26+00:00\",\"description\":\"ICSEB apresenta sua miss\u00e3o de tratamento eficaz, vis\u00e3o de excel\u00eancia cl\u00ednica e valores de integridade, empatia e inova\u00e7\u00e3o em neurocirurgia.\",\"breadcrumb\":{\"@id\":\"https:\/\/institutchiaribcn.com\/pt\/missao-visao-valores\/#breadcrumb\"},\"inLanguage\":\"pt-PT\",\"potentialAction\":[{\"@type\":\"ReadAction\",\"target\":[\"https:\/\/institutchiaribcn.com\/pt\/missao-visao-valores\/\"]}]},{\"@type\":\"BreadcrumbList\",\"@id\":\"https:\/\/institutchiaribcn.com\/pt\/missao-visao-valores\/#breadcrumb\",\"itemListElement\":[{\"@type\":\"ListItem\",\"position\":1,\"name\":\"Portada\",\"item\":\"https:\/\/institutchiaribcn.com\/pt\/\"},{\"@type\":\"ListItem\",\"position\":2,\"name\":\"Miss\u00e3o, Vis\u00e3o, Valores\"}]},{\"@type\":\"WebSite\",\"@id\":\"https:\/\/institutchiaribcn.com\/pt\/#website\",\"url\":\"https:\/\/institutchiaribcn.com\/pt\/\",\"name\":\"Institut Chiari de Barcelona\",\"description\":\"\",\"publisher\":{\"@id\":\"https:\/\/institutchiaribcn.com\/pt\/#organization\"},\"potentialAction\":[{\"@type\":\"SearchAction\",\"target\":{\"@type\":\"EntryPoint\",\"urlTemplate\":\"https:\/\/institutchiaribcn.com\/pt\/?s={search_term_string}\"},\"query-input\":{\"@type\":\"PropertyValueSpecification\",\"valueRequired\":true,\"valueName\":\"search_term_string\"}}],\"inLanguage\":\"pt-PT\"},{\"@type\":\"Organization\",\"@id\":\"https:\/\/institutchiaribcn.com\/pt\/#organization\",\"name\":\"Institut Chiari de Barcelona\",\"url\":\"https:\/\/institutchiaribcn.com\/pt\/\",\"logo\":{\"@type\":\"ImageObject\",\"inLanguage\":\"pt-PT\",\"@id\":\"https:\/\/institutchiaribcn.com\/pt\/#\/schema\/logo\/image\/\",\"url\":\"https:\/\/institutchiaribcn.com\/wp-content\/uploads\/2025\/10\/cropped-cropped-icsebNavLogo-1.png\",\"contentUrl\":\"https:\/\/institutchiaribcn.com\/wp-content\/uploads\/2025\/10\/cropped-cropped-icsebNavLogo-1.png\",\"width\":245,\"height\":99,\"caption\":\"Institut Chiari de Barcelona\"},\"image\":{\"@id\":\"https:\/\/institutchiaribcn.com\/pt\/#\/schema\/logo\/image\/\"}}]}<\/script>\n<!-- \/ Yoast SEO plugin. -->","yoast_head_json":{"title":"Miss\u00e3o, Vis\u00e3o e Valores do ICSEB em Barcelona","description":"ICSEB apresenta sua miss\u00e3o de tratamento eficaz, vis\u00e3o de excel\u00eancia cl\u00ednica e valores de integridade, empatia e inova\u00e7\u00e3o em neurocirurgia.","robots":{"index":"index","follow":"follow","max-snippet":"max-snippet:-1","max-image-preview":"max-image-preview:large","max-video-preview":"max-video-preview:-1"},"canonical":"https:\/\/institutchiaribcn.com\/pt\/missao-visao-valores\/","og_locale":"pt_PT","og_type":"article","og_title":"Miss\u00e3o, Vis\u00e3o e Valores do ICSEB em Barcelona","og_description":"ICSEB apresenta sua miss\u00e3o de tratamento eficaz, vis\u00e3o de excel\u00eancia cl\u00ednica e valores de integridade, empatia e inova\u00e7\u00e3o em neurocirurgia.","og_url":"https:\/\/institutchiaribcn.com\/pt\/missao-visao-valores\/","og_site_name":"Institut Chiari","article_modified_time":"2026-02-25T11:30:26+00:00","twitter_card":"summary_large_image","twitter_misc":{"Tempo estimado de leitura":"3 minutos"},"schema":{"@context":"https:\/\/schema.org","@graph":[{"@type":"WebPage","@id":"https:\/\/institutchiaribcn.com\/pt\/missao-visao-valores\/","url":"https:\/\/institutchiaribcn.com\/pt\/missao-visao-valores\/","name":"Miss\u00e3o, Vis\u00e3o e Valores do ICSEB em Barcelona","isPartOf":{"@id":"https:\/\/institutchiaribcn.com\/pt\/#website"},"datePublished":"2025-06-17T13:47:54+00:00","dateModified":"2026-02-25T11:30:26+00:00","description":"ICSEB apresenta sua miss\u00e3o de tratamento eficaz, vis\u00e3o de excel\u00eancia cl\u00ednica e valores de integridade, empatia e inova\u00e7\u00e3o em neurocirurgia.","breadcrumb":{"@id":"https:\/\/institutchiaribcn.com\/pt\/missao-visao-valores\/#breadcrumb"},"inLanguage":"pt-PT","potentialAction":[{"@type":"ReadAction","target":["https:\/\/institutchiaribcn.com\/pt\/missao-visao-valores\/"]}]},{"@type":"BreadcrumbList","@id":"https:\/\/institutchiaribcn.com\/pt\/missao-visao-valores\/#breadcrumb","itemListElement":[{"@type":"ListItem","position":1,"name":"Portada","item":"https:\/\/institutchiaribcn.com\/pt\/"},{"@type":"ListItem","position":2,"name":"Miss\u00e3o, Vis\u00e3o, Valores"}]},{"@type":"WebSite","@id":"https:\/\/institutchiaribcn.com\/pt\/#website","url":"https:\/\/institutchiaribcn.com\/pt\/","name":"Institut Chiari de Barcelona","description":"","publisher":{"@id":"https:\/\/institutchiaribcn.com\/pt\/#organization"},"potentialAction":[{"@type":"SearchAction","target":{"@type":"EntryPoint","urlTemplate":"https:\/\/institutchiaribcn.com\/pt\/?s={search_term_string}"},"query-input":{"@type":"PropertyValueSpecification","valueRequired":true,"valueName":"search_term_string"}}],"inLanguage":"pt-PT"},{"@type":"Organization","@id":"https:\/\/institutchiaribcn.com\/pt\/#organization","name":"Institut Chiari de Barcelona","url":"https:\/\/institutchiaribcn.com\/pt\/","logo":{"@type":"ImageObject","inLanguage":"pt-PT","@id":"https:\/\/institutchiaribcn.com\/pt\/#\/schema\/logo\/image\/","url":"https:\/\/institutchiaribcn.com\/wp-content\/uploads\/2025\/10\/cropped-cropped-icsebNavLogo-1.png","contentUrl":"https:\/\/institutchiaribcn.com\/wp-content\/uploads\/2025\/10\/cropped-cropped-icsebNavLogo-1.png","width":245,"height":99,"caption":"Institut Chiari de Barcelona"},"image":{"@id":"https:\/\/institutchiaribcn.com\/pt\/#\/schema\/logo\/image\/"}}]}},"_links":{"self":[{"href":"https:\/\/institutchiaribcn.com\/pt\/wp-json\/wp\/v2\/pages\/59556","targetHints":{"allow":["GET"]}}],"collection":[{"href":"https:\/\/institutchiaribcn.com\/pt\/wp-json\/wp\/v2\/pages"}],"about":[{"href":"https:\/\/institutchiaribcn.com\/pt\/wp-json\/wp\/v2\/types\/page"}],"author":[{"embeddable":true,"href":"https:\/\/institutchiaribcn.com\/pt\/wp-json\/wp\/v2\/users\/1"}],"replies":[{"embeddable":true,"href":"https:\/\/institutchiaribcn.com\/pt\/wp-json\/wp\/v2\/comments?post=59556"}],"version-history":[{"count":1,"href":"https:\/\/institutchiaribcn.com\/pt\/wp-json\/wp\/v2\/pages\/59556\/revisions"}],"predecessor-version":[{"id":146249,"href":"https:\/\/institutchiaribcn.com\/pt\/wp-json\/wp\/v2\/pages\/59556\/revisions\/146249"}],"wp:attachment":[{"href":"https:\/\/institutchiaribcn.com\/pt\/wp-json\/wp\/v2\/media?parent=59556"}],"curies":[{"name":"wp","href":"https:\/\/api.w.org\/{rel}","templated":true}]}}