{"id":41669,"date":"2025-06-18T08:54:45","date_gmt":"2025-06-18T06:54:45","guid":{"rendered":"https:\/\/dev.institutchiaribcn.com\/centros-acreditados\/"},"modified":"2026-04-02T10:10:40","modified_gmt":"2026-04-02T08:10:40","slug":"centros-certificados","status":"publish","type":"page","link":"https:\/\/institutchiaribcn.com\/pt\/centros-certificados\/","title":{"rendered":"Centros certificados"},"content":{"rendered":"\t\t<div data-elementor-type=\"wp-page\" data-elementor-id=\"41669\" class=\"elementor elementor-41669 elementor-242\" data-elementor-post-type=\"page\">\n\t\t\t\t<div class=\"elementor-element elementor-element-1367932 e-flex e-con-boxed e-con e-parent\" data-id=\"1367932\" data-element_type=\"container\" data-e-type=\"container\">\n\t\t\t\t\t<div class=\"e-con-inner\">\n\t\t<div class=\"elementor-element elementor-element-07272b0 e-con-full e-flex e-con e-child\" data-id=\"07272b0\" data-element_type=\"container\" data-e-type=\"container\">\n\t\t\t\t<div class=\"elementor-element elementor-element-e1612a0 elementor-widget elementor-widget-heading\" data-id=\"e1612a0\" data-element_type=\"widget\" data-e-type=\"widget\" data-widget_type=\"heading.default\">\n\t\t\t\t<div class=\"elementor-widget-container\">\n\t\t\t\t\t<h1 class=\"elementor-heading-title elementor-size-default\">Centros certificados<\/h1>\t\t\t\t<\/div>\n\t\t\t\t<\/div>\n\t\t\t\t<div class=\"elementor-element elementor-element-70a7ae2 elementor-widget elementor-widget-text-editor\" data-id=\"70a7ae2\" data-element_type=\"widget\" data-e-type=\"widget\" data-widget_type=\"text-editor.default\">\n\t\t\t\t<div class=\"elementor-widget-container\">\n\t\t\t\t\t\t\t\t\t<div class=\"jumbotron\"><p><strong>\u00bfO que significa ser um Centro Certificado?<\/strong><\/p><p>O certificado\u00a0<strong>Filum System<sup>\u00ae<\/sup>\u00a0(FS<sup>\u00ae<\/sup>)<\/strong>\u00a0\u00e9 uma marca de qualidade, que garante que o organismo, centro ou profissional que opta por este reconhecimento re\u00fane as condi\u00e7\u00f5es t\u00e9cnicas, cient\u00edficas e pessoais que o m\u00e9todo\u00a0<strong>Filum System<sup>\u00ae<\/sup><\/strong>\u00a0requer.<\/p><p>Este selo de garantia \u00e9 dado pela Filum Academy Barcelona\u00ae, centro ligado ao\u00a0<strong>\u201cInstitut Chiari &amp; Siringomielia &amp; Escoliosis de Barcelona (ICSEB) \u201d<\/strong>, cuja miss\u00e3o \u00e9 a promo\u00e7\u00e3o, divulga\u00e7\u00e3o e capacita\u00e7\u00e3o sobre a teoria e os tratamentos da \u201cDoen\u00e7a do Filum\u201d.<\/p><\/div>\t\t\t\t\t\t\t\t<\/div>\n\t\t\t\t<\/div>\n\t\t\t\t<\/div>\n\t\t<div class=\"elementor-element elementor-element-3459904 e-con-full e-flex e-con e-child\" data-id=\"3459904\" data-element_type=\"container\" data-e-type=\"container\">\n\t\t<div class=\"elementor-element elementor-element-919675b e-con-full e-flex e-con e-child\" data-id=\"919675b\" data-element_type=\"container\" data-e-type=\"container\" data-settings=\"{&quot;background_background&quot;:&quot;classic&quot;}\">\n\t\t\t\t<div class=\"elementor-element elementor-element-d4e763a elementor-widget elementor-widget-image\" data-id=\"d4e763a\" data-element_type=\"widget\" data-e-type=\"widget\" data-widget_type=\"image.default\">\n\t\t\t\t<div class=\"elementor-widget-container\">\n\t\t\t\t\t\t\t\t\t\t\t\t\t\t\t<img fetchpriority=\"high\" decoding=\"async\" width=\"237\" height=\"213\" src=\"https:\/\/institutchiaribcn.com\/wp-content\/uploads\/2025\/06\/logo-centrum-amg-finanse.jpg\" class=\"attachment-large size-large wp-image-2291\" alt=\"logo centrum amg finanse\" \/>\t\t\t\t\t\t\t\t\t\t\t\t\t\t\t<\/div>\n\t\t\t\t<\/div>\n\t\t\t\t<div class=\"elementor-element elementor-element-9365284 elementor-widget elementor-widget-heading\" data-id=\"9365284\" data-element_type=\"widget\" data-e-type=\"widget\" data-widget_type=\"heading.default\">\n\t\t\t\t<div class=\"elementor-widget-container\">\n\t\t\t\t\t<h3 class=\"elementor-heading-title elementor-size-default\">Centro M\u00e9dico AMG\n<\/h3>\t\t\t\t<\/div>\n\t\t\t\t<\/div>\n\t\t\t\t<div class=\"elementor-element elementor-element-1c6f6aa elementor-widget elementor-widget-text-editor\" data-id=\"1c6f6aa\" data-element_type=\"widget\" data-e-type=\"widget\" data-widget_type=\"text-editor.default\">\n\t\t\t\t<div class=\"elementor-widget-container\">\n\t\t\t\t\t\t\t\t\tCada centro certificado cumpre rigorosos padr\u00f5es cient\u00edficos e t\u00e9cnicos, garantindo um tratamento seguro e atualizado segundo o m\u00e9todo Filum System<sup>\u00ae<\/sup>.\t\t\t\t\t\t\t\t<\/div>\n\t\t\t\t<\/div>\n\t\t\t\t<div class=\"elementor-element elementor-element-dcab314 elementor-widget elementor-widget-button\" data-id=\"dcab314\" data-element_type=\"widget\" data-e-type=\"widget\" data-widget_type=\"button.default\">\n\t\t\t\t<div class=\"elementor-widget-container\">\n\t\t\t\t\t\t\t\t\t<div class=\"elementor-button-wrapper\">\n\t\t\t\t\t<a class=\"elementor-button elementor-button-link elementor-size-sm\" href=\"#hospital\">\n\t\t\t\t\t\t<span class=\"elementor-button-content-wrapper\">\n\t\t\t\t\t\t\t\t\t<span class=\"elementor-button-text\">Ver mais<\/span>\n\t\t\t\t\t<\/span>\n\t\t\t\t\t<\/a>\n\t\t\t\t<\/div>\n\t\t\t\t\t\t\t\t<\/div>\n\t\t\t\t<\/div>\n\t\t\t\t<\/div>\n\t\t\t\t<\/div>\n\t\t\t\t\t<\/div>\n\t\t\t\t<\/div>\n\t\t<div class=\"elementor-element elementor-element-a625abf e-flex e-con-boxed e-con e-parent\" data-id=\"a625abf\" data-element_type=\"container\" data-e-type=\"container\" id=\"hospital\" data-settings=\"{&quot;background_background&quot;:&quot;classic&quot;}\">\n\t\t\t\t\t<div class=\"e-con-inner\">\n\t\t<div class=\"elementor-element elementor-element-60c5662 e-con-full e-flex e-con e-child\" data-id=\"60c5662\" data-element_type=\"container\" data-e-type=\"container\">\n\t\t\t\t<div class=\"elementor-element elementor-element-5b7a131 elementor-widget elementor-widget-heading\" data-id=\"5b7a131\" data-element_type=\"widget\" data-e-type=\"widget\" data-widget_type=\"heading.default\">\n\t\t\t\t<div class=\"elementor-widget-container\">\n\t\t\t\t\t<h2 class=\"elementor-heading-title elementor-size-default\">Hospital Regional AMG Centrum Medyczne, Ryki, voivodia de Lublin, Pol\u00f3nia<\/h2>\t\t\t\t<\/div>\n\t\t\t\t<\/div>\n\t\t\t\t<div class=\"elementor-element elementor-element-e335207 elementor-widget elementor-widget-text-editor\" data-id=\"e335207\" data-element_type=\"widget\" data-e-type=\"widget\" data-widget_type=\"text-editor.default\">\n\t\t\t\t<div class=\"elementor-widget-container\">\n\t\t\t\t\t\t\t\t\t<p><strong>HISTORIA DEL AMG CENTRUM MEDYCZNE<\/strong><\/p><p>Desde 1 de junho de 2013, o Centrum Medyczne AMG \u00e9 respons\u00e1vel pelo hospital geral da cidade de Ryki, situada a meio caminho entre a capital da Pol\u00f3nia, Vars\u00f3via (90 km), e a capital da voivodia de Lublin (60 km). O hospital regional AMG Centrum Medyczne disp\u00f5e de 64 camas e d\u00e1 continuidade \u00e0 tradi\u00e7\u00e3o e atividade do antigo hospital nacional (ZOZ Ryki) e, posteriormente, do hospital aut\u00f3nomo (SPZOZ Ryki), criado neste local em 1957.<\/p><p>Nas suas 4 unidades (medicina interna, ginecologia, cirurgia geral e traum\u00e1tica) s\u00e3o tratados, em m\u00e9dia, 9.000 pacientes por ano, sendo realizadas cerca de 1.050 interven\u00e7\u00f5es cir\u00fargicas anuais (incluindo cirurgias maiores e laparosc\u00f3picas), entre as quais cirurgias da coluna vertebral (prof. Krzysztof Turowski). O diagn\u00f3stico e o tratamento pr\u00e9 e p\u00f3s-operat\u00f3rio s\u00e3o realizados em consultas especializadas e laborat\u00f3rios de diagn\u00f3stico (endoscopia, ecografia, ecocardiografia, espirometria, RX, TAC, etc.), que integram a estrutura funcional do hospital, com cerca de 25.000 pacientes atendidos anualmente.<\/p><p>O hospital, gra\u00e7as \u00e0 colabora\u00e7\u00e3o cont\u00ednua com especialistas de v\u00e1rias \u00e1reas m\u00e9dicas (cardiologia, neurocirurgia, neurologia, endocrinologia, traumatologia, ortopedia, urologia, pneumologia, cirurgia oncol\u00f3gica), presta servi\u00e7os que v\u00e3o al\u00e9m das quatro especialidades b\u00e1sicas referidas no primeiro par\u00e1grafo, respondendo \u00e0s necessidades m\u00e9dicas da popula\u00e7\u00e3o do munic\u00edpio de Ryki, bem como de outras regi\u00f5es e cidades polacas.<\/p><p>Os servi\u00e7os s\u00e3o prestados ao abrigo de um contrato com o sistema nacional de sa\u00fade (Narodowy Fundusz Zdrowia \u2013 NFZ) e, no caso de servi\u00e7os n\u00e3o inclu\u00eddos nesse contrato, os custos s\u00e3o suportados pelo pr\u00f3prio paciente.<\/p>\t\t\t\t\t\t\t\t<\/div>\n\t\t\t\t<\/div>\n\t\t\t\t<\/div>\n\t\t<div class=\"elementor-element elementor-element-152a7da e-con-full e-flex e-con e-child\" data-id=\"152a7da\" data-element_type=\"container\" data-e-type=\"container\">\n\t\t<div class=\"elementor-element elementor-element-c6307c9 e-con-full e-flex e-con e-child\" data-id=\"c6307c9\" data-element_type=\"container\" data-e-type=\"container\" data-settings=\"{&quot;sticky&quot;:&quot;top&quot;,&quot;sticky_on&quot;:[&quot;desktop&quot;,&quot;tablet&quot;],&quot;sticky_offset&quot;:140,&quot;sticky_parent&quot;:&quot;yes&quot;,&quot;sticky_effects_offset&quot;:0,&quot;sticky_anchor_link_offset&quot;:0}\">\n\t\t\t\t<div class=\"elementor-element elementor-element-50164a3 elementor-widget elementor-widget-image\" data-id=\"50164a3\" data-element_type=\"widget\" data-e-type=\"widget\" data-widget_type=\"image.default\">\n\t\t\t\t<div class=\"elementor-widget-container\">\n\t\t\t\t\t\t\t\t\t\t\t\t\t\t\t<img decoding=\"async\" width=\"200\" height=\"300\" src=\"https:\/\/institutchiaribcn.com\/wp-content\/uploads\/2025\/06\/Lek_med_Marek_Wojtowicz.png\" class=\"attachment-large size-large wp-image-2326\" alt=\"Lek med Marek Wojtowicz\" \/>\t\t\t\t\t\t\t\t\t\t\t\t\t\t\t<\/div>\n\t\t\t\t<\/div>\n\t\t\t\t<div class=\"elementor-element elementor-element-002c115 elementor-widget elementor-widget-heading\" data-id=\"002c115\" data-element_type=\"widget\" data-e-type=\"widget\" data-widget_type=\"heading.default\">\n\t\t\t\t<div class=\"elementor-widget-container\">\n\t\t\t\t\t<h3 class=\"elementor-heading-title elementor-size-default\">Dr. Marek W\u00f3jtowicz<\/h3>\t\t\t\t<\/div>\n\t\t\t\t<\/div>\n\t\t\t\t<div class=\"elementor-element elementor-element-89cde3b elementor-widget elementor-widget-text-editor\" data-id=\"89cde3b\" data-element_type=\"widget\" data-e-type=\"widget\" data-widget_type=\"text-editor.default\">\n\t\t\t\t<div class=\"elementor-widget-container\">\n\t\t\t\t\t\t\t\t\t<p>AMG CENTRUM MEDYCZNE<\/p>\t\t\t\t\t\t\t\t<\/div>\n\t\t\t\t<\/div>\n\t\t\t\t<div class=\"elementor-element elementor-element-0d3ec30 elementor-widget elementor-widget-button\" data-id=\"0d3ec30\" data-element_type=\"widget\" data-e-type=\"widget\" data-widget_type=\"button.default\">\n\t\t\t\t<div class=\"elementor-widget-container\">\n\t\t\t\t\t\t\t\t\t<div class=\"elementor-button-wrapper\">\n\t\t\t\t\t<a class=\"elementor-button elementor-button-link elementor-size-sm\" href=\"https:\/\/institutchiaribcn.com\/wp-content\/uploads\/2025\/06\/Marek_Wojtowicz_CV_en_Jan_2016.pdf\" target=\"_blank\">\n\t\t\t\t\t\t<span class=\"elementor-button-content-wrapper\">\n\t\t\t\t\t\t\t\t\t<span class=\"elementor-button-text\">Curr\u00edculum vitae<\/span>\n\t\t\t\t\t<\/span>\n\t\t\t\t\t<\/a>\n\t\t\t\t<\/div>\n\t\t\t\t\t\t\t\t<\/div>\n\t\t\t\t<\/div>\n\t\t\t\t<\/div>\n\t\t\t\t<\/div>\n\t\t\t\t\t<\/div>\n\t\t\t\t<\/div>\n\t\t<div class=\"elementor-element elementor-element-f02b35b e-con-full e-flex e-con e-parent\" data-id=\"f02b35b\" data-element_type=\"container\" data-e-type=\"container\">\n\t\t<div class=\"elementor-element elementor-element-35d9ce1 e-con-full e-flex e-con e-child\" data-id=\"35d9ce1\" data-element_type=\"container\" data-e-type=\"container\" data-settings=\"{&quot;background_background&quot;:&quot;classic&quot;}\">\n\t\t\t\t<div class=\"elementor-element elementor-element-c2c39de elementor-widget elementor-widget-heading\" data-id=\"c2c39de\" data-element_type=\"widget\" data-e-type=\"widget\" data-widget_type=\"heading.default\">\n\t\t\t\t<div class=\"elementor-widget-container\">\n\t\t\t\t\t<h2 class=\"elementor-heading-title elementor-size-default\">Centro M\u00e9dico Acreditado em Ryki<\/h2>\t\t\t\t<\/div>\n\t\t\t\t<\/div>\n\t\t\t\t<div class=\"elementor-element elementor-element-7e6b03a elementor-widget elementor-widget-text-editor\" data-id=\"7e6b03a\" data-element_type=\"widget\" data-e-type=\"widget\" data-widget_type=\"text-editor.default\">\n\t\t\t\t<div class=\"elementor-widget-container\">\n\t\t\t\t\t\t\t\t\t<p>Desde 2013, o AMG Centrum Medyczne administra o hospital da cidade, oferecendo atendimento m\u00e9dico multidisciplinar com tecnologia diagn\u00f3stica avan\u00e7ada.<\/p>\t\t\t\t\t\t\t\t<\/div>\n\t\t\t\t<\/div>\n\t\t\t\t<div class=\"elementor-element elementor-element-b7b36a1 elementor-icon-list--layout-traditional elementor-list-item-link-full_width elementor-widget elementor-widget-icon-list\" data-id=\"b7b36a1\" data-element_type=\"widget\" data-e-type=\"widget\" data-widget_type=\"icon-list.default\">\n\t\t\t\t<div class=\"elementor-widget-container\">\n\t\t\t\t\t\t\t<ul class=\"elementor-icon-list-items\">\n\t\t\t\t\t\t\t<li class=\"elementor-icon-list-item\">\n\t\t\t\t\t\t\t\t\t\t\t<span class=\"elementor-icon-list-icon\">\n\t\t\t\t\t\t\t<svg aria-hidden=\"true\" class=\"e-font-icon-svg e-far-hospital\" viewBox=\"0 0 448 512\" xmlns=\"http:\/\/www.w3.org\/2000\/svg\"><path d=\"M128 244v-40c0-6.627 5.373-12 12-12h40c6.627 0 12 5.373 12 12v40c0 6.627-5.373 12-12 12h-40c-6.627 0-12-5.373-12-12zm140 12h40c6.627 0 12-5.373 12-12v-40c0-6.627-5.373-12-12-12h-40c-6.627 0-12 5.373-12 12v40c0 6.627 5.373 12 12 12zm-76 84v-40c0-6.627-5.373-12-12-12h-40c-6.627 0-12 5.373-12 12v40c0 6.627 5.373 12 12 12h40c6.627 0 12-5.373 12-12zm76 12h40c6.627 0 12-5.373 12-12v-40c0-6.627-5.373-12-12-12h-40c-6.627 0-12 5.373-12 12v40c0 6.627 5.373 12 12 12zm180 124v36H0v-36c0-6.627 5.373-12 12-12h19.5V85.035C31.5 73.418 42.245 64 55.5 64H144V24c0-13.255 10.745-24 24-24h112c13.255 0 24 10.745 24 24v40h88.5c13.255 0 24 9.418 24 21.035V464H436c6.627 0 12 5.373 12 12zM79.5 463H192v-67c0-6.627 5.373-12 12-12h40c6.627 0 12 5.373 12 12v67h112.5V112H304v24c0 13.255-10.745 24-24 24H168c-13.255 0-24-10.745-24-24v-24H79.5v351zM266 64h-26V38a6 6 0 0 0-6-6h-20a6 6 0 0 0-6 6v26h-26a6 6 0 0 0-6 6v20a6 6 0 0 0 6 6h26v26a6 6 0 0 0 6 6h20a6 6 0 0 0 6-6V96h26a6 6 0 0 0 6-6V70a6 6 0 0 0-6-6z\"><\/path><\/svg>\t\t\t\t\t\t<\/span>\n\t\t\t\t\t\t\t\t\t\t<span class=\"elementor-icon-list-text\">Szpital Powiatowy AMG Centrum Medyczne<\/span>\n\t\t\t\t\t\t\t\t\t<\/li>\n\t\t\t\t\t\t\t\t<li class=\"elementor-icon-list-item\">\n\t\t\t\t\t\t\t\t\t\t\t<a href=\"https:\/\/www.google.com\/maps\/place\/Amg+Centrum+Medyczne+Sp.+Z+O.o.\/@51.766104,20.259456,1357m\/data=!3m1!1e3!4m6!3m5!1s0x47197051f9f1ecc1:0xfafe080455845174!8m2!3d51.7661035!4d20.2594557!16s%2Fg%2F11hzwbqfsb?hl=es&#038;entry=ttu&#038;g_ep=EgoyMDI1MDYxNi4wIKXMDSoASAFQAw%3D%3D\">\n\n\t\t\t\t\t\t\t\t\t\t\t\t<span class=\"elementor-icon-list-icon\">\n\t\t\t\t\t\t\t<svg aria-hidden=\"true\" class=\"e-font-icon-svg e-fas-map-marker-alt\" viewBox=\"0 0 384 512\" xmlns=\"http:\/\/www.w3.org\/2000\/svg\"><path d=\"M172.268 501.67C26.97 291.031 0 269.413 0 192 0 85.961 85.961 0 192 0s192 85.961 192 192c0 77.413-26.97 99.031-172.268 309.67-9.535 13.774-29.93 13.773-39.464 0zM192 272c44.183 0 80-35.817 80-80s-35.817-80-80-80-80 35.817-80 80 35.817 80 80 80z\"><\/path><\/svg>\t\t\t\t\t\t<\/span>\n\t\t\t\t\t\t\t\t\t\t<span class=\"elementor-icon-list-text\">Ryki 08-500 ul. \u017bytnia 23, Polska<\/span>\n\t\t\t\t\t\t\t\t\t\t\t<\/a>\n\t\t\t\t\t\t\t\t\t<\/li>\n\t\t\t\t\t\t<\/ul>\n\t\t\t\t\t\t<\/div>\n\t\t\t\t<\/div>\n\t\t\t\t<\/div>\n\t\t<div class=\"elementor-element elementor-element-17c367a e-con-full e-flex e-con e-child\" data-id=\"17c367a\" data-element_type=\"container\" data-e-type=\"container\">\n\t\t\t\t<div class=\"elementor-element elementor-element-9ad9239 elementor-widget elementor-widget-google_maps\" data-id=\"9ad9239\" data-element_type=\"widget\" data-e-type=\"widget\" data-widget_type=\"google_maps.default\">\n\t\t\t\t<div class=\"elementor-widget-container\">\n\t\t\t\t\t\t\t<div class=\"elementor-custom-embed\">\n\t\t\t<iframe loading=\"lazy\"\n\t\t\t\t\tsrc=\"https:\/\/maps.google.com\/maps?q=Ryki%2008-500%20ul.%20%C5%BBytnia%2023%2C%20Polska&#038;t=m&#038;z=15&#038;output=embed&#038;iwloc=near\"\n\t\t\t\t\ttitle=\"Ryki 08-500 ul. \u017bytnia 23, Polska\"\n\t\t\t\t\taria-label=\"Ryki 08-500 ul. \u017bytnia 23, Polska\"\n\t\t\t><\/iframe>\n\t\t<\/div>\n\t\t\t\t\t\t<\/div>\n\t\t\t\t<\/div>\n\t\t\t\t<\/div>\n\t\t\t\t<\/div>\n\t\t\t\t<\/div>\n\t\t","protected":false},"excerpt":{"rendered":"<p>Centros certificados \u00bfO que significa ser um Centro Certificado? O certificado\u00a0Filum System\u00ae\u00a0(FS\u00ae)\u00a0\u00e9 uma marca de qualidade, que garante que o organismo, centro ou profissional que opta por este reconhecimento re\u00fane as condi\u00e7\u00f5es t\u00e9cnicas, cient\u00edficas e pessoais que o m\u00e9todo\u00a0Filum System\u00ae\u00a0requer. Este selo de garantia \u00e9 dado pela Filum Academy Barcelona\u00ae, centro ligado ao\u00a0\u201cInstitut Chiari &amp; [&hellip;]<\/p>\n","protected":false},"author":1,"featured_media":0,"parent":0,"menu_order":24,"comment_status":"closed","ping_status":"closed","template":"","meta":{"footnotes":""},"class_list":["post-41669","page","type-page","status-publish","hentry"],"yoast_head":"<!-- This site is optimized with the Yoast SEO plugin v27.1.1 - https:\/\/yoast.com\/product\/yoast-seo-wordpress\/ -->\n<title>Centros certificados em Barcelona | Institut Chiari Barcelona<\/title>\n<meta name=\"description\" content=\"Centros certificados pelo ICSEB para diagn\u00f3stico, tratamento e apoio a pacientes com s\u00edndrome de Chiari e patologias da coluna.\" \/>\n<meta name=\"robots\" content=\"index, follow, max-snippet:-1, max-image-preview:large, max-video-preview:-1\" \/>\n<link rel=\"canonical\" href=\"https:\/\/institutchiaribcn.com\/pt\/centros-certificados\/\" \/>\n<meta property=\"og:locale\" content=\"pt_PT\" \/>\n<meta property=\"og:type\" content=\"article\" \/>\n<meta property=\"og:title\" content=\"Centros certificados em Barcelona | Institut Chiari Barcelona\" \/>\n<meta property=\"og:description\" content=\"Centros certificados pelo ICSEB para diagn\u00f3stico, tratamento e apoio a pacientes com s\u00edndrome de Chiari e patologias da coluna.\" \/>\n<meta property=\"og:url\" content=\"https:\/\/institutchiaribcn.com\/pt\/centros-certificados\/\" \/>\n<meta property=\"og:site_name\" content=\"Institut Chiari\" \/>\n<meta property=\"article:modified_time\" content=\"2026-04-02T08:10:40+00:00\" \/>\n<meta property=\"og:image\" content=\"https:\/\/institutchiaribcn.com\/wp-content\/uploads\/2025\/06\/logo-centrum-amg-finanse.jpg\" \/>\n<meta name=\"twitter:card\" content=\"summary_large_image\" \/>\n<meta name=\"twitter:label1\" content=\"Tempo estimado de leitura\" \/>\n\t<meta name=\"twitter:data1\" content=\"3 minutos\" \/>\n<script type=\"application\/ld+json\" class=\"yoast-schema-graph\">{\"@context\":\"https:\/\/schema.org\",\"@graph\":[{\"@type\":\"WebPage\",\"@id\":\"https:\/\/institutchiaribcn.com\/pt\/centros-certificados\/\",\"url\":\"https:\/\/institutchiaribcn.com\/pt\/centros-certificados\/\",\"name\":\"Centros certificados em Barcelona | Institut Chiari Barcelona\",\"isPartOf\":{\"@id\":\"https:\/\/institutchiaribcn.com\/pt\/#website\"},\"primaryImageOfPage\":{\"@id\":\"https:\/\/institutchiaribcn.com\/pt\/centros-certificados\/#primaryimage\"},\"image\":{\"@id\":\"https:\/\/institutchiaribcn.com\/pt\/centros-certificados\/#primaryimage\"},\"thumbnailUrl\":\"https:\/\/institutchiaribcn.com\/wp-content\/uploads\/2025\/06\/logo-centrum-amg-finanse.jpg\",\"datePublished\":\"2025-06-18T06:54:45+00:00\",\"dateModified\":\"2026-04-02T08:10:40+00:00\",\"description\":\"Centros certificados pelo ICSEB para diagn\u00f3stico, tratamento e apoio a pacientes com s\u00edndrome de Chiari e patologias da coluna.\",\"breadcrumb\":{\"@id\":\"https:\/\/institutchiaribcn.com\/pt\/centros-certificados\/#breadcrumb\"},\"inLanguage\":\"pt-PT\",\"potentialAction\":[{\"@type\":\"ReadAction\",\"target\":[\"https:\/\/institutchiaribcn.com\/pt\/centros-certificados\/\"]}]},{\"@type\":\"ImageObject\",\"inLanguage\":\"pt-PT\",\"@id\":\"https:\/\/institutchiaribcn.com\/pt\/centros-certificados\/#primaryimage\",\"url\":\"https:\/\/institutchiaribcn.com\/wp-content\/uploads\/2025\/06\/logo-centrum-amg-finanse.jpg\",\"contentUrl\":\"https:\/\/institutchiaribcn.com\/wp-content\/uploads\/2025\/06\/logo-centrum-amg-finanse.jpg\"},{\"@type\":\"BreadcrumbList\",\"@id\":\"https:\/\/institutchiaribcn.com\/pt\/centros-certificados\/#breadcrumb\",\"itemListElement\":[{\"@type\":\"ListItem\",\"position\":1,\"name\":\"Portada\",\"item\":\"https:\/\/institutchiaribcn.com\/pt\/\"},{\"@type\":\"ListItem\",\"position\":2,\"name\":\"Centros certificados\"}]},{\"@type\":\"WebSite\",\"@id\":\"https:\/\/institutchiaribcn.com\/pt\/#website\",\"url\":\"https:\/\/institutchiaribcn.com\/pt\/\",\"name\":\"Institut Chiari de Barcelona\",\"description\":\"\",\"publisher\":{\"@id\":\"https:\/\/institutchiaribcn.com\/pt\/#organization\"},\"potentialAction\":[{\"@type\":\"SearchAction\",\"target\":{\"@type\":\"EntryPoint\",\"urlTemplate\":\"https:\/\/institutchiaribcn.com\/pt\/?s={search_term_string}\"},\"query-input\":{\"@type\":\"PropertyValueSpecification\",\"valueRequired\":true,\"valueName\":\"search_term_string\"}}],\"inLanguage\":\"pt-PT\"},{\"@type\":\"Organization\",\"@id\":\"https:\/\/institutchiaribcn.com\/pt\/#organization\",\"name\":\"Institut Chiari de Barcelona\",\"url\":\"https:\/\/institutchiaribcn.com\/pt\/\",\"logo\":{\"@type\":\"ImageObject\",\"inLanguage\":\"pt-PT\",\"@id\":\"https:\/\/institutchiaribcn.com\/pt\/#\/schema\/logo\/image\/\",\"url\":\"https:\/\/institutchiaribcn.com\/wp-content\/uploads\/2025\/10\/cropped-cropped-icsebNavLogo-1.png\",\"contentUrl\":\"https:\/\/institutchiaribcn.com\/wp-content\/uploads\/2025\/10\/cropped-cropped-icsebNavLogo-1.png\",\"width\":245,\"height\":99,\"caption\":\"Institut Chiari de Barcelona\"},\"image\":{\"@id\":\"https:\/\/institutchiaribcn.com\/pt\/#\/schema\/logo\/image\/\"}}]}<\/script>\n<!-- \/ Yoast SEO plugin. -->","yoast_head_json":{"title":"Centros certificados em Barcelona | Institut Chiari Barcelona","description":"Centros certificados pelo ICSEB para diagn\u00f3stico, tratamento e apoio a pacientes com s\u00edndrome de Chiari e patologias da coluna.","robots":{"index":"index","follow":"follow","max-snippet":"max-snippet:-1","max-image-preview":"max-image-preview:large","max-video-preview":"max-video-preview:-1"},"canonical":"https:\/\/institutchiaribcn.com\/pt\/centros-certificados\/","og_locale":"pt_PT","og_type":"article","og_title":"Centros certificados em Barcelona | Institut Chiari Barcelona","og_description":"Centros certificados pelo ICSEB para diagn\u00f3stico, tratamento e apoio a pacientes com s\u00edndrome de Chiari e patologias da coluna.","og_url":"https:\/\/institutchiaribcn.com\/pt\/centros-certificados\/","og_site_name":"Institut Chiari","article_modified_time":"2026-04-02T08:10:40+00:00","og_image":[{"url":"https:\/\/institutchiaribcn.com\/wp-content\/uploads\/2025\/06\/logo-centrum-amg-finanse.jpg","type":"","width":"","height":""}],"twitter_card":"summary_large_image","twitter_misc":{"Tempo estimado de leitura":"3 minutos"},"schema":{"@context":"https:\/\/schema.org","@graph":[{"@type":"WebPage","@id":"https:\/\/institutchiaribcn.com\/pt\/centros-certificados\/","url":"https:\/\/institutchiaribcn.com\/pt\/centros-certificados\/","name":"Centros certificados em Barcelona | Institut Chiari Barcelona","isPartOf":{"@id":"https:\/\/institutchiaribcn.com\/pt\/#website"},"primaryImageOfPage":{"@id":"https:\/\/institutchiaribcn.com\/pt\/centros-certificados\/#primaryimage"},"image":{"@id":"https:\/\/institutchiaribcn.com\/pt\/centros-certificados\/#primaryimage"},"thumbnailUrl":"https:\/\/institutchiaribcn.com\/wp-content\/uploads\/2025\/06\/logo-centrum-amg-finanse.jpg","datePublished":"2025-06-18T06:54:45+00:00","dateModified":"2026-04-02T08:10:40+00:00","description":"Centros certificados pelo ICSEB para diagn\u00f3stico, tratamento e apoio a pacientes com s\u00edndrome de Chiari e patologias da coluna.","breadcrumb":{"@id":"https:\/\/institutchiaribcn.com\/pt\/centros-certificados\/#breadcrumb"},"inLanguage":"pt-PT","potentialAction":[{"@type":"ReadAction","target":["https:\/\/institutchiaribcn.com\/pt\/centros-certificados\/"]}]},{"@type":"ImageObject","inLanguage":"pt-PT","@id":"https:\/\/institutchiaribcn.com\/pt\/centros-certificados\/#primaryimage","url":"https:\/\/institutchiaribcn.com\/wp-content\/uploads\/2025\/06\/logo-centrum-amg-finanse.jpg","contentUrl":"https:\/\/institutchiaribcn.com\/wp-content\/uploads\/2025\/06\/logo-centrum-amg-finanse.jpg"},{"@type":"BreadcrumbList","@id":"https:\/\/institutchiaribcn.com\/pt\/centros-certificados\/#breadcrumb","itemListElement":[{"@type":"ListItem","position":1,"name":"Portada","item":"https:\/\/institutchiaribcn.com\/pt\/"},{"@type":"ListItem","position":2,"name":"Centros certificados"}]},{"@type":"WebSite","@id":"https:\/\/institutchiaribcn.com\/pt\/#website","url":"https:\/\/institutchiaribcn.com\/pt\/","name":"Institut Chiari de Barcelona","description":"","publisher":{"@id":"https:\/\/institutchiaribcn.com\/pt\/#organization"},"potentialAction":[{"@type":"SearchAction","target":{"@type":"EntryPoint","urlTemplate":"https:\/\/institutchiaribcn.com\/pt\/?s={search_term_string}"},"query-input":{"@type":"PropertyValueSpecification","valueRequired":true,"valueName":"search_term_string"}}],"inLanguage":"pt-PT"},{"@type":"Organization","@id":"https:\/\/institutchiaribcn.com\/pt\/#organization","name":"Institut Chiari de Barcelona","url":"https:\/\/institutchiaribcn.com\/pt\/","logo":{"@type":"ImageObject","inLanguage":"pt-PT","@id":"https:\/\/institutchiaribcn.com\/pt\/#\/schema\/logo\/image\/","url":"https:\/\/institutchiaribcn.com\/wp-content\/uploads\/2025\/10\/cropped-cropped-icsebNavLogo-1.png","contentUrl":"https:\/\/institutchiaribcn.com\/wp-content\/uploads\/2025\/10\/cropped-cropped-icsebNavLogo-1.png","width":245,"height":99,"caption":"Institut Chiari de Barcelona"},"image":{"@id":"https:\/\/institutchiaribcn.com\/pt\/#\/schema\/logo\/image\/"}}]}},"_links":{"self":[{"href":"https:\/\/institutchiaribcn.com\/pt\/wp-json\/wp\/v2\/pages\/41669","targetHints":{"allow":["GET"]}}],"collection":[{"href":"https:\/\/institutchiaribcn.com\/pt\/wp-json\/wp\/v2\/pages"}],"about":[{"href":"https:\/\/institutchiaribcn.com\/pt\/wp-json\/wp\/v2\/types\/page"}],"author":[{"embeddable":true,"href":"https:\/\/institutchiaribcn.com\/pt\/wp-json\/wp\/v2\/users\/1"}],"replies":[{"embeddable":true,"href":"https:\/\/institutchiaribcn.com\/pt\/wp-json\/wp\/v2\/comments?post=41669"}],"version-history":[{"count":2,"href":"https:\/\/institutchiaribcn.com\/pt\/wp-json\/wp\/v2\/pages\/41669\/revisions"}],"predecessor-version":[{"id":146382,"href":"https:\/\/institutchiaribcn.com\/pt\/wp-json\/wp\/v2\/pages\/41669\/revisions\/146382"}],"wp:attachment":[{"href":"https:\/\/institutchiaribcn.com\/pt\/wp-json\/wp\/v2\/media?parent=41669"}],"curies":[{"name":"wp","href":"https:\/\/api.w.org\/{rel}","templated":true}]}}