{"id":146946,"date":"2026-02-03T15:35:25","date_gmt":"2026-02-03T14:35:25","guid":{"rendered":"https:\/\/institutchiaribcn.com\/convenios-e-vantagens\/convenio-de-cooperacion-educativa-practicas-academicas-ub-icseb\/"},"modified":"2026-03-17T13:11:03","modified_gmt":"2026-03-17T12:11:03","slug":"convenio-cooperacao-educativa-estagios-externos-universidade-barcelona-icseb","status":"publish","type":"page","link":"https:\/\/institutchiaribcn.com\/pt\/convenios-e-vantagens\/convenio-cooperacao-educativa-estagios-externos-universidade-barcelona-icseb\/","title":{"rendered":"Conv\u00e9nio de coopera\u00e7\u00e3o educativa para est\u00e1gios acad\u00e9micos externos entre a Universidade de Barcelona (UB) e o Institut Chiari &#038; Siringomielia &#038; Escoliosis de Barcelona (ICSEB)"},"content":{"rendered":"\t\t<div data-elementor-type=\"wp-page\" data-elementor-id=\"146946\" class=\"elementor elementor-146946 elementor-144408\" data-elementor-post-type=\"page\">\n\t\t\t\t<div class=\"elementor-element elementor-element-a790450 e-flex e-con-boxed e-con e-parent\" data-id=\"a790450\" data-element_type=\"container\" data-e-type=\"container\" data-settings=\"{&quot;background_background&quot;:&quot;classic&quot;}\">\n\t\t\t\t\t<div class=\"e-con-inner\">\n\t\t<div class=\"elementor-element elementor-element-d124f4e e-con-full e-flex e-con e-child\" data-id=\"d124f4e\" data-element_type=\"container\" data-e-type=\"container\">\n\t\t\t\t<\/div>\n\t\t<div class=\"elementor-element elementor-element-4df7838 e-con-full e-flex e-con e-child\" data-id=\"4df7838\" data-element_type=\"container\" data-e-type=\"container\">\n\t\t\t\t<div class=\"elementor-element elementor-element-27d48d9 elementor-widget elementor-widget-heading\" data-id=\"27d48d9\" data-element_type=\"widget\" data-e-type=\"widget\" data-widget_type=\"heading.default\">\n\t\t\t\t<div class=\"elementor-widget-container\">\n\t\t\t\t\t<h1 class=\"elementor-heading-title elementor-size-default\">Conv\u00e9nio de coopera\u00e7\u00e3o educativa para est\u00e1gios acad\u00e9micos externos entre a Universidade de Barcelona (UB) e o Institut Chiari &amp; Siringomielia &amp; Escoliosis de Barcelona (ICSEB)<\/h1>\t\t\t\t<\/div>\n\t\t\t\t<\/div>\n\t\t\t\t<div class=\"elementor-element elementor-element-d72c0a0 elementor-widget elementor-widget-text-editor\" data-id=\"d72c0a0\" data-element_type=\"widget\" data-e-type=\"widget\" data-widget_type=\"text-editor.default\">\n\t\t\t\t<div class=\"elementor-widget-container\">\n\t\t\t\t\t\t\t\t\t<p><strong>O nosso centro de sa\u00fade (ICSEB) \u00e9 uma entidade colaboradora externa da Faculdade de Biologia da UB<\/strong> desde o ano de 2018, atrav\u00e9s de um conv\u00e9nio cujo objetivo \u00e9 oferecer <strong>est\u00e1gios acad\u00e9micos externos aos estudantes.<\/strong><\/p><p>Neste \u00e2mbito, o Departamento de P+D do ICSEB acolhe, em cada ano letivo, estudantes ou licenciados das faculdades de Biologia, Biomedicina e Biotecnologia, oferecendo-lhes a oportunidade de integrar a equipa de investiga\u00e7\u00e3o do Dr. M. B. Royo Salvador, com o objetivo de desenvolver as suas capacidades cient\u00edficas e de investiga\u00e7\u00e3o, em conjunto com os profissionais do Instituto.<\/p><p>O projeto comum envolve v\u00e1rias <strong>finalidades<\/strong>: <strong>formativas<\/strong>, dotando os participantes de conhecimentos b\u00e1sicos e especializados; <strong>preparat\u00f3rias<\/strong>, atrav\u00e9s do acesso \u00e0s nossas linhas de investiga\u00e7\u00e3o; <strong>executivas<\/strong>, relativas \u00e0 elabora\u00e7\u00e3o dos trabalhos atribu\u00eddos; e de <strong>divulga\u00e7\u00e3o<\/strong>, mediante a participa\u00e7\u00e3o na difus\u00e3o dos resultados sob a forma de publica\u00e7\u00f5es, confer\u00eancias e\/ou simp\u00f3sios.<\/p><p>Por um lado, esta experi\u00eancia de colabora\u00e7\u00e3o estreita proporciona-nos o contributo da criatividade, compet\u00eancia e conhecimentos de jovens mentes brilhantes, que continuam a aportar novas ideias e ferramentas aos nossos estudos de P+D.<\/p><p>Por outro lado, o ICSEB oferece vantagens e condi\u00e7\u00f5es que podem ser de interesse para estudantes universit\u00e1rios que desejem realizar os seus primeiros est\u00e1gios num centro m\u00e9dico de excel\u00eancia, iniciando a sua carreira profissional junto de uma equipa de investiga\u00e7\u00e3o altamente especializada.<\/p><p>Se estiverem interessados em participar, poder\u00e3o encontrar as nossas ofertas na <em>plataforma GIPE <\/em>da Faculdade de Biologia da UB e, igualmente, contactar o servi\u00e7o de <strong><em>Convenis i PF<\/em><\/strong> para esclarecer qualquer d\u00favida.<\/p>\t\t\t\t\t\t\t\t<\/div>\n\t\t\t\t<\/div>\n\t\t\t\t<\/div>\n\t\t\t\t\t<\/div>\n\t\t\t\t<\/div>\n\t\t\t\t<\/div>\n\t\t","protected":false},"excerpt":{"rendered":"<p>Conv\u00e9nio de coopera\u00e7\u00e3o educativa para est\u00e1gios acad\u00e9micos externos entre a Universidade de Barcelona (UB) e o Institut Chiari &amp; Siringomielia &amp; Escoliosis de Barcelona (ICSEB) O nosso centro de sa\u00fade (ICSEB) \u00e9 uma entidade colaboradora externa da Faculdade de Biologia da UB desde o ano de 2018, atrav\u00e9s de um conv\u00e9nio cujo objetivo \u00e9 oferecer [&hellip;]<\/p>\n","protected":false},"author":1,"featured_media":0,"parent":111451,"menu_order":14,"comment_status":"closed","ping_status":"closed","template":"","meta":{"footnotes":""},"class_list":["post-146946","page","type-page","status-publish","hentry"],"yoast_head":"<!-- This site is optimized with the Yoast SEO plugin v27.4 - https:\/\/yoast.com\/product\/yoast-seo-wordpress\/ -->\n<title>Conv\u00e9nio de coopera\u00e7\u00e3o educativa UB-ICSEB | ICSEB<\/title>\n<meta name=\"description\" content=\"ICSEB colabora com a Universidade de Barcelona desde 2018. Est\u00e1gios para estudantes de biomedicina e biotecnologia na equipa do Dr. Royo.\" \/>\n<meta name=\"robots\" content=\"index, follow, max-snippet:-1, max-image-preview:large, max-video-preview:-1\" \/>\n<link rel=\"canonical\" href=\"https:\/\/institutchiaribcn.com\/pt\/convenios-e-vantagens\/convenio-cooperacao-educativa-estagios-externos-universidade-barcelona-icseb\/\" \/>\n<meta property=\"og:locale\" content=\"pt_PT\" \/>\n<meta property=\"og:type\" content=\"article\" \/>\n<meta property=\"og:title\" content=\"Conv\u00e9nio de coopera\u00e7\u00e3o educativa UB-ICSEB | ICSEB\" \/>\n<meta property=\"og:description\" content=\"ICSEB colabora com a Universidade de Barcelona desde 2018. Est\u00e1gios para estudantes de biomedicina e biotecnologia na equipa do Dr. Royo.\" \/>\n<meta property=\"og:url\" content=\"https:\/\/institutchiaribcn.com\/pt\/convenios-e-vantagens\/convenio-cooperacao-educativa-estagios-externos-universidade-barcelona-icseb\/\" \/>\n<meta property=\"og:site_name\" content=\"Institut Chiari\" \/>\n<meta property=\"article:modified_time\" content=\"2026-03-17T12:11:03+00:00\" \/>\n<meta name=\"twitter:card\" content=\"summary_large_image\" \/>\n<meta name=\"twitter:label1\" content=\"Tempo estimado de leitura\" \/>\n\t<meta name=\"twitter:data1\" content=\"2 minutos\" \/>\n<script type=\"application\/ld+json\" class=\"yoast-schema-graph\">{\"@context\":\"https:\\\/\\\/schema.org\",\"@graph\":[{\"@type\":\"WebPage\",\"@id\":\"https:\\\/\\\/institutchiaribcn.com\\\/pt\\\/convenios-e-vantagens\\\/convenio-cooperacao-educativa-estagios-externos-universidade-barcelona-icseb\\\/\",\"url\":\"https:\\\/\\\/institutchiaribcn.com\\\/pt\\\/convenios-e-vantagens\\\/convenio-cooperacao-educativa-estagios-externos-universidade-barcelona-icseb\\\/\",\"name\":\"Conv\u00e9nio de coopera\u00e7\u00e3o educativa UB-ICSEB | ICSEB\",\"isPartOf\":{\"@id\":\"https:\\\/\\\/institutchiaribcn.com\\\/pt\\\/#website\"},\"datePublished\":\"2026-02-03T14:35:25+00:00\",\"dateModified\":\"2026-03-17T12:11:03+00:00\",\"description\":\"ICSEB colabora com a Universidade de Barcelona desde 2018. Est\u00e1gios para estudantes de biomedicina e biotecnologia na equipa do Dr. Royo.\",\"breadcrumb\":{\"@id\":\"https:\\\/\\\/institutchiaribcn.com\\\/pt\\\/convenios-e-vantagens\\\/convenio-cooperacao-educativa-estagios-externos-universidade-barcelona-icseb\\\/#breadcrumb\"},\"inLanguage\":\"pt-PT\",\"potentialAction\":[{\"@type\":\"ReadAction\",\"target\":[\"https:\\\/\\\/institutchiaribcn.com\\\/pt\\\/convenios-e-vantagens\\\/convenio-cooperacao-educativa-estagios-externos-universidade-barcelona-icseb\\\/\"]}]},{\"@type\":\"BreadcrumbList\",\"@id\":\"https:\\\/\\\/institutchiaribcn.com\\\/pt\\\/convenios-e-vantagens\\\/convenio-cooperacao-educativa-estagios-externos-universidade-barcelona-icseb\\\/#breadcrumb\",\"itemListElement\":[{\"@type\":\"ListItem\",\"position\":1,\"name\":\"Portada\",\"item\":\"https:\\\/\\\/institutchiaribcn.com\\\/pt\\\/\"},{\"@type\":\"ListItem\",\"position\":2,\"name\":\"Conv\u00eanios e Vantagens\",\"item\":\"https:\\\/\\\/institutchiaribcn.com\\\/pt\\\/convenios-y-ventajas\\\/\"},{\"@type\":\"ListItem\",\"position\":3,\"name\":\"Conv\u00e9nio de coopera\u00e7\u00e3o educativa para est\u00e1gios acad\u00e9micos externos entre a Universidade de Barcelona (UB) e o Institut Chiari &#038; Siringomielia &#038; Escoliosis de Barcelona (ICSEB)\"}]},{\"@type\":\"WebSite\",\"@id\":\"https:\\\/\\\/institutchiaribcn.com\\\/pt\\\/#website\",\"url\":\"https:\\\/\\\/institutchiaribcn.com\\\/pt\\\/\",\"name\":\"Institut Chiari de Barcelona\",\"description\":\"\",\"publisher\":{\"@id\":\"https:\\\/\\\/institutchiaribcn.com\\\/pt\\\/#organization\"},\"potentialAction\":[{\"@type\":\"SearchAction\",\"target\":{\"@type\":\"EntryPoint\",\"urlTemplate\":\"https:\\\/\\\/institutchiaribcn.com\\\/pt\\\/?s={search_term_string}\"},\"query-input\":{\"@type\":\"PropertyValueSpecification\",\"valueRequired\":true,\"valueName\":\"search_term_string\"}}],\"inLanguage\":\"pt-PT\"},{\"@type\":\"Organization\",\"@id\":\"https:\\\/\\\/institutchiaribcn.com\\\/pt\\\/#organization\",\"name\":\"Institut Chiari de Barcelona\",\"url\":\"https:\\\/\\\/institutchiaribcn.com\\\/pt\\\/\",\"logo\":{\"@type\":\"ImageObject\",\"inLanguage\":\"pt-PT\",\"@id\":\"https:\\\/\\\/institutchiaribcn.com\\\/pt\\\/#\\\/schema\\\/logo\\\/image\\\/\",\"url\":\"https:\\\/\\\/institutchiaribcn.com\\\/wp-content\\\/uploads\\\/2025\\\/10\\\/cropped-cropped-icsebNavLogo-1.png\",\"contentUrl\":\"https:\\\/\\\/institutchiaribcn.com\\\/wp-content\\\/uploads\\\/2025\\\/10\\\/cropped-cropped-icsebNavLogo-1.png\",\"width\":245,\"height\":99,\"caption\":\"Institut Chiari de Barcelona\"},\"image\":{\"@id\":\"https:\\\/\\\/institutchiaribcn.com\\\/pt\\\/#\\\/schema\\\/logo\\\/image\\\/\"}}]}<\/script>\n<!-- \/ Yoast SEO plugin. -->","yoast_head_json":{"title":"Conv\u00e9nio de coopera\u00e7\u00e3o educativa UB-ICSEB | ICSEB","description":"ICSEB colabora com a Universidade de Barcelona desde 2018. Est\u00e1gios para estudantes de biomedicina e biotecnologia na equipa do Dr. Royo.","robots":{"index":"index","follow":"follow","max-snippet":"max-snippet:-1","max-image-preview":"max-image-preview:large","max-video-preview":"max-video-preview:-1"},"canonical":"https:\/\/institutchiaribcn.com\/pt\/convenios-e-vantagens\/convenio-cooperacao-educativa-estagios-externos-universidade-barcelona-icseb\/","og_locale":"pt_PT","og_type":"article","og_title":"Conv\u00e9nio de coopera\u00e7\u00e3o educativa UB-ICSEB | ICSEB","og_description":"ICSEB colabora com a Universidade de Barcelona desde 2018. Est\u00e1gios para estudantes de biomedicina e biotecnologia na equipa do Dr. Royo.","og_url":"https:\/\/institutchiaribcn.com\/pt\/convenios-e-vantagens\/convenio-cooperacao-educativa-estagios-externos-universidade-barcelona-icseb\/","og_site_name":"Institut Chiari","article_modified_time":"2026-03-17T12:11:03+00:00","twitter_card":"summary_large_image","twitter_misc":{"Tempo estimado de leitura":"2 minutos"},"schema":{"@context":"https:\/\/schema.org","@graph":[{"@type":"WebPage","@id":"https:\/\/institutchiaribcn.com\/pt\/convenios-e-vantagens\/convenio-cooperacao-educativa-estagios-externos-universidade-barcelona-icseb\/","url":"https:\/\/institutchiaribcn.com\/pt\/convenios-e-vantagens\/convenio-cooperacao-educativa-estagios-externos-universidade-barcelona-icseb\/","name":"Conv\u00e9nio de coopera\u00e7\u00e3o educativa UB-ICSEB | ICSEB","isPartOf":{"@id":"https:\/\/institutchiaribcn.com\/pt\/#website"},"datePublished":"2026-02-03T14:35:25+00:00","dateModified":"2026-03-17T12:11:03+00:00","description":"ICSEB colabora com a Universidade de Barcelona desde 2018. Est\u00e1gios para estudantes de biomedicina e biotecnologia na equipa do Dr. Royo.","breadcrumb":{"@id":"https:\/\/institutchiaribcn.com\/pt\/convenios-e-vantagens\/convenio-cooperacao-educativa-estagios-externos-universidade-barcelona-icseb\/#breadcrumb"},"inLanguage":"pt-PT","potentialAction":[{"@type":"ReadAction","target":["https:\/\/institutchiaribcn.com\/pt\/convenios-e-vantagens\/convenio-cooperacao-educativa-estagios-externos-universidade-barcelona-icseb\/"]}]},{"@type":"BreadcrumbList","@id":"https:\/\/institutchiaribcn.com\/pt\/convenios-e-vantagens\/convenio-cooperacao-educativa-estagios-externos-universidade-barcelona-icseb\/#breadcrumb","itemListElement":[{"@type":"ListItem","position":1,"name":"Portada","item":"https:\/\/institutchiaribcn.com\/pt\/"},{"@type":"ListItem","position":2,"name":"Conv\u00eanios e Vantagens","item":"https:\/\/institutchiaribcn.com\/pt\/convenios-y-ventajas\/"},{"@type":"ListItem","position":3,"name":"Conv\u00e9nio de coopera\u00e7\u00e3o educativa para est\u00e1gios acad\u00e9micos externos entre a Universidade de Barcelona (UB) e o Institut Chiari &#038; Siringomielia &#038; Escoliosis de Barcelona (ICSEB)"}]},{"@type":"WebSite","@id":"https:\/\/institutchiaribcn.com\/pt\/#website","url":"https:\/\/institutchiaribcn.com\/pt\/","name":"Institut Chiari de Barcelona","description":"","publisher":{"@id":"https:\/\/institutchiaribcn.com\/pt\/#organization"},"potentialAction":[{"@type":"SearchAction","target":{"@type":"EntryPoint","urlTemplate":"https:\/\/institutchiaribcn.com\/pt\/?s={search_term_string}"},"query-input":{"@type":"PropertyValueSpecification","valueRequired":true,"valueName":"search_term_string"}}],"inLanguage":"pt-PT"},{"@type":"Organization","@id":"https:\/\/institutchiaribcn.com\/pt\/#organization","name":"Institut Chiari de Barcelona","url":"https:\/\/institutchiaribcn.com\/pt\/","logo":{"@type":"ImageObject","inLanguage":"pt-PT","@id":"https:\/\/institutchiaribcn.com\/pt\/#\/schema\/logo\/image\/","url":"https:\/\/institutchiaribcn.com\/wp-content\/uploads\/2025\/10\/cropped-cropped-icsebNavLogo-1.png","contentUrl":"https:\/\/institutchiaribcn.com\/wp-content\/uploads\/2025\/10\/cropped-cropped-icsebNavLogo-1.png","width":245,"height":99,"caption":"Institut Chiari de Barcelona"},"image":{"@id":"https:\/\/institutchiaribcn.com\/pt\/#\/schema\/logo\/image\/"}}]}},"_links":{"self":[{"href":"https:\/\/institutchiaribcn.com\/pt\/wp-json\/wp\/v2\/pages\/146946","targetHints":{"allow":["GET"]}}],"collection":[{"href":"https:\/\/institutchiaribcn.com\/pt\/wp-json\/wp\/v2\/pages"}],"about":[{"href":"https:\/\/institutchiaribcn.com\/pt\/wp-json\/wp\/v2\/types\/page"}],"author":[{"embeddable":true,"href":"https:\/\/institutchiaribcn.com\/pt\/wp-json\/wp\/v2\/users\/1"}],"replies":[{"embeddable":true,"href":"https:\/\/institutchiaribcn.com\/pt\/wp-json\/wp\/v2\/comments?post=146946"}],"version-history":[{"count":6,"href":"https:\/\/institutchiaribcn.com\/pt\/wp-json\/wp\/v2\/pages\/146946\/revisions"}],"predecessor-version":[{"id":147792,"href":"https:\/\/institutchiaribcn.com\/pt\/wp-json\/wp\/v2\/pages\/146946\/revisions\/147792"}],"up":[{"embeddable":true,"href":"https:\/\/institutchiaribcn.com\/pt\/wp-json\/wp\/v2\/pages\/111451"}],"wp:attachment":[{"href":"https:\/\/institutchiaribcn.com\/pt\/wp-json\/wp\/v2\/media?parent=146946"}],"curies":[{"name":"wp","href":"https:\/\/api.w.org\/{rel}","templated":true}]}}