{"id":144459,"date":"2019-02-11T00:00:29","date_gmt":"2019-02-10T23:00:29","guid":{"rendered":"https:\/\/institutchiaribcn.com\/convenio-institut-chiari-barcelona-asociacion-internacional-ai-sac-sco-onlus\/"},"modified":"2026-03-09T14:12:27","modified_gmt":"2026-03-09T13:12:27","slug":"convenio-institut-chiari-de-barcelona-associacao-internacional-ai-sac-si-sco-odv","status":"publish","type":"page","link":"https:\/\/institutchiaribcn.com\/pt\/convenio-institut-chiari-de-barcelona-associacao-internacional-ai-sac-si-sco-odv\/","title":{"rendered":"Conv\u00eanio Institut Chiari de Barcelona \u2013 Associa\u00e7\u00e3o Internacional AI.SAC.SI.SCO ODV"},"content":{"rendered":"\t\t<div data-elementor-type=\"wp-page\" data-elementor-id=\"144459\" class=\"elementor elementor-144459\" data-elementor-post-type=\"page\">\n\t\t\t\t<div class=\"elementor-element elementor-element-8f79eec e-flex e-con-boxed e-con e-parent\" data-id=\"8f79eec\" data-element_type=\"container\" data-e-type=\"container\" data-settings=\"{&quot;background_background&quot;:&quot;classic&quot;}\">\n\t\t\t\t\t<div class=\"e-con-inner\">\n\t\t<div class=\"elementor-element elementor-element-adc8749 e-con-full e-flex e-con e-child\" data-id=\"adc8749\" data-element_type=\"container\" data-e-type=\"container\">\n\t\t<div class=\"elementor-element elementor-element-5f91397 e-con-full e-flex e-con e-child\" data-id=\"5f91397\" data-element_type=\"container\" data-e-type=\"container\" data-settings=\"{&quot;sticky&quot;:&quot;top&quot;,&quot;sticky_on&quot;:[&quot;desktop&quot;,&quot;tablet&quot;],&quot;sticky_offset&quot;:140,&quot;sticky_parent&quot;:&quot;yes&quot;,&quot;sticky_effects_offset&quot;:0,&quot;sticky_anchor_link_offset&quot;:0}\">\n\t\t\t\t<div class=\"elementor-element elementor-element-4fbd173 elementor-widget elementor-widget-image\" data-id=\"4fbd173\" data-element_type=\"widget\" data-e-type=\"widget\" data-widget_type=\"image.default\">\n\t\t\t\t<div class=\"elementor-widget-container\">\n\t\t\t\t\t\t\t\t\t\t\t\t\t\t\t<img fetchpriority=\"high\" decoding=\"async\" width=\"500\" height=\"144\" src=\"https:\/\/institutchiaribcn.com\/wp-content\/uploads\/2025\/07\/ai-sac-si-sco.jpg\" class=\"attachment-large size-large wp-image-46751\" alt=\"ai-sac-si-sco\" srcset=\"https:\/\/institutchiaribcn.com\/wp-content\/uploads\/2025\/07\/ai-sac-si-sco.jpg 500w, https:\/\/institutchiaribcn.com\/wp-content\/uploads\/2025\/07\/ai-sac-si-sco-300x86.jpg 300w\" sizes=\"(max-width: 500px) 100vw, 500px\" \/>\t\t\t\t\t\t\t\t\t\t\t\t\t\t\t<\/div>\n\t\t\t\t<\/div>\n\t\t\t\t<div class=\"elementor-element elementor-element-5adca6e elementor-widget elementor-widget-heading\" data-id=\"5adca6e\" data-element_type=\"widget\" data-e-type=\"widget\" data-widget_type=\"heading.default\">\n\t\t\t\t<div class=\"elementor-widget-container\">\n\t\t\t\t\t<h3 class=\"elementor-heading-title elementor-size-default\">Associa\u00e7\u00e3o Internacional AI.SAC.SI.SCO ODV<\/h3>\t\t\t\t<\/div>\n\t\t\t\t<\/div>\n\t\t\t\t<div class=\"elementor-element elementor-element-9493cd0 elementor-widget elementor-widget-button\" data-id=\"9493cd0\" data-element_type=\"widget\" data-e-type=\"widget\" data-widget_type=\"button.default\">\n\t\t\t\t<div class=\"elementor-widget-container\">\n\t\t\t\t\t\t\t\t\t<div class=\"elementor-button-wrapper\">\n\t\t\t\t\t<a class=\"elementor-button elementor-button-link elementor-size-sm\" href=\"http:\/\/aisacsisco.eu\/index.php\/contact\" target=\"_blank\">\n\t\t\t\t\t\t<span class=\"elementor-button-content-wrapper\">\n\t\t\t\t\t\t\t\t\t<span class=\"elementor-button-text\">Contacta<\/span>\n\t\t\t\t\t<\/span>\n\t\t\t\t\t<\/a>\n\t\t\t\t<\/div>\n\t\t\t\t\t\t\t\t<\/div>\n\t\t\t\t<\/div>\n\t\t\t\t<\/div>\n\t\t\t\t<\/div>\n\t\t<div class=\"elementor-element elementor-element-d0f62ad e-con-full e-flex e-con e-child\" data-id=\"d0f62ad\" data-element_type=\"container\" data-e-type=\"container\">\n\t\t\t\t<div class=\"elementor-element elementor-element-72190c9 elementor-widget elementor-widget-heading\" data-id=\"72190c9\" data-element_type=\"widget\" data-e-type=\"widget\" data-widget_type=\"heading.default\">\n\t\t\t\t<div class=\"elementor-widget-container\">\n\t\t\t\t\t<h1 class=\"elementor-heading-title elementor-size-default\">Conv\u00eanio Institut Chiari de Barcelona \u2013 Associa\u00e7\u00e3o Internacional AI.SAC.SI.SCO ODV<\/h1>\t\t\t\t<\/div>\n\t\t\t\t<\/div>\n\t\t\t\t<div class=\"elementor-element elementor-element-1722f52 elementor-widget elementor-widget-text-editor\" data-id=\"1722f52\" data-element_type=\"widget\" data-e-type=\"widget\" data-widget_type=\"text-editor.default\">\n\t\t\t\t<div class=\"elementor-widget-container\">\n\t\t\t\t\t\t\t\t\t<p><strong>O que \u00e9 a AI.SAC.SI.SCO ODV?<br \/><\/strong><br \/>A Associa\u00e7\u00e3o Internacional AI.SAC.SI.SCO ODV nasceu em novembro de 2009, quando um grupo de pacientes operados pelo Dr. Royo Salvador, reunidos em um evento organizado pela Chiari &amp; Scoliosis &amp; Syringomyelia Foundation (CSSf), decidiu oferecer o seu apoio a outras pessoas com S\u00edndrome de Arnold-Chiari I, Siringomielia e Escoliose Idiop\u00e1ticas (e tamb\u00e9m \u00e0s suas fam\u00edlias).<\/p><p>\u00a0<\/p><p><strong>A colabora\u00e7\u00e3o entre o Institut, a Funda\u00e7\u00e3o e a Associa\u00e7\u00e3o<br \/><\/strong><br \/>Desde ent\u00e3o, existe uma estreita rela\u00e7\u00e3o de colabora\u00e7\u00e3o entre o Institut Chiari &amp; Siringomielia &amp; Escoliosis de Barcelona (ICSEB), a CSSf e AI.SAC.SI.SCO, com o prop\u00f3sito de divulgar o novo conceito da Doen\u00e7a do Filum e proporcionar a informa\u00e7\u00e3o necess\u00e1ria para que a excel\u00eancia e os tratamentos do m\u00e9todo m\u00e9dico Filum System\u00ae estejam ao alcance de todo mundo.<\/p><p>Em 2019, por conta do d\u00e9cimo anivers\u00e1rio da Associa\u00e7\u00e3o AI.SAC.SI.SCO e do ICSEB, foi feito um conv\u00eanio de colabora\u00e7\u00e3o entre ambos. Gra\u00e7as a isso, seus s\u00f3cios podem ter acesso a uma s\u00e9rie de benef\u00edcios na presta\u00e7\u00e3o de servi\u00e7os que o Institut oferece aos seus pacientes.<\/p><p>\u00a0<\/p><p><strong>As condi\u00e7\u00f5es especiais do conv\u00eanio<br \/><\/strong><br \/>A inscri\u00e7\u00e3o de uma pessoa na Associa\u00e7\u00e3o AI.SAC.SI.SCO lhe permite ter acesso a descontos sobre as tarifas vigentes dos servi\u00e7os do ICSEB. Para mais informa\u00e7\u00f5es, entrem em contato com o Institut ou com a Associa\u00e7\u00e3o.<\/p><p><br \/>Entrar em contato com a AI.SAC.SI.SCO: <a href=\"http:\/\/aisacsisco.eu\/index.php\/contact\">http:\/\/aisacsisco.eu\/index.php\/contact<\/a><br \/>Principais idiomas de contato: franc\u00eas e italiano.<br \/>Outros idiomas: ingl\u00eas (somente por e-mail).<\/p>\t\t\t\t\t\t\t\t<\/div>\n\t\t\t\t<\/div>\n\t\t\t\t<\/div>\n\t\t\t\t\t<\/div>\n\t\t\t\t<\/div>\n\t\t\t\t<\/div>\n\t\t","protected":false},"excerpt":{"rendered":"<p>Associa\u00e7\u00e3o Internacional AI.SAC.SI.SCO ODV Contacta Conv\u00eanio Institut Chiari de Barcelona \u2013 Associa\u00e7\u00e3o Internacional AI.SAC.SI.SCO ODV O que \u00e9 a AI.SAC.SI.SCO ODV? A Associa\u00e7\u00e3o Internacional AI.SAC.SI.SCO ODV nasceu em novembro de 2009, quando um grupo de pacientes operados pelo Dr. Royo Salvador, reunidos em um evento organizado pela Chiari &amp; Scoliosis &amp; Syringomyelia Foundation (CSSf), decidiu [&hellip;]<\/p>\n","protected":false},"author":1,"featured_media":0,"parent":0,"menu_order":14,"comment_status":"closed","ping_status":"closed","template":"","meta":{"footnotes":""},"class_list":["post-144459","page","type-page","status-publish","hentry"],"yoast_head":"<!-- This site is optimized with the Yoast SEO plugin v27.1.1 - https:\/\/yoast.com\/product\/yoast-seo-wordpress\/ -->\n<title>Conv\u00eanio ICSEB e Associa\u00e7\u00e3o AI.SAC.SI.SCO | ICSEB<\/title>\n<meta name=\"description\" content=\"Informa\u00e7\u00f5es sobre o conv\u00eanio entre o Institut Chiari de Barcelona e a associa\u00e7\u00e3o AI SAC SI SCO ODV para colabora\u00e7\u00e3o e apoio a pacientes.\" \/>\n<meta name=\"robots\" content=\"index, follow, max-snippet:-1, max-image-preview:large, max-video-preview:-1\" \/>\n<link rel=\"canonical\" href=\"https:\/\/institutchiaribcn.com\/pt\/convenio-institut-chiari-de-barcelona-associacao-internacional-ai-sac-si-sco-odv\/\" \/>\n<meta property=\"og:locale\" content=\"pt_PT\" \/>\n<meta property=\"og:type\" content=\"article\" \/>\n<meta property=\"og:title\" content=\"Conv\u00eanio ICSEB e Associa\u00e7\u00e3o AI.SAC.SI.SCO | ICSEB\" \/>\n<meta property=\"og:description\" content=\"Informa\u00e7\u00f5es sobre o conv\u00eanio entre o Institut Chiari de Barcelona e a associa\u00e7\u00e3o AI SAC SI SCO ODV para colabora\u00e7\u00e3o e apoio a pacientes.\" \/>\n<meta property=\"og:url\" content=\"https:\/\/institutchiaribcn.com\/pt\/convenio-institut-chiari-de-barcelona-associacao-internacional-ai-sac-si-sco-odv\/\" \/>\n<meta property=\"og:site_name\" content=\"Institut Chiari\" \/>\n<meta property=\"article:modified_time\" content=\"2026-03-09T13:12:27+00:00\" \/>\n<meta property=\"og:image\" content=\"https:\/\/institutchiaribcn.com\/wp-content\/uploads\/2025\/07\/ai-sac-si-sco.jpg\" \/>\n<meta name=\"twitter:card\" content=\"summary_large_image\" \/>\n<meta name=\"twitter:label1\" content=\"Tempo estimado de leitura\" \/>\n\t<meta name=\"twitter:data1\" content=\"2 minutos\" \/>\n<script type=\"application\/ld+json\" class=\"yoast-schema-graph\">{\"@context\":\"https:\/\/schema.org\",\"@graph\":[{\"@type\":\"WebPage\",\"@id\":\"https:\/\/institutchiaribcn.com\/pt\/convenio-institut-chiari-de-barcelona-associacao-internacional-ai-sac-si-sco-odv\/\",\"url\":\"https:\/\/institutchiaribcn.com\/pt\/convenio-institut-chiari-de-barcelona-associacao-internacional-ai-sac-si-sco-odv\/\",\"name\":\"Conv\u00eanio ICSEB e Associa\u00e7\u00e3o AI.SAC.SI.SCO | ICSEB\",\"isPartOf\":{\"@id\":\"https:\/\/institutchiaribcn.com\/pt\/#website\"},\"primaryImageOfPage\":{\"@id\":\"https:\/\/institutchiaribcn.com\/pt\/convenio-institut-chiari-de-barcelona-associacao-internacional-ai-sac-si-sco-odv\/#primaryimage\"},\"image\":{\"@id\":\"https:\/\/institutchiaribcn.com\/pt\/convenio-institut-chiari-de-barcelona-associacao-internacional-ai-sac-si-sco-odv\/#primaryimage\"},\"thumbnailUrl\":\"https:\/\/institutchiaribcn.com\/wp-content\/uploads\/2025\/07\/ai-sac-si-sco.jpg\",\"datePublished\":\"2019-02-10T23:00:29+00:00\",\"dateModified\":\"2026-03-09T13:12:27+00:00\",\"description\":\"Informa\u00e7\u00f5es sobre o conv\u00eanio entre o Institut Chiari de Barcelona e a associa\u00e7\u00e3o AI SAC SI SCO ODV para colabora\u00e7\u00e3o e apoio a pacientes.\",\"breadcrumb\":{\"@id\":\"https:\/\/institutchiaribcn.com\/pt\/convenio-institut-chiari-de-barcelona-associacao-internacional-ai-sac-si-sco-odv\/#breadcrumb\"},\"inLanguage\":\"pt-PT\",\"potentialAction\":[{\"@type\":\"ReadAction\",\"target\":[\"https:\/\/institutchiaribcn.com\/pt\/convenio-institut-chiari-de-barcelona-associacao-internacional-ai-sac-si-sco-odv\/\"]}]},{\"@type\":\"ImageObject\",\"inLanguage\":\"pt-PT\",\"@id\":\"https:\/\/institutchiaribcn.com\/pt\/convenio-institut-chiari-de-barcelona-associacao-internacional-ai-sac-si-sco-odv\/#primaryimage\",\"url\":\"https:\/\/institutchiaribcn.com\/wp-content\/uploads\/2025\/07\/ai-sac-si-sco.jpg\",\"contentUrl\":\"https:\/\/institutchiaribcn.com\/wp-content\/uploads\/2025\/07\/ai-sac-si-sco.jpg\"},{\"@type\":\"BreadcrumbList\",\"@id\":\"https:\/\/institutchiaribcn.com\/pt\/convenio-institut-chiari-de-barcelona-associacao-internacional-ai-sac-si-sco-odv\/#breadcrumb\",\"itemListElement\":[{\"@type\":\"ListItem\",\"position\":1,\"name\":\"Portada\",\"item\":\"https:\/\/institutchiaribcn.com\/pt\/\"},{\"@type\":\"ListItem\",\"position\":2,\"name\":\"Conv\u00eanio Institut Chiari de Barcelona \u2013 Associa\u00e7\u00e3o Internacional AI.SAC.SI.SCO ODV\"}]},{\"@type\":\"WebSite\",\"@id\":\"https:\/\/institutchiaribcn.com\/pt\/#website\",\"url\":\"https:\/\/institutchiaribcn.com\/pt\/\",\"name\":\"Institut Chiari de Barcelona\",\"description\":\"\",\"publisher\":{\"@id\":\"https:\/\/institutchiaribcn.com\/pt\/#organization\"},\"potentialAction\":[{\"@type\":\"SearchAction\",\"target\":{\"@type\":\"EntryPoint\",\"urlTemplate\":\"https:\/\/institutchiaribcn.com\/pt\/?s={search_term_string}\"},\"query-input\":{\"@type\":\"PropertyValueSpecification\",\"valueRequired\":true,\"valueName\":\"search_term_string\"}}],\"inLanguage\":\"pt-PT\"},{\"@type\":\"Organization\",\"@id\":\"https:\/\/institutchiaribcn.com\/pt\/#organization\",\"name\":\"Institut Chiari de Barcelona\",\"url\":\"https:\/\/institutchiaribcn.com\/pt\/\",\"logo\":{\"@type\":\"ImageObject\",\"inLanguage\":\"pt-PT\",\"@id\":\"https:\/\/institutchiaribcn.com\/pt\/#\/schema\/logo\/image\/\",\"url\":\"https:\/\/institutchiaribcn.com\/wp-content\/uploads\/2025\/10\/cropped-cropped-icsebNavLogo-1.png\",\"contentUrl\":\"https:\/\/institutchiaribcn.com\/wp-content\/uploads\/2025\/10\/cropped-cropped-icsebNavLogo-1.png\",\"width\":245,\"height\":99,\"caption\":\"Institut Chiari de Barcelona\"},\"image\":{\"@id\":\"https:\/\/institutchiaribcn.com\/pt\/#\/schema\/logo\/image\/\"}}]}<\/script>\n<!-- \/ Yoast SEO plugin. -->","yoast_head_json":{"title":"Conv\u00eanio ICSEB e Associa\u00e7\u00e3o AI.SAC.SI.SCO | ICSEB","description":"Informa\u00e7\u00f5es sobre o conv\u00eanio entre o Institut Chiari de Barcelona e a associa\u00e7\u00e3o AI SAC SI SCO ODV para colabora\u00e7\u00e3o e apoio a pacientes.","robots":{"index":"index","follow":"follow","max-snippet":"max-snippet:-1","max-image-preview":"max-image-preview:large","max-video-preview":"max-video-preview:-1"},"canonical":"https:\/\/institutchiaribcn.com\/pt\/convenio-institut-chiari-de-barcelona-associacao-internacional-ai-sac-si-sco-odv\/","og_locale":"pt_PT","og_type":"article","og_title":"Conv\u00eanio ICSEB e Associa\u00e7\u00e3o AI.SAC.SI.SCO | ICSEB","og_description":"Informa\u00e7\u00f5es sobre o conv\u00eanio entre o Institut Chiari de Barcelona e a associa\u00e7\u00e3o AI SAC SI SCO ODV para colabora\u00e7\u00e3o e apoio a pacientes.","og_url":"https:\/\/institutchiaribcn.com\/pt\/convenio-institut-chiari-de-barcelona-associacao-internacional-ai-sac-si-sco-odv\/","og_site_name":"Institut Chiari","article_modified_time":"2026-03-09T13:12:27+00:00","og_image":[{"url":"https:\/\/institutchiaribcn.com\/wp-content\/uploads\/2025\/07\/ai-sac-si-sco.jpg","type":"","width":"","height":""}],"twitter_card":"summary_large_image","twitter_misc":{"Tempo estimado de leitura":"2 minutos"},"schema":{"@context":"https:\/\/schema.org","@graph":[{"@type":"WebPage","@id":"https:\/\/institutchiaribcn.com\/pt\/convenio-institut-chiari-de-barcelona-associacao-internacional-ai-sac-si-sco-odv\/","url":"https:\/\/institutchiaribcn.com\/pt\/convenio-institut-chiari-de-barcelona-associacao-internacional-ai-sac-si-sco-odv\/","name":"Conv\u00eanio ICSEB e Associa\u00e7\u00e3o AI.SAC.SI.SCO | ICSEB","isPartOf":{"@id":"https:\/\/institutchiaribcn.com\/pt\/#website"},"primaryImageOfPage":{"@id":"https:\/\/institutchiaribcn.com\/pt\/convenio-institut-chiari-de-barcelona-associacao-internacional-ai-sac-si-sco-odv\/#primaryimage"},"image":{"@id":"https:\/\/institutchiaribcn.com\/pt\/convenio-institut-chiari-de-barcelona-associacao-internacional-ai-sac-si-sco-odv\/#primaryimage"},"thumbnailUrl":"https:\/\/institutchiaribcn.com\/wp-content\/uploads\/2025\/07\/ai-sac-si-sco.jpg","datePublished":"2019-02-10T23:00:29+00:00","dateModified":"2026-03-09T13:12:27+00:00","description":"Informa\u00e7\u00f5es sobre o conv\u00eanio entre o Institut Chiari de Barcelona e a associa\u00e7\u00e3o AI SAC SI SCO ODV para colabora\u00e7\u00e3o e apoio a pacientes.","breadcrumb":{"@id":"https:\/\/institutchiaribcn.com\/pt\/convenio-institut-chiari-de-barcelona-associacao-internacional-ai-sac-si-sco-odv\/#breadcrumb"},"inLanguage":"pt-PT","potentialAction":[{"@type":"ReadAction","target":["https:\/\/institutchiaribcn.com\/pt\/convenio-institut-chiari-de-barcelona-associacao-internacional-ai-sac-si-sco-odv\/"]}]},{"@type":"ImageObject","inLanguage":"pt-PT","@id":"https:\/\/institutchiaribcn.com\/pt\/convenio-institut-chiari-de-barcelona-associacao-internacional-ai-sac-si-sco-odv\/#primaryimage","url":"https:\/\/institutchiaribcn.com\/wp-content\/uploads\/2025\/07\/ai-sac-si-sco.jpg","contentUrl":"https:\/\/institutchiaribcn.com\/wp-content\/uploads\/2025\/07\/ai-sac-si-sco.jpg"},{"@type":"BreadcrumbList","@id":"https:\/\/institutchiaribcn.com\/pt\/convenio-institut-chiari-de-barcelona-associacao-internacional-ai-sac-si-sco-odv\/#breadcrumb","itemListElement":[{"@type":"ListItem","position":1,"name":"Portada","item":"https:\/\/institutchiaribcn.com\/pt\/"},{"@type":"ListItem","position":2,"name":"Conv\u00eanio Institut Chiari de Barcelona \u2013 Associa\u00e7\u00e3o Internacional AI.SAC.SI.SCO ODV"}]},{"@type":"WebSite","@id":"https:\/\/institutchiaribcn.com\/pt\/#website","url":"https:\/\/institutchiaribcn.com\/pt\/","name":"Institut Chiari de Barcelona","description":"","publisher":{"@id":"https:\/\/institutchiaribcn.com\/pt\/#organization"},"potentialAction":[{"@type":"SearchAction","target":{"@type":"EntryPoint","urlTemplate":"https:\/\/institutchiaribcn.com\/pt\/?s={search_term_string}"},"query-input":{"@type":"PropertyValueSpecification","valueRequired":true,"valueName":"search_term_string"}}],"inLanguage":"pt-PT"},{"@type":"Organization","@id":"https:\/\/institutchiaribcn.com\/pt\/#organization","name":"Institut Chiari de Barcelona","url":"https:\/\/institutchiaribcn.com\/pt\/","logo":{"@type":"ImageObject","inLanguage":"pt-PT","@id":"https:\/\/institutchiaribcn.com\/pt\/#\/schema\/logo\/image\/","url":"https:\/\/institutchiaribcn.com\/wp-content\/uploads\/2025\/10\/cropped-cropped-icsebNavLogo-1.png","contentUrl":"https:\/\/institutchiaribcn.com\/wp-content\/uploads\/2025\/10\/cropped-cropped-icsebNavLogo-1.png","width":245,"height":99,"caption":"Institut Chiari de Barcelona"},"image":{"@id":"https:\/\/institutchiaribcn.com\/pt\/#\/schema\/logo\/image\/"}}]}},"_links":{"self":[{"href":"https:\/\/institutchiaribcn.com\/pt\/wp-json\/wp\/v2\/pages\/144459","targetHints":{"allow":["GET"]}}],"collection":[{"href":"https:\/\/institutchiaribcn.com\/pt\/wp-json\/wp\/v2\/pages"}],"about":[{"href":"https:\/\/institutchiaribcn.com\/pt\/wp-json\/wp\/v2\/types\/page"}],"author":[{"embeddable":true,"href":"https:\/\/institutchiaribcn.com\/pt\/wp-json\/wp\/v2\/users\/1"}],"replies":[{"embeddable":true,"href":"https:\/\/institutchiaribcn.com\/pt\/wp-json\/wp\/v2\/comments?post=144459"}],"version-history":[{"count":5,"href":"https:\/\/institutchiaribcn.com\/pt\/wp-json\/wp\/v2\/pages\/144459\/revisions"}],"predecessor-version":[{"id":147121,"href":"https:\/\/institutchiaribcn.com\/pt\/wp-json\/wp\/v2\/pages\/144459\/revisions\/147121"}],"wp:attachment":[{"href":"https:\/\/institutchiaribcn.com\/pt\/wp-json\/wp\/v2\/media?parent=144459"}],"curies":[{"name":"wp","href":"https:\/\/api.w.org\/{rel}","templated":true}]}}