{"id":142558,"date":"2025-12-10T08:46:36","date_gmt":"2025-12-10T07:46:36","guid":{"rendered":"https:\/\/institutchiaribcn.com\/resultados-test-automatico-de-la-enfermedad-del-filum\/"},"modified":"2026-02-11T10:55:46","modified_gmt":"2026-02-11T09:55:46","slug":"resultados-do-teste-automatico-da-doenca-do-filum","status":"publish","type":"page","link":"https:\/\/institutchiaribcn.com\/pt\/resultados-do-teste-automatico-da-doenca-do-filum\/","title":{"rendered":"Resultados do Teste Autom\u00e1tico da Doen\u00e7a do Filum"},"content":{"rendered":"\t\t<div data-elementor-type=\"wp-page\" data-elementor-id=\"142558\" class=\"elementor elementor-142558 elementor-142472\" data-elementor-post-type=\"page\">\n\t\t\t\t<div class=\"elementor-element elementor-element-ca9c607 e-flex e-con-boxed e-con e-parent\" data-id=\"ca9c607\" data-element_type=\"container\" data-e-type=\"container\">\n\t\t\t\t\t<div class=\"e-con-inner\">\n\t\t\t\t<div class=\"elementor-element elementor-element-ccc4349 elementor-widget elementor-widget-shortcode\" data-id=\"ccc4349\" data-element_type=\"widget\" data-e-type=\"widget\" data-widget_type=\"shortcode.default\">\n\t\t\t\t<div class=\"elementor-widget-container\">\n\t\t\t\t\t\t\t<div class=\"elementor-shortcode\"><div class=\"alert alert-warning\">No se ha recibido ning\u00fan resultado.<\/div><\/div>\n\t\t\t\t\t\t<\/div>\n\t\t\t\t<\/div>\n\t\t\t\t<div class=\"elementor-element elementor-element-d9d3f98 elementor-widget elementor-widget-text-editor\" data-id=\"d9d3f98\" data-element_type=\"widget\" data-e-type=\"widget\" data-widget_type=\"text-editor.default\">\n\t\t\t\t<div class=\"elementor-widget-container\">\n\t\t\t\t\t\t\t\t\t<p style=\"font-size: 18px; font-style: italic;\">Segundo as investiga\u00e7\u00f5es do ICSEB, o novo conceito da Doen\u00e7a do Filum (DF) implica que ela \u00e9 devida a uma tra\u00e7\u00e3o caudal anormal de todo o sistema nervoso, afeta todos os seres humanos em diferentes graus de intensidade e inclui doen\u00e7as de causa desconhecida, como escoliose idiop\u00e1tica, cifose, hiperlordose, retifica\u00e7\u00e3o da coluna vertebral, siringomielia idiop\u00e1tica, s\u00edndrome de Arnold\u2013Chiari I, platibasia, impress\u00e3o basilar, retrocesso odontoide, angula\u00e7\u00e3o do tronco cerebral, enurese noturna ou prolongada, alguns casos de fibromialgia e s\u00edndrome de fadiga cr\u00f3nica, entre outras. A DF tamb\u00e9m interv\u00e9m em alguns casos de microenfartes cerebrais, h\u00e9rnias discais vertebrais, s\u00edndrome de Baastrup, s\u00edndrome da faceta articular, algumas altera\u00e7\u00f5es hormonais, s\u00edndromes depressivos e outros.<\/p>\t\t\t\t\t\t\t\t<\/div>\n\t\t\t\t<\/div>\n\t\t<div class=\"elementor-element elementor-element-109c9c1 e-con-full e-flex e-con e-child\" data-id=\"109c9c1\" data-element_type=\"container\" data-e-type=\"container\">\n\t\t\t\t<div class=\"elementor-element elementor-element-82bcc8a elementor-widget elementor-widget-heading\" data-id=\"82bcc8a\" data-element_type=\"widget\" data-e-type=\"widget\" data-widget_type=\"heading.default\">\n\t\t\t\t<div class=\"elementor-widget-container\">\n\t\t\t\t\t<h2 class=\"elementor-heading-title elementor-size-default\"><span>Precisa de ajuda?<\/span> Estamos \u00e0 disposi\u00e7\u00e3o.<\/h2>\t\t\t\t<\/div>\n\t\t\t\t<\/div>\n\t\t\t\t<div class=\"elementor-element elementor-element-cab1f0b elementor-widget elementor-widget-text-editor\" data-id=\"cab1f0b\" data-element_type=\"widget\" data-e-type=\"widget\" data-widget_type=\"text-editor.default\">\n\t\t\t\t<div class=\"elementor-widget-container\">\n\t\t\t\t\t\t\t\t\t<p data-start=\"283\" data-end=\"477\">Todas as consultas que recebemos, seja por este formul\u00e1rio ou por e-mail, s\u00e3o avaliadas diretamente pela nossa equipe m\u00e9dica, sob a supervis\u00e3o do Dr. Miguel B. Royo Salvador.<\/p>\n<p data-start=\"479\" data-end=\"544\">A resposta \u00e9 gratuita e ser\u00e1 enviada no seu idioma ou em ingl\u00eas.<\/p>\t\t\t\t\t\t\t\t<\/div>\n\t\t\t\t<\/div>\n\t\t\t\t<div class=\"elementor-element elementor-element-96b692f elementor-widget__width-initial elementor-widget elementor-widget-shortcode\" data-id=\"96b692f\" data-element_type=\"widget\" data-e-type=\"widget\" data-widget_type=\"shortcode.default\">\n\t\t\t\t<div class=\"elementor-widget-container\">\n\t\t\t\t\t\t\t<div class=\"elementor-shortcode\">\t\t<div data-elementor-type=\"container\" data-elementor-id=\"114827\" class=\"elementor elementor-114827 elementor-114786 elementor-114786\" data-elementor-post-type=\"elementor_library\">\n\t\t\t\t<div class=\"elementor-element elementor-element-4fdff23 e-con-full e-flex e-con e-child\" data-id=\"4fdff23\" data-element_type=\"container\" data-e-type=\"container\">\n\t\t\t\t<div class=\"elementor-element elementor-element-28f0279 elementor-button-align-center elementor-widget__width-initial elementor-tablet-button-align-stretch elementor-mobile-button-align-stretch elementor-widget elementor-widget-form\" data-id=\"28f0279\" data-element_type=\"widget\" data-e-type=\"widget\" data-settings=\"{&quot;step_next_label&quot;:&quot;Next&quot;,&quot;step_previous_label&quot;:&quot;Previous&quot;,&quot;step_type&quot;:&quot;number_text&quot;,&quot;step_icon_shape&quot;:&quot;circle&quot;}\" data-widget_type=\"form.default\">\n\t\t\t\t<div class=\"elementor-widget-container\">\n\t\t\t\t\t\t\t<form class=\"elementor-form\" method=\"post\" name=\"New Form\" aria-label=\"New Form\">\n\t\t\t<input type=\"hidden\" name=\"post_id\" value=\"114827\"\/>\n\t\t\t<input type=\"hidden\" name=\"form_id\" value=\"28f0279\"\/>\n\t\t\t<input type=\"hidden\" name=\"referer_title\" value=\"Institut Chiari\" \/>\n\n\t\t\t\n\t\t\t<div class=\"elementor-form-fields-wrapper elementor-labels-\">\n\t\t\t\t\t\t\t\t<div class=\"elementor-field-type-text elementor-field-group elementor-column elementor-field-group-name elementor-col-50\">\n\t\t\t\t\t\t\t\t\t\t\t\t<label for=\"form-field-name\" class=\"elementor-field-label elementor-screen-only\">\n\t\t\t\t\t\t\t\tNome do doente\t\t\t\t\t\t\t<\/label>\n\t\t\t\t\t\t\t\t\t\t\t\t\t\t<input size=\"1\" type=\"text\" name=\"form_fields[name]\" id=\"form-field-name\" class=\"elementor-field elementor-size-sm  elementor-field-textual\" placeholder=\"Nome do(a) paciente\">\n\t\t\t\t\t\t\t\t\t\t\t<\/div>\n\t\t\t\t\t\t\t\t<div class=\"elementor-field-type-text elementor-field-group elementor-column elementor-field-group-consultor elementor-col-50\">\n\t\t\t\t\t\t\t\t\t\t\t\t<label for=\"form-field-consultor\" class=\"elementor-field-label elementor-screen-only\">\n\t\t\t\t\t\t\t\tNome do consultor\t\t\t\t\t\t\t<\/label>\n\t\t\t\t\t\t\t\t\t\t\t\t\t\t<input size=\"1\" type=\"text\" name=\"form_fields[consultor]\" id=\"form-field-consultor\" class=\"elementor-field elementor-size-sm  elementor-field-textual\" placeholder=\"Nome da pessoa que nos consulta\">\n\t\t\t\t\t\t\t\t\t\t\t<\/div>\n\t\t\t\t\t\t\t\t<div class=\"elementor-field-type-tel elementor-field-group elementor-column elementor-field-group-message elementor-col-50\">\n\t\t\t\t\t\t\t\t\t\t\t\t<label for=\"form-field-message\" class=\"elementor-field-label elementor-screen-only\">\n\t\t\t\t\t\t\t\tTelefone\t\t\t\t\t\t\t<\/label>\n\t\t\t\t\t\t\t\t<input size=\"1\" type=\"tel\" name=\"form_fields[message]\" id=\"form-field-message\" class=\"elementor-field elementor-size-sm  elementor-field-textual\" placeholder=\"Telefone\" pattern=\"[0-9()#&amp;+*-=.]+\" title=\"Only numbers and phone characters (#, -, *, etc) are accepted.\">\n\n\t\t\t\t\t\t<\/div>\n\t\t\t\t\t\t\t\t<div class=\"elementor-field-type-email elementor-field-group elementor-column elementor-field-group-field_856733b elementor-col-50 elementor-field-required\">\n\t\t\t\t\t\t\t\t\t\t\t\t<label for=\"form-field-field_856733b\" class=\"elementor-field-label elementor-screen-only\">\n\t\t\t\t\t\t\t\tE-mail\t\t\t\t\t\t\t<\/label>\n\t\t\t\t\t\t\t\t\t\t\t\t\t\t<input size=\"1\" type=\"email\" name=\"form_fields[field_856733b]\" id=\"form-field-field_856733b\" class=\"elementor-field elementor-size-sm  elementor-field-textual\" placeholder=\"E-mail (Verifique o seu endere\u00e7o de e-mail)\" required=\"required\">\n\t\t\t\t\t\t\t\t\t\t\t<\/div>\n\t\t\t\t\t\t\t\t<div class=\"elementor-field-type-select elementor-field-group elementor-column elementor-field-group-field_a251d38 elementor-col-100\">\n\t\t\t\t\t\t\t\t\t\t\t\t<label for=\"form-field-field_a251d38\" class=\"elementor-field-label elementor-screen-only\">\n\t\t\t\t\t\t\t\tLinguagem\t\t\t\t\t\t\t<\/label>\n\t\t\t\t\t\t\t\t<div class=\"elementor-field elementor-select-wrapper remove-before \">\n\t\t\t<div class=\"select-caret-down-wrapper\">\n\t\t\t\t<svg aria-hidden=\"true\" class=\"e-font-icon-svg e-eicon-caret-down\" viewBox=\"0 0 571.4 571.4\" xmlns=\"http:\/\/www.w3.org\/2000\/svg\"><path d=\"M571 393Q571 407 561 418L311 668Q300 679 286 679T261 668L11 418Q0 407 0 393T11 368 36 357H536Q550 357 561 368T571 393Z\"><\/path><\/svg>\t\t\t<\/div>\n\t\t\t<select name=\"form_fields[field_a251d38]\" id=\"form-field-field_a251d38\" class=\"elementor-field-textual elementor-size-sm\">\n\t\t\t\t\t\t\t\t\t<option value=\"Portugu\u00eas\" selected=\"selected\">Portugu\u00eas<\/option>\n\t\t\t\t\t\t\t\t\t<option value=\"espa\u00f1ol\">Espa\u00f1ol<\/option>\n\t\t\t\t\t\t\t\t\t<option value=\"catala\">Catal\u00e0<\/option>\n\t\t\t\t\t\t\t\t\t<option value=\"Fran\u00e7ais\">Fran\u00e7ais<\/option>\n\t\t\t\t\t\t\t\t\t<option value=\" \u0627\u0644\u0639\u0631\u0628\u064a\u0629\"> \u0627\u0644\u0639\u0631\u0628\u064a\u0629<\/option>\n\t\t\t\t\t\t\t\t\t<option value=\"english\">English<\/option>\n\t\t\t\t\t\t\t\t\t<option value=\"italiano\">Italiano<\/option>\n\t\t\t\t\t\t\t\t\t<option value=\"\u0420\u0443\u0441\u0441\u043a\u0438\u0439\">\u0420\u0443\u0441\u0441\u043a\u0438\u0439<\/option>\n\t\t\t\t\t\t\t\t\t<option value=\"deutsch\">Deutsch<\/option>\n\t\t\t\t\t\t\t\t\t<option value=\"\u4e2d\u6587 (\u7e41\u9ad4)\">\u4e2d\u6587 (\u7e41\u9ad4)<\/option>\n\t\t\t\t\t\t\t\t\t<option value=\"\u4e2d\u6587 (\u7b80\u4f53)\">\u4e2d\u6587 (\u7b80\u4f53)<\/option>\n\t\t\t\t\t\t\t\t\t<option value=\"Polski\">Polski<\/option>\n\t\t\t\t\t\t\t\t\t<option value=\"\u65e5\u672c\u8a9e\">\u65e5\u672c\u8a9e<\/option>\n\t\t\t\t\t\t\t\t\t<option value=\"\ud55c\uad6d\uc5b4\">\ud55c\uad6d\uc5b4<\/option>\n\t\t\t\t\t\t\t\t\t<option value=\"\"><\/option>\n\t\t\t\t\t\t\t<\/select>\n\t\t<\/div>\n\t\t\t\t\t\t<\/div>\n\t\t\t\t\t\t\t\t<div class=\"elementor-field-type-text elementor-field-group elementor-column elementor-field-group-field_fdb645f elementor-col-50\">\n\t\t\t\t\t\t\t\t\t\t\t\t<label for=\"form-field-field_fdb645f\" class=\"elementor-field-label elementor-screen-only\">\n\t\t\t\t\t\t\t\tPa\u00eds e cidade\t\t\t\t\t\t\t<\/label>\n\t\t\t\t\t\t\t\t\t\t\t\t\t\t<input size=\"1\" type=\"text\" name=\"form_fields[field_fdb645f]\" id=\"form-field-field_fdb645f\" class=\"elementor-field elementor-size-sm  elementor-field-textual\" placeholder=\"Pa\u00eds e cidade\">\n\t\t\t\t\t\t\t\t\t\t\t<\/div>\n\t\t\t\t\t\t\t\t<div class=\"elementor-field-type-text elementor-field-group elementor-column elementor-field-group-field_1e2241c elementor-col-50\">\n\t\t\t\t\t\t\t\t\t\t\t\t<label for=\"form-field-field_1e2241c\" class=\"elementor-field-label elementor-screen-only\">\n\t\t\t\t\t\t\t\tIdade\t\t\t\t\t\t\t<\/label>\n\t\t\t\t\t\t\t\t\t\t\t\t\t\t<input size=\"1\" type=\"text\" name=\"form_fields[field_1e2241c]\" id=\"form-field-field_1e2241c\" class=\"elementor-field elementor-size-sm  elementor-field-textual\" placeholder=\"Idade\">\n\t\t\t\t\t\t\t\t\t\t\t<\/div>\n\t\t\t\t\t\t\t\t<div class=\"elementor-field-type-text elementor-field-group elementor-column elementor-field-group-field_d641f26 elementor-col-100\">\n\t\t\t\t\t\t\t\t\t\t\t\t<label for=\"form-field-field_d641f26\" class=\"elementor-field-label elementor-screen-only\">\n\t\t\t\t\t\t\t\tDiagn\u00f3stico\t\t\t\t\t\t\t<\/label>\n\t\t\t\t\t\t\t\t\t\t\t\t\t\t<input size=\"1\" type=\"text\" name=\"form_fields[field_d641f26]\" id=\"form-field-field_d641f26\" class=\"elementor-field elementor-size-sm  elementor-field-textual\" placeholder=\"Diagn\u00f3stico conhecido\">\n\t\t\t\t\t\t\t\t\t\t\t<\/div>\n\t\t\t\t\t\t\t\t<div class=\"elementor-field-type-textarea elementor-field-group elementor-column elementor-field-group-field_517ccd3 elementor-col-100\">\n\t\t\t\t\t\t\t\t\t\t\t\t<label for=\"form-field-field_517ccd3\" class=\"elementor-field-label elementor-screen-only\">\n\t\t\t\t\t\t\t\tConsulta\t\t\t\t\t\t\t<\/label>\n\t\t\t\t\t\t<textarea class=\"elementor-field-textual elementor-field  elementor-size-sm\" name=\"form_fields[field_517ccd3]\" id=\"form-field-field_517ccd3\" rows=\"4\" placeholder=\"Texto da sua consulta\"><\/textarea>\t\t\t\t<\/div>\n\t\t\t\t\t\t\t\t<div class=\"elementor-field-type-acceptance elementor-field-group elementor-column elementor-field-group-field_1d6fb15 elementor-col-100 elementor-field-required\">\n\t\t\t\t\t\t\t\t\t\t\t\t<label for=\"form-field-field_1d6fb15\" class=\"elementor-field-label elementor-screen-only\">\n\t\t\t\t\t\t\t\tPol\u00edtica de Privacidade\t\t\t\t\t\t\t<\/label>\n\t\t\t\t\t\t\t\t<div class=\"elementor-field-subgroup\">\n\t\t\t<span class=\"elementor-field-option\">\n\t\t\t\t<input type=\"checkbox\" name=\"form_fields[field_1d6fb15]\" id=\"form-field-field_1d6fb15\" class=\"elementor-field elementor-size-sm  elementor-acceptance-field\" required=\"required\">\n\t\t\t\t<label for=\"form-field-field_1d6fb15\"><a href=\"https:\/\/institutchiaribcn.com\/pt\/advertencia-juridica\/\">Aceito as condi\u00e7\u00f5es legais e consinto expressamente no tratamento<br> dos meus dados pessoais de acordo com o Regulamento UE 2016\/679.<br>\nObjectivo: responder \u00e0 sua solicita\u00e7\u00e3o.<\/a><\/label>\t\t\t<\/span>\n\t\t<\/div>\n\t\t\t\t\t\t<\/div>\n\t\t\t\t\t\t\t\t<div class=\"elementor-field-type-recaptcha_v3 elementor-field-group elementor-column elementor-field-group-field_8f3e6a1 elementor-col-100 recaptcha_v3-bottomright\">\n\t\t\t\t\t<div class=\"elementor-field\" id=\"form-field-field_8f3e6a1\"><div class=\"elementor-g-recaptcha\" data-sitekey=\"6LfKPPwrAAAAADQG2azuG7c6dwP67noUhSeWb4wS\" data-type=\"v3\" data-action=\"Form\" data-badge=\"bottomright\" data-size=\"invisible\"><\/div><\/div>\t\t\t\t<\/div>\n\t\t\t\t\t\t\t\t<div class=\"elementor-field-type-text\">\n\t\t\t\t\t<input size=\"1\" type=\"text\" name=\"form_fields[field_2c9e7e8]\" id=\"form-field-field_2c9e7e8\" class=\"elementor-field elementor-size-sm \" style=\"display:none !important;\">\t\t\t\t<\/div>\n\t\t\t\t\t\t\t\t<div class=\"elementor-field-type-hidden elementor-field-group elementor-column elementor-field-group-page_title elementor-col-100\">\n\t\t\t\t\t\t\t\t\t\t\t\t\t<input size=\"1\" type=\"hidden\" name=\"form_fields[page_title]\" id=\"form-field-page_title\" class=\"elementor-field elementor-size-sm  elementor-field-textual\">\n\t\t\t\t\t\t\t\t\t\t\t<\/div>\n\t\t\t\t\t\t\t\t<div class=\"elementor-field-type-hidden elementor-field-group elementor-column elementor-field-group-gclid elementor-col-100\">\n\t\t\t\t\t\t\t\t\t\t\t\t\t<input size=\"1\" type=\"hidden\" name=\"form_fields[gclid]\" id=\"form-field-gclid\" class=\"elementor-field elementor-size-sm  elementor-field-textual\">\n\t\t\t\t\t\t\t\t\t\t\t<\/div>\n\t\t\t\t\t\t\t\t<div class=\"elementor-field-type-hidden elementor-field-group elementor-column elementor-field-group-gad_source elementor-col-100\">\n\t\t\t\t\t\t\t\t\t\t\t\t\t<input size=\"1\" type=\"hidden\" name=\"form_fields[gad_source]\" id=\"form-field-gad_source\" class=\"elementor-field elementor-size-sm  elementor-field-textual\">\n\t\t\t\t\t\t\t\t\t\t\t<\/div>\n\t\t\t\t\t\t\t\t<div class=\"elementor-field-type-hidden elementor-field-group elementor-column elementor-field-group-gad_campaignid elementor-col-100\">\n\t\t\t\t\t\t\t\t\t\t\t\t\t<input size=\"1\" type=\"hidden\" name=\"form_fields[gad_campaignid]\" id=\"form-field-gad_campaignid\" class=\"elementor-field elementor-size-sm  elementor-field-textual\">\n\t\t\t\t\t\t\t\t\t\t\t<\/div>\n\t\t\t\t\t\t\t\t<div class=\"elementor-field-group elementor-column elementor-field-type-submit elementor-col-100 e-form__buttons\">\n\t\t\t\t\t<button class=\"elementor-button elementor-size-xs\" type=\"submit\">\n\t\t\t\t\t\t<span class=\"elementor-button-content-wrapper\">\n\t\t\t\t\t\t\t\t\t\t\t\t\t\t\t<span class=\"elementor-button-icon\">\n\t\t\t\t\t\t\t\t\t<svg aria-hidden=\"true\" class=\"e-font-icon-svg e-fas-paper-plane\" viewBox=\"0 0 512 512\" xmlns=\"http:\/\/www.w3.org\/2000\/svg\"><path d=\"M476 3.2L12.5 270.6c-18.1 10.4-15.8 35.6 2.2 43.2L121 358.4l287.3-253.2c5.5-4.9 13.3 2.6 8.6 8.3L176 407v80.5c0 23.6 28.5 32.9 42.5 15.8L282 426l124.6 52.2c14.2 6 30.4-2.9 33-18.2l72-432C515 7.8 493.3-6.8 476 3.2z\"><\/path><\/svg>\t\t\t\t\t\t\t\t\t\t\t\t\t\t\t\t\t<\/span>\n\t\t\t\t\t\t\t\t\t\t\t\t\t\t\t\t\t\t\t\t\t\t<span class=\"elementor-button-text\">Enviar<\/span>\n\t\t\t\t\t\t\t\t\t\t\t\t\t<\/span>\n\t\t\t\t\t<\/button>\n\t\t\t\t<\/div>\n\t\t\t<\/div>\n\t\t<\/form>\n\t\t\t\t\t\t<\/div>\n\t\t\t\t<\/div>\n\t\t\t\t<\/div>\n\t\t\t\t<\/div>\n\t\t<\/div>\n\t\t\t\t\t\t<\/div>\n\t\t\t\t<\/div>\n\t\t\t\t<\/div>\n\t\t\t\t\t<\/div>\n\t\t\t\t<\/div>\n\t\t\t\t<\/div>\n\t\t","protected":false},"excerpt":{"rendered":"<p>Segundo as investiga\u00e7\u00f5es do ICSEB, o novo conceito da Doen\u00e7a do Filum (DF) implica que ela \u00e9 devida a uma tra\u00e7\u00e3o caudal anormal de todo o sistema nervoso, afeta todos os seres humanos em diferentes graus de intensidade e inclui doen\u00e7as de causa desconhecida, como escoliose idiop\u00e1tica, cifose, hiperlordose, retifica\u00e7\u00e3o da coluna vertebral, siringomielia idiop\u00e1tica, [&hellip;]<\/p>\n","protected":false},"author":1,"featured_media":0,"parent":0,"menu_order":0,"comment_status":"closed","ping_status":"closed","template":"","meta":{"footnotes":""},"class_list":["post-142558","page","type-page","status-publish","hentry"],"yoast_head":"<!-- This site is optimized with the Yoast SEO plugin v27.1.1 - https:\/\/yoast.com\/product\/yoast-seo-wordpress\/ -->\n<title>Resultados do teste da Doen\u00e7a do Filum | ICSEB<\/title>\n<meta name=\"description\" content=\"Consulte os resultados do teste da Doen\u00e7a do Filum e saiba se os seus sintomas indicam a necessidade de avalia\u00e7\u00e3o m\u00e9dica no ICSEB.\" \/>\n<meta name=\"robots\" content=\"index, follow, max-snippet:-1, max-image-preview:large, max-video-preview:-1\" \/>\n<link rel=\"canonical\" href=\"https:\/\/institutchiaribcn.com\/pt\/resultados-do-teste-automatico-da-doenca-do-filum\/\" \/>\n<meta property=\"og:locale\" content=\"pt_PT\" \/>\n<meta property=\"og:type\" content=\"article\" \/>\n<meta property=\"og:title\" content=\"Resultados do teste da Doen\u00e7a do Filum | ICSEB\" \/>\n<meta property=\"og:description\" content=\"Consulte os resultados do teste da Doen\u00e7a do Filum e saiba se os seus sintomas indicam a necessidade de avalia\u00e7\u00e3o m\u00e9dica no ICSEB.\" \/>\n<meta property=\"og:url\" content=\"https:\/\/institutchiaribcn.com\/pt\/resultados-do-teste-automatico-da-doenca-do-filum\/\" \/>\n<meta property=\"og:site_name\" content=\"Institut Chiari\" \/>\n<meta property=\"article:modified_time\" content=\"2026-02-11T09:55:46+00:00\" \/>\n<meta name=\"twitter:card\" content=\"summary_large_image\" \/>\n<meta name=\"twitter:label1\" content=\"Tempo estimado de leitura\" \/>\n\t<meta name=\"twitter:data1\" content=\"1 minuto\" \/>\n<script type=\"application\/ld+json\" class=\"yoast-schema-graph\">{\"@context\":\"https:\/\/schema.org\",\"@graph\":[{\"@type\":\"WebPage\",\"@id\":\"https:\/\/institutchiaribcn.com\/pt\/resultados-do-teste-automatico-da-doenca-do-filum\/\",\"url\":\"https:\/\/institutchiaribcn.com\/pt\/resultados-do-teste-automatico-da-doenca-do-filum\/\",\"name\":\"Resultados do teste da Doen\u00e7a do Filum | ICSEB\",\"isPartOf\":{\"@id\":\"https:\/\/institutchiaribcn.com\/pt\/#website\"},\"datePublished\":\"2025-12-10T07:46:36+00:00\",\"dateModified\":\"2026-02-11T09:55:46+00:00\",\"description\":\"Consulte os resultados do teste da Doen\u00e7a do Filum e saiba se os seus sintomas indicam a necessidade de avalia\u00e7\u00e3o m\u00e9dica no ICSEB.\",\"breadcrumb\":{\"@id\":\"https:\/\/institutchiaribcn.com\/pt\/resultados-do-teste-automatico-da-doenca-do-filum\/#breadcrumb\"},\"inLanguage\":\"pt-PT\",\"potentialAction\":[{\"@type\":\"ReadAction\",\"target\":[\"https:\/\/institutchiaribcn.com\/pt\/resultados-do-teste-automatico-da-doenca-do-filum\/\"]}]},{\"@type\":\"BreadcrumbList\",\"@id\":\"https:\/\/institutchiaribcn.com\/pt\/resultados-do-teste-automatico-da-doenca-do-filum\/#breadcrumb\",\"itemListElement\":[{\"@type\":\"ListItem\",\"position\":1,\"name\":\"Portada\",\"item\":\"https:\/\/institutchiaribcn.com\/pt\/\"},{\"@type\":\"ListItem\",\"position\":2,\"name\":\"Resultados do Teste Autom\u00e1tico da Doen\u00e7a do Filum\"}]},{\"@type\":\"WebSite\",\"@id\":\"https:\/\/institutchiaribcn.com\/pt\/#website\",\"url\":\"https:\/\/institutchiaribcn.com\/pt\/\",\"name\":\"Institut Chiari de Barcelona\",\"description\":\"\",\"publisher\":{\"@id\":\"https:\/\/institutchiaribcn.com\/pt\/#organization\"},\"potentialAction\":[{\"@type\":\"SearchAction\",\"target\":{\"@type\":\"EntryPoint\",\"urlTemplate\":\"https:\/\/institutchiaribcn.com\/pt\/?s={search_term_string}\"},\"query-input\":{\"@type\":\"PropertyValueSpecification\",\"valueRequired\":true,\"valueName\":\"search_term_string\"}}],\"inLanguage\":\"pt-PT\"},{\"@type\":\"Organization\",\"@id\":\"https:\/\/institutchiaribcn.com\/pt\/#organization\",\"name\":\"Institut Chiari de Barcelona\",\"url\":\"https:\/\/institutchiaribcn.com\/pt\/\",\"logo\":{\"@type\":\"ImageObject\",\"inLanguage\":\"pt-PT\",\"@id\":\"https:\/\/institutchiaribcn.com\/pt\/#\/schema\/logo\/image\/\",\"url\":\"https:\/\/institutchiaribcn.com\/wp-content\/uploads\/2025\/10\/cropped-cropped-icsebNavLogo-1.png\",\"contentUrl\":\"https:\/\/institutchiaribcn.com\/wp-content\/uploads\/2025\/10\/cropped-cropped-icsebNavLogo-1.png\",\"width\":245,\"height\":99,\"caption\":\"Institut Chiari de Barcelona\"},\"image\":{\"@id\":\"https:\/\/institutchiaribcn.com\/pt\/#\/schema\/logo\/image\/\"}}]}<\/script>\n<!-- \/ Yoast SEO plugin. -->","yoast_head_json":{"title":"Resultados do teste da Doen\u00e7a do Filum | ICSEB","description":"Consulte os resultados do teste da Doen\u00e7a do Filum e saiba se os seus sintomas indicam a necessidade de avalia\u00e7\u00e3o m\u00e9dica no ICSEB.","robots":{"index":"index","follow":"follow","max-snippet":"max-snippet:-1","max-image-preview":"max-image-preview:large","max-video-preview":"max-video-preview:-1"},"canonical":"https:\/\/institutchiaribcn.com\/pt\/resultados-do-teste-automatico-da-doenca-do-filum\/","og_locale":"pt_PT","og_type":"article","og_title":"Resultados do teste da Doen\u00e7a do Filum | ICSEB","og_description":"Consulte os resultados do teste da Doen\u00e7a do Filum e saiba se os seus sintomas indicam a necessidade de avalia\u00e7\u00e3o m\u00e9dica no ICSEB.","og_url":"https:\/\/institutchiaribcn.com\/pt\/resultados-do-teste-automatico-da-doenca-do-filum\/","og_site_name":"Institut Chiari","article_modified_time":"2026-02-11T09:55:46+00:00","twitter_card":"summary_large_image","twitter_misc":{"Tempo estimado de leitura":"1 minuto"},"schema":{"@context":"https:\/\/schema.org","@graph":[{"@type":"WebPage","@id":"https:\/\/institutchiaribcn.com\/pt\/resultados-do-teste-automatico-da-doenca-do-filum\/","url":"https:\/\/institutchiaribcn.com\/pt\/resultados-do-teste-automatico-da-doenca-do-filum\/","name":"Resultados do teste da Doen\u00e7a do Filum | ICSEB","isPartOf":{"@id":"https:\/\/institutchiaribcn.com\/pt\/#website"},"datePublished":"2025-12-10T07:46:36+00:00","dateModified":"2026-02-11T09:55:46+00:00","description":"Consulte os resultados do teste da Doen\u00e7a do Filum e saiba se os seus sintomas indicam a necessidade de avalia\u00e7\u00e3o m\u00e9dica no ICSEB.","breadcrumb":{"@id":"https:\/\/institutchiaribcn.com\/pt\/resultados-do-teste-automatico-da-doenca-do-filum\/#breadcrumb"},"inLanguage":"pt-PT","potentialAction":[{"@type":"ReadAction","target":["https:\/\/institutchiaribcn.com\/pt\/resultados-do-teste-automatico-da-doenca-do-filum\/"]}]},{"@type":"BreadcrumbList","@id":"https:\/\/institutchiaribcn.com\/pt\/resultados-do-teste-automatico-da-doenca-do-filum\/#breadcrumb","itemListElement":[{"@type":"ListItem","position":1,"name":"Portada","item":"https:\/\/institutchiaribcn.com\/pt\/"},{"@type":"ListItem","position":2,"name":"Resultados do Teste Autom\u00e1tico da Doen\u00e7a do Filum"}]},{"@type":"WebSite","@id":"https:\/\/institutchiaribcn.com\/pt\/#website","url":"https:\/\/institutchiaribcn.com\/pt\/","name":"Institut Chiari de Barcelona","description":"","publisher":{"@id":"https:\/\/institutchiaribcn.com\/pt\/#organization"},"potentialAction":[{"@type":"SearchAction","target":{"@type":"EntryPoint","urlTemplate":"https:\/\/institutchiaribcn.com\/pt\/?s={search_term_string}"},"query-input":{"@type":"PropertyValueSpecification","valueRequired":true,"valueName":"search_term_string"}}],"inLanguage":"pt-PT"},{"@type":"Organization","@id":"https:\/\/institutchiaribcn.com\/pt\/#organization","name":"Institut Chiari de Barcelona","url":"https:\/\/institutchiaribcn.com\/pt\/","logo":{"@type":"ImageObject","inLanguage":"pt-PT","@id":"https:\/\/institutchiaribcn.com\/pt\/#\/schema\/logo\/image\/","url":"https:\/\/institutchiaribcn.com\/wp-content\/uploads\/2025\/10\/cropped-cropped-icsebNavLogo-1.png","contentUrl":"https:\/\/institutchiaribcn.com\/wp-content\/uploads\/2025\/10\/cropped-cropped-icsebNavLogo-1.png","width":245,"height":99,"caption":"Institut Chiari de Barcelona"},"image":{"@id":"https:\/\/institutchiaribcn.com\/pt\/#\/schema\/logo\/image\/"}}]}},"_links":{"self":[{"href":"https:\/\/institutchiaribcn.com\/pt\/wp-json\/wp\/v2\/pages\/142558","targetHints":{"allow":["GET"]}}],"collection":[{"href":"https:\/\/institutchiaribcn.com\/pt\/wp-json\/wp\/v2\/pages"}],"about":[{"href":"https:\/\/institutchiaribcn.com\/pt\/wp-json\/wp\/v2\/types\/page"}],"author":[{"embeddable":true,"href":"https:\/\/institutchiaribcn.com\/pt\/wp-json\/wp\/v2\/users\/1"}],"replies":[{"embeddable":true,"href":"https:\/\/institutchiaribcn.com\/pt\/wp-json\/wp\/v2\/comments?post=142558"}],"version-history":[{"count":8,"href":"https:\/\/institutchiaribcn.com\/pt\/wp-json\/wp\/v2\/pages\/142558\/revisions"}],"predecessor-version":[{"id":142998,"href":"https:\/\/institutchiaribcn.com\/pt\/wp-json\/wp\/v2\/pages\/142558\/revisions\/142998"}],"wp:attachment":[{"href":"https:\/\/institutchiaribcn.com\/pt\/wp-json\/wp\/v2\/media?parent=142558"}],"curies":[{"name":"wp","href":"https:\/\/api.w.org\/{rel}","templated":true}]}}