{"id":130629,"date":"2025-10-31T13:09:24","date_gmt":"2025-10-31T12:09:24","guid":{"rendered":"https:\/\/dev.institutchiaribcn.com\/?page_id=130629"},"modified":"2026-02-20T10:20:15","modified_gmt":"2026-02-20T09:20:15","slug":"legislacao-comunitaria-aplicavel","status":"publish","type":"page","link":"https:\/\/institutchiaribcn.com\/pt\/legislacao-comunitaria-aplicavel\/","title":{"rendered":"Legisla\u00e7\u00e3o Comunit\u00e1ria Aplic\u00e1vel\u2028"},"content":{"rendered":"\t\t<div data-elementor-type=\"wp-page\" data-elementor-id=\"130629\" class=\"elementor elementor-130629 elementor-130141\" data-elementor-post-type=\"page\">\n\t\t\t\t<div class=\"elementor-element elementor-element-e0b79a7 e-flex e-con-boxed e-con e-parent\" data-id=\"e0b79a7\" data-element_type=\"container\" data-e-type=\"container\">\n\t\t\t\t\t<div class=\"e-con-inner\">\n\t\t\t\t<div class=\"elementor-element elementor-element-4063fad elementor-widget elementor-widget-heading\" data-id=\"4063fad\" data-element_type=\"widget\" data-e-type=\"widget\" data-widget_type=\"heading.default\">\n\t\t\t\t<div class=\"elementor-widget-container\">\n\t\t\t\t\t<h1 class=\"elementor-heading-title elementor-size-default\">Legisla\u00e7\u00e3o Comunit\u00e1ria Aplic\u00e1vel\u2028<\/h1>\t\t\t\t<\/div>\n\t\t\t\t<\/div>\n\t\t\t\t<div class=\"elementor-element elementor-element-99775a7 elementor-widget elementor-widget-text-editor\" data-id=\"99775a7\" data-element_type=\"widget\" data-e-type=\"widget\" data-widget_type=\"text-editor.default\">\n\t\t\t\t<div class=\"elementor-widget-container\">\n\t\t\t\t\t\t\t\t\t<p class=\"text-muted aniview centerTXT\">Published by\u00a0<a title=\"Artigos de ICSEB\" href=\"https:\/\/institutchiaribcn.com\/pt\/author\/chiari\/\" rel=\"author\">ICSEB<\/a>\u00a0at 19 Junho, 2015<\/p><p><strong>\u2013 REGULAMENTO (CE) N.o 883\/2004 DO PARLAMENTO EUROPEU E DO CONSELHO de 29 de Abril de 2004 relativo \u00e0 coordena\u00e7\u00e3o dos sistemas de seguran\u00e7a social.<\/strong><\/p><p><a href=\"https:\/\/eur-lex.europa.eu\/legal-content\/PT\/TXT\/PDF\/?uri=CELEX:32004R0883&amp;from=PT\">https:\/\/eur-lex.europa.eu\/legal-content\/PT\/TXT\/PDF\/?uri=CELEX:32004R0883&amp;from=PT<\/a><\/p><p>\u00a0<\/p><p><strong>\u2013 REGULAMENTO (CE) n.o 987\/2009 DO PARLAMENTO EUROPEU E DO CONSELHO de 16 de Setembro de 2009 que estabelece as modalidades de aplica\u00e7\u00e3o do Regulamento (CE) n.o 883\/2004 relativo \u00e0 coordena\u00e7\u00e3o dos sistemas de seguran\u00e7a social.\u00a0<\/strong><\/p><p><a href=\"https:\/\/eur-lex.europa.eu\/legal-content\/PT\/TXT\/PDF\/?uri=CELEX:32009R0987&amp;from=PT\">https:\/\/eur-lex.europa.eu\/legal-content\/PT\/TXT\/PDF\/?uri=CELEX:32009R0987&amp;from=PT<\/a><\/p><p>\u00a0<\/p><p><strong>\u2013 DIRECTIVA 2011\/24\/UE DO PARLAMENTO EUROPEU E DO CONSELHO de 9 de Mar\u00e7o de 2011 relativa ao exerc\u00edcio dos direitos dos doentes em mat\u00e9ria de cuidados de sa\u00fade transfronteiri\u00e7os.<\/strong><\/p><p><a href=\"https:\/\/eur-lex.europa.eu\/LexUriServ\/LexUriServ.do?uri=OJ:L:2011:088:0045:0065:PT:PDF\">https:\/\/eur-lex.europa.eu\/LexUriServ\/LexUriServ.do?uri=OJ:L:2011:088:0045:0065:PT:PDF<\/a><\/p>\t\t\t\t\t\t\t\t<\/div>\n\t\t\t\t<\/div>\n\t\t\t\t\t<\/div>\n\t\t\t\t<\/div>\n\t\t\t\t<\/div>\n\t\t","protected":false},"excerpt":{"rendered":"<p>Legisla\u00e7\u00e3o Comunit\u00e1ria Aplic\u00e1vel Published by\u00a0ICSEB\u00a0at 19 Junho, 2015 \u2013 REGULAMENTO (CE) N.o 883\/2004 DO PARLAMENTO EUROPEU E DO CONSELHO de 29 de Abril de 2004 relativo \u00e0 coordena\u00e7\u00e3o dos sistemas de seguran\u00e7a social. https:\/\/eur-lex.europa.eu\/legal-content\/PT\/TXT\/PDF\/?uri=CELEX:32004R0883&amp;from=PT \u2013 REGULAMENTO (CE) n.o 987\/2009 DO PARLAMENTO EUROPEU E DO CONSELHO de 16 de Setembro de 2009 que estabelece as modalidades [&hellip;]<\/p>\n","protected":false},"author":1,"featured_media":0,"parent":0,"menu_order":0,"comment_status":"closed","ping_status":"closed","template":"","meta":{"footnotes":""},"class_list":["post-130629","page","type-page","status-publish","hentry"],"yoast_head":"<!-- This site is optimized with the Yoast SEO plugin v27.1.1 - https:\/\/yoast.com\/product\/yoast-seo-wordpress\/ -->\n<title>Legisla\u00e7\u00e3o comunit\u00e1ria aplic\u00e1vel | ICSEB<\/title>\n<meta name=\"description\" content=\"Explica\u00e7\u00e3o das normas comunit\u00e1rias aplic\u00e1veis e dos direitos dos pacientes no contexto do Institut Chiari Barcelona (ICSEB).\" \/>\n<meta name=\"robots\" content=\"index, follow, max-snippet:-1, max-image-preview:large, max-video-preview:-1\" \/>\n<link rel=\"canonical\" href=\"https:\/\/institutchiaribcn.com\/pt\/legislacao-comunitaria-aplicavel\/\" \/>\n<meta property=\"og:locale\" content=\"pt_PT\" \/>\n<meta property=\"og:type\" content=\"article\" \/>\n<meta property=\"og:title\" content=\"Legisla\u00e7\u00e3o comunit\u00e1ria aplic\u00e1vel | ICSEB\" \/>\n<meta property=\"og:description\" content=\"Explica\u00e7\u00e3o das normas comunit\u00e1rias aplic\u00e1veis e dos direitos dos pacientes no contexto do Institut Chiari Barcelona (ICSEB).\" \/>\n<meta property=\"og:url\" content=\"https:\/\/institutchiaribcn.com\/pt\/legislacao-comunitaria-aplicavel\/\" \/>\n<meta property=\"og:site_name\" content=\"Institut Chiari\" \/>\n<meta property=\"article:modified_time\" content=\"2026-02-20T09:20:15+00:00\" \/>\n<meta name=\"twitter:card\" content=\"summary_large_image\" \/>\n<meta name=\"twitter:label1\" content=\"Tempo estimado de leitura\" \/>\n\t<meta name=\"twitter:data1\" content=\"1 minuto\" \/>\n<script type=\"application\/ld+json\" class=\"yoast-schema-graph\">{\"@context\":\"https:\/\/schema.org\",\"@graph\":[{\"@type\":\"WebPage\",\"@id\":\"https:\/\/institutchiaribcn.com\/pt\/legislacao-comunitaria-aplicavel\/\",\"url\":\"https:\/\/institutchiaribcn.com\/pt\/legislacao-comunitaria-aplicavel\/\",\"name\":\"Legisla\u00e7\u00e3o comunit\u00e1ria aplic\u00e1vel | ICSEB\",\"isPartOf\":{\"@id\":\"https:\/\/institutchiaribcn.com\/pt\/#website\"},\"datePublished\":\"2025-10-31T12:09:24+00:00\",\"dateModified\":\"2026-02-20T09:20:15+00:00\",\"description\":\"Explica\u00e7\u00e3o das normas comunit\u00e1rias aplic\u00e1veis e dos direitos dos pacientes no contexto do Institut Chiari Barcelona (ICSEB).\",\"breadcrumb\":{\"@id\":\"https:\/\/institutchiaribcn.com\/pt\/legislacao-comunitaria-aplicavel\/#breadcrumb\"},\"inLanguage\":\"pt-PT\",\"potentialAction\":[{\"@type\":\"ReadAction\",\"target\":[\"https:\/\/institutchiaribcn.com\/pt\/legislacao-comunitaria-aplicavel\/\"]}]},{\"@type\":\"BreadcrumbList\",\"@id\":\"https:\/\/institutchiaribcn.com\/pt\/legislacao-comunitaria-aplicavel\/#breadcrumb\",\"itemListElement\":[{\"@type\":\"ListItem\",\"position\":1,\"name\":\"Portada\",\"item\":\"https:\/\/institutchiaribcn.com\/pt\/\"},{\"@type\":\"ListItem\",\"position\":2,\"name\":\"Legisla\u00e7\u00e3o Comunit\u00e1ria Aplic\u00e1vel\\u2028\"}]},{\"@type\":\"WebSite\",\"@id\":\"https:\/\/institutchiaribcn.com\/pt\/#website\",\"url\":\"https:\/\/institutchiaribcn.com\/pt\/\",\"name\":\"Institut Chiari de Barcelona\",\"description\":\"\",\"publisher\":{\"@id\":\"https:\/\/institutchiaribcn.com\/pt\/#organization\"},\"potentialAction\":[{\"@type\":\"SearchAction\",\"target\":{\"@type\":\"EntryPoint\",\"urlTemplate\":\"https:\/\/institutchiaribcn.com\/pt\/?s={search_term_string}\"},\"query-input\":{\"@type\":\"PropertyValueSpecification\",\"valueRequired\":true,\"valueName\":\"search_term_string\"}}],\"inLanguage\":\"pt-PT\"},{\"@type\":\"Organization\",\"@id\":\"https:\/\/institutchiaribcn.com\/pt\/#organization\",\"name\":\"Institut Chiari de Barcelona\",\"url\":\"https:\/\/institutchiaribcn.com\/pt\/\",\"logo\":{\"@type\":\"ImageObject\",\"inLanguage\":\"pt-PT\",\"@id\":\"https:\/\/institutchiaribcn.com\/pt\/#\/schema\/logo\/image\/\",\"url\":\"https:\/\/institutchiaribcn.com\/wp-content\/uploads\/2025\/10\/cropped-cropped-icsebNavLogo-1.png\",\"contentUrl\":\"https:\/\/institutchiaribcn.com\/wp-content\/uploads\/2025\/10\/cropped-cropped-icsebNavLogo-1.png\",\"width\":245,\"height\":99,\"caption\":\"Institut Chiari de Barcelona\"},\"image\":{\"@id\":\"https:\/\/institutchiaribcn.com\/pt\/#\/schema\/logo\/image\/\"}}]}<\/script>\n<!-- \/ Yoast SEO plugin. -->","yoast_head_json":{"title":"Legisla\u00e7\u00e3o comunit\u00e1ria aplic\u00e1vel | ICSEB","description":"Explica\u00e7\u00e3o das normas comunit\u00e1rias aplic\u00e1veis e dos direitos dos pacientes no contexto do Institut Chiari Barcelona (ICSEB).","robots":{"index":"index","follow":"follow","max-snippet":"max-snippet:-1","max-image-preview":"max-image-preview:large","max-video-preview":"max-video-preview:-1"},"canonical":"https:\/\/institutchiaribcn.com\/pt\/legislacao-comunitaria-aplicavel\/","og_locale":"pt_PT","og_type":"article","og_title":"Legisla\u00e7\u00e3o comunit\u00e1ria aplic\u00e1vel | ICSEB","og_description":"Explica\u00e7\u00e3o das normas comunit\u00e1rias aplic\u00e1veis e dos direitos dos pacientes no contexto do Institut Chiari Barcelona (ICSEB).","og_url":"https:\/\/institutchiaribcn.com\/pt\/legislacao-comunitaria-aplicavel\/","og_site_name":"Institut Chiari","article_modified_time":"2026-02-20T09:20:15+00:00","twitter_card":"summary_large_image","twitter_misc":{"Tempo estimado de leitura":"1 minuto"},"schema":{"@context":"https:\/\/schema.org","@graph":[{"@type":"WebPage","@id":"https:\/\/institutchiaribcn.com\/pt\/legislacao-comunitaria-aplicavel\/","url":"https:\/\/institutchiaribcn.com\/pt\/legislacao-comunitaria-aplicavel\/","name":"Legisla\u00e7\u00e3o comunit\u00e1ria aplic\u00e1vel | ICSEB","isPartOf":{"@id":"https:\/\/institutchiaribcn.com\/pt\/#website"},"datePublished":"2025-10-31T12:09:24+00:00","dateModified":"2026-02-20T09:20:15+00:00","description":"Explica\u00e7\u00e3o das normas comunit\u00e1rias aplic\u00e1veis e dos direitos dos pacientes no contexto do Institut Chiari Barcelona (ICSEB).","breadcrumb":{"@id":"https:\/\/institutchiaribcn.com\/pt\/legislacao-comunitaria-aplicavel\/#breadcrumb"},"inLanguage":"pt-PT","potentialAction":[{"@type":"ReadAction","target":["https:\/\/institutchiaribcn.com\/pt\/legislacao-comunitaria-aplicavel\/"]}]},{"@type":"BreadcrumbList","@id":"https:\/\/institutchiaribcn.com\/pt\/legislacao-comunitaria-aplicavel\/#breadcrumb","itemListElement":[{"@type":"ListItem","position":1,"name":"Portada","item":"https:\/\/institutchiaribcn.com\/pt\/"},{"@type":"ListItem","position":2,"name":"Legisla\u00e7\u00e3o Comunit\u00e1ria Aplic\u00e1vel\u2028"}]},{"@type":"WebSite","@id":"https:\/\/institutchiaribcn.com\/pt\/#website","url":"https:\/\/institutchiaribcn.com\/pt\/","name":"Institut Chiari de Barcelona","description":"","publisher":{"@id":"https:\/\/institutchiaribcn.com\/pt\/#organization"},"potentialAction":[{"@type":"SearchAction","target":{"@type":"EntryPoint","urlTemplate":"https:\/\/institutchiaribcn.com\/pt\/?s={search_term_string}"},"query-input":{"@type":"PropertyValueSpecification","valueRequired":true,"valueName":"search_term_string"}}],"inLanguage":"pt-PT"},{"@type":"Organization","@id":"https:\/\/institutchiaribcn.com\/pt\/#organization","name":"Institut Chiari de Barcelona","url":"https:\/\/institutchiaribcn.com\/pt\/","logo":{"@type":"ImageObject","inLanguage":"pt-PT","@id":"https:\/\/institutchiaribcn.com\/pt\/#\/schema\/logo\/image\/","url":"https:\/\/institutchiaribcn.com\/wp-content\/uploads\/2025\/10\/cropped-cropped-icsebNavLogo-1.png","contentUrl":"https:\/\/institutchiaribcn.com\/wp-content\/uploads\/2025\/10\/cropped-cropped-icsebNavLogo-1.png","width":245,"height":99,"caption":"Institut Chiari de Barcelona"},"image":{"@id":"https:\/\/institutchiaribcn.com\/pt\/#\/schema\/logo\/image\/"}}]}},"_links":{"self":[{"href":"https:\/\/institutchiaribcn.com\/pt\/wp-json\/wp\/v2\/pages\/130629","targetHints":{"allow":["GET"]}}],"collection":[{"href":"https:\/\/institutchiaribcn.com\/pt\/wp-json\/wp\/v2\/pages"}],"about":[{"href":"https:\/\/institutchiaribcn.com\/pt\/wp-json\/wp\/v2\/types\/page"}],"author":[{"embeddable":true,"href":"https:\/\/institutchiaribcn.com\/pt\/wp-json\/wp\/v2\/users\/1"}],"replies":[{"embeddable":true,"href":"https:\/\/institutchiaribcn.com\/pt\/wp-json\/wp\/v2\/comments?post=130629"}],"version-history":[{"count":1,"href":"https:\/\/institutchiaribcn.com\/pt\/wp-json\/wp\/v2\/pages\/130629\/revisions"}],"predecessor-version":[{"id":145696,"href":"https:\/\/institutchiaribcn.com\/pt\/wp-json\/wp\/v2\/pages\/130629\/revisions\/145696"}],"wp:attachment":[{"href":"https:\/\/institutchiaribcn.com\/pt\/wp-json\/wp\/v2\/media?parent=130629"}],"curies":[{"name":"wp","href":"https:\/\/api.w.org\/{rel}","templated":true}]}}