{"id":130375,"date":"2025-10-31T13:11:00","date_gmt":"2025-10-31T12:11:00","guid":{"rendered":"https:\/\/dev.institutchiaribcn.com\/?page_id=130375"},"modified":"2026-03-06T10:45:05","modified_gmt":"2026-03-06T09:45:05","slug":"outros-instrumentos","status":"publish","type":"page","link":"https:\/\/institutchiaribcn.com\/pt\/outros-instrumentos\/","title":{"rendered":"Outros Instrumentos"},"content":{"rendered":"\t\t<div data-elementor-type=\"wp-page\" data-elementor-id=\"130375\" class=\"elementor elementor-130375 elementor-130164\" data-elementor-post-type=\"page\">\n\t\t\t\t<div class=\"elementor-element elementor-element-ead9dd5 e-flex e-con-boxed e-con e-parent\" data-id=\"ead9dd5\" data-element_type=\"container\" data-e-type=\"container\">\n\t\t\t\t\t<div class=\"e-con-inner\">\n\t\t\t\t<div class=\"elementor-element elementor-element-ffc210c elementor-widget elementor-widget-heading\" data-id=\"ffc210c\" data-element_type=\"widget\" data-e-type=\"widget\" data-widget_type=\"heading.default\">\n\t\t\t\t<div class=\"elementor-widget-container\">\n\t\t\t\t\t<h1 class=\"elementor-heading-title elementor-size-default\">Outros Instrumentos<\/h1>\t\t\t\t<\/div>\n\t\t\t\t<\/div>\n\t\t\t\t<div class=\"elementor-element elementor-element-1673a00 elementor-widget elementor-widget-text-editor\" data-id=\"1673a00\" data-element_type=\"widget\" data-e-type=\"widget\" data-widget_type=\"text-editor.default\">\n\t\t\t\t<div class=\"elementor-widget-container\">\n\t\t\t\t\t\t\t\t\t<p class=\"text-muted aniview centerTXT\">Published by\u00a0<a title=\"Artigos de ICSEB\" href=\"https:\/\/institutchiaribcn.com\/pt\/author\/chiari\/\" rel=\"author\">ICSEB<\/a>\u00a0at 18 Junho, 2015<\/p><p><strong>\u2013 WMA Declaration of Helsinki \u2013 Ethical Principles for Medical Research Involving Human Subjects. Last update in 64th WMA General Assembly, Fortaleza, Brazil, October 2013.<\/strong><\/p><p><a href=\"https:\/\/www.wma.net\/en\/30publications\/10policies\/b3\/\" target=\"_blank\" rel=\"noopener\">https:\/\/www.wma.net\/en\/30publications\/10policies\/b3\/<\/a><\/p>\t\t\t\t\t\t\t\t<\/div>\n\t\t\t\t<\/div>\n\t\t\t\t\t<\/div>\n\t\t\t\t<\/div>\n\t\t\t\t<\/div>\n\t\t","protected":false},"excerpt":{"rendered":"<p>Outros Instrumentos Published by\u00a0ICSEB\u00a0at 18 Junho, 2015 \u2013 WMA Declaration of Helsinki \u2013 Ethical Principles for Medical Research Involving Human Subjects. Last update in 64th WMA General Assembly, Fortaleza, Brazil, October 2013. https:\/\/www.wma.net\/en\/30publications\/10policies\/b3\/<\/p>\n","protected":false},"author":1,"featured_media":0,"parent":0,"menu_order":0,"comment_status":"closed","ping_status":"closed","template":"","meta":{"footnotes":""},"class_list":["post-130375","page","type-page","status-publish","hentry"],"yoast_head":"<!-- This site is optimized with the Yoast SEO plugin v27.1.1 - https:\/\/yoast.com\/product\/yoast-seo-wordpress\/ -->\n<title>Outros instrumentos diagn\u00f3sticos e terap\u00eauticos | ICSEB<\/title>\n<meta name=\"description\" content=\"Instrumentos diagn\u00f3sticos e terap\u00eauticos utilizados pelo ICSEB no estudo e tratamento de patologias como Chiari, siringomielia e escoliose.\" \/>\n<meta name=\"robots\" content=\"index, follow, max-snippet:-1, max-image-preview:large, max-video-preview:-1\" \/>\n<link rel=\"canonical\" href=\"https:\/\/institutchiaribcn.com\/pt\/outros-instrumentos\/\" \/>\n<meta property=\"og:locale\" content=\"pt_PT\" \/>\n<meta property=\"og:type\" content=\"article\" \/>\n<meta property=\"og:title\" content=\"Outros instrumentos diagn\u00f3sticos e terap\u00eauticos | ICSEB\" \/>\n<meta property=\"og:description\" content=\"Instrumentos diagn\u00f3sticos e terap\u00eauticos utilizados pelo ICSEB no estudo e tratamento de patologias como Chiari, siringomielia e escoliose.\" \/>\n<meta property=\"og:url\" content=\"https:\/\/institutchiaribcn.com\/pt\/outros-instrumentos\/\" \/>\n<meta property=\"og:site_name\" content=\"Institut Chiari\" \/>\n<meta property=\"article:modified_time\" content=\"2026-03-06T09:45:05+00:00\" \/>\n<meta name=\"twitter:card\" content=\"summary_large_image\" \/>\n<meta name=\"twitter:label1\" content=\"Tempo estimado de leitura\" \/>\n\t<meta name=\"twitter:data1\" content=\"1 minuto\" \/>\n<script type=\"application\/ld+json\" class=\"yoast-schema-graph\">{\"@context\":\"https:\/\/schema.org\",\"@graph\":[{\"@type\":\"WebPage\",\"@id\":\"https:\/\/institutchiaribcn.com\/pt\/outros-instrumentos\/\",\"url\":\"https:\/\/institutchiaribcn.com\/pt\/outros-instrumentos\/\",\"name\":\"Outros instrumentos diagn\u00f3sticos e terap\u00eauticos | ICSEB\",\"isPartOf\":{\"@id\":\"https:\/\/institutchiaribcn.com\/pt\/#website\"},\"datePublished\":\"2025-10-31T12:11:00+00:00\",\"dateModified\":\"2026-03-06T09:45:05+00:00\",\"description\":\"Instrumentos diagn\u00f3sticos e terap\u00eauticos utilizados pelo ICSEB no estudo e tratamento de patologias como Chiari, siringomielia e escoliose.\",\"breadcrumb\":{\"@id\":\"https:\/\/institutchiaribcn.com\/pt\/outros-instrumentos\/#breadcrumb\"},\"inLanguage\":\"pt-PT\",\"potentialAction\":[{\"@type\":\"ReadAction\",\"target\":[\"https:\/\/institutchiaribcn.com\/pt\/outros-instrumentos\/\"]}]},{\"@type\":\"BreadcrumbList\",\"@id\":\"https:\/\/institutchiaribcn.com\/pt\/outros-instrumentos\/#breadcrumb\",\"itemListElement\":[{\"@type\":\"ListItem\",\"position\":1,\"name\":\"Portada\",\"item\":\"https:\/\/institutchiaribcn.com\/pt\/\"},{\"@type\":\"ListItem\",\"position\":2,\"name\":\"Outros Instrumentos\"}]},{\"@type\":\"WebSite\",\"@id\":\"https:\/\/institutchiaribcn.com\/pt\/#website\",\"url\":\"https:\/\/institutchiaribcn.com\/pt\/\",\"name\":\"Institut Chiari de Barcelona\",\"description\":\"\",\"publisher\":{\"@id\":\"https:\/\/institutchiaribcn.com\/pt\/#organization\"},\"potentialAction\":[{\"@type\":\"SearchAction\",\"target\":{\"@type\":\"EntryPoint\",\"urlTemplate\":\"https:\/\/institutchiaribcn.com\/pt\/?s={search_term_string}\"},\"query-input\":{\"@type\":\"PropertyValueSpecification\",\"valueRequired\":true,\"valueName\":\"search_term_string\"}}],\"inLanguage\":\"pt-PT\"},{\"@type\":\"Organization\",\"@id\":\"https:\/\/institutchiaribcn.com\/pt\/#organization\",\"name\":\"Institut Chiari de Barcelona\",\"url\":\"https:\/\/institutchiaribcn.com\/pt\/\",\"logo\":{\"@type\":\"ImageObject\",\"inLanguage\":\"pt-PT\",\"@id\":\"https:\/\/institutchiaribcn.com\/pt\/#\/schema\/logo\/image\/\",\"url\":\"https:\/\/institutchiaribcn.com\/wp-content\/uploads\/2025\/10\/cropped-cropped-icsebNavLogo-1.png\",\"contentUrl\":\"https:\/\/institutchiaribcn.com\/wp-content\/uploads\/2025\/10\/cropped-cropped-icsebNavLogo-1.png\",\"width\":245,\"height\":99,\"caption\":\"Institut Chiari de Barcelona\"},\"image\":{\"@id\":\"https:\/\/institutchiaribcn.com\/pt\/#\/schema\/logo\/image\/\"}}]}<\/script>\n<!-- \/ Yoast SEO plugin. -->","yoast_head_json":{"title":"Outros instrumentos diagn\u00f3sticos e terap\u00eauticos | ICSEB","description":"Instrumentos diagn\u00f3sticos e terap\u00eauticos utilizados pelo ICSEB no estudo e tratamento de patologias como Chiari, siringomielia e escoliose.","robots":{"index":"index","follow":"follow","max-snippet":"max-snippet:-1","max-image-preview":"max-image-preview:large","max-video-preview":"max-video-preview:-1"},"canonical":"https:\/\/institutchiaribcn.com\/pt\/outros-instrumentos\/","og_locale":"pt_PT","og_type":"article","og_title":"Outros instrumentos diagn\u00f3sticos e terap\u00eauticos | ICSEB","og_description":"Instrumentos diagn\u00f3sticos e terap\u00eauticos utilizados pelo ICSEB no estudo e tratamento de patologias como Chiari, siringomielia e escoliose.","og_url":"https:\/\/institutchiaribcn.com\/pt\/outros-instrumentos\/","og_site_name":"Institut Chiari","article_modified_time":"2026-03-06T09:45:05+00:00","twitter_card":"summary_large_image","twitter_misc":{"Tempo estimado de leitura":"1 minuto"},"schema":{"@context":"https:\/\/schema.org","@graph":[{"@type":"WebPage","@id":"https:\/\/institutchiaribcn.com\/pt\/outros-instrumentos\/","url":"https:\/\/institutchiaribcn.com\/pt\/outros-instrumentos\/","name":"Outros instrumentos diagn\u00f3sticos e terap\u00eauticos | ICSEB","isPartOf":{"@id":"https:\/\/institutchiaribcn.com\/pt\/#website"},"datePublished":"2025-10-31T12:11:00+00:00","dateModified":"2026-03-06T09:45:05+00:00","description":"Instrumentos diagn\u00f3sticos e terap\u00eauticos utilizados pelo ICSEB no estudo e tratamento de patologias como Chiari, siringomielia e escoliose.","breadcrumb":{"@id":"https:\/\/institutchiaribcn.com\/pt\/outros-instrumentos\/#breadcrumb"},"inLanguage":"pt-PT","potentialAction":[{"@type":"ReadAction","target":["https:\/\/institutchiaribcn.com\/pt\/outros-instrumentos\/"]}]},{"@type":"BreadcrumbList","@id":"https:\/\/institutchiaribcn.com\/pt\/outros-instrumentos\/#breadcrumb","itemListElement":[{"@type":"ListItem","position":1,"name":"Portada","item":"https:\/\/institutchiaribcn.com\/pt\/"},{"@type":"ListItem","position":2,"name":"Outros Instrumentos"}]},{"@type":"WebSite","@id":"https:\/\/institutchiaribcn.com\/pt\/#website","url":"https:\/\/institutchiaribcn.com\/pt\/","name":"Institut Chiari de Barcelona","description":"","publisher":{"@id":"https:\/\/institutchiaribcn.com\/pt\/#organization"},"potentialAction":[{"@type":"SearchAction","target":{"@type":"EntryPoint","urlTemplate":"https:\/\/institutchiaribcn.com\/pt\/?s={search_term_string}"},"query-input":{"@type":"PropertyValueSpecification","valueRequired":true,"valueName":"search_term_string"}}],"inLanguage":"pt-PT"},{"@type":"Organization","@id":"https:\/\/institutchiaribcn.com\/pt\/#organization","name":"Institut Chiari de Barcelona","url":"https:\/\/institutchiaribcn.com\/pt\/","logo":{"@type":"ImageObject","inLanguage":"pt-PT","@id":"https:\/\/institutchiaribcn.com\/pt\/#\/schema\/logo\/image\/","url":"https:\/\/institutchiaribcn.com\/wp-content\/uploads\/2025\/10\/cropped-cropped-icsebNavLogo-1.png","contentUrl":"https:\/\/institutchiaribcn.com\/wp-content\/uploads\/2025\/10\/cropped-cropped-icsebNavLogo-1.png","width":245,"height":99,"caption":"Institut Chiari de Barcelona"},"image":{"@id":"https:\/\/institutchiaribcn.com\/pt\/#\/schema\/logo\/image\/"}}]}},"_links":{"self":[{"href":"https:\/\/institutchiaribcn.com\/pt\/wp-json\/wp\/v2\/pages\/130375","targetHints":{"allow":["GET"]}}],"collection":[{"href":"https:\/\/institutchiaribcn.com\/pt\/wp-json\/wp\/v2\/pages"}],"about":[{"href":"https:\/\/institutchiaribcn.com\/pt\/wp-json\/wp\/v2\/types\/page"}],"author":[{"embeddable":true,"href":"https:\/\/institutchiaribcn.com\/pt\/wp-json\/wp\/v2\/users\/1"}],"replies":[{"embeddable":true,"href":"https:\/\/institutchiaribcn.com\/pt\/wp-json\/wp\/v2\/comments?post=130375"}],"version-history":[{"count":1,"href":"https:\/\/institutchiaribcn.com\/pt\/wp-json\/wp\/v2\/pages\/130375\/revisions"}],"predecessor-version":[{"id":147065,"href":"https:\/\/institutchiaribcn.com\/pt\/wp-json\/wp\/v2\/pages\/130375\/revisions\/147065"}],"wp:attachment":[{"href":"https:\/\/institutchiaribcn.com\/pt\/wp-json\/wp\/v2\/media?parent=130375"}],"curies":[{"name":"wp","href":"https:\/\/api.w.org\/{rel}","templated":true}]}}