{"id":116303,"date":"2025-10-10T21:42:25","date_gmt":"2025-10-10T19:42:25","guid":{"rendered":"https:\/\/dev.institutchiaribcn.com\/videos-testimonios\/"},"modified":"2026-04-02T10:11:33","modified_gmt":"2026-04-02T08:11:33","slug":"videos-depoimentos","status":"publish","type":"page","link":"https:\/\/institutchiaribcn.com\/pt\/videos-depoimentos\/","title":{"rendered":"V\u00eddeos de pacientes"},"content":{"rendered":"\t\t<div data-elementor-type=\"wp-page\" data-elementor-id=\"116303\" class=\"elementor elementor-116303 elementor-115431\" data-elementor-post-type=\"page\">\n\t\t\t\t<div class=\"elementor-element elementor-element-5fa0348 e-flex e-con-boxed e-con e-parent\" data-id=\"5fa0348\" data-element_type=\"container\" data-e-type=\"container\" data-settings=\"{&quot;background_background&quot;:&quot;classic&quot;}\">\n\t\t\t\t\t<div class=\"e-con-inner\">\n\t\t<div class=\"elementor-element elementor-element-9d02435 e-con-full e-flex e-con e-child\" data-id=\"9d02435\" data-element_type=\"container\" data-e-type=\"container\">\n\t\t\t\t<div class=\"elementor-element elementor-element-f9e7267 elementor-widget elementor-widget-heading\" data-id=\"f9e7267\" data-element_type=\"widget\" data-e-type=\"widget\" data-widget_type=\"heading.default\">\n\t\t\t\t<div class=\"elementor-widget-container\">\n\t\t\t\t\t<h1 class=\"elementor-heading-title elementor-size-default\">V\u00eddeos de pacientes\n<\/h1>\t\t\t\t<\/div>\n\t\t\t\t<\/div>\n\t\t\t\t<div class=\"elementor-element elementor-element-51bd986 elementor-widget elementor-widget-heading\" data-id=\"51bd986\" data-element_type=\"widget\" data-e-type=\"widget\" data-widget_type=\"heading.default\">\n\t\t\t\t<div class=\"elementor-widget-container\">\n\t\t\t\t\t<h2 class=\"elementor-heading-title elementor-size-default\">Institut Chiari &amp; Siringomielia &amp; Escoliosis de Barcelona<\/h2>\t\t\t\t<\/div>\n\t\t\t\t<\/div>\n\t\t\t\t<\/div>\n\t\t\t\t\t<\/div>\n\t\t\t\t<\/div>\n\t\t<div class=\"elementor-element elementor-element-58d228f e-flex e-con-boxed e-con e-parent\" data-id=\"58d228f\" data-element_type=\"container\" data-e-type=\"container\">\n\t\t\t\t\t<div class=\"e-con-inner\">\n\t\t\t\t<div class=\"elementor-element elementor-element-2771f67 elementor-widget elementor-widget-text-editor\" data-id=\"2771f67\" data-element_type=\"widget\" data-e-type=\"widget\" data-widget_type=\"text-editor.default\">\n\t\t\t\t<div class=\"elementor-widget-container\">\n\t\t\t\t\t\t\t\t\t<p>De outubro de 1993 at\u00e9 a atualidade, foram tratados\/as e operados\/as, segundo os protocolos do m\u00e9todo\u00a0<strong>FILUM-SYSTEM<sup>\u00ae<\/sup><\/strong>\u00ae, mais de 2,1 mil pacientes que padecem da S\u00edndrome Neuro-Cr\u00e2nio Vertebral e\/ou da Doen\u00e7a do Filum, com Arnold Chiari I, Siringomielia idiop\u00e1tica e Escoliose idiop\u00e1tica (combinadas entre si de diversas formas).<\/p><p>Na maioria dos casos, a evolu\u00e7\u00e3o p\u00f3s-operat\u00f3ria foi satisfat\u00f3ria, exceto em 5 casos, nos quais foram registradas complica\u00e7\u00f5es leves.<\/p><p>H\u00e1 alguns anos, come\u00e7amos a convidar os(as) pacientes em fase p\u00f3s-operat\u00f3ria a escrever para o nosso site os seus depoimentos sobre as suas hist\u00f3rias cl\u00ednicas. Gostar\u00edamos de lhes agradecer muito pela franqueza e pelo trabalho desinteressado de expressar suas opini\u00f5es a respeito do nosso tratamento exclusivo.<\/p><p><strong>OBSERVA\u00c7\u00c3O:\u00a0<\/strong><i>As opini\u00f5es emitidas nos depoimentos aqui publicados s\u00e3o de responsabilidade exclusiva dos seus autores(as) e n\u00e3o refletem, necessariamente, os pontos de vista do Institut Chiari &amp; Siringomielia &amp; Escoliosis de Barcelona.<\/i><\/p>\t\t\t\t\t\t\t\t<\/div>\n\t\t\t\t<\/div>\n\t\t\t\t\t<\/div>\n\t\t\t\t<\/div>\n\t\t\t\t<\/div>\n\t\t","protected":false},"excerpt":{"rendered":"<p>V\u00eddeos de pacientes Institut Chiari &amp; Siringomielia &amp; Escoliosis de Barcelona De outubro de 1993 at\u00e9 a atualidade, foram tratados\/as e operados\/as, segundo os protocolos do m\u00e9todo\u00a0FILUM-SYSTEM\u00ae\u00ae, mais de 2,1 mil pacientes que padecem da S\u00edndrome Neuro-Cr\u00e2nio Vertebral e\/ou da Doen\u00e7a do Filum, com Arnold Chiari I, Siringomielia idiop\u00e1tica e Escoliose idiop\u00e1tica (combinadas entre si [&hellip;]<\/p>\n","protected":false},"author":1,"featured_media":0,"parent":0,"menu_order":0,"comment_status":"closed","ping_status":"closed","template":"","meta":{"footnotes":""},"class_list":["post-116303","page","type-page","status-publish","hentry"],"yoast_head":"<!-- This site is optimized with the Yoast SEO plugin v27.1.1 - https:\/\/yoast.com\/product\/yoast-seo-wordpress\/ -->\n<title>Depoimentos em v\u00eddeo | Institut Chiari Barcelona<\/title>\n<meta name=\"description\" content=\"De outubro de 1993 at\u00e9 a atualidade, foram tratados\/as e operados\/as, segundo os protocolos do m\u00e9todo\u00a0FILUM-SYSTEM\u00ae\u00ae, mais de... \u00a0 Ver mais \u2192\" \/>\n<meta name=\"robots\" content=\"index, follow, max-snippet:-1, max-image-preview:large, max-video-preview:-1\" \/>\n<link rel=\"canonical\" href=\"https:\/\/institutchiaribcn.com\/pt\/videos-depoimentos\/\" \/>\n<meta property=\"og:locale\" content=\"pt_PT\" \/>\n<meta property=\"og:type\" content=\"article\" \/>\n<meta property=\"og:title\" content=\"Depoimentos em v\u00eddeo | Institut Chiari Barcelona\" \/>\n<meta property=\"og:description\" content=\"De outubro de 1993 at\u00e9 a atualidade, foram tratados\/as e operados\/as, segundo os protocolos do m\u00e9todo\u00a0FILUM-SYSTEM\u00ae\u00ae, mais de... \u00a0 Ver mais \u2192\" \/>\n<meta property=\"og:url\" content=\"https:\/\/institutchiaribcn.com\/pt\/videos-depoimentos\/\" \/>\n<meta property=\"og:site_name\" content=\"Institut Chiari\" \/>\n<meta property=\"article:modified_time\" content=\"2026-04-02T08:11:33+00:00\" \/>\n<meta name=\"twitter:card\" content=\"summary_large_image\" \/>\n<meta name=\"twitter:label1\" content=\"Tempo estimado de leitura\" \/>\n\t<meta name=\"twitter:data1\" content=\"1 minuto\" \/>\n<script type=\"application\/ld+json\" class=\"yoast-schema-graph\">{\"@context\":\"https:\/\/schema.org\",\"@graph\":[{\"@type\":\"WebPage\",\"@id\":\"https:\/\/institutchiaribcn.com\/pt\/videos-depoimentos\/\",\"url\":\"https:\/\/institutchiaribcn.com\/pt\/videos-depoimentos\/\",\"name\":\"Depoimentos em v\u00eddeo | Institut Chiari Barcelona\",\"isPartOf\":{\"@id\":\"https:\/\/institutchiaribcn.com\/pt\/#website\"},\"datePublished\":\"2025-10-10T19:42:25+00:00\",\"dateModified\":\"2026-04-02T08:11:33+00:00\",\"description\":\"De outubro de 1993 at\u00e9 a atualidade, foram tratados\/as e operados\/as, segundo os protocolos do m\u00e9todo\u00a0FILUM-SYSTEM\u00ae\u00ae, mais de... \u00a0 Ver mais \u2192\",\"breadcrumb\":{\"@id\":\"https:\/\/institutchiaribcn.com\/pt\/videos-depoimentos\/#breadcrumb\"},\"inLanguage\":\"pt-PT\",\"potentialAction\":[{\"@type\":\"ReadAction\",\"target\":[\"https:\/\/institutchiaribcn.com\/pt\/videos-depoimentos\/\"]}]},{\"@type\":\"BreadcrumbList\",\"@id\":\"https:\/\/institutchiaribcn.com\/pt\/videos-depoimentos\/#breadcrumb\",\"itemListElement\":[{\"@type\":\"ListItem\",\"position\":1,\"name\":\"Portada\",\"item\":\"https:\/\/institutchiaribcn.com\/pt\/\"},{\"@type\":\"ListItem\",\"position\":2,\"name\":\"V\u00eddeos de pacientes\"}]},{\"@type\":\"WebSite\",\"@id\":\"https:\/\/institutchiaribcn.com\/pt\/#website\",\"url\":\"https:\/\/institutchiaribcn.com\/pt\/\",\"name\":\"Institut Chiari de Barcelona\",\"description\":\"\",\"publisher\":{\"@id\":\"https:\/\/institutchiaribcn.com\/pt\/#organization\"},\"potentialAction\":[{\"@type\":\"SearchAction\",\"target\":{\"@type\":\"EntryPoint\",\"urlTemplate\":\"https:\/\/institutchiaribcn.com\/pt\/?s={search_term_string}\"},\"query-input\":{\"@type\":\"PropertyValueSpecification\",\"valueRequired\":true,\"valueName\":\"search_term_string\"}}],\"inLanguage\":\"pt-PT\"},{\"@type\":\"Organization\",\"@id\":\"https:\/\/institutchiaribcn.com\/pt\/#organization\",\"name\":\"Institut Chiari de Barcelona\",\"url\":\"https:\/\/institutchiaribcn.com\/pt\/\",\"logo\":{\"@type\":\"ImageObject\",\"inLanguage\":\"pt-PT\",\"@id\":\"https:\/\/institutchiaribcn.com\/pt\/#\/schema\/logo\/image\/\",\"url\":\"https:\/\/institutchiaribcn.com\/wp-content\/uploads\/2025\/10\/cropped-cropped-icsebNavLogo-1.png\",\"contentUrl\":\"https:\/\/institutchiaribcn.com\/wp-content\/uploads\/2025\/10\/cropped-cropped-icsebNavLogo-1.png\",\"width\":245,\"height\":99,\"caption\":\"Institut Chiari de Barcelona\"},\"image\":{\"@id\":\"https:\/\/institutchiaribcn.com\/pt\/#\/schema\/logo\/image\/\"}}]}<\/script>\n<!-- \/ Yoast SEO plugin. -->","yoast_head_json":{"title":"Depoimentos em v\u00eddeo | Institut Chiari Barcelona","description":"De outubro de 1993 at\u00e9 a atualidade, foram tratados\/as e operados\/as, segundo os protocolos do m\u00e9todo\u00a0FILUM-SYSTEM\u00ae\u00ae, mais de... \u00a0 Ver mais \u2192","robots":{"index":"index","follow":"follow","max-snippet":"max-snippet:-1","max-image-preview":"max-image-preview:large","max-video-preview":"max-video-preview:-1"},"canonical":"https:\/\/institutchiaribcn.com\/pt\/videos-depoimentos\/","og_locale":"pt_PT","og_type":"article","og_title":"Depoimentos em v\u00eddeo | Institut Chiari Barcelona","og_description":"De outubro de 1993 at\u00e9 a atualidade, foram tratados\/as e operados\/as, segundo os protocolos do m\u00e9todo\u00a0FILUM-SYSTEM\u00ae\u00ae, mais de... \u00a0 Ver mais \u2192","og_url":"https:\/\/institutchiaribcn.com\/pt\/videos-depoimentos\/","og_site_name":"Institut Chiari","article_modified_time":"2026-04-02T08:11:33+00:00","twitter_card":"summary_large_image","twitter_misc":{"Tempo estimado de leitura":"1 minuto"},"schema":{"@context":"https:\/\/schema.org","@graph":[{"@type":"WebPage","@id":"https:\/\/institutchiaribcn.com\/pt\/videos-depoimentos\/","url":"https:\/\/institutchiaribcn.com\/pt\/videos-depoimentos\/","name":"Depoimentos em v\u00eddeo | Institut Chiari Barcelona","isPartOf":{"@id":"https:\/\/institutchiaribcn.com\/pt\/#website"},"datePublished":"2025-10-10T19:42:25+00:00","dateModified":"2026-04-02T08:11:33+00:00","description":"De outubro de 1993 at\u00e9 a atualidade, foram tratados\/as e operados\/as, segundo os protocolos do m\u00e9todo\u00a0FILUM-SYSTEM\u00ae\u00ae, mais de... \u00a0 Ver mais \u2192","breadcrumb":{"@id":"https:\/\/institutchiaribcn.com\/pt\/videos-depoimentos\/#breadcrumb"},"inLanguage":"pt-PT","potentialAction":[{"@type":"ReadAction","target":["https:\/\/institutchiaribcn.com\/pt\/videos-depoimentos\/"]}]},{"@type":"BreadcrumbList","@id":"https:\/\/institutchiaribcn.com\/pt\/videos-depoimentos\/#breadcrumb","itemListElement":[{"@type":"ListItem","position":1,"name":"Portada","item":"https:\/\/institutchiaribcn.com\/pt\/"},{"@type":"ListItem","position":2,"name":"V\u00eddeos de pacientes"}]},{"@type":"WebSite","@id":"https:\/\/institutchiaribcn.com\/pt\/#website","url":"https:\/\/institutchiaribcn.com\/pt\/","name":"Institut Chiari de Barcelona","description":"","publisher":{"@id":"https:\/\/institutchiaribcn.com\/pt\/#organization"},"potentialAction":[{"@type":"SearchAction","target":{"@type":"EntryPoint","urlTemplate":"https:\/\/institutchiaribcn.com\/pt\/?s={search_term_string}"},"query-input":{"@type":"PropertyValueSpecification","valueRequired":true,"valueName":"search_term_string"}}],"inLanguage":"pt-PT"},{"@type":"Organization","@id":"https:\/\/institutchiaribcn.com\/pt\/#organization","name":"Institut Chiari de Barcelona","url":"https:\/\/institutchiaribcn.com\/pt\/","logo":{"@type":"ImageObject","inLanguage":"pt-PT","@id":"https:\/\/institutchiaribcn.com\/pt\/#\/schema\/logo\/image\/","url":"https:\/\/institutchiaribcn.com\/wp-content\/uploads\/2025\/10\/cropped-cropped-icsebNavLogo-1.png","contentUrl":"https:\/\/institutchiaribcn.com\/wp-content\/uploads\/2025\/10\/cropped-cropped-icsebNavLogo-1.png","width":245,"height":99,"caption":"Institut Chiari de Barcelona"},"image":{"@id":"https:\/\/institutchiaribcn.com\/pt\/#\/schema\/logo\/image\/"}}]}},"_links":{"self":[{"href":"https:\/\/institutchiaribcn.com\/pt\/wp-json\/wp\/v2\/pages\/116303","targetHints":{"allow":["GET"]}}],"collection":[{"href":"https:\/\/institutchiaribcn.com\/pt\/wp-json\/wp\/v2\/pages"}],"about":[{"href":"https:\/\/institutchiaribcn.com\/pt\/wp-json\/wp\/v2\/types\/page"}],"author":[{"embeddable":true,"href":"https:\/\/institutchiaribcn.com\/pt\/wp-json\/wp\/v2\/users\/1"}],"replies":[{"embeddable":true,"href":"https:\/\/institutchiaribcn.com\/pt\/wp-json\/wp\/v2\/comments?post=116303"}],"version-history":[{"count":1,"href":"https:\/\/institutchiaribcn.com\/pt\/wp-json\/wp\/v2\/pages\/116303\/revisions"}],"predecessor-version":[{"id":145126,"href":"https:\/\/institutchiaribcn.com\/pt\/wp-json\/wp\/v2\/pages\/116303\/revisions\/145126"}],"wp:attachment":[{"href":"https:\/\/institutchiaribcn.com\/pt\/wp-json\/wp\/v2\/media?parent=116303"}],"curies":[{"name":"wp","href":"https:\/\/api.w.org\/{rel}","templated":true}]}}