{"id":116289,"date":"2025-10-10T21:37:01","date_gmt":"2025-10-10T19:37:01","guid":{"rendered":"https:\/\/dev.institutchiaribcn.com\/intervenidos-de-columna-vertebral-testimonios\/"},"modified":"2026-03-18T11:34:28","modified_gmt":"2026-03-18T10:34:28","slug":"depoimentos-operados-da-coluna-vertebral","status":"publish","type":"page","link":"https:\/\/institutchiaribcn.com\/pt\/depoimentos-operados-da-coluna-vertebral\/","title":{"rendered":"Operados na coluna vertebral"},"content":{"rendered":"\t\t<div data-elementor-type=\"wp-page\" data-elementor-id=\"116289\" class=\"elementor elementor-116289 elementor-115419\" data-elementor-post-type=\"page\">\n\t\t\t\t<div class=\"elementor-element elementor-element-0439f45 e-flex e-con-boxed e-con e-parent\" data-id=\"0439f45\" data-element_type=\"container\" data-e-type=\"container\" data-settings=\"{&quot;background_background&quot;:&quot;classic&quot;}\">\n\t\t\t\t\t<div class=\"e-con-inner\">\n\t\t<div class=\"elementor-element elementor-element-dbbd51c e-con-full e-flex e-con e-child\" data-id=\"dbbd51c\" data-element_type=\"container\" data-e-type=\"container\">\n\t\t\t\t<div class=\"elementor-element elementor-element-157d279 elementor-widget elementor-widget-heading\" data-id=\"157d279\" data-element_type=\"widget\" data-e-type=\"widget\" data-widget_type=\"heading.default\">\n\t\t\t\t<div class=\"elementor-widget-container\">\n\t\t\t\t\t<h1 class=\"elementor-heading-title elementor-size-default\">Depoimentos operados na coluna vertebral\n<\/h1>\t\t\t\t<\/div>\n\t\t\t\t<\/div>\n\t\t\t\t<div class=\"elementor-element elementor-element-843b269 elementor-widget elementor-widget-heading\" data-id=\"843b269\" data-element_type=\"widget\" data-e-type=\"widget\" data-widget_type=\"heading.default\">\n\t\t\t\t<div class=\"elementor-widget-container\">\n\t\t\t\t\t<h2 class=\"elementor-heading-title elementor-size-default\">Institut Chiari &amp; Siringomielia &amp; Escoliosis de Barcelona<\/h2>\t\t\t\t<\/div>\n\t\t\t\t<\/div>\n\t\t\t\t<\/div>\n\t\t\t\t\t<\/div>\n\t\t\t\t<\/div>\n\t\t<div class=\"elementor-element elementor-element-d97c481 e-flex e-con-boxed e-con e-parent\" data-id=\"d97c481\" data-element_type=\"container\" data-e-type=\"container\">\n\t\t\t\t\t<div class=\"e-con-inner\">\n\t\t\t\t<div class=\"elementor-element elementor-element-ac641ca elementor-widget elementor-widget-text-editor\" data-id=\"ac641ca\" data-element_type=\"widget\" data-e-type=\"widget\" data-widget_type=\"text-editor.default\">\n\t\t\t\t<div class=\"elementor-widget-container\">\n\t\t\t\t\t\t\t\t\t<p><strong>OBSERVA\u00c7\u00c3O:\u00a0<\/strong><i>As opini\u00f5es emitidas nos depoimentos aqui publicados s\u00e3o de responsabilidade exclusiva dos seus autores(as) e n\u00e3o refletem, necessariamente, os pontos de vista do Institut Chiari &amp; Siringomielia &amp; Escoliosis de Barcelona.<\/i><\/p>\t\t\t\t\t\t\t\t<\/div>\n\t\t\t\t<\/div>\n\t\t\t\t\t<\/div>\n\t\t\t\t<\/div>\n\t\t\t\t<\/div>\n\t\t","protected":false},"excerpt":{"rendered":"<p>Depoimentos operados na coluna vertebral Institut Chiari &amp; Siringomielia &amp; Escoliosis de Barcelona OBSERVA\u00c7\u00c3O:\u00a0As opini\u00f5es emitidas nos depoimentos aqui publicados s\u00e3o de responsabilidade exclusiva dos seus autores(as) e n\u00e3o refletem, necessariamente, os pontos de vista do Institut Chiari &amp; Siringomielia &amp; Escoliosis de Barcelona.<\/p>\n","protected":false},"author":1,"featured_media":0,"parent":0,"menu_order":0,"comment_status":"closed","ping_status":"closed","template":"","meta":{"footnotes":""},"class_list":["post-116289","page","type-page","status-publish","hentry"],"yoast_head":"<!-- This site is optimized with the Yoast SEO plugin v27.1.1 - https:\/\/yoast.com\/product\/yoast-seo-wordpress\/ -->\n<title>Depoimentos de Pacientes Operados da Coluna | ICSEB<\/title>\n<meta name=\"description\" content=\"Depoimentos de pacientes sobre sintomas, diagn\u00f3stico e melhora ap\u00f3s cirurgia da coluna no ICSEB para Chiari, Filum e patologias relacionadas.\" \/>\n<meta name=\"robots\" content=\"index, follow, max-snippet:-1, max-image-preview:large, max-video-preview:-1\" \/>\n<link rel=\"canonical\" href=\"https:\/\/institutchiaribcn.com\/pt\/depoimentos-operados-da-coluna-vertebral\/\" \/>\n<meta property=\"og:locale\" content=\"pt_PT\" \/>\n<meta property=\"og:type\" content=\"article\" \/>\n<meta property=\"og:title\" content=\"Depoimentos de Pacientes Operados da Coluna | ICSEB\" \/>\n<meta property=\"og:description\" content=\"Depoimentos de pacientes sobre sintomas, diagn\u00f3stico e melhora ap\u00f3s cirurgia da coluna no ICSEB para Chiari, Filum e patologias relacionadas.\" \/>\n<meta property=\"og:url\" content=\"https:\/\/institutchiaribcn.com\/pt\/depoimentos-operados-da-coluna-vertebral\/\" \/>\n<meta property=\"og:site_name\" content=\"Institut Chiari\" \/>\n<meta property=\"article:modified_time\" content=\"2026-03-18T10:34:28+00:00\" \/>\n<meta name=\"twitter:card\" content=\"summary_large_image\" \/>\n<meta name=\"twitter:label1\" content=\"Tempo estimado de leitura\" \/>\n\t<meta name=\"twitter:data1\" content=\"1 minuto\" \/>\n<script type=\"application\/ld+json\" class=\"yoast-schema-graph\">{\"@context\":\"https:\/\/schema.org\",\"@graph\":[{\"@type\":\"WebPage\",\"@id\":\"https:\/\/institutchiaribcn.com\/pt\/depoimentos-operados-da-coluna-vertebral\/\",\"url\":\"https:\/\/institutchiaribcn.com\/pt\/depoimentos-operados-da-coluna-vertebral\/\",\"name\":\"Depoimentos de Pacientes Operados da Coluna | ICSEB\",\"isPartOf\":{\"@id\":\"https:\/\/institutchiaribcn.com\/pt\/#website\"},\"datePublished\":\"2025-10-10T19:37:01+00:00\",\"dateModified\":\"2026-03-18T10:34:28+00:00\",\"description\":\"Depoimentos de pacientes sobre sintomas, diagn\u00f3stico e melhora ap\u00f3s cirurgia da coluna no ICSEB para Chiari, Filum e patologias relacionadas.\",\"breadcrumb\":{\"@id\":\"https:\/\/institutchiaribcn.com\/pt\/depoimentos-operados-da-coluna-vertebral\/#breadcrumb\"},\"inLanguage\":\"pt-PT\",\"potentialAction\":[{\"@type\":\"ReadAction\",\"target\":[\"https:\/\/institutchiaribcn.com\/pt\/depoimentos-operados-da-coluna-vertebral\/\"]}]},{\"@type\":\"BreadcrumbList\",\"@id\":\"https:\/\/institutchiaribcn.com\/pt\/depoimentos-operados-da-coluna-vertebral\/#breadcrumb\",\"itemListElement\":[{\"@type\":\"ListItem\",\"position\":1,\"name\":\"Portada\",\"item\":\"https:\/\/institutchiaribcn.com\/pt\/\"},{\"@type\":\"ListItem\",\"position\":2,\"name\":\"Operados na coluna vertebral\"}]},{\"@type\":\"WebSite\",\"@id\":\"https:\/\/institutchiaribcn.com\/pt\/#website\",\"url\":\"https:\/\/institutchiaribcn.com\/pt\/\",\"name\":\"Institut Chiari de Barcelona\",\"description\":\"\",\"publisher\":{\"@id\":\"https:\/\/institutchiaribcn.com\/pt\/#organization\"},\"potentialAction\":[{\"@type\":\"SearchAction\",\"target\":{\"@type\":\"EntryPoint\",\"urlTemplate\":\"https:\/\/institutchiaribcn.com\/pt\/?s={search_term_string}\"},\"query-input\":{\"@type\":\"PropertyValueSpecification\",\"valueRequired\":true,\"valueName\":\"search_term_string\"}}],\"inLanguage\":\"pt-PT\"},{\"@type\":\"Organization\",\"@id\":\"https:\/\/institutchiaribcn.com\/pt\/#organization\",\"name\":\"Institut Chiari de Barcelona\",\"url\":\"https:\/\/institutchiaribcn.com\/pt\/\",\"logo\":{\"@type\":\"ImageObject\",\"inLanguage\":\"pt-PT\",\"@id\":\"https:\/\/institutchiaribcn.com\/pt\/#\/schema\/logo\/image\/\",\"url\":\"https:\/\/institutchiaribcn.com\/wp-content\/uploads\/2025\/10\/cropped-cropped-icsebNavLogo-1.png\",\"contentUrl\":\"https:\/\/institutchiaribcn.com\/wp-content\/uploads\/2025\/10\/cropped-cropped-icsebNavLogo-1.png\",\"width\":245,\"height\":99,\"caption\":\"Institut Chiari de Barcelona\"},\"image\":{\"@id\":\"https:\/\/institutchiaribcn.com\/pt\/#\/schema\/logo\/image\/\"}}]}<\/script>\n<!-- \/ Yoast SEO plugin. -->","yoast_head_json":{"title":"Depoimentos de Pacientes Operados da Coluna | ICSEB","description":"Depoimentos de pacientes sobre sintomas, diagn\u00f3stico e melhora ap\u00f3s cirurgia da coluna no ICSEB para Chiari, Filum e patologias relacionadas.","robots":{"index":"index","follow":"follow","max-snippet":"max-snippet:-1","max-image-preview":"max-image-preview:large","max-video-preview":"max-video-preview:-1"},"canonical":"https:\/\/institutchiaribcn.com\/pt\/depoimentos-operados-da-coluna-vertebral\/","og_locale":"pt_PT","og_type":"article","og_title":"Depoimentos de Pacientes Operados da Coluna | ICSEB","og_description":"Depoimentos de pacientes sobre sintomas, diagn\u00f3stico e melhora ap\u00f3s cirurgia da coluna no ICSEB para Chiari, Filum e patologias relacionadas.","og_url":"https:\/\/institutchiaribcn.com\/pt\/depoimentos-operados-da-coluna-vertebral\/","og_site_name":"Institut Chiari","article_modified_time":"2026-03-18T10:34:28+00:00","twitter_card":"summary_large_image","twitter_misc":{"Tempo estimado de leitura":"1 minuto"},"schema":{"@context":"https:\/\/schema.org","@graph":[{"@type":"WebPage","@id":"https:\/\/institutchiaribcn.com\/pt\/depoimentos-operados-da-coluna-vertebral\/","url":"https:\/\/institutchiaribcn.com\/pt\/depoimentos-operados-da-coluna-vertebral\/","name":"Depoimentos de Pacientes Operados da Coluna | ICSEB","isPartOf":{"@id":"https:\/\/institutchiaribcn.com\/pt\/#website"},"datePublished":"2025-10-10T19:37:01+00:00","dateModified":"2026-03-18T10:34:28+00:00","description":"Depoimentos de pacientes sobre sintomas, diagn\u00f3stico e melhora ap\u00f3s cirurgia da coluna no ICSEB para Chiari, Filum e patologias relacionadas.","breadcrumb":{"@id":"https:\/\/institutchiaribcn.com\/pt\/depoimentos-operados-da-coluna-vertebral\/#breadcrumb"},"inLanguage":"pt-PT","potentialAction":[{"@type":"ReadAction","target":["https:\/\/institutchiaribcn.com\/pt\/depoimentos-operados-da-coluna-vertebral\/"]}]},{"@type":"BreadcrumbList","@id":"https:\/\/institutchiaribcn.com\/pt\/depoimentos-operados-da-coluna-vertebral\/#breadcrumb","itemListElement":[{"@type":"ListItem","position":1,"name":"Portada","item":"https:\/\/institutchiaribcn.com\/pt\/"},{"@type":"ListItem","position":2,"name":"Operados na coluna vertebral"}]},{"@type":"WebSite","@id":"https:\/\/institutchiaribcn.com\/pt\/#website","url":"https:\/\/institutchiaribcn.com\/pt\/","name":"Institut Chiari de Barcelona","description":"","publisher":{"@id":"https:\/\/institutchiaribcn.com\/pt\/#organization"},"potentialAction":[{"@type":"SearchAction","target":{"@type":"EntryPoint","urlTemplate":"https:\/\/institutchiaribcn.com\/pt\/?s={search_term_string}"},"query-input":{"@type":"PropertyValueSpecification","valueRequired":true,"valueName":"search_term_string"}}],"inLanguage":"pt-PT"},{"@type":"Organization","@id":"https:\/\/institutchiaribcn.com\/pt\/#organization","name":"Institut Chiari de Barcelona","url":"https:\/\/institutchiaribcn.com\/pt\/","logo":{"@type":"ImageObject","inLanguage":"pt-PT","@id":"https:\/\/institutchiaribcn.com\/pt\/#\/schema\/logo\/image\/","url":"https:\/\/institutchiaribcn.com\/wp-content\/uploads\/2025\/10\/cropped-cropped-icsebNavLogo-1.png","contentUrl":"https:\/\/institutchiaribcn.com\/wp-content\/uploads\/2025\/10\/cropped-cropped-icsebNavLogo-1.png","width":245,"height":99,"caption":"Institut Chiari de Barcelona"},"image":{"@id":"https:\/\/institutchiaribcn.com\/pt\/#\/schema\/logo\/image\/"}}]}},"_links":{"self":[{"href":"https:\/\/institutchiaribcn.com\/pt\/wp-json\/wp\/v2\/pages\/116289","targetHints":{"allow":["GET"]}}],"collection":[{"href":"https:\/\/institutchiaribcn.com\/pt\/wp-json\/wp\/v2\/pages"}],"about":[{"href":"https:\/\/institutchiaribcn.com\/pt\/wp-json\/wp\/v2\/types\/page"}],"author":[{"embeddable":true,"href":"https:\/\/institutchiaribcn.com\/pt\/wp-json\/wp\/v2\/users\/1"}],"replies":[{"embeddable":true,"href":"https:\/\/institutchiaribcn.com\/pt\/wp-json\/wp\/v2\/comments?post=116289"}],"version-history":[{"count":1,"href":"https:\/\/institutchiaribcn.com\/pt\/wp-json\/wp\/v2\/pages\/116289\/revisions"}],"predecessor-version":[{"id":145241,"href":"https:\/\/institutchiaribcn.com\/pt\/wp-json\/wp\/v2\/pages\/116289\/revisions\/145241"}],"wp:attachment":[{"href":"https:\/\/institutchiaribcn.com\/pt\/wp-json\/wp\/v2\/media?parent=116289"}],"curies":[{"name":"wp","href":"https:\/\/api.w.org\/{rel}","templated":true}]}}