{"id":116282,"date":"2025-10-10T21:35:15","date_gmt":"2025-10-10T19:35:15","guid":{"rendered":"https:\/\/dev.institutchiaribcn.com\/testimonios-escoliosis-idiopatica\/"},"modified":"2026-02-05T11:36:36","modified_gmt":"2026-02-05T10:36:36","slug":"depoimentos-escoliose-idiopatica","status":"publish","type":"page","link":"https:\/\/institutchiaribcn.com\/pt\/depoimentos-escoliose-idiopatica\/","title":{"rendered":"Escoliose Idiop\u00e1tica"},"content":{"rendered":"\t\t<div data-elementor-type=\"wp-page\" data-elementor-id=\"116282\" class=\"elementor elementor-116282 elementor-115414\" data-elementor-post-type=\"page\">\n\t\t\t\t<div class=\"elementor-element elementor-element-e25b956 e-flex e-con-boxed e-con e-parent\" data-id=\"e25b956\" data-element_type=\"container\" data-e-type=\"container\" data-settings=\"{&quot;background_background&quot;:&quot;classic&quot;}\">\n\t\t\t\t\t<div class=\"e-con-inner\">\n\t\t<div class=\"elementor-element elementor-element-c81c448 e-con-full e-flex e-con e-child\" data-id=\"c81c448\" data-element_type=\"container\" data-e-type=\"container\">\n\t\t\t\t<div class=\"elementor-element elementor-element-ef13ef8 elementor-widget elementor-widget-heading\" data-id=\"ef13ef8\" data-element_type=\"widget\" data-e-type=\"widget\" data-widget_type=\"heading.default\">\n\t\t\t\t<div class=\"elementor-widget-container\">\n\t\t\t\t\t<h1 class=\"elementor-heading-title elementor-size-default\">Depoimentos Escoliose Idiop\u00e1tica\n<\/h1>\t\t\t\t<\/div>\n\t\t\t\t<\/div>\n\t\t\t\t<div class=\"elementor-element elementor-element-96514d6 elementor-widget elementor-widget-heading\" data-id=\"96514d6\" data-element_type=\"widget\" data-e-type=\"widget\" data-widget_type=\"heading.default\">\n\t\t\t\t<div class=\"elementor-widget-container\">\n\t\t\t\t\t<h2 class=\"elementor-heading-title elementor-size-default\">Institut Chiari &amp; Siringomielia &amp; Escoliosis de Barcelona<\/h2>\t\t\t\t<\/div>\n\t\t\t\t<\/div>\n\t\t\t\t<\/div>\n\t\t\t\t\t<\/div>\n\t\t\t\t<\/div>\n\t\t<div class=\"elementor-element elementor-element-07e24f8 e-flex e-con-boxed e-con e-parent\" data-id=\"07e24f8\" data-element_type=\"container\" data-e-type=\"container\">\n\t\t\t\t\t<div class=\"e-con-inner\">\n\t\t\t\t<div class=\"elementor-element elementor-element-7db1aff elementor-widget elementor-widget-text-editor\" data-id=\"7db1aff\" data-element_type=\"widget\" data-e-type=\"widget\" data-widget_type=\"text-editor.default\">\n\t\t\t\t<div class=\"elementor-widget-container\">\n\t\t\t\t\t\t\t\t\t<p>De 20 de outubro de 1993 a novembro de 2016, foram realizadas interven\u00e7\u00f5es de Sec\u00e7\u00e3o do Filum terminale com a aplica\u00e7\u00e3o do\u00a0<strong>FILUM-SYSTEM<sup>\u00ae<\/sup><\/strong>\u00a0em mais de 1000 pacientes que padecem da S\u00edndrome Neuro-Cr\u00e2nio Vertebral e\/ou da Doen\u00e7a do Filum, com Arnold Chiari I, Siringomielia e Escoliose (combinadas entre si de diversas formas).<\/p><p>Na maioria dos casos, a evolu\u00e7\u00e3o p\u00f3s-operat\u00f3ria foi satisfat\u00f3ria, exceto em 5 casos, nos quais foram registradas complica\u00e7\u00f5es leves.<\/p><p>H\u00e1 alguns anos, come\u00e7amos a convidar os(as) pacientes em fase p\u00f3s-operat\u00f3ria a escrever para o nosso site os seus depoimentos sobre as suas hist\u00f3rias cl\u00ednicas. Gostar\u00edamos de lhes agradecer muito pela franqueza e pelo trabalho desinteressado de expressar suas opini\u00f5es a respeito do nosso tratamento exclusivo.<\/p><p><strong>OBSERVA\u00c7\u00c3O:\u00a0<\/strong><i>As opini\u00f5es emitidas nos depoimentos aqui publicados s\u00e3o de responsabilidade exclusiva dos seus autores(as) e n\u00e3o refletem, necessariamente, os pontos de vista do Institut Chiari &amp; Siringomielia &amp; Escoliosis de Barcelona.<\/i><\/p>\t\t\t\t\t\t\t\t<\/div>\n\t\t\t\t<\/div>\n\t\t\t\t\t<\/div>\n\t\t\t\t<\/div>\n\t\t\t\t<\/div>\n\t\t","protected":false},"excerpt":{"rendered":"<p>Depoimentos Escoliose Idiop\u00e1tica Institut Chiari &amp; Siringomielia &amp; Escoliosis de Barcelona De 20 de outubro de 1993 a novembro de 2016, foram realizadas interven\u00e7\u00f5es de Sec\u00e7\u00e3o do Filum terminale com a aplica\u00e7\u00e3o do\u00a0FILUM-SYSTEM\u00ae\u00a0em mais de 1000 pacientes que padecem da S\u00edndrome Neuro-Cr\u00e2nio Vertebral e\/ou da Doen\u00e7a do Filum, com Arnold Chiari I, Siringomielia e Escoliose [&hellip;]<\/p>\n","protected":false},"author":1,"featured_media":0,"parent":0,"menu_order":0,"comment_status":"closed","ping_status":"closed","template":"","meta":{"footnotes":""},"class_list":["post-116282","page","type-page","status-publish","hentry"],"yoast_head":"<!-- This site is optimized with the Yoast SEO plugin v27.1.1 - https:\/\/yoast.com\/product\/yoast-seo-wordpress\/ -->\n<title>Depoimentos de Pacientes \u2013 Escoliose Idiop\u00e1tica | ICSEB<\/title>\n<meta name=\"description\" content=\"Depoimentos de pacientes com escoliose idiop\u00e1tica que partilham suas hist\u00f3rias cl\u00ednicas e evolu\u00e7\u00e3o ap\u00f3s tratamento no ICSEB.\" \/>\n<meta name=\"robots\" content=\"index, follow, max-snippet:-1, max-image-preview:large, max-video-preview:-1\" \/>\n<link rel=\"canonical\" href=\"https:\/\/institutchiaribcn.com\/pt\/depoimentos-escoliose-idiopatica\/\" \/>\n<meta property=\"og:locale\" content=\"pt_PT\" \/>\n<meta property=\"og:type\" content=\"article\" \/>\n<meta property=\"og:title\" content=\"Depoimentos de Pacientes \u2013 Escoliose Idiop\u00e1tica | ICSEB\" \/>\n<meta property=\"og:description\" content=\"Depoimentos de pacientes com escoliose idiop\u00e1tica que partilham suas hist\u00f3rias cl\u00ednicas e evolu\u00e7\u00e3o ap\u00f3s tratamento no ICSEB.\" \/>\n<meta property=\"og:url\" content=\"https:\/\/institutchiaribcn.com\/pt\/depoimentos-escoliose-idiopatica\/\" \/>\n<meta property=\"og:site_name\" content=\"Institut Chiari\" \/>\n<meta property=\"article:modified_time\" content=\"2026-02-05T10:36:36+00:00\" \/>\n<meta name=\"twitter:card\" content=\"summary_large_image\" \/>\n<meta name=\"twitter:label1\" content=\"Tempo estimado de leitura\" \/>\n\t<meta name=\"twitter:data1\" content=\"1 minuto\" \/>\n<script type=\"application\/ld+json\" class=\"yoast-schema-graph\">{\"@context\":\"https:\/\/schema.org\",\"@graph\":[{\"@type\":\"WebPage\",\"@id\":\"https:\/\/institutchiaribcn.com\/pt\/depoimentos-escoliose-idiopatica\/\",\"url\":\"https:\/\/institutchiaribcn.com\/pt\/depoimentos-escoliose-idiopatica\/\",\"name\":\"Depoimentos de Pacientes \u2013 Escoliose Idiop\u00e1tica | ICSEB\",\"isPartOf\":{\"@id\":\"https:\/\/institutchiaribcn.com\/pt\/#website\"},\"datePublished\":\"2025-10-10T19:35:15+00:00\",\"dateModified\":\"2026-02-05T10:36:36+00:00\",\"description\":\"Depoimentos de pacientes com escoliose idiop\u00e1tica que partilham suas hist\u00f3rias cl\u00ednicas e evolu\u00e7\u00e3o ap\u00f3s tratamento no ICSEB.\",\"breadcrumb\":{\"@id\":\"https:\/\/institutchiaribcn.com\/pt\/depoimentos-escoliose-idiopatica\/#breadcrumb\"},\"inLanguage\":\"pt-PT\",\"potentialAction\":[{\"@type\":\"ReadAction\",\"target\":[\"https:\/\/institutchiaribcn.com\/pt\/depoimentos-escoliose-idiopatica\/\"]}]},{\"@type\":\"BreadcrumbList\",\"@id\":\"https:\/\/institutchiaribcn.com\/pt\/depoimentos-escoliose-idiopatica\/#breadcrumb\",\"itemListElement\":[{\"@type\":\"ListItem\",\"position\":1,\"name\":\"Portada\",\"item\":\"https:\/\/institutchiaribcn.com\/pt\/\"},{\"@type\":\"ListItem\",\"position\":2,\"name\":\"Escoliose Idiop\u00e1tica\"}]},{\"@type\":\"WebSite\",\"@id\":\"https:\/\/institutchiaribcn.com\/pt\/#website\",\"url\":\"https:\/\/institutchiaribcn.com\/pt\/\",\"name\":\"Institut Chiari de Barcelona\",\"description\":\"\",\"publisher\":{\"@id\":\"https:\/\/institutchiaribcn.com\/pt\/#organization\"},\"potentialAction\":[{\"@type\":\"SearchAction\",\"target\":{\"@type\":\"EntryPoint\",\"urlTemplate\":\"https:\/\/institutchiaribcn.com\/pt\/?s={search_term_string}\"},\"query-input\":{\"@type\":\"PropertyValueSpecification\",\"valueRequired\":true,\"valueName\":\"search_term_string\"}}],\"inLanguage\":\"pt-PT\"},{\"@type\":\"Organization\",\"@id\":\"https:\/\/institutchiaribcn.com\/pt\/#organization\",\"name\":\"Institut Chiari de Barcelona\",\"url\":\"https:\/\/institutchiaribcn.com\/pt\/\",\"logo\":{\"@type\":\"ImageObject\",\"inLanguage\":\"pt-PT\",\"@id\":\"https:\/\/institutchiaribcn.com\/pt\/#\/schema\/logo\/image\/\",\"url\":\"https:\/\/institutchiaribcn.com\/wp-content\/uploads\/2025\/10\/cropped-cropped-icsebNavLogo-1.png\",\"contentUrl\":\"https:\/\/institutchiaribcn.com\/wp-content\/uploads\/2025\/10\/cropped-cropped-icsebNavLogo-1.png\",\"width\":245,\"height\":99,\"caption\":\"Institut Chiari de Barcelona\"},\"image\":{\"@id\":\"https:\/\/institutchiaribcn.com\/pt\/#\/schema\/logo\/image\/\"}}]}<\/script>\n<!-- \/ Yoast SEO plugin. -->","yoast_head_json":{"title":"Depoimentos de Pacientes \u2013 Escoliose Idiop\u00e1tica | ICSEB","description":"Depoimentos de pacientes com escoliose idiop\u00e1tica que partilham suas hist\u00f3rias cl\u00ednicas e evolu\u00e7\u00e3o ap\u00f3s tratamento no ICSEB.","robots":{"index":"index","follow":"follow","max-snippet":"max-snippet:-1","max-image-preview":"max-image-preview:large","max-video-preview":"max-video-preview:-1"},"canonical":"https:\/\/institutchiaribcn.com\/pt\/depoimentos-escoliose-idiopatica\/","og_locale":"pt_PT","og_type":"article","og_title":"Depoimentos de Pacientes \u2013 Escoliose Idiop\u00e1tica | ICSEB","og_description":"Depoimentos de pacientes com escoliose idiop\u00e1tica que partilham suas hist\u00f3rias cl\u00ednicas e evolu\u00e7\u00e3o ap\u00f3s tratamento no ICSEB.","og_url":"https:\/\/institutchiaribcn.com\/pt\/depoimentos-escoliose-idiopatica\/","og_site_name":"Institut Chiari","article_modified_time":"2026-02-05T10:36:36+00:00","twitter_card":"summary_large_image","twitter_misc":{"Tempo estimado de leitura":"1 minuto"},"schema":{"@context":"https:\/\/schema.org","@graph":[{"@type":"WebPage","@id":"https:\/\/institutchiaribcn.com\/pt\/depoimentos-escoliose-idiopatica\/","url":"https:\/\/institutchiaribcn.com\/pt\/depoimentos-escoliose-idiopatica\/","name":"Depoimentos de Pacientes \u2013 Escoliose Idiop\u00e1tica | ICSEB","isPartOf":{"@id":"https:\/\/institutchiaribcn.com\/pt\/#website"},"datePublished":"2025-10-10T19:35:15+00:00","dateModified":"2026-02-05T10:36:36+00:00","description":"Depoimentos de pacientes com escoliose idiop\u00e1tica que partilham suas hist\u00f3rias cl\u00ednicas e evolu\u00e7\u00e3o ap\u00f3s tratamento no ICSEB.","breadcrumb":{"@id":"https:\/\/institutchiaribcn.com\/pt\/depoimentos-escoliose-idiopatica\/#breadcrumb"},"inLanguage":"pt-PT","potentialAction":[{"@type":"ReadAction","target":["https:\/\/institutchiaribcn.com\/pt\/depoimentos-escoliose-idiopatica\/"]}]},{"@type":"BreadcrumbList","@id":"https:\/\/institutchiaribcn.com\/pt\/depoimentos-escoliose-idiopatica\/#breadcrumb","itemListElement":[{"@type":"ListItem","position":1,"name":"Portada","item":"https:\/\/institutchiaribcn.com\/pt\/"},{"@type":"ListItem","position":2,"name":"Escoliose Idiop\u00e1tica"}]},{"@type":"WebSite","@id":"https:\/\/institutchiaribcn.com\/pt\/#website","url":"https:\/\/institutchiaribcn.com\/pt\/","name":"Institut Chiari de Barcelona","description":"","publisher":{"@id":"https:\/\/institutchiaribcn.com\/pt\/#organization"},"potentialAction":[{"@type":"SearchAction","target":{"@type":"EntryPoint","urlTemplate":"https:\/\/institutchiaribcn.com\/pt\/?s={search_term_string}"},"query-input":{"@type":"PropertyValueSpecification","valueRequired":true,"valueName":"search_term_string"}}],"inLanguage":"pt-PT"},{"@type":"Organization","@id":"https:\/\/institutchiaribcn.com\/pt\/#organization","name":"Institut Chiari de Barcelona","url":"https:\/\/institutchiaribcn.com\/pt\/","logo":{"@type":"ImageObject","inLanguage":"pt-PT","@id":"https:\/\/institutchiaribcn.com\/pt\/#\/schema\/logo\/image\/","url":"https:\/\/institutchiaribcn.com\/wp-content\/uploads\/2025\/10\/cropped-cropped-icsebNavLogo-1.png","contentUrl":"https:\/\/institutchiaribcn.com\/wp-content\/uploads\/2025\/10\/cropped-cropped-icsebNavLogo-1.png","width":245,"height":99,"caption":"Institut Chiari de Barcelona"},"image":{"@id":"https:\/\/institutchiaribcn.com\/pt\/#\/schema\/logo\/image\/"}}]}},"_links":{"self":[{"href":"https:\/\/institutchiaribcn.com\/pt\/wp-json\/wp\/v2\/pages\/116282","targetHints":{"allow":["GET"]}}],"collection":[{"href":"https:\/\/institutchiaribcn.com\/pt\/wp-json\/wp\/v2\/pages"}],"about":[{"href":"https:\/\/institutchiaribcn.com\/pt\/wp-json\/wp\/v2\/types\/page"}],"author":[{"embeddable":true,"href":"https:\/\/institutchiaribcn.com\/pt\/wp-json\/wp\/v2\/users\/1"}],"replies":[{"embeddable":true,"href":"https:\/\/institutchiaribcn.com\/pt\/wp-json\/wp\/v2\/comments?post=116282"}],"version-history":[{"count":1,"href":"https:\/\/institutchiaribcn.com\/pt\/wp-json\/wp\/v2\/pages\/116282\/revisions"}],"predecessor-version":[{"id":144991,"href":"https:\/\/institutchiaribcn.com\/pt\/wp-json\/wp\/v2\/pages\/116282\/revisions\/144991"}],"wp:attachment":[{"href":"https:\/\/institutchiaribcn.com\/pt\/wp-json\/wp\/v2\/media?parent=116282"}],"curies":[{"name":"wp","href":"https:\/\/api.w.org\/{rel}","templated":true}]}}