{"id":116261,"date":"2025-10-10T21:22:56","date_gmt":"2025-10-10T19:22:56","guid":{"rendered":"https:\/\/dev.institutchiaribcn.com\/testimonios-seccion-filum-terminale\/"},"modified":"2026-02-05T11:07:28","modified_gmt":"2026-02-05T10:07:28","slug":"filum-depoimentos","status":"publish","type":"page","link":"https:\/\/institutchiaribcn.com\/pt\/filum-depoimentos\/","title":{"rendered":"SFT ap\u00f3s craniectom\u00eda suboccipital"},"content":{"rendered":"\t\t<div data-elementor-type=\"wp-page\" data-elementor-id=\"116261\" class=\"elementor elementor-116261 elementor-115393\" data-elementor-post-type=\"page\">\n\t\t\t\t<div class=\"elementor-element elementor-element-eae3a2b e-flex e-con-boxed e-con e-parent\" data-id=\"eae3a2b\" data-element_type=\"container\" data-e-type=\"container\" data-settings=\"{&quot;background_background&quot;:&quot;classic&quot;}\">\n\t\t\t\t\t<div class=\"e-con-inner\">\n\t\t<div class=\"elementor-element elementor-element-774b64c e-con-full e-flex e-con e-child\" data-id=\"774b64c\" data-element_type=\"container\" data-e-type=\"container\">\n\t\t\t\t<div class=\"elementor-element elementor-element-60bd8ff elementor-widget elementor-widget-heading\" data-id=\"60bd8ff\" data-element_type=\"widget\" data-e-type=\"widget\" data-widget_type=\"heading.default\">\n\t\t\t\t<div class=\"elementor-widget-container\">\n\t\t\t\t\t<h1 class=\"elementor-heading-title elementor-size-default\">SFT ap\u00f3s craniectom\u00eda suboccipital\n<\/h1>\t\t\t\t<\/div>\n\t\t\t\t<\/div>\n\t\t\t\t<div class=\"elementor-element elementor-element-b712614 elementor-widget elementor-widget-heading\" data-id=\"b712614\" data-element_type=\"widget\" data-e-type=\"widget\" data-widget_type=\"heading.default\">\n\t\t\t\t<div class=\"elementor-widget-container\">\n\t\t\t\t\t<h2 class=\"elementor-heading-title elementor-size-default\">Institut Chiari &amp; Siringomielia &amp; Escoliosis de Barcelona<\/h2>\t\t\t\t<\/div>\n\t\t\t\t<\/div>\n\t\t\t\t<\/div>\n\t\t\t\t\t<\/div>\n\t\t\t\t<\/div>\n\t\t<div class=\"elementor-element elementor-element-8147740 e-flex e-con-boxed e-con e-parent\" data-id=\"8147740\" data-element_type=\"container\" data-e-type=\"container\">\n\t\t\t\t\t<div class=\"e-con-inner\">\n\t\t\t\t<div class=\"elementor-element elementor-element-b3e4697 elementor-widget elementor-widget-text-editor\" data-id=\"b3e4697\" data-element_type=\"widget\" data-e-type=\"widget\" data-widget_type=\"text-editor.default\">\n\t\t\t\t<div class=\"elementor-widget-container\">\n\t\t\t\t\t\t\t\t\t<p>De acordo com as nossas pesquisas, quando se realiza a Craniectomia suboccipital em casos de S\u00edndrome de Arnold Chiari I, se libera a compress\u00e3o existente no orif\u00edcio occipital sobre as estruturas nervosas, mas n\u00e3o se elimina a principal causa, que \u00e9 a tra\u00e7\u00e3o de todo o sistema nervoso por um Filum terminale mais tenso do que o normal. Por isso, os pacientes operados de Craniectomia suboccipital podem se sentir melhor depois de se submeterem \u00e0 sec\u00e7\u00e3o do Filum terminale (SFT).<\/p><p>\u00a0<\/p><p><strong>NOTE:\u00a0<\/strong><i>As opini\u00f5es emitidas nos depoimentos aqui publicados s\u00e3o de responsabilidade exclusiva dos seus autores(as) e n\u00e3o refletem, necessariamente, os pontos de vista do Institut Chiari &amp; Siringomielia &amp; Escoliosis de Barcelona.<\/i><\/p>\t\t\t\t\t\t\t\t<\/div>\n\t\t\t\t<\/div>\n\t\t\t\t\t<\/div>\n\t\t\t\t<\/div>\n\t\t\t\t<\/div>\n\t\t","protected":false},"excerpt":{"rendered":"<p>SFT ap\u00f3s craniectom\u00eda suboccipital Institut Chiari &amp; Siringomielia &amp; Escoliosis de Barcelona De acordo com as nossas pesquisas, quando se realiza a Craniectomia suboccipital em casos de S\u00edndrome de Arnold Chiari I, se libera a compress\u00e3o existente no orif\u00edcio occipital sobre as estruturas nervosas, mas n\u00e3o se elimina a principal causa, que \u00e9 a tra\u00e7\u00e3o [&hellip;]<\/p>\n","protected":false},"author":1,"featured_media":0,"parent":0,"menu_order":0,"comment_status":"closed","ping_status":"closed","template":"","meta":{"footnotes":""},"class_list":["post-116261","page","type-page","status-publish","hentry"],"yoast_head":"<!-- This site is optimized with the Yoast SEO plugin v27.1.1 - https:\/\/yoast.com\/product\/yoast-seo-wordpress\/ -->\n<title>Depoimentos SFT ap\u00f3s craniectomia suboccipital | ICSEB<\/title>\n<meta name=\"description\" content=\"Relatos de pacientes com SFT ap\u00f3s craniectomia suboccipital, compartilhando recupera\u00e7\u00e3o e resultados cl\u00ednicos no Institut Chiari Barcelona.\" \/>\n<meta name=\"robots\" content=\"index, follow, max-snippet:-1, max-image-preview:large, max-video-preview:-1\" \/>\n<link rel=\"canonical\" href=\"https:\/\/institutchiaribcn.com\/pt\/filum-depoimentos\/\" \/>\n<meta property=\"og:locale\" content=\"pt_PT\" \/>\n<meta property=\"og:type\" content=\"article\" \/>\n<meta property=\"og:title\" content=\"Depoimentos SFT ap\u00f3s craniectomia suboccipital | ICSEB\" \/>\n<meta property=\"og:description\" content=\"Relatos de pacientes com SFT ap\u00f3s craniectomia suboccipital, compartilhando recupera\u00e7\u00e3o e resultados cl\u00ednicos no Institut Chiari Barcelona.\" \/>\n<meta property=\"og:url\" content=\"https:\/\/institutchiaribcn.com\/pt\/filum-depoimentos\/\" \/>\n<meta property=\"og:site_name\" content=\"Institut Chiari\" \/>\n<meta property=\"article:modified_time\" content=\"2026-02-05T10:07:28+00:00\" \/>\n<meta name=\"twitter:card\" content=\"summary_large_image\" \/>\n<meta name=\"twitter:label1\" content=\"Tempo estimado de leitura\" \/>\n\t<meta name=\"twitter:data1\" content=\"1 minuto\" \/>\n<script type=\"application\/ld+json\" class=\"yoast-schema-graph\">{\"@context\":\"https:\/\/schema.org\",\"@graph\":[{\"@type\":\"WebPage\",\"@id\":\"https:\/\/institutchiaribcn.com\/pt\/filum-depoimentos\/\",\"url\":\"https:\/\/institutchiaribcn.com\/pt\/filum-depoimentos\/\",\"name\":\"Depoimentos SFT ap\u00f3s craniectomia suboccipital | ICSEB\",\"isPartOf\":{\"@id\":\"https:\/\/institutchiaribcn.com\/pt\/#website\"},\"datePublished\":\"2025-10-10T19:22:56+00:00\",\"dateModified\":\"2026-02-05T10:07:28+00:00\",\"description\":\"Relatos de pacientes com SFT ap\u00f3s craniectomia suboccipital, compartilhando recupera\u00e7\u00e3o e resultados cl\u00ednicos no Institut Chiari Barcelona.\",\"breadcrumb\":{\"@id\":\"https:\/\/institutchiaribcn.com\/pt\/filum-depoimentos\/#breadcrumb\"},\"inLanguage\":\"pt-PT\",\"potentialAction\":[{\"@type\":\"ReadAction\",\"target\":[\"https:\/\/institutchiaribcn.com\/pt\/filum-depoimentos\/\"]}]},{\"@type\":\"BreadcrumbList\",\"@id\":\"https:\/\/institutchiaribcn.com\/pt\/filum-depoimentos\/#breadcrumb\",\"itemListElement\":[{\"@type\":\"ListItem\",\"position\":1,\"name\":\"Portada\",\"item\":\"https:\/\/institutchiaribcn.com\/pt\/\"},{\"@type\":\"ListItem\",\"position\":2,\"name\":\"SFT ap\u00f3s craniectom\u00eda suboccipital\"}]},{\"@type\":\"WebSite\",\"@id\":\"https:\/\/institutchiaribcn.com\/pt\/#website\",\"url\":\"https:\/\/institutchiaribcn.com\/pt\/\",\"name\":\"Institut Chiari de Barcelona\",\"description\":\"\",\"publisher\":{\"@id\":\"https:\/\/institutchiaribcn.com\/pt\/#organization\"},\"potentialAction\":[{\"@type\":\"SearchAction\",\"target\":{\"@type\":\"EntryPoint\",\"urlTemplate\":\"https:\/\/institutchiaribcn.com\/pt\/?s={search_term_string}\"},\"query-input\":{\"@type\":\"PropertyValueSpecification\",\"valueRequired\":true,\"valueName\":\"search_term_string\"}}],\"inLanguage\":\"pt-PT\"},{\"@type\":\"Organization\",\"@id\":\"https:\/\/institutchiaribcn.com\/pt\/#organization\",\"name\":\"Institut Chiari de Barcelona\",\"url\":\"https:\/\/institutchiaribcn.com\/pt\/\",\"logo\":{\"@type\":\"ImageObject\",\"inLanguage\":\"pt-PT\",\"@id\":\"https:\/\/institutchiaribcn.com\/pt\/#\/schema\/logo\/image\/\",\"url\":\"https:\/\/institutchiaribcn.com\/wp-content\/uploads\/2025\/10\/cropped-cropped-icsebNavLogo-1.png\",\"contentUrl\":\"https:\/\/institutchiaribcn.com\/wp-content\/uploads\/2025\/10\/cropped-cropped-icsebNavLogo-1.png\",\"width\":245,\"height\":99,\"caption\":\"Institut Chiari de Barcelona\"},\"image\":{\"@id\":\"https:\/\/institutchiaribcn.com\/pt\/#\/schema\/logo\/image\/\"}}]}<\/script>\n<!-- \/ Yoast SEO plugin. -->","yoast_head_json":{"title":"Depoimentos SFT ap\u00f3s craniectomia suboccipital | ICSEB","description":"Relatos de pacientes com SFT ap\u00f3s craniectomia suboccipital, compartilhando recupera\u00e7\u00e3o e resultados cl\u00ednicos no Institut Chiari Barcelona.","robots":{"index":"index","follow":"follow","max-snippet":"max-snippet:-1","max-image-preview":"max-image-preview:large","max-video-preview":"max-video-preview:-1"},"canonical":"https:\/\/institutchiaribcn.com\/pt\/filum-depoimentos\/","og_locale":"pt_PT","og_type":"article","og_title":"Depoimentos SFT ap\u00f3s craniectomia suboccipital | ICSEB","og_description":"Relatos de pacientes com SFT ap\u00f3s craniectomia suboccipital, compartilhando recupera\u00e7\u00e3o e resultados cl\u00ednicos no Institut Chiari Barcelona.","og_url":"https:\/\/institutchiaribcn.com\/pt\/filum-depoimentos\/","og_site_name":"Institut Chiari","article_modified_time":"2026-02-05T10:07:28+00:00","twitter_card":"summary_large_image","twitter_misc":{"Tempo estimado de leitura":"1 minuto"},"schema":{"@context":"https:\/\/schema.org","@graph":[{"@type":"WebPage","@id":"https:\/\/institutchiaribcn.com\/pt\/filum-depoimentos\/","url":"https:\/\/institutchiaribcn.com\/pt\/filum-depoimentos\/","name":"Depoimentos SFT ap\u00f3s craniectomia suboccipital | ICSEB","isPartOf":{"@id":"https:\/\/institutchiaribcn.com\/pt\/#website"},"datePublished":"2025-10-10T19:22:56+00:00","dateModified":"2026-02-05T10:07:28+00:00","description":"Relatos de pacientes com SFT ap\u00f3s craniectomia suboccipital, compartilhando recupera\u00e7\u00e3o e resultados cl\u00ednicos no Institut Chiari Barcelona.","breadcrumb":{"@id":"https:\/\/institutchiaribcn.com\/pt\/filum-depoimentos\/#breadcrumb"},"inLanguage":"pt-PT","potentialAction":[{"@type":"ReadAction","target":["https:\/\/institutchiaribcn.com\/pt\/filum-depoimentos\/"]}]},{"@type":"BreadcrumbList","@id":"https:\/\/institutchiaribcn.com\/pt\/filum-depoimentos\/#breadcrumb","itemListElement":[{"@type":"ListItem","position":1,"name":"Portada","item":"https:\/\/institutchiaribcn.com\/pt\/"},{"@type":"ListItem","position":2,"name":"SFT ap\u00f3s craniectom\u00eda suboccipital"}]},{"@type":"WebSite","@id":"https:\/\/institutchiaribcn.com\/pt\/#website","url":"https:\/\/institutchiaribcn.com\/pt\/","name":"Institut Chiari de Barcelona","description":"","publisher":{"@id":"https:\/\/institutchiaribcn.com\/pt\/#organization"},"potentialAction":[{"@type":"SearchAction","target":{"@type":"EntryPoint","urlTemplate":"https:\/\/institutchiaribcn.com\/pt\/?s={search_term_string}"},"query-input":{"@type":"PropertyValueSpecification","valueRequired":true,"valueName":"search_term_string"}}],"inLanguage":"pt-PT"},{"@type":"Organization","@id":"https:\/\/institutchiaribcn.com\/pt\/#organization","name":"Institut Chiari de Barcelona","url":"https:\/\/institutchiaribcn.com\/pt\/","logo":{"@type":"ImageObject","inLanguage":"pt-PT","@id":"https:\/\/institutchiaribcn.com\/pt\/#\/schema\/logo\/image\/","url":"https:\/\/institutchiaribcn.com\/wp-content\/uploads\/2025\/10\/cropped-cropped-icsebNavLogo-1.png","contentUrl":"https:\/\/institutchiaribcn.com\/wp-content\/uploads\/2025\/10\/cropped-cropped-icsebNavLogo-1.png","width":245,"height":99,"caption":"Institut Chiari de Barcelona"},"image":{"@id":"https:\/\/institutchiaribcn.com\/pt\/#\/schema\/logo\/image\/"}}]}},"_links":{"self":[{"href":"https:\/\/institutchiaribcn.com\/pt\/wp-json\/wp\/v2\/pages\/116261","targetHints":{"allow":["GET"]}}],"collection":[{"href":"https:\/\/institutchiaribcn.com\/pt\/wp-json\/wp\/v2\/pages"}],"about":[{"href":"https:\/\/institutchiaribcn.com\/pt\/wp-json\/wp\/v2\/types\/page"}],"author":[{"embeddable":true,"href":"https:\/\/institutchiaribcn.com\/pt\/wp-json\/wp\/v2\/users\/1"}],"replies":[{"embeddable":true,"href":"https:\/\/institutchiaribcn.com\/pt\/wp-json\/wp\/v2\/comments?post=116261"}],"version-history":[{"count":1,"href":"https:\/\/institutchiaribcn.com\/pt\/wp-json\/wp\/v2\/pages\/116261\/revisions"}],"predecessor-version":[{"id":144985,"href":"https:\/\/institutchiaribcn.com\/pt\/wp-json\/wp\/v2\/pages\/116261\/revisions\/144985"}],"wp:attachment":[{"href":"https:\/\/institutchiaribcn.com\/pt\/wp-json\/wp\/v2\/media?parent=116261"}],"curies":[{"name":"wp","href":"https:\/\/api.w.org\/{rel}","templated":true}]}}