{"id":114013,"date":"2025-07-29T14:11:31","date_gmt":"2025-07-29T12:11:31","guid":{"rendered":"https:\/\/dev.institutchiaribcn.com\/medios-y-publicaciones-otros-autores\/"},"modified":"2026-03-03T09:20:50","modified_gmt":"2026-03-03T08:20:50","slug":"publicacoes-outro-autores","status":"publish","type":"page","link":"https:\/\/institutchiaribcn.com\/pt\/publicacoes-outro-autores\/","title":{"rendered":"Outro autores"},"content":{"rendered":"\t\t<div data-elementor-type=\"wp-page\" data-elementor-id=\"114013\" class=\"elementor elementor-114013 elementor-47750\" data-elementor-post-type=\"page\">\n\t\t\t\t<div class=\"elementor-element elementor-element-8f397d2 e-flex e-con-boxed e-con e-parent\" data-id=\"8f397d2\" data-element_type=\"container\" data-e-type=\"container\" data-settings=\"{&quot;background_background&quot;:&quot;classic&quot;}\">\n\t\t\t\t\t<div class=\"e-con-inner\">\n\t\t<div class=\"elementor-element elementor-element-24a1643 e-con-full e-flex e-con e-child\" data-id=\"24a1643\" data-element_type=\"container\" data-e-type=\"container\">\n\t\t\t\t<div class=\"elementor-element elementor-element-83df564 elementor-widget elementor-widget-heading\" data-id=\"83df564\" data-element_type=\"widget\" data-e-type=\"widget\" data-widget_type=\"heading.default\">\n\t\t\t\t<div class=\"elementor-widget-container\">\n\t\t\t\t\t<h2 class=\"elementor-heading-title elementor-size-default\">Outro autores\n<\/h2>\t\t\t\t<\/div>\n\t\t\t\t<\/div>\n\t\t\t\t<div class=\"elementor-element elementor-element-eed7a09 elementor-widget elementor-widget-heading\" data-id=\"eed7a09\" data-element_type=\"widget\" data-e-type=\"widget\" data-widget_type=\"heading.default\">\n\t\t\t\t<div class=\"elementor-widget-container\">\n\t\t\t\t\t<h2 class=\"elementor-heading-title elementor-size-default\">Institut Chiari &amp; Siringomielia &amp; Escoliosis de Barcelona<\/h2>\t\t\t\t<\/div>\n\t\t\t\t<\/div>\n\t\t\t\t<\/div>\n\t\t\t\t\t<\/div>\n\t\t\t\t<\/div>\n\t\t<div class=\"elementor-element elementor-element-f4e546e e-flex e-con-boxed e-con e-parent\" data-id=\"f4e546e\" data-element_type=\"container\" data-e-type=\"container\">\n\t\t\t\t\t<div class=\"e-con-inner\">\n\t\t\t\t<div class=\"elementor-element elementor-element-10353b1 elementor-posts--thumbnail-none elementor-grid-3 elementor-grid-tablet-2 elementor-grid-mobile-1 elementor-card-shadow-yes elementor-posts__hover-gradient elementor-widget elementor-widget-posts\" data-id=\"10353b1\" data-element_type=\"widget\" data-e-type=\"widget\" data-settings=\"{&quot;pagination_type&quot;:&quot;numbers&quot;,&quot;cards_columns&quot;:&quot;3&quot;,&quot;cards_columns_tablet&quot;:&quot;2&quot;,&quot;cards_columns_mobile&quot;:&quot;1&quot;,&quot;cards_row_gap&quot;:{&quot;unit&quot;:&quot;px&quot;,&quot;size&quot;:35,&quot;sizes&quot;:[]},&quot;cards_row_gap_tablet&quot;:{&quot;unit&quot;:&quot;px&quot;,&quot;size&quot;:&quot;&quot;,&quot;sizes&quot;:[]},&quot;cards_row_gap_mobile&quot;:{&quot;unit&quot;:&quot;px&quot;,&quot;size&quot;:&quot;&quot;,&quot;sizes&quot;:[]}}\" data-widget_type=\"posts.cards\">\n\t\t\t\t<div class=\"elementor-widget-container\">\n\t\t\t\t\t\t\t<div class=\"elementor-posts-container elementor-posts elementor-posts--skin-cards elementor-grid\" role=\"list\">\n\t\t\t\t<article class=\"elementor-post elementor-grid-item post-73672 publicaciones type-publicaciones status-publish has-post-thumbnail hentry tipos-de-publicaciones-outro-autores\" role=\"listitem\">\n\t\t\t<div class=\"elementor-post__card\">\n\t\t\t\t<div class=\"elementor-post__text\">\n\t\t\t\t<h3 class=\"elementor-post__title\">\n\t\t\t<a href=\"https:\/\/institutchiaribcn.com\/pt\/the-benefits-of-cognitive-therapeutic-exercise-in-symptomatic-arnold-chiari-syndrome-type-i-a-case-report-on-gait-balance-and-pain-management\/\" >\n\t\t\t\tThe Benefits of Cognitive Therapeutic Exercise in Symptomatic Arnold\u2013Chiari Syndrome Type I: A Case Report on Gait, Balance, and Pain Management\t\t\t<\/a>\n\t\t<\/h3>\n\t\t\t\t\t<div class=\"elementor-post__read-more-wrapper\">\n\t\t\n\t\t<a class=\"elementor-post__read-more\" href=\"https:\/\/institutchiaribcn.com\/pt\/the-benefits-of-cognitive-therapeutic-exercise-in-symptomatic-arnold-chiari-syndrome-type-i-a-case-report-on-gait-balance-and-pain-management\/\" aria-label=\"Read more about The Benefits of Cognitive Therapeutic Exercise in Symptomatic Arnold\u2013Chiari Syndrome Type I: A Case Report on Gait, Balance, and Pain Management\" tabindex=\"-1\" >\n\t\t\tLer mais \u00bb\t\t<\/a>\n\n\t\t\t\t\t<\/div>\n\t\t\t\t<\/div>\n\t\t\t\t<div class=\"elementor-post__meta-data\">\n\t\t\t\t\t<span class=\"elementor-post-date\">\n\t\t\t06 Novembro, 2024\t\t<\/span>\n\t\t\t\t<\/div>\n\t\t\t\t\t<\/div>\n\t\t<\/article>\n\t\t\t\t<article class=\"elementor-post elementor-grid-item post-73687 publicaciones type-publicaciones status-publish hentry tipos-de-publicaciones-outro-autores\" role=\"listitem\">\n\t\t\t<div class=\"elementor-post__card\">\n\t\t\t\t<div class=\"elementor-post__text\">\n\t\t\t\t<h3 class=\"elementor-post__title\">\n\t\t\t<a href=\"https:\/\/institutchiaribcn.com\/pt\/are-herniated-cerebellar-tonsils-the-main-culprit-of-chiari-malformation-type-i-symptoms-the-brainstem-compression-hypothesis-seems-to-be-re-elucidated-and-revised\/\" >\n\t\t\t\tAre Herniated Cerebellar Tonsils the Main Culprit of Chiari Malformation Type I Symptoms? The Brainstem Compression Hypothesis seems to be Re-Elucidated and Revised.\t\t\t<\/a>\n\t\t<\/h3>\n\t\t\t\t\t<div class=\"elementor-post__read-more-wrapper\">\n\t\t\n\t\t<a class=\"elementor-post__read-more\" href=\"https:\/\/institutchiaribcn.com\/pt\/are-herniated-cerebellar-tonsils-the-main-culprit-of-chiari-malformation-type-i-symptoms-the-brainstem-compression-hypothesis-seems-to-be-re-elucidated-and-revised\/\" aria-label=\"Read more about Are Herniated Cerebellar Tonsils the Main Culprit of Chiari Malformation Type I Symptoms? The Brainstem Compression Hypothesis seems to be Re-Elucidated and Revised.\" tabindex=\"-1\" >\n\t\t\tLer mais \u00bb\t\t<\/a>\n\n\t\t\t\t\t<\/div>\n\t\t\t\t<\/div>\n\t\t\t\t<div class=\"elementor-post__meta-data\">\n\t\t\t\t\t<span class=\"elementor-post-date\">\n\t\t\t13 Fevereiro, 2019\t\t<\/span>\n\t\t\t\t<\/div>\n\t\t\t\t\t<\/div>\n\t\t<\/article>\n\t\t\t\t<article class=\"elementor-post elementor-grid-item post-73688 publicaciones type-publicaciones status-publish has-post-thumbnail hentry tipos-de-publicaciones-outro-autores\" role=\"listitem\">\n\t\t\t<div class=\"elementor-post__card\">\n\t\t\t\t<div class=\"elementor-post__text\">\n\t\t\t\t<h3 class=\"elementor-post__title\">\n\t\t\t<a href=\"https:\/\/institutchiaribcn.com\/pt\/the-triad-of-holocord-syringomyelia-chiari-malformation-and-tethered-cord-amelioration-with-simple-detethering-a-case-for-revisiting-traction-hypothesis\/\" >\n\t\t\t\tThe triad of holocord syringomyelia, Chiari malformation and tethered cord: Amelioration with simple detethering \u2013 A case for revisiting traction hypothesis?\t\t\t<\/a>\n\t\t<\/h3>\n\t\t\t\t\t<div class=\"elementor-post__read-more-wrapper\">\n\t\t\n\t\t<a class=\"elementor-post__read-more\" href=\"https:\/\/institutchiaribcn.com\/pt\/the-triad-of-holocord-syringomyelia-chiari-malformation-and-tethered-cord-amelioration-with-simple-detethering-a-case-for-revisiting-traction-hypothesis\/\" aria-label=\"Read more about The triad of holocord syringomyelia, Chiari malformation and tethered cord: Amelioration with simple detethering \u2013 A case for revisiting traction hypothesis?\" tabindex=\"-1\" >\n\t\t\tLer mais \u00bb\t\t<\/a>\n\n\t\t\t\t\t<\/div>\n\t\t\t\t<\/div>\n\t\t\t\t<div class=\"elementor-post__meta-data\">\n\t\t\t\t\t<span class=\"elementor-post-date\">\n\t\t\t23 Agosto, 2016\t\t<\/span>\n\t\t\t\t<\/div>\n\t\t\t\t\t<\/div>\n\t\t<\/article>\n\t\t\t\t<article class=\"elementor-post elementor-grid-item post-73689 publicaciones type-publicaciones status-publish has-post-thumbnail hentry tipos-de-publicaciones-outro-autores\" role=\"listitem\">\n\t\t\t<div class=\"elementor-post__card\">\n\t\t\t\t<div class=\"elementor-post__text\">\n\t\t\t\t<h3 class=\"elementor-post__title\">\n\t\t\t<a href=\"https:\/\/institutchiaribcn.com\/pt\/shortness-of-filum-terminale-represents-an-anatomical-specific-feature-in-fibromyalgia-a-nuclear-magnetic-resonance-and-clinical-study\/\" >\n\t\t\t\tShortness of filum terminale represents an anatomical specific feature in fibromyalgia: a nuclear magnetic resonance and clinical study\t\t\t<\/a>\n\t\t<\/h3>\n\t\t\t\t\t<div class=\"elementor-post__read-more-wrapper\">\n\t\t\n\t\t<a class=\"elementor-post__read-more\" href=\"https:\/\/institutchiaribcn.com\/pt\/shortness-of-filum-terminale-represents-an-anatomical-specific-feature-in-fibromyalgia-a-nuclear-magnetic-resonance-and-clinical-study\/\" aria-label=\"Read more about Shortness of filum terminale represents an anatomical specific feature in fibromyalgia: a nuclear magnetic resonance and clinical study\" tabindex=\"-1\" >\n\t\t\tLer mais \u00bb\t\t<\/a>\n\n\t\t\t\t\t<\/div>\n\t\t\t\t<\/div>\n\t\t\t\t<div class=\"elementor-post__meta-data\">\n\t\t\t\t\t<span class=\"elementor-post-date\">\n\t\t\t24 Abril, 2015\t\t<\/span>\n\t\t\t\t<\/div>\n\t\t\t\t\t<\/div>\n\t\t<\/article>\n\t\t\t\t<article class=\"elementor-post elementor-grid-item post-73704 publicaciones type-publicaciones status-publish has-post-thumbnail hentry tipos-de-publicaciones-outro-autores\" role=\"listitem\">\n\t\t\t<div class=\"elementor-post__card\">\n\t\t\t\t<div class=\"elementor-post__text\">\n\t\t\t\t<h3 class=\"elementor-post__title\">\n\t\t\t<a href=\"https:\/\/institutchiaribcn.com\/pt\/the-filum-terminale-syndrome-the-cord-traction-syndrome\/\" >\n\t\t\t\tTHE FILUM TERMINALE SYNDROME: (The Cord-Traction Syndrome)\t\t\t<\/a>\n\t\t<\/h3>\n\t\t\t\t\t<div class=\"elementor-post__read-more-wrapper\">\n\t\t\n\t\t<a class=\"elementor-post__read-more\" href=\"https:\/\/institutchiaribcn.com\/pt\/the-filum-terminale-syndrome-the-cord-traction-syndrome\/\" aria-label=\"Read more about THE FILUM TERMINALE SYNDROME: (The Cord-Traction Syndrome)\" tabindex=\"-1\" >\n\t\t\tLer mais \u00bb\t\t<\/a>\n\n\t\t\t\t\t<\/div>\n\t\t\t\t<\/div>\n\t\t\t\t<div class=\"elementor-post__meta-data\">\n\t\t\t\t\t<span class=\"elementor-post-date\">\n\t\t\t29 Abril, 2014\t\t<\/span>\n\t\t\t\t<\/div>\n\t\t\t\t\t<\/div>\n\t\t<\/article>\n\t\t\t\t<article class=\"elementor-post elementor-grid-item post-73719 publicaciones type-publicaciones status-publish has-post-thumbnail hentry tipos-de-publicaciones-outro-autores\" role=\"listitem\">\n\t\t\t<div class=\"elementor-post__card\">\n\t\t\t\t<div class=\"elementor-post__text\">\n\t\t\t\t<h3 class=\"elementor-post__title\">\n\t\t\t<a href=\"https:\/\/institutchiaribcn.com\/pt\/development-of-the-spine-following-pinealectomy-in-growing-rats\/\" >\n\t\t\t\tDevelopment of the spine following pinealectomy in growing rats\t\t\t<\/a>\n\t\t<\/h3>\n\t\t\t\t\t<div class=\"elementor-post__read-more-wrapper\">\n\t\t\n\t\t<a class=\"elementor-post__read-more\" href=\"https:\/\/institutchiaribcn.com\/pt\/development-of-the-spine-following-pinealectomy-in-growing-rats\/\" aria-label=\"Read more about Development of the spine following pinealectomy in growing rats\" tabindex=\"-1\" >\n\t\t\tLer mais \u00bb\t\t<\/a>\n\n\t\t\t\t\t<\/div>\n\t\t\t\t<\/div>\n\t\t\t\t<div class=\"elementor-post__meta-data\">\n\t\t\t\t\t<span class=\"elementor-post-date\">\n\t\t\t17 Junho, 2011\t\t<\/span>\n\t\t\t\t<\/div>\n\t\t\t\t\t<\/div>\n\t\t<\/article>\n\t\t\t\t<\/div>\n\t\t\n\t\t\t\t<div class=\"e-load-more-anchor\" data-page=\"1\" data-max-page=\"2\" data-next-page=\"https:\/\/institutchiaribcn.com\/pt\/wp-json\/wp\/v2\/pages\/114013\/page\/2\/\"><\/div>\n\t\t\t\t<nav class=\"elementor-pagination\" aria-label=\"Pagination\">\n\t\t\t<span aria-current=\"page\" class=\"page-numbers current\"><span class=\"elementor-screen-only\">Page<\/span>1<\/span>\n<a class=\"page-numbers\" href=\"https:\/\/institutchiaribcn.com\/pt\/wp-json\/wp\/v2\/pages\/114013\/page\/2\/\"><span class=\"elementor-screen-only\">Page<\/span>2<\/a>\t\t<\/nav>\n\t\t\t\t\t\t<\/div>\n\t\t\t\t<\/div>\n\t\t\t\t\t<\/div>\n\t\t\t\t<\/div>\n\t\t\t\t<\/div>\n\t\t","protected":false},"excerpt":{"rendered":"<p>Outro autores Institut Chiari &amp; Siringomielia &amp; Escoliosis de Barcelona<\/p>\n","protected":false},"author":1,"featured_media":0,"parent":0,"menu_order":0,"comment_status":"closed","ping_status":"closed","template":"","meta":{"footnotes":""},"class_list":["post-114013","page","type-page","status-publish","hentry"],"yoast_head":"<!-- This site is optimized with the Yoast SEO plugin v27.4 - https:\/\/yoast.com\/product\/yoast-seo-wordpress\/ -->\n<title>Publica\u00e7\u00f5es de outros autores | ICSEB<\/title>\n<meta name=\"description\" content=\"Artigos cient\u00edficos e publica\u00e7\u00f5es de outros autores sobre S\u00edndrome de Chiari, Filum e patologias relacionadas.\" \/>\n<meta name=\"robots\" content=\"index, follow, max-snippet:-1, max-image-preview:large, max-video-preview:-1\" \/>\n<link rel=\"canonical\" href=\"https:\/\/institutchiaribcn.com\/pt\/publicacoes-outro-autores\/\" \/>\n<meta property=\"og:locale\" content=\"pt_PT\" \/>\n<meta property=\"og:type\" content=\"article\" \/>\n<meta property=\"og:title\" content=\"Publica\u00e7\u00f5es de outros autores | ICSEB\" \/>\n<meta property=\"og:description\" content=\"Artigos cient\u00edficos e publica\u00e7\u00f5es de outros autores sobre S\u00edndrome de Chiari, Filum e patologias relacionadas.\" \/>\n<meta property=\"og:url\" content=\"https:\/\/institutchiaribcn.com\/pt\/publicacoes-outro-autores\/\" \/>\n<meta property=\"og:site_name\" content=\"Institut Chiari\" \/>\n<meta property=\"article:modified_time\" content=\"2026-03-03T08:20:50+00:00\" \/>\n<meta name=\"twitter:card\" content=\"summary_large_image\" \/>\n<meta name=\"twitter:label1\" content=\"Tempo estimado de leitura\" \/>\n\t<meta name=\"twitter:data1\" content=\"1 minuto\" \/>\n<script type=\"application\/ld+json\" class=\"yoast-schema-graph\">{\"@context\":\"https:\\\/\\\/schema.org\",\"@graph\":[{\"@type\":\"WebPage\",\"@id\":\"https:\\\/\\\/institutchiaribcn.com\\\/pt\\\/publicacoes-outro-autores\\\/\",\"url\":\"https:\\\/\\\/institutchiaribcn.com\\\/pt\\\/publicacoes-outro-autores\\\/\",\"name\":\"Publica\u00e7\u00f5es de outros autores | ICSEB\",\"isPartOf\":{\"@id\":\"https:\\\/\\\/institutchiaribcn.com\\\/pt\\\/#website\"},\"datePublished\":\"2025-07-29T12:11:31+00:00\",\"dateModified\":\"2026-03-03T08:20:50+00:00\",\"description\":\"Artigos cient\u00edficos e publica\u00e7\u00f5es de outros autores sobre S\u00edndrome de Chiari, Filum e patologias relacionadas.\",\"breadcrumb\":{\"@id\":\"https:\\\/\\\/institutchiaribcn.com\\\/pt\\\/publicacoes-outro-autores\\\/#breadcrumb\"},\"inLanguage\":\"pt-PT\",\"potentialAction\":[{\"@type\":\"ReadAction\",\"target\":[\"https:\\\/\\\/institutchiaribcn.com\\\/pt\\\/publicacoes-outro-autores\\\/\"]}]},{\"@type\":\"BreadcrumbList\",\"@id\":\"https:\\\/\\\/institutchiaribcn.com\\\/pt\\\/publicacoes-outro-autores\\\/#breadcrumb\",\"itemListElement\":[{\"@type\":\"ListItem\",\"position\":1,\"name\":\"Portada\",\"item\":\"https:\\\/\\\/institutchiaribcn.com\\\/pt\\\/\"},{\"@type\":\"ListItem\",\"position\":2,\"name\":\"Outro autores\"}]},{\"@type\":\"WebSite\",\"@id\":\"https:\\\/\\\/institutchiaribcn.com\\\/pt\\\/#website\",\"url\":\"https:\\\/\\\/institutchiaribcn.com\\\/pt\\\/\",\"name\":\"Institut Chiari de Barcelona\",\"description\":\"\",\"publisher\":{\"@id\":\"https:\\\/\\\/institutchiaribcn.com\\\/pt\\\/#organization\"},\"potentialAction\":[{\"@type\":\"SearchAction\",\"target\":{\"@type\":\"EntryPoint\",\"urlTemplate\":\"https:\\\/\\\/institutchiaribcn.com\\\/pt\\\/?s={search_term_string}\"},\"query-input\":{\"@type\":\"PropertyValueSpecification\",\"valueRequired\":true,\"valueName\":\"search_term_string\"}}],\"inLanguage\":\"pt-PT\"},{\"@type\":\"Organization\",\"@id\":\"https:\\\/\\\/institutchiaribcn.com\\\/pt\\\/#organization\",\"name\":\"Institut Chiari de Barcelona\",\"url\":\"https:\\\/\\\/institutchiaribcn.com\\\/pt\\\/\",\"logo\":{\"@type\":\"ImageObject\",\"inLanguage\":\"pt-PT\",\"@id\":\"https:\\\/\\\/institutchiaribcn.com\\\/pt\\\/#\\\/schema\\\/logo\\\/image\\\/\",\"url\":\"https:\\\/\\\/institutchiaribcn.com\\\/wp-content\\\/uploads\\\/2025\\\/10\\\/cropped-cropped-icsebNavLogo-1.png\",\"contentUrl\":\"https:\\\/\\\/institutchiaribcn.com\\\/wp-content\\\/uploads\\\/2025\\\/10\\\/cropped-cropped-icsebNavLogo-1.png\",\"width\":245,\"height\":99,\"caption\":\"Institut Chiari de Barcelona\"},\"image\":{\"@id\":\"https:\\\/\\\/institutchiaribcn.com\\\/pt\\\/#\\\/schema\\\/logo\\\/image\\\/\"}}]}<\/script>\n<!-- \/ Yoast SEO plugin. -->","yoast_head_json":{"title":"Publica\u00e7\u00f5es de outros autores | ICSEB","description":"Artigos cient\u00edficos e publica\u00e7\u00f5es de outros autores sobre S\u00edndrome de Chiari, Filum e patologias relacionadas.","robots":{"index":"index","follow":"follow","max-snippet":"max-snippet:-1","max-image-preview":"max-image-preview:large","max-video-preview":"max-video-preview:-1"},"canonical":"https:\/\/institutchiaribcn.com\/pt\/publicacoes-outro-autores\/","og_locale":"pt_PT","og_type":"article","og_title":"Publica\u00e7\u00f5es de outros autores | ICSEB","og_description":"Artigos cient\u00edficos e publica\u00e7\u00f5es de outros autores sobre S\u00edndrome de Chiari, Filum e patologias relacionadas.","og_url":"https:\/\/institutchiaribcn.com\/pt\/publicacoes-outro-autores\/","og_site_name":"Institut Chiari","article_modified_time":"2026-03-03T08:20:50+00:00","twitter_card":"summary_large_image","twitter_misc":{"Tempo estimado de leitura":"1 minuto"},"schema":{"@context":"https:\/\/schema.org","@graph":[{"@type":"WebPage","@id":"https:\/\/institutchiaribcn.com\/pt\/publicacoes-outro-autores\/","url":"https:\/\/institutchiaribcn.com\/pt\/publicacoes-outro-autores\/","name":"Publica\u00e7\u00f5es de outros autores | ICSEB","isPartOf":{"@id":"https:\/\/institutchiaribcn.com\/pt\/#website"},"datePublished":"2025-07-29T12:11:31+00:00","dateModified":"2026-03-03T08:20:50+00:00","description":"Artigos cient\u00edficos e publica\u00e7\u00f5es de outros autores sobre S\u00edndrome de Chiari, Filum e patologias relacionadas.","breadcrumb":{"@id":"https:\/\/institutchiaribcn.com\/pt\/publicacoes-outro-autores\/#breadcrumb"},"inLanguage":"pt-PT","potentialAction":[{"@type":"ReadAction","target":["https:\/\/institutchiaribcn.com\/pt\/publicacoes-outro-autores\/"]}]},{"@type":"BreadcrumbList","@id":"https:\/\/institutchiaribcn.com\/pt\/publicacoes-outro-autores\/#breadcrumb","itemListElement":[{"@type":"ListItem","position":1,"name":"Portada","item":"https:\/\/institutchiaribcn.com\/pt\/"},{"@type":"ListItem","position":2,"name":"Outro autores"}]},{"@type":"WebSite","@id":"https:\/\/institutchiaribcn.com\/pt\/#website","url":"https:\/\/institutchiaribcn.com\/pt\/","name":"Institut Chiari de Barcelona","description":"","publisher":{"@id":"https:\/\/institutchiaribcn.com\/pt\/#organization"},"potentialAction":[{"@type":"SearchAction","target":{"@type":"EntryPoint","urlTemplate":"https:\/\/institutchiaribcn.com\/pt\/?s={search_term_string}"},"query-input":{"@type":"PropertyValueSpecification","valueRequired":true,"valueName":"search_term_string"}}],"inLanguage":"pt-PT"},{"@type":"Organization","@id":"https:\/\/institutchiaribcn.com\/pt\/#organization","name":"Institut Chiari de Barcelona","url":"https:\/\/institutchiaribcn.com\/pt\/","logo":{"@type":"ImageObject","inLanguage":"pt-PT","@id":"https:\/\/institutchiaribcn.com\/pt\/#\/schema\/logo\/image\/","url":"https:\/\/institutchiaribcn.com\/wp-content\/uploads\/2025\/10\/cropped-cropped-icsebNavLogo-1.png","contentUrl":"https:\/\/institutchiaribcn.com\/wp-content\/uploads\/2025\/10\/cropped-cropped-icsebNavLogo-1.png","width":245,"height":99,"caption":"Institut Chiari de Barcelona"},"image":{"@id":"https:\/\/institutchiaribcn.com\/pt\/#\/schema\/logo\/image\/"}}]}},"_links":{"self":[{"href":"https:\/\/institutchiaribcn.com\/pt\/wp-json\/wp\/v2\/pages\/114013","targetHints":{"allow":["GET"]}}],"collection":[{"href":"https:\/\/institutchiaribcn.com\/pt\/wp-json\/wp\/v2\/pages"}],"about":[{"href":"https:\/\/institutchiaribcn.com\/pt\/wp-json\/wp\/v2\/types\/page"}],"author":[{"embeddable":true,"href":"https:\/\/institutchiaribcn.com\/pt\/wp-json\/wp\/v2\/users\/1"}],"replies":[{"embeddable":true,"href":"https:\/\/institutchiaribcn.com\/pt\/wp-json\/wp\/v2\/comments?post=114013"}],"version-history":[{"count":1,"href":"https:\/\/institutchiaribcn.com\/pt\/wp-json\/wp\/v2\/pages\/114013\/revisions"}],"predecessor-version":[{"id":145106,"href":"https:\/\/institutchiaribcn.com\/pt\/wp-json\/wp\/v2\/pages\/114013\/revisions\/145106"}],"wp:attachment":[{"href":"https:\/\/institutchiaribcn.com\/pt\/wp-json\/wp\/v2\/media?parent=114013"}],"curies":[{"name":"wp","href":"https:\/\/api.w.org\/{rel}","templated":true}]}}