{"id":113594,"date":"2025-08-01T08:54:48","date_gmt":"2025-08-01T06:54:48","guid":{"rendered":"https:\/\/dev.institutchiaribcn.com\/testimonio\/"},"modified":"2026-02-03T12:03:33","modified_gmt":"2026-02-03T11:03:33","slug":"depoimentos","status":"publish","type":"page","link":"https:\/\/institutchiaribcn.com\/pt\/depoimentos\/","title":{"rendered":"Testimonios  Depoimentos"},"content":{"rendered":"\t\t<div data-elementor-type=\"wp-page\" data-elementor-id=\"113594\" class=\"elementor elementor-113594 elementor-48249\" data-elementor-post-type=\"page\">\n\t\t\t\t<div class=\"elementor-element elementor-element-0172bb1 e-flex e-con-boxed e-con e-parent\" data-id=\"0172bb1\" data-element_type=\"container\" data-e-type=\"container\" data-settings=\"{&quot;background_background&quot;:&quot;classic&quot;}\">\n\t\t\t\t\t<div class=\"e-con-inner\">\n\t\t<div class=\"elementor-element elementor-element-3b20eec e-con-full e-flex e-con e-child\" data-id=\"3b20eec\" data-element_type=\"container\" data-e-type=\"container\">\n\t\t\t\t<div class=\"elementor-element elementor-element-7507769 elementor-widget elementor-widget-heading\" data-id=\"7507769\" data-element_type=\"widget\" data-e-type=\"widget\" data-widget_type=\"heading.default\">\n\t\t\t\t<div class=\"elementor-widget-container\">\n\t\t\t\t\t<h1 class=\"elementor-heading-title elementor-size-default\"> Depoimentos <\/h1>\t\t\t\t<\/div>\n\t\t\t\t<\/div>\n\t\t\t\t<div class=\"elementor-element elementor-element-e735535 elementor-widget elementor-widget-heading\" data-id=\"e735535\" data-element_type=\"widget\" data-e-type=\"widget\" data-widget_type=\"heading.default\">\n\t\t\t\t<div class=\"elementor-widget-container\">\n\t\t\t\t\t<h2 class=\"elementor-heading-title elementor-size-default\">Institut Chiari &amp; Siringomielia &amp; Escoliosis de Barcelona<\/h2>\t\t\t\t<\/div>\n\t\t\t\t<\/div>\n\t\t\t\t<\/div>\n\t\t\t\t\t<\/div>\n\t\t\t\t<\/div>\n\t\t<div class=\"elementor-element elementor-element-79e2146 e-flex e-con-boxed e-con e-parent\" data-id=\"79e2146\" data-element_type=\"container\" data-e-type=\"container\">\n\t\t\t\t\t<div class=\"e-con-inner\">\n\t\t<div class=\"elementor-element elementor-element-f22fe46 e-grid e-con-full e-con e-child\" data-id=\"f22fe46\" data-element_type=\"container\" data-e-type=\"container\">\n\t\t<a class=\"elementor-element elementor-element-2e2f134 e-con-full e-flex e-con e-child\" data-id=\"2e2f134\" data-element_type=\"container\" data-e-type=\"container\" data-settings=\"{&quot;background_background&quot;:&quot;classic&quot;}\" href=\"https:\/\/institutchiaribcn.com\/pt\/depoimentos-de-pacientes-familiares-que-falam-portugues\/\">\n\t\t\t\t<div class=\"elementor-element elementor-element-8c1182a elementor-widget elementor-widget-heading\" data-id=\"8c1182a\" data-element_type=\"widget\" data-e-type=\"widget\" data-widget_type=\"heading.default\">\n\t\t\t\t<div class=\"elementor-widget-container\">\n\t\t\t\t\t<p class=\"elementor-heading-title elementor-size-default\">Depoimentos de pacientes \/ familiares que falam portugu\u00eas<\/p>\t\t\t\t<\/div>\n\t\t\t\t<\/div>\n\t\t\t\t<\/a>\n\t\t<a class=\"elementor-element elementor-element-9838b87 e-con-full e-flex e-con e-child\" data-id=\"9838b87\" data-element_type=\"container\" data-e-type=\"container\" data-settings=\"{&quot;background_background&quot;:&quot;classic&quot;}\" href=\"https:\/\/institutchiaribcn.com\/pt\/depoimentos-arnold-chiari\/\">\n\t\t\t\t<div class=\"elementor-element elementor-element-a0343d6 elementor-widget elementor-widget-heading\" data-id=\"a0343d6\" data-element_type=\"widget\" data-e-type=\"widget\" data-widget_type=\"heading.default\">\n\t\t\t\t<div class=\"elementor-widget-container\">\n\t\t\t\t\t<p class=\"elementor-heading-title elementor-size-default\">Depoimentos S\u00edndrome de Arnold Chiari I<\/p>\t\t\t\t<\/div>\n\t\t\t\t<\/div>\n\t\t\t\t<\/a>\n\t\t<a class=\"elementor-element elementor-element-afdda72 e-con-full e-flex e-con e-child\" data-id=\"afdda72\" data-element_type=\"container\" data-e-type=\"container\" data-settings=\"{&quot;background_background&quot;:&quot;classic&quot;}\" href=\"https:\/\/institutchiaribcn.com\/pt\/filum-depoimentos\/\">\n\t\t\t\t<div class=\"elementor-element elementor-element-6cd0fcc elementor-widget elementor-widget-heading\" data-id=\"6cd0fcc\" data-element_type=\"widget\" data-e-type=\"widget\" data-widget_type=\"heading.default\">\n\t\t\t\t<div class=\"elementor-widget-container\">\n\t\t\t\t\t<p class=\"elementor-heading-title elementor-size-default\">SFT ap\u00f3s craniectom\u00eda suboccipital<\/p>\t\t\t\t<\/div>\n\t\t\t\t<\/div>\n\t\t\t\t<\/a>\n\t\t<a class=\"elementor-element elementor-element-1be2a7b e-con-full e-flex e-con e-child\" data-id=\"1be2a7b\" data-element_type=\"container\" data-e-type=\"container\" data-settings=\"{&quot;background_background&quot;:&quot;classic&quot;}\" href=\"https:\/\/institutchiaribcn.com\/pt\/depoimentos-siringomielia-idiopatica\/\">\n\t\t\t\t<div class=\"elementor-element elementor-element-3903729 elementor-widget elementor-widget-heading\" data-id=\"3903729\" data-element_type=\"widget\" data-e-type=\"widget\" data-widget_type=\"heading.default\">\n\t\t\t\t<div class=\"elementor-widget-container\">\n\t\t\t\t\t<p class=\"elementor-heading-title elementor-size-default\">Depoimentos Siringomielia Idiop\u00e1tica<\/p>\t\t\t\t<\/div>\n\t\t\t\t<\/div>\n\t\t\t\t<\/a>\n\t\t<a class=\"elementor-element elementor-element-9985b17 e-con-full e-flex e-con e-child\" data-id=\"9985b17\" data-element_type=\"container\" data-e-type=\"container\" data-settings=\"{&quot;background_background&quot;:&quot;classic&quot;}\" href=\"https:\/\/institutchiaribcn.com\/pt\/sft-apos-craniectomia\/\">\n\t\t\t\t<div class=\"elementor-element elementor-element-288fa11 elementor-widget elementor-widget-heading\" data-id=\"288fa11\" data-element_type=\"widget\" data-e-type=\"widget\" data-widget_type=\"heading.default\">\n\t\t\t\t<div class=\"elementor-widget-container\">\n\t\t\t\t\t<p class=\"elementor-heading-title elementor-size-default\">SFT ap\u00f3s craniectom\u00eda e coloca\u00e7\u00e3o de cateter<\/p>\t\t\t\t<\/div>\n\t\t\t\t<\/div>\n\t\t\t\t<\/a>\n\t\t<a class=\"elementor-element elementor-element-3264010 e-con-full e-flex e-con e-child\" data-id=\"3264010\" data-element_type=\"container\" data-e-type=\"container\" data-settings=\"{&quot;background_background&quot;:&quot;classic&quot;}\" href=\"https:\/\/institutchiaribcn.com\/pt\/depoimentos-escoliose-idiopatica\/\">\n\t\t\t\t<div class=\"elementor-element elementor-element-f5260dd elementor-widget elementor-widget-heading\" data-id=\"f5260dd\" data-element_type=\"widget\" data-e-type=\"widget\" data-widget_type=\"heading.default\">\n\t\t\t\t<div class=\"elementor-widget-container\">\n\t\t\t\t\t<p class=\"elementor-heading-title elementor-size-default\">Depoimentos Escoliose Idiop\u00e1tica\n<\/p>\t\t\t\t<\/div>\n\t\t\t\t<\/div>\n\t\t\t\t<\/a>\n\t\t<a class=\"elementor-element elementor-element-b09496e e-con-full e-flex e-con e-child\" data-id=\"b09496e\" data-element_type=\"container\" data-e-type=\"container\" data-settings=\"{&quot;background_background&quot;:&quot;classic&quot;}\" href=\"https:\/\/institutchiaribcn.com\/pt\/depoimentos-operados-da-coluna-vertebral\/\">\n\t\t\t\t<div class=\"elementor-element elementor-element-e69b75c elementor-widget elementor-widget-heading\" data-id=\"e69b75c\" data-element_type=\"widget\" data-e-type=\"widget\" data-widget_type=\"heading.default\">\n\t\t\t\t<div class=\"elementor-widget-container\">\n\t\t\t\t\t<p class=\"elementor-heading-title elementor-size-default\">Depoimentos operados na coluna vertebral\n<\/p>\t\t\t\t<\/div>\n\t\t\t\t<\/div>\n\t\t\t\t<\/a>\n\t\t<a class=\"elementor-element elementor-element-1cab0d4 e-con-full e-flex e-con e-child\" data-id=\"1cab0d4\" data-element_type=\"container\" data-e-type=\"container\" data-settings=\"{&quot;background_background&quot;:&quot;classic&quot;}\" href=\"https:\/\/institutchiaribcn.com\/pt\/depoimentos-familiares\/\">\n\t\t\t\t<div class=\"elementor-element elementor-element-724b951 elementor-widget elementor-widget-heading\" data-id=\"724b951\" data-element_type=\"widget\" data-e-type=\"widget\" data-widget_type=\"heading.default\">\n\t\t\t\t<div class=\"elementor-widget-container\">\n\t\t\t\t\t<p class=\"elementor-heading-title elementor-size-default\">Depoimentos familiares\n<\/p>\t\t\t\t<\/div>\n\t\t\t\t<\/div>\n\t\t\t\t<\/a>\n\t\t<a class=\"elementor-element elementor-element-30f0349 e-con-full e-flex e-con e-child\" data-id=\"30f0349\" data-element_type=\"container\" data-e-type=\"container\" data-settings=\"{&quot;background_background&quot;:&quot;classic&quot;}\" href=\"https:\/\/institutchiaribcn.com\/pt\/videos-depoimentos\/\">\n\t\t\t\t<div class=\"elementor-element elementor-element-13631cf elementor-widget elementor-widget-heading\" data-id=\"13631cf\" data-element_type=\"widget\" data-e-type=\"widget\" data-widget_type=\"heading.default\">\n\t\t\t\t<div class=\"elementor-widget-container\">\n\t\t\t\t\t<p class=\"elementor-heading-title elementor-size-default\">V\u00eddeos de pacientes\n<\/p>\t\t\t\t<\/div>\n\t\t\t\t<\/div>\n\t\t\t\t<\/a>\n\t\t<a class=\"elementor-element elementor-element-3c86930 e-con-full e-flex e-con e-child\" data-id=\"3c86930\" data-element_type=\"container\" data-e-type=\"container\" data-settings=\"{&quot;background_background&quot;:&quot;classic&quot;}\" href=\"https:\/\/institutchiaribcn.com\/pt\/videos-de-familia\/\">\n\t\t\t\t<div class=\"elementor-element elementor-element-b8fba85 elementor-widget elementor-widget-heading\" data-id=\"b8fba85\" data-element_type=\"widget\" data-e-type=\"widget\" data-widget_type=\"heading.default\">\n\t\t\t\t<div class=\"elementor-widget-container\">\n\t\t\t\t\t<p class=\"elementor-heading-title elementor-size-default\">V\u00eddeos de familiares\n<\/p>\t\t\t\t<\/div>\n\t\t\t\t<\/div>\n\t\t\t\t<\/a>\n\t\t<a class=\"elementor-element elementor-element-e614d16 e-con-full e-flex e-con e-child\" data-id=\"e614d16\" data-element_type=\"container\" data-e-type=\"container\" data-settings=\"{&quot;background_background&quot;:&quot;classic&quot;}\" href=\"https:\/\/institutchiaribcn.com\/pt\/videos-de-profissionais\/\">\n\t\t\t\t<div class=\"elementor-element elementor-element-b085717 elementor-widget elementor-widget-heading\" data-id=\"b085717\" data-element_type=\"widget\" data-e-type=\"widget\" data-widget_type=\"heading.default\">\n\t\t\t\t<div class=\"elementor-widget-container\">\n\t\t\t\t\t<p class=\"elementor-heading-title elementor-size-default\">V\u00eddeos de profissionais\n<\/p>\t\t\t\t<\/div>\n\t\t\t\t<\/div>\n\t\t\t\t<\/a>\n\t\t\t\t<\/div>\n\t\t\t\t\t<\/div>\n\t\t\t\t<\/div>\n\t\t\t\t<\/div>\n\t\t","protected":false},"excerpt":{"rendered":"<p>Depoimentos Institut Chiari &amp; Siringomielia &amp; Escoliosis de Barcelona Depoimentos de pacientes \/ familiares que falam portugu\u00eas Depoimentos S\u00edndrome de Arnold Chiari I SFT ap\u00f3s craniectom\u00eda suboccipital Depoimentos Siringomielia Idiop\u00e1tica SFT ap\u00f3s craniectom\u00eda e coloca\u00e7\u00e3o de cateter Depoimentos Escoliose Idiop\u00e1tica Depoimentos operados na coluna vertebral Depoimentos familiares V\u00eddeos de pacientes V\u00eddeos de familiares V\u00eddeos de [&hellip;]<\/p>\n","protected":false},"author":1,"featured_media":0,"parent":0,"menu_order":0,"comment_status":"closed","ping_status":"closed","template":"","meta":{"footnotes":""},"class_list":["post-113594","page","type-page","status-publish","hentry"],"yoast_head":"<!-- This site is optimized with the Yoast SEO plugin v27.1.1 - https:\/\/yoast.com\/product\/yoast-seo-wordpress\/ -->\n<title>Depoimentos S\u00edndrome de Arnold Chiari I | ICSEB<\/title>\n<meta name=\"description\" content=\"Arquivo de depoimentos de pacientes do Institut Chiari Barcelona, relacionados com patologias neurol\u00f3gicas e vertebrais.\" \/>\n<meta name=\"robots\" content=\"index, follow, max-snippet:-1, max-image-preview:large, max-video-preview:-1\" \/>\n<link rel=\"canonical\" href=\"https:\/\/institutchiaribcn.com\/pt\/depoimentos\/\" \/>\n<meta property=\"og:locale\" content=\"pt_PT\" \/>\n<meta property=\"og:type\" content=\"article\" \/>\n<meta property=\"og:title\" content=\"Depoimentos S\u00edndrome de Arnold Chiari I | ICSEB\" \/>\n<meta property=\"og:description\" content=\"Arquivo de depoimentos de pacientes do Institut Chiari Barcelona, relacionados com patologias neurol\u00f3gicas e vertebrais.\" \/>\n<meta property=\"og:url\" content=\"https:\/\/institutchiaribcn.com\/pt\/depoimentos\/\" \/>\n<meta property=\"og:site_name\" content=\"Institut Chiari\" \/>\n<meta property=\"article:modified_time\" content=\"2026-02-03T11:03:33+00:00\" \/>\n<meta name=\"twitter:card\" content=\"summary_large_image\" \/>\n<meta name=\"twitter:label1\" content=\"Tempo estimado de leitura\" \/>\n\t<meta name=\"twitter:data1\" content=\"1 minuto\" \/>\n<script type=\"application\/ld+json\" class=\"yoast-schema-graph\">{\"@context\":\"https:\/\/schema.org\",\"@graph\":[{\"@type\":\"WebPage\",\"@id\":\"https:\/\/institutchiaribcn.com\/pt\/depoimentos\/\",\"url\":\"https:\/\/institutchiaribcn.com\/pt\/depoimentos\/\",\"name\":\"Depoimentos S\u00edndrome de Arnold Chiari I | ICSEB\",\"isPartOf\":{\"@id\":\"https:\/\/institutchiaribcn.com\/pt\/#website\"},\"datePublished\":\"2025-08-01T06:54:48+00:00\",\"dateModified\":\"2026-02-03T11:03:33+00:00\",\"description\":\"Arquivo de depoimentos de pacientes do Institut Chiari Barcelona, relacionados com patologias neurol\u00f3gicas e vertebrais.\",\"breadcrumb\":{\"@id\":\"https:\/\/institutchiaribcn.com\/pt\/depoimentos\/#breadcrumb\"},\"inLanguage\":\"pt-PT\",\"potentialAction\":[{\"@type\":\"ReadAction\",\"target\":[\"https:\/\/institutchiaribcn.com\/pt\/depoimentos\/\"]}]},{\"@type\":\"BreadcrumbList\",\"@id\":\"https:\/\/institutchiaribcn.com\/pt\/depoimentos\/#breadcrumb\",\"itemListElement\":[{\"@type\":\"ListItem\",\"position\":1,\"name\":\"Portada\",\"item\":\"https:\/\/institutchiaribcn.com\/pt\/\"},{\"@type\":\"ListItem\",\"position\":2,\"name\":\"Testimonios Depoimentos\"}]},{\"@type\":\"WebSite\",\"@id\":\"https:\/\/institutchiaribcn.com\/pt\/#website\",\"url\":\"https:\/\/institutchiaribcn.com\/pt\/\",\"name\":\"Institut Chiari de Barcelona\",\"description\":\"\",\"publisher\":{\"@id\":\"https:\/\/institutchiaribcn.com\/pt\/#organization\"},\"potentialAction\":[{\"@type\":\"SearchAction\",\"target\":{\"@type\":\"EntryPoint\",\"urlTemplate\":\"https:\/\/institutchiaribcn.com\/pt\/?s={search_term_string}\"},\"query-input\":{\"@type\":\"PropertyValueSpecification\",\"valueRequired\":true,\"valueName\":\"search_term_string\"}}],\"inLanguage\":\"pt-PT\"},{\"@type\":\"Organization\",\"@id\":\"https:\/\/institutchiaribcn.com\/pt\/#organization\",\"name\":\"Institut Chiari de Barcelona\",\"url\":\"https:\/\/institutchiaribcn.com\/pt\/\",\"logo\":{\"@type\":\"ImageObject\",\"inLanguage\":\"pt-PT\",\"@id\":\"https:\/\/institutchiaribcn.com\/pt\/#\/schema\/logo\/image\/\",\"url\":\"https:\/\/institutchiaribcn.com\/wp-content\/uploads\/2025\/10\/cropped-cropped-icsebNavLogo-1.png\",\"contentUrl\":\"https:\/\/institutchiaribcn.com\/wp-content\/uploads\/2025\/10\/cropped-cropped-icsebNavLogo-1.png\",\"width\":245,\"height\":99,\"caption\":\"Institut Chiari de Barcelona\"},\"image\":{\"@id\":\"https:\/\/institutchiaribcn.com\/pt\/#\/schema\/logo\/image\/\"}}]}<\/script>\n<!-- \/ Yoast SEO plugin. -->","yoast_head_json":{"title":"Depoimentos S\u00edndrome de Arnold Chiari I | ICSEB","description":"Arquivo de depoimentos de pacientes do Institut Chiari Barcelona, relacionados com patologias neurol\u00f3gicas e vertebrais.","robots":{"index":"index","follow":"follow","max-snippet":"max-snippet:-1","max-image-preview":"max-image-preview:large","max-video-preview":"max-video-preview:-1"},"canonical":"https:\/\/institutchiaribcn.com\/pt\/depoimentos\/","og_locale":"pt_PT","og_type":"article","og_title":"Depoimentos S\u00edndrome de Arnold Chiari I | ICSEB","og_description":"Arquivo de depoimentos de pacientes do Institut Chiari Barcelona, relacionados com patologias neurol\u00f3gicas e vertebrais.","og_url":"https:\/\/institutchiaribcn.com\/pt\/depoimentos\/","og_site_name":"Institut Chiari","article_modified_time":"2026-02-03T11:03:33+00:00","twitter_card":"summary_large_image","twitter_misc":{"Tempo estimado de leitura":"1 minuto"},"schema":{"@context":"https:\/\/schema.org","@graph":[{"@type":"WebPage","@id":"https:\/\/institutchiaribcn.com\/pt\/depoimentos\/","url":"https:\/\/institutchiaribcn.com\/pt\/depoimentos\/","name":"Depoimentos S\u00edndrome de Arnold Chiari I | ICSEB","isPartOf":{"@id":"https:\/\/institutchiaribcn.com\/pt\/#website"},"datePublished":"2025-08-01T06:54:48+00:00","dateModified":"2026-02-03T11:03:33+00:00","description":"Arquivo de depoimentos de pacientes do Institut Chiari Barcelona, relacionados com patologias neurol\u00f3gicas e vertebrais.","breadcrumb":{"@id":"https:\/\/institutchiaribcn.com\/pt\/depoimentos\/#breadcrumb"},"inLanguage":"pt-PT","potentialAction":[{"@type":"ReadAction","target":["https:\/\/institutchiaribcn.com\/pt\/depoimentos\/"]}]},{"@type":"BreadcrumbList","@id":"https:\/\/institutchiaribcn.com\/pt\/depoimentos\/#breadcrumb","itemListElement":[{"@type":"ListItem","position":1,"name":"Portada","item":"https:\/\/institutchiaribcn.com\/pt\/"},{"@type":"ListItem","position":2,"name":"Testimonios Depoimentos"}]},{"@type":"WebSite","@id":"https:\/\/institutchiaribcn.com\/pt\/#website","url":"https:\/\/institutchiaribcn.com\/pt\/","name":"Institut Chiari de Barcelona","description":"","publisher":{"@id":"https:\/\/institutchiaribcn.com\/pt\/#organization"},"potentialAction":[{"@type":"SearchAction","target":{"@type":"EntryPoint","urlTemplate":"https:\/\/institutchiaribcn.com\/pt\/?s={search_term_string}"},"query-input":{"@type":"PropertyValueSpecification","valueRequired":true,"valueName":"search_term_string"}}],"inLanguage":"pt-PT"},{"@type":"Organization","@id":"https:\/\/institutchiaribcn.com\/pt\/#organization","name":"Institut Chiari de Barcelona","url":"https:\/\/institutchiaribcn.com\/pt\/","logo":{"@type":"ImageObject","inLanguage":"pt-PT","@id":"https:\/\/institutchiaribcn.com\/pt\/#\/schema\/logo\/image\/","url":"https:\/\/institutchiaribcn.com\/wp-content\/uploads\/2025\/10\/cropped-cropped-icsebNavLogo-1.png","contentUrl":"https:\/\/institutchiaribcn.com\/wp-content\/uploads\/2025\/10\/cropped-cropped-icsebNavLogo-1.png","width":245,"height":99,"caption":"Institut Chiari de Barcelona"},"image":{"@id":"https:\/\/institutchiaribcn.com\/pt\/#\/schema\/logo\/image\/"}}]}},"_links":{"self":[{"href":"https:\/\/institutchiaribcn.com\/pt\/wp-json\/wp\/v2\/pages\/113594","targetHints":{"allow":["GET"]}}],"collection":[{"href":"https:\/\/institutchiaribcn.com\/pt\/wp-json\/wp\/v2\/pages"}],"about":[{"href":"https:\/\/institutchiaribcn.com\/pt\/wp-json\/wp\/v2\/types\/page"}],"author":[{"embeddable":true,"href":"https:\/\/institutchiaribcn.com\/pt\/wp-json\/wp\/v2\/users\/1"}],"replies":[{"embeddable":true,"href":"https:\/\/institutchiaribcn.com\/pt\/wp-json\/wp\/v2\/comments?post=113594"}],"version-history":[{"count":1,"href":"https:\/\/institutchiaribcn.com\/pt\/wp-json\/wp\/v2\/pages\/113594\/revisions"}],"predecessor-version":[{"id":144392,"href":"https:\/\/institutchiaribcn.com\/pt\/wp-json\/wp\/v2\/pages\/113594\/revisions\/144392"}],"wp:attachment":[{"href":"https:\/\/institutchiaribcn.com\/pt\/wp-json\/wp\/v2\/media?parent=113594"}],"curies":[{"name":"wp","href":"https:\/\/api.w.org\/{rel}","templated":true}]}}