{"id":74417,"date":"2025-07-09T14:47:00","date_gmt":"2025-07-09T12:47:00","guid":{"rendered":"https:\/\/dev.institutchiaribcn.com\/politica-de-calidad\/"},"modified":"2026-03-25T10:37:16","modified_gmt":"2026-03-25T09:37:16","slug":"polityka-jakosci","status":"publish","type":"page","link":"https:\/\/institutchiaribcn.com\/pl\/polityka-jakosci\/","title":{"rendered":"Polityka Jako\u015bci"},"content":{"rendered":"\t\t<div data-elementor-type=\"wp-page\" data-elementor-id=\"74417\" class=\"elementor elementor-74417 elementor-46662\" data-elementor-post-type=\"page\">\n\t\t\t\t<div class=\"elementor-element elementor-element-d64372b e-flex e-con-boxed e-con e-parent\" data-id=\"d64372b\" data-element_type=\"container\" data-e-type=\"container\">\n\t\t\t\t\t<div class=\"e-con-inner\">\n\t\t\t\t<div class=\"elementor-element elementor-element-c505b2f elementor-widget elementor-widget-heading\" data-id=\"c505b2f\" data-element_type=\"widget\" data-e-type=\"widget\" data-widget_type=\"heading.default\">\n\t\t\t\t<div class=\"elementor-widget-container\">\n\t\t\t\t\t<h1 class=\"elementor-heading-title elementor-size-default\">Polityka Jako\u015bci<\/h1>\t\t\t\t<\/div>\n\t\t\t\t<\/div>\n\t\t\t\t<div class=\"elementor-element elementor-element-5962371 elementor-widget elementor-widget-text-editor\" data-id=\"5962371\" data-element_type=\"widget\" data-e-type=\"widget\" data-widget_type=\"text-editor.default\">\n\t\t\t\t<div class=\"elementor-widget-container\">\n\t\t\t\t\t\t\t\t\t<p>Barcelona, 16 listopada 2017 r.<\/p><p><strong>Institut Chiari &amp; Siringomielia &amp; Escoliosis de Barcelona, S.L. (ICSEB)<\/strong>\u00a0jest \u015bwiadome etycznego, ludzkiego i spo\u0142ecznego obowi\u0105zku, jakim jest praca dla dobra pacjent\u00f3w i dlatego naszym powo\u0142aniem jest s\u0142u\u017cba medyczna, zapewniaj\u0105ca mo\u017cliwie najlepsze rozwi\u0105zania ka\u017cdej z leczonych przez nas chor\u00f3b, przyczyniaj\u0105c si\u0119 w ten spos\u00f3b do poprawy jako\u015bci \u017cycia.<\/p><p><span style=\"font-size: 1rem;\">Naszym g\u0142\u00f3wnym powodem istnienia, jest pacjent. Dlatego bardzo wa\u017cna jest analiza jego potrzeb i zdefiniowanie na ich podstawie, naszych plan\u00f3w strategicznych, cel\u00f3w i kierunk\u00f3w dzia\u0142ania.<\/span><\/p><p><span style=\"font-size: 1rem;\">ICSEB, pod przewodnictwem Wy\u017cszego Kierownictwa, promuje swoje d\u0105\u017cenie do ci\u0105g\u0142ej doskona\u0142o\u015bci, poprzez aktualizacj\u0119 polityki jako\u015bci, zgodnie z najwy\u017cszymi standardami krajowymi i mi\u0119dzynarodowymi. Troszczy si\u0119 r\u00f3wnie\u017c o doskonalenie swoich proces\u00f3w i obszar\u00f3w dzia\u0142ania, dbaj\u0105c o relacje z ka\u017cdym z zainteresowanych i przeznaczaj\u0105c odpowiednie \u015brodki na prawid\u0142owy nadz\u00f3r nad procesami.<\/span><\/p><p><span style=\"font-size: 1rem;\">W przypadku pacjent\u00f3w zobowi\u0105zanie to polega na dostosowywaniu i ulepszaniu oferowanych us\u0142ug:<\/span><\/p><ul><li>Zapewnienie mo\u017cliwie najwi\u0119kszej dost\u0119pno\u015bci dla pacjent\u00f3w z Chorob\u0105 FIlum.<\/li><li><span style=\"font-size: 1rem;\">Kontynuacja jako mi\u0119dzynarodowe Centrum Referencyjne z zastosowaniem metody Filum System\u00ae.<\/span><\/li><li><span style=\"font-size: 1rem;\">Opracowanie wysokiej jako\u015bci, sprawnego i elastycznego procesu \u015bwiadczenia us\u0142ug medycznych i administracyjnych oraz wykrywanie mo\u017cliwych zagro\u017ce\u0144.<\/span><\/li><li><span style=\"font-size: 1rem;\">Gwarancja korzystania, traktowania i poufno\u015bci informacji, kt\u00f3re pacjent udost\u0119pnia ICSEB.<\/span><\/li><li><span style=\"font-size: 1rem;\">Realizacja zobowi\u0105za\u0144 odno\u015bnie innowacji i bada\u0144 naukowych.<\/span><\/li><li><span style=\"font-size: 1rem;\">Stawianie na ci\u0105g\u0142e doskonalenie si\u0119.<\/span><\/li><\/ul><p><span style=\"font-size: 1rem;\">Od wszystkich os\u00f3b, kt\u00f3re s\u0105 cz\u0119\u015bci\u0105 tej organizacji, ICSEB wymaga przywi\u0105zania do jej warto\u015bci korporacyjnych oraz \u015bwiadczenia profesjonalnych i wysokiej jako\u015bci us\u0142ug. W tym celu rozszerza swoj\u0105 wiedz\u0119 i do\u015bwiadczenie, promuj\u0105c szkolenia, innowacje i wsp\u00f3\u0142prac\u0119 swoich wsp\u00f3\u0142pracownik\u00f3w w \u015brodowisku pracy i przy podejmowaniu decyzji.<\/span><\/p><p>Na tej samej zasadzie, ICSEB zarz\u0105dza relacjami ze swoimi dystrybutorami tak, aby przestrzegali zobowi\u0105za\u0144 wynikaj\u0105cych z warunk\u00f3w kontraktowych, zawieraj\u0105c porozumienia w ramach wyznaczonych cel\u00f3w dla rozwoju ich dzia\u0142alno\u015bci.<\/p><p>W odniesieniu do pozosta\u0142ych o\u015brodk\u00f3w i oddzia\u0142\u00f3w neurochirurgii, zar\u00f3wno krajowych, jak i mi\u0119dzynarodowych, ICSEB b\u0119dzie zawsze otwarty na wsp\u00f3\u0142prac\u0119 z o\u015brodkami medycznymi lub zawodowymi i zobowi\u0105zuje si\u0119 do dalszego rozwijania swojej wiedzy i umiej\u0119tno\u015bci, w celu osi\u0105gni\u0119cia zamierzonych rezultat\u00f3w.<\/p><p>Chcieliby\u015bmy r\u00f3wnie\u017c doda\u0107, \u017ce ICSEB \u015bwiadomy jest swojej odpowiedzialno\u015bci wobec spo\u0142ecze\u0144stwa, okre\u015blaj\u0105c sw\u00f3j cel, jakim jest przestrzeganie przepis\u00f3w dotycz\u0105cych ochrony \u015brodowiska.<\/p><p>Kierownictwo wy\u017cszego szczebla ICSEB odpowiedzialne jest za rozpowszechnianie polityki jako\u015bci w\u015br\u00f3d wszystkich zainteresowanych, poprzez przekazywanie im filozofii, warto\u015bci, a tak\u017ce rozwoju, kt\u00f3re motywuj\u0105 ICSEB jako wysoce wyspecjalizowane centrum neurochirurgiczne.<\/p><p>Dziel\u0119 si\u0119 zatem, z wami wszystkimi, niniejsz\u0105 polityk\u0105 jako\u015bci.<\/p><p>\u00a0<\/p><p>\u00a0<\/p><p>Dr. Miguel B. Royo Salvador. Dyrektor Generalny ICSEB.<\/p>\t\t\t\t\t\t\t\t<\/div>\n\t\t\t\t<\/div>\n\t\t\t\t\t<\/div>\n\t\t\t\t<\/div>\n\t\t\t\t<\/div>\n\t\t","protected":false},"excerpt":{"rendered":"<p>Polityka Jako\u015bci Barcelona, 16 listopada 2017 r. Institut Chiari &amp; Siringomielia &amp; Escoliosis de Barcelona, S.L. (ICSEB)\u00a0jest \u015bwiadome etycznego, ludzkiego i spo\u0142ecznego obowi\u0105zku, jakim jest praca dla dobra pacjent\u00f3w i dlatego naszym powo\u0142aniem jest s\u0142u\u017cba medyczna, zapewniaj\u0105ca mo\u017cliwie najlepsze rozwi\u0105zania ka\u017cdej z leczonych przez nas chor\u00f3b, przyczyniaj\u0105c si\u0119 w ten spos\u00f3b do poprawy jako\u015bci \u017cycia. [&hellip;]<\/p>\n","protected":false},"author":1,"featured_media":0,"parent":0,"menu_order":0,"comment_status":"closed","ping_status":"closed","template":"","meta":{"footnotes":""},"class_list":["post-74417","page","type-page","status-publish","hentry"],"yoast_head":"<!-- This site is optimized with the Yoast SEO plugin v27.1.1 - https:\/\/yoast.com\/product\/yoast-seo-wordpress\/ -->\n<title>Polityka jako\u015bci i zarz\u0105dzanie jako\u015bci\u0105 w ICSEB | ICSEB<\/title>\n<meta name=\"description\" content=\"Polityka jako\u015bci ICSEB opiera si\u0119 na bezpiecze\u0144stwie pacjent\u00f3w, wysokich standardach opieki oraz ci\u0105g\u0142ym doskonaleniu dzia\u0142a\u0144.\" \/>\n<meta name=\"robots\" content=\"index, follow, max-snippet:-1, max-image-preview:large, max-video-preview:-1\" \/>\n<link rel=\"canonical\" href=\"https:\/\/institutchiaribcn.com\/pl\/polityka-jakosci\/\" \/>\n<meta property=\"og:locale\" content=\"pl_PL\" \/>\n<meta property=\"og:type\" content=\"article\" \/>\n<meta property=\"og:title\" content=\"Polityka jako\u015bci i zarz\u0105dzanie jako\u015bci\u0105 w ICSEB | ICSEB\" \/>\n<meta property=\"og:description\" content=\"Polityka jako\u015bci ICSEB opiera si\u0119 na bezpiecze\u0144stwie pacjent\u00f3w, wysokich standardach opieki oraz ci\u0105g\u0142ym doskonaleniu dzia\u0142a\u0144.\" \/>\n<meta property=\"og:url\" content=\"https:\/\/institutchiaribcn.com\/pl\/polityka-jakosci\/\" \/>\n<meta property=\"og:site_name\" content=\"Institut Chiari\" \/>\n<meta property=\"article:modified_time\" content=\"2026-03-25T09:37:16+00:00\" \/>\n<meta name=\"twitter:card\" content=\"summary_large_image\" \/>\n<meta name=\"twitter:label1\" content=\"Szacowany czas czytania\" \/>\n\t<meta name=\"twitter:data1\" content=\"2 minuty\" \/>\n<script type=\"application\/ld+json\" class=\"yoast-schema-graph\">{\"@context\":\"https:\/\/schema.org\",\"@graph\":[{\"@type\":\"WebPage\",\"@id\":\"https:\/\/institutchiaribcn.com\/pl\/polityka-jakosci\/\",\"url\":\"https:\/\/institutchiaribcn.com\/pl\/polityka-jakosci\/\",\"name\":\"Polityka jako\u015bci i zarz\u0105dzanie jako\u015bci\u0105 w ICSEB | ICSEB\",\"isPartOf\":{\"@id\":\"https:\/\/institutchiaribcn.com\/pl\/#website\"},\"datePublished\":\"2025-07-09T12:47:00+00:00\",\"dateModified\":\"2026-03-25T09:37:16+00:00\",\"description\":\"Polityka jako\u015bci ICSEB opiera si\u0119 na bezpiecze\u0144stwie pacjent\u00f3w, wysokich standardach opieki oraz ci\u0105g\u0142ym doskonaleniu dzia\u0142a\u0144.\",\"breadcrumb\":{\"@id\":\"https:\/\/institutchiaribcn.com\/pl\/polityka-jakosci\/#breadcrumb\"},\"inLanguage\":\"pl-PL\",\"potentialAction\":[{\"@type\":\"ReadAction\",\"target\":[\"https:\/\/institutchiaribcn.com\/pl\/polityka-jakosci\/\"]}]},{\"@type\":\"BreadcrumbList\",\"@id\":\"https:\/\/institutchiaribcn.com\/pl\/polityka-jakosci\/#breadcrumb\",\"itemListElement\":[{\"@type\":\"ListItem\",\"position\":1,\"name\":\"Portada\",\"item\":\"https:\/\/institutchiaribcn.com\/pl\/\"},{\"@type\":\"ListItem\",\"position\":2,\"name\":\"Polityka Jako\u015bci\"}]},{\"@type\":\"WebSite\",\"@id\":\"https:\/\/institutchiaribcn.com\/pl\/#website\",\"url\":\"https:\/\/institutchiaribcn.com\/pl\/\",\"name\":\"Institut Chiari de Barcelona\",\"description\":\"\",\"publisher\":{\"@id\":\"https:\/\/institutchiaribcn.com\/pl\/#organization\"},\"potentialAction\":[{\"@type\":\"SearchAction\",\"target\":{\"@type\":\"EntryPoint\",\"urlTemplate\":\"https:\/\/institutchiaribcn.com\/pl\/?s={search_term_string}\"},\"query-input\":{\"@type\":\"PropertyValueSpecification\",\"valueRequired\":true,\"valueName\":\"search_term_string\"}}],\"inLanguage\":\"pl-PL\"},{\"@type\":\"Organization\",\"@id\":\"https:\/\/institutchiaribcn.com\/pl\/#organization\",\"name\":\"Institut Chiari de Barcelona\",\"url\":\"https:\/\/institutchiaribcn.com\/pl\/\",\"logo\":{\"@type\":\"ImageObject\",\"inLanguage\":\"pl-PL\",\"@id\":\"https:\/\/institutchiaribcn.com\/pl\/#\/schema\/logo\/image\/\",\"url\":\"https:\/\/institutchiaribcn.com\/wp-content\/uploads\/2025\/10\/cropped-cropped-icsebNavLogo-1.png\",\"contentUrl\":\"https:\/\/institutchiaribcn.com\/wp-content\/uploads\/2025\/10\/cropped-cropped-icsebNavLogo-1.png\",\"width\":245,\"height\":99,\"caption\":\"Institut Chiari de Barcelona\"},\"image\":{\"@id\":\"https:\/\/institutchiaribcn.com\/pl\/#\/schema\/logo\/image\/\"}}]}<\/script>\n<!-- \/ Yoast SEO plugin. -->","yoast_head_json":{"title":"Polityka jako\u015bci i zarz\u0105dzanie jako\u015bci\u0105 w ICSEB | ICSEB","description":"Polityka jako\u015bci ICSEB opiera si\u0119 na bezpiecze\u0144stwie pacjent\u00f3w, wysokich standardach opieki oraz ci\u0105g\u0142ym doskonaleniu dzia\u0142a\u0144.","robots":{"index":"index","follow":"follow","max-snippet":"max-snippet:-1","max-image-preview":"max-image-preview:large","max-video-preview":"max-video-preview:-1"},"canonical":"https:\/\/institutchiaribcn.com\/pl\/polityka-jakosci\/","og_locale":"pl_PL","og_type":"article","og_title":"Polityka jako\u015bci i zarz\u0105dzanie jako\u015bci\u0105 w ICSEB | ICSEB","og_description":"Polityka jako\u015bci ICSEB opiera si\u0119 na bezpiecze\u0144stwie pacjent\u00f3w, wysokich standardach opieki oraz ci\u0105g\u0142ym doskonaleniu dzia\u0142a\u0144.","og_url":"https:\/\/institutchiaribcn.com\/pl\/polityka-jakosci\/","og_site_name":"Institut Chiari","article_modified_time":"2026-03-25T09:37:16+00:00","twitter_card":"summary_large_image","twitter_misc":{"Szacowany czas czytania":"2 minuty"},"schema":{"@context":"https:\/\/schema.org","@graph":[{"@type":"WebPage","@id":"https:\/\/institutchiaribcn.com\/pl\/polityka-jakosci\/","url":"https:\/\/institutchiaribcn.com\/pl\/polityka-jakosci\/","name":"Polityka jako\u015bci i zarz\u0105dzanie jako\u015bci\u0105 w ICSEB | ICSEB","isPartOf":{"@id":"https:\/\/institutchiaribcn.com\/pl\/#website"},"datePublished":"2025-07-09T12:47:00+00:00","dateModified":"2026-03-25T09:37:16+00:00","description":"Polityka jako\u015bci ICSEB opiera si\u0119 na bezpiecze\u0144stwie pacjent\u00f3w, wysokich standardach opieki oraz ci\u0105g\u0142ym doskonaleniu dzia\u0142a\u0144.","breadcrumb":{"@id":"https:\/\/institutchiaribcn.com\/pl\/polityka-jakosci\/#breadcrumb"},"inLanguage":"pl-PL","potentialAction":[{"@type":"ReadAction","target":["https:\/\/institutchiaribcn.com\/pl\/polityka-jakosci\/"]}]},{"@type":"BreadcrumbList","@id":"https:\/\/institutchiaribcn.com\/pl\/polityka-jakosci\/#breadcrumb","itemListElement":[{"@type":"ListItem","position":1,"name":"Portada","item":"https:\/\/institutchiaribcn.com\/pl\/"},{"@type":"ListItem","position":2,"name":"Polityka Jako\u015bci"}]},{"@type":"WebSite","@id":"https:\/\/institutchiaribcn.com\/pl\/#website","url":"https:\/\/institutchiaribcn.com\/pl\/","name":"Institut Chiari de Barcelona","description":"","publisher":{"@id":"https:\/\/institutchiaribcn.com\/pl\/#organization"},"potentialAction":[{"@type":"SearchAction","target":{"@type":"EntryPoint","urlTemplate":"https:\/\/institutchiaribcn.com\/pl\/?s={search_term_string}"},"query-input":{"@type":"PropertyValueSpecification","valueRequired":true,"valueName":"search_term_string"}}],"inLanguage":"pl-PL"},{"@type":"Organization","@id":"https:\/\/institutchiaribcn.com\/pl\/#organization","name":"Institut Chiari de Barcelona","url":"https:\/\/institutchiaribcn.com\/pl\/","logo":{"@type":"ImageObject","inLanguage":"pl-PL","@id":"https:\/\/institutchiaribcn.com\/pl\/#\/schema\/logo\/image\/","url":"https:\/\/institutchiaribcn.com\/wp-content\/uploads\/2025\/10\/cropped-cropped-icsebNavLogo-1.png","contentUrl":"https:\/\/institutchiaribcn.com\/wp-content\/uploads\/2025\/10\/cropped-cropped-icsebNavLogo-1.png","width":245,"height":99,"caption":"Institut Chiari de Barcelona"},"image":{"@id":"https:\/\/institutchiaribcn.com\/pl\/#\/schema\/logo\/image\/"}}]}},"_links":{"self":[{"href":"https:\/\/institutchiaribcn.com\/pl\/wp-json\/wp\/v2\/pages\/74417","targetHints":{"allow":["GET"]}}],"collection":[{"href":"https:\/\/institutchiaribcn.com\/pl\/wp-json\/wp\/v2\/pages"}],"about":[{"href":"https:\/\/institutchiaribcn.com\/pl\/wp-json\/wp\/v2\/types\/page"}],"author":[{"embeddable":true,"href":"https:\/\/institutchiaribcn.com\/pl\/wp-json\/wp\/v2\/users\/1"}],"replies":[{"embeddable":true,"href":"https:\/\/institutchiaribcn.com\/pl\/wp-json\/wp\/v2\/comments?post=74417"}],"version-history":[{"count":1,"href":"https:\/\/institutchiaribcn.com\/pl\/wp-json\/wp\/v2\/pages\/74417\/revisions"}],"predecessor-version":[{"id":145705,"href":"https:\/\/institutchiaribcn.com\/pl\/wp-json\/wp\/v2\/pages\/74417\/revisions\/145705"}],"wp:attachment":[{"href":"https:\/\/institutchiaribcn.com\/pl\/wp-json\/wp\/v2\/media?parent=74417"}],"curies":[{"name":"wp","href":"https:\/\/api.w.org\/{rel}","templated":true}]}}