{"id":66727,"date":"2025-06-17T16:54:11","date_gmt":"2025-06-17T14:54:11","guid":{"rendered":"https:\/\/dev.institutchiaribcn.com\/tasas-exito-icseb\/"},"modified":"2026-02-19T09:26:35","modified_gmt":"2026-02-19T08:26:35","slug":"poziom-sukcesu-icseb","status":"publish","type":"page","link":"https:\/\/institutchiaribcn.com\/pl\/poziom-sukcesu-icseb\/","title":{"rendered":"Wska\u017anik sukcesu ICSEB"},"content":{"rendered":"\t\t<div data-elementor-type=\"wp-page\" data-elementor-id=\"66727\" class=\"elementor elementor-66727 elementor-202\" data-elementor-post-type=\"page\">\n\t\t\t\t<div class=\"elementor-element elementor-element-80f53d4 e-flex e-con-boxed e-con e-parent\" data-id=\"80f53d4\" data-element_type=\"container\" data-e-type=\"container\">\n\t\t\t\t\t<div class=\"e-con-inner\">\n\t\t<div class=\"elementor-element elementor-element-75b05ed e-con-full e-flex e-con e-child\" data-id=\"75b05ed\" data-element_type=\"container\" data-e-type=\"container\">\n\t\t\t\t<div class=\"elementor-element elementor-element-6fd43a8 elementor-widget elementor-widget-heading\" data-id=\"6fd43a8\" data-element_type=\"widget\" data-e-type=\"widget\" data-widget_type=\"heading.default\">\n\t\t\t\t<div class=\"elementor-widget-container\">\n\t\t\t\t\t<h1 class=\"elementor-heading-title elementor-size-default\">Poziom sukcesu ICSEB<\/h1>\t\t\t\t<\/div>\n\t\t\t\t<\/div>\n\t\t\t\t<div class=\"elementor-element elementor-element-be9add3 elementor-widget elementor-widget-text-editor\" data-id=\"be9add3\" data-element_type=\"widget\" data-e-type=\"widget\" data-widget_type=\"text-editor.default\">\n\t\t\t\t<div class=\"elementor-widget-container\">\n\t\t\t\t\t\t\t\t\t<p>Wyniki zabrane od naszych pacjent\u00f3w operowanych z powodu r\u00f3\u017cnego rodzaju patologii kr\u0119gowych, s\u0105 jednymi z najlepszych por\u00f3wnuj\u0105c z dost\u0119pn\u0105 literatur\u0105, szczeg\u00f3lnie, w odniesieniu do patologii kr\u0119g\u00f3w l\u0119d\u017awiowych w \u015brodowisku pracy.<\/p><p>Wszystko to opublikowane zosta\u0142o w presti\u017cowych, specjalistycznych czasopismach z dziedziny neurologii i neurochirurgii, po hiszpa\u0144ski, angielsku i francusku.<\/p><p>Poni\u017cej mog\u0105 Pa\u0144stwo skonsultowa\u0107 wska\u017anik zadowolenia z leczenia u ponad 900 pacjent\u00f3w zoperowanych za pomoc\u0105 metody Filum System\u00ae, kt\u00f3ra sk\u0142ada si\u0119 z 12 protoko\u0142\u00f3w, z kt\u00f3rych czwarty dotyczy naszej wyj\u0105tkowej techniki chirurgicznej <strong>Sekcji Filum Terminale, stosowanej w przypadku Syndromu Arnolda Chiari I, Jamisto\u015bci rdzenia, Skoliozy, Wg\u0142obienia obrotnika do jamy czaszki, P\u0142askopodstawia, Odchylenia z\u0119ba obrotnika, Wygi\u0119cia pnia m\u00f3zgu i innych.<\/strong><\/p>\t\t\t\t\t\t\t\t<\/div>\n\t\t\t\t<\/div>\n\t\t\t\t<\/div>\n\t\t<div class=\"elementor-element elementor-element-54b6414 e-con-full e-flex e-con e-child\" data-id=\"54b6414\" data-element_type=\"container\" data-e-type=\"container\">\n\t\t\t\t<div class=\"elementor-element elementor-element-b5460ef elementor-widget elementor-widget-html\" data-id=\"b5460ef\" data-element_type=\"widget\" data-e-type=\"widget\" data-widget_type=\"html.default\">\n\t\t\t\t<div class=\"elementor-widget-container\">\n\t\t\t\t\t<iframe loading=\"lazy\" class=\"hidden-col-xs hidden-sm visible-md visible-lg\" src=\"https:\/\/institutchiaribcn.com\/poziom-sukcesu-ICSEB.htm\" width=\"600\" height=\"400\" frameborder=\"0\" scrolling=\"no\"><\/iframe>\t\t\t\t<\/div>\n\t\t\t\t<\/div>\n\t\t\t\t<\/div>\n\t\t\t\t\t<\/div>\n\t\t\t\t<\/div>\n\t\t<div class=\"elementor-element elementor-element-9e15a43 e-flex e-con-boxed e-con e-parent\" data-id=\"9e15a43\" data-element_type=\"container\" data-e-type=\"container\" data-settings=\"{&quot;background_background&quot;:&quot;classic&quot;}\">\n\t\t\t\t\t<div class=\"e-con-inner\">\n\t\t<div class=\"elementor-element elementor-element-041475b e-con-full e-flex e-con e-child\" data-id=\"041475b\" data-element_type=\"container\" data-e-type=\"container\">\n\t\t\t\t<div class=\"elementor-element elementor-element-7448aaf elementor-widget elementor-widget-image\" data-id=\"7448aaf\" data-element_type=\"widget\" data-e-type=\"widget\" data-widget_type=\"image.default\">\n\t\t\t\t<div class=\"elementor-widget-container\">\n\t\t\t\t\t\t\t\t\t\t\t\t<figure class=\"wp-caption\">\n\t\t\t\t\t\t\t\t\t\t<img fetchpriority=\"high\" decoding=\"async\" width=\"800\" height=\"505\" src=\"https:\/\/institutchiaribcn.com\/wp-content\/uploads\/2025\/09\/Najczestse-objawy-subiektywne-w-Chorobie-Filum-1024x646.png\" class=\"attachment-large size-large wp-image-66730\" alt=\"Najcz\u0119stse objawy subiektywne w Chorobie Filum\" srcset=\"https:\/\/institutchiaribcn.com\/wp-content\/uploads\/2025\/09\/Najczestse-objawy-subiektywne-w-Chorobie-Filum-1024x646.png 1024w, https:\/\/institutchiaribcn.com\/wp-content\/uploads\/2025\/09\/Najczestse-objawy-subiektywne-w-Chorobie-Filum-300x189.png 300w, https:\/\/institutchiaribcn.com\/wp-content\/uploads\/2025\/09\/Najczestse-objawy-subiektywne-w-Chorobie-Filum-768x485.png 768w, https:\/\/institutchiaribcn.com\/wp-content\/uploads\/2025\/09\/Najczestse-objawy-subiektywne-w-Chorobie-Filum.png 1440w\" sizes=\"(max-width: 800px) 100vw, 800px\" \/>\t\t\t\t\t\t\t\t\t\t\t<figcaption class=\"widget-image-caption wp-caption-text\">Najcz\u0119stse objawy subiektywne w Chorobie Filum<\/figcaption>\n\t\t\t\t\t\t\t\t\t\t<\/figure>\n\t\t\t\t\t\t\t\t\t<\/div>\n\t\t\t\t<\/div>\n\t\t\t\t<div class=\"elementor-element elementor-element-447f779 elementor-widget elementor-widget-image\" data-id=\"447f779\" data-element_type=\"widget\" data-e-type=\"widget\" data-widget_type=\"image.default\">\n\t\t\t\t<div class=\"elementor-widget-container\">\n\t\t\t\t\t\t\t\t\t\t\t\t<figure class=\"wp-caption\">\n\t\t\t\t\t\t\t\t\t\t<img decoding=\"async\" width=\"800\" height=\"427\" src=\"https:\/\/institutchiaribcn.com\/wp-content\/uploads\/2025\/09\/Najczestse-objawy-obiektywne-w-Chorobie-Filum-1024x546.png\" class=\"attachment-large size-large wp-image-66744\" alt=\"Najcz\u0119stse objawy obiektywne w Chorobie Filum\" srcset=\"https:\/\/institutchiaribcn.com\/wp-content\/uploads\/2025\/09\/Najczestse-objawy-obiektywne-w-Chorobie-Filum-1024x546.png 1024w, https:\/\/institutchiaribcn.com\/wp-content\/uploads\/2025\/09\/Najczestse-objawy-obiektywne-w-Chorobie-Filum-300x160.png 300w, https:\/\/institutchiaribcn.com\/wp-content\/uploads\/2025\/09\/Najczestse-objawy-obiektywne-w-Chorobie-Filum-768x410.png 768w, https:\/\/institutchiaribcn.com\/wp-content\/uploads\/2025\/09\/Najczestse-objawy-obiektywne-w-Chorobie-Filum.png 1503w\" sizes=\"(max-width: 800px) 100vw, 800px\" \/>\t\t\t\t\t\t\t\t\t\t\t<figcaption class=\"widget-image-caption wp-caption-text\">Najcz\u0119stse objawy obiektywne w Chorobie Filum<\/figcaption>\n\t\t\t\t\t\t\t\t\t\t<\/figure>\n\t\t\t\t\t\t\t\t\t<\/div>\n\t\t\t\t<\/div>\n\t\t\t\t<\/div>\n\t\t\t\t\t<\/div>\n\t\t\t\t<\/div>\n\t\t<div class=\"elementor-element elementor-element-7f00dc9 e-flex e-con-boxed e-con e-parent\" data-id=\"7f00dc9\" data-element_type=\"container\" data-e-type=\"container\" data-settings=\"{&quot;background_background&quot;:&quot;classic&quot;}\">\n\t\t\t\t\t<div class=\"e-con-inner\">\n\t\t<div class=\"elementor-element elementor-element-4e681a9 e-con-full e-flex e-con e-child\" data-id=\"4e681a9\" data-element_type=\"container\" data-e-type=\"container\">\n\t\t\t\t<div class=\"elementor-element elementor-element-e46339a elementor-widget elementor-widget-image\" data-id=\"e46339a\" data-element_type=\"widget\" data-e-type=\"widget\" data-widget_type=\"image.default\">\n\t\t\t\t<div class=\"elementor-widget-container\">\n\t\t\t\t\t\t\t\t\t\t\t\t<figure class=\"wp-caption\">\n\t\t\t\t\t\t\t\t\t\t<img decoding=\"async\" width=\"800\" height=\"602\" src=\"https:\/\/institutchiaribcn.com\/wp-content\/uploads\/2025\/09\/Poprawa-objawow-subiektywnych-w-Chorobie-Filum-po-zastosowaniu-Filum-System\u00ae-1024x771.png\" class=\"attachment-large size-large wp-image-66758\" alt=\"Poprawa objaw\u00f3w subiektywnych w Chorobie Filum po zastosowaniu Filum System\u00ae\" srcset=\"https:\/\/institutchiaribcn.com\/wp-content\/uploads\/2025\/09\/Poprawa-objawow-subiektywnych-w-Chorobie-Filum-po-zastosowaniu-Filum-System\u00ae-1024x771.png 1024w, https:\/\/institutchiaribcn.com\/wp-content\/uploads\/2025\/09\/Poprawa-objawow-subiektywnych-w-Chorobie-Filum-po-zastosowaniu-Filum-System\u00ae-300x226.png 300w, https:\/\/institutchiaribcn.com\/wp-content\/uploads\/2025\/09\/Poprawa-objawow-subiektywnych-w-Chorobie-Filum-po-zastosowaniu-Filum-System\u00ae-768x578.png 768w, https:\/\/institutchiaribcn.com\/wp-content\/uploads\/2025\/09\/Poprawa-objawow-subiektywnych-w-Chorobie-Filum-po-zastosowaniu-Filum-System\u00ae.png 1235w\" sizes=\"(max-width: 800px) 100vw, 800px\" \/>\t\t\t\t\t\t\t\t\t\t\t<figcaption class=\"widget-image-caption wp-caption-text\">Poprawa objaw\u00f3w subiektywnych w Chorobie Filum po zastosowaniu Filum System\u00ae<\/figcaption>\n\t\t\t\t\t\t\t\t\t\t<\/figure>\n\t\t\t\t\t\t\t\t\t<\/div>\n\t\t\t\t<\/div>\n\t\t\t\t<div class=\"elementor-element elementor-element-bf7c6e2 elementor-widget elementor-widget-image\" data-id=\"bf7c6e2\" data-element_type=\"widget\" data-e-type=\"widget\" data-widget_type=\"image.default\">\n\t\t\t\t<div class=\"elementor-widget-container\">\n\t\t\t\t\t\t\t\t\t\t\t\t<figure class=\"wp-caption\">\n\t\t\t\t\t\t\t\t\t\t<img loading=\"lazy\" decoding=\"async\" width=\"800\" height=\"452\" src=\"https:\/\/institutchiaribcn.com\/wp-content\/uploads\/2025\/09\/Poprawa-objawow-obiektywnych-w-Chorobie-Filum-po-zastosowaniu-Filum-System\u00ae-1024x578.png\" class=\"attachment-large size-large wp-image-66772\" alt=\"Poprawa objaw\u00f3w obiektywnych w Chorobie Filum po zastosowaniu Filum System\u00ae\" srcset=\"https:\/\/institutchiaribcn.com\/wp-content\/uploads\/2025\/09\/Poprawa-objawow-obiektywnych-w-Chorobie-Filum-po-zastosowaniu-Filum-System\u00ae-1024x578.png 1024w, https:\/\/institutchiaribcn.com\/wp-content\/uploads\/2025\/09\/Poprawa-objawow-obiektywnych-w-Chorobie-Filum-po-zastosowaniu-Filum-System\u00ae-300x169.png 300w, https:\/\/institutchiaribcn.com\/wp-content\/uploads\/2025\/09\/Poprawa-objawow-obiektywnych-w-Chorobie-Filum-po-zastosowaniu-Filum-System\u00ae-768x433.png 768w, https:\/\/institutchiaribcn.com\/wp-content\/uploads\/2025\/09\/Poprawa-objawow-obiektywnych-w-Chorobie-Filum-po-zastosowaniu-Filum-System\u00ae.png 1363w\" sizes=\"(max-width: 800px) 100vw, 800px\" \/>\t\t\t\t\t\t\t\t\t\t\t<figcaption class=\"widget-image-caption wp-caption-text\">Poprawa objaw\u00f3w obiektywnych w Chorobie Filum po zastosowaniu Filum System\u00ae<\/figcaption>\n\t\t\t\t\t\t\t\t\t\t<\/figure>\n\t\t\t\t\t\t\t\t\t<\/div>\n\t\t\t\t<\/div>\n\t\t\t\t<\/div>\n\t\t\t\t\t<\/div>\n\t\t\t\t<\/div>\n\t\t<div class=\"elementor-element elementor-element-fca27be e-flex e-con-boxed e-con e-parent\" data-id=\"fca27be\" data-element_type=\"container\" data-e-type=\"container\">\n\t\t\t\t\t<div class=\"e-con-inner\">\n\t\t\t\t<div class=\"elementor-element elementor-element-f46f242 elementor-widget elementor-widget-text-editor\" data-id=\"f46f242\" data-element_type=\"widget\" data-e-type=\"widget\" data-widget_type=\"text-editor.default\">\n\t\t\t\t<div class=\"elementor-widget-container\">\n\t\t\t\t\t\t\t\t\t<p><span class=\"TextRun SCXW162305943 BCX0\" lang=\"PL-PL\" xml:lang=\"PL-PL\" data-contrast=\"auto\"><span class=\"NormalTextRun SCXW162305943 BCX0\">Dzi\u0119ki doskona\u0142ym wynikom klinicznym, wielu pacjent\u00f3w przyjecha\u0142o do naszego Instytutu z 79 kraj\u00f3w. Ten sukces nas cieszy i motywuje do ci\u0105g\u0142ego doskonalenia naszych us\u0142ug, aby ka\u017cdy pacjent, kt\u00f3ry przyje\u017cd\u017ca do nas w celu leczenia, czu\u0142 si\u0119 komfortowo i zadowolony podczas pobytu w Barcelonie, a tak\u017ce w trakcie dalszej opieki zdalnej, kt\u00f3r\u0105 oferujemy, utrzymuj\u0105c terapi\u0119 r\u00f3wnie\u017c na poziomie mi\u0119dzynarodowym.<\/span><\/span><span class=\"EOP SCXW162305943 BCX0\" data-ccp-props=\"{}\">\u00a0<\/span><\/p>\t\t\t\t\t\t\t\t<\/div>\n\t\t\t\t<\/div>\n\t\t\t\t\t<\/div>\n\t\t\t\t<\/div>\n\t\t<div class=\"elementor-element elementor-element-28f0c9b e-flex e-con-boxed e-con e-parent\" data-id=\"28f0c9b\" data-element_type=\"container\" data-e-type=\"container\">\n\t\t\t\t\t<div class=\"e-con-inner\">\n\t\t\t\t<div class=\"elementor-element elementor-element-e17467a elementor-widget elementor-widget-html\" data-id=\"e17467a\" data-element_type=\"widget\" data-e-type=\"widget\" data-widget_type=\"html.default\">\n\t\t\t\t<div class=\"elementor-widget-container\">\n\t\t\t\t\t<iframe loading=\"lazy\" src=\"https:\/\/www.google.com\/maps\/d\/embed?mid=1xpzMDO6bYC4Uud38FGV-5WPmZbY\" height=\"580\" frameborder=\"0\" style=\"pointer-event:none;\"><\/iframe>\t\t\t\t<\/div>\n\t\t\t\t<\/div>\n\t\t\t\t\t<\/div>\n\t\t\t\t<\/div>\n\t\t\t\t<\/div>\n\t\t","protected":false},"excerpt":{"rendered":"<p>Poziom sukcesu ICSEB Wyniki zabrane od naszych pacjent\u00f3w operowanych z powodu r\u00f3\u017cnego rodzaju patologii kr\u0119gowych, s\u0105 jednymi z najlepszych por\u00f3wnuj\u0105c z dost\u0119pn\u0105 literatur\u0105, szczeg\u00f3lnie, w odniesieniu do patologii kr\u0119g\u00f3w l\u0119d\u017awiowych w \u015brodowisku pracy. Wszystko to opublikowane zosta\u0142o w presti\u017cowych, specjalistycznych czasopismach z dziedziny neurologii i neurochirurgii, po hiszpa\u0144ski, angielsku i francusku. Poni\u017cej mog\u0105 Pa\u0144stwo skonsultowa\u0107 [&hellip;]<\/p>\n","protected":false},"author":1,"featured_media":0,"parent":0,"menu_order":8,"comment_status":"closed","ping_status":"closed","template":"","meta":{"footnotes":""},"class_list":["post-66727","page","type-page","status-publish","hentry"],"yoast_head":"<!-- This site is optimized with the Yoast SEO plugin v27.1.1 - https:\/\/yoast.com\/product\/yoast-seo-wordpress\/ -->\n<title>Poziom skuteczno\u015bci leczenia | ICSEB<\/title>\n<meta name=\"description\" content=\"Skuteczno\u015b\u0107 leczenia metod\u0105 Filum System\u00ae w ICSEB: poprawa objaw\u00f3w oraz zatrzymanie post\u0119pu chor\u00f3b takich jak Chiari i jamisto\u015b\u0107 rdzenia.\" \/>\n<meta name=\"robots\" content=\"index, follow, max-snippet:-1, max-image-preview:large, max-video-preview:-1\" \/>\n<link rel=\"canonical\" href=\"https:\/\/institutchiaribcn.com\/pl\/poziom-sukcesu-icseb\/\" \/>\n<meta property=\"og:locale\" content=\"pl_PL\" \/>\n<meta property=\"og:type\" content=\"article\" \/>\n<meta property=\"og:title\" content=\"Poziom skuteczno\u015bci leczenia | ICSEB\" \/>\n<meta property=\"og:description\" content=\"Skuteczno\u015b\u0107 leczenia metod\u0105 Filum System\u00ae w ICSEB: poprawa objaw\u00f3w oraz zatrzymanie post\u0119pu chor\u00f3b takich jak Chiari i jamisto\u015b\u0107 rdzenia.\" \/>\n<meta property=\"og:url\" content=\"https:\/\/institutchiaribcn.com\/pl\/poziom-sukcesu-icseb\/\" \/>\n<meta property=\"og:site_name\" content=\"Institut Chiari\" \/>\n<meta property=\"article:modified_time\" content=\"2026-02-19T08:26:35+00:00\" \/>\n<meta property=\"og:image\" content=\"https:\/\/institutchiaribcn.com\/wp-content\/uploads\/2025\/09\/Najczestse-objawy-subiektywne-w-Chorobie-Filum-1024x646.png\" \/>\n<meta name=\"twitter:card\" content=\"summary_large_image\" \/>\n<meta name=\"twitter:label1\" content=\"Szacowany czas czytania\" \/>\n\t<meta name=\"twitter:data1\" content=\"2 minuty\" \/>\n<script type=\"application\/ld+json\" class=\"yoast-schema-graph\">{\"@context\":\"https:\/\/schema.org\",\"@graph\":[{\"@type\":\"WebPage\",\"@id\":\"https:\/\/institutchiaribcn.com\/pl\/poziom-sukcesu-icseb\/\",\"url\":\"https:\/\/institutchiaribcn.com\/pl\/poziom-sukcesu-icseb\/\",\"name\":\"Poziom skuteczno\u015bci leczenia | ICSEB\",\"isPartOf\":{\"@id\":\"https:\/\/institutchiaribcn.com\/pl\/#website\"},\"primaryImageOfPage\":{\"@id\":\"https:\/\/institutchiaribcn.com\/pl\/poziom-sukcesu-icseb\/#primaryimage\"},\"image\":{\"@id\":\"https:\/\/institutchiaribcn.com\/pl\/poziom-sukcesu-icseb\/#primaryimage\"},\"thumbnailUrl\":\"https:\/\/institutchiaribcn.com\/wp-content\/uploads\/2025\/09\/Najczestse-objawy-subiektywne-w-Chorobie-Filum-1024x646.png\",\"datePublished\":\"2025-06-17T14:54:11+00:00\",\"dateModified\":\"2026-02-19T08:26:35+00:00\",\"description\":\"Skuteczno\u015b\u0107 leczenia metod\u0105 Filum System\u00ae w ICSEB: poprawa objaw\u00f3w oraz zatrzymanie post\u0119pu chor\u00f3b takich jak Chiari i jamisto\u015b\u0107 rdzenia.\",\"breadcrumb\":{\"@id\":\"https:\/\/institutchiaribcn.com\/pl\/poziom-sukcesu-icseb\/#breadcrumb\"},\"inLanguage\":\"pl-PL\",\"potentialAction\":[{\"@type\":\"ReadAction\",\"target\":[\"https:\/\/institutchiaribcn.com\/pl\/poziom-sukcesu-icseb\/\"]}]},{\"@type\":\"ImageObject\",\"inLanguage\":\"pl-PL\",\"@id\":\"https:\/\/institutchiaribcn.com\/pl\/poziom-sukcesu-icseb\/#primaryimage\",\"url\":\"https:\/\/institutchiaribcn.com\/wp-content\/uploads\/2025\/09\/Najczestse-objawy-subiektywne-w-Chorobie-Filum-1024x646.png\",\"contentUrl\":\"https:\/\/institutchiaribcn.com\/wp-content\/uploads\/2025\/09\/Najczestse-objawy-subiektywne-w-Chorobie-Filum-1024x646.png\"},{\"@type\":\"BreadcrumbList\",\"@id\":\"https:\/\/institutchiaribcn.com\/pl\/poziom-sukcesu-icseb\/#breadcrumb\",\"itemListElement\":[{\"@type\":\"ListItem\",\"position\":1,\"name\":\"Portada\",\"item\":\"https:\/\/institutchiaribcn.com\/pl\/\"},{\"@type\":\"ListItem\",\"position\":2,\"name\":\"Wska\u017anik sukcesu ICSEB\"}]},{\"@type\":\"WebSite\",\"@id\":\"https:\/\/institutchiaribcn.com\/pl\/#website\",\"url\":\"https:\/\/institutchiaribcn.com\/pl\/\",\"name\":\"Institut Chiari de Barcelona\",\"description\":\"\",\"publisher\":{\"@id\":\"https:\/\/institutchiaribcn.com\/pl\/#organization\"},\"potentialAction\":[{\"@type\":\"SearchAction\",\"target\":{\"@type\":\"EntryPoint\",\"urlTemplate\":\"https:\/\/institutchiaribcn.com\/pl\/?s={search_term_string}\"},\"query-input\":{\"@type\":\"PropertyValueSpecification\",\"valueRequired\":true,\"valueName\":\"search_term_string\"}}],\"inLanguage\":\"pl-PL\"},{\"@type\":\"Organization\",\"@id\":\"https:\/\/institutchiaribcn.com\/pl\/#organization\",\"name\":\"Institut Chiari de Barcelona\",\"url\":\"https:\/\/institutchiaribcn.com\/pl\/\",\"logo\":{\"@type\":\"ImageObject\",\"inLanguage\":\"pl-PL\",\"@id\":\"https:\/\/institutchiaribcn.com\/pl\/#\/schema\/logo\/image\/\",\"url\":\"https:\/\/institutchiaribcn.com\/wp-content\/uploads\/2025\/10\/cropped-cropped-icsebNavLogo-1.png\",\"contentUrl\":\"https:\/\/institutchiaribcn.com\/wp-content\/uploads\/2025\/10\/cropped-cropped-icsebNavLogo-1.png\",\"width\":245,\"height\":99,\"caption\":\"Institut Chiari de Barcelona\"},\"image\":{\"@id\":\"https:\/\/institutchiaribcn.com\/pl\/#\/schema\/logo\/image\/\"}}]}<\/script>\n<!-- \/ Yoast SEO plugin. -->","yoast_head_json":{"title":"Poziom skuteczno\u015bci leczenia | ICSEB","description":"Skuteczno\u015b\u0107 leczenia metod\u0105 Filum System\u00ae w ICSEB: poprawa objaw\u00f3w oraz zatrzymanie post\u0119pu chor\u00f3b takich jak Chiari i jamisto\u015b\u0107 rdzenia.","robots":{"index":"index","follow":"follow","max-snippet":"max-snippet:-1","max-image-preview":"max-image-preview:large","max-video-preview":"max-video-preview:-1"},"canonical":"https:\/\/institutchiaribcn.com\/pl\/poziom-sukcesu-icseb\/","og_locale":"pl_PL","og_type":"article","og_title":"Poziom skuteczno\u015bci leczenia | ICSEB","og_description":"Skuteczno\u015b\u0107 leczenia metod\u0105 Filum System\u00ae w ICSEB: poprawa objaw\u00f3w oraz zatrzymanie post\u0119pu chor\u00f3b takich jak Chiari i jamisto\u015b\u0107 rdzenia.","og_url":"https:\/\/institutchiaribcn.com\/pl\/poziom-sukcesu-icseb\/","og_site_name":"Institut Chiari","article_modified_time":"2026-02-19T08:26:35+00:00","og_image":[{"url":"https:\/\/institutchiaribcn.com\/wp-content\/uploads\/2025\/09\/Najczestse-objawy-subiektywne-w-Chorobie-Filum-1024x646.png","type":"","width":"","height":""}],"twitter_card":"summary_large_image","twitter_misc":{"Szacowany czas czytania":"2 minuty"},"schema":{"@context":"https:\/\/schema.org","@graph":[{"@type":"WebPage","@id":"https:\/\/institutchiaribcn.com\/pl\/poziom-sukcesu-icseb\/","url":"https:\/\/institutchiaribcn.com\/pl\/poziom-sukcesu-icseb\/","name":"Poziom skuteczno\u015bci leczenia | ICSEB","isPartOf":{"@id":"https:\/\/institutchiaribcn.com\/pl\/#website"},"primaryImageOfPage":{"@id":"https:\/\/institutchiaribcn.com\/pl\/poziom-sukcesu-icseb\/#primaryimage"},"image":{"@id":"https:\/\/institutchiaribcn.com\/pl\/poziom-sukcesu-icseb\/#primaryimage"},"thumbnailUrl":"https:\/\/institutchiaribcn.com\/wp-content\/uploads\/2025\/09\/Najczestse-objawy-subiektywne-w-Chorobie-Filum-1024x646.png","datePublished":"2025-06-17T14:54:11+00:00","dateModified":"2026-02-19T08:26:35+00:00","description":"Skuteczno\u015b\u0107 leczenia metod\u0105 Filum System\u00ae w ICSEB: poprawa objaw\u00f3w oraz zatrzymanie post\u0119pu chor\u00f3b takich jak Chiari i jamisto\u015b\u0107 rdzenia.","breadcrumb":{"@id":"https:\/\/institutchiaribcn.com\/pl\/poziom-sukcesu-icseb\/#breadcrumb"},"inLanguage":"pl-PL","potentialAction":[{"@type":"ReadAction","target":["https:\/\/institutchiaribcn.com\/pl\/poziom-sukcesu-icseb\/"]}]},{"@type":"ImageObject","inLanguage":"pl-PL","@id":"https:\/\/institutchiaribcn.com\/pl\/poziom-sukcesu-icseb\/#primaryimage","url":"https:\/\/institutchiaribcn.com\/wp-content\/uploads\/2025\/09\/Najczestse-objawy-subiektywne-w-Chorobie-Filum-1024x646.png","contentUrl":"https:\/\/institutchiaribcn.com\/wp-content\/uploads\/2025\/09\/Najczestse-objawy-subiektywne-w-Chorobie-Filum-1024x646.png"},{"@type":"BreadcrumbList","@id":"https:\/\/institutchiaribcn.com\/pl\/poziom-sukcesu-icseb\/#breadcrumb","itemListElement":[{"@type":"ListItem","position":1,"name":"Portada","item":"https:\/\/institutchiaribcn.com\/pl\/"},{"@type":"ListItem","position":2,"name":"Wska\u017anik sukcesu ICSEB"}]},{"@type":"WebSite","@id":"https:\/\/institutchiaribcn.com\/pl\/#website","url":"https:\/\/institutchiaribcn.com\/pl\/","name":"Institut Chiari de Barcelona","description":"","publisher":{"@id":"https:\/\/institutchiaribcn.com\/pl\/#organization"},"potentialAction":[{"@type":"SearchAction","target":{"@type":"EntryPoint","urlTemplate":"https:\/\/institutchiaribcn.com\/pl\/?s={search_term_string}"},"query-input":{"@type":"PropertyValueSpecification","valueRequired":true,"valueName":"search_term_string"}}],"inLanguage":"pl-PL"},{"@type":"Organization","@id":"https:\/\/institutchiaribcn.com\/pl\/#organization","name":"Institut Chiari de Barcelona","url":"https:\/\/institutchiaribcn.com\/pl\/","logo":{"@type":"ImageObject","inLanguage":"pl-PL","@id":"https:\/\/institutchiaribcn.com\/pl\/#\/schema\/logo\/image\/","url":"https:\/\/institutchiaribcn.com\/wp-content\/uploads\/2025\/10\/cropped-cropped-icsebNavLogo-1.png","contentUrl":"https:\/\/institutchiaribcn.com\/wp-content\/uploads\/2025\/10\/cropped-cropped-icsebNavLogo-1.png","width":245,"height":99,"caption":"Institut Chiari de Barcelona"},"image":{"@id":"https:\/\/institutchiaribcn.com\/pl\/#\/schema\/logo\/image\/"}}]}},"_links":{"self":[{"href":"https:\/\/institutchiaribcn.com\/pl\/wp-json\/wp\/v2\/pages\/66727","targetHints":{"allow":["GET"]}}],"collection":[{"href":"https:\/\/institutchiaribcn.com\/pl\/wp-json\/wp\/v2\/pages"}],"about":[{"href":"https:\/\/institutchiaribcn.com\/pl\/wp-json\/wp\/v2\/types\/page"}],"author":[{"embeddable":true,"href":"https:\/\/institutchiaribcn.com\/pl\/wp-json\/wp\/v2\/users\/1"}],"replies":[{"embeddable":true,"href":"https:\/\/institutchiaribcn.com\/pl\/wp-json\/wp\/v2\/comments?post=66727"}],"version-history":[{"count":1,"href":"https:\/\/institutchiaribcn.com\/pl\/wp-json\/wp\/v2\/pages\/66727\/revisions"}],"predecessor-version":[{"id":145461,"href":"https:\/\/institutchiaribcn.com\/pl\/wp-json\/wp\/v2\/pages\/66727\/revisions\/145461"}],"wp:attachment":[{"href":"https:\/\/institutchiaribcn.com\/pl\/wp-json\/wp\/v2\/media?parent=66727"}],"curies":[{"name":"wp","href":"https:\/\/api.w.org\/{rel}","templated":true}]}}