{"id":60937,"date":"2025-06-17T15:54:38","date_gmt":"2025-06-17T13:54:38","guid":{"rendered":"https:\/\/dev.institutchiaribcn.com\/instalaciones\/"},"modified":"2026-03-04T09:57:33","modified_gmt":"2026-03-04T08:57:33","slug":"siedziba","status":"publish","type":"page","link":"https:\/\/institutchiaribcn.com\/pl\/siedziba\/","title":{"rendered":"Siedziba"},"content":{"rendered":"\t\t<div data-elementor-type=\"wp-page\" data-elementor-id=\"60937\" class=\"elementor elementor-60937 elementor-194\" data-elementor-post-type=\"page\">\n\t\t\t\t<div class=\"elementor-element elementor-element-52a1c78 e-flex e-con-boxed e-con e-parent\" data-id=\"52a1c78\" data-element_type=\"container\" data-e-type=\"container\">\n\t\t\t\t\t<div class=\"e-con-inner\">\n\t\t<div class=\"elementor-element elementor-element-435566d e-con-full e-flex e-con e-child\" data-id=\"435566d\" data-element_type=\"container\" data-e-type=\"container\">\n\t\t\t\t<div class=\"elementor-element elementor-element-b6008ac elementor-widget elementor-widget-heading\" data-id=\"b6008ac\" data-element_type=\"widget\" data-e-type=\"widget\" data-widget_type=\"heading.default\">\n\t\t\t\t<div class=\"elementor-widget-container\">\n\t\t\t\t\t<h1 class=\"elementor-heading-title elementor-size-default\">Siedziba\n<\/h1>\t\t\t\t<\/div>\n\t\t\t\t<\/div>\n\t\t\t\t<div class=\"elementor-element elementor-element-98d900a elementor-widget elementor-widget-text-editor\" data-id=\"98d900a\" data-element_type=\"widget\" data-e-type=\"widget\" data-widget_type=\"text-editor.default\">\n\t\t\t\t<div class=\"elementor-widget-container\">\n\t\t\t\t\t\t\t\t\t<p>Nasza aktywno\u015b\u0107 kliniczna i ambulatoryjna odbywa si\u0119 g\u0142ownie w\u00a0<strong>Instytucie Chiari &amp; Siringomielia &amp; Escoliosis de Barcelona (ICSEB)<\/strong><strong>,<\/strong><strong>\u00a0<\/strong><strong>znajduj\u0105cym si\u0119 pod adresem<\/strong><strong>\u00a0Paseo Manuel Girona 32, Barcelona (Hiszpania)<\/strong>.<\/p><p>Hospitalizacja, badania dodatkowe oraz procedury chirurgiczne wykonywane s\u0105 w pobliskim\u00a0<strong>szpitalu CIMA<\/strong>.<\/p><p>\u00a0<\/p>\t\t\t\t\t\t\t\t<\/div>\n\t\t\t\t<\/div>\n\t\t\t\t<\/div>\n\t\t<div class=\"elementor-element elementor-element-10049e0 e-con-full e-flex e-con e-child\" data-id=\"10049e0\" data-element_type=\"container\" data-e-type=\"container\">\n\t\t\t\t<div class=\"elementor-element elementor-element-b16e7c5 elementor-widget elementor-widget-html\" data-id=\"b16e7c5\" data-element_type=\"widget\" data-e-type=\"widget\" data-widget_type=\"html.default\">\n\t\t\t\t<div class=\"elementor-widget-container\">\n\t\t\t\t\t<iframe loading=\"lazy\" style=\"border: 0;\" src=\"https:\/\/www.google.com\/maps\/embed?pb=!4v1738138707719!6m8!1m7!1sCAoSLEFGMVFpcE84MFdJbmpzazhIN0M4enY0bkFTeTlhd2VMQnZTeW5KTWYwVVdM!2m2!1d41.39076065594691!2d2.123175644175172!3f251.97248453524438!4f-0.197961171016118!5f0.944496105281841\" width=\"600\" height=\"350\" allowfullscreen=\"allowfullscreen\"><\/iframe>\t\t\t\t<\/div>\n\t\t\t\t<\/div>\n\t\t\t\t<\/div>\n\t\t\t\t\t<\/div>\n\t\t\t\t<\/div>\n\t\t<div class=\"elementor-element elementor-element-a2cfff3 e-flex e-con-boxed e-con e-parent\" data-id=\"a2cfff3\" data-element_type=\"container\" data-e-type=\"container\">\n\t\t\t\t\t<div class=\"e-con-inner\">\n\t\t\t\t<div class=\"elementor-element elementor-element-031ed81 elementor-widget__width-initial elementor-widget elementor-widget-gallery\" data-id=\"031ed81\" data-element_type=\"widget\" data-e-type=\"widget\" data-settings=\"{&quot;columns&quot;:3,&quot;gap&quot;:{&quot;unit&quot;:&quot;px&quot;,&quot;size&quot;:15,&quot;sizes&quot;:[]},&quot;aspect_ratio&quot;:&quot;4:3&quot;,&quot;lazyload&quot;:&quot;yes&quot;,&quot;gallery_layout&quot;:&quot;grid&quot;,&quot;columns_tablet&quot;:2,&quot;columns_mobile&quot;:1,&quot;gap_tablet&quot;:{&quot;unit&quot;:&quot;px&quot;,&quot;size&quot;:10,&quot;sizes&quot;:[]},&quot;gap_mobile&quot;:{&quot;unit&quot;:&quot;px&quot;,&quot;size&quot;:10,&quot;sizes&quot;:[]},&quot;link_to&quot;:&quot;file&quot;,&quot;overlay_background&quot;:&quot;yes&quot;,&quot;content_hover_animation&quot;:&quot;fade-in&quot;}\" data-widget_type=\"gallery.default\">\n\t\t\t\t<div class=\"elementor-widget-container\">\n\t\t\t\t\t\t\t<div class=\"elementor-gallery__container\">\n\t\t\t\t\t\t\t<a class=\"e-gallery-item elementor-gallery-item elementor-animated-content\" href=\"https:\/\/institutchiaribcn.com\/wp-content\/uploads\/2025\/06\/fachada-ICSEB-2022-13.webp\" data-elementor-open-lightbox=\"yes\" data-elementor-lightbox-slideshow=\"031ed81\" data-elementor-lightbox-title=\"fachada ICSEB-2022-13\" data-elementor-lightbox-description=\"fachada ICSEB-2022-13\" data-e-action-hash=\"#elementor-action%3Aaction%3Dlightbox%26settings%3DeyJpZCI6MTYyODEsInVybCI6Imh0dHBzOlwvXC9pbnN0aXR1dGNoaWFyaWJjbi5jb21cL3dwLWNvbnRlbnRcL3VwbG9hZHNcLzIwMjVcLzA2XC9mYWNoYWRhLUlDU0VCLTIwMjItMTMud2VicCIsInNsaWRlc2hvdyI6IjAzMWVkODEifQ%3D%3D\">\n\t\t\t\t\t<div class=\"e-gallery-image elementor-gallery-item__image\" data-thumbnail=\"https:\/\/institutchiaribcn.com\/wp-content\/uploads\/2025\/06\/fachada-ICSEB-2022-13.webp\" data-width=\"800\" data-height=\"600\" aria-label=\"fachada ICSEB-2022-13\" role=\"img\" ><\/div>\n\t\t\t\t\t\t\t\t\t\t\t<div class=\"elementor-gallery-item__overlay\"><\/div>\n\t\t\t\t\t\t\t\t\t\t\t\t\t\t<\/a>\n\t\t\t\t\t\t\t<a class=\"e-gallery-item elementor-gallery-item elementor-animated-content\" href=\"https:\/\/institutchiaribcn.com\/wp-content\/uploads\/2025\/06\/ICSEB-2022-3.webp\" data-elementor-open-lightbox=\"yes\" data-elementor-lightbox-slideshow=\"031ed81\" data-elementor-lightbox-title=\"ICSEB 2022-3\" data-elementor-lightbox-description=\"ICSEB 2022-3\" data-e-action-hash=\"#elementor-action%3Aaction%3Dlightbox%26settings%3DeyJpZCI6MTYxODAsInVybCI6Imh0dHBzOlwvXC9pbnN0aXR1dGNoaWFyaWJjbi5jb21cL3dwLWNvbnRlbnRcL3VwbG9hZHNcLzIwMjVcLzA2XC9JQ1NFQi0yMDIyLTMud2VicCIsInNsaWRlc2hvdyI6IjAzMWVkODEifQ%3D%3D\">\n\t\t\t\t\t<div class=\"e-gallery-image elementor-gallery-item__image\" data-thumbnail=\"https:\/\/institutchiaribcn.com\/wp-content\/uploads\/2025\/06\/ICSEB-2022-3.webp\" data-width=\"800\" data-height=\"533\" aria-label=\"ICSEB 2022-3\" role=\"img\" ><\/div>\n\t\t\t\t\t\t\t\t\t\t\t<div class=\"elementor-gallery-item__overlay\"><\/div>\n\t\t\t\t\t\t\t\t\t\t\t\t\t\t<\/a>\n\t\t\t\t\t\t\t<a class=\"e-gallery-item elementor-gallery-item elementor-animated-content\" href=\"https:\/\/institutchiaribcn.com\/wp-content\/uploads\/2025\/06\/iCSEB-2022-5.webp\" data-elementor-open-lightbox=\"yes\" data-elementor-lightbox-slideshow=\"031ed81\" data-elementor-lightbox-title=\"iCSEB 2022-5\" data-elementor-lightbox-description=\"iCSEB 2022-5\" data-e-action-hash=\"#elementor-action%3Aaction%3Dlightbox%26settings%3DeyJpZCI6MTYxOTQsInVybCI6Imh0dHBzOlwvXC9pbnN0aXR1dGNoaWFyaWJjbi5jb21cL3dwLWNvbnRlbnRcL3VwbG9hZHNcLzIwMjVcLzA2XC9pQ1NFQi0yMDIyLTUud2VicCIsInNsaWRlc2hvdyI6IjAzMWVkODEifQ%3D%3D\">\n\t\t\t\t\t<div class=\"e-gallery-image elementor-gallery-item__image\" data-thumbnail=\"https:\/\/institutchiaribcn.com\/wp-content\/uploads\/2025\/06\/iCSEB-2022-5.webp\" data-width=\"800\" data-height=\"533\" aria-label=\"iCSEB 2022-5\" role=\"img\" ><\/div>\n\t\t\t\t\t\t\t\t\t\t\t<div class=\"elementor-gallery-item__overlay\"><\/div>\n\t\t\t\t\t\t\t\t\t\t\t\t\t\t<\/a>\n\t\t\t\t\t\t\t<a class=\"e-gallery-item elementor-gallery-item elementor-animated-content\" href=\"https:\/\/institutchiaribcn.com\/wp-content\/uploads\/2025\/06\/ICSEB-2022-recpecion-por-dentro.webp\" data-elementor-open-lightbox=\"yes\" data-elementor-lightbox-slideshow=\"031ed81\" data-elementor-lightbox-title=\"ICSEB 2022 recpecion por dentro\" data-elementor-lightbox-description=\"ICSEB 2022 recpecion por dentro\" data-e-action-hash=\"#elementor-action%3Aaction%3Dlightbox%26settings%3DeyJpZCI6MTYxMzgsInVybCI6Imh0dHBzOlwvXC9pbnN0aXR1dGNoaWFyaWJjbi5jb21cL3dwLWNvbnRlbnRcL3VwbG9hZHNcLzIwMjVcLzA2XC9JQ1NFQi0yMDIyLXJlY3BlY2lvbi1wb3ItZGVudHJvLndlYnAiLCJzbGlkZXNob3ciOiIwMzFlZDgxIn0%3D\">\n\t\t\t\t\t<div class=\"e-gallery-image elementor-gallery-item__image\" data-thumbnail=\"https:\/\/institutchiaribcn.com\/wp-content\/uploads\/2025\/06\/ICSEB-2022-recpecion-por-dentro.webp\" data-width=\"800\" data-height=\"533\" aria-label=\"ICSEB 2022 recpecion por dentro\" role=\"img\" ><\/div>\n\t\t\t\t\t\t\t\t\t\t\t<div class=\"elementor-gallery-item__overlay\"><\/div>\n\t\t\t\t\t\t\t\t\t\t\t\t\t\t<\/a>\n\t\t\t\t\t\t\t<a class=\"e-gallery-item elementor-gallery-item elementor-animated-content\" href=\"https:\/\/institutchiaribcn.com\/wp-content\/uploads\/2025\/06\/ICSEB-2022-9.webp\" data-elementor-open-lightbox=\"yes\" data-elementor-lightbox-slideshow=\"031ed81\" data-elementor-lightbox-title=\"ICSEB 2022-9\" data-elementor-lightbox-description=\"ICSEB 2022-9\" data-e-action-hash=\"#elementor-action%3Aaction%3Dlightbox%26settings%3DeyJpZCI6MTYyMDgsInVybCI6Imh0dHBzOlwvXC9pbnN0aXR1dGNoaWFyaWJjbi5jb21cL3dwLWNvbnRlbnRcL3VwbG9hZHNcLzIwMjVcLzA2XC9JQ1NFQi0yMDIyLTkud2VicCIsInNsaWRlc2hvdyI6IjAzMWVkODEifQ%3D%3D\">\n\t\t\t\t\t<div class=\"e-gallery-image elementor-gallery-item__image\" data-thumbnail=\"https:\/\/institutchiaribcn.com\/wp-content\/uploads\/2025\/06\/ICSEB-2022-9.webp\" data-width=\"800\" data-height=\"533\" aria-label=\"ICSEB 2022-9\" role=\"img\" ><\/div>\n\t\t\t\t\t\t\t\t\t\t\t<div class=\"elementor-gallery-item__overlay\"><\/div>\n\t\t\t\t\t\t\t\t\t\t\t\t\t\t<\/a>\n\t\t\t\t\t\t\t<a class=\"e-gallery-item elementor-gallery-item elementor-animated-content\" href=\"https:\/\/institutchiaribcn.com\/wp-content\/uploads\/2025\/06\/ICSEB-2022-consulta.webp\" data-elementor-open-lightbox=\"yes\" data-elementor-lightbox-slideshow=\"031ed81\" data-elementor-lightbox-title=\"ICSEB 2022 consulta\" data-elementor-lightbox-description=\"ICSEB 2022 consulta\" data-e-action-hash=\"#elementor-action%3Aaction%3Dlightbox%26settings%3DeyJpZCI6MTYxNTksInVybCI6Imh0dHBzOlwvXC9pbnN0aXR1dGNoaWFyaWJjbi5jb21cL3dwLWNvbnRlbnRcL3VwbG9hZHNcLzIwMjVcLzA2XC9JQ1NFQi0yMDIyLWNvbnN1bHRhLndlYnAiLCJzbGlkZXNob3ciOiIwMzFlZDgxIn0%3D\">\n\t\t\t\t\t<div class=\"e-gallery-image elementor-gallery-item__image\" data-thumbnail=\"https:\/\/institutchiaribcn.com\/wp-content\/uploads\/2025\/06\/ICSEB-2022-consulta.webp\" data-width=\"800\" data-height=\"533\" aria-label=\"ICSEB 2022 consulta\" role=\"img\" ><\/div>\n\t\t\t\t\t\t\t\t\t\t\t<div class=\"elementor-gallery-item__overlay\"><\/div>\n\t\t\t\t\t\t\t\t\t\t\t\t\t\t<\/a>\n\t\t\t\t\t\t\t<a class=\"e-gallery-item elementor-gallery-item elementor-animated-content\" href=\"https:\/\/institutchiaribcn.com\/wp-content\/uploads\/2025\/06\/ICSEB-2022-4.webp\" data-elementor-open-lightbox=\"yes\" data-elementor-lightbox-slideshow=\"031ed81\" data-elementor-lightbox-title=\"ICSEB 2022-4\" data-elementor-lightbox-description=\"ICSEB 2022-4\" data-e-action-hash=\"#elementor-action%3Aaction%3Dlightbox%26settings%3DeyJpZCI6MTYyMzksInVybCI6Imh0dHBzOlwvXC9pbnN0aXR1dGNoaWFyaWJjbi5jb21cL3dwLWNvbnRlbnRcL3VwbG9hZHNcLzIwMjVcLzA2XC9JQ1NFQi0yMDIyLTQud2VicCIsInNsaWRlc2hvdyI6IjAzMWVkODEifQ%3D%3D\">\n\t\t\t\t\t<div class=\"e-gallery-image elementor-gallery-item__image\" data-thumbnail=\"https:\/\/institutchiaribcn.com\/wp-content\/uploads\/2025\/06\/ICSEB-2022-4.webp\" data-width=\"800\" data-height=\"533\" aria-label=\"ICSEB 2022-4\" role=\"img\" ><\/div>\n\t\t\t\t\t\t\t\t\t\t\t<div class=\"elementor-gallery-item__overlay\"><\/div>\n\t\t\t\t\t\t\t\t\t\t\t\t\t\t<\/a>\n\t\t\t\t\t\t\t<a class=\"e-gallery-item elementor-gallery-item elementor-animated-content\" href=\"https:\/\/institutchiaribcn.com\/wp-content\/uploads\/2025\/06\/ICSEB-por-fuera-2022-2.webp\" data-elementor-open-lightbox=\"yes\" data-elementor-lightbox-slideshow=\"031ed81\" data-elementor-lightbox-title=\"ICSEB por fuera 2022-2\" data-elementor-lightbox-description=\"ICSEB por fuera 2022-2\" data-e-action-hash=\"#elementor-action%3Aaction%3Dlightbox%26settings%3DeyJpZCI6MTYzMTAsInVybCI6Imh0dHBzOlwvXC9pbnN0aXR1dGNoaWFyaWJjbi5jb21cL3dwLWNvbnRlbnRcL3VwbG9hZHNcLzIwMjVcLzA2XC9JQ1NFQi1wb3ItZnVlcmEtMjAyMi0yLndlYnAiLCJzbGlkZXNob3ciOiIwMzFlZDgxIn0%3D\">\n\t\t\t\t\t<div class=\"e-gallery-image elementor-gallery-item__image\" data-thumbnail=\"https:\/\/institutchiaribcn.com\/wp-content\/uploads\/2025\/06\/ICSEB-por-fuera-2022-2.webp\" data-width=\"533\" data-height=\"800\" aria-label=\"ICSEB por fuera 2022-2\" role=\"img\" ><\/div>\n\t\t\t\t\t\t\t\t\t\t\t<div class=\"elementor-gallery-item__overlay\"><\/div>\n\t\t\t\t\t\t\t\t\t\t\t\t\t\t<\/a>\n\t\t\t\t\t\t\t<a class=\"e-gallery-item elementor-gallery-item elementor-animated-content\" href=\"https:\/\/institutchiaribcn.com\/wp-content\/uploads\/2025\/06\/ICSEB-por-fuera-2022-1.webp\" data-elementor-open-lightbox=\"yes\" data-elementor-lightbox-slideshow=\"031ed81\" data-elementor-lightbox-title=\"ICSEB por fuera 2022-1\" data-elementor-lightbox-description=\"ICSEB por fuera 2022-1\" data-e-action-hash=\"#elementor-action%3Aaction%3Dlightbox%26settings%3DeyJpZCI6MTYyOTYsInVybCI6Imh0dHBzOlwvXC9pbnN0aXR1dGNoaWFyaWJjbi5jb21cL3dwLWNvbnRlbnRcL3VwbG9hZHNcLzIwMjVcLzA2XC9JQ1NFQi1wb3ItZnVlcmEtMjAyMi0xLndlYnAiLCJzbGlkZXNob3ciOiIwMzFlZDgxIn0%3D\">\n\t\t\t\t\t<div class=\"e-gallery-image elementor-gallery-item__image\" data-thumbnail=\"https:\/\/institutchiaribcn.com\/wp-content\/uploads\/2025\/06\/ICSEB-por-fuera-2022-1.webp\" data-width=\"533\" data-height=\"800\" aria-label=\"ICSEB por fuera 2022-1\" role=\"img\" ><\/div>\n\t\t\t\t\t\t\t\t\t\t\t<div class=\"elementor-gallery-item__overlay\"><\/div>\n\t\t\t\t\t\t\t\t\t\t\t\t\t\t<\/a>\n\t\t\t\t\t\t\t<a class=\"e-gallery-item elementor-gallery-item elementor-animated-content\" href=\"https:\/\/institutchiaribcn.com\/wp-content\/uploads\/2025\/06\/ICSEB-2022-6.webp\" data-elementor-open-lightbox=\"yes\" data-elementor-lightbox-slideshow=\"031ed81\" data-elementor-lightbox-title=\"ICSEB 2022-6\" data-elementor-lightbox-description=\"ICSEB 2022-6\" data-e-action-hash=\"#elementor-action%3Aaction%3Dlightbox%26settings%3DeyJpZCI6MTYyMjUsInVybCI6Imh0dHBzOlwvXC9pbnN0aXR1dGNoaWFyaWJjbi5jb21cL3dwLWNvbnRlbnRcL3VwbG9hZHNcLzIwMjVcLzA2XC9JQ1NFQi0yMDIyLTYud2VicCIsInNsaWRlc2hvdyI6IjAzMWVkODEifQ%3D%3D\">\n\t\t\t\t\t<div class=\"e-gallery-image elementor-gallery-item__image\" data-thumbnail=\"https:\/\/institutchiaribcn.com\/wp-content\/uploads\/2025\/06\/ICSEB-2022-6.webp\" data-width=\"800\" data-height=\"533\" aria-label=\"ICSEB 2022-6\" role=\"img\" ><\/div>\n\t\t\t\t\t\t\t\t\t\t\t<div class=\"elementor-gallery-item__overlay\"><\/div>\n\t\t\t\t\t\t\t\t\t\t\t\t\t\t<\/a>\n\t\t\t\t\t\t\t<a class=\"e-gallery-item elementor-gallery-item elementor-animated-content\" href=\"https:\/\/institutchiaribcn.com\/wp-content\/uploads\/2025\/06\/ICSEB-2022-7.webp\" data-elementor-open-lightbox=\"yes\" data-elementor-lightbox-slideshow=\"031ed81\" data-elementor-lightbox-title=\"ICSEB 2022-7\" data-elementor-lightbox-description=\"ICSEB 2022-7\" data-e-action-hash=\"#elementor-action%3Aaction%3Dlightbox%26settings%3DeyJpZCI6MTYyNTMsInVybCI6Imh0dHBzOlwvXC9pbnN0aXR1dGNoaWFyaWJjbi5jb21cL3dwLWNvbnRlbnRcL3VwbG9hZHNcLzIwMjVcLzA2XC9JQ1NFQi0yMDIyLTcud2VicCIsInNsaWRlc2hvdyI6IjAzMWVkODEifQ%3D%3D\">\n\t\t\t\t\t<div class=\"e-gallery-image elementor-gallery-item__image\" data-thumbnail=\"https:\/\/institutchiaribcn.com\/wp-content\/uploads\/2025\/06\/ICSEB-2022-7.webp\" data-width=\"800\" data-height=\"533\" aria-label=\"ICSEB 2022-7\" role=\"img\" ><\/div>\n\t\t\t\t\t\t\t\t\t\t\t<div class=\"elementor-gallery-item__overlay\"><\/div>\n\t\t\t\t\t\t\t\t\t\t\t\t\t\t<\/a>\n\t\t\t\t\t\t\t<a class=\"e-gallery-item elementor-gallery-item elementor-animated-content\" href=\"https:\/\/institutchiaribcn.com\/wp-content\/uploads\/2025\/06\/ICSEB-2022-8.webp\" data-elementor-open-lightbox=\"yes\" data-elementor-lightbox-slideshow=\"031ed81\" data-elementor-lightbox-title=\"ICSEB 2022-8\" data-elementor-lightbox-description=\"ICSEB 2022-8\" data-e-action-hash=\"#elementor-action%3Aaction%3Dlightbox%26settings%3DeyJpZCI6MTYyNjcsInVybCI6Imh0dHBzOlwvXC9pbnN0aXR1dGNoaWFyaWJjbi5jb21cL3dwLWNvbnRlbnRcL3VwbG9hZHNcLzIwMjVcLzA2XC9JQ1NFQi0yMDIyLTgud2VicCIsInNsaWRlc2hvdyI6IjAzMWVkODEifQ%3D%3D\">\n\t\t\t\t\t<div class=\"e-gallery-image elementor-gallery-item__image\" data-thumbnail=\"https:\/\/institutchiaribcn.com\/wp-content\/uploads\/2025\/06\/ICSEB-2022-8.webp\" data-width=\"800\" data-height=\"533\" aria-label=\"ICSEB 2022-8\" role=\"img\" ><\/div>\n\t\t\t\t\t\t\t\t\t\t\t<div class=\"elementor-gallery-item__overlay\"><\/div>\n\t\t\t\t\t\t\t\t\t\t\t\t\t\t<\/a>\n\t\t\t\t\t<\/div>\n\t\t\t\t\t<\/div>\n\t\t\t\t<\/div>\n\t\t\t\t\t<\/div>\n\t\t\t\t<\/div>\n\t\t\t\t<\/div>\n\t\t","protected":false},"excerpt":{"rendered":"<p>Siedziba Nasza aktywno\u015b\u0107 kliniczna i ambulatoryjna odbywa si\u0119 g\u0142ownie w\u00a0Instytucie Chiari &amp; Siringomielia &amp; Escoliosis de Barcelona (ICSEB),\u00a0znajduj\u0105cym si\u0119 pod adresem\u00a0Paseo Manuel Girona 32, Barcelona (Hiszpania). Hospitalizacja, badania dodatkowe oraz procedury chirurgiczne wykonywane s\u0105 w pobliskim\u00a0szpitalu CIMA.<\/p>\n","protected":false},"author":1,"featured_media":0,"parent":0,"menu_order":7,"comment_status":"closed","ping_status":"closed","template":"","meta":{"footnotes":""},"class_list":["post-60937","page","type-page","status-publish","hentry"],"yoast_head":"<!-- This site is optimized with the Yoast SEO plugin v27.1.1 - https:\/\/yoast.com\/product\/yoast-seo-wordpress\/ -->\n<title>Siedziba ICSEB w Barcelonie | ICSEB<\/title>\n<meta name=\"description\" content=\"Adres siedziby ICSEB w Barcelonie, godziny przyj\u0119\u0107 oraz informacje o hospitalizacji i zabiegach w szpitalu CIMA.\" \/>\n<meta name=\"robots\" content=\"index, follow, max-snippet:-1, max-image-preview:large, max-video-preview:-1\" \/>\n<link rel=\"canonical\" href=\"https:\/\/institutchiaribcn.com\/pl\/siedziba\/\" \/>\n<meta property=\"og:locale\" content=\"pl_PL\" \/>\n<meta property=\"og:type\" content=\"article\" \/>\n<meta property=\"og:title\" content=\"Siedziba ICSEB w Barcelonie | ICSEB\" \/>\n<meta property=\"og:description\" content=\"Adres siedziby ICSEB w Barcelonie, godziny przyj\u0119\u0107 oraz informacje o hospitalizacji i zabiegach w szpitalu CIMA.\" \/>\n<meta property=\"og:url\" content=\"https:\/\/institutchiaribcn.com\/pl\/siedziba\/\" \/>\n<meta property=\"og:site_name\" content=\"Institut Chiari\" \/>\n<meta property=\"article:modified_time\" content=\"2026-03-04T08:57:33+00:00\" \/>\n<meta name=\"twitter:card\" content=\"summary_large_image\" \/>\n<meta name=\"twitter:label1\" content=\"Szacowany czas czytania\" \/>\n\t<meta name=\"twitter:data1\" content=\"1 minuta\" \/>\n<script type=\"application\/ld+json\" class=\"yoast-schema-graph\">{\"@context\":\"https:\/\/schema.org\",\"@graph\":[{\"@type\":\"WebPage\",\"@id\":\"https:\/\/institutchiaribcn.com\/pl\/siedziba\/\",\"url\":\"https:\/\/institutchiaribcn.com\/pl\/siedziba\/\",\"name\":\"Siedziba ICSEB w Barcelonie | ICSEB\",\"isPartOf\":{\"@id\":\"https:\/\/institutchiaribcn.com\/pl\/#website\"},\"datePublished\":\"2025-06-17T13:54:38+00:00\",\"dateModified\":\"2026-03-04T08:57:33+00:00\",\"description\":\"Adres siedziby ICSEB w Barcelonie, godziny przyj\u0119\u0107 oraz informacje o hospitalizacji i zabiegach w szpitalu CIMA.\",\"breadcrumb\":{\"@id\":\"https:\/\/institutchiaribcn.com\/pl\/siedziba\/#breadcrumb\"},\"inLanguage\":\"pl-PL\",\"potentialAction\":[{\"@type\":\"ReadAction\",\"target\":[\"https:\/\/institutchiaribcn.com\/pl\/siedziba\/\"]}]},{\"@type\":\"BreadcrumbList\",\"@id\":\"https:\/\/institutchiaribcn.com\/pl\/siedziba\/#breadcrumb\",\"itemListElement\":[{\"@type\":\"ListItem\",\"position\":1,\"name\":\"Portada\",\"item\":\"https:\/\/institutchiaribcn.com\/pl\/\"},{\"@type\":\"ListItem\",\"position\":2,\"name\":\"Siedziba\"}]},{\"@type\":\"WebSite\",\"@id\":\"https:\/\/institutchiaribcn.com\/pl\/#website\",\"url\":\"https:\/\/institutchiaribcn.com\/pl\/\",\"name\":\"Institut Chiari de Barcelona\",\"description\":\"\",\"publisher\":{\"@id\":\"https:\/\/institutchiaribcn.com\/pl\/#organization\"},\"potentialAction\":[{\"@type\":\"SearchAction\",\"target\":{\"@type\":\"EntryPoint\",\"urlTemplate\":\"https:\/\/institutchiaribcn.com\/pl\/?s={search_term_string}\"},\"query-input\":{\"@type\":\"PropertyValueSpecification\",\"valueRequired\":true,\"valueName\":\"search_term_string\"}}],\"inLanguage\":\"pl-PL\"},{\"@type\":\"Organization\",\"@id\":\"https:\/\/institutchiaribcn.com\/pl\/#organization\",\"name\":\"Institut Chiari de Barcelona\",\"url\":\"https:\/\/institutchiaribcn.com\/pl\/\",\"logo\":{\"@type\":\"ImageObject\",\"inLanguage\":\"pl-PL\",\"@id\":\"https:\/\/institutchiaribcn.com\/pl\/#\/schema\/logo\/image\/\",\"url\":\"https:\/\/institutchiaribcn.com\/wp-content\/uploads\/2025\/10\/cropped-cropped-icsebNavLogo-1.png\",\"contentUrl\":\"https:\/\/institutchiaribcn.com\/wp-content\/uploads\/2025\/10\/cropped-cropped-icsebNavLogo-1.png\",\"width\":245,\"height\":99,\"caption\":\"Institut Chiari de Barcelona\"},\"image\":{\"@id\":\"https:\/\/institutchiaribcn.com\/pl\/#\/schema\/logo\/image\/\"}}]}<\/script>\n<!-- \/ Yoast SEO plugin. -->","yoast_head_json":{"title":"Siedziba ICSEB w Barcelonie | ICSEB","description":"Adres siedziby ICSEB w Barcelonie, godziny przyj\u0119\u0107 oraz informacje o hospitalizacji i zabiegach w szpitalu CIMA.","robots":{"index":"index","follow":"follow","max-snippet":"max-snippet:-1","max-image-preview":"max-image-preview:large","max-video-preview":"max-video-preview:-1"},"canonical":"https:\/\/institutchiaribcn.com\/pl\/siedziba\/","og_locale":"pl_PL","og_type":"article","og_title":"Siedziba ICSEB w Barcelonie | ICSEB","og_description":"Adres siedziby ICSEB w Barcelonie, godziny przyj\u0119\u0107 oraz informacje o hospitalizacji i zabiegach w szpitalu CIMA.","og_url":"https:\/\/institutchiaribcn.com\/pl\/siedziba\/","og_site_name":"Institut Chiari","article_modified_time":"2026-03-04T08:57:33+00:00","twitter_card":"summary_large_image","twitter_misc":{"Szacowany czas czytania":"1 minuta"},"schema":{"@context":"https:\/\/schema.org","@graph":[{"@type":"WebPage","@id":"https:\/\/institutchiaribcn.com\/pl\/siedziba\/","url":"https:\/\/institutchiaribcn.com\/pl\/siedziba\/","name":"Siedziba ICSEB w Barcelonie | ICSEB","isPartOf":{"@id":"https:\/\/institutchiaribcn.com\/pl\/#website"},"datePublished":"2025-06-17T13:54:38+00:00","dateModified":"2026-03-04T08:57:33+00:00","description":"Adres siedziby ICSEB w Barcelonie, godziny przyj\u0119\u0107 oraz informacje o hospitalizacji i zabiegach w szpitalu CIMA.","breadcrumb":{"@id":"https:\/\/institutchiaribcn.com\/pl\/siedziba\/#breadcrumb"},"inLanguage":"pl-PL","potentialAction":[{"@type":"ReadAction","target":["https:\/\/institutchiaribcn.com\/pl\/siedziba\/"]}]},{"@type":"BreadcrumbList","@id":"https:\/\/institutchiaribcn.com\/pl\/siedziba\/#breadcrumb","itemListElement":[{"@type":"ListItem","position":1,"name":"Portada","item":"https:\/\/institutchiaribcn.com\/pl\/"},{"@type":"ListItem","position":2,"name":"Siedziba"}]},{"@type":"WebSite","@id":"https:\/\/institutchiaribcn.com\/pl\/#website","url":"https:\/\/institutchiaribcn.com\/pl\/","name":"Institut Chiari de Barcelona","description":"","publisher":{"@id":"https:\/\/institutchiaribcn.com\/pl\/#organization"},"potentialAction":[{"@type":"SearchAction","target":{"@type":"EntryPoint","urlTemplate":"https:\/\/institutchiaribcn.com\/pl\/?s={search_term_string}"},"query-input":{"@type":"PropertyValueSpecification","valueRequired":true,"valueName":"search_term_string"}}],"inLanguage":"pl-PL"},{"@type":"Organization","@id":"https:\/\/institutchiaribcn.com\/pl\/#organization","name":"Institut Chiari de Barcelona","url":"https:\/\/institutchiaribcn.com\/pl\/","logo":{"@type":"ImageObject","inLanguage":"pl-PL","@id":"https:\/\/institutchiaribcn.com\/pl\/#\/schema\/logo\/image\/","url":"https:\/\/institutchiaribcn.com\/wp-content\/uploads\/2025\/10\/cropped-cropped-icsebNavLogo-1.png","contentUrl":"https:\/\/institutchiaribcn.com\/wp-content\/uploads\/2025\/10\/cropped-cropped-icsebNavLogo-1.png","width":245,"height":99,"caption":"Institut Chiari de Barcelona"},"image":{"@id":"https:\/\/institutchiaribcn.com\/pl\/#\/schema\/logo\/image\/"}}]}},"_links":{"self":[{"href":"https:\/\/institutchiaribcn.com\/pl\/wp-json\/wp\/v2\/pages\/60937","targetHints":{"allow":["GET"]}}],"collection":[{"href":"https:\/\/institutchiaribcn.com\/pl\/wp-json\/wp\/v2\/pages"}],"about":[{"href":"https:\/\/institutchiaribcn.com\/pl\/wp-json\/wp\/v2\/types\/page"}],"author":[{"embeddable":true,"href":"https:\/\/institutchiaribcn.com\/pl\/wp-json\/wp\/v2\/users\/1"}],"replies":[{"embeddable":true,"href":"https:\/\/institutchiaribcn.com\/pl\/wp-json\/wp\/v2\/comments?post=60937"}],"version-history":[{"count":1,"href":"https:\/\/institutchiaribcn.com\/pl\/wp-json\/wp\/v2\/pages\/60937\/revisions"}],"predecessor-version":[{"id":146679,"href":"https:\/\/institutchiaribcn.com\/pl\/wp-json\/wp\/v2\/pages\/60937\/revisions\/146679"}],"wp:attachment":[{"href":"https:\/\/institutchiaribcn.com\/pl\/wp-json\/wp\/v2\/media?parent=60937"}],"curies":[{"name":"wp","href":"https:\/\/api.w.org\/{rel}","templated":true}]}}