{"id":59227,"date":"2025-06-17T15:47:54","date_gmt":"2025-06-17T13:47:54","guid":{"rendered":"https:\/\/dev.institutchiaribcn.com\/mision-vision-y-valores\/"},"modified":"2026-02-20T09:37:01","modified_gmt":"2026-02-20T08:37:01","slug":"misja-wizja-wartosci","status":"publish","type":"page","link":"https:\/\/institutchiaribcn.com\/pl\/misja-wizja-wartosci\/","title":{"rendered":"Misja, Wizja, Warto\u015bci"},"content":{"rendered":"\t\t<div data-elementor-type=\"wp-page\" data-elementor-id=\"59227\" class=\"elementor elementor-59227 elementor-186\" data-elementor-post-type=\"page\">\n\t\t\t\t<div class=\"elementor-element elementor-element-9578eee e-flex e-con-boxed e-con e-parent\" data-id=\"9578eee\" data-element_type=\"container\" data-e-type=\"container\">\n\t\t\t\t\t<div class=\"e-con-inner\">\n\t\t\t\t<div class=\"elementor-element elementor-element-ebc5c1d elementor-widget elementor-widget-heading\" data-id=\"ebc5c1d\" data-element_type=\"widget\" data-e-type=\"widget\" data-widget_type=\"heading.default\">\n\t\t\t\t<div class=\"elementor-widget-container\">\n\t\t\t\t\t<h1 class=\"elementor-heading-title elementor-size-default\">Misja, Wizja, Warto\u015bci <\/h1>\t\t\t\t<\/div>\n\t\t\t\t<\/div>\n\t\t\t\t<div class=\"elementor-element elementor-element-f831391 elementor-widget elementor-widget-text-editor\" data-id=\"f831391\" data-element_type=\"widget\" data-e-type=\"widget\" data-widget_type=\"text-editor.default\">\n\t\t\t\t<div class=\"elementor-widget-container\">\n\t\t\t\t\t\t\t\t\t<p><span data-contrast=\"auto\">Institut Chiari &amp; Siringomielia &amp; Escoliosis de Barcelona zosta\u0142 za\u0142o\u017cony w 2008 roku. Jest to akredytowane centrum medyczne i neurochirurgiczne dla systemu Filum\u00ae.<\/span><span data-ccp-props=\"{&quot;134233117&quot;:true,&quot;134233118&quot;:true}\">\u00a0<\/span><\/p><p><span data-contrast=\"auto\">Plac\u00f3wka ta zajmuje si\u0119 leczeniem pacjent\u00f3w z chorobami kr\u0119gos\u0142upa i m\u00f3zgu, a tak\u017ce obejmuje obszar wysokospecjalistyczny, jakim s\u0105 wszystkie patologie zwi\u0105zane z <strong>Chorob\u0105 Filum<\/strong>.<\/span><\/p>\t\t\t\t\t\t\t\t<\/div>\n\t\t\t\t<\/div>\n\t\t<div class=\"elementor-element elementor-element-2a224a3 e-con-full e-flex e-con e-child\" data-id=\"2a224a3\" data-element_type=\"container\" data-e-type=\"container\">\n\t\t<div class=\"elementor-element elementor-element-a029c5e e-con-full e-flex e-con e-child\" data-id=\"a029c5e\" data-element_type=\"container\" data-e-type=\"container\" data-settings=\"{&quot;background_background&quot;:&quot;classic&quot;}\">\n\t\t\t\t<div class=\"elementor-element elementor-element-80ef6ed elementor-widget elementor-widget-heading\" data-id=\"80ef6ed\" data-element_type=\"widget\" data-e-type=\"widget\" data-widget_type=\"heading.default\">\n\t\t\t\t<div class=\"elementor-widget-container\">\n\t\t\t\t\t<h3 class=\"elementor-heading-title elementor-size-default\">Misja<\/h3>\t\t\t\t<\/div>\n\t\t\t\t<\/div>\n\t\t\t\t<div class=\"elementor-element elementor-element-3b129a7 elementor-widget elementor-widget-text-editor\" data-id=\"3b129a7\" data-element_type=\"widget\" data-e-type=\"widget\" data-widget_type=\"text-editor.default\">\n\t\t\t\t<div class=\"elementor-widget-container\">\n\t\t\t\t\t\t\t\t\t<p>Oferowanie dok\u0142adnej diagnozy oraz minimalnie inwazyjnego leczenia Choroby Filum, poprawiaj\u0105c jako\u015b\u0107 \u017cycia pacjent\u00f3w z poszanowaniem etyki, innowacyjno\u015bci i doskona\u0142o\u015bci medycznej.<\/p>\t\t\t\t\t\t\t\t<\/div>\n\t\t\t\t<\/div>\n\t\t\t\t<div class=\"elementor-element elementor-element-6494c52 elementor-widget elementor-widget-button\" data-id=\"6494c52\" data-element_type=\"widget\" data-e-type=\"widget\" data-widget_type=\"button.default\">\n\t\t\t\t<div class=\"elementor-widget-container\">\n\t\t\t\t\t\t\t\t\t<div class=\"elementor-button-wrapper\">\n\t\t\t\t\t<a class=\"elementor-button elementor-button-link elementor-size-sm\" href=\"#mision\">\n\t\t\t\t\t\t<span class=\"elementor-button-content-wrapper\">\n\t\t\t\t\t\t\t\t\t<span class=\"elementor-button-text\">Dowiedz si\u0119 wi\u0119cej <\/span>\n\t\t\t\t\t<\/span>\n\t\t\t\t\t<\/a>\n\t\t\t\t<\/div>\n\t\t\t\t\t\t\t\t<\/div>\n\t\t\t\t<\/div>\n\t\t\t\t<\/div>\n\t\t<div class=\"elementor-element elementor-element-b0aa9b7 e-con-full e-flex e-con e-child\" data-id=\"b0aa9b7\" data-element_type=\"container\" data-e-type=\"container\" data-settings=\"{&quot;background_background&quot;:&quot;classic&quot;}\">\n\t\t\t\t<div class=\"elementor-element elementor-element-6c6f6e9 elementor-widget elementor-widget-heading\" data-id=\"6c6f6e9\" data-element_type=\"widget\" data-e-type=\"widget\" data-widget_type=\"heading.default\">\n\t\t\t\t<div class=\"elementor-widget-container\">\n\t\t\t\t\t<h3 class=\"elementor-heading-title elementor-size-default\">Wizja<\/h3>\t\t\t\t<\/div>\n\t\t\t\t<\/div>\n\t\t\t\t<div class=\"elementor-element elementor-element-d0cd181 elementor-widget elementor-widget-text-editor\" data-id=\"d0cd181\" data-element_type=\"widget\" data-e-type=\"widget\" data-widget_type=\"text-editor.default\">\n\t\t\t\t<div class=\"elementor-widget-container\">\n\t\t\t\t\t\t\t\t\t<p>D\u0105\u017cymy do pacjentocentrycznej opieki, opartej na doskona\u0142o\u015bci klinicznej, ci\u0105g\u0142ym doskonaleniu i innowacyjnej technologii, z mocnym zobowi\u0105zaniem do troski o pacjenta oraz wsparcia medycznego.<\/p>\t\t\t\t\t\t\t\t<\/div>\n\t\t\t\t<\/div>\n\t\t\t\t<div class=\"elementor-element elementor-element-eb0d50a elementor-widget elementor-widget-button\" data-id=\"eb0d50a\" data-element_type=\"widget\" data-e-type=\"widget\" data-widget_type=\"button.default\">\n\t\t\t\t<div class=\"elementor-widget-container\">\n\t\t\t\t\t\t\t\t\t<div class=\"elementor-button-wrapper\">\n\t\t\t\t\t<a class=\"elementor-button elementor-button-link elementor-size-sm\" href=\"#vision\">\n\t\t\t\t\t\t<span class=\"elementor-button-content-wrapper\">\n\t\t\t\t\t\t\t\t\t<span class=\"elementor-button-text\">Dowiedz si\u0119 wi\u0119cej <\/span>\n\t\t\t\t\t<\/span>\n\t\t\t\t\t<\/a>\n\t\t\t\t<\/div>\n\t\t\t\t\t\t\t\t<\/div>\n\t\t\t\t<\/div>\n\t\t\t\t<\/div>\n\t\t<div class=\"elementor-element elementor-element-63dfc3f e-con-full e-flex e-con e-child\" data-id=\"63dfc3f\" data-element_type=\"container\" data-e-type=\"container\" data-settings=\"{&quot;background_background&quot;:&quot;classic&quot;}\">\n\t\t\t\t<div class=\"elementor-element elementor-element-c28756b elementor-widget elementor-widget-heading\" data-id=\"c28756b\" data-element_type=\"widget\" data-e-type=\"widget\" data-widget_type=\"heading.default\">\n\t\t\t\t<div class=\"elementor-widget-container\">\n\t\t\t\t\t<h3 class=\"elementor-heading-title elementor-size-default\">Warto\u015bci<\/h3>\t\t\t\t<\/div>\n\t\t\t\t<\/div>\n\t\t\t\t<div class=\"elementor-element elementor-element-339a8b2 elementor-widget elementor-widget-text-editor\" data-id=\"339a8b2\" data-element_type=\"widget\" data-e-type=\"widget\" data-widget_type=\"text-editor.default\">\n\t\t\t\t<div class=\"elementor-widget-container\">\n\t\t\t\t\t\t\t\t\t<p>Dzia\u0142amy z integralno\u015bci\u0105, odpowiedzialno\u015bci\u0105 i empati\u0105, zawsze promuj\u0105c jako\u015b\u0107, doskona\u0142o\u015b\u0107 kliniczn\u0105 i ci\u0105g\u0142e doskonalenie na ka\u017cdym etapie leczenia.<\/p>\t\t\t\t\t\t\t\t<\/div>\n\t\t\t\t<\/div>\n\t\t\t\t<div class=\"elementor-element elementor-element-9c01b0d elementor-widget elementor-widget-button\" data-id=\"9c01b0d\" data-element_type=\"widget\" data-e-type=\"widget\" data-widget_type=\"button.default\">\n\t\t\t\t<div class=\"elementor-widget-container\">\n\t\t\t\t\t\t\t\t\t<div class=\"elementor-button-wrapper\">\n\t\t\t\t\t<a class=\"elementor-button elementor-button-link elementor-size-sm\" href=\"#valores\">\n\t\t\t\t\t\t<span class=\"elementor-button-content-wrapper\">\n\t\t\t\t\t\t\t\t\t<span class=\"elementor-button-text\">Dowiedz si\u0119 wi\u0119cej <\/span>\n\t\t\t\t\t<\/span>\n\t\t\t\t\t<\/a>\n\t\t\t\t<\/div>\n\t\t\t\t\t\t\t\t<\/div>\n\t\t\t\t<\/div>\n\t\t\t\t<\/div>\n\t\t\t\t<\/div>\n\t\t\t\t\t<\/div>\n\t\t\t\t<\/div>\n\t\t<div class=\"elementor-element elementor-element-52a2d2e e-flex e-con-boxed e-con e-parent\" data-id=\"52a2d2e\" data-element_type=\"container\" data-e-type=\"container\">\n\t\t\t\t\t<div class=\"e-con-inner\">\n\t\t<div class=\"elementor-element elementor-element-d7f226e e-con-full e-flex e-con e-child\" data-id=\"d7f226e\" data-element_type=\"container\" data-e-type=\"container\" id=\"mision\">\n\t\t\t\t<div class=\"elementor-element elementor-element-18739a7 elementor-widget elementor-widget-heading\" data-id=\"18739a7\" data-element_type=\"widget\" data-e-type=\"widget\" data-widget_type=\"heading.default\">\n\t\t\t\t<div class=\"elementor-widget-container\">\n\t\t\t\t\t<h3 class=\"elementor-heading-title elementor-size-default\">Misja<\/h3>\t\t\t\t<\/div>\n\t\t\t\t<\/div>\n\t\t\t\t<div class=\"elementor-element elementor-element-28cf8e8 elementor-widget elementor-widget-text-editor\" data-id=\"28cf8e8\" data-element_type=\"widget\" data-e-type=\"widget\" data-widget_type=\"text-editor.default\">\n\t\t\t\t<div class=\"elementor-widget-container\">\n\t\t\t\t\t\t\t\t\t<p>ICSEB stara si\u0119 by\u0107\u202f<strong>mi\u0119dzynarodowym centrum referencyjnym<\/strong>\u202fw stosunku do Choroby Filum, rozpowszechniaj\u0105c na poziomie mi\u0119dzynarodowym wyniki naszych bada\u0144 odno\u015bnie przyczyny i nowej metody leczenia sk\u0142adaj\u0105cych si\u0119 na ni\u0105 patologii:\u202f<strong>Syndromu Arnolda Chiari I, Idiopatycznej jamisto\u015bci rdzenia, Skoliozy idiopatycznej, Wg\u0142obienia obrotnika do jamy czaszki, P\u0142askopodstawia, Odchylenia kr\u0119gu obrotowego, Wygi\u0119cia pnia<\/strong> m\u00f3zgu\u202foraz chor\u00f3b powi\u0105zanych, takich jak:\u202f<strong>przepukliny dysk\u00f3w szyjnych, piersiowych i l\u0119d\u017awiowych, stenozy kana\u0142u kr\u0119gowego i r\u00f3\u017cnego rodzaju idiopatycznych odchyle\u0144 osi kr\u0119gos\u0142upa. <\/strong><\/p><p>Nasz\u0105 misj\u0105 jest wyleczenie lub ul\u017cenie w chorobie, szukaj\u0105c najefektywniejszego rozwi\u0105zania dla pacjent\u00f3w z chorobami o\u015brodkowego uk\u0142adu nerwowego i kr\u0119gos\u0142upa, stosuj\u0105c najmniej inwazyjne techniki, kt\u00f3re pozwalaj\u0105 na szybki powr\u00f3t do zdrowia i mog\u0105 by\u0107 zastosowane w najodpowiedniejszym momencie.<\/p><p>Oferujemy\u00a0<strong>wysoko precyzyjne diagnozy<\/strong>\u00a0i stosowanie\u00a0<strong>minimalnie inwazyjnych technik leczniczych<\/strong>, zachowuj\u0105cych maksymaln\u0105 skuteczno\u015b\u0107, w celu poprawy i utrzymania\u00a0<strong>jako\u015bci \u017cycia<\/strong>\u00a0pacjent\u00f3w.<\/p><p>R\u00f3wnocze\u015bnie, nasz\u0105 misj\u0105 jest promowanie etyki zawodowej podczas podejmowania decyzji, w praktyce klinicznej oraz w badaniach naukowych, poprzez tworzenie odpowiednich protoko\u0142\u00f3w zgodnych z dowodami naukowymi, kt\u00f3re s\u0105 systematycznie sprawdzane i udoskonalane.<\/p>\t\t\t\t\t\t\t\t<\/div>\n\t\t\t\t<\/div>\n\t\t\t\t<\/div>\n\t\t<div class=\"elementor-element elementor-element-826211c e-con-full e-flex e-con e-child\" data-id=\"826211c\" data-element_type=\"container\" data-e-type=\"container\">\n\t\t<div class=\"elementor-element elementor-element-f2cf416 e-con-full e-flex e-con e-child\" data-id=\"f2cf416\" data-element_type=\"container\" data-e-type=\"container\" id=\"vision\">\n\t\t\t\t<div class=\"elementor-element elementor-element-d2cda5f elementor-widget elementor-widget-heading\" data-id=\"d2cda5f\" data-element_type=\"widget\" data-e-type=\"widget\" data-widget_type=\"heading.default\">\n\t\t\t\t<div class=\"elementor-widget-container\">\n\t\t\t\t\t<h3 class=\"elementor-heading-title elementor-size-default\">Wizja<\/h3>\t\t\t\t<\/div>\n\t\t\t\t<\/div>\n\t\t\t\t<div class=\"elementor-element elementor-element-b53b104 elementor-widget elementor-widget-text-editor\" data-id=\"b53b104\" data-element_type=\"widget\" data-e-type=\"widget\" data-widget_type=\"text-editor.default\">\n\t\t\t\t<div class=\"elementor-widget-container\">\n\t\t\t\t\t\t\t\t\t<p>Oferujemy\u00a0<strong>opiek\u0119 nad pacjentem<\/strong>, kt\u00f3ra koncentruje si\u0119 wok\u00f3\u0142 jego zdrowia, bior\u0105c zawsze pod uwag\u0119 jego\/jej potrzeby i oczekiwania oraz u\u0142atwiaj\u0105c mediacje mi\u0119dzykulturow\u0105 i kontakt terapeutyczny.<\/p><p>Jeste\u015bmy skupieni przede wszystkim na wynikach,\u00a0<strong>ci\u0105g\u0142ym doskonaleniu si\u0119 i zwi\u0119kszaniu skuteczno\u015bci proponowanych zabieg\u00f3w<\/strong>.<\/p><p>Promujemy\u00a0<strong>badania naukowe i rozw\u00f3j<\/strong>\u00a0nowych technologii i strategii operacyjnych, d\u0105\u017c\u0105c do doskona\u0142o\u015bci w praktyce klinicznej i opiece nad pacjentem.<\/p><p>Mamy nadziej\u0119, \u017ce nasza wizja b\u0119dzie rosn\u0105\u0107 razem z naszym projektem na przysz\u0142o\u015b\u0107, zwi\u0119kszaj\u0105c nasze \u015brodki technologiczne, kadr\u0119 oraz zaanga\u017cowanie w stosunku do pacjent\u00f3w.<\/p>\t\t\t\t\t\t\t\t<\/div>\n\t\t\t\t<\/div>\n\t\t\t\t<\/div>\n\t\t<div class=\"elementor-element elementor-element-e5b43ec e-con-full e-flex e-con e-child\" data-id=\"e5b43ec\" data-element_type=\"container\" data-e-type=\"container\" id=\"valores\">\n\t\t\t\t<div class=\"elementor-element elementor-element-221b749 elementor-widget elementor-widget-heading\" data-id=\"221b749\" data-element_type=\"widget\" data-e-type=\"widget\" data-widget_type=\"heading.default\">\n\t\t\t\t<div class=\"elementor-widget-container\">\n\t\t\t\t\t<h3 class=\"elementor-heading-title elementor-size-default\">Warto\u015bci<\/h3>\t\t\t\t<\/div>\n\t\t\t\t<\/div>\n\t\t\t\t<div class=\"elementor-element elementor-element-d5301ef elementor-widget elementor-widget-text-editor\" data-id=\"d5301ef\" data-element_type=\"widget\" data-e-type=\"widget\" data-widget_type=\"text-editor.default\">\n\t\t\t\t<div class=\"elementor-widget-container\">\n\t\t\t\t\t\t\t\t\t<p><strong>Rzetelno\u015b\u0107 i uczciwo\u015b\u0107<\/strong>: Dobro i poprawa stanu zdrowia pacjenta ponad wszystko.<\/p><p><strong>Odpowiedzialno\u015b\u0107<\/strong>: Refleksja i ocena konsekwencji naszych dzia\u0142a\u0144 profesjonalnych.<\/p><p><strong>Zrozumienie i empatia<\/strong>: Anga\u017cujemy si\u0119 i szanujemy uczucia pacjenta, stawiamy si\u0119 na jego miejscu. R\u00f3wnocze\u015bnie, udost\u0119pniamy zar\u00f3wno pacjentowi jak i jego rodzinie, konieczne wyja\u015bnienia na temat choroby, kt\u00f3re pozwalaj\u0105 im na podj\u0119cie w\u0142asnej decyzji odno\u015bnie leczenia, posiadaj\u0105c wszystkie informacje na jego temat.<\/p><p><strong>Jako\u015b\u0107<\/strong>: Promujemy sta\u0142e doskonalenie naszych umiej\u0119tno\u015bci i postawy w wykonywaniu naszych zada\u0144 i obowi\u0105zk\u00f3w.<\/p><p><strong>Innowacje terapeutyczne, doskona\u0142o\u015b\u0107 kliniczna i ci\u0105g\u0142e doskonalenie si\u0119:\u00a0<\/strong>Nasz wyspecjalizowany zesp\u00f3\u0142 profesjonalist\u00f3w promuje najwy\u017cszej jako\u015bci metody techniczne i naukowe oraz skuteczno\u015b\u0107 proponowanych metod leczenia.<\/p>\t\t\t\t\t\t\t\t<\/div>\n\t\t\t\t<\/div>\n\t\t\t\t<\/div>\n\t\t\t\t<\/div>\n\t\t\t\t\t<\/div>\n\t\t\t\t<\/div>\n\t\t\t\t<\/div>\n\t\t","protected":false},"excerpt":{"rendered":"<p>Misja, Wizja, Warto\u015bci Institut Chiari &amp; Siringomielia &amp; Escoliosis de Barcelona zosta\u0142 za\u0142o\u017cony w 2008 roku. Jest to akredytowane centrum medyczne i neurochirurgiczne dla systemu Filum\u00ae. Plac\u00f3wka ta zajmuje si\u0119 leczeniem pacjent\u00f3w z chorobami kr\u0119gos\u0142upa i m\u00f3zgu, a tak\u017ce obejmuje obszar wysokospecjalistyczny, jakim s\u0105 wszystkie patologie zwi\u0105zane z Chorob\u0105 Filum. Misja Oferowanie dok\u0142adnej diagnozy oraz [&hellip;]<\/p>\n","protected":false},"author":1,"featured_media":0,"parent":0,"menu_order":3,"comment_status":"closed","ping_status":"closed","template":"","meta":{"footnotes":""},"class_list":["post-59227","page","type-page","status-publish","hentry"],"yoast_head":"<!-- This site is optimized with the Yoast SEO plugin v27.1.1 - https:\/\/yoast.com\/product\/yoast-seo-wordpress\/ -->\n<title>Misja, wizja i warto\u015bci | ICSEB<\/title>\n<meta name=\"description\" content=\"Poznaj misj\u0119, wizj\u0119 i warto\u015bci ICSEB, oparte na jako\u015bci opieki, innowacji medycznej oraz zaanga\u017cowaniu w leczenie i badania.\" \/>\n<meta name=\"robots\" content=\"index, follow, max-snippet:-1, max-image-preview:large, max-video-preview:-1\" \/>\n<link rel=\"canonical\" href=\"https:\/\/institutchiaribcn.com\/pl\/misja-wizja-wartosci\/\" \/>\n<meta property=\"og:locale\" content=\"pl_PL\" \/>\n<meta property=\"og:type\" content=\"article\" \/>\n<meta property=\"og:title\" content=\"Misja, wizja i warto\u015bci | ICSEB\" \/>\n<meta property=\"og:description\" content=\"Poznaj misj\u0119, wizj\u0119 i warto\u015bci ICSEB, oparte na jako\u015bci opieki, innowacji medycznej oraz zaanga\u017cowaniu w leczenie i badania.\" \/>\n<meta property=\"og:url\" content=\"https:\/\/institutchiaribcn.com\/pl\/misja-wizja-wartosci\/\" \/>\n<meta property=\"og:site_name\" content=\"Institut Chiari\" \/>\n<meta property=\"article:modified_time\" content=\"2026-02-20T08:37:01+00:00\" \/>\n<meta name=\"twitter:card\" content=\"summary_large_image\" \/>\n<meta name=\"twitter:label1\" content=\"Szacowany czas czytania\" \/>\n\t<meta name=\"twitter:data1\" content=\"3 minuty\" \/>\n<script type=\"application\/ld+json\" class=\"yoast-schema-graph\">{\"@context\":\"https:\/\/schema.org\",\"@graph\":[{\"@type\":\"WebPage\",\"@id\":\"https:\/\/institutchiaribcn.com\/pl\/misja-wizja-wartosci\/\",\"url\":\"https:\/\/institutchiaribcn.com\/pl\/misja-wizja-wartosci\/\",\"name\":\"Misja, wizja i warto\u015bci | ICSEB\",\"isPartOf\":{\"@id\":\"https:\/\/institutchiaribcn.com\/pl\/#website\"},\"datePublished\":\"2025-06-17T13:47:54+00:00\",\"dateModified\":\"2026-02-20T08:37:01+00:00\",\"description\":\"Poznaj misj\u0119, wizj\u0119 i warto\u015bci ICSEB, oparte na jako\u015bci opieki, innowacji medycznej oraz zaanga\u017cowaniu w leczenie i badania.\",\"breadcrumb\":{\"@id\":\"https:\/\/institutchiaribcn.com\/pl\/misja-wizja-wartosci\/#breadcrumb\"},\"inLanguage\":\"pl-PL\",\"potentialAction\":[{\"@type\":\"ReadAction\",\"target\":[\"https:\/\/institutchiaribcn.com\/pl\/misja-wizja-wartosci\/\"]}]},{\"@type\":\"BreadcrumbList\",\"@id\":\"https:\/\/institutchiaribcn.com\/pl\/misja-wizja-wartosci\/#breadcrumb\",\"itemListElement\":[{\"@type\":\"ListItem\",\"position\":1,\"name\":\"Portada\",\"item\":\"https:\/\/institutchiaribcn.com\/pl\/\"},{\"@type\":\"ListItem\",\"position\":2,\"name\":\"Misja, Wizja, Warto\u015bci\"}]},{\"@type\":\"WebSite\",\"@id\":\"https:\/\/institutchiaribcn.com\/pl\/#website\",\"url\":\"https:\/\/institutchiaribcn.com\/pl\/\",\"name\":\"Institut Chiari de Barcelona\",\"description\":\"\",\"publisher\":{\"@id\":\"https:\/\/institutchiaribcn.com\/pl\/#organization\"},\"potentialAction\":[{\"@type\":\"SearchAction\",\"target\":{\"@type\":\"EntryPoint\",\"urlTemplate\":\"https:\/\/institutchiaribcn.com\/pl\/?s={search_term_string}\"},\"query-input\":{\"@type\":\"PropertyValueSpecification\",\"valueRequired\":true,\"valueName\":\"search_term_string\"}}],\"inLanguage\":\"pl-PL\"},{\"@type\":\"Organization\",\"@id\":\"https:\/\/institutchiaribcn.com\/pl\/#organization\",\"name\":\"Institut Chiari de Barcelona\",\"url\":\"https:\/\/institutchiaribcn.com\/pl\/\",\"logo\":{\"@type\":\"ImageObject\",\"inLanguage\":\"pl-PL\",\"@id\":\"https:\/\/institutchiaribcn.com\/pl\/#\/schema\/logo\/image\/\",\"url\":\"https:\/\/institutchiaribcn.com\/wp-content\/uploads\/2025\/10\/cropped-cropped-icsebNavLogo-1.png\",\"contentUrl\":\"https:\/\/institutchiaribcn.com\/wp-content\/uploads\/2025\/10\/cropped-cropped-icsebNavLogo-1.png\",\"width\":245,\"height\":99,\"caption\":\"Institut Chiari de Barcelona\"},\"image\":{\"@id\":\"https:\/\/institutchiaribcn.com\/pl\/#\/schema\/logo\/image\/\"}}]}<\/script>\n<!-- \/ Yoast SEO plugin. -->","yoast_head_json":{"title":"Misja, wizja i warto\u015bci | ICSEB","description":"Poznaj misj\u0119, wizj\u0119 i warto\u015bci ICSEB, oparte na jako\u015bci opieki, innowacji medycznej oraz zaanga\u017cowaniu w leczenie i badania.","robots":{"index":"index","follow":"follow","max-snippet":"max-snippet:-1","max-image-preview":"max-image-preview:large","max-video-preview":"max-video-preview:-1"},"canonical":"https:\/\/institutchiaribcn.com\/pl\/misja-wizja-wartosci\/","og_locale":"pl_PL","og_type":"article","og_title":"Misja, wizja i warto\u015bci | ICSEB","og_description":"Poznaj misj\u0119, wizj\u0119 i warto\u015bci ICSEB, oparte na jako\u015bci opieki, innowacji medycznej oraz zaanga\u017cowaniu w leczenie i badania.","og_url":"https:\/\/institutchiaribcn.com\/pl\/misja-wizja-wartosci\/","og_site_name":"Institut Chiari","article_modified_time":"2026-02-20T08:37:01+00:00","twitter_card":"summary_large_image","twitter_misc":{"Szacowany czas czytania":"3 minuty"},"schema":{"@context":"https:\/\/schema.org","@graph":[{"@type":"WebPage","@id":"https:\/\/institutchiaribcn.com\/pl\/misja-wizja-wartosci\/","url":"https:\/\/institutchiaribcn.com\/pl\/misja-wizja-wartosci\/","name":"Misja, wizja i warto\u015bci | ICSEB","isPartOf":{"@id":"https:\/\/institutchiaribcn.com\/pl\/#website"},"datePublished":"2025-06-17T13:47:54+00:00","dateModified":"2026-02-20T08:37:01+00:00","description":"Poznaj misj\u0119, wizj\u0119 i warto\u015bci ICSEB, oparte na jako\u015bci opieki, innowacji medycznej oraz zaanga\u017cowaniu w leczenie i badania.","breadcrumb":{"@id":"https:\/\/institutchiaribcn.com\/pl\/misja-wizja-wartosci\/#breadcrumb"},"inLanguage":"pl-PL","potentialAction":[{"@type":"ReadAction","target":["https:\/\/institutchiaribcn.com\/pl\/misja-wizja-wartosci\/"]}]},{"@type":"BreadcrumbList","@id":"https:\/\/institutchiaribcn.com\/pl\/misja-wizja-wartosci\/#breadcrumb","itemListElement":[{"@type":"ListItem","position":1,"name":"Portada","item":"https:\/\/institutchiaribcn.com\/pl\/"},{"@type":"ListItem","position":2,"name":"Misja, Wizja, Warto\u015bci"}]},{"@type":"WebSite","@id":"https:\/\/institutchiaribcn.com\/pl\/#website","url":"https:\/\/institutchiaribcn.com\/pl\/","name":"Institut Chiari de Barcelona","description":"","publisher":{"@id":"https:\/\/institutchiaribcn.com\/pl\/#organization"},"potentialAction":[{"@type":"SearchAction","target":{"@type":"EntryPoint","urlTemplate":"https:\/\/institutchiaribcn.com\/pl\/?s={search_term_string}"},"query-input":{"@type":"PropertyValueSpecification","valueRequired":true,"valueName":"search_term_string"}}],"inLanguage":"pl-PL"},{"@type":"Organization","@id":"https:\/\/institutchiaribcn.com\/pl\/#organization","name":"Institut Chiari de Barcelona","url":"https:\/\/institutchiaribcn.com\/pl\/","logo":{"@type":"ImageObject","inLanguage":"pl-PL","@id":"https:\/\/institutchiaribcn.com\/pl\/#\/schema\/logo\/image\/","url":"https:\/\/institutchiaribcn.com\/wp-content\/uploads\/2025\/10\/cropped-cropped-icsebNavLogo-1.png","contentUrl":"https:\/\/institutchiaribcn.com\/wp-content\/uploads\/2025\/10\/cropped-cropped-icsebNavLogo-1.png","width":245,"height":99,"caption":"Institut Chiari de Barcelona"},"image":{"@id":"https:\/\/institutchiaribcn.com\/pl\/#\/schema\/logo\/image\/"}}]}},"_links":{"self":[{"href":"https:\/\/institutchiaribcn.com\/pl\/wp-json\/wp\/v2\/pages\/59227","targetHints":{"allow":["GET"]}}],"collection":[{"href":"https:\/\/institutchiaribcn.com\/pl\/wp-json\/wp\/v2\/pages"}],"about":[{"href":"https:\/\/institutchiaribcn.com\/pl\/wp-json\/wp\/v2\/types\/page"}],"author":[{"embeddable":true,"href":"https:\/\/institutchiaribcn.com\/pl\/wp-json\/wp\/v2\/users\/1"}],"replies":[{"embeddable":true,"href":"https:\/\/institutchiaribcn.com\/pl\/wp-json\/wp\/v2\/comments?post=59227"}],"version-history":[{"count":1,"href":"https:\/\/institutchiaribcn.com\/pl\/wp-json\/wp\/v2\/pages\/59227\/revisions"}],"predecessor-version":[{"id":145673,"href":"https:\/\/institutchiaribcn.com\/pl\/wp-json\/wp\/v2\/pages\/59227\/revisions\/145673"}],"wp:attachment":[{"href":"https:\/\/institutchiaribcn.com\/pl\/wp-json\/wp\/v2\/media?parent=59227"}],"curies":[{"name":"wp","href":"https:\/\/api.w.org\/{rel}","templated":true}]}}