{"id":41703,"date":"2025-06-18T08:54:45","date_gmt":"2025-06-18T06:54:45","guid":{"rendered":"https:\/\/dev.institutchiaribcn.com\/centros-acreditados\/"},"modified":"2026-02-18T12:12:56","modified_gmt":"2026-02-18T11:12:56","slug":"akredytowane-centra","status":"publish","type":"page","link":"https:\/\/institutchiaribcn.com\/pl\/akredytowane-centra\/","title":{"rendered":"Akredytowane Centra"},"content":{"rendered":"\t\t<div data-elementor-type=\"wp-page\" data-elementor-id=\"41703\" class=\"elementor elementor-41703 elementor-242\" data-elementor-post-type=\"page\">\n\t\t\t\t<div class=\"elementor-element elementor-element-1367932 e-flex e-con-boxed e-con e-parent\" data-id=\"1367932\" data-element_type=\"container\" data-e-type=\"container\">\n\t\t\t\t\t<div class=\"e-con-inner\">\n\t\t<div class=\"elementor-element elementor-element-07272b0 e-con-full e-flex e-con e-child\" data-id=\"07272b0\" data-element_type=\"container\" data-e-type=\"container\">\n\t\t\t\t<div class=\"elementor-element elementor-element-e1612a0 elementor-widget elementor-widget-heading\" data-id=\"e1612a0\" data-element_type=\"widget\" data-e-type=\"widget\" data-widget_type=\"heading.default\">\n\t\t\t\t<div class=\"elementor-widget-container\">\n\t\t\t\t\t<h1 class=\"elementor-heading-title elementor-size-default\">Akredytowane Centra<\/h1>\t\t\t\t<\/div>\n\t\t\t\t<\/div>\n\t\t\t\t<div class=\"elementor-element elementor-element-70a7ae2 elementor-widget elementor-widget-text-editor\" data-id=\"70a7ae2\" data-element_type=\"widget\" data-e-type=\"widget\" data-widget_type=\"text-editor.default\">\n\t\t\t\t<div class=\"elementor-widget-container\">\n\t\t\t\t\t\t\t\t\t<div class=\"jumbotron\"><p><strong>Co oznacza, \u017ce jakie\u015b Centrum jest akredytowane?<\/strong><\/p><p>Akredytacja to znak jako\u015bci, kt\u00f3ry potwierdza, \u017ce instytucja, centrum lub specjalista, kt\u00f3ry ubiega si\u0119 o taki przywilej, spe\u0142nia wszystkie warunki techniczne, naukowe i osobiste, kt\u00f3rych wymaga metoda Filum System<sup>\u00ae<\/sup>.<\/p><p>Ten znak jako\u015bci wydaje Filum Academy Barcelona<sup>\u00ae<\/sup>, instytucja zale\u017cna od \u201e<strong>\u00a0Instytutu Chiari &amp; Siringomielia &amp; Escoliosis de Barcelona (ICSEB)<\/strong>\u201d, kt\u00f3rego misj\u0105 jest promocja, rozpowszechnianie i szkolenie na temat teorii oraz metod leczenia \u201cChoroby Filum\u201d.<\/p><\/div>\t\t\t\t\t\t\t\t<\/div>\n\t\t\t\t<\/div>\n\t\t\t\t<\/div>\n\t\t<div class=\"elementor-element elementor-element-3459904 e-con-full e-flex e-con e-child\" data-id=\"3459904\" data-element_type=\"container\" data-e-type=\"container\">\n\t\t<div class=\"elementor-element elementor-element-919675b e-con-full e-flex e-con e-child\" data-id=\"919675b\" data-element_type=\"container\" data-e-type=\"container\" data-settings=\"{&quot;background_background&quot;:&quot;classic&quot;}\">\n\t\t\t\t<div class=\"elementor-element elementor-element-d4e763a elementor-widget elementor-widget-image\" data-id=\"d4e763a\" data-element_type=\"widget\" data-e-type=\"widget\" data-widget_type=\"image.default\">\n\t\t\t\t<div class=\"elementor-widget-container\">\n\t\t\t\t\t\t\t\t\t\t\t\t\t\t\t<img fetchpriority=\"high\" decoding=\"async\" width=\"237\" height=\"213\" src=\"https:\/\/institutchiaribcn.com\/wp-content\/uploads\/2025\/06\/logo-centrum-amg-finanse.jpg\" class=\"attachment-large size-large wp-image-2290\" alt=\"logo centrum amg finanse\" \/>\t\t\t\t\t\t\t\t\t\t\t\t\t\t\t<\/div>\n\t\t\t\t<\/div>\n\t\t\t\t<div class=\"elementor-element elementor-element-9365284 elementor-widget elementor-widget-heading\" data-id=\"9365284\" data-element_type=\"widget\" data-e-type=\"widget\" data-widget_type=\"heading.default\">\n\t\t\t\t<div class=\"elementor-widget-container\">\n\t\t\t\t\t<h3 class=\"elementor-heading-title elementor-size-default\">Centrum Medyczne AMG<\/h3>\t\t\t\t<\/div>\n\t\t\t\t<\/div>\n\t\t\t\t<div class=\"elementor-element elementor-element-1c6f6aa elementor-widget elementor-widget-text-editor\" data-id=\"1c6f6aa\" data-element_type=\"widget\" data-e-type=\"widget\" data-widget_type=\"text-editor.default\">\n\t\t\t\t<div class=\"elementor-widget-container\">\n\t\t\t\t\t\t\t\t\t<p>Ka\u017cde akredytowane centrum spe\u0142nia rygorystyczne standardy naukowe i techniczne, zapewniaj\u0105c bezpieczne i nowoczesne leczenie zgodnie z metod\u0105 Filum System\u00ae.<\/p>\t\t\t\t\t\t\t\t<\/div>\n\t\t\t\t<\/div>\n\t\t\t\t<div class=\"elementor-element elementor-element-dcab314 elementor-widget elementor-widget-button\" data-id=\"dcab314\" data-element_type=\"widget\" data-e-type=\"widget\" data-widget_type=\"button.default\">\n\t\t\t\t<div class=\"elementor-widget-container\">\n\t\t\t\t\t\t\t\t\t<div class=\"elementor-button-wrapper\">\n\t\t\t\t\t<a class=\"elementor-button elementor-button-link elementor-size-sm\" href=\"#hospital\">\n\t\t\t\t\t\t<span class=\"elementor-button-content-wrapper\">\n\t\t\t\t\t\t\t\t\t<span class=\"elementor-button-text\">Zobacz wi\u0119cej<\/span>\n\t\t\t\t\t<\/span>\n\t\t\t\t\t<\/a>\n\t\t\t\t<\/div>\n\t\t\t\t\t\t\t\t<\/div>\n\t\t\t\t<\/div>\n\t\t\t\t<\/div>\n\t\t\t\t<\/div>\n\t\t\t\t\t<\/div>\n\t\t\t\t<\/div>\n\t\t<div class=\"elementor-element elementor-element-a625abf e-flex e-con-boxed e-con e-parent\" data-id=\"a625abf\" data-element_type=\"container\" data-e-type=\"container\" id=\"hospital\" data-settings=\"{&quot;background_background&quot;:&quot;classic&quot;}\">\n\t\t\t\t\t<div class=\"e-con-inner\">\n\t\t<div class=\"elementor-element elementor-element-60c5662 e-con-full e-flex e-con e-child\" data-id=\"60c5662\" data-element_type=\"container\" data-e-type=\"container\">\n\t\t\t\t<div class=\"elementor-element elementor-element-5b7a131 elementor-widget elementor-widget-heading\" data-id=\"5b7a131\" data-element_type=\"widget\" data-e-type=\"widget\" data-widget_type=\"heading.default\">\n\t\t\t\t<div class=\"elementor-widget-container\">\n\t\t\t\t\t<h2 class=\"elementor-heading-title elementor-size-default\">Szpital Powiatowy AMGCentrum Medyczne, Ryki, wojew\u00f3dztwo lubelskie Polska\n<\/h2>\t\t\t\t<\/div>\n\t\t\t\t<\/div>\n\t\t\t\t<div class=\"elementor-element elementor-element-e335207 elementor-widget elementor-widget-text-editor\" data-id=\"e335207\" data-element_type=\"widget\" data-e-type=\"widget\" data-widget_type=\"text-editor.default\">\n\t\t\t\t<div class=\"elementor-widget-container\">\n\t\t\t\t\t\t\t\t\t<p><strong>HISTORIA DEL AMG CENTRUM MEDYCZNE<\/strong><\/p><p>Centrum MedyczneAMG od 1 czerwca 2013 prowadzi szpital og\u00f3lny w mie\u015bcie powiatowym Ryki, po\u0142o\u017conym w po\u0142owie drogi krajowej S17 pomi\u0119dzy stolic\u0105 Polski \u2013 Warszaw\u0105 (90 km) i stolic\u0105 wojew\u00f3dztwa lubelskiego \u2013Lublinem (60 km). 64 \u0142\u00f3\u017ckowy Szpital Powiatowy AMG Centrum Medyczne w Rykach kontynuuje tradycje i dzia\u0142alno\u015b\u0107 prowadzonego w tym samym miejscu od 1957 r. pa\u0144stwowego (ZOZ Ryki) a nast\u0119pnie samorz\u0105dowego (SPZOZ Ryki) szpitala powiatowego. W czterech oddzia\u0142ach ( interna,pediatra, ginekologii, chirurgia og\u00f3lna i urazowa) rocznie leczonych jest \u015brednio 9000 pacjent\u00f3w, wykonywanych jest rocznie 1050 du\u017cych zabieg\u00f3w operacyjnych i laparoskopowych (w tym tak\u017ce operacji na kr\u0119gos\u0142upie- prof.K.Turowski). Diagnostyka i leczenie przed i poszpitalne realizowane jest w przyszpitalnych poradniach specjalistycznych (25 000 pacjent\u00f3w rocznie) oraz pracowniach diagnostycznych (endoskopia, ultrasonografia, echokardiografia, spirometria, RTG, CT itp.) wchodz\u0105cych w sk\u0142ad zintegrowanej struktury szpitala.<\/p><p>Szpital dzi\u0119ki sta\u0142ej wsp\u00f3\u0142pracy ze specjalistami wielu innym dziedzin medycyny (kardiologia, neurochirurgia, neurologia, endokrynologia, ortopedia, traumatologia, urologia, pneumonologia, chirurgia onkologiczna) \u015bwiadczy us\u0142ugi wykraczaj\u0105ce poza podstawowy zakres czterech wymienionych na wst\u0119pie specjalno\u015bci, zaspokajaj\u0105c w szerokim zakresie potrzeby zdrowotne 60-tysiecznej spo\u0142eczno\u015bci powiatu ryckiego, pacjent\u00f3w przyje\u017cd\u017caj\u0105cych z innych region\u00f3w i miast Polski, a nawet polskiej Polonii zw\u0142aszcza z Wielkiej Brytanii i Kanady.<\/p><p>Us\u0142ugi zdrowotne realizowane s\u0105 w ramach refundacji przez publicznego p\u0142atnika (Narodowy Fundusz Zdrowia- NFZ), a przypadkach wykraczaj\u0105cych poza zapisy kontraktu z NFZ za bezpo\u015bredni\u0105 odp\u0142atno\u015bci\u0105 przez pacjenta.<\/p>\t\t\t\t\t\t\t\t<\/div>\n\t\t\t\t<\/div>\n\t\t\t\t<\/div>\n\t\t<div class=\"elementor-element elementor-element-152a7da e-con-full e-flex e-con e-child\" data-id=\"152a7da\" data-element_type=\"container\" data-e-type=\"container\">\n\t\t<div class=\"elementor-element elementor-element-c6307c9 e-con-full e-flex e-con e-child\" data-id=\"c6307c9\" data-element_type=\"container\" data-e-type=\"container\" data-settings=\"{&quot;sticky&quot;:&quot;top&quot;,&quot;sticky_on&quot;:[&quot;desktop&quot;,&quot;tablet&quot;],&quot;sticky_offset&quot;:140,&quot;sticky_parent&quot;:&quot;yes&quot;,&quot;sticky_effects_offset&quot;:0,&quot;sticky_anchor_link_offset&quot;:0}\">\n\t\t\t\t<div class=\"elementor-element elementor-element-50164a3 elementor-widget elementor-widget-image\" data-id=\"50164a3\" data-element_type=\"widget\" data-e-type=\"widget\" data-widget_type=\"image.default\">\n\t\t\t\t<div class=\"elementor-widget-container\">\n\t\t\t\t\t\t\t\t\t\t\t\t\t\t\t<img decoding=\"async\" width=\"200\" height=\"300\" src=\"https:\/\/institutchiaribcn.com\/wp-content\/uploads\/2025\/06\/Lek_med_Marek_Wojtowicz.png\" class=\"attachment-large size-large wp-image-2325\" alt=\"Lek med Marek Wojtowicz\" \/>\t\t\t\t\t\t\t\t\t\t\t\t\t\t\t<\/div>\n\t\t\t\t<\/div>\n\t\t\t\t<div class=\"elementor-element elementor-element-002c115 elementor-widget elementor-widget-heading\" data-id=\"002c115\" data-element_type=\"widget\" data-e-type=\"widget\" data-widget_type=\"heading.default\">\n\t\t\t\t<div class=\"elementor-widget-container\">\n\t\t\t\t\t<h3 class=\"elementor-heading-title elementor-size-default\">Lek med Marek W\u00f3jtowicz\n<\/h3>\t\t\t\t<\/div>\n\t\t\t\t<\/div>\n\t\t\t\t<div class=\"elementor-element elementor-element-89cde3b elementor-widget elementor-widget-text-editor\" data-id=\"89cde3b\" data-element_type=\"widget\" data-e-type=\"widget\" data-widget_type=\"text-editor.default\">\n\t\t\t\t<div class=\"elementor-widget-container\">\n\t\t\t\t\t\t\t\t\t<p>AMG CENTRUM MEDYCZNE<\/p>\t\t\t\t\t\t\t\t<\/div>\n\t\t\t\t<\/div>\n\t\t\t\t<div class=\"elementor-element elementor-element-0d3ec30 elementor-widget elementor-widget-button\" data-id=\"0d3ec30\" data-element_type=\"widget\" data-e-type=\"widget\" data-widget_type=\"button.default\">\n\t\t\t\t<div class=\"elementor-widget-container\">\n\t\t\t\t\t\t\t\t\t<div class=\"elementor-button-wrapper\">\n\t\t\t\t\t<a class=\"elementor-button elementor-button-link elementor-size-sm\" href=\"https:\/\/institutchiaribcn.com\/wp-content\/uploads\/2025\/06\/Marek_Wojtowicz_CV_en_Jan_2016.pdf\" target=\"_blank\">\n\t\t\t\t\t\t<span class=\"elementor-button-content-wrapper\">\n\t\t\t\t\t\t\t\t\t<span class=\"elementor-button-text\">Curriculum Vitae<\/span>\n\t\t\t\t\t<\/span>\n\t\t\t\t\t<\/a>\n\t\t\t\t<\/div>\n\t\t\t\t\t\t\t\t<\/div>\n\t\t\t\t<\/div>\n\t\t\t\t<\/div>\n\t\t\t\t<\/div>\n\t\t\t\t\t<\/div>\n\t\t\t\t<\/div>\n\t\t<div class=\"elementor-element elementor-element-f02b35b e-con-full e-flex e-con e-parent\" data-id=\"f02b35b\" data-element_type=\"container\" data-e-type=\"container\">\n\t\t<div class=\"elementor-element elementor-element-35d9ce1 e-con-full e-flex e-con e-child\" data-id=\"35d9ce1\" data-element_type=\"container\" data-e-type=\"container\" data-settings=\"{&quot;background_background&quot;:&quot;classic&quot;}\">\n\t\t\t\t<div class=\"elementor-element elementor-element-c2c39de elementor-widget elementor-widget-heading\" data-id=\"c2c39de\" data-element_type=\"widget\" data-e-type=\"widget\" data-widget_type=\"heading.default\">\n\t\t\t\t<div class=\"elementor-widget-container\">\n\t\t\t\t\t<h2 class=\"elementor-heading-title elementor-size-default\">Akredytowane Centrum Medyczne w Ryki \n<\/h2>\t\t\t\t<\/div>\n\t\t\t\t<\/div>\n\t\t\t\t<div class=\"elementor-element elementor-element-7e6b03a elementor-widget elementor-widget-text-editor\" data-id=\"7e6b03a\" data-element_type=\"widget\" data-e-type=\"widget\" data-widget_type=\"text-editor.default\">\n\t\t\t\t<div class=\"elementor-widget-container\">\n\t\t\t\t\t\t\t\t\t<p><span class=\"TextRun SCXW134901956 BCX0\" lang=\"PL-PL\" xml:lang=\"PL-PL\" data-contrast=\"auto\"><span class=\"NormalTextRun SCXW134901956 BCX0\">Od 2013 roku, AMG Centrum Medyczne zarz\u0105dza szpitalem miejskim, oferuj\u0105c opiek\u0119 medyczn\u0105 <\/span><span class=\"NormalTextRun SpellingErrorV2Themed SCXW134901956 BCX0\">multidyscyplinarn\u0105<\/span><span class=\"NormalTextRun SCXW134901956 BCX0\"> z zaawansowan\u0105 technologi\u0105 diagnostyczn\u0105.<\/span><\/span><span class=\"EOP SCXW134901956 BCX0\" data-ccp-props=\"{}\">\u00a0<\/span><\/p>\t\t\t\t\t\t\t\t<\/div>\n\t\t\t\t<\/div>\n\t\t\t\t<div class=\"elementor-element elementor-element-b7b36a1 elementor-icon-list--layout-traditional elementor-list-item-link-full_width elementor-widget elementor-widget-icon-list\" data-id=\"b7b36a1\" data-element_type=\"widget\" data-e-type=\"widget\" data-widget_type=\"icon-list.default\">\n\t\t\t\t<div class=\"elementor-widget-container\">\n\t\t\t\t\t\t\t<ul class=\"elementor-icon-list-items\">\n\t\t\t\t\t\t\t<li class=\"elementor-icon-list-item\">\n\t\t\t\t\t\t\t\t\t\t\t<span class=\"elementor-icon-list-icon\">\n\t\t\t\t\t\t\t<svg aria-hidden=\"true\" class=\"e-font-icon-svg e-far-hospital\" viewBox=\"0 0 448 512\" xmlns=\"http:\/\/www.w3.org\/2000\/svg\"><path d=\"M128 244v-40c0-6.627 5.373-12 12-12h40c6.627 0 12 5.373 12 12v40c0 6.627-5.373 12-12 12h-40c-6.627 0-12-5.373-12-12zm140 12h40c6.627 0 12-5.373 12-12v-40c0-6.627-5.373-12-12-12h-40c-6.627 0-12 5.373-12 12v40c0 6.627 5.373 12 12 12zm-76 84v-40c0-6.627-5.373-12-12-12h-40c-6.627 0-12 5.373-12 12v40c0 6.627 5.373 12 12 12h40c6.627 0 12-5.373 12-12zm76 12h40c6.627 0 12-5.373 12-12v-40c0-6.627-5.373-12-12-12h-40c-6.627 0-12 5.373-12 12v40c0 6.627 5.373 12 12 12zm180 124v36H0v-36c0-6.627 5.373-12 12-12h19.5V85.035C31.5 73.418 42.245 64 55.5 64H144V24c0-13.255 10.745-24 24-24h112c13.255 0 24 10.745 24 24v40h88.5c13.255 0 24 9.418 24 21.035V464H436c6.627 0 12 5.373 12 12zM79.5 463H192v-67c0-6.627 5.373-12 12-12h40c6.627 0 12 5.373 12 12v67h112.5V112H304v24c0 13.255-10.745 24-24 24H168c-13.255 0-24-10.745-24-24v-24H79.5v351zM266 64h-26V38a6 6 0 0 0-6-6h-20a6 6 0 0 0-6 6v26h-26a6 6 0 0 0-6 6v20a6 6 0 0 0 6 6h26v26a6 6 0 0 0 6 6h20a6 6 0 0 0 6-6V96h26a6 6 0 0 0 6-6V70a6 6 0 0 0-6-6z\"><\/path><\/svg>\t\t\t\t\t\t<\/span>\n\t\t\t\t\t\t\t\t\t\t<span class=\"elementor-icon-list-text\">Szpital Powiatowy AMG Centrum Medyczne <\/span>\n\t\t\t\t\t\t\t\t\t<\/li>\n\t\t\t\t\t\t\t\t<li class=\"elementor-icon-list-item\">\n\t\t\t\t\t\t\t\t\t\t\t<a href=\"https:\/\/www.google.com\/maps\/place\/Amg+Centrum+Medyczne+Sp.+Z+O.o.\/@51.766104,20.259456,1357m\/data=!3m1!1e3!4m6!3m5!1s0x47197051f9f1ecc1:0xfafe080455845174!8m2!3d51.7661035!4d20.2594557!16s%2Fg%2F11hzwbqfsb?hl=es&#038;entry=ttu&#038;g_ep=EgoyMDI1MDYxNi4wIKXMDSoASAFQAw%3D%3D\">\n\n\t\t\t\t\t\t\t\t\t\t\t\t<span class=\"elementor-icon-list-icon\">\n\t\t\t\t\t\t\t<svg aria-hidden=\"true\" class=\"e-font-icon-svg e-fas-map-marker-alt\" viewBox=\"0 0 384 512\" xmlns=\"http:\/\/www.w3.org\/2000\/svg\"><path d=\"M172.268 501.67C26.97 291.031 0 269.413 0 192 0 85.961 85.961 0 192 0s192 85.961 192 192c0 77.413-26.97 99.031-172.268 309.67-9.535 13.774-29.93 13.773-39.464 0zM192 272c44.183 0 80-35.817 80-80s-35.817-80-80-80-80 35.817-80 80 35.817 80 80 80z\"><\/path><\/svg>\t\t\t\t\t\t<\/span>\n\t\t\t\t\t\t\t\t\t\t<span class=\"elementor-icon-list-text\">Ryki 08-500 ul. \u017bytnia 23, Polska<\/span>\n\t\t\t\t\t\t\t\t\t\t\t<\/a>\n\t\t\t\t\t\t\t\t\t<\/li>\n\t\t\t\t\t\t<\/ul>\n\t\t\t\t\t\t<\/div>\n\t\t\t\t<\/div>\n\t\t\t\t<\/div>\n\t\t<div class=\"elementor-element elementor-element-17c367a e-con-full e-flex e-con e-child\" data-id=\"17c367a\" data-element_type=\"container\" data-e-type=\"container\">\n\t\t\t\t<div class=\"elementor-element elementor-element-9ad9239 elementor-widget elementor-widget-google_maps\" data-id=\"9ad9239\" data-element_type=\"widget\" data-e-type=\"widget\" data-widget_type=\"google_maps.default\">\n\t\t\t\t<div class=\"elementor-widget-container\">\n\t\t\t\t\t\t\t<div class=\"elementor-custom-embed\">\n\t\t\t<iframe loading=\"lazy\"\n\t\t\t\t\tsrc=\"https:\/\/maps.google.com\/maps?q=Ryki%2008-500%20ul.%20%C5%BBytnia%2023%2C%20Polska&#038;t=m&#038;z=15&#038;output=embed&#038;iwloc=near\"\n\t\t\t\t\ttitle=\"Ryki 08-500 ul. \u017bytnia 23, Polska\"\n\t\t\t\t\taria-label=\"Ryki 08-500 ul. \u017bytnia 23, Polska\"\n\t\t\t><\/iframe>\n\t\t<\/div>\n\t\t\t\t\t\t<\/div>\n\t\t\t\t<\/div>\n\t\t\t\t<\/div>\n\t\t\t\t<\/div>\n\t\t\t\t<\/div>\n\t\t","protected":false},"excerpt":{"rendered":"<p>Akredytowane Centra Co oznacza, \u017ce jakie\u015b Centrum jest akredytowane? Akredytacja to znak jako\u015bci, kt\u00f3ry potwierdza, \u017ce instytucja, centrum lub specjalista, kt\u00f3ry ubiega si\u0119 o taki przywilej, spe\u0142nia wszystkie warunki techniczne, naukowe i osobiste, kt\u00f3rych wymaga metoda Filum System\u00ae. Ten znak jako\u015bci wydaje Filum Academy Barcelona\u00ae, instytucja zale\u017cna od \u201e\u00a0Instytutu Chiari &amp; Siringomielia &amp; Escoliosis de [&hellip;]<\/p>\n","protected":false},"author":1,"featured_media":0,"parent":0,"menu_order":24,"comment_status":"closed","ping_status":"closed","template":"","meta":{"footnotes":""},"class_list":["post-41703","page","type-page","status-publish","hentry"],"yoast_head":"<!-- This site is optimized with the Yoast SEO plugin v27.1.1 - https:\/\/yoast.com\/product\/yoast-seo-wordpress\/ -->\n<title>Akredytowane centra kliniczne | ICSEB<\/title>\n<meta name=\"description\" content=\"Szczeg\u00f3\u0142y o centrach akredytowanych przez Filum Academy Barcelona\u00ae spe\u0142niaj\u0105cych standardy metody Filum System\u00ae.\" \/>\n<meta name=\"robots\" content=\"index, follow, max-snippet:-1, max-image-preview:large, max-video-preview:-1\" \/>\n<link rel=\"canonical\" href=\"https:\/\/institutchiaribcn.com\/pl\/akredytowane-centra\/\" \/>\n<meta property=\"og:locale\" content=\"pl_PL\" \/>\n<meta property=\"og:type\" content=\"article\" \/>\n<meta property=\"og:title\" content=\"Akredytowane centra kliniczne | ICSEB\" \/>\n<meta property=\"og:description\" content=\"Szczeg\u00f3\u0142y o centrach akredytowanych przez Filum Academy Barcelona\u00ae spe\u0142niaj\u0105cych standardy metody Filum System\u00ae.\" \/>\n<meta property=\"og:url\" content=\"https:\/\/institutchiaribcn.com\/pl\/akredytowane-centra\/\" \/>\n<meta property=\"og:site_name\" content=\"Institut Chiari\" \/>\n<meta property=\"article:modified_time\" content=\"2026-02-18T11:12:56+00:00\" \/>\n<meta property=\"og:image\" content=\"https:\/\/institutchiaribcn.com\/wp-content\/uploads\/2025\/06\/logo-centrum-amg-finanse.jpg\" \/>\n<meta name=\"twitter:card\" content=\"summary_large_image\" \/>\n<meta name=\"twitter:label1\" content=\"Szacowany czas czytania\" \/>\n\t<meta name=\"twitter:data1\" content=\"3 minuty\" \/>\n<script type=\"application\/ld+json\" class=\"yoast-schema-graph\">{\"@context\":\"https:\/\/schema.org\",\"@graph\":[{\"@type\":\"WebPage\",\"@id\":\"https:\/\/institutchiaribcn.com\/pl\/akredytowane-centra\/\",\"url\":\"https:\/\/institutchiaribcn.com\/pl\/akredytowane-centra\/\",\"name\":\"Akredytowane centra kliniczne | ICSEB\",\"isPartOf\":{\"@id\":\"https:\/\/institutchiaribcn.com\/pl\/#website\"},\"primaryImageOfPage\":{\"@id\":\"https:\/\/institutchiaribcn.com\/pl\/akredytowane-centra\/#primaryimage\"},\"image\":{\"@id\":\"https:\/\/institutchiaribcn.com\/pl\/akredytowane-centra\/#primaryimage\"},\"thumbnailUrl\":\"https:\/\/institutchiaribcn.com\/wp-content\/uploads\/2025\/06\/logo-centrum-amg-finanse.jpg\",\"datePublished\":\"2025-06-18T06:54:45+00:00\",\"dateModified\":\"2026-02-18T11:12:56+00:00\",\"description\":\"Szczeg\u00f3\u0142y o centrach akredytowanych przez Filum Academy Barcelona\u00ae spe\u0142niaj\u0105cych standardy metody Filum System\u00ae.\",\"breadcrumb\":{\"@id\":\"https:\/\/institutchiaribcn.com\/pl\/akredytowane-centra\/#breadcrumb\"},\"inLanguage\":\"pl-PL\",\"potentialAction\":[{\"@type\":\"ReadAction\",\"target\":[\"https:\/\/institutchiaribcn.com\/pl\/akredytowane-centra\/\"]}]},{\"@type\":\"ImageObject\",\"inLanguage\":\"pl-PL\",\"@id\":\"https:\/\/institutchiaribcn.com\/pl\/akredytowane-centra\/#primaryimage\",\"url\":\"https:\/\/institutchiaribcn.com\/wp-content\/uploads\/2025\/06\/logo-centrum-amg-finanse.jpg\",\"contentUrl\":\"https:\/\/institutchiaribcn.com\/wp-content\/uploads\/2025\/06\/logo-centrum-amg-finanse.jpg\"},{\"@type\":\"BreadcrumbList\",\"@id\":\"https:\/\/institutchiaribcn.com\/pl\/akredytowane-centra\/#breadcrumb\",\"itemListElement\":[{\"@type\":\"ListItem\",\"position\":1,\"name\":\"Portada\",\"item\":\"https:\/\/institutchiaribcn.com\/pl\/\"},{\"@type\":\"ListItem\",\"position\":2,\"name\":\"Akredytowane Centra\"}]},{\"@type\":\"WebSite\",\"@id\":\"https:\/\/institutchiaribcn.com\/pl\/#website\",\"url\":\"https:\/\/institutchiaribcn.com\/pl\/\",\"name\":\"Institut Chiari de Barcelona\",\"description\":\"\",\"publisher\":{\"@id\":\"https:\/\/institutchiaribcn.com\/pl\/#organization\"},\"potentialAction\":[{\"@type\":\"SearchAction\",\"target\":{\"@type\":\"EntryPoint\",\"urlTemplate\":\"https:\/\/institutchiaribcn.com\/pl\/?s={search_term_string}\"},\"query-input\":{\"@type\":\"PropertyValueSpecification\",\"valueRequired\":true,\"valueName\":\"search_term_string\"}}],\"inLanguage\":\"pl-PL\"},{\"@type\":\"Organization\",\"@id\":\"https:\/\/institutchiaribcn.com\/pl\/#organization\",\"name\":\"Institut Chiari de Barcelona\",\"url\":\"https:\/\/institutchiaribcn.com\/pl\/\",\"logo\":{\"@type\":\"ImageObject\",\"inLanguage\":\"pl-PL\",\"@id\":\"https:\/\/institutchiaribcn.com\/pl\/#\/schema\/logo\/image\/\",\"url\":\"https:\/\/institutchiaribcn.com\/wp-content\/uploads\/2025\/10\/cropped-cropped-icsebNavLogo-1.png\",\"contentUrl\":\"https:\/\/institutchiaribcn.com\/wp-content\/uploads\/2025\/10\/cropped-cropped-icsebNavLogo-1.png\",\"width\":245,\"height\":99,\"caption\":\"Institut Chiari de Barcelona\"},\"image\":{\"@id\":\"https:\/\/institutchiaribcn.com\/pl\/#\/schema\/logo\/image\/\"}}]}<\/script>\n<!-- \/ Yoast SEO plugin. -->","yoast_head_json":{"title":"Akredytowane centra kliniczne | ICSEB","description":"Szczeg\u00f3\u0142y o centrach akredytowanych przez Filum Academy Barcelona\u00ae spe\u0142niaj\u0105cych standardy metody Filum System\u00ae.","robots":{"index":"index","follow":"follow","max-snippet":"max-snippet:-1","max-image-preview":"max-image-preview:large","max-video-preview":"max-video-preview:-1"},"canonical":"https:\/\/institutchiaribcn.com\/pl\/akredytowane-centra\/","og_locale":"pl_PL","og_type":"article","og_title":"Akredytowane centra kliniczne | ICSEB","og_description":"Szczeg\u00f3\u0142y o centrach akredytowanych przez Filum Academy Barcelona\u00ae spe\u0142niaj\u0105cych standardy metody Filum System\u00ae.","og_url":"https:\/\/institutchiaribcn.com\/pl\/akredytowane-centra\/","og_site_name":"Institut Chiari","article_modified_time":"2026-02-18T11:12:56+00:00","og_image":[{"url":"https:\/\/institutchiaribcn.com\/wp-content\/uploads\/2025\/06\/logo-centrum-amg-finanse.jpg","type":"","width":"","height":""}],"twitter_card":"summary_large_image","twitter_misc":{"Szacowany czas czytania":"3 minuty"},"schema":{"@context":"https:\/\/schema.org","@graph":[{"@type":"WebPage","@id":"https:\/\/institutchiaribcn.com\/pl\/akredytowane-centra\/","url":"https:\/\/institutchiaribcn.com\/pl\/akredytowane-centra\/","name":"Akredytowane centra kliniczne | ICSEB","isPartOf":{"@id":"https:\/\/institutchiaribcn.com\/pl\/#website"},"primaryImageOfPage":{"@id":"https:\/\/institutchiaribcn.com\/pl\/akredytowane-centra\/#primaryimage"},"image":{"@id":"https:\/\/institutchiaribcn.com\/pl\/akredytowane-centra\/#primaryimage"},"thumbnailUrl":"https:\/\/institutchiaribcn.com\/wp-content\/uploads\/2025\/06\/logo-centrum-amg-finanse.jpg","datePublished":"2025-06-18T06:54:45+00:00","dateModified":"2026-02-18T11:12:56+00:00","description":"Szczeg\u00f3\u0142y o centrach akredytowanych przez Filum Academy Barcelona\u00ae spe\u0142niaj\u0105cych standardy metody Filum System\u00ae.","breadcrumb":{"@id":"https:\/\/institutchiaribcn.com\/pl\/akredytowane-centra\/#breadcrumb"},"inLanguage":"pl-PL","potentialAction":[{"@type":"ReadAction","target":["https:\/\/institutchiaribcn.com\/pl\/akredytowane-centra\/"]}]},{"@type":"ImageObject","inLanguage":"pl-PL","@id":"https:\/\/institutchiaribcn.com\/pl\/akredytowane-centra\/#primaryimage","url":"https:\/\/institutchiaribcn.com\/wp-content\/uploads\/2025\/06\/logo-centrum-amg-finanse.jpg","contentUrl":"https:\/\/institutchiaribcn.com\/wp-content\/uploads\/2025\/06\/logo-centrum-amg-finanse.jpg"},{"@type":"BreadcrumbList","@id":"https:\/\/institutchiaribcn.com\/pl\/akredytowane-centra\/#breadcrumb","itemListElement":[{"@type":"ListItem","position":1,"name":"Portada","item":"https:\/\/institutchiaribcn.com\/pl\/"},{"@type":"ListItem","position":2,"name":"Akredytowane Centra"}]},{"@type":"WebSite","@id":"https:\/\/institutchiaribcn.com\/pl\/#website","url":"https:\/\/institutchiaribcn.com\/pl\/","name":"Institut Chiari de Barcelona","description":"","publisher":{"@id":"https:\/\/institutchiaribcn.com\/pl\/#organization"},"potentialAction":[{"@type":"SearchAction","target":{"@type":"EntryPoint","urlTemplate":"https:\/\/institutchiaribcn.com\/pl\/?s={search_term_string}"},"query-input":{"@type":"PropertyValueSpecification","valueRequired":true,"valueName":"search_term_string"}}],"inLanguage":"pl-PL"},{"@type":"Organization","@id":"https:\/\/institutchiaribcn.com\/pl\/#organization","name":"Institut Chiari de Barcelona","url":"https:\/\/institutchiaribcn.com\/pl\/","logo":{"@type":"ImageObject","inLanguage":"pl-PL","@id":"https:\/\/institutchiaribcn.com\/pl\/#\/schema\/logo\/image\/","url":"https:\/\/institutchiaribcn.com\/wp-content\/uploads\/2025\/10\/cropped-cropped-icsebNavLogo-1.png","contentUrl":"https:\/\/institutchiaribcn.com\/wp-content\/uploads\/2025\/10\/cropped-cropped-icsebNavLogo-1.png","width":245,"height":99,"caption":"Institut Chiari de Barcelona"},"image":{"@id":"https:\/\/institutchiaribcn.com\/pl\/#\/schema\/logo\/image\/"}}]}},"_links":{"self":[{"href":"https:\/\/institutchiaribcn.com\/pl\/wp-json\/wp\/v2\/pages\/41703","targetHints":{"allow":["GET"]}}],"collection":[{"href":"https:\/\/institutchiaribcn.com\/pl\/wp-json\/wp\/v2\/pages"}],"about":[{"href":"https:\/\/institutchiaribcn.com\/pl\/wp-json\/wp\/v2\/types\/page"}],"author":[{"embeddable":true,"href":"https:\/\/institutchiaribcn.com\/pl\/wp-json\/wp\/v2\/users\/1"}],"replies":[{"embeddable":true,"href":"https:\/\/institutchiaribcn.com\/pl\/wp-json\/wp\/v2\/comments?post=41703"}],"version-history":[{"count":1,"href":"https:\/\/institutchiaribcn.com\/pl\/wp-json\/wp\/v2\/pages\/41703\/revisions"}],"predecessor-version":[{"id":145384,"href":"https:\/\/institutchiaribcn.com\/pl\/wp-json\/wp\/v2\/pages\/41703\/revisions\/145384"}],"wp:attachment":[{"href":"https:\/\/institutchiaribcn.com\/pl\/wp-json\/wp\/v2\/media?parent=41703"}],"curies":[{"name":"wp","href":"https:\/\/api.w.org\/{rel}","templated":true}]}}