{"id":146976,"date":"2026-02-03T15:35:25","date_gmt":"2026-02-03T14:35:25","guid":{"rendered":"https:\/\/institutchiaribcn.com\/porozumienia-i-zalety\/ub-%e3%83%90%e3%83%ab%e3%82%bb%e3%83%ad%e3%83%8a%e5%a4%a7%e5%ad%a6-icseb-%e5%ad%a6%e5%a4%96%e5%ad%a6%e8%a1%93%e3%82%a4%e3%83%b3%e3%82%bf%e3%83%bc%e3%83%b3%e3%82%b7%e3%83%83%e3%83%97%e6%95%99%e8%82%b2\/"},"modified":"2026-03-17T13:08:04","modified_gmt":"2026-03-17T12:08:04","slug":"umowa-wspolpracy-edukacyjnej-praktyki-akademickie-ub-icseb-barcelona","status":"publish","type":"page","link":"https:\/\/institutchiaribcn.com\/pl\/porozumienia-i-zalety\/umowa-wspolpracy-edukacyjnej-praktyki-akademickie-ub-icseb-barcelona\/","title":{"rendered":"Umowa o wsp\u00f3\u0142pracy edukacyjnej w zakresie zewn\u0119trznych praktyk akademickich pomi\u0119dzy Uniwersytetem w Barcelonie (UB) a Instytutem Chiari &#038; Siringomielia &#038; Escoliosis de Barcelona (ICSEB)"},"content":{"rendered":"\t\t<div data-elementor-type=\"wp-page\" data-elementor-id=\"146976\" class=\"elementor elementor-146976 elementor-144408\" data-elementor-post-type=\"page\">\n\t\t\t\t<div class=\"elementor-element elementor-element-a790450 e-flex e-con-boxed e-con e-parent\" data-id=\"a790450\" data-element_type=\"container\" data-e-type=\"container\" data-settings=\"{&quot;background_background&quot;:&quot;classic&quot;}\">\n\t\t\t\t\t<div class=\"e-con-inner\">\n\t\t<div class=\"elementor-element elementor-element-d124f4e e-con-full e-flex e-con e-child\" data-id=\"d124f4e\" data-element_type=\"container\" data-e-type=\"container\">\n\t\t\t\t<\/div>\n\t\t<div class=\"elementor-element elementor-element-4df7838 e-con-full e-flex e-con e-child\" data-id=\"4df7838\" data-element_type=\"container\" data-e-type=\"container\">\n\t\t\t\t<div class=\"elementor-element elementor-element-27d48d9 elementor-widget elementor-widget-heading\" data-id=\"27d48d9\" data-element_type=\"widget\" data-e-type=\"widget\" data-widget_type=\"heading.default\">\n\t\t\t\t<div class=\"elementor-widget-container\">\n\t\t\t\t\t<h1 class=\"elementor-heading-title elementor-size-default\">Umowa o wsp\u00f3\u0142pracy edukacyjnej w zakresie zewn\u0119trznych praktyk akademickich pomi\u0119dzy Uniwersytetem w Barcelonie (UB) a Instytutem Chiari &amp; Siringomielia &amp; Escoliosis de Barcelona (ICSEB)<\/h1>\t\t\t\t<\/div>\n\t\t\t\t<\/div>\n\t\t\t\t<div class=\"elementor-element elementor-element-d72c0a0 elementor-widget elementor-widget-text-editor\" data-id=\"d72c0a0\" data-element_type=\"widget\" data-e-type=\"widget\" data-widget_type=\"text-editor.default\">\n\t\t\t\t<div class=\"elementor-widget-container\">\n\t\t\t\t\t\t\t\t\t<p><strong>Nasza plac\u00f3wka medyczna (ICSEB) jest zewn\u0119trzn\u0105 instytucj\u0105 wsp\u00f3\u0142pracuj\u0105c\u0105 z Wydzia\u0142em Biologii Uniwersytetu w Barcelonie<\/strong> od 2018 roku, na mocy umowy, kt\u00f3rej celem jest umo\u017cliwienie studentom odbywania <strong>zewn\u0119trznych praktyk akademickich.<\/strong><\/p><p>W ramach tej wsp\u00f3\u0142pracy Dzia\u0142 Bada\u0144, Rozwoju i Innowacji (I+D+i) ICSEB co roku akademickiego przyjmuje student\u00f3w lub absolwent\u00f3w wydzia\u0142\u00f3w Biologii, Biomedycyny i Biotechnologii, oferuj\u0105c im mo\u017cliwo\u015b\u0107 do\u0142\u0105czenia do zespo\u0142u badawczego dr. M. B. Royo Salvador w celu rozwijania ich kompetencji naukowych i badawczych \u2013 wsp\u00f3lnie z profesjonalistami Instytutu.<\/p><p>Wsp\u00f3lny projekt obejmuje kilka cel\u00f3w: <strong>edukacyjny<\/strong>\u2013 zapewnienie wiedzy podstawowej i specjalistycznej, <strong>przygotowawczy<\/strong> \u2013 umo\u017cliwienie dost\u0119pu do naszych linii badawczych, <strong>wykonawczy<\/strong> \u2013 realizacja powierzonych prac, <strong>upowszechniaj\u0105cy<\/strong> \u2013 udzia\u0142 w rozpowszechnianiu wynik\u00f3w w formie publikacji, konferencji i\/lub sympozj\u00f3w.<\/p><p>Z jednej strony to do\u015bwiadczenie \u015bcis\u0142ej wsp\u00f3\u0142pracy zapewnia nam wsparcie w postaci kreatywno\u015bci, kompetencji i wiedzy m\u0142odych, utalentowanych umys\u0142\u00f3w, kt\u00f3re nieustannie wnosz\u0105 nowe pomys\u0142y i narz\u0119dzia do naszych bada\u0144 w obszarze B+R+I.<\/p><p>Z drugiej strony ICSEB oferuje korzy\u015bci i warunki, kt\u00f3re mog\u0105 by\u0107 interesuj\u0105ce dla student\u00f3w pragn\u0105cych odby\u0107 swoje pierwsze praktyki w renomowanym centrum medycznym, rozpoczynaj\u0105c swoj\u0105 karier\u0119 zawodow\u0105 w wysoko wyspecjalizowanym zespole badawczym.<\/p><p>Osoby zainteresowane udzia\u0142em mog\u0105 znale\u017a\u0107 nasze oferty na <em>platformie GIPE<\/em> Wydzia\u0142u Biologii Uniwersytetu w Barcelonie, a tak\u017ce skontaktowa\u0107 si\u0119 z dzia\u0142em Convenis i PF w celu uzyskania dodatkowych informacji.<\/p>\t\t\t\t\t\t\t\t<\/div>\n\t\t\t\t<\/div>\n\t\t\t\t<\/div>\n\t\t\t\t\t<\/div>\n\t\t\t\t<\/div>\n\t\t\t\t<\/div>\n\t\t","protected":false},"excerpt":{"rendered":"<p>Umowa o wsp\u00f3\u0142pracy edukacyjnej w zakresie zewn\u0119trznych praktyk akademickich pomi\u0119dzy Uniwersytetem w Barcelonie (UB) a Instytutem Chiari &amp; Siringomielia &amp; Escoliosis de Barcelona (ICSEB) Nasza plac\u00f3wka medyczna (ICSEB) jest zewn\u0119trzn\u0105 instytucj\u0105 wsp\u00f3\u0142pracuj\u0105c\u0105 z Wydzia\u0142em Biologii Uniwersytetu w Barcelonie od 2018 roku, na mocy umowy, kt\u00f3rej celem jest umo\u017cliwienie studentom odbywania zewn\u0119trznych praktyk akademickich. W ramach [&hellip;]<\/p>\n","protected":false},"author":1,"featured_media":0,"parent":111457,"menu_order":14,"comment_status":"closed","ping_status":"closed","template":"","meta":{"footnotes":""},"class_list":["post-146976","page","type-page","status-publish","hentry"],"yoast_head":"<!-- This site is optimized with the Yoast SEO plugin v27.4 - https:\/\/yoast.com\/product\/yoast-seo-wordpress\/ -->\n<title>Umowa wsp\u00f3\u0142pracy edukacyjnej UB-ICSEB | ICSEB<\/title>\n<meta name=\"description\" content=\"ICSEB wsp\u00f3\u0142pracuje z Uniwersytetem w Barcelonie od 2018 r. Praktyki dla student\u00f3w biomedycyny i biotechnologii w zespole badawczym dr. Royo.\" \/>\n<meta name=\"robots\" content=\"index, follow, max-snippet:-1, max-image-preview:large, max-video-preview:-1\" \/>\n<link rel=\"canonical\" href=\"https:\/\/institutchiaribcn.com\/pl\/porozumienia-i-zalety\/umowa-wspolpracy-edukacyjnej-praktyki-akademickie-ub-icseb-barcelona\/\" \/>\n<meta property=\"og:locale\" content=\"pl_PL\" \/>\n<meta property=\"og:type\" content=\"article\" \/>\n<meta property=\"og:title\" content=\"Umowa wsp\u00f3\u0142pracy edukacyjnej UB-ICSEB | ICSEB\" \/>\n<meta property=\"og:description\" content=\"ICSEB wsp\u00f3\u0142pracuje z Uniwersytetem w Barcelonie od 2018 r. Praktyki dla student\u00f3w biomedycyny i biotechnologii w zespole badawczym dr. Royo.\" \/>\n<meta property=\"og:url\" content=\"https:\/\/institutchiaribcn.com\/pl\/porozumienia-i-zalety\/umowa-wspolpracy-edukacyjnej-praktyki-akademickie-ub-icseb-barcelona\/\" \/>\n<meta property=\"og:site_name\" content=\"Institut Chiari\" \/>\n<meta property=\"article:modified_time\" content=\"2026-03-17T12:08:04+00:00\" \/>\n<meta name=\"twitter:card\" content=\"summary_large_image\" \/>\n<meta name=\"twitter:label1\" content=\"Szacowany czas czytania\" \/>\n\t<meta name=\"twitter:data1\" content=\"2 minuty\" \/>\n<script type=\"application\/ld+json\" class=\"yoast-schema-graph\">{\"@context\":\"https:\\\/\\\/schema.org\",\"@graph\":[{\"@type\":\"WebPage\",\"@id\":\"https:\\\/\\\/institutchiaribcn.com\\\/pl\\\/porozumienia-i-zalety\\\/umowa-wspolpracy-edukacyjnej-praktyki-akademickie-ub-icseb-barcelona\\\/\",\"url\":\"https:\\\/\\\/institutchiaribcn.com\\\/pl\\\/porozumienia-i-zalety\\\/umowa-wspolpracy-edukacyjnej-praktyki-akademickie-ub-icseb-barcelona\\\/\",\"name\":\"Umowa wsp\u00f3\u0142pracy edukacyjnej UB-ICSEB | ICSEB\",\"isPartOf\":{\"@id\":\"https:\\\/\\\/institutchiaribcn.com\\\/pl\\\/#website\"},\"datePublished\":\"2026-02-03T14:35:25+00:00\",\"dateModified\":\"2026-03-17T12:08:04+00:00\",\"description\":\"ICSEB wsp\u00f3\u0142pracuje z Uniwersytetem w Barcelonie od 2018 r. Praktyki dla student\u00f3w biomedycyny i biotechnologii w zespole badawczym dr. Royo.\",\"breadcrumb\":{\"@id\":\"https:\\\/\\\/institutchiaribcn.com\\\/pl\\\/porozumienia-i-zalety\\\/umowa-wspolpracy-edukacyjnej-praktyki-akademickie-ub-icseb-barcelona\\\/#breadcrumb\"},\"inLanguage\":\"pl-PL\",\"potentialAction\":[{\"@type\":\"ReadAction\",\"target\":[\"https:\\\/\\\/institutchiaribcn.com\\\/pl\\\/porozumienia-i-zalety\\\/umowa-wspolpracy-edukacyjnej-praktyki-akademickie-ub-icseb-barcelona\\\/\"]}]},{\"@type\":\"BreadcrumbList\",\"@id\":\"https:\\\/\\\/institutchiaribcn.com\\\/pl\\\/porozumienia-i-zalety\\\/umowa-wspolpracy-edukacyjnej-praktyki-akademickie-ub-icseb-barcelona\\\/#breadcrumb\",\"itemListElement\":[{\"@type\":\"ListItem\",\"position\":1,\"name\":\"Portada\",\"item\":\"https:\\\/\\\/institutchiaribcn.com\\\/pl\\\/\"},{\"@type\":\"ListItem\",\"position\":2,\"name\":\"Porozumienia i Zalety\",\"item\":\"https:\\\/\\\/institutchiaribcn.com\\\/pl\\\/porozumienia-i-zalety\\\/\"},{\"@type\":\"ListItem\",\"position\":3,\"name\":\"Umowa o wsp\u00f3\u0142pracy edukacyjnej w zakresie zewn\u0119trznych praktyk akademickich pomi\u0119dzy Uniwersytetem w Barcelonie (UB) a Instytutem Chiari &#038; Siringomielia &#038; Escoliosis de Barcelona (ICSEB)\"}]},{\"@type\":\"WebSite\",\"@id\":\"https:\\\/\\\/institutchiaribcn.com\\\/pl\\\/#website\",\"url\":\"https:\\\/\\\/institutchiaribcn.com\\\/pl\\\/\",\"name\":\"Institut Chiari de Barcelona\",\"description\":\"\",\"publisher\":{\"@id\":\"https:\\\/\\\/institutchiaribcn.com\\\/pl\\\/#organization\"},\"potentialAction\":[{\"@type\":\"SearchAction\",\"target\":{\"@type\":\"EntryPoint\",\"urlTemplate\":\"https:\\\/\\\/institutchiaribcn.com\\\/pl\\\/?s={search_term_string}\"},\"query-input\":{\"@type\":\"PropertyValueSpecification\",\"valueRequired\":true,\"valueName\":\"search_term_string\"}}],\"inLanguage\":\"pl-PL\"},{\"@type\":\"Organization\",\"@id\":\"https:\\\/\\\/institutchiaribcn.com\\\/pl\\\/#organization\",\"name\":\"Institut Chiari de Barcelona\",\"url\":\"https:\\\/\\\/institutchiaribcn.com\\\/pl\\\/\",\"logo\":{\"@type\":\"ImageObject\",\"inLanguage\":\"pl-PL\",\"@id\":\"https:\\\/\\\/institutchiaribcn.com\\\/pl\\\/#\\\/schema\\\/logo\\\/image\\\/\",\"url\":\"https:\\\/\\\/institutchiaribcn.com\\\/wp-content\\\/uploads\\\/2025\\\/10\\\/cropped-cropped-icsebNavLogo-1.png\",\"contentUrl\":\"https:\\\/\\\/institutchiaribcn.com\\\/wp-content\\\/uploads\\\/2025\\\/10\\\/cropped-cropped-icsebNavLogo-1.png\",\"width\":245,\"height\":99,\"caption\":\"Institut Chiari de Barcelona\"},\"image\":{\"@id\":\"https:\\\/\\\/institutchiaribcn.com\\\/pl\\\/#\\\/schema\\\/logo\\\/image\\\/\"}}]}<\/script>\n<!-- \/ Yoast SEO plugin. -->","yoast_head_json":{"title":"Umowa wsp\u00f3\u0142pracy edukacyjnej UB-ICSEB | ICSEB","description":"ICSEB wsp\u00f3\u0142pracuje z Uniwersytetem w Barcelonie od 2018 r. Praktyki dla student\u00f3w biomedycyny i biotechnologii w zespole badawczym dr. Royo.","robots":{"index":"index","follow":"follow","max-snippet":"max-snippet:-1","max-image-preview":"max-image-preview:large","max-video-preview":"max-video-preview:-1"},"canonical":"https:\/\/institutchiaribcn.com\/pl\/porozumienia-i-zalety\/umowa-wspolpracy-edukacyjnej-praktyki-akademickie-ub-icseb-barcelona\/","og_locale":"pl_PL","og_type":"article","og_title":"Umowa wsp\u00f3\u0142pracy edukacyjnej UB-ICSEB | ICSEB","og_description":"ICSEB wsp\u00f3\u0142pracuje z Uniwersytetem w Barcelonie od 2018 r. Praktyki dla student\u00f3w biomedycyny i biotechnologii w zespole badawczym dr. Royo.","og_url":"https:\/\/institutchiaribcn.com\/pl\/porozumienia-i-zalety\/umowa-wspolpracy-edukacyjnej-praktyki-akademickie-ub-icseb-barcelona\/","og_site_name":"Institut Chiari","article_modified_time":"2026-03-17T12:08:04+00:00","twitter_card":"summary_large_image","twitter_misc":{"Szacowany czas czytania":"2 minuty"},"schema":{"@context":"https:\/\/schema.org","@graph":[{"@type":"WebPage","@id":"https:\/\/institutchiaribcn.com\/pl\/porozumienia-i-zalety\/umowa-wspolpracy-edukacyjnej-praktyki-akademickie-ub-icseb-barcelona\/","url":"https:\/\/institutchiaribcn.com\/pl\/porozumienia-i-zalety\/umowa-wspolpracy-edukacyjnej-praktyki-akademickie-ub-icseb-barcelona\/","name":"Umowa wsp\u00f3\u0142pracy edukacyjnej UB-ICSEB | ICSEB","isPartOf":{"@id":"https:\/\/institutchiaribcn.com\/pl\/#website"},"datePublished":"2026-02-03T14:35:25+00:00","dateModified":"2026-03-17T12:08:04+00:00","description":"ICSEB wsp\u00f3\u0142pracuje z Uniwersytetem w Barcelonie od 2018 r. Praktyki dla student\u00f3w biomedycyny i biotechnologii w zespole badawczym dr. Royo.","breadcrumb":{"@id":"https:\/\/institutchiaribcn.com\/pl\/porozumienia-i-zalety\/umowa-wspolpracy-edukacyjnej-praktyki-akademickie-ub-icseb-barcelona\/#breadcrumb"},"inLanguage":"pl-PL","potentialAction":[{"@type":"ReadAction","target":["https:\/\/institutchiaribcn.com\/pl\/porozumienia-i-zalety\/umowa-wspolpracy-edukacyjnej-praktyki-akademickie-ub-icseb-barcelona\/"]}]},{"@type":"BreadcrumbList","@id":"https:\/\/institutchiaribcn.com\/pl\/porozumienia-i-zalety\/umowa-wspolpracy-edukacyjnej-praktyki-akademickie-ub-icseb-barcelona\/#breadcrumb","itemListElement":[{"@type":"ListItem","position":1,"name":"Portada","item":"https:\/\/institutchiaribcn.com\/pl\/"},{"@type":"ListItem","position":2,"name":"Porozumienia i Zalety","item":"https:\/\/institutchiaribcn.com\/pl\/porozumienia-i-zalety\/"},{"@type":"ListItem","position":3,"name":"Umowa o wsp\u00f3\u0142pracy edukacyjnej w zakresie zewn\u0119trznych praktyk akademickich pomi\u0119dzy Uniwersytetem w Barcelonie (UB) a Instytutem Chiari &#038; Siringomielia &#038; Escoliosis de Barcelona (ICSEB)"}]},{"@type":"WebSite","@id":"https:\/\/institutchiaribcn.com\/pl\/#website","url":"https:\/\/institutchiaribcn.com\/pl\/","name":"Institut Chiari de Barcelona","description":"","publisher":{"@id":"https:\/\/institutchiaribcn.com\/pl\/#organization"},"potentialAction":[{"@type":"SearchAction","target":{"@type":"EntryPoint","urlTemplate":"https:\/\/institutchiaribcn.com\/pl\/?s={search_term_string}"},"query-input":{"@type":"PropertyValueSpecification","valueRequired":true,"valueName":"search_term_string"}}],"inLanguage":"pl-PL"},{"@type":"Organization","@id":"https:\/\/institutchiaribcn.com\/pl\/#organization","name":"Institut Chiari de Barcelona","url":"https:\/\/institutchiaribcn.com\/pl\/","logo":{"@type":"ImageObject","inLanguage":"pl-PL","@id":"https:\/\/institutchiaribcn.com\/pl\/#\/schema\/logo\/image\/","url":"https:\/\/institutchiaribcn.com\/wp-content\/uploads\/2025\/10\/cropped-cropped-icsebNavLogo-1.png","contentUrl":"https:\/\/institutchiaribcn.com\/wp-content\/uploads\/2025\/10\/cropped-cropped-icsebNavLogo-1.png","width":245,"height":99,"caption":"Institut Chiari de Barcelona"},"image":{"@id":"https:\/\/institutchiaribcn.com\/pl\/#\/schema\/logo\/image\/"}}]}},"_links":{"self":[{"href":"https:\/\/institutchiaribcn.com\/pl\/wp-json\/wp\/v2\/pages\/146976","targetHints":{"allow":["GET"]}}],"collection":[{"href":"https:\/\/institutchiaribcn.com\/pl\/wp-json\/wp\/v2\/pages"}],"about":[{"href":"https:\/\/institutchiaribcn.com\/pl\/wp-json\/wp\/v2\/types\/page"}],"author":[{"embeddable":true,"href":"https:\/\/institutchiaribcn.com\/pl\/wp-json\/wp\/v2\/users\/1"}],"replies":[{"embeddable":true,"href":"https:\/\/institutchiaribcn.com\/pl\/wp-json\/wp\/v2\/comments?post=146976"}],"version-history":[{"count":5,"href":"https:\/\/institutchiaribcn.com\/pl\/wp-json\/wp\/v2\/pages\/146976\/revisions"}],"predecessor-version":[{"id":146983,"href":"https:\/\/institutchiaribcn.com\/pl\/wp-json\/wp\/v2\/pages\/146976\/revisions\/146983"}],"up":[{"embeddable":true,"href":"https:\/\/institutchiaribcn.com\/pl\/wp-json\/wp\/v2\/pages\/111457"}],"wp:attachment":[{"href":"https:\/\/institutchiaribcn.com\/pl\/wp-json\/wp\/v2\/media?parent=146976"}],"curies":[{"name":"wp","href":"https:\/\/api.w.org\/{rel}","templated":true}]}}