{"id":144457,"date":"2019-02-11T00:00:29","date_gmt":"2019-02-10T23:00:29","guid":{"rendered":"https:\/\/institutchiaribcn.com\/convenio-institut-chiari-barcelona-asociacion-internacional-ai-sac-sco-onlus\/"},"modified":"2026-03-06T10:53:57","modified_gmt":"2026-03-06T09:53:57","slug":"porozumienie-instytut-chiari-de-barcelona-miedzynarodowe-stowarzyszenie-ai-sac-si-sco-odv","status":"publish","type":"page","link":"https:\/\/institutchiaribcn.com\/pl\/porozumienie-instytut-chiari-de-barcelona-miedzynarodowe-stowarzyszenie-ai-sac-si-sco-odv\/","title":{"rendered":"Porozumienie Instytut Chiari de Barcelona \u2013 Mi\u0119dzynarodowe Stowarzyszenie AI.SAC.SI.SCO ODV"},"content":{"rendered":"\t\t<div data-elementor-type=\"wp-page\" data-elementor-id=\"144457\" class=\"elementor elementor-144457\" data-elementor-post-type=\"page\">\n\t\t\t\t<div class=\"elementor-element elementor-element-72901af e-flex e-con-boxed e-con e-parent\" data-id=\"72901af\" data-element_type=\"container\" data-e-type=\"container\" data-settings=\"{&quot;background_background&quot;:&quot;classic&quot;}\">\n\t\t\t\t\t<div class=\"e-con-inner\">\n\t\t<div class=\"elementor-element elementor-element-31ba566 e-con-full e-flex e-con e-child\" data-id=\"31ba566\" data-element_type=\"container\" data-e-type=\"container\">\n\t\t<div class=\"elementor-element elementor-element-f827a05 e-con-full e-flex e-con e-child\" data-id=\"f827a05\" data-element_type=\"container\" data-e-type=\"container\" data-settings=\"{&quot;sticky&quot;:&quot;top&quot;,&quot;sticky_on&quot;:[&quot;desktop&quot;,&quot;tablet&quot;],&quot;sticky_offset&quot;:140,&quot;sticky_parent&quot;:&quot;yes&quot;,&quot;sticky_effects_offset&quot;:0,&quot;sticky_anchor_link_offset&quot;:0}\">\n\t\t\t\t<div class=\"elementor-element elementor-element-0f91f50 elementor-widget elementor-widget-image\" data-id=\"0f91f50\" data-element_type=\"widget\" data-e-type=\"widget\" data-widget_type=\"image.default\">\n\t\t\t\t<div class=\"elementor-widget-container\">\n\t\t\t\t\t\t\t\t\t\t\t\t\t\t\t<img fetchpriority=\"high\" decoding=\"async\" width=\"500\" height=\"144\" src=\"https:\/\/institutchiaribcn.com\/wp-content\/uploads\/2025\/07\/ai-sac-si-sco.jpg\" class=\"attachment-large size-large wp-image-46750\" alt=\"ai-sac-si-sco\" srcset=\"https:\/\/institutchiaribcn.com\/wp-content\/uploads\/2025\/07\/ai-sac-si-sco.jpg 500w, https:\/\/institutchiaribcn.com\/wp-content\/uploads\/2025\/07\/ai-sac-si-sco-300x86.jpg 300w\" sizes=\"(max-width: 500px) 100vw, 500px\" \/>\t\t\t\t\t\t\t\t\t\t\t\t\t\t\t<\/div>\n\t\t\t\t<\/div>\n\t\t\t\t<div class=\"elementor-element elementor-element-5fd61d7 elementor-widget elementor-widget-heading\" data-id=\"5fd61d7\" data-element_type=\"widget\" data-e-type=\"widget\" data-widget_type=\"heading.default\">\n\t\t\t\t<div class=\"elementor-widget-container\">\n\t\t\t\t\t<h3 class=\"elementor-heading-title elementor-size-default\">AI.SAC.SI.SCO ODV<\/h3>\t\t\t\t<\/div>\n\t\t\t\t<\/div>\n\t\t\t\t<div class=\"elementor-element elementor-element-c2e3391 elementor-widget elementor-widget-button\" data-id=\"c2e3391\" data-element_type=\"widget\" data-e-type=\"widget\" data-widget_type=\"button.default\">\n\t\t\t\t<div class=\"elementor-widget-container\">\n\t\t\t\t\t\t\t\t\t<div class=\"elementor-button-wrapper\">\n\t\t\t\t\t<a class=\"elementor-button elementor-button-link elementor-size-sm\" href=\"http:\/\/aisacsisco.eu\/index.php\/contact\" target=\"_blank\">\n\t\t\t\t\t\t<span class=\"elementor-button-content-wrapper\">\n\t\t\t\t\t\t\t\t\t<span class=\"elementor-button-text\">Kontakt <\/span>\n\t\t\t\t\t<\/span>\n\t\t\t\t\t<\/a>\n\t\t\t\t<\/div>\n\t\t\t\t\t\t\t\t<\/div>\n\t\t\t\t<\/div>\n\t\t\t\t<\/div>\n\t\t\t\t<\/div>\n\t\t<div class=\"elementor-element elementor-element-edf478e e-con-full e-flex e-con e-child\" data-id=\"edf478e\" data-element_type=\"container\" data-e-type=\"container\">\n\t\t\t\t<div class=\"elementor-element elementor-element-91e1a34 elementor-widget elementor-widget-heading\" data-id=\"91e1a34\" data-element_type=\"widget\" data-e-type=\"widget\" data-widget_type=\"heading.default\">\n\t\t\t\t<div class=\"elementor-widget-container\">\n\t\t\t\t\t<h1 class=\"elementor-heading-title elementor-size-default\">Porozumienie Instytut Chiari de Barcelona \u2013 Mi\u0119dzynarodowe Stowarzyszenie AI.SAC.SI.SCO ODV<\/h1>\t\t\t\t<\/div>\n\t\t\t\t<\/div>\n\t\t\t\t<div class=\"elementor-element elementor-element-78c8839 elementor-widget elementor-widget-heading\" data-id=\"78c8839\" data-element_type=\"widget\" data-e-type=\"widget\" data-widget_type=\"heading.default\">\n\t\t\t\t<div class=\"elementor-widget-container\">\n\t\t\t\t\t<h3 class=\"elementor-heading-title elementor-size-default\">Czym jest AI.SAC.SI.SCO ODV? <\/h3>\t\t\t\t<\/div>\n\t\t\t\t<\/div>\n\t\t\t\t<div class=\"elementor-element elementor-element-e6fe440 elementor-widget elementor-widget-text-editor\" data-id=\"e6fe440\" data-element_type=\"widget\" data-e-type=\"widget\" data-widget_type=\"text-editor.default\">\n\t\t\t\t<div class=\"elementor-widget-container\">\n\t\t\t\t\t\t\t\t\t<p>Mi\u0119dzynarodowe Stowarzyszenie AI.SAC.SI.SCO ODV powsta\u0142o w listopadzie 2009 roku, kiedy to grupa pacjent\u00f3w zoperowanych przez Doktora Royo Salvador, zebranych podczas wydarzenia zorganizowanego przez Chiari &amp; Scoliosis &amp; Syringomyelia Foundation (CSSf) zaoferowa\u0142a wsparcie innym chorym cierpi\u0105cym na Syndrom Arnolda Chiari I, Idiopatyczn\u0105 jamisto\u015bci\u0105 rdzenia oraz Skolioz\u0119 idiopatyczn\u0105, oraz ich rodzinom.<\/p>\t\t\t\t\t\t\t\t<\/div>\n\t\t\t\t<\/div>\n\t\t\t\t<div class=\"elementor-element elementor-element-1f7700a elementor-widget elementor-widget-heading\" data-id=\"1f7700a\" data-element_type=\"widget\" data-e-type=\"widget\" data-widget_type=\"heading.default\">\n\t\t\t\t<div class=\"elementor-widget-container\">\n\t\t\t\t\t<h3 class=\"elementor-heading-title elementor-size-default\">Wsp\u00f3\u0142praca pomi\u0119dzy Instytutem, Fundacj\u0105 i Stowarzyszeniem\n<\/h3>\t\t\t\t<\/div>\n\t\t\t\t<\/div>\n\t\t\t\t<div class=\"elementor-element elementor-element-14c619c elementor-widget elementor-widget-text-editor\" data-id=\"14c619c\" data-element_type=\"widget\" data-e-type=\"widget\" data-widget_type=\"text-editor.default\">\n\t\t\t\t<div class=\"elementor-widget-container\">\n\t\t\t\t\t\t\t\t\t<p>Od tamtego czasu rozpocz\u0119\u0142a si\u0119 \u015bcis\u0142a wsp\u00f3\u0142praca pomi\u0119dzy Instytutem Chiari &amp; Siringomielia &amp; Escoliosis de Barcelona (ICSEB), CSSf i AI.SAC.SI.SCO, maj\u0105ca na celu rozpowszechnianie nowej koncepcji Choroby Filum i dostarczenie niezb\u0119dnej informacji tak, aby doskona\u0142o\u015b\u0107 i leczenia metod\u0105 sanitarn\u0105 Filum System\u00ae by\u0142y dost\u0119pne dla wszystkich.<\/p><p>W 2019 roku korzystaj\u0105c z okazji dziesi\u0105tej rocznicy Stowarzyszenia AI.SAC.SI.SCO i ICSEB podpisano porozumienie o wsp\u00f3\u0142pracy, dzi\u0119ki kt\u00f3remu jej cz\u0142onkowie mog\u0105 cieszy\u0107 si\u0119 z szeregu korzy\u015bci w zakresie \u015bwiadcze\u0144 i us\u0142ug oferowanych przez Instytut.<\/p>\t\t\t\t\t\t\t\t<\/div>\n\t\t\t\t<\/div>\n\t\t\t\t<div class=\"elementor-element elementor-element-28ea964 elementor-widget elementor-widget-heading\" data-id=\"28ea964\" data-element_type=\"widget\" data-e-type=\"widget\" data-widget_type=\"heading.default\">\n\t\t\t\t<div class=\"elementor-widget-container\">\n\t\t\t\t\t<h3 class=\"elementor-heading-title elementor-size-default\">Szczeg\u00f3lne warunki porozumienia\n<\/h3>\t\t\t\t<\/div>\n\t\t\t\t<\/div>\n\t\t\t\t<div class=\"elementor-element elementor-element-705cd6a elementor-widget elementor-widget-text-editor\" data-id=\"705cd6a\" data-element_type=\"widget\" data-e-type=\"widget\" data-widget_type=\"text-editor.default\">\n\t\t\t\t<div class=\"elementor-widget-container\">\n\t\t\t\t\t\t\t\t\t<p>Rejestracja osoby w Stowarzyszeniu AI.SAC.SI.SCO pozwala uzyska\u0107 dost\u0119p do zni\u017cek na bie\u017c\u0105ce stawki \u015bwiadcze\u0144 ICSEB. Aby uzyska\u0107 wi\u0119cej informacji, mo\u017cna skontaktowa\u0107 si\u0119 ze Stowarzyszeniem.<\/p><p>Kontakt z AI.SAC.SI.SCO: <a href=\"http:\/\/aisacsisco.eu\/index.php\/contact\">http:\/\/aisacsisco.eu\/index.php\/contact<\/a><\/p><p>Preferowany j\u0119zyk kontaktu: francuski i w\u0142oski<br \/>Inne: angielski (jedynie za po\u015brednictwem e-mail)<\/p>\t\t\t\t\t\t\t\t<\/div>\n\t\t\t\t<\/div>\n\t\t\t\t<\/div>\n\t\t\t\t\t<\/div>\n\t\t\t\t<\/div>\n\t\t\t\t<\/div>\n\t\t","protected":false},"excerpt":{"rendered":"<p>AI.SAC.SI.SCO ODV Kontakt Porozumienie Instytut Chiari de Barcelona \u2013 Mi\u0119dzynarodowe Stowarzyszenie AI.SAC.SI.SCO ODV Czym jest AI.SAC.SI.SCO ODV? Mi\u0119dzynarodowe Stowarzyszenie AI.SAC.SI.SCO ODV powsta\u0142o w listopadzie 2009 roku, kiedy to grupa pacjent\u00f3w zoperowanych przez Doktora Royo Salvador, zebranych podczas wydarzenia zorganizowanego przez Chiari &amp; Scoliosis &amp; Syringomyelia Foundation (CSSf) zaoferowa\u0142a wsparcie innym chorym cierpi\u0105cym na Syndrom Arnolda [&hellip;]<\/p>\n","protected":false},"author":1,"featured_media":0,"parent":0,"menu_order":14,"comment_status":"closed","ping_status":"closed","template":"","meta":{"footnotes":""},"class_list":["post-144457","page","type-page","status-publish","hentry"],"yoast_head":"<!-- This site is optimized with the Yoast SEO plugin v27.1.1 - https:\/\/yoast.com\/product\/yoast-seo-wordpress\/ -->\n<title>Porozumienie z AI-SAC-SI-SCO | ICSEB<\/title>\n<meta name=\"description\" content=\"Informacja o porozumieniu mi\u0119dzy Institut Chiari de Barcelona a mi\u0119dzynarodowym stowarzyszeniem AI-SAC-SI-SCO.\" \/>\n<meta name=\"robots\" content=\"index, follow, max-snippet:-1, max-image-preview:large, max-video-preview:-1\" \/>\n<link rel=\"canonical\" href=\"https:\/\/institutchiaribcn.com\/pl\/porozumienie-instytut-chiari-de-barcelona-miedzynarodowe-stowarzyszenie-ai-sac-si-sco-odv\/\" \/>\n<meta property=\"og:locale\" content=\"pl_PL\" \/>\n<meta property=\"og:type\" content=\"article\" \/>\n<meta property=\"og:title\" content=\"Porozumienie z AI-SAC-SI-SCO | ICSEB\" \/>\n<meta property=\"og:description\" content=\"Informacja o porozumieniu mi\u0119dzy Institut Chiari de Barcelona a mi\u0119dzynarodowym stowarzyszeniem AI-SAC-SI-SCO.\" \/>\n<meta property=\"og:url\" content=\"https:\/\/institutchiaribcn.com\/pl\/porozumienie-instytut-chiari-de-barcelona-miedzynarodowe-stowarzyszenie-ai-sac-si-sco-odv\/\" \/>\n<meta property=\"og:site_name\" content=\"institutchiaribcn\" \/>\n<meta property=\"article:modified_time\" content=\"2026-03-06T09:53:57+00:00\" \/>\n<meta property=\"og:image\" content=\"https:\/\/institutchiaribcn.com\/wp-content\/uploads\/2025\/07\/ai-sac-si-sco.jpg\" \/>\n<meta name=\"twitter:card\" content=\"summary_large_image\" \/>\n<meta name=\"twitter:label1\" content=\"Szacowany czas czytania\" \/>\n\t<meta name=\"twitter:data1\" content=\"2 minuty\" \/>\n<script type=\"application\/ld+json\" class=\"yoast-schema-graph\">{\"@context\":\"https:\/\/schema.org\",\"@graph\":[{\"@type\":\"WebPage\",\"@id\":\"https:\/\/institutchiaribcn.com\/pl\/porozumienie-instytut-chiari-de-barcelona-miedzynarodowe-stowarzyszenie-ai-sac-si-sco-odv\/\",\"url\":\"https:\/\/institutchiaribcn.com\/pl\/porozumienie-instytut-chiari-de-barcelona-miedzynarodowe-stowarzyszenie-ai-sac-si-sco-odv\/\",\"name\":\"Porozumienie z AI-SAC-SI-SCO | ICSEB\",\"isPartOf\":{\"@id\":\"https:\/\/institutchiaribcn.com\/pl\/#website\"},\"primaryImageOfPage\":{\"@id\":\"https:\/\/institutchiaribcn.com\/pl\/porozumienie-instytut-chiari-de-barcelona-miedzynarodowe-stowarzyszenie-ai-sac-si-sco-odv\/#primaryimage\"},\"image\":{\"@id\":\"https:\/\/institutchiaribcn.com\/pl\/porozumienie-instytut-chiari-de-barcelona-miedzynarodowe-stowarzyszenie-ai-sac-si-sco-odv\/#primaryimage\"},\"thumbnailUrl\":\"https:\/\/institutchiaribcn.com\/wp-content\/uploads\/2025\/07\/ai-sac-si-sco.jpg\",\"datePublished\":\"2019-02-10T23:00:29+00:00\",\"dateModified\":\"2026-03-06T09:53:57+00:00\",\"description\":\"Informacja o porozumieniu mi\u0119dzy Institut Chiari de Barcelona a mi\u0119dzynarodowym stowarzyszeniem AI-SAC-SI-SCO.\",\"breadcrumb\":{\"@id\":\"https:\/\/institutchiaribcn.com\/pl\/porozumienie-instytut-chiari-de-barcelona-miedzynarodowe-stowarzyszenie-ai-sac-si-sco-odv\/#breadcrumb\"},\"inLanguage\":\"pl-PL\",\"potentialAction\":[{\"@type\":\"ReadAction\",\"target\":[\"https:\/\/institutchiaribcn.com\/pl\/porozumienie-instytut-chiari-de-barcelona-miedzynarodowe-stowarzyszenie-ai-sac-si-sco-odv\/\"]}]},{\"@type\":\"ImageObject\",\"inLanguage\":\"pl-PL\",\"@id\":\"https:\/\/institutchiaribcn.com\/pl\/porozumienie-instytut-chiari-de-barcelona-miedzynarodowe-stowarzyszenie-ai-sac-si-sco-odv\/#primaryimage\",\"url\":\"https:\/\/institutchiaribcn.com\/wp-content\/uploads\/2025\/07\/ai-sac-si-sco.jpg\",\"contentUrl\":\"https:\/\/institutchiaribcn.com\/wp-content\/uploads\/2025\/07\/ai-sac-si-sco.jpg\"},{\"@type\":\"BreadcrumbList\",\"@id\":\"https:\/\/institutchiaribcn.com\/pl\/porozumienie-instytut-chiari-de-barcelona-miedzynarodowe-stowarzyszenie-ai-sac-si-sco-odv\/#breadcrumb\",\"itemListElement\":[{\"@type\":\"ListItem\",\"position\":1,\"name\":\"Portada\",\"item\":\"https:\/\/institutchiaribcn.com\/pl\/\"},{\"@type\":\"ListItem\",\"position\":2,\"name\":\"Porozumienie Instytut Chiari de Barcelona \u2013 Mi\u0119dzynarodowe Stowarzyszenie AI.SAC.SI.SCO ODV\"}]},{\"@type\":\"WebSite\",\"@id\":\"https:\/\/institutchiaribcn.com\/pl\/#website\",\"url\":\"https:\/\/institutchiaribcn.com\/pl\/\",\"name\":\"Institut Chiari de Barcelona\",\"description\":\"\",\"publisher\":{\"@id\":\"https:\/\/institutchiaribcn.com\/pl\/#organization\"},\"potentialAction\":[{\"@type\":\"SearchAction\",\"target\":{\"@type\":\"EntryPoint\",\"urlTemplate\":\"https:\/\/institutchiaribcn.com\/pl\/?s={search_term_string}\"},\"query-input\":{\"@type\":\"PropertyValueSpecification\",\"valueRequired\":true,\"valueName\":\"search_term_string\"}}],\"inLanguage\":\"pl-PL\"},{\"@type\":\"Organization\",\"@id\":\"https:\/\/institutchiaribcn.com\/pl\/#organization\",\"name\":\"Institut Chiari de Barcelona\",\"url\":\"https:\/\/institutchiaribcn.com\/pl\/\",\"logo\":{\"@type\":\"ImageObject\",\"inLanguage\":\"pl-PL\",\"@id\":\"https:\/\/institutchiaribcn.com\/pl\/#\/schema\/logo\/image\/\",\"url\":\"https:\/\/institutchiaribcn.com\/wp-content\/uploads\/2025\/10\/cropped-cropped-icsebNavLogo-1.png\",\"contentUrl\":\"https:\/\/institutchiaribcn.com\/wp-content\/uploads\/2025\/10\/cropped-cropped-icsebNavLogo-1.png\",\"width\":245,\"height\":99,\"caption\":\"Institut Chiari de Barcelona\"},\"image\":{\"@id\":\"https:\/\/institutchiaribcn.com\/pl\/#\/schema\/logo\/image\/\"}}]}<\/script>\n<!-- \/ Yoast SEO plugin. -->","yoast_head_json":{"title":"Porozumienie z AI-SAC-SI-SCO | ICSEB","description":"Informacja o porozumieniu mi\u0119dzy Institut Chiari de Barcelona a mi\u0119dzynarodowym stowarzyszeniem AI-SAC-SI-SCO.","robots":{"index":"index","follow":"follow","max-snippet":"max-snippet:-1","max-image-preview":"max-image-preview:large","max-video-preview":"max-video-preview:-1"},"canonical":"https:\/\/institutchiaribcn.com\/pl\/porozumienie-instytut-chiari-de-barcelona-miedzynarodowe-stowarzyszenie-ai-sac-si-sco-odv\/","og_locale":"pl_PL","og_type":"article","og_title":"Porozumienie z AI-SAC-SI-SCO | ICSEB","og_description":"Informacja o porozumieniu mi\u0119dzy Institut Chiari de Barcelona a mi\u0119dzynarodowym stowarzyszeniem AI-SAC-SI-SCO.","og_url":"https:\/\/institutchiaribcn.com\/pl\/porozumienie-instytut-chiari-de-barcelona-miedzynarodowe-stowarzyszenie-ai-sac-si-sco-odv\/","og_site_name":"institutchiaribcn","article_modified_time":"2026-03-06T09:53:57+00:00","og_image":[{"url":"https:\/\/institutchiaribcn.com\/wp-content\/uploads\/2025\/07\/ai-sac-si-sco.jpg","type":"","width":"","height":""}],"twitter_card":"summary_large_image","twitter_misc":{"Szacowany czas czytania":"2 minuty"},"schema":{"@context":"https:\/\/schema.org","@graph":[{"@type":"WebPage","@id":"https:\/\/institutchiaribcn.com\/pl\/porozumienie-instytut-chiari-de-barcelona-miedzynarodowe-stowarzyszenie-ai-sac-si-sco-odv\/","url":"https:\/\/institutchiaribcn.com\/pl\/porozumienie-instytut-chiari-de-barcelona-miedzynarodowe-stowarzyszenie-ai-sac-si-sco-odv\/","name":"Porozumienie z AI-SAC-SI-SCO | ICSEB","isPartOf":{"@id":"https:\/\/institutchiaribcn.com\/pl\/#website"},"primaryImageOfPage":{"@id":"https:\/\/institutchiaribcn.com\/pl\/porozumienie-instytut-chiari-de-barcelona-miedzynarodowe-stowarzyszenie-ai-sac-si-sco-odv\/#primaryimage"},"image":{"@id":"https:\/\/institutchiaribcn.com\/pl\/porozumienie-instytut-chiari-de-barcelona-miedzynarodowe-stowarzyszenie-ai-sac-si-sco-odv\/#primaryimage"},"thumbnailUrl":"https:\/\/institutchiaribcn.com\/wp-content\/uploads\/2025\/07\/ai-sac-si-sco.jpg","datePublished":"2019-02-10T23:00:29+00:00","dateModified":"2026-03-06T09:53:57+00:00","description":"Informacja o porozumieniu mi\u0119dzy Institut Chiari de Barcelona a mi\u0119dzynarodowym stowarzyszeniem AI-SAC-SI-SCO.","breadcrumb":{"@id":"https:\/\/institutchiaribcn.com\/pl\/porozumienie-instytut-chiari-de-barcelona-miedzynarodowe-stowarzyszenie-ai-sac-si-sco-odv\/#breadcrumb"},"inLanguage":"pl-PL","potentialAction":[{"@type":"ReadAction","target":["https:\/\/institutchiaribcn.com\/pl\/porozumienie-instytut-chiari-de-barcelona-miedzynarodowe-stowarzyszenie-ai-sac-si-sco-odv\/"]}]},{"@type":"ImageObject","inLanguage":"pl-PL","@id":"https:\/\/institutchiaribcn.com\/pl\/porozumienie-instytut-chiari-de-barcelona-miedzynarodowe-stowarzyszenie-ai-sac-si-sco-odv\/#primaryimage","url":"https:\/\/institutchiaribcn.com\/wp-content\/uploads\/2025\/07\/ai-sac-si-sco.jpg","contentUrl":"https:\/\/institutchiaribcn.com\/wp-content\/uploads\/2025\/07\/ai-sac-si-sco.jpg"},{"@type":"BreadcrumbList","@id":"https:\/\/institutchiaribcn.com\/pl\/porozumienie-instytut-chiari-de-barcelona-miedzynarodowe-stowarzyszenie-ai-sac-si-sco-odv\/#breadcrumb","itemListElement":[{"@type":"ListItem","position":1,"name":"Portada","item":"https:\/\/institutchiaribcn.com\/pl\/"},{"@type":"ListItem","position":2,"name":"Porozumienie Instytut Chiari de Barcelona \u2013 Mi\u0119dzynarodowe Stowarzyszenie AI.SAC.SI.SCO ODV"}]},{"@type":"WebSite","@id":"https:\/\/institutchiaribcn.com\/pl\/#website","url":"https:\/\/institutchiaribcn.com\/pl\/","name":"Institut Chiari de Barcelona","description":"","publisher":{"@id":"https:\/\/institutchiaribcn.com\/pl\/#organization"},"potentialAction":[{"@type":"SearchAction","target":{"@type":"EntryPoint","urlTemplate":"https:\/\/institutchiaribcn.com\/pl\/?s={search_term_string}"},"query-input":{"@type":"PropertyValueSpecification","valueRequired":true,"valueName":"search_term_string"}}],"inLanguage":"pl-PL"},{"@type":"Organization","@id":"https:\/\/institutchiaribcn.com\/pl\/#organization","name":"Institut Chiari de Barcelona","url":"https:\/\/institutchiaribcn.com\/pl\/","logo":{"@type":"ImageObject","inLanguage":"pl-PL","@id":"https:\/\/institutchiaribcn.com\/pl\/#\/schema\/logo\/image\/","url":"https:\/\/institutchiaribcn.com\/wp-content\/uploads\/2025\/10\/cropped-cropped-icsebNavLogo-1.png","contentUrl":"https:\/\/institutchiaribcn.com\/wp-content\/uploads\/2025\/10\/cropped-cropped-icsebNavLogo-1.png","width":245,"height":99,"caption":"Institut Chiari de Barcelona"},"image":{"@id":"https:\/\/institutchiaribcn.com\/pl\/#\/schema\/logo\/image\/"}}]}},"_links":{"self":[{"href":"https:\/\/institutchiaribcn.com\/pl\/wp-json\/wp\/v2\/pages\/144457","targetHints":{"allow":["GET"]}}],"collection":[{"href":"https:\/\/institutchiaribcn.com\/pl\/wp-json\/wp\/v2\/pages"}],"about":[{"href":"https:\/\/institutchiaribcn.com\/pl\/wp-json\/wp\/v2\/types\/page"}],"author":[{"embeddable":true,"href":"https:\/\/institutchiaribcn.com\/pl\/wp-json\/wp\/v2\/users\/1"}],"replies":[{"embeddable":true,"href":"https:\/\/institutchiaribcn.com\/pl\/wp-json\/wp\/v2\/comments?post=144457"}],"version-history":[{"count":5,"href":"https:\/\/institutchiaribcn.com\/pl\/wp-json\/wp\/v2\/pages\/144457\/revisions"}],"predecessor-version":[{"id":147070,"href":"https:\/\/institutchiaribcn.com\/pl\/wp-json\/wp\/v2\/pages\/144457\/revisions\/147070"}],"wp:attachment":[{"href":"https:\/\/institutchiaribcn.com\/pl\/wp-json\/wp\/v2\/media?parent=144457"}],"curies":[{"name":"wp","href":"https:\/\/api.w.org\/{rel}","templated":true}]}}