{"id":142540,"date":"2025-12-10T08:46:36","date_gmt":"2025-12-10T07:46:36","guid":{"rendered":"https:\/\/institutchiaribcn.com\/resultados-test-automatico-de-la-enfermedad-del-filum\/"},"modified":"2026-02-10T12:21:31","modified_gmt":"2026-02-10T11:21:31","slug":"wynik-automatycznego-testu-na-chorobe-filum","status":"publish","type":"page","link":"https:\/\/institutchiaribcn.com\/pl\/wynik-automatycznego-testu-na-chorobe-filum\/","title":{"rendered":"Wynik automatycznego testu na Chorob\u0119 Filum"},"content":{"rendered":"\t\t<div data-elementor-type=\"wp-page\" data-elementor-id=\"142540\" class=\"elementor elementor-142540 elementor-142472\" data-elementor-post-type=\"page\">\n\t\t\t\t<div class=\"elementor-element elementor-element-ca9c607 e-flex e-con-boxed e-con e-parent\" data-id=\"ca9c607\" data-element_type=\"container\" data-e-type=\"container\">\n\t\t\t\t\t<div class=\"e-con-inner\">\n\t\t\t\t<div class=\"elementor-element elementor-element-ccc4349 elementor-widget elementor-widget-shortcode\" data-id=\"ccc4349\" data-element_type=\"widget\" data-e-type=\"widget\" data-widget_type=\"shortcode.default\">\n\t\t\t\t<div class=\"elementor-widget-container\">\n\t\t\t\t\t\t\t<div class=\"elementor-shortcode\"><div class=\"alert alert-warning\">No se ha recibido ning\u00fan resultado.<\/div><\/div>\n\t\t\t\t\t\t<\/div>\n\t\t\t\t<\/div>\n\t\t\t\t<div class=\"elementor-element elementor-element-d9d3f98 elementor-widget elementor-widget-text-editor\" data-id=\"d9d3f98\" data-element_type=\"widget\" data-e-type=\"widget\" data-widget_type=\"text-editor.default\">\n\t\t\t\t<div class=\"elementor-widget-container\">\n\t\t\t\t\t\t\t\t\t<p style=\"font-size: 18px; font-style: italic;\">Wed\u0142ug bada\u0144 ICSEB, nowa koncepcja Choroby Filum (EF) wynika z nieprawid\u0142owej si\u0142y napinaj\u0105cej, dzia\u0142aj\u0105cej na ca\u0142y uk\u0142ad nerwowy, kt\u00f3ra dotyczy wszystkich ludzi. Obejmuje choroby o nieznanej przyczynie, takie jak: Skolioza, Kifoza, Hiperlordoza, Fizjologiczne zniesienie kr\u0119gos\u0142upa, Idiopatyczna jamisto\u015b\u0107 rdzenia, Syndrom Arnolda Chiari I, P\u0142askopodstawie, Wg\u0142obienie obrotnika do jamy czaszki, Odchylenie kr\u0119gu obrotowego, Wygi\u0119cie pnia m\u00f3zgu, Moczenie nocne lub d\u0142ugotrwa\u0142e, niekt\u00f3re przypadki Fibromialgii, Zesp\u00f3\u0142 chronicznego zm\u0119czenia i inne. Choroba Filum obejmuje tak\u017ce niekt\u00f3re przypadki mikrozawa\u0142\u00f3w m\u00f3zgu, Przepuklin\u0119 kr\u0105\u017ck\u00f3w mi\u0119dzykr\u0119gowych, Chorob\u0119 Baastrupa, Zesp\u00f3\u0142 bolesnych wyrostk\u00f3w stawowych, niekt\u00f3re zmiany hormonalne, stany depresyjne i inne.<\/p>\t\t\t\t\t\t\t\t<\/div>\n\t\t\t\t<\/div>\n\t\t<div class=\"elementor-element elementor-element-109c9c1 e-con-full e-flex e-con e-child\" data-id=\"109c9c1\" data-element_type=\"container\" data-e-type=\"container\">\n\t\t\t\t<div class=\"elementor-element elementor-element-82bcc8a elementor-widget elementor-widget-heading\" data-id=\"82bcc8a\" data-element_type=\"widget\" data-e-type=\"widget\" data-widget_type=\"heading.default\">\n\t\t\t\t<div class=\"elementor-widget-container\">\n\t\t\t\t\t<h2 class=\"elementor-heading-title elementor-size-default\"><span>Potrzebujesz pomocy?<\/span> Jeste\u015bmy tutaj, aby Ci pom\u00f3c.<\/h2>\t\t\t\t<\/div>\n\t\t\t\t<\/div>\n\t\t\t\t<div class=\"elementor-element elementor-element-cab1f0b elementor-widget elementor-widget-text-editor\" data-id=\"cab1f0b\" data-element_type=\"widget\" data-e-type=\"widget\" data-widget_type=\"text-editor.default\">\n\t\t\t\t<div class=\"elementor-widget-container\">\n\t\t\t\t\t\t\t\t\t<p data-start=\"283\" data-end=\"477\">Wszystkie zapytania, kt\u00f3re otrzymujemy \u2014 zar\u00f3wno przez ten formularz, jak i e-mail \u2014 s\u0105 bezpo\u015brednio oceniane przez nasz zesp\u00f3\u0142 medyczny pod nadzorem dr. Miguela B. Royo Salvadora.<\/p>\n<p data-start=\"479\" data-end=\"544\">Odpowied\u017a jest bezp\u0142atna i otrzymasz j\u0105 w swoim j\u0119zyku lub po angielsku.<\/p>\t\t\t\t\t\t\t\t<\/div>\n\t\t\t\t<\/div>\n\t\t\t\t<div class=\"elementor-element elementor-element-9da179c elementor-widget__width-initial elementor-widget elementor-widget-shortcode\" data-id=\"9da179c\" data-element_type=\"widget\" data-e-type=\"widget\" data-widget_type=\"shortcode.default\">\n\t\t\t\t<div class=\"elementor-widget-container\">\n\t\t\t\t\t\t\t<div class=\"elementor-shortcode\">\t\t<div data-elementor-type=\"container\" data-elementor-id=\"114826\" class=\"elementor elementor-114826 elementor-114786 elementor-114786\" data-elementor-post-type=\"elementor_library\">\n\t\t\t\t<div class=\"elementor-element elementor-element-4fdff23 e-con-full e-flex e-con e-child\" data-id=\"4fdff23\" data-element_type=\"container\" data-e-type=\"container\">\n\t\t\t\t<div class=\"elementor-element elementor-element-28f0279 elementor-button-align-center elementor-widget__width-initial elementor-tablet-button-align-stretch elementor-mobile-button-align-stretch elementor-widget elementor-widget-form\" data-id=\"28f0279\" data-element_type=\"widget\" data-e-type=\"widget\" data-settings=\"{&quot;step_next_label&quot;:&quot;Next&quot;,&quot;step_previous_label&quot;:&quot;Previous&quot;,&quot;step_type&quot;:&quot;number_text&quot;,&quot;step_icon_shape&quot;:&quot;circle&quot;}\" data-widget_type=\"form.default\">\n\t\t\t\t<div class=\"elementor-widget-container\">\n\t\t\t\t\t\t\t<form class=\"elementor-form\" method=\"post\" name=\"New Form\" aria-label=\"New Form\">\n\t\t\t<input type=\"hidden\" name=\"post_id\" value=\"114826\"\/>\n\t\t\t<input type=\"hidden\" name=\"form_id\" value=\"28f0279\"\/>\n\t\t\t<input type=\"hidden\" name=\"referer_title\" value=\"Institut Chiari\" \/>\n\n\t\t\t\n\t\t\t<div class=\"elementor-form-fields-wrapper elementor-labels-\">\n\t\t\t\t\t\t\t\t<div class=\"elementor-field-type-text elementor-field-group elementor-column elementor-field-group-name elementor-col-50\">\n\t\t\t\t\t\t\t\t\t\t\t\t<label for=\"form-field-name\" class=\"elementor-field-label elementor-screen-only\">\n\t\t\t\t\t\t\t\tImi\u0119 i nazwisko pacjenta\t\t\t\t\t\t\t<\/label>\n\t\t\t\t\t\t\t\t\t\t\t\t\t\t<input size=\"1\" type=\"text\" name=\"form_fields[name]\" id=\"form-field-name\" class=\"elementor-field elementor-size-sm  elementor-field-textual\" placeholder=\"Imi\u0119 i nazwisko pacjenta\">\n\t\t\t\t\t\t\t\t\t\t\t<\/div>\n\t\t\t\t\t\t\t\t<div class=\"elementor-field-type-text elementor-field-group elementor-column elementor-field-group-consultor elementor-col-50\">\n\t\t\t\t\t\t\t\t\t\t\t\t<label for=\"form-field-consultor\" class=\"elementor-field-label elementor-screen-only\">\n\t\t\t\t\t\t\t\tNazwa konsultanta\t\t\t\t\t\t\t<\/label>\n\t\t\t\t\t\t\t\t\t\t\t\t\t\t<input size=\"1\" type=\"text\" name=\"form_fields[consultor]\" id=\"form-field-consultor\" class=\"elementor-field elementor-size-sm  elementor-field-textual\" placeholder=\"Imi\u0119 i nazwisko osoby, kt\u00f3ra si\u0119 z nami kontaktuje\">\n\t\t\t\t\t\t\t\t\t\t\t<\/div>\n\t\t\t\t\t\t\t\t<div class=\"elementor-field-type-tel elementor-field-group elementor-column elementor-field-group-message elementor-col-50\">\n\t\t\t\t\t\t\t\t\t\t\t\t<label for=\"form-field-message\" class=\"elementor-field-label elementor-screen-only\">\n\t\t\t\t\t\t\t\tTelefon\t\t\t\t\t\t\t<\/label>\n\t\t\t\t\t\t\t\t<input size=\"1\" type=\"tel\" name=\"form_fields[message]\" id=\"form-field-message\" class=\"elementor-field elementor-size-sm  elementor-field-textual\" placeholder=\"Telefon\" pattern=\"[0-9()#&amp;+*-=.]+\" title=\"Only numbers and phone characters (#, -, *, etc) are accepted.\">\n\n\t\t\t\t\t\t<\/div>\n\t\t\t\t\t\t\t\t<div class=\"elementor-field-type-email elementor-field-group elementor-column elementor-field-group-field_856733b elementor-col-50 elementor-field-required\">\n\t\t\t\t\t\t\t\t\t\t\t\t<label for=\"form-field-field_856733b\" class=\"elementor-field-label elementor-screen-only\">\n\t\t\t\t\t\t\t\tE-mail\t\t\t\t\t\t\t<\/label>\n\t\t\t\t\t\t\t\t\t\t\t\t\t\t<input size=\"1\" type=\"email\" name=\"form_fields[field_856733b]\" id=\"form-field-field_856733b\" class=\"elementor-field elementor-size-sm  elementor-field-textual\" placeholder=\"E-mail. Prosimy o zweryfikowanie adresu e-mail.\" required=\"required\">\n\t\t\t\t\t\t\t\t\t\t\t<\/div>\n\t\t\t\t\t\t\t\t<div class=\"elementor-field-type-select elementor-field-group elementor-column elementor-field-group-field_a251d38 elementor-col-100\">\n\t\t\t\t\t\t\t\t\t\t\t\t<label for=\"form-field-field_a251d38\" class=\"elementor-field-label elementor-screen-only\">\n\t\t\t\t\t\t\t\tJ\u0119zyk\t\t\t\t\t\t\t<\/label>\n\t\t\t\t\t\t\t\t<div class=\"elementor-field elementor-select-wrapper remove-before \">\n\t\t\t<div class=\"select-caret-down-wrapper\">\n\t\t\t\t<svg aria-hidden=\"true\" class=\"e-font-icon-svg e-eicon-caret-down\" viewBox=\"0 0 571.4 571.4\" xmlns=\"http:\/\/www.w3.org\/2000\/svg\"><path d=\"M571 393Q571 407 561 418L311 668Q300 679 286 679T261 668L11 418Q0 407 0 393T11 368 36 357H536Q550 357 561 368T571 393Z\"><\/path><\/svg>\t\t\t<\/div>\n\t\t\t<select name=\"form_fields[field_a251d38]\" id=\"form-field-field_a251d38\" class=\"elementor-field-textual elementor-size-sm\">\n\t\t\t\t\t\t\t\t\t<option value=\"Polski\" selected=\"selected\">Polski<\/option>\n\t\t\t\t\t\t\t\t\t<option value=\"espa\u00f1ol\">Espa\u00f1ol<\/option>\n\t\t\t\t\t\t\t\t\t<option value=\"catala\">Catal\u00e0<\/option>\n\t\t\t\t\t\t\t\t\t<option value=\"Fran\u00e7ais\">Fran\u00e7ais<\/option>\n\t\t\t\t\t\t\t\t\t<option value=\" \u0627\u0644\u0639\u0631\u0628\u064a\u0629\"> \u0627\u0644\u0639\u0631\u0628\u064a\u0629<\/option>\n\t\t\t\t\t\t\t\t\t<option value=\"english\">English<\/option>\n\t\t\t\t\t\t\t\t\t<option value=\"italiano\">Italiano<\/option>\n\t\t\t\t\t\t\t\t\t<option value=\"\u0420\u0443\u0441\u0441\u043a\u0438\u0439\">\u0420\u0443\u0441\u0441\u043a\u0438\u0439<\/option>\n\t\t\t\t\t\t\t\t\t<option value=\"deutsch\">Deutsch<\/option>\n\t\t\t\t\t\t\t\t\t<option value=\"\u4e2d\u6587 (\u7e41\u9ad4)\">\u4e2d\u6587 (\u7e41\u9ad4)<\/option>\n\t\t\t\t\t\t\t\t\t<option value=\"\u4e2d\u6587 (\u7b80\u4f53)\">\u4e2d\u6587 (\u7b80\u4f53)<\/option>\n\t\t\t\t\t\t\t\t\t<option value=\"Portugu\u00eas\">Portugu\u00eas<\/option>\n\t\t\t\t\t\t\t\t\t<option value=\"\u65e5\u672c\u8a9e\">\u65e5\u672c\u8a9e<\/option>\n\t\t\t\t\t\t\t\t\t<option value=\"\ud55c\uad6d\uc5b4\">\ud55c\uad6d\uc5b4<\/option>\n\t\t\t\t\t\t\t\t\t<option value=\"\"><\/option>\n\t\t\t\t\t\t\t<\/select>\n\t\t<\/div>\n\t\t\t\t\t\t<\/div>\n\t\t\t\t\t\t\t\t<div class=\"elementor-field-type-text elementor-field-group elementor-column elementor-field-group-field_fdb645f elementor-col-50\">\n\t\t\t\t\t\t\t\t\t\t\t\t<label for=\"form-field-field_fdb645f\" class=\"elementor-field-label elementor-screen-only\">\n\t\t\t\t\t\t\t\tKraj i miasto\t\t\t\t\t\t\t<\/label>\n\t\t\t\t\t\t\t\t\t\t\t\t\t\t<input size=\"1\" type=\"text\" name=\"form_fields[field_fdb645f]\" id=\"form-field-field_fdb645f\" class=\"elementor-field elementor-size-sm  elementor-field-textual\" placeholder=\"Kraj i miasto\">\n\t\t\t\t\t\t\t\t\t\t\t<\/div>\n\t\t\t\t\t\t\t\t<div class=\"elementor-field-type-text elementor-field-group elementor-column elementor-field-group-field_1e2241c elementor-col-50\">\n\t\t\t\t\t\t\t\t\t\t\t\t<label for=\"form-field-field_1e2241c\" class=\"elementor-field-label elementor-screen-only\">\n\t\t\t\t\t\t\t\tWiek\t\t\t\t\t\t\t<\/label>\n\t\t\t\t\t\t\t\t\t\t\t\t\t\t<input size=\"1\" type=\"text\" name=\"form_fields[field_1e2241c]\" id=\"form-field-field_1e2241c\" class=\"elementor-field elementor-size-sm  elementor-field-textual\" placeholder=\"Wiek\">\n\t\t\t\t\t\t\t\t\t\t\t<\/div>\n\t\t\t\t\t\t\t\t<div class=\"elementor-field-type-text elementor-field-group elementor-column elementor-field-group-field_d641f26 elementor-col-100\">\n\t\t\t\t\t\t\t\t\t\t\t\t<label for=\"form-field-field_d641f26\" class=\"elementor-field-label elementor-screen-only\">\n\t\t\t\t\t\t\t\tDiagnoza\t\t\t\t\t\t\t<\/label>\n\t\t\t\t\t\t\t\t\t\t\t\t\t\t<input size=\"1\" type=\"text\" name=\"form_fields[field_d641f26]\" id=\"form-field-field_d641f26\" class=\"elementor-field elementor-size-sm  elementor-field-textual\" placeholder=\"Diagnoza\">\n\t\t\t\t\t\t\t\t\t\t\t<\/div>\n\t\t\t\t\t\t\t\t<div class=\"elementor-field-type-textarea elementor-field-group elementor-column elementor-field-group-field_517ccd3 elementor-col-100\">\n\t\t\t\t\t\t\t\t\t\t\t\t<label for=\"form-field-field_517ccd3\" class=\"elementor-field-label elementor-screen-only\">\n\t\t\t\t\t\t\t\tKonsultacja\t\t\t\t\t\t\t<\/label>\n\t\t\t\t\t\t<textarea class=\"elementor-field-textual elementor-field  elementor-size-sm\" name=\"form_fields[field_517ccd3]\" id=\"form-field-field_517ccd3\" rows=\"4\" placeholder=\"Konsultacja\"><\/textarea>\t\t\t\t<\/div>\n\t\t\t\t\t\t\t\t<div class=\"elementor-field-type-acceptance elementor-field-group elementor-column elementor-field-group-field_1d6fb15 elementor-col-100 elementor-field-required\">\n\t\t\t\t\t\t\t\t\t\t\t\t<label for=\"form-field-field_1d6fb15\" class=\"elementor-field-label elementor-screen-only\">\n\t\t\t\t\t\t\t\tPolityka prywatno\u015bci\t\t\t\t\t\t\t<\/label>\n\t\t\t\t\t\t\t\t<div class=\"elementor-field-subgroup\">\n\t\t\t<span class=\"elementor-field-option\">\n\t\t\t\t<input type=\"checkbox\" name=\"form_fields[field_1d6fb15]\" id=\"form-field-field_1d6fb15\" class=\"elementor-field elementor-size-sm  elementor-acceptance-field\" required=\"required\">\n\t\t\t\t<label for=\"form-field-field_1d6fb15\"><a href=\"https:\/\/institutchiaribcn.com\/pl\/informacja-prawna\/\">\u202fAkceptuj\u0119 warunki prawne i wyra\u017cam wyra\u017an\u0105 zgod\u0119 na przetwarzanie \nmoich danych osobowych zgodnie z Rozporz\u0105dzeniem UE 2016\/679.<br> \nCel: odpowied\u017a na Twoje zapytanie. <\/a><\/label>\t\t\t<\/span>\n\t\t<\/div>\n\t\t\t\t\t\t<\/div>\n\t\t\t\t\t\t\t\t<div class=\"elementor-field-type-recaptcha_v3 elementor-field-group elementor-column elementor-field-group-field_8f3e6a1 elementor-col-100 recaptcha_v3-bottomright\">\n\t\t\t\t\t<div class=\"elementor-field\" id=\"form-field-field_8f3e6a1\"><div class=\"elementor-g-recaptcha\" data-sitekey=\"6LfKPPwrAAAAADQG2azuG7c6dwP67noUhSeWb4wS\" data-type=\"v3\" data-action=\"Form\" data-badge=\"bottomright\" data-size=\"invisible\"><\/div><\/div>\t\t\t\t<\/div>\n\t\t\t\t\t\t\t\t<div class=\"elementor-field-type-text\">\n\t\t\t\t\t<input size=\"1\" type=\"text\" name=\"form_fields[field_2c9e7e8]\" id=\"form-field-field_2c9e7e8\" class=\"elementor-field elementor-size-sm \" style=\"display:none !important;\">\t\t\t\t<\/div>\n\t\t\t\t\t\t\t\t<div class=\"elementor-field-type-hidden elementor-field-group elementor-column elementor-field-group-page_title elementor-col-100\">\n\t\t\t\t\t\t\t\t\t\t\t\t\t<input size=\"1\" type=\"hidden\" name=\"form_fields[page_title]\" id=\"form-field-page_title\" class=\"elementor-field elementor-size-sm  elementor-field-textual\">\n\t\t\t\t\t\t\t\t\t\t\t<\/div>\n\t\t\t\t\t\t\t\t<div class=\"elementor-field-type-hidden elementor-field-group elementor-column elementor-field-group-gclid elementor-col-100\">\n\t\t\t\t\t\t\t\t\t\t\t\t\t<input size=\"1\" type=\"hidden\" name=\"form_fields[gclid]\" id=\"form-field-gclid\" class=\"elementor-field elementor-size-sm  elementor-field-textual\">\n\t\t\t\t\t\t\t\t\t\t\t<\/div>\n\t\t\t\t\t\t\t\t<div class=\"elementor-field-type-hidden elementor-field-group elementor-column elementor-field-group-gad_source elementor-col-100\">\n\t\t\t\t\t\t\t\t\t\t\t\t\t<input size=\"1\" type=\"hidden\" name=\"form_fields[gad_source]\" id=\"form-field-gad_source\" class=\"elementor-field elementor-size-sm  elementor-field-textual\">\n\t\t\t\t\t\t\t\t\t\t\t<\/div>\n\t\t\t\t\t\t\t\t<div class=\"elementor-field-type-hidden elementor-field-group elementor-column elementor-field-group-gad_campaignid elementor-col-100\">\n\t\t\t\t\t\t\t\t\t\t\t\t\t<input size=\"1\" type=\"hidden\" name=\"form_fields[gad_campaignid]\" id=\"form-field-gad_campaignid\" class=\"elementor-field elementor-size-sm  elementor-field-textual\">\n\t\t\t\t\t\t\t\t\t\t\t<\/div>\n\t\t\t\t\t\t\t\t<div class=\"elementor-field-group elementor-column elementor-field-type-submit elementor-col-100 e-form__buttons\">\n\t\t\t\t\t<button class=\"elementor-button elementor-size-xs\" type=\"submit\">\n\t\t\t\t\t\t<span class=\"elementor-button-content-wrapper\">\n\t\t\t\t\t\t\t\t\t\t\t\t\t\t\t<span class=\"elementor-button-icon\">\n\t\t\t\t\t\t\t\t\t<svg aria-hidden=\"true\" class=\"e-font-icon-svg e-fas-paper-plane\" viewBox=\"0 0 512 512\" xmlns=\"http:\/\/www.w3.org\/2000\/svg\"><path d=\"M476 3.2L12.5 270.6c-18.1 10.4-15.8 35.6 2.2 43.2L121 358.4l287.3-253.2c5.5-4.9 13.3 2.6 8.6 8.3L176 407v80.5c0 23.6 28.5 32.9 42.5 15.8L282 426l124.6 52.2c14.2 6 30.4-2.9 33-18.2l72-432C515 7.8 493.3-6.8 476 3.2z\"><\/path><\/svg>\t\t\t\t\t\t\t\t\t\t\t\t\t\t\t\t\t<\/span>\n\t\t\t\t\t\t\t\t\t\t\t\t\t\t\t\t\t\t\t\t\t\t<span class=\"elementor-button-text\">Wys\u0142a\u0107<\/span>\n\t\t\t\t\t\t\t\t\t\t\t\t\t<\/span>\n\t\t\t\t\t<\/button>\n\t\t\t\t<\/div>\n\t\t\t<\/div>\n\t\t<\/form>\n\t\t\t\t\t\t<\/div>\n\t\t\t\t<\/div>\n\t\t\t\t<\/div>\n\t\t\t\t<\/div>\n\t\t<\/div>\n\t\t\t\t\t\t<\/div>\n\t\t\t\t<\/div>\n\t\t\t\t<\/div>\n\t\t\t\t\t<\/div>\n\t\t\t\t<\/div>\n\t\t\t\t<\/div>\n\t\t","protected":false},"excerpt":{"rendered":"<p>Wed\u0142ug bada\u0144 ICSEB, nowa koncepcja Choroby Filum (EF) wynika z nieprawid\u0142owej si\u0142y napinaj\u0105cej, dzia\u0142aj\u0105cej na ca\u0142y uk\u0142ad nerwowy, kt\u00f3ra dotyczy wszystkich ludzi. Obejmuje choroby o nieznanej przyczynie, takie jak: Skolioza, Kifoza, Hiperlordoza, Fizjologiczne zniesienie kr\u0119gos\u0142upa, Idiopatyczna jamisto\u015b\u0107 rdzenia, Syndrom Arnolda Chiari I, P\u0142askopodstawie, Wg\u0142obienie obrotnika do jamy czaszki, Odchylenie kr\u0119gu obrotowego, Wygi\u0119cie pnia m\u00f3zgu, Moczenie [&hellip;]<\/p>\n","protected":false},"author":1,"featured_media":0,"parent":0,"menu_order":0,"comment_status":"closed","ping_status":"closed","template":"","meta":{"footnotes":""},"class_list":["post-142540","page","type-page","status-publish","hentry"],"yoast_head":"<!-- This site is optimized with the Yoast SEO plugin v27.1.1 - https:\/\/yoast.com\/product\/yoast-seo-wordpress\/ -->\n<title>Wynik automatycznego testu na chorob\u0119 Filum | ICSEB<\/title>\n<meta name=\"description\" content=\"Poznaj wynik automatycznego testu na chorob\u0119 Filum i sprawd\u017a, czy Twoje objawy wymagaj\u0105 konsultacji specjalistycznej w ICSEB.\" \/>\n<meta name=\"robots\" content=\"index, follow, max-snippet:-1, max-image-preview:large, max-video-preview:-1\" \/>\n<link rel=\"canonical\" href=\"https:\/\/institutchiaribcn.com\/pl\/wynik-automatycznego-testu-na-chorobe-filum\/\" \/>\n<meta property=\"og:locale\" content=\"pl_PL\" \/>\n<meta property=\"og:type\" content=\"article\" \/>\n<meta property=\"og:title\" content=\"Wynik automatycznego testu na chorob\u0119 Filum | ICSEB\" \/>\n<meta property=\"og:description\" content=\"Poznaj wynik automatycznego testu na chorob\u0119 Filum i sprawd\u017a, czy Twoje objawy wymagaj\u0105 konsultacji specjalistycznej w ICSEB.\" \/>\n<meta property=\"og:url\" content=\"https:\/\/institutchiaribcn.com\/pl\/wynik-automatycznego-testu-na-chorobe-filum\/\" \/>\n<meta property=\"og:site_name\" content=\"Institut Chiari\" \/>\n<meta property=\"article:modified_time\" content=\"2026-02-10T11:21:31+00:00\" \/>\n<meta name=\"twitter:card\" content=\"summary_large_image\" \/>\n<meta name=\"twitter:label1\" content=\"Szacowany czas czytania\" \/>\n\t<meta name=\"twitter:data1\" content=\"1 minuta\" \/>\n<script type=\"application\/ld+json\" class=\"yoast-schema-graph\">{\"@context\":\"https:\/\/schema.org\",\"@graph\":[{\"@type\":\"WebPage\",\"@id\":\"https:\/\/institutchiaribcn.com\/pl\/wynik-automatycznego-testu-na-chorobe-filum\/\",\"url\":\"https:\/\/institutchiaribcn.com\/pl\/wynik-automatycznego-testu-na-chorobe-filum\/\",\"name\":\"Wynik automatycznego testu na chorob\u0119 Filum | ICSEB\",\"isPartOf\":{\"@id\":\"https:\/\/institutchiaribcn.com\/pl\/#website\"},\"datePublished\":\"2025-12-10T07:46:36+00:00\",\"dateModified\":\"2026-02-10T11:21:31+00:00\",\"description\":\"Poznaj wynik automatycznego testu na chorob\u0119 Filum i sprawd\u017a, czy Twoje objawy wymagaj\u0105 konsultacji specjalistycznej w ICSEB.\",\"breadcrumb\":{\"@id\":\"https:\/\/institutchiaribcn.com\/pl\/wynik-automatycznego-testu-na-chorobe-filum\/#breadcrumb\"},\"inLanguage\":\"pl-PL\",\"potentialAction\":[{\"@type\":\"ReadAction\",\"target\":[\"https:\/\/institutchiaribcn.com\/pl\/wynik-automatycznego-testu-na-chorobe-filum\/\"]}]},{\"@type\":\"BreadcrumbList\",\"@id\":\"https:\/\/institutchiaribcn.com\/pl\/wynik-automatycznego-testu-na-chorobe-filum\/#breadcrumb\",\"itemListElement\":[{\"@type\":\"ListItem\",\"position\":1,\"name\":\"Portada\",\"item\":\"https:\/\/institutchiaribcn.com\/pl\/\"},{\"@type\":\"ListItem\",\"position\":2,\"name\":\"Wynik automatycznego testu na Chorob\u0119 Filum\"}]},{\"@type\":\"WebSite\",\"@id\":\"https:\/\/institutchiaribcn.com\/pl\/#website\",\"url\":\"https:\/\/institutchiaribcn.com\/pl\/\",\"name\":\"Institut Chiari de Barcelona\",\"description\":\"\",\"publisher\":{\"@id\":\"https:\/\/institutchiaribcn.com\/pl\/#organization\"},\"potentialAction\":[{\"@type\":\"SearchAction\",\"target\":{\"@type\":\"EntryPoint\",\"urlTemplate\":\"https:\/\/institutchiaribcn.com\/pl\/?s={search_term_string}\"},\"query-input\":{\"@type\":\"PropertyValueSpecification\",\"valueRequired\":true,\"valueName\":\"search_term_string\"}}],\"inLanguage\":\"pl-PL\"},{\"@type\":\"Organization\",\"@id\":\"https:\/\/institutchiaribcn.com\/pl\/#organization\",\"name\":\"Institut Chiari de Barcelona\",\"url\":\"https:\/\/institutchiaribcn.com\/pl\/\",\"logo\":{\"@type\":\"ImageObject\",\"inLanguage\":\"pl-PL\",\"@id\":\"https:\/\/institutchiaribcn.com\/pl\/#\/schema\/logo\/image\/\",\"url\":\"https:\/\/institutchiaribcn.com\/wp-content\/uploads\/2025\/10\/cropped-cropped-icsebNavLogo-1.png\",\"contentUrl\":\"https:\/\/institutchiaribcn.com\/wp-content\/uploads\/2025\/10\/cropped-cropped-icsebNavLogo-1.png\",\"width\":245,\"height\":99,\"caption\":\"Institut Chiari de Barcelona\"},\"image\":{\"@id\":\"https:\/\/institutchiaribcn.com\/pl\/#\/schema\/logo\/image\/\"}}]}<\/script>\n<!-- \/ Yoast SEO plugin. -->","yoast_head_json":{"title":"Wynik automatycznego testu na chorob\u0119 Filum | ICSEB","description":"Poznaj wynik automatycznego testu na chorob\u0119 Filum i sprawd\u017a, czy Twoje objawy wymagaj\u0105 konsultacji specjalistycznej w ICSEB.","robots":{"index":"index","follow":"follow","max-snippet":"max-snippet:-1","max-image-preview":"max-image-preview:large","max-video-preview":"max-video-preview:-1"},"canonical":"https:\/\/institutchiaribcn.com\/pl\/wynik-automatycznego-testu-na-chorobe-filum\/","og_locale":"pl_PL","og_type":"article","og_title":"Wynik automatycznego testu na chorob\u0119 Filum | ICSEB","og_description":"Poznaj wynik automatycznego testu na chorob\u0119 Filum i sprawd\u017a, czy Twoje objawy wymagaj\u0105 konsultacji specjalistycznej w ICSEB.","og_url":"https:\/\/institutchiaribcn.com\/pl\/wynik-automatycznego-testu-na-chorobe-filum\/","og_site_name":"Institut Chiari","article_modified_time":"2026-02-10T11:21:31+00:00","twitter_card":"summary_large_image","twitter_misc":{"Szacowany czas czytania":"1 minuta"},"schema":{"@context":"https:\/\/schema.org","@graph":[{"@type":"WebPage","@id":"https:\/\/institutchiaribcn.com\/pl\/wynik-automatycznego-testu-na-chorobe-filum\/","url":"https:\/\/institutchiaribcn.com\/pl\/wynik-automatycznego-testu-na-chorobe-filum\/","name":"Wynik automatycznego testu na chorob\u0119 Filum | ICSEB","isPartOf":{"@id":"https:\/\/institutchiaribcn.com\/pl\/#website"},"datePublished":"2025-12-10T07:46:36+00:00","dateModified":"2026-02-10T11:21:31+00:00","description":"Poznaj wynik automatycznego testu na chorob\u0119 Filum i sprawd\u017a, czy Twoje objawy wymagaj\u0105 konsultacji specjalistycznej w ICSEB.","breadcrumb":{"@id":"https:\/\/institutchiaribcn.com\/pl\/wynik-automatycznego-testu-na-chorobe-filum\/#breadcrumb"},"inLanguage":"pl-PL","potentialAction":[{"@type":"ReadAction","target":["https:\/\/institutchiaribcn.com\/pl\/wynik-automatycznego-testu-na-chorobe-filum\/"]}]},{"@type":"BreadcrumbList","@id":"https:\/\/institutchiaribcn.com\/pl\/wynik-automatycznego-testu-na-chorobe-filum\/#breadcrumb","itemListElement":[{"@type":"ListItem","position":1,"name":"Portada","item":"https:\/\/institutchiaribcn.com\/pl\/"},{"@type":"ListItem","position":2,"name":"Wynik automatycznego testu na Chorob\u0119 Filum"}]},{"@type":"WebSite","@id":"https:\/\/institutchiaribcn.com\/pl\/#website","url":"https:\/\/institutchiaribcn.com\/pl\/","name":"Institut Chiari de Barcelona","description":"","publisher":{"@id":"https:\/\/institutchiaribcn.com\/pl\/#organization"},"potentialAction":[{"@type":"SearchAction","target":{"@type":"EntryPoint","urlTemplate":"https:\/\/institutchiaribcn.com\/pl\/?s={search_term_string}"},"query-input":{"@type":"PropertyValueSpecification","valueRequired":true,"valueName":"search_term_string"}}],"inLanguage":"pl-PL"},{"@type":"Organization","@id":"https:\/\/institutchiaribcn.com\/pl\/#organization","name":"Institut Chiari de Barcelona","url":"https:\/\/institutchiaribcn.com\/pl\/","logo":{"@type":"ImageObject","inLanguage":"pl-PL","@id":"https:\/\/institutchiaribcn.com\/pl\/#\/schema\/logo\/image\/","url":"https:\/\/institutchiaribcn.com\/wp-content\/uploads\/2025\/10\/cropped-cropped-icsebNavLogo-1.png","contentUrl":"https:\/\/institutchiaribcn.com\/wp-content\/uploads\/2025\/10\/cropped-cropped-icsebNavLogo-1.png","width":245,"height":99,"caption":"Institut Chiari de Barcelona"},"image":{"@id":"https:\/\/institutchiaribcn.com\/pl\/#\/schema\/logo\/image\/"}}]}},"_links":{"self":[{"href":"https:\/\/institutchiaribcn.com\/pl\/wp-json\/wp\/v2\/pages\/142540","targetHints":{"allow":["GET"]}}],"collection":[{"href":"https:\/\/institutchiaribcn.com\/pl\/wp-json\/wp\/v2\/pages"}],"about":[{"href":"https:\/\/institutchiaribcn.com\/pl\/wp-json\/wp\/v2\/types\/page"}],"author":[{"embeddable":true,"href":"https:\/\/institutchiaribcn.com\/pl\/wp-json\/wp\/v2\/users\/1"}],"replies":[{"embeddable":true,"href":"https:\/\/institutchiaribcn.com\/pl\/wp-json\/wp\/v2\/comments?post=142540"}],"version-history":[{"count":8,"href":"https:\/\/institutchiaribcn.com\/pl\/wp-json\/wp\/v2\/pages\/142540\/revisions"}],"predecessor-version":[{"id":142997,"href":"https:\/\/institutchiaribcn.com\/pl\/wp-json\/wp\/v2\/pages\/142540\/revisions\/142997"}],"wp:attachment":[{"href":"https:\/\/institutchiaribcn.com\/pl\/wp-json\/wp\/v2\/media?parent=142540"}],"curies":[{"name":"wp","href":"https:\/\/api.w.org\/{rel}","templated":true}]}}