{"id":130347,"date":"2025-10-31T13:11:00","date_gmt":"2025-10-31T12:11:00","guid":{"rendered":"https:\/\/dev.institutchiaribcn.com\/?page_id=130347"},"modified":"2026-03-10T10:33:01","modified_gmt":"2026-03-10T09:33:01","slug":"inne-instrumenty","status":"publish","type":"page","link":"https:\/\/institutchiaribcn.com\/pl\/inne-instrumenty\/","title":{"rendered":"Inne Instrumenty"},"content":{"rendered":"\t\t<div data-elementor-type=\"wp-page\" data-elementor-id=\"130347\" class=\"elementor elementor-130347 elementor-130164\" data-elementor-post-type=\"page\">\n\t\t\t\t<div class=\"elementor-element elementor-element-ead9dd5 e-flex e-con-boxed e-con e-parent\" data-id=\"ead9dd5\" data-element_type=\"container\" data-e-type=\"container\">\n\t\t\t\t\t<div class=\"e-con-inner\">\n\t\t\t\t<div class=\"elementor-element elementor-element-ffc210c elementor-widget elementor-widget-heading\" data-id=\"ffc210c\" data-element_type=\"widget\" data-e-type=\"widget\" data-widget_type=\"heading.default\">\n\t\t\t\t<div class=\"elementor-widget-container\">\n\t\t\t\t\t<h1 class=\"elementor-heading-title elementor-size-default\">Inne Instrumenty<\/h1>\t\t\t\t<\/div>\n\t\t\t\t<\/div>\n\t\t\t\t<div class=\"elementor-element elementor-element-1673a00 elementor-widget elementor-widget-text-editor\" data-id=\"1673a00\" data-element_type=\"widget\" data-e-type=\"widget\" data-widget_type=\"text-editor.default\">\n\t\t\t\t<div class=\"elementor-widget-container\">\n\t\t\t\t\t\t\t\t\t<p class=\"text-muted aniview centerTXT\">Published by\u00a0<a title=\"Entradas de ICSEB\" href=\"https:\/\/institutchiaribcn.com\/pl\/author\/chiari\/\" rel=\"author\">ICSEB<\/a>\u00a0at 18 junio, 2015<\/p><p><strong>\u2013 WMA Declaration of Helsinki \u2013 Ethical Principles for Medical Research Involving Human Subjects. Last update in 64th WMA General Assembly, Fortaleza, Brazil, October 2013.<\/strong><\/p><p><a href=\"https:\/\/www.wma.net\/en\/30publications\/10policies\/b3\/\" target=\"_blank\" rel=\"noopener\">https:\/\/www.wma.net\/en\/30publications\/10policies\/b3\/<\/a><\/p>\t\t\t\t\t\t\t\t<\/div>\n\t\t\t\t<\/div>\n\t\t\t\t\t<\/div>\n\t\t\t\t<\/div>\n\t\t\t\t<\/div>\n\t\t","protected":false},"excerpt":{"rendered":"<p>Inne Instrumenty Published by\u00a0ICSEB\u00a0at 18 junio, 2015 \u2013 WMA Declaration of Helsinki \u2013 Ethical Principles for Medical Research Involving Human Subjects. Last update in 64th WMA General Assembly, Fortaleza, Brazil, October 2013. https:\/\/www.wma.net\/en\/30publications\/10policies\/b3\/<\/p>\n","protected":false},"author":1,"featured_media":0,"parent":0,"menu_order":0,"comment_status":"closed","ping_status":"closed","template":"","meta":{"footnotes":""},"class_list":["post-130347","page","type-page","status-publish","hentry"],"yoast_head":"<!-- This site is optimized with the Yoast SEO plugin v27.1.1 - https:\/\/yoast.com\/product\/yoast-seo-wordpress\/ -->\n<title>Inne instrumenty prawne | ICSEB<\/title>\n<meta name=\"description\" content=\"Inne instrumenty prawne maj\u0105ce zastosowanie w dzia\u0142alno\u015bci ICSEB oraz w regulacjach dotycz\u0105cych opieki zdrowotnej.\" \/>\n<meta name=\"robots\" content=\"index, follow, max-snippet:-1, max-image-preview:large, max-video-preview:-1\" \/>\n<link rel=\"canonical\" href=\"https:\/\/institutchiaribcn.com\/pl\/inne-instrumenty\/\" \/>\n<meta property=\"og:locale\" content=\"pl_PL\" \/>\n<meta property=\"og:type\" content=\"article\" \/>\n<meta property=\"og:title\" content=\"Inne instrumenty prawne | ICSEB\" \/>\n<meta property=\"og:description\" content=\"Inne instrumenty prawne maj\u0105ce zastosowanie w dzia\u0142alno\u015bci ICSEB oraz w regulacjach dotycz\u0105cych opieki zdrowotnej.\" \/>\n<meta property=\"og:url\" content=\"https:\/\/institutchiaribcn.com\/pl\/inne-instrumenty\/\" \/>\n<meta property=\"og:site_name\" content=\"Institut Chiari\" \/>\n<meta property=\"article:modified_time\" content=\"2026-03-10T09:33:01+00:00\" \/>\n<meta name=\"twitter:card\" content=\"summary_large_image\" \/>\n<meta name=\"twitter:label1\" content=\"Szacowany czas czytania\" \/>\n\t<meta name=\"twitter:data1\" content=\"1 minuta\" \/>\n<script type=\"application\/ld+json\" class=\"yoast-schema-graph\">{\"@context\":\"https:\/\/schema.org\",\"@graph\":[{\"@type\":\"WebPage\",\"@id\":\"https:\/\/institutchiaribcn.com\/pl\/inne-instrumenty\/\",\"url\":\"https:\/\/institutchiaribcn.com\/pl\/inne-instrumenty\/\",\"name\":\"Inne instrumenty prawne | ICSEB\",\"isPartOf\":{\"@id\":\"https:\/\/institutchiaribcn.com\/pl\/#website\"},\"datePublished\":\"2025-10-31T12:11:00+00:00\",\"dateModified\":\"2026-03-10T09:33:01+00:00\",\"description\":\"Inne instrumenty prawne maj\u0105ce zastosowanie w dzia\u0142alno\u015bci ICSEB oraz w regulacjach dotycz\u0105cych opieki zdrowotnej.\",\"breadcrumb\":{\"@id\":\"https:\/\/institutchiaribcn.com\/pl\/inne-instrumenty\/#breadcrumb\"},\"inLanguage\":\"pl-PL\",\"potentialAction\":[{\"@type\":\"ReadAction\",\"target\":[\"https:\/\/institutchiaribcn.com\/pl\/inne-instrumenty\/\"]}]},{\"@type\":\"BreadcrumbList\",\"@id\":\"https:\/\/institutchiaribcn.com\/pl\/inne-instrumenty\/#breadcrumb\",\"itemListElement\":[{\"@type\":\"ListItem\",\"position\":1,\"name\":\"Portada\",\"item\":\"https:\/\/institutchiaribcn.com\/pl\/\"},{\"@type\":\"ListItem\",\"position\":2,\"name\":\"Inne Instrumenty\"}]},{\"@type\":\"WebSite\",\"@id\":\"https:\/\/institutchiaribcn.com\/pl\/#website\",\"url\":\"https:\/\/institutchiaribcn.com\/pl\/\",\"name\":\"Institut Chiari de Barcelona\",\"description\":\"\",\"publisher\":{\"@id\":\"https:\/\/institutchiaribcn.com\/pl\/#organization\"},\"potentialAction\":[{\"@type\":\"SearchAction\",\"target\":{\"@type\":\"EntryPoint\",\"urlTemplate\":\"https:\/\/institutchiaribcn.com\/pl\/?s={search_term_string}\"},\"query-input\":{\"@type\":\"PropertyValueSpecification\",\"valueRequired\":true,\"valueName\":\"search_term_string\"}}],\"inLanguage\":\"pl-PL\"},{\"@type\":\"Organization\",\"@id\":\"https:\/\/institutchiaribcn.com\/pl\/#organization\",\"name\":\"Institut Chiari de Barcelona\",\"url\":\"https:\/\/institutchiaribcn.com\/pl\/\",\"logo\":{\"@type\":\"ImageObject\",\"inLanguage\":\"pl-PL\",\"@id\":\"https:\/\/institutchiaribcn.com\/pl\/#\/schema\/logo\/image\/\",\"url\":\"https:\/\/institutchiaribcn.com\/wp-content\/uploads\/2025\/10\/cropped-cropped-icsebNavLogo-1.png\",\"contentUrl\":\"https:\/\/institutchiaribcn.com\/wp-content\/uploads\/2025\/10\/cropped-cropped-icsebNavLogo-1.png\",\"width\":245,\"height\":99,\"caption\":\"Institut Chiari de Barcelona\"},\"image\":{\"@id\":\"https:\/\/institutchiaribcn.com\/pl\/#\/schema\/logo\/image\/\"}}]}<\/script>\n<!-- \/ Yoast SEO plugin. -->","yoast_head_json":{"title":"Inne instrumenty prawne | ICSEB","description":"Inne instrumenty prawne maj\u0105ce zastosowanie w dzia\u0142alno\u015bci ICSEB oraz w regulacjach dotycz\u0105cych opieki zdrowotnej.","robots":{"index":"index","follow":"follow","max-snippet":"max-snippet:-1","max-image-preview":"max-image-preview:large","max-video-preview":"max-video-preview:-1"},"canonical":"https:\/\/institutchiaribcn.com\/pl\/inne-instrumenty\/","og_locale":"pl_PL","og_type":"article","og_title":"Inne instrumenty prawne | ICSEB","og_description":"Inne instrumenty prawne maj\u0105ce zastosowanie w dzia\u0142alno\u015bci ICSEB oraz w regulacjach dotycz\u0105cych opieki zdrowotnej.","og_url":"https:\/\/institutchiaribcn.com\/pl\/inne-instrumenty\/","og_site_name":"Institut Chiari","article_modified_time":"2026-03-10T09:33:01+00:00","twitter_card":"summary_large_image","twitter_misc":{"Szacowany czas czytania":"1 minuta"},"schema":{"@context":"https:\/\/schema.org","@graph":[{"@type":"WebPage","@id":"https:\/\/institutchiaribcn.com\/pl\/inne-instrumenty\/","url":"https:\/\/institutchiaribcn.com\/pl\/inne-instrumenty\/","name":"Inne instrumenty prawne | ICSEB","isPartOf":{"@id":"https:\/\/institutchiaribcn.com\/pl\/#website"},"datePublished":"2025-10-31T12:11:00+00:00","dateModified":"2026-03-10T09:33:01+00:00","description":"Inne instrumenty prawne maj\u0105ce zastosowanie w dzia\u0142alno\u015bci ICSEB oraz w regulacjach dotycz\u0105cych opieki zdrowotnej.","breadcrumb":{"@id":"https:\/\/institutchiaribcn.com\/pl\/inne-instrumenty\/#breadcrumb"},"inLanguage":"pl-PL","potentialAction":[{"@type":"ReadAction","target":["https:\/\/institutchiaribcn.com\/pl\/inne-instrumenty\/"]}]},{"@type":"BreadcrumbList","@id":"https:\/\/institutchiaribcn.com\/pl\/inne-instrumenty\/#breadcrumb","itemListElement":[{"@type":"ListItem","position":1,"name":"Portada","item":"https:\/\/institutchiaribcn.com\/pl\/"},{"@type":"ListItem","position":2,"name":"Inne Instrumenty"}]},{"@type":"WebSite","@id":"https:\/\/institutchiaribcn.com\/pl\/#website","url":"https:\/\/institutchiaribcn.com\/pl\/","name":"Institut Chiari de Barcelona","description":"","publisher":{"@id":"https:\/\/institutchiaribcn.com\/pl\/#organization"},"potentialAction":[{"@type":"SearchAction","target":{"@type":"EntryPoint","urlTemplate":"https:\/\/institutchiaribcn.com\/pl\/?s={search_term_string}"},"query-input":{"@type":"PropertyValueSpecification","valueRequired":true,"valueName":"search_term_string"}}],"inLanguage":"pl-PL"},{"@type":"Organization","@id":"https:\/\/institutchiaribcn.com\/pl\/#organization","name":"Institut Chiari de Barcelona","url":"https:\/\/institutchiaribcn.com\/pl\/","logo":{"@type":"ImageObject","inLanguage":"pl-PL","@id":"https:\/\/institutchiaribcn.com\/pl\/#\/schema\/logo\/image\/","url":"https:\/\/institutchiaribcn.com\/wp-content\/uploads\/2025\/10\/cropped-cropped-icsebNavLogo-1.png","contentUrl":"https:\/\/institutchiaribcn.com\/wp-content\/uploads\/2025\/10\/cropped-cropped-icsebNavLogo-1.png","width":245,"height":99,"caption":"Institut Chiari de Barcelona"},"image":{"@id":"https:\/\/institutchiaribcn.com\/pl\/#\/schema\/logo\/image\/"}}]}},"_links":{"self":[{"href":"https:\/\/institutchiaribcn.com\/pl\/wp-json\/wp\/v2\/pages\/130347","targetHints":{"allow":["GET"]}}],"collection":[{"href":"https:\/\/institutchiaribcn.com\/pl\/wp-json\/wp\/v2\/pages"}],"about":[{"href":"https:\/\/institutchiaribcn.com\/pl\/wp-json\/wp\/v2\/types\/page"}],"author":[{"embeddable":true,"href":"https:\/\/institutchiaribcn.com\/pl\/wp-json\/wp\/v2\/users\/1"}],"replies":[{"embeddable":true,"href":"https:\/\/institutchiaribcn.com\/pl\/wp-json\/wp\/v2\/comments?post=130347"}],"version-history":[{"count":1,"href":"https:\/\/institutchiaribcn.com\/pl\/wp-json\/wp\/v2\/pages\/130347\/revisions"}],"predecessor-version":[{"id":147067,"href":"https:\/\/institutchiaribcn.com\/pl\/wp-json\/wp\/v2\/pages\/130347\/revisions\/147067"}],"wp:attachment":[{"href":"https:\/\/institutchiaribcn.com\/pl\/wp-json\/wp\/v2\/media?parent=130347"}],"curies":[{"name":"wp","href":"https:\/\/api.w.org\/{rel}","templated":true}]}}