{"id":116233,"date":"2025-10-10T21:43:55","date_gmt":"2025-10-10T19:43:55","guid":{"rendered":"https:\/\/dev.institutchiaribcn.com\/videos-familiares\/"},"modified":"2026-04-02T10:12:49","modified_gmt":"2026-04-02T08:12:49","slug":"filmy-rodzinne","status":"publish","type":"page","link":"https:\/\/institutchiaribcn.com\/pl\/filmy-rodzinne\/","title":{"rendered":"Filmy rodzinne"},"content":{"rendered":"\t\t<div data-elementor-type=\"wp-page\" data-elementor-id=\"116233\" class=\"elementor elementor-116233 elementor-115437\" data-elementor-post-type=\"page\">\n\t\t\t\t<div class=\"elementor-element elementor-element-7084e76 e-flex e-con-boxed e-con e-parent\" data-id=\"7084e76\" data-element_type=\"container\" data-e-type=\"container\" data-settings=\"{&quot;background_background&quot;:&quot;classic&quot;}\">\n\t\t\t\t\t<div class=\"e-con-inner\">\n\t\t<div class=\"elementor-element elementor-element-7ea8552 e-con-full e-flex e-con e-child\" data-id=\"7ea8552\" data-element_type=\"container\" data-e-type=\"container\">\n\t\t\t\t<div class=\"elementor-element elementor-element-5fb58ca elementor-widget elementor-widget-heading\" data-id=\"5fb58ca\" data-element_type=\"widget\" data-e-type=\"widget\" data-widget_type=\"heading.default\">\n\t\t\t\t<div class=\"elementor-widget-container\">\n\t\t\t\t\t<h1 class=\"elementor-heading-title elementor-size-default\">Filmy rodzinne\n<\/h1>\t\t\t\t<\/div>\n\t\t\t\t<\/div>\n\t\t\t\t<div class=\"elementor-element elementor-element-c504bfc elementor-widget elementor-widget-heading\" data-id=\"c504bfc\" data-element_type=\"widget\" data-e-type=\"widget\" data-widget_type=\"heading.default\">\n\t\t\t\t<div class=\"elementor-widget-container\">\n\t\t\t\t\t<h2 class=\"elementor-heading-title elementor-size-default\">Institut Chiari &amp; Siringomielia &amp; Escoliosis de Barcelona<\/h2>\t\t\t\t<\/div>\n\t\t\t\t<\/div>\n\t\t\t\t<\/div>\n\t\t\t\t\t<\/div>\n\t\t\t\t<\/div>\n\t\t<div class=\"elementor-element elementor-element-5c20407 e-flex e-con-boxed e-con e-parent\" data-id=\"5c20407\" data-element_type=\"container\" data-e-type=\"container\">\n\t\t\t\t\t<div class=\"e-con-inner\">\n\t\t\t\t<div class=\"elementor-element elementor-element-aaf58ac elementor-widget elementor-widget-text-editor\" data-id=\"aaf58ac\" data-element_type=\"widget\" data-e-type=\"widget\" data-widget_type=\"text-editor.default\">\n\t\t\t\t<div class=\"elementor-widget-container\">\n\t\t\t\t\t\t\t\t\t<p>Przypominamy, \u017ce ewolucja pooperacyjna zale\u017cy od wielu czynnik\u00f3w. Prosz\u0119 nie podejmowa\u0107 \u017cadnej decyzji dotycz\u0105cej swojego zdrowia bez wcze\u015bniejszej konsultacji z wykwalifikowanym lekarzem.<\/p>\t\t\t\t\t\t\t\t<\/div>\n\t\t\t\t<\/div>\n\t\t\t\t\t<\/div>\n\t\t\t\t<\/div>\n\t\t\t\t<\/div>\n\t\t","protected":false},"excerpt":{"rendered":"<p>Filmy rodzinne Institut Chiari &amp; Siringomielia &amp; Escoliosis de Barcelona Przypominamy, \u017ce ewolucja pooperacyjna zale\u017cy od wielu czynnik\u00f3w. Prosz\u0119 nie podejmowa\u0107 \u017cadnej decyzji dotycz\u0105cej swojego zdrowia bez wcze\u015bniejszej konsultacji z wykwalifikowanym lekarzem.<\/p>\n","protected":false},"author":1,"featured_media":0,"parent":0,"menu_order":0,"comment_status":"closed","ping_status":"closed","template":"","meta":{"footnotes":""},"class_list":["post-116233","page","type-page","status-publish","hentry"],"yoast_head":"<!-- This site is optimized with the Yoast SEO plugin v27.1.1 - https:\/\/yoast.com\/product\/yoast-seo-wordpress\/ -->\n<title>Filmy rodzinne leczenie | Institut Chiari Barcelona<\/title>\n<meta name=\"description\" content=\"Przypominamy, \u017ce ewolucja pooperacyjna zale\u017cy od wielu czynnik\u00f3w. Prosz\u0119 nie podejmowa\u0107 \u017cadnej decyzji dotycz\u0105cej swojego... \u00a0 Zobacz wi\u0119cej \u2192\" \/>\n<meta name=\"robots\" content=\"index, follow, max-snippet:-1, max-image-preview:large, max-video-preview:-1\" \/>\n<link rel=\"canonical\" href=\"https:\/\/institutchiaribcn.com\/pl\/filmy-rodzinne\/\" \/>\n<meta property=\"og:locale\" content=\"pl_PL\" \/>\n<meta property=\"og:type\" content=\"article\" \/>\n<meta property=\"og:title\" content=\"Filmy rodzinne leczenie | Institut Chiari Barcelona\" \/>\n<meta property=\"og:description\" content=\"Przypominamy, \u017ce ewolucja pooperacyjna zale\u017cy od wielu czynnik\u00f3w. Prosz\u0119 nie podejmowa\u0107 \u017cadnej decyzji dotycz\u0105cej swojego... \u00a0 Zobacz wi\u0119cej \u2192\" \/>\n<meta property=\"og:url\" content=\"https:\/\/institutchiaribcn.com\/pl\/filmy-rodzinne\/\" \/>\n<meta property=\"og:site_name\" content=\"Institut Chiari\" \/>\n<meta property=\"article:modified_time\" content=\"2026-04-02T08:12:49+00:00\" \/>\n<meta name=\"twitter:card\" content=\"summary_large_image\" \/>\n<meta name=\"twitter:label1\" content=\"Szacowany czas czytania\" \/>\n\t<meta name=\"twitter:data1\" content=\"1 minuta\" \/>\n<script type=\"application\/ld+json\" class=\"yoast-schema-graph\">{\"@context\":\"https:\/\/schema.org\",\"@graph\":[{\"@type\":\"WebPage\",\"@id\":\"https:\/\/institutchiaribcn.com\/pl\/filmy-rodzinne\/\",\"url\":\"https:\/\/institutchiaribcn.com\/pl\/filmy-rodzinne\/\",\"name\":\"Filmy rodzinne leczenie | Institut Chiari Barcelona\",\"isPartOf\":{\"@id\":\"https:\/\/institutchiaribcn.com\/pl\/#website\"},\"datePublished\":\"2025-10-10T19:43:55+00:00\",\"dateModified\":\"2026-04-02T08:12:49+00:00\",\"description\":\"Przypominamy, \u017ce ewolucja pooperacyjna zale\u017cy od wielu czynnik\u00f3w. Prosz\u0119 nie podejmowa\u0107 \u017cadnej decyzji dotycz\u0105cej swojego... \u00a0 Zobacz wi\u0119cej \u2192\",\"breadcrumb\":{\"@id\":\"https:\/\/institutchiaribcn.com\/pl\/filmy-rodzinne\/#breadcrumb\"},\"inLanguage\":\"pl-PL\",\"potentialAction\":[{\"@type\":\"ReadAction\",\"target\":[\"https:\/\/institutchiaribcn.com\/pl\/filmy-rodzinne\/\"]}]},{\"@type\":\"BreadcrumbList\",\"@id\":\"https:\/\/institutchiaribcn.com\/pl\/filmy-rodzinne\/#breadcrumb\",\"itemListElement\":[{\"@type\":\"ListItem\",\"position\":1,\"name\":\"Portada\",\"item\":\"https:\/\/institutchiaribcn.com\/pl\/\"},{\"@type\":\"ListItem\",\"position\":2,\"name\":\"Filmy rodzinne\"}]},{\"@type\":\"WebSite\",\"@id\":\"https:\/\/institutchiaribcn.com\/pl\/#website\",\"url\":\"https:\/\/institutchiaribcn.com\/pl\/\",\"name\":\"Institut Chiari de Barcelona\",\"description\":\"\",\"publisher\":{\"@id\":\"https:\/\/institutchiaribcn.com\/pl\/#organization\"},\"potentialAction\":[{\"@type\":\"SearchAction\",\"target\":{\"@type\":\"EntryPoint\",\"urlTemplate\":\"https:\/\/institutchiaribcn.com\/pl\/?s={search_term_string}\"},\"query-input\":{\"@type\":\"PropertyValueSpecification\",\"valueRequired\":true,\"valueName\":\"search_term_string\"}}],\"inLanguage\":\"pl-PL\"},{\"@type\":\"Organization\",\"@id\":\"https:\/\/institutchiaribcn.com\/pl\/#organization\",\"name\":\"Institut Chiari de Barcelona\",\"url\":\"https:\/\/institutchiaribcn.com\/pl\/\",\"logo\":{\"@type\":\"ImageObject\",\"inLanguage\":\"pl-PL\",\"@id\":\"https:\/\/institutchiaribcn.com\/pl\/#\/schema\/logo\/image\/\",\"url\":\"https:\/\/institutchiaribcn.com\/wp-content\/uploads\/2025\/10\/cropped-cropped-icsebNavLogo-1.png\",\"contentUrl\":\"https:\/\/institutchiaribcn.com\/wp-content\/uploads\/2025\/10\/cropped-cropped-icsebNavLogo-1.png\",\"width\":245,\"height\":99,\"caption\":\"Institut Chiari de Barcelona\"},\"image\":{\"@id\":\"https:\/\/institutchiaribcn.com\/pl\/#\/schema\/logo\/image\/\"}}]}<\/script>\n<!-- \/ Yoast SEO plugin. -->","yoast_head_json":{"title":"Filmy rodzinne leczenie | Institut Chiari Barcelona","description":"Przypominamy, \u017ce ewolucja pooperacyjna zale\u017cy od wielu czynnik\u00f3w. Prosz\u0119 nie podejmowa\u0107 \u017cadnej decyzji dotycz\u0105cej swojego... \u00a0 Zobacz wi\u0119cej \u2192","robots":{"index":"index","follow":"follow","max-snippet":"max-snippet:-1","max-image-preview":"max-image-preview:large","max-video-preview":"max-video-preview:-1"},"canonical":"https:\/\/institutchiaribcn.com\/pl\/filmy-rodzinne\/","og_locale":"pl_PL","og_type":"article","og_title":"Filmy rodzinne leczenie | Institut Chiari Barcelona","og_description":"Przypominamy, \u017ce ewolucja pooperacyjna zale\u017cy od wielu czynnik\u00f3w. Prosz\u0119 nie podejmowa\u0107 \u017cadnej decyzji dotycz\u0105cej swojego... \u00a0 Zobacz wi\u0119cej \u2192","og_url":"https:\/\/institutchiaribcn.com\/pl\/filmy-rodzinne\/","og_site_name":"Institut Chiari","article_modified_time":"2026-04-02T08:12:49+00:00","twitter_card":"summary_large_image","twitter_misc":{"Szacowany czas czytania":"1 minuta"},"schema":{"@context":"https:\/\/schema.org","@graph":[{"@type":"WebPage","@id":"https:\/\/institutchiaribcn.com\/pl\/filmy-rodzinne\/","url":"https:\/\/institutchiaribcn.com\/pl\/filmy-rodzinne\/","name":"Filmy rodzinne leczenie | Institut Chiari Barcelona","isPartOf":{"@id":"https:\/\/institutchiaribcn.com\/pl\/#website"},"datePublished":"2025-10-10T19:43:55+00:00","dateModified":"2026-04-02T08:12:49+00:00","description":"Przypominamy, \u017ce ewolucja pooperacyjna zale\u017cy od wielu czynnik\u00f3w. Prosz\u0119 nie podejmowa\u0107 \u017cadnej decyzji dotycz\u0105cej swojego... \u00a0 Zobacz wi\u0119cej \u2192","breadcrumb":{"@id":"https:\/\/institutchiaribcn.com\/pl\/filmy-rodzinne\/#breadcrumb"},"inLanguage":"pl-PL","potentialAction":[{"@type":"ReadAction","target":["https:\/\/institutchiaribcn.com\/pl\/filmy-rodzinne\/"]}]},{"@type":"BreadcrumbList","@id":"https:\/\/institutchiaribcn.com\/pl\/filmy-rodzinne\/#breadcrumb","itemListElement":[{"@type":"ListItem","position":1,"name":"Portada","item":"https:\/\/institutchiaribcn.com\/pl\/"},{"@type":"ListItem","position":2,"name":"Filmy rodzinne"}]},{"@type":"WebSite","@id":"https:\/\/institutchiaribcn.com\/pl\/#website","url":"https:\/\/institutchiaribcn.com\/pl\/","name":"Institut Chiari de Barcelona","description":"","publisher":{"@id":"https:\/\/institutchiaribcn.com\/pl\/#organization"},"potentialAction":[{"@type":"SearchAction","target":{"@type":"EntryPoint","urlTemplate":"https:\/\/institutchiaribcn.com\/pl\/?s={search_term_string}"},"query-input":{"@type":"PropertyValueSpecification","valueRequired":true,"valueName":"search_term_string"}}],"inLanguage":"pl-PL"},{"@type":"Organization","@id":"https:\/\/institutchiaribcn.com\/pl\/#organization","name":"Institut Chiari de Barcelona","url":"https:\/\/institutchiaribcn.com\/pl\/","logo":{"@type":"ImageObject","inLanguage":"pl-PL","@id":"https:\/\/institutchiaribcn.com\/pl\/#\/schema\/logo\/image\/","url":"https:\/\/institutchiaribcn.com\/wp-content\/uploads\/2025\/10\/cropped-cropped-icsebNavLogo-1.png","contentUrl":"https:\/\/institutchiaribcn.com\/wp-content\/uploads\/2025\/10\/cropped-cropped-icsebNavLogo-1.png","width":245,"height":99,"caption":"Institut Chiari de Barcelona"},"image":{"@id":"https:\/\/institutchiaribcn.com\/pl\/#\/schema\/logo\/image\/"}}]}},"_links":{"self":[{"href":"https:\/\/institutchiaribcn.com\/pl\/wp-json\/wp\/v2\/pages\/116233","targetHints":{"allow":["GET"]}}],"collection":[{"href":"https:\/\/institutchiaribcn.com\/pl\/wp-json\/wp\/v2\/pages"}],"about":[{"href":"https:\/\/institutchiaribcn.com\/pl\/wp-json\/wp\/v2\/types\/page"}],"author":[{"embeddable":true,"href":"https:\/\/institutchiaribcn.com\/pl\/wp-json\/wp\/v2\/users\/1"}],"replies":[{"embeddable":true,"href":"https:\/\/institutchiaribcn.com\/pl\/wp-json\/wp\/v2\/comments?post=116233"}],"version-history":[{"count":1,"href":"https:\/\/institutchiaribcn.com\/pl\/wp-json\/wp\/v2\/pages\/116233\/revisions"}],"predecessor-version":[{"id":145143,"href":"https:\/\/institutchiaribcn.com\/pl\/wp-json\/wp\/v2\/pages\/116233\/revisions\/145143"}],"wp:attachment":[{"href":"https:\/\/institutchiaribcn.com\/pl\/wp-json\/wp\/v2\/media?parent=116233"}],"curies":[{"name":"wp","href":"https:\/\/api.w.org\/{rel}","templated":true}]}}