{"id":116219,"date":"2025-10-10T21:38:21","date_gmt":"2025-10-10T19:38:21","guid":{"rendered":"https:\/\/dev.institutchiaribcn.com\/icseb-testimonios-de-familiares\/"},"modified":"2026-02-09T11:35:54","modified_gmt":"2026-02-09T10:35:54","slug":"historie-rodzinne","status":"publish","type":"page","link":"https:\/\/institutchiaribcn.com\/pl\/historie-rodzinne\/","title":{"rendered":"Historie rodzinne"},"content":{"rendered":"\t\t<div data-elementor-type=\"wp-page\" data-elementor-id=\"116219\" class=\"elementor elementor-116219 elementor-115425\" data-elementor-post-type=\"page\">\n\t\t\t\t<div class=\"elementor-element elementor-element-fec4afd e-flex e-con-boxed e-con e-parent\" data-id=\"fec4afd\" data-element_type=\"container\" data-e-type=\"container\" data-settings=\"{&quot;background_background&quot;:&quot;classic&quot;}\">\n\t\t\t\t\t<div class=\"e-con-inner\">\n\t\t<div class=\"elementor-element elementor-element-21225b9 e-con-full e-flex e-con e-child\" data-id=\"21225b9\" data-element_type=\"container\" data-e-type=\"container\">\n\t\t\t\t<div class=\"elementor-element elementor-element-449b353 elementor-widget elementor-widget-heading\" data-id=\"449b353\" data-element_type=\"widget\" data-e-type=\"widget\" data-widget_type=\"heading.default\">\n\t\t\t\t<div class=\"elementor-widget-container\">\n\t\t\t\t\t<h1 class=\"elementor-heading-title elementor-size-default\">Historie rodzinne\n<\/h1>\t\t\t\t<\/div>\n\t\t\t\t<\/div>\n\t\t\t\t<div class=\"elementor-element elementor-element-b10107a elementor-widget elementor-widget-heading\" data-id=\"b10107a\" data-element_type=\"widget\" data-e-type=\"widget\" data-widget_type=\"heading.default\">\n\t\t\t\t<div class=\"elementor-widget-container\">\n\t\t\t\t\t<h2 class=\"elementor-heading-title elementor-size-default\">Institut Chiari &amp; Siringomielia &amp; Escoliosis de Barcelona<\/h2>\t\t\t\t<\/div>\n\t\t\t\t<\/div>\n\t\t\t\t<\/div>\n\t\t\t\t\t<\/div>\n\t\t\t\t<\/div>\n\t\t<div class=\"elementor-element elementor-element-7c31aa0 e-flex e-con-boxed e-con e-parent\" data-id=\"7c31aa0\" data-element_type=\"container\" data-e-type=\"container\">\n\t\t\t\t\t<div class=\"e-con-inner\">\n\t\t\t\t<div class=\"elementor-element elementor-element-9dec313 elementor-widget elementor-widget-text-editor\" data-id=\"9dec313\" data-element_type=\"widget\" data-e-type=\"widget\" data-widget_type=\"text-editor.default\">\n\t\t\t\t<div class=\"elementor-widget-container\">\n\t\t\t\t\t\t\t\t\t<p>Od 20 pa\u017adziernika 1993 do lipca 2017 technik\u0105 Sekcji Filum Terminale, stosuj\u0105c\u00a0<strong>FILUM-SYSTEM<sup>\u00ae<\/sup><\/strong>, zoperowali\u015bmy ponad 1000 pacjent\u00f3w cierpi\u0105cych na Syndrom Nerwowo-Czaszkowo-Kr\u0119gowy i\/albo Chorob\u0119 Filum z Syndromem Arnolda Chiari I, Jamisto\u015bci\u0105 rdzenia i Skolioz\u0105. W wi\u0119kszo\u015bci przypadk\u00f3w, z wyj\u0105tkiem 5 zoperowanych os\u00f3b z niewielkimi komplikacjami, otrzymali\u015bmy zadowalaj\u0105ce rezultaty.<\/p><p>Do tej pory, nie ma opublikowanych bada\u0144 na temat Choroby Filum w odniesieniu do dziedziczenia genetycznego. Niemniej jednak w odniesieniu do wspomnianych wcze\u015bniej schorze\u0144, z kt\u00f3rych sk\u0142ada si\u0119 choroba oraz bada\u0144 w\u0142asnych Instytutu, mo\u017cemy stwierdzi\u0107, \u017ce istnieje wyra\u017any czynnik dziedziczny. Je\u015bli dodamy cz\u0119stotliwo\u015b\u0107 wyst\u0119powania tej choroby u 20% ludno\u015bci \u015bwiata, jest zrozumia\u0142e, \u017ce w wielu rodzinach jest wi\u0119cej ni\u017c jedna osoba cierpi\u0105ca na w\/w chorob\u0119.<\/p><p>W ICSEB udzielamy rodzinom pacjent\u00f3w zdiagnozowanych, kilka porad w celu wczesnego wykrycia Choroby Filum, aby m\u00f3c zastosowa\u0107 jak najszybciej\u00a0<strong>FILUM-SYSTEM<sup>\u00ae<\/sup><\/strong>\u00a0tak\u017ce w ich przypadku.<\/p><p>W cz\u0119\u015bci dotycz\u0105cej historii rodzinnych, zoperowani pacjenci opowiadaj\u0105 o wszystkich swoich do\u015bwiadczeniach, i w ten spos\u00f3b daj\u0105 przyk\u0142ad tego, \u017ce choroba mo\u017ce dotyka\u0107 kilku cz\u0142onk\u00f3w tej samej rodziny. Jeste\u015bmy wdzi\u0119czni za ich szczero\u015b\u0107 i bezinteresowne zaanga\u017cowanie, opiniuj\u0105c nasz\u0105 ekskluzywn\u0105 metod\u0119 leczenia<\/p><p>\u00a0<\/p><p><strong>UWAGA:\u00a0<\/strong><i>Za opinie przedstawione w opublikowanych tu historiach odpowiedzialni s\u0105 tylko i wy\u0142\u0105cznie ich autorzy i niekoniecznie zgadzaj\u0105 si\u0119 z punktem widzenia Instytutu Chiari &amp; Siringomielia &amp; Escoliosis w Barcelonie.<\/i><\/p>\t\t\t\t\t\t\t\t<\/div>\n\t\t\t\t<\/div>\n\t\t\t\t\t<\/div>\n\t\t\t\t<\/div>\n\t\t\t\t<\/div>\n\t\t","protected":false},"excerpt":{"rendered":"<p>Historie rodzinne Institut Chiari &amp; Siringomielia &amp; Escoliosis de Barcelona Od 20 pa\u017adziernika 1993 do lipca 2017 technik\u0105 Sekcji Filum Terminale, stosuj\u0105c\u00a0FILUM-SYSTEM\u00ae, zoperowali\u015bmy ponad 1000 pacjent\u00f3w cierpi\u0105cych na Syndrom Nerwowo-Czaszkowo-Kr\u0119gowy i\/albo Chorob\u0119 Filum z Syndromem Arnolda Chiari I, Jamisto\u015bci\u0105 rdzenia i Skolioz\u0105. W wi\u0119kszo\u015bci przypadk\u00f3w, z wyj\u0105tkiem 5 zoperowanych os\u00f3b z niewielkimi komplikacjami, otrzymali\u015bmy zadowalaj\u0105ce [&hellip;]<\/p>\n","protected":false},"author":1,"featured_media":0,"parent":0,"menu_order":0,"comment_status":"closed","ping_status":"closed","template":"","meta":{"footnotes":""},"class_list":["post-116219","page","type-page","status-publish","hentry"],"yoast_head":"<!-- This site is optimized with the Yoast SEO plugin v27.4 - https:\/\/yoast.com\/product\/yoast-seo-wordpress\/ -->\n<title>Historie rodzinne pacjent\u00f3w | ICSEB<\/title>\n<meta name=\"description\" content=\"Historie rodzinne pacjent\u00f3w przedstawione w formie wideo i relacji o przebiegu diagnozy, leczenia i rekonwalescencji w ICSEB.\" \/>\n<meta name=\"robots\" content=\"index, follow, max-snippet:-1, max-image-preview:large, max-video-preview:-1\" \/>\n<link rel=\"canonical\" href=\"https:\/\/institutchiaribcn.com\/pl\/historie-rodzinne\/\" \/>\n<meta property=\"og:locale\" content=\"pl_PL\" \/>\n<meta property=\"og:type\" content=\"article\" \/>\n<meta property=\"og:title\" content=\"Historie rodzinne pacjent\u00f3w | ICSEB\" \/>\n<meta property=\"og:description\" content=\"Historie rodzinne pacjent\u00f3w przedstawione w formie wideo i relacji o przebiegu diagnozy, leczenia i rekonwalescencji w ICSEB.\" \/>\n<meta property=\"og:url\" content=\"https:\/\/institutchiaribcn.com\/pl\/historie-rodzinne\/\" \/>\n<meta property=\"og:site_name\" content=\"Institut Chiari\" \/>\n<meta property=\"article:modified_time\" content=\"2026-02-09T10:35:54+00:00\" \/>\n<meta name=\"twitter:card\" content=\"summary_large_image\" \/>\n<meta name=\"twitter:label1\" content=\"Szacowany czas czytania\" \/>\n\t<meta name=\"twitter:data1\" content=\"1 minuta\" \/>\n<script type=\"application\/ld+json\" class=\"yoast-schema-graph\">{\"@context\":\"https:\\\/\\\/schema.org\",\"@graph\":[{\"@type\":\"WebPage\",\"@id\":\"https:\\\/\\\/institutchiaribcn.com\\\/pl\\\/historie-rodzinne\\\/\",\"url\":\"https:\\\/\\\/institutchiaribcn.com\\\/pl\\\/historie-rodzinne\\\/\",\"name\":\"Historie rodzinne pacjent\u00f3w | ICSEB\",\"isPartOf\":{\"@id\":\"https:\\\/\\\/institutchiaribcn.com\\\/pl\\\/#website\"},\"datePublished\":\"2025-10-10T19:38:21+00:00\",\"dateModified\":\"2026-02-09T10:35:54+00:00\",\"description\":\"Historie rodzinne pacjent\u00f3w przedstawione w formie wideo i relacji o przebiegu diagnozy, leczenia i rekonwalescencji w ICSEB.\",\"breadcrumb\":{\"@id\":\"https:\\\/\\\/institutchiaribcn.com\\\/pl\\\/historie-rodzinne\\\/#breadcrumb\"},\"inLanguage\":\"pl-PL\",\"potentialAction\":[{\"@type\":\"ReadAction\",\"target\":[\"https:\\\/\\\/institutchiaribcn.com\\\/pl\\\/historie-rodzinne\\\/\"]}]},{\"@type\":\"BreadcrumbList\",\"@id\":\"https:\\\/\\\/institutchiaribcn.com\\\/pl\\\/historie-rodzinne\\\/#breadcrumb\",\"itemListElement\":[{\"@type\":\"ListItem\",\"position\":1,\"name\":\"Portada\",\"item\":\"https:\\\/\\\/institutchiaribcn.com\\\/pl\\\/\"},{\"@type\":\"ListItem\",\"position\":2,\"name\":\"Historie rodzinne\"}]},{\"@type\":\"WebSite\",\"@id\":\"https:\\\/\\\/institutchiaribcn.com\\\/pl\\\/#website\",\"url\":\"https:\\\/\\\/institutchiaribcn.com\\\/pl\\\/\",\"name\":\"Institut Chiari de Barcelona\",\"description\":\"\",\"publisher\":{\"@id\":\"https:\\\/\\\/institutchiaribcn.com\\\/pl\\\/#organization\"},\"potentialAction\":[{\"@type\":\"SearchAction\",\"target\":{\"@type\":\"EntryPoint\",\"urlTemplate\":\"https:\\\/\\\/institutchiaribcn.com\\\/pl\\\/?s={search_term_string}\"},\"query-input\":{\"@type\":\"PropertyValueSpecification\",\"valueRequired\":true,\"valueName\":\"search_term_string\"}}],\"inLanguage\":\"pl-PL\"},{\"@type\":\"Organization\",\"@id\":\"https:\\\/\\\/institutchiaribcn.com\\\/pl\\\/#organization\",\"name\":\"Institut Chiari de Barcelona\",\"url\":\"https:\\\/\\\/institutchiaribcn.com\\\/pl\\\/\",\"logo\":{\"@type\":\"ImageObject\",\"inLanguage\":\"pl-PL\",\"@id\":\"https:\\\/\\\/institutchiaribcn.com\\\/pl\\\/#\\\/schema\\\/logo\\\/image\\\/\",\"url\":\"https:\\\/\\\/institutchiaribcn.com\\\/wp-content\\\/uploads\\\/2025\\\/10\\\/cropped-cropped-icsebNavLogo-1.png\",\"contentUrl\":\"https:\\\/\\\/institutchiaribcn.com\\\/wp-content\\\/uploads\\\/2025\\\/10\\\/cropped-cropped-icsebNavLogo-1.png\",\"width\":245,\"height\":99,\"caption\":\"Institut Chiari de Barcelona\"},\"image\":{\"@id\":\"https:\\\/\\\/institutchiaribcn.com\\\/pl\\\/#\\\/schema\\\/logo\\\/image\\\/\"}}]}<\/script>\n<!-- \/ Yoast SEO plugin. -->","yoast_head_json":{"title":"Historie rodzinne pacjent\u00f3w | ICSEB","description":"Historie rodzinne pacjent\u00f3w przedstawione w formie wideo i relacji o przebiegu diagnozy, leczenia i rekonwalescencji w ICSEB.","robots":{"index":"index","follow":"follow","max-snippet":"max-snippet:-1","max-image-preview":"max-image-preview:large","max-video-preview":"max-video-preview:-1"},"canonical":"https:\/\/institutchiaribcn.com\/pl\/historie-rodzinne\/","og_locale":"pl_PL","og_type":"article","og_title":"Historie rodzinne pacjent\u00f3w | ICSEB","og_description":"Historie rodzinne pacjent\u00f3w przedstawione w formie wideo i relacji o przebiegu diagnozy, leczenia i rekonwalescencji w ICSEB.","og_url":"https:\/\/institutchiaribcn.com\/pl\/historie-rodzinne\/","og_site_name":"Institut Chiari","article_modified_time":"2026-02-09T10:35:54+00:00","twitter_card":"summary_large_image","twitter_misc":{"Szacowany czas czytania":"1 minuta"},"schema":{"@context":"https:\/\/schema.org","@graph":[{"@type":"WebPage","@id":"https:\/\/institutchiaribcn.com\/pl\/historie-rodzinne\/","url":"https:\/\/institutchiaribcn.com\/pl\/historie-rodzinne\/","name":"Historie rodzinne pacjent\u00f3w | ICSEB","isPartOf":{"@id":"https:\/\/institutchiaribcn.com\/pl\/#website"},"datePublished":"2025-10-10T19:38:21+00:00","dateModified":"2026-02-09T10:35:54+00:00","description":"Historie rodzinne pacjent\u00f3w przedstawione w formie wideo i relacji o przebiegu diagnozy, leczenia i rekonwalescencji w ICSEB.","breadcrumb":{"@id":"https:\/\/institutchiaribcn.com\/pl\/historie-rodzinne\/#breadcrumb"},"inLanguage":"pl-PL","potentialAction":[{"@type":"ReadAction","target":["https:\/\/institutchiaribcn.com\/pl\/historie-rodzinne\/"]}]},{"@type":"BreadcrumbList","@id":"https:\/\/institutchiaribcn.com\/pl\/historie-rodzinne\/#breadcrumb","itemListElement":[{"@type":"ListItem","position":1,"name":"Portada","item":"https:\/\/institutchiaribcn.com\/pl\/"},{"@type":"ListItem","position":2,"name":"Historie rodzinne"}]},{"@type":"WebSite","@id":"https:\/\/institutchiaribcn.com\/pl\/#website","url":"https:\/\/institutchiaribcn.com\/pl\/","name":"Institut Chiari de Barcelona","description":"","publisher":{"@id":"https:\/\/institutchiaribcn.com\/pl\/#organization"},"potentialAction":[{"@type":"SearchAction","target":{"@type":"EntryPoint","urlTemplate":"https:\/\/institutchiaribcn.com\/pl\/?s={search_term_string}"},"query-input":{"@type":"PropertyValueSpecification","valueRequired":true,"valueName":"search_term_string"}}],"inLanguage":"pl-PL"},{"@type":"Organization","@id":"https:\/\/institutchiaribcn.com\/pl\/#organization","name":"Institut Chiari de Barcelona","url":"https:\/\/institutchiaribcn.com\/pl\/","logo":{"@type":"ImageObject","inLanguage":"pl-PL","@id":"https:\/\/institutchiaribcn.com\/pl\/#\/schema\/logo\/image\/","url":"https:\/\/institutchiaribcn.com\/wp-content\/uploads\/2025\/10\/cropped-cropped-icsebNavLogo-1.png","contentUrl":"https:\/\/institutchiaribcn.com\/wp-content\/uploads\/2025\/10\/cropped-cropped-icsebNavLogo-1.png","width":245,"height":99,"caption":"Institut Chiari de Barcelona"},"image":{"@id":"https:\/\/institutchiaribcn.com\/pl\/#\/schema\/logo\/image\/"}}]}},"_links":{"self":[{"href":"https:\/\/institutchiaribcn.com\/pl\/wp-json\/wp\/v2\/pages\/116219","targetHints":{"allow":["GET"]}}],"collection":[{"href":"https:\/\/institutchiaribcn.com\/pl\/wp-json\/wp\/v2\/pages"}],"about":[{"href":"https:\/\/institutchiaribcn.com\/pl\/wp-json\/wp\/v2\/types\/page"}],"author":[{"embeddable":true,"href":"https:\/\/institutchiaribcn.com\/pl\/wp-json\/wp\/v2\/users\/1"}],"replies":[{"embeddable":true,"href":"https:\/\/institutchiaribcn.com\/pl\/wp-json\/wp\/v2\/comments?post=116219"}],"version-history":[{"count":1,"href":"https:\/\/institutchiaribcn.com\/pl\/wp-json\/wp\/v2\/pages\/116219\/revisions"}],"predecessor-version":[{"id":145087,"href":"https:\/\/institutchiaribcn.com\/pl\/wp-json\/wp\/v2\/pages\/116219\/revisions\/145087"}],"wp:attachment":[{"href":"https:\/\/institutchiaribcn.com\/pl\/wp-json\/wp\/v2\/media?parent=116219"}],"curies":[{"name":"wp","href":"https:\/\/api.w.org\/{rel}","templated":true}]}}