{"id":116212,"date":"2025-10-10T21:37:01","date_gmt":"2025-10-10T19:37:01","guid":{"rendered":"https:\/\/dev.institutchiaribcn.com\/intervenidos-de-columna-vertebral-testimonios\/"},"modified":"2026-02-05T09:50:31","modified_gmt":"2026-02-05T08:50:31","slug":"pacjenci-po-operacji-kregoslupa","status":"publish","type":"page","link":"https:\/\/institutchiaribcn.com\/pl\/pacjenci-po-operacji-kregoslupa\/","title":{"rendered":"Pacjenci operowani na kr\u0119gos\u0142up"},"content":{"rendered":"\t\t<div data-elementor-type=\"wp-page\" data-elementor-id=\"116212\" class=\"elementor elementor-116212 elementor-115419\" data-elementor-post-type=\"page\">\n\t\t\t\t<div class=\"elementor-element elementor-element-0439f45 e-flex e-con-boxed e-con e-parent\" data-id=\"0439f45\" data-element_type=\"container\" data-e-type=\"container\" data-settings=\"{&quot;background_background&quot;:&quot;classic&quot;}\">\n\t\t\t\t\t<div class=\"e-con-inner\">\n\t\t<div class=\"elementor-element elementor-element-dbbd51c e-con-full e-flex e-con e-child\" data-id=\"dbbd51c\" data-element_type=\"container\" data-e-type=\"container\">\n\t\t\t\t<div class=\"elementor-element elementor-element-157d279 elementor-widget elementor-widget-heading\" data-id=\"157d279\" data-element_type=\"widget\" data-e-type=\"widget\" data-widget_type=\"heading.default\">\n\t\t\t\t<div class=\"elementor-widget-container\">\n\t\t\t\t\t<h1 class=\"elementor-heading-title elementor-size-default\">Pacjenci operowani na kr\u0119gos\u0142up\n<\/h1>\t\t\t\t<\/div>\n\t\t\t\t<\/div>\n\t\t\t\t<div class=\"elementor-element elementor-element-843b269 elementor-widget elementor-widget-heading\" data-id=\"843b269\" data-element_type=\"widget\" data-e-type=\"widget\" data-widget_type=\"heading.default\">\n\t\t\t\t<div class=\"elementor-widget-container\">\n\t\t\t\t\t<h2 class=\"elementor-heading-title elementor-size-default\">Institut Chiari &amp; Siringomielia &amp; Escoliosis de Barcelona<\/h2>\t\t\t\t<\/div>\n\t\t\t\t<\/div>\n\t\t\t\t<\/div>\n\t\t\t\t\t<\/div>\n\t\t\t\t<\/div>\n\t\t<div class=\"elementor-element elementor-element-d97c481 e-flex e-con-boxed e-con e-parent\" data-id=\"d97c481\" data-element_type=\"container\" data-e-type=\"container\">\n\t\t\t\t\t<div class=\"e-con-inner\">\n\t\t\t\t<div class=\"elementor-element elementor-element-b837058 elementor-widget elementor-widget-text-editor\" data-id=\"b837058\" data-element_type=\"widget\" data-e-type=\"widget\" data-widget_type=\"text-editor.default\">\n\t\t\t\t<div class=\"elementor-widget-container\">\n\t\t\t\t\t\t\t\t\t<p><strong>UWAGA:\u00a0<\/strong><i>Za opinie przedstawione w opublikowanych tu historiach odpowiedzialni s\u0105 tylko i wy\u0142\u0105cznie ich autorzy i niekoniecznie zgadzaj\u0105 si\u0119 z punktem widzenia Instytutu Chiari &amp; Siringomielia &amp; Escoliosis w Barcelonie.<\/i><\/p>\t\t\t\t\t\t\t\t<\/div>\n\t\t\t\t<\/div>\n\t\t\t\t\t<\/div>\n\t\t\t\t<\/div>\n\t\t\t\t<\/div>\n\t\t","protected":false},"excerpt":{"rendered":"<p>Pacjenci operowani na kr\u0119gos\u0142up Institut Chiari &amp; Siringomielia &amp; Escoliosis de Barcelona UWAGA:\u00a0Za opinie przedstawione w opublikowanych tu historiach odpowiedzialni s\u0105 tylko i wy\u0142\u0105cznie ich autorzy i niekoniecznie zgadzaj\u0105 si\u0119 z punktem widzenia Instytutu Chiari &amp; Siringomielia &amp; Escoliosis w Barcelonie.<\/p>\n","protected":false},"author":1,"featured_media":0,"parent":0,"menu_order":0,"comment_status":"closed","ping_status":"closed","template":"","meta":{"footnotes":""},"class_list":["post-116212","page","type-page","status-publish","hentry"],"yoast_head":"<!-- This site is optimized with the Yoast SEO plugin v27.1.1 - https:\/\/yoast.com\/product\/yoast-seo-wordpress\/ -->\n<title>Pacjenci po operacji kr\u0119gos\u0142upa | ICSEB<\/title>\n<meta name=\"description\" content=\"Sekcja po\u015bwi\u0119cona pacjentom po operacji kr\u0119gos\u0142upa, zawieraj\u0105ca tre\u015bci informacyjne publikowane przez Institut Chiari Barcelona.\" \/>\n<meta name=\"robots\" content=\"index, follow, max-snippet:-1, max-image-preview:large, max-video-preview:-1\" \/>\n<link rel=\"canonical\" href=\"https:\/\/institutchiaribcn.com\/pl\/pacjenci-po-operacji-kregoslupa\/\" \/>\n<meta property=\"og:locale\" content=\"pl_PL\" \/>\n<meta property=\"og:type\" content=\"article\" \/>\n<meta property=\"og:title\" content=\"Pacjenci po operacji kr\u0119gos\u0142upa | ICSEB\" \/>\n<meta property=\"og:description\" content=\"Sekcja po\u015bwi\u0119cona pacjentom po operacji kr\u0119gos\u0142upa, zawieraj\u0105ca tre\u015bci informacyjne publikowane przez Institut Chiari Barcelona.\" \/>\n<meta property=\"og:url\" content=\"https:\/\/institutchiaribcn.com\/pl\/pacjenci-po-operacji-kregoslupa\/\" \/>\n<meta property=\"og:site_name\" content=\"Institut Chiari\" \/>\n<meta property=\"article:modified_time\" content=\"2026-02-05T08:50:31+00:00\" \/>\n<meta name=\"twitter:card\" content=\"summary_large_image\" \/>\n<meta name=\"twitter:label1\" content=\"Szacowany czas czytania\" \/>\n\t<meta name=\"twitter:data1\" content=\"1 minuta\" \/>\n<script type=\"application\/ld+json\" class=\"yoast-schema-graph\">{\"@context\":\"https:\/\/schema.org\",\"@graph\":[{\"@type\":\"WebPage\",\"@id\":\"https:\/\/institutchiaribcn.com\/pl\/pacjenci-po-operacji-kregoslupa\/\",\"url\":\"https:\/\/institutchiaribcn.com\/pl\/pacjenci-po-operacji-kregoslupa\/\",\"name\":\"Pacjenci po operacji kr\u0119gos\u0142upa | ICSEB\",\"isPartOf\":{\"@id\":\"https:\/\/institutchiaribcn.com\/pl\/#website\"},\"datePublished\":\"2025-10-10T19:37:01+00:00\",\"dateModified\":\"2026-02-05T08:50:31+00:00\",\"description\":\"Sekcja po\u015bwi\u0119cona pacjentom po operacji kr\u0119gos\u0142upa, zawieraj\u0105ca tre\u015bci informacyjne publikowane przez Institut Chiari Barcelona.\",\"breadcrumb\":{\"@id\":\"https:\/\/institutchiaribcn.com\/pl\/pacjenci-po-operacji-kregoslupa\/#breadcrumb\"},\"inLanguage\":\"pl-PL\",\"potentialAction\":[{\"@type\":\"ReadAction\",\"target\":[\"https:\/\/institutchiaribcn.com\/pl\/pacjenci-po-operacji-kregoslupa\/\"]}]},{\"@type\":\"BreadcrumbList\",\"@id\":\"https:\/\/institutchiaribcn.com\/pl\/pacjenci-po-operacji-kregoslupa\/#breadcrumb\",\"itemListElement\":[{\"@type\":\"ListItem\",\"position\":1,\"name\":\"Portada\",\"item\":\"https:\/\/institutchiaribcn.com\/pl\/\"},{\"@type\":\"ListItem\",\"position\":2,\"name\":\"Pacjenci operowani na kr\u0119gos\u0142up\"}]},{\"@type\":\"WebSite\",\"@id\":\"https:\/\/institutchiaribcn.com\/pl\/#website\",\"url\":\"https:\/\/institutchiaribcn.com\/pl\/\",\"name\":\"Institut Chiari de Barcelona\",\"description\":\"\",\"publisher\":{\"@id\":\"https:\/\/institutchiaribcn.com\/pl\/#organization\"},\"potentialAction\":[{\"@type\":\"SearchAction\",\"target\":{\"@type\":\"EntryPoint\",\"urlTemplate\":\"https:\/\/institutchiaribcn.com\/pl\/?s={search_term_string}\"},\"query-input\":{\"@type\":\"PropertyValueSpecification\",\"valueRequired\":true,\"valueName\":\"search_term_string\"}}],\"inLanguage\":\"pl-PL\"},{\"@type\":\"Organization\",\"@id\":\"https:\/\/institutchiaribcn.com\/pl\/#organization\",\"name\":\"Institut Chiari de Barcelona\",\"url\":\"https:\/\/institutchiaribcn.com\/pl\/\",\"logo\":{\"@type\":\"ImageObject\",\"inLanguage\":\"pl-PL\",\"@id\":\"https:\/\/institutchiaribcn.com\/pl\/#\/schema\/logo\/image\/\",\"url\":\"https:\/\/institutchiaribcn.com\/wp-content\/uploads\/2025\/10\/cropped-cropped-icsebNavLogo-1.png\",\"contentUrl\":\"https:\/\/institutchiaribcn.com\/wp-content\/uploads\/2025\/10\/cropped-cropped-icsebNavLogo-1.png\",\"width\":245,\"height\":99,\"caption\":\"Institut Chiari de Barcelona\"},\"image\":{\"@id\":\"https:\/\/institutchiaribcn.com\/pl\/#\/schema\/logo\/image\/\"}}]}<\/script>\n<!-- \/ Yoast SEO plugin. -->","yoast_head_json":{"title":"Pacjenci po operacji kr\u0119gos\u0142upa | ICSEB","description":"Sekcja po\u015bwi\u0119cona pacjentom po operacji kr\u0119gos\u0142upa, zawieraj\u0105ca tre\u015bci informacyjne publikowane przez Institut Chiari Barcelona.","robots":{"index":"index","follow":"follow","max-snippet":"max-snippet:-1","max-image-preview":"max-image-preview:large","max-video-preview":"max-video-preview:-1"},"canonical":"https:\/\/institutchiaribcn.com\/pl\/pacjenci-po-operacji-kregoslupa\/","og_locale":"pl_PL","og_type":"article","og_title":"Pacjenci po operacji kr\u0119gos\u0142upa | ICSEB","og_description":"Sekcja po\u015bwi\u0119cona pacjentom po operacji kr\u0119gos\u0142upa, zawieraj\u0105ca tre\u015bci informacyjne publikowane przez Institut Chiari Barcelona.","og_url":"https:\/\/institutchiaribcn.com\/pl\/pacjenci-po-operacji-kregoslupa\/","og_site_name":"Institut Chiari","article_modified_time":"2026-02-05T08:50:31+00:00","twitter_card":"summary_large_image","twitter_misc":{"Szacowany czas czytania":"1 minuta"},"schema":{"@context":"https:\/\/schema.org","@graph":[{"@type":"WebPage","@id":"https:\/\/institutchiaribcn.com\/pl\/pacjenci-po-operacji-kregoslupa\/","url":"https:\/\/institutchiaribcn.com\/pl\/pacjenci-po-operacji-kregoslupa\/","name":"Pacjenci po operacji kr\u0119gos\u0142upa | ICSEB","isPartOf":{"@id":"https:\/\/institutchiaribcn.com\/pl\/#website"},"datePublished":"2025-10-10T19:37:01+00:00","dateModified":"2026-02-05T08:50:31+00:00","description":"Sekcja po\u015bwi\u0119cona pacjentom po operacji kr\u0119gos\u0142upa, zawieraj\u0105ca tre\u015bci informacyjne publikowane przez Institut Chiari Barcelona.","breadcrumb":{"@id":"https:\/\/institutchiaribcn.com\/pl\/pacjenci-po-operacji-kregoslupa\/#breadcrumb"},"inLanguage":"pl-PL","potentialAction":[{"@type":"ReadAction","target":["https:\/\/institutchiaribcn.com\/pl\/pacjenci-po-operacji-kregoslupa\/"]}]},{"@type":"BreadcrumbList","@id":"https:\/\/institutchiaribcn.com\/pl\/pacjenci-po-operacji-kregoslupa\/#breadcrumb","itemListElement":[{"@type":"ListItem","position":1,"name":"Portada","item":"https:\/\/institutchiaribcn.com\/pl\/"},{"@type":"ListItem","position":2,"name":"Pacjenci operowani na kr\u0119gos\u0142up"}]},{"@type":"WebSite","@id":"https:\/\/institutchiaribcn.com\/pl\/#website","url":"https:\/\/institutchiaribcn.com\/pl\/","name":"Institut Chiari de Barcelona","description":"","publisher":{"@id":"https:\/\/institutchiaribcn.com\/pl\/#organization"},"potentialAction":[{"@type":"SearchAction","target":{"@type":"EntryPoint","urlTemplate":"https:\/\/institutchiaribcn.com\/pl\/?s={search_term_string}"},"query-input":{"@type":"PropertyValueSpecification","valueRequired":true,"valueName":"search_term_string"}}],"inLanguage":"pl-PL"},{"@type":"Organization","@id":"https:\/\/institutchiaribcn.com\/pl\/#organization","name":"Institut Chiari de Barcelona","url":"https:\/\/institutchiaribcn.com\/pl\/","logo":{"@type":"ImageObject","inLanguage":"pl-PL","@id":"https:\/\/institutchiaribcn.com\/pl\/#\/schema\/logo\/image\/","url":"https:\/\/institutchiaribcn.com\/wp-content\/uploads\/2025\/10\/cropped-cropped-icsebNavLogo-1.png","contentUrl":"https:\/\/institutchiaribcn.com\/wp-content\/uploads\/2025\/10\/cropped-cropped-icsebNavLogo-1.png","width":245,"height":99,"caption":"Institut Chiari de Barcelona"},"image":{"@id":"https:\/\/institutchiaribcn.com\/pl\/#\/schema\/logo\/image\/"}}]}},"_links":{"self":[{"href":"https:\/\/institutchiaribcn.com\/pl\/wp-json\/wp\/v2\/pages\/116212","targetHints":{"allow":["GET"]}}],"collection":[{"href":"https:\/\/institutchiaribcn.com\/pl\/wp-json\/wp\/v2\/pages"}],"about":[{"href":"https:\/\/institutchiaribcn.com\/pl\/wp-json\/wp\/v2\/types\/page"}],"author":[{"embeddable":true,"href":"https:\/\/institutchiaribcn.com\/pl\/wp-json\/wp\/v2\/users\/1"}],"replies":[{"embeddable":true,"href":"https:\/\/institutchiaribcn.com\/pl\/wp-json\/wp\/v2\/comments?post=116212"}],"version-history":[{"count":1,"href":"https:\/\/institutchiaribcn.com\/pl\/wp-json\/wp\/v2\/pages\/116212\/revisions"}],"predecessor-version":[{"id":144971,"href":"https:\/\/institutchiaribcn.com\/pl\/wp-json\/wp\/v2\/pages\/116212\/revisions\/144971"}],"wp:attachment":[{"href":"https:\/\/institutchiaribcn.com\/pl\/wp-json\/wp\/v2\/media?parent=116212"}],"curies":[{"name":"wp","href":"https:\/\/api.w.org\/{rel}","templated":true}]}}