{"id":116198,"date":"2025-10-10T21:31:26","date_gmt":"2025-10-10T19:31:26","guid":{"rendered":"https:\/\/dev.institutchiaribcn.com\/sft-tras-laminectomia-y-colocacion-cateter-testimonios\/"},"modified":"2026-02-05T12:44:41","modified_gmt":"2026-02-05T11:44:41","slug":"sft-po-wczesniejszej-laminectomii-i-zalozeniu-drenu","status":"publish","type":"page","link":"https:\/\/institutchiaribcn.com\/pl\/sft-po-wczesniejszej-laminectomii-i-zalozeniu-drenu\/","title":{"rendered":"SFT po wcze\u015bniejszej laminectomii i za\u0142o\u017ceniu drenu"},"content":{"rendered":"\t\t<div data-elementor-type=\"wp-page\" data-elementor-id=\"116198\" class=\"elementor elementor-116198 elementor-115408\" data-elementor-post-type=\"page\">\n\t\t\t\t<div class=\"elementor-element elementor-element-77ab93f e-flex e-con-boxed e-con e-parent\" data-id=\"77ab93f\" data-element_type=\"container\" data-e-type=\"container\" data-settings=\"{&quot;background_background&quot;:&quot;classic&quot;}\">\n\t\t\t\t\t<div class=\"e-con-inner\">\n\t\t<div class=\"elementor-element elementor-element-649134d e-con-full e-flex e-con e-child\" data-id=\"649134d\" data-element_type=\"container\" data-e-type=\"container\">\n\t\t\t\t<div class=\"elementor-element elementor-element-52c5328 elementor-widget elementor-widget-heading\" data-id=\"52c5328\" data-element_type=\"widget\" data-e-type=\"widget\" data-widget_type=\"heading.default\">\n\t\t\t\t<div class=\"elementor-widget-container\">\n\t\t\t\t\t<h1 class=\"elementor-heading-title elementor-size-default\">SFT po wcze\u015bniejszej laminectomii i za\u0142o\u017ceniu drenu\n<\/h1>\t\t\t\t<\/div>\n\t\t\t\t<\/div>\n\t\t\t\t<div class=\"elementor-element elementor-element-c4008fe elementor-widget elementor-widget-heading\" data-id=\"c4008fe\" data-element_type=\"widget\" data-e-type=\"widget\" data-widget_type=\"heading.default\">\n\t\t\t\t<div class=\"elementor-widget-container\">\n\t\t\t\t\t<h2 class=\"elementor-heading-title elementor-size-default\">Institut Chiari &amp; Siringomielia &amp; Escoliosis de Barcelona<\/h2>\t\t\t\t<\/div>\n\t\t\t\t<\/div>\n\t\t\t\t<\/div>\n\t\t\t\t\t<\/div>\n\t\t\t\t<\/div>\n\t\t<div class=\"elementor-element elementor-element-deede35 e-flex e-con-boxed e-con e-parent\" data-id=\"deede35\" data-element_type=\"container\" data-e-type=\"container\">\n\t\t\t\t\t<div class=\"e-con-inner\">\n\t\t\t\t<div class=\"elementor-element elementor-element-f2976ec elementor-widget elementor-widget-text-editor\" data-id=\"f2976ec\" data-element_type=\"widget\" data-e-type=\"widget\" data-widget_type=\"text-editor.default\">\n\t\t\t\t<div class=\"elementor-widget-container\">\n\t\t\t\t\t\t\t\t\t<p>Odprowadzenie p\u0142ynu z jamy syringomielicznej poprzez zabieg laminectomii i za\u0142o\u017cenie drenu, wed\u0142ug naszych bada\u0144, eliminuje jedynie jej p\u0142ynn\u0105 zawarto\u015b\u0107, jednak nie eliminuje przyczyny choroby. Za przyczyn\u0119 idiopatycznej jamisto\u015bci rdzenia ICSEB uwa\u017ca brak poprawnego ukrwienia tkanki nerwowej w centrum rdzenia kr\u0119gowego, co spowodowane jest jego nadmiernym napi\u0119ciem pochodz\u0105cym od anormalnie napi\u0119tego filum terminale.<\/p><p>W konsekwencji, gdy torbiel jest napi\u0119ta, za\u0142o\u017cenie drenu wewn\u0105trzrdzeniowego mo\u017ce spowodowa\u0107 uraz z r\u00f3wnoczesnym bardzo niewielkim po\u017cytkiem, kt\u00f3ry jest wynikiem eliminacji efekt\u00f3w napi\u0119cia torbieli.<\/p><p>Z drugiej strony, je\u015bli jama, do kt\u00f3rej zak\u0142ada si\u0119 dren nie jest napi\u0119ta, wtedy mo\u017cliwe jest jedynie uszkodzenie tkanki nerwowej, bez \u017cadnych p\u0142yn\u0105cych z tego zabiegu korzy\u015bci.<\/p><p>Po zastosowaniu zabiegu SFT, jama syringomieliczna ma tendencj\u0119 do zanikania z czasem, nawet w przypadku bardzo napi\u0119tych torbieli.<\/p><p><strong>UWAGA:\u00a0<\/strong><i>Opinie pacjent\u00f3w wyra\u017cone w poni\u017cszych historiach s\u0105 publikowane na wy\u0142\u0105czn\u0105 odpowiedzialno\u015b\u0107 ich autor\u00f3w i niekoniecznie odzwierciedlaj\u0105 punkt widzenia Instytutu Chiari &amp; Siringomielia &amp; Escoliosis de Barcelona.<\/i><\/p>\t\t\t\t\t\t\t\t<\/div>\n\t\t\t\t<\/div>\n\t\t\t\t\t<\/div>\n\t\t\t\t<\/div>\n\t\t\t\t<\/div>\n\t\t","protected":false},"excerpt":{"rendered":"<p>SFT po wcze\u015bniejszej laminectomii i za\u0142o\u017ceniu drenu Institut Chiari &amp; Siringomielia &amp; Escoliosis de Barcelona Odprowadzenie p\u0142ynu z jamy syringomielicznej poprzez zabieg laminectomii i za\u0142o\u017cenie drenu, wed\u0142ug naszych bada\u0144, eliminuje jedynie jej p\u0142ynn\u0105 zawarto\u015b\u0107, jednak nie eliminuje przyczyny choroby. Za przyczyn\u0119 idiopatycznej jamisto\u015bci rdzenia ICSEB uwa\u017ca brak poprawnego ukrwienia tkanki nerwowej w centrum rdzenia kr\u0119gowego, [&hellip;]<\/p>\n","protected":false},"author":1,"featured_media":0,"parent":0,"menu_order":0,"comment_status":"closed","ping_status":"closed","template":"","meta":{"footnotes":""},"class_list":["post-116198","page","type-page","status-publish","hentry"],"yoast_head":"<!-- This site is optimized with the Yoast SEO plugin v27.1.1 - https:\/\/yoast.com\/product\/yoast-seo-wordpress\/ -->\n<title>SFT po laminektomii i drenie \u2013 poprawa syringomielii | ICSEB<\/title>\n<meta name=\"description\" content=\"SFT po wcze\u015bniejszej laminektomii i za\u0142o\u017ceniu drenu \u2013 poprawa syringomielii i do\u015bwiadczenia pacjent\u00f3w w ICSEB.\" \/>\n<meta name=\"robots\" content=\"index, follow, max-snippet:-1, max-image-preview:large, max-video-preview:-1\" \/>\n<link rel=\"canonical\" href=\"https:\/\/institutchiaribcn.com\/pl\/sft-po-wczesniejszej-laminectomii-i-zalozeniu-drenu\/\" \/>\n<meta property=\"og:locale\" content=\"pl_PL\" \/>\n<meta property=\"og:type\" content=\"article\" \/>\n<meta property=\"og:title\" content=\"SFT po laminektomii i drenie \u2013 poprawa syringomielii | ICSEB\" \/>\n<meta property=\"og:description\" content=\"SFT po wcze\u015bniejszej laminektomii i za\u0142o\u017ceniu drenu \u2013 poprawa syringomielii i do\u015bwiadczenia pacjent\u00f3w w ICSEB.\" \/>\n<meta property=\"og:url\" content=\"https:\/\/institutchiaribcn.com\/pl\/sft-po-wczesniejszej-laminectomii-i-zalozeniu-drenu\/\" \/>\n<meta property=\"og:site_name\" content=\"Institut Chiari\" \/>\n<meta property=\"article:modified_time\" content=\"2026-02-05T11:44:41+00:00\" \/>\n<meta name=\"twitter:card\" content=\"summary_large_image\" \/>\n<meta name=\"twitter:label1\" content=\"Szacowany czas czytania\" \/>\n\t<meta name=\"twitter:data1\" content=\"1 minuta\" \/>\n<script type=\"application\/ld+json\" class=\"yoast-schema-graph\">{\"@context\":\"https:\/\/schema.org\",\"@graph\":[{\"@type\":\"WebPage\",\"@id\":\"https:\/\/institutchiaribcn.com\/pl\/sft-po-wczesniejszej-laminectomii-i-zalozeniu-drenu\/\",\"url\":\"https:\/\/institutchiaribcn.com\/pl\/sft-po-wczesniejszej-laminectomii-i-zalozeniu-drenu\/\",\"name\":\"SFT po laminektomii i drenie \u2013 poprawa syringomielii | ICSEB\",\"isPartOf\":{\"@id\":\"https:\/\/institutchiaribcn.com\/pl\/#website\"},\"datePublished\":\"2025-10-10T19:31:26+00:00\",\"dateModified\":\"2026-02-05T11:44:41+00:00\",\"description\":\"SFT po wcze\u015bniejszej laminektomii i za\u0142o\u017ceniu drenu \u2013 poprawa syringomielii i do\u015bwiadczenia pacjent\u00f3w w ICSEB.\",\"breadcrumb\":{\"@id\":\"https:\/\/institutchiaribcn.com\/pl\/sft-po-wczesniejszej-laminectomii-i-zalozeniu-drenu\/#breadcrumb\"},\"inLanguage\":\"pl-PL\",\"potentialAction\":[{\"@type\":\"ReadAction\",\"target\":[\"https:\/\/institutchiaribcn.com\/pl\/sft-po-wczesniejszej-laminectomii-i-zalozeniu-drenu\/\"]}]},{\"@type\":\"BreadcrumbList\",\"@id\":\"https:\/\/institutchiaribcn.com\/pl\/sft-po-wczesniejszej-laminectomii-i-zalozeniu-drenu\/#breadcrumb\",\"itemListElement\":[{\"@type\":\"ListItem\",\"position\":1,\"name\":\"Portada\",\"item\":\"https:\/\/institutchiaribcn.com\/pl\/\"},{\"@type\":\"ListItem\",\"position\":2,\"name\":\"SFT po wcze\u015bniejszej laminectomii i za\u0142o\u017ceniu drenu\"}]},{\"@type\":\"WebSite\",\"@id\":\"https:\/\/institutchiaribcn.com\/pl\/#website\",\"url\":\"https:\/\/institutchiaribcn.com\/pl\/\",\"name\":\"Institut Chiari de Barcelona\",\"description\":\"\",\"publisher\":{\"@id\":\"https:\/\/institutchiaribcn.com\/pl\/#organization\"},\"potentialAction\":[{\"@type\":\"SearchAction\",\"target\":{\"@type\":\"EntryPoint\",\"urlTemplate\":\"https:\/\/institutchiaribcn.com\/pl\/?s={search_term_string}\"},\"query-input\":{\"@type\":\"PropertyValueSpecification\",\"valueRequired\":true,\"valueName\":\"search_term_string\"}}],\"inLanguage\":\"pl-PL\"},{\"@type\":\"Organization\",\"@id\":\"https:\/\/institutchiaribcn.com\/pl\/#organization\",\"name\":\"Institut Chiari de Barcelona\",\"url\":\"https:\/\/institutchiaribcn.com\/pl\/\",\"logo\":{\"@type\":\"ImageObject\",\"inLanguage\":\"pl-PL\",\"@id\":\"https:\/\/institutchiaribcn.com\/pl\/#\/schema\/logo\/image\/\",\"url\":\"https:\/\/institutchiaribcn.com\/wp-content\/uploads\/2025\/10\/cropped-cropped-icsebNavLogo-1.png\",\"contentUrl\":\"https:\/\/institutchiaribcn.com\/wp-content\/uploads\/2025\/10\/cropped-cropped-icsebNavLogo-1.png\",\"width\":245,\"height\":99,\"caption\":\"Institut Chiari de Barcelona\"},\"image\":{\"@id\":\"https:\/\/institutchiaribcn.com\/pl\/#\/schema\/logo\/image\/\"}}]}<\/script>\n<!-- \/ Yoast SEO plugin. -->","yoast_head_json":{"title":"SFT po laminektomii i drenie \u2013 poprawa syringomielii | ICSEB","description":"SFT po wcze\u015bniejszej laminektomii i za\u0142o\u017ceniu drenu \u2013 poprawa syringomielii i do\u015bwiadczenia pacjent\u00f3w w ICSEB.","robots":{"index":"index","follow":"follow","max-snippet":"max-snippet:-1","max-image-preview":"max-image-preview:large","max-video-preview":"max-video-preview:-1"},"canonical":"https:\/\/institutchiaribcn.com\/pl\/sft-po-wczesniejszej-laminectomii-i-zalozeniu-drenu\/","og_locale":"pl_PL","og_type":"article","og_title":"SFT po laminektomii i drenie \u2013 poprawa syringomielii | ICSEB","og_description":"SFT po wcze\u015bniejszej laminektomii i za\u0142o\u017ceniu drenu \u2013 poprawa syringomielii i do\u015bwiadczenia pacjent\u00f3w w ICSEB.","og_url":"https:\/\/institutchiaribcn.com\/pl\/sft-po-wczesniejszej-laminectomii-i-zalozeniu-drenu\/","og_site_name":"Institut Chiari","article_modified_time":"2026-02-05T11:44:41+00:00","twitter_card":"summary_large_image","twitter_misc":{"Szacowany czas czytania":"1 minuta"},"schema":{"@context":"https:\/\/schema.org","@graph":[{"@type":"WebPage","@id":"https:\/\/institutchiaribcn.com\/pl\/sft-po-wczesniejszej-laminectomii-i-zalozeniu-drenu\/","url":"https:\/\/institutchiaribcn.com\/pl\/sft-po-wczesniejszej-laminectomii-i-zalozeniu-drenu\/","name":"SFT po laminektomii i drenie \u2013 poprawa syringomielii | ICSEB","isPartOf":{"@id":"https:\/\/institutchiaribcn.com\/pl\/#website"},"datePublished":"2025-10-10T19:31:26+00:00","dateModified":"2026-02-05T11:44:41+00:00","description":"SFT po wcze\u015bniejszej laminektomii i za\u0142o\u017ceniu drenu \u2013 poprawa syringomielii i do\u015bwiadczenia pacjent\u00f3w w ICSEB.","breadcrumb":{"@id":"https:\/\/institutchiaribcn.com\/pl\/sft-po-wczesniejszej-laminectomii-i-zalozeniu-drenu\/#breadcrumb"},"inLanguage":"pl-PL","potentialAction":[{"@type":"ReadAction","target":["https:\/\/institutchiaribcn.com\/pl\/sft-po-wczesniejszej-laminectomii-i-zalozeniu-drenu\/"]}]},{"@type":"BreadcrumbList","@id":"https:\/\/institutchiaribcn.com\/pl\/sft-po-wczesniejszej-laminectomii-i-zalozeniu-drenu\/#breadcrumb","itemListElement":[{"@type":"ListItem","position":1,"name":"Portada","item":"https:\/\/institutchiaribcn.com\/pl\/"},{"@type":"ListItem","position":2,"name":"SFT po wcze\u015bniejszej laminectomii i za\u0142o\u017ceniu drenu"}]},{"@type":"WebSite","@id":"https:\/\/institutchiaribcn.com\/pl\/#website","url":"https:\/\/institutchiaribcn.com\/pl\/","name":"Institut Chiari de Barcelona","description":"","publisher":{"@id":"https:\/\/institutchiaribcn.com\/pl\/#organization"},"potentialAction":[{"@type":"SearchAction","target":{"@type":"EntryPoint","urlTemplate":"https:\/\/institutchiaribcn.com\/pl\/?s={search_term_string}"},"query-input":{"@type":"PropertyValueSpecification","valueRequired":true,"valueName":"search_term_string"}}],"inLanguage":"pl-PL"},{"@type":"Organization","@id":"https:\/\/institutchiaribcn.com\/pl\/#organization","name":"Institut Chiari de Barcelona","url":"https:\/\/institutchiaribcn.com\/pl\/","logo":{"@type":"ImageObject","inLanguage":"pl-PL","@id":"https:\/\/institutchiaribcn.com\/pl\/#\/schema\/logo\/image\/","url":"https:\/\/institutchiaribcn.com\/wp-content\/uploads\/2025\/10\/cropped-cropped-icsebNavLogo-1.png","contentUrl":"https:\/\/institutchiaribcn.com\/wp-content\/uploads\/2025\/10\/cropped-cropped-icsebNavLogo-1.png","width":245,"height":99,"caption":"Institut Chiari de Barcelona"},"image":{"@id":"https:\/\/institutchiaribcn.com\/pl\/#\/schema\/logo\/image\/"}}]}},"_links":{"self":[{"href":"https:\/\/institutchiaribcn.com\/pl\/wp-json\/wp\/v2\/pages\/116198","targetHints":{"allow":["GET"]}}],"collection":[{"href":"https:\/\/institutchiaribcn.com\/pl\/wp-json\/wp\/v2\/pages"}],"about":[{"href":"https:\/\/institutchiaribcn.com\/pl\/wp-json\/wp\/v2\/types\/page"}],"author":[{"embeddable":true,"href":"https:\/\/institutchiaribcn.com\/pl\/wp-json\/wp\/v2\/users\/1"}],"replies":[{"embeddable":true,"href":"https:\/\/institutchiaribcn.com\/pl\/wp-json\/wp\/v2\/comments?post=116198"}],"version-history":[{"count":1,"href":"https:\/\/institutchiaribcn.com\/pl\/wp-json\/wp\/v2\/pages\/116198\/revisions"}],"predecessor-version":[{"id":145007,"href":"https:\/\/institutchiaribcn.com\/pl\/wp-json\/wp\/v2\/pages\/116198\/revisions\/145007"}],"wp:attachment":[{"href":"https:\/\/institutchiaribcn.com\/pl\/wp-json\/wp\/v2\/media?parent=116198"}],"curies":[{"name":"wp","href":"https:\/\/api.w.org\/{rel}","templated":true}]}}