{"id":116191,"date":"2025-10-10T21:25:24","date_gmt":"2025-10-10T19:25:24","guid":{"rendered":"https:\/\/dev.institutchiaribcn.com\/testimonios-siringomielia-idiopatica\/"},"modified":"2026-02-10T09:56:00","modified_gmt":"2026-02-10T08:56:00","slug":"syringomielia-idiopatyczna","status":"publish","type":"page","link":"https:\/\/institutchiaribcn.com\/pl\/syringomielia-idiopatyczna\/","title":{"rendered":"Syringomielia idiopatyczna"},"content":{"rendered":"\t\t<div data-elementor-type=\"wp-page\" data-elementor-id=\"116191\" class=\"elementor elementor-116191 elementor-115400\" data-elementor-post-type=\"page\">\n\t\t\t\t<div class=\"elementor-element elementor-element-919043c e-flex e-con-boxed e-con e-parent\" data-id=\"919043c\" data-element_type=\"container\" data-e-type=\"container\" data-settings=\"{&quot;background_background&quot;:&quot;classic&quot;}\">\n\t\t\t\t\t<div class=\"e-con-inner\">\n\t\t<div class=\"elementor-element elementor-element-e472b57 e-con-full e-flex e-con e-child\" data-id=\"e472b57\" data-element_type=\"container\" data-e-type=\"container\">\n\t\t\t\t<div class=\"elementor-element elementor-element-4b561c7 elementor-widget elementor-widget-heading\" data-id=\"4b561c7\" data-element_type=\"widget\" data-e-type=\"widget\" data-widget_type=\"heading.default\">\n\t\t\t\t<div class=\"elementor-widget-container\">\n\t\t\t\t\t<h1 class=\"elementor-heading-title elementor-size-default\">Syringomielia idiopatyczna\n<\/h1>\t\t\t\t<\/div>\n\t\t\t\t<\/div>\n\t\t\t\t<div class=\"elementor-element elementor-element-d4bdf6f elementor-widget elementor-widget-heading\" data-id=\"d4bdf6f\" data-element_type=\"widget\" data-e-type=\"widget\" data-widget_type=\"heading.default\">\n\t\t\t\t<div class=\"elementor-widget-container\">\n\t\t\t\t\t<h2 class=\"elementor-heading-title elementor-size-default\">Institut Chiari &amp; Siringomielia &amp; Escoliosis de Barcelona<\/h2>\t\t\t\t<\/div>\n\t\t\t\t<\/div>\n\t\t\t\t<\/div>\n\t\t\t\t\t<\/div>\n\t\t\t\t<\/div>\n\t\t<div class=\"elementor-element elementor-element-91c362f e-flex e-con-boxed e-con e-parent\" data-id=\"91c362f\" data-element_type=\"container\" data-e-type=\"container\">\n\t\t\t\t\t<div class=\"e-con-inner\">\n\t\t\t\t<div class=\"elementor-element elementor-element-936e24d elementor-widget elementor-widget-text-editor\" data-id=\"936e24d\" data-element_type=\"widget\" data-e-type=\"widget\" data-widget_type=\"text-editor.default\">\n\t\t\t\t<div class=\"elementor-widget-container\">\n\t\t\t\t\t\t\t\t\t<p>Od 20 pa\u017adziernika 1993 do lipca 2017 technik\u0105 Sekcji Filum Terminale, stosuj\u0105c FILUM-SYSTEM<sup>\u00ae<\/sup>, zoperowali\u015bmy ponad 1000 pacjent\u00f3w cierpi\u0105cych na Syndrom Nerwowo-Czaszkowo-Kr\u0119gowy i\/albo Chorob\u0119 Filum z Syndromem Arnolda Chiari I, Jamisto\u015bci\u0105 rdzenia i Skolioz\u0105.<\/p><p>W wi\u0119kszo\u015bci przypadkow, z wyj\u0105tkiem 5 zoperowanych os\u00f3b z niewielkimi komplikacjami, otrzymali\u015bmy zadowalaj\u0105ce rezultaty.<\/p><p>Kilka lat temu poprosili\u015bmy naszych pacjent\u00f3w aby opisali swoje do\u015bwiadczenia na naszej stronie internetowej. Jeste\u015bmy wdzi\u0119czni za ich szczero\u015b\u0107 i bezinteresowne zaanga\u017cowanie, opiniuj\u0105c nasz\u0105 ekskluzywn\u0105 metod\u0119 leczenia.<\/p><p>We highly appreciate their open-hearted and selfless involvement by expressing their views on our exclusive treatment method.<\/p><p>\u00a0<\/p><p><strong>UWAGA:\u00a0<\/strong><i>Za opinie przedstawione w opublikowanych tu historiach odpowiedzialni s\u0105 tylko i wy\u0142\u0105cznie ich autorzy i niekoniecznie zgadzaj\u0105 si\u0119 z punktem widzenia Instytutu Chiari &amp; Siringomielia &amp; Escoliosis w Barcelonie.<\/i><\/p>\t\t\t\t\t\t\t\t<\/div>\n\t\t\t\t<\/div>\n\t\t\t\t\t<\/div>\n\t\t\t\t<\/div>\n\t\t\t\t<\/div>\n\t\t","protected":false},"excerpt":{"rendered":"<p>Syringomielia idiopatyczna Institut Chiari &amp; Siringomielia &amp; Escoliosis de Barcelona Od 20 pa\u017adziernika 1993 do lipca 2017 technik\u0105 Sekcji Filum Terminale, stosuj\u0105c FILUM-SYSTEM\u00ae, zoperowali\u015bmy ponad 1000 pacjent\u00f3w cierpi\u0105cych na Syndrom Nerwowo-Czaszkowo-Kr\u0119gowy i\/albo Chorob\u0119 Filum z Syndromem Arnolda Chiari I, Jamisto\u015bci\u0105 rdzenia i Skolioz\u0105. W wi\u0119kszo\u015bci przypadkow, z wyj\u0105tkiem 5 zoperowanych os\u00f3b z niewielkimi komplikacjami, otrzymali\u015bmy [&hellip;]<\/p>\n","protected":false},"author":1,"featured_media":0,"parent":0,"menu_order":0,"comment_status":"closed","ping_status":"closed","template":"","meta":{"footnotes":""},"class_list":["post-116191","page","type-page","status-publish","hentry"],"yoast_head":"<!-- This site is optimized with the Yoast SEO plugin v27.1.1 - https:\/\/yoast.com\/product\/yoast-seo-wordpress\/ -->\n<title>Syringomielia idiopatyczna: objawy i leczenie | ICSEB<\/title>\n<meta name=\"description\" content=\"Czym jest syringomielia idiopatyczna? Objawy, diagnostyka i leczenie w Institut Chiari Barcelona oraz mo\u017cliwe powi\u0105zania z chorob\u0105 Filum.\" \/>\n<meta name=\"robots\" content=\"index, follow, max-snippet:-1, max-image-preview:large, max-video-preview:-1\" \/>\n<link rel=\"canonical\" href=\"https:\/\/institutchiaribcn.com\/pl\/syringomielia-idiopatyczna\/\" \/>\n<meta property=\"og:locale\" content=\"pl_PL\" \/>\n<meta property=\"og:type\" content=\"article\" \/>\n<meta property=\"og:title\" content=\"Syringomielia idiopatyczna: objawy i leczenie | ICSEB\" \/>\n<meta property=\"og:description\" content=\"Czym jest syringomielia idiopatyczna? Objawy, diagnostyka i leczenie w Institut Chiari Barcelona oraz mo\u017cliwe powi\u0105zania z chorob\u0105 Filum.\" \/>\n<meta property=\"og:url\" content=\"https:\/\/institutchiaribcn.com\/pl\/syringomielia-idiopatyczna\/\" \/>\n<meta property=\"og:site_name\" content=\"Institut Chiari\" \/>\n<meta property=\"article:modified_time\" content=\"2026-02-10T08:56:00+00:00\" \/>\n<meta name=\"twitter:card\" content=\"summary_large_image\" \/>\n<meta name=\"twitter:label1\" content=\"Szacowany czas czytania\" \/>\n\t<meta name=\"twitter:data1\" content=\"1 minuta\" \/>\n<script type=\"application\/ld+json\" class=\"yoast-schema-graph\">{\"@context\":\"https:\/\/schema.org\",\"@graph\":[{\"@type\":\"WebPage\",\"@id\":\"https:\/\/institutchiaribcn.com\/pl\/syringomielia-idiopatyczna\/\",\"url\":\"https:\/\/institutchiaribcn.com\/pl\/syringomielia-idiopatyczna\/\",\"name\":\"Syringomielia idiopatyczna: objawy i leczenie | ICSEB\",\"isPartOf\":{\"@id\":\"https:\/\/institutchiaribcn.com\/pl\/#website\"},\"datePublished\":\"2025-10-10T19:25:24+00:00\",\"dateModified\":\"2026-02-10T08:56:00+00:00\",\"description\":\"Czym jest syringomielia idiopatyczna? Objawy, diagnostyka i leczenie w Institut Chiari Barcelona oraz mo\u017cliwe powi\u0105zania z chorob\u0105 Filum.\",\"breadcrumb\":{\"@id\":\"https:\/\/institutchiaribcn.com\/pl\/syringomielia-idiopatyczna\/#breadcrumb\"},\"inLanguage\":\"pl-PL\",\"potentialAction\":[{\"@type\":\"ReadAction\",\"target\":[\"https:\/\/institutchiaribcn.com\/pl\/syringomielia-idiopatyczna\/\"]}]},{\"@type\":\"BreadcrumbList\",\"@id\":\"https:\/\/institutchiaribcn.com\/pl\/syringomielia-idiopatyczna\/#breadcrumb\",\"itemListElement\":[{\"@type\":\"ListItem\",\"position\":1,\"name\":\"Portada\",\"item\":\"https:\/\/institutchiaribcn.com\/pl\/\"},{\"@type\":\"ListItem\",\"position\":2,\"name\":\"Syringomielia idiopatyczna\"}]},{\"@type\":\"WebSite\",\"@id\":\"https:\/\/institutchiaribcn.com\/pl\/#website\",\"url\":\"https:\/\/institutchiaribcn.com\/pl\/\",\"name\":\"Institut Chiari de Barcelona\",\"description\":\"\",\"publisher\":{\"@id\":\"https:\/\/institutchiaribcn.com\/pl\/#organization\"},\"potentialAction\":[{\"@type\":\"SearchAction\",\"target\":{\"@type\":\"EntryPoint\",\"urlTemplate\":\"https:\/\/institutchiaribcn.com\/pl\/?s={search_term_string}\"},\"query-input\":{\"@type\":\"PropertyValueSpecification\",\"valueRequired\":true,\"valueName\":\"search_term_string\"}}],\"inLanguage\":\"pl-PL\"},{\"@type\":\"Organization\",\"@id\":\"https:\/\/institutchiaribcn.com\/pl\/#organization\",\"name\":\"Institut Chiari de Barcelona\",\"url\":\"https:\/\/institutchiaribcn.com\/pl\/\",\"logo\":{\"@type\":\"ImageObject\",\"inLanguage\":\"pl-PL\",\"@id\":\"https:\/\/institutchiaribcn.com\/pl\/#\/schema\/logo\/image\/\",\"url\":\"https:\/\/institutchiaribcn.com\/wp-content\/uploads\/2025\/10\/cropped-cropped-icsebNavLogo-1.png\",\"contentUrl\":\"https:\/\/institutchiaribcn.com\/wp-content\/uploads\/2025\/10\/cropped-cropped-icsebNavLogo-1.png\",\"width\":245,\"height\":99,\"caption\":\"Institut Chiari de Barcelona\"},\"image\":{\"@id\":\"https:\/\/institutchiaribcn.com\/pl\/#\/schema\/logo\/image\/\"}}]}<\/script>\n<!-- \/ Yoast SEO plugin. -->","yoast_head_json":{"title":"Syringomielia idiopatyczna: objawy i leczenie | ICSEB","description":"Czym jest syringomielia idiopatyczna? Objawy, diagnostyka i leczenie w Institut Chiari Barcelona oraz mo\u017cliwe powi\u0105zania z chorob\u0105 Filum.","robots":{"index":"index","follow":"follow","max-snippet":"max-snippet:-1","max-image-preview":"max-image-preview:large","max-video-preview":"max-video-preview:-1"},"canonical":"https:\/\/institutchiaribcn.com\/pl\/syringomielia-idiopatyczna\/","og_locale":"pl_PL","og_type":"article","og_title":"Syringomielia idiopatyczna: objawy i leczenie | ICSEB","og_description":"Czym jest syringomielia idiopatyczna? Objawy, diagnostyka i leczenie w Institut Chiari Barcelona oraz mo\u017cliwe powi\u0105zania z chorob\u0105 Filum.","og_url":"https:\/\/institutchiaribcn.com\/pl\/syringomielia-idiopatyczna\/","og_site_name":"Institut Chiari","article_modified_time":"2026-02-10T08:56:00+00:00","twitter_card":"summary_large_image","twitter_misc":{"Szacowany czas czytania":"1 minuta"},"schema":{"@context":"https:\/\/schema.org","@graph":[{"@type":"WebPage","@id":"https:\/\/institutchiaribcn.com\/pl\/syringomielia-idiopatyczna\/","url":"https:\/\/institutchiaribcn.com\/pl\/syringomielia-idiopatyczna\/","name":"Syringomielia idiopatyczna: objawy i leczenie | ICSEB","isPartOf":{"@id":"https:\/\/institutchiaribcn.com\/pl\/#website"},"datePublished":"2025-10-10T19:25:24+00:00","dateModified":"2026-02-10T08:56:00+00:00","description":"Czym jest syringomielia idiopatyczna? Objawy, diagnostyka i leczenie w Institut Chiari Barcelona oraz mo\u017cliwe powi\u0105zania z chorob\u0105 Filum.","breadcrumb":{"@id":"https:\/\/institutchiaribcn.com\/pl\/syringomielia-idiopatyczna\/#breadcrumb"},"inLanguage":"pl-PL","potentialAction":[{"@type":"ReadAction","target":["https:\/\/institutchiaribcn.com\/pl\/syringomielia-idiopatyczna\/"]}]},{"@type":"BreadcrumbList","@id":"https:\/\/institutchiaribcn.com\/pl\/syringomielia-idiopatyczna\/#breadcrumb","itemListElement":[{"@type":"ListItem","position":1,"name":"Portada","item":"https:\/\/institutchiaribcn.com\/pl\/"},{"@type":"ListItem","position":2,"name":"Syringomielia idiopatyczna"}]},{"@type":"WebSite","@id":"https:\/\/institutchiaribcn.com\/pl\/#website","url":"https:\/\/institutchiaribcn.com\/pl\/","name":"Institut Chiari de Barcelona","description":"","publisher":{"@id":"https:\/\/institutchiaribcn.com\/pl\/#organization"},"potentialAction":[{"@type":"SearchAction","target":{"@type":"EntryPoint","urlTemplate":"https:\/\/institutchiaribcn.com\/pl\/?s={search_term_string}"},"query-input":{"@type":"PropertyValueSpecification","valueRequired":true,"valueName":"search_term_string"}}],"inLanguage":"pl-PL"},{"@type":"Organization","@id":"https:\/\/institutchiaribcn.com\/pl\/#organization","name":"Institut Chiari de Barcelona","url":"https:\/\/institutchiaribcn.com\/pl\/","logo":{"@type":"ImageObject","inLanguage":"pl-PL","@id":"https:\/\/institutchiaribcn.com\/pl\/#\/schema\/logo\/image\/","url":"https:\/\/institutchiaribcn.com\/wp-content\/uploads\/2025\/10\/cropped-cropped-icsebNavLogo-1.png","contentUrl":"https:\/\/institutchiaribcn.com\/wp-content\/uploads\/2025\/10\/cropped-cropped-icsebNavLogo-1.png","width":245,"height":99,"caption":"Institut Chiari de Barcelona"},"image":{"@id":"https:\/\/institutchiaribcn.com\/pl\/#\/schema\/logo\/image\/"}}]}},"_links":{"self":[{"href":"https:\/\/institutchiaribcn.com\/pl\/wp-json\/wp\/v2\/pages\/116191","targetHints":{"allow":["GET"]}}],"collection":[{"href":"https:\/\/institutchiaribcn.com\/pl\/wp-json\/wp\/v2\/pages"}],"about":[{"href":"https:\/\/institutchiaribcn.com\/pl\/wp-json\/wp\/v2\/types\/page"}],"author":[{"embeddable":true,"href":"https:\/\/institutchiaribcn.com\/pl\/wp-json\/wp\/v2\/users\/1"}],"replies":[{"embeddable":true,"href":"https:\/\/institutchiaribcn.com\/pl\/wp-json\/wp\/v2\/comments?post=116191"}],"version-history":[{"count":1,"href":"https:\/\/institutchiaribcn.com\/pl\/wp-json\/wp\/v2\/pages\/116191\/revisions"}],"predecessor-version":[{"id":145116,"href":"https:\/\/institutchiaribcn.com\/pl\/wp-json\/wp\/v2\/pages\/116191\/revisions\/145116"}],"wp:attachment":[{"href":"https:\/\/institutchiaribcn.com\/pl\/wp-json\/wp\/v2\/media?parent=116191"}],"curies":[{"name":"wp","href":"https:\/\/api.w.org\/{rel}","templated":true}]}}