{"id":116184,"date":"2025-10-10T21:22:56","date_gmt":"2025-10-10T19:22:56","guid":{"rendered":"https:\/\/dev.institutchiaribcn.com\/testimonios-seccion-filum-terminale\/"},"modified":"2026-02-11T11:19:15","modified_gmt":"2026-02-11T10:19:15","slug":"sft-po-operacji-odbarczenia","status":"publish","type":"page","link":"https:\/\/institutchiaribcn.com\/pl\/sft-po-operacji-odbarczenia\/","title":{"rendered":"SFT po operacji odbarczenia"},"content":{"rendered":"\t\t<div data-elementor-type=\"wp-page\" data-elementor-id=\"116184\" class=\"elementor elementor-116184 elementor-115393\" data-elementor-post-type=\"page\">\n\t\t\t\t<div class=\"elementor-element elementor-element-eae3a2b e-flex e-con-boxed e-con e-parent\" data-id=\"eae3a2b\" data-element_type=\"container\" data-e-type=\"container\" data-settings=\"{&quot;background_background&quot;:&quot;classic&quot;}\">\n\t\t\t\t\t<div class=\"e-con-inner\">\n\t\t<div class=\"elementor-element elementor-element-774b64c e-con-full e-flex e-con e-child\" data-id=\"774b64c\" data-element_type=\"container\" data-e-type=\"container\">\n\t\t\t\t<div class=\"elementor-element elementor-element-60bd8ff elementor-widget elementor-widget-heading\" data-id=\"60bd8ff\" data-element_type=\"widget\" data-e-type=\"widget\" data-widget_type=\"heading.default\">\n\t\t\t\t<div class=\"elementor-widget-container\">\n\t\t\t\t\t<h1 class=\"elementor-heading-title elementor-size-default\">SFT po operacji odbarczenia\n<\/h1>\t\t\t\t<\/div>\n\t\t\t\t<\/div>\n\t\t\t\t<div class=\"elementor-element elementor-element-b712614 elementor-widget elementor-widget-heading\" data-id=\"b712614\" data-element_type=\"widget\" data-e-type=\"widget\" data-widget_type=\"heading.default\">\n\t\t\t\t<div class=\"elementor-widget-container\">\n\t\t\t\t\t<h2 class=\"elementor-heading-title elementor-size-default\">Institut Chiari &amp; Siringomielia &amp; Escoliosis de Barcelona<\/h2>\t\t\t\t<\/div>\n\t\t\t\t<\/div>\n\t\t\t\t<\/div>\n\t\t\t\t\t<\/div>\n\t\t\t\t<\/div>\n\t\t<div class=\"elementor-element elementor-element-8147740 e-flex e-con-boxed e-con e-parent\" data-id=\"8147740\" data-element_type=\"container\" data-e-type=\"container\">\n\t\t\t\t\t<div class=\"e-con-inner\">\n\t\t\t\t<div class=\"elementor-element elementor-element-cdbaf97 elementor-widget elementor-widget-text-editor\" data-id=\"cdbaf97\" data-element_type=\"widget\" data-e-type=\"widget\" data-widget_type=\"text-editor.default\">\n\t\t\t\t<div class=\"elementor-widget-container\">\n\t\t\t\t\t\t\t\t\t<p>Wed\u0142ug naszych bada\u0144, operacja Odbarczenia stosowana w przypadku Syndromu Arnolda Chiari I niweluje ucisk ktory istnieje w otworze potylicznym na poziomie struktur nerwowych, jednak nie eliminuje przyczyny napi\u0119cia ca\u0142ego systemu nerwowego czyli napi\u0119cia nici ko\u0144cowej Filum Terminale du\u017co grubszej ni\u017c u osoby zdrowej. Z tego powodu stan pacjentow zoperowanych technik\u0105 Sekcji Filum Terminale u ktorych wcze\u015bniej przeprowadzono Odbarczenie poprawia si\u0119.<\/p><p>\u00a0<\/p><p><strong>UWAGA:\u00a0<\/strong><i>Za opinie przedstawione w opublikowanych tu historiach odpowiedzialni s\u0105 tylko i wy\u0142\u0105cznie ich autorzy i niekoniecznie zgadzaj\u0105 si\u0119 z punktem widzenia Instytutu Chiari &amp; Siringomielia &amp; Escoliosis w Barcelonie.<\/i><\/p>\t\t\t\t\t\t\t\t<\/div>\n\t\t\t\t<\/div>\n\t\t\t\t\t<\/div>\n\t\t\t\t<\/div>\n\t\t\t\t<\/div>\n\t\t","protected":false},"excerpt":{"rendered":"<p>SFT po operacji odbarczenia Institut Chiari &amp; Siringomielia &amp; Escoliosis de Barcelona Wed\u0142ug naszych bada\u0144, operacja Odbarczenia stosowana w przypadku Syndromu Arnolda Chiari I niweluje ucisk ktory istnieje w otworze potylicznym na poziomie struktur nerwowych, jednak nie eliminuje przyczyny napi\u0119cia ca\u0142ego systemu nerwowego czyli napi\u0119cia nici ko\u0144cowej Filum Terminale du\u017co grubszej ni\u017c u osoby zdrowej. [&hellip;]<\/p>\n","protected":false},"author":1,"featured_media":0,"parent":0,"menu_order":0,"comment_status":"closed","ping_status":"closed","template":"","meta":{"footnotes":""},"class_list":["post-116184","page","type-page","status-publish","hentry"],"yoast_head":"<!-- This site is optimized with the Yoast SEO plugin v27.1.1 - https:\/\/yoast.com\/product\/yoast-seo-wordpress\/ -->\n<title>SFT po operacji odbarczenia | ICSEB<\/title>\n<meta name=\"description\" content=\"SFT po operacji odbarczenia u pacjent\u00f3w z zespo\u0142em Arnolda-Chiariego I \u2013 informacje o stanie klinicznym i dalszym leczeniu.\" \/>\n<meta name=\"robots\" content=\"index, follow, max-snippet:-1, max-image-preview:large, max-video-preview:-1\" \/>\n<link rel=\"canonical\" href=\"https:\/\/institutchiaribcn.com\/pl\/sft-po-operacji-odbarczenia\/\" \/>\n<meta property=\"og:locale\" content=\"pl_PL\" \/>\n<meta property=\"og:type\" content=\"article\" \/>\n<meta property=\"og:title\" content=\"SFT po operacji odbarczenia | ICSEB\" \/>\n<meta property=\"og:description\" content=\"SFT po operacji odbarczenia u pacjent\u00f3w z zespo\u0142em Arnolda-Chiariego I \u2013 informacje o stanie klinicznym i dalszym leczeniu.\" \/>\n<meta property=\"og:url\" content=\"https:\/\/institutchiaribcn.com\/pl\/sft-po-operacji-odbarczenia\/\" \/>\n<meta property=\"og:site_name\" content=\"Institut Chiari\" \/>\n<meta property=\"article:modified_time\" content=\"2026-02-11T10:19:15+00:00\" \/>\n<meta name=\"twitter:card\" content=\"summary_large_image\" \/>\n<meta name=\"twitter:label1\" content=\"Szacowany czas czytania\" \/>\n\t<meta name=\"twitter:data1\" content=\"1 minuta\" \/>\n<script type=\"application\/ld+json\" class=\"yoast-schema-graph\">{\"@context\":\"https:\/\/schema.org\",\"@graph\":[{\"@type\":\"WebPage\",\"@id\":\"https:\/\/institutchiaribcn.com\/pl\/sft-po-operacji-odbarczenia\/\",\"url\":\"https:\/\/institutchiaribcn.com\/pl\/sft-po-operacji-odbarczenia\/\",\"name\":\"SFT po operacji odbarczenia | ICSEB\",\"isPartOf\":{\"@id\":\"https:\/\/institutchiaribcn.com\/pl\/#website\"},\"datePublished\":\"2025-10-10T19:22:56+00:00\",\"dateModified\":\"2026-02-11T10:19:15+00:00\",\"description\":\"SFT po operacji odbarczenia u pacjent\u00f3w z zespo\u0142em Arnolda-Chiariego I \u2013 informacje o stanie klinicznym i dalszym leczeniu.\",\"breadcrumb\":{\"@id\":\"https:\/\/institutchiaribcn.com\/pl\/sft-po-operacji-odbarczenia\/#breadcrumb\"},\"inLanguage\":\"pl-PL\",\"potentialAction\":[{\"@type\":\"ReadAction\",\"target\":[\"https:\/\/institutchiaribcn.com\/pl\/sft-po-operacji-odbarczenia\/\"]}]},{\"@type\":\"BreadcrumbList\",\"@id\":\"https:\/\/institutchiaribcn.com\/pl\/sft-po-operacji-odbarczenia\/#breadcrumb\",\"itemListElement\":[{\"@type\":\"ListItem\",\"position\":1,\"name\":\"Portada\",\"item\":\"https:\/\/institutchiaribcn.com\/pl\/\"},{\"@type\":\"ListItem\",\"position\":2,\"name\":\"SFT po operacji odbarczenia\"}]},{\"@type\":\"WebSite\",\"@id\":\"https:\/\/institutchiaribcn.com\/pl\/#website\",\"url\":\"https:\/\/institutchiaribcn.com\/pl\/\",\"name\":\"Institut Chiari de Barcelona\",\"description\":\"\",\"publisher\":{\"@id\":\"https:\/\/institutchiaribcn.com\/pl\/#organization\"},\"potentialAction\":[{\"@type\":\"SearchAction\",\"target\":{\"@type\":\"EntryPoint\",\"urlTemplate\":\"https:\/\/institutchiaribcn.com\/pl\/?s={search_term_string}\"},\"query-input\":{\"@type\":\"PropertyValueSpecification\",\"valueRequired\":true,\"valueName\":\"search_term_string\"}}],\"inLanguage\":\"pl-PL\"},{\"@type\":\"Organization\",\"@id\":\"https:\/\/institutchiaribcn.com\/pl\/#organization\",\"name\":\"Institut Chiari de Barcelona\",\"url\":\"https:\/\/institutchiaribcn.com\/pl\/\",\"logo\":{\"@type\":\"ImageObject\",\"inLanguage\":\"pl-PL\",\"@id\":\"https:\/\/institutchiaribcn.com\/pl\/#\/schema\/logo\/image\/\",\"url\":\"https:\/\/institutchiaribcn.com\/wp-content\/uploads\/2025\/10\/cropped-cropped-icsebNavLogo-1.png\",\"contentUrl\":\"https:\/\/institutchiaribcn.com\/wp-content\/uploads\/2025\/10\/cropped-cropped-icsebNavLogo-1.png\",\"width\":245,\"height\":99,\"caption\":\"Institut Chiari de Barcelona\"},\"image\":{\"@id\":\"https:\/\/institutchiaribcn.com\/pl\/#\/schema\/logo\/image\/\"}}]}<\/script>\n<!-- \/ Yoast SEO plugin. -->","yoast_head_json":{"title":"SFT po operacji odbarczenia | ICSEB","description":"SFT po operacji odbarczenia u pacjent\u00f3w z zespo\u0142em Arnolda-Chiariego I \u2013 informacje o stanie klinicznym i dalszym leczeniu.","robots":{"index":"index","follow":"follow","max-snippet":"max-snippet:-1","max-image-preview":"max-image-preview:large","max-video-preview":"max-video-preview:-1"},"canonical":"https:\/\/institutchiaribcn.com\/pl\/sft-po-operacji-odbarczenia\/","og_locale":"pl_PL","og_type":"article","og_title":"SFT po operacji odbarczenia | ICSEB","og_description":"SFT po operacji odbarczenia u pacjent\u00f3w z zespo\u0142em Arnolda-Chiariego I \u2013 informacje o stanie klinicznym i dalszym leczeniu.","og_url":"https:\/\/institutchiaribcn.com\/pl\/sft-po-operacji-odbarczenia\/","og_site_name":"Institut Chiari","article_modified_time":"2026-02-11T10:19:15+00:00","twitter_card":"summary_large_image","twitter_misc":{"Szacowany czas czytania":"1 minuta"},"schema":{"@context":"https:\/\/schema.org","@graph":[{"@type":"WebPage","@id":"https:\/\/institutchiaribcn.com\/pl\/sft-po-operacji-odbarczenia\/","url":"https:\/\/institutchiaribcn.com\/pl\/sft-po-operacji-odbarczenia\/","name":"SFT po operacji odbarczenia | ICSEB","isPartOf":{"@id":"https:\/\/institutchiaribcn.com\/pl\/#website"},"datePublished":"2025-10-10T19:22:56+00:00","dateModified":"2026-02-11T10:19:15+00:00","description":"SFT po operacji odbarczenia u pacjent\u00f3w z zespo\u0142em Arnolda-Chiariego I \u2013 informacje o stanie klinicznym i dalszym leczeniu.","breadcrumb":{"@id":"https:\/\/institutchiaribcn.com\/pl\/sft-po-operacji-odbarczenia\/#breadcrumb"},"inLanguage":"pl-PL","potentialAction":[{"@type":"ReadAction","target":["https:\/\/institutchiaribcn.com\/pl\/sft-po-operacji-odbarczenia\/"]}]},{"@type":"BreadcrumbList","@id":"https:\/\/institutchiaribcn.com\/pl\/sft-po-operacji-odbarczenia\/#breadcrumb","itemListElement":[{"@type":"ListItem","position":1,"name":"Portada","item":"https:\/\/institutchiaribcn.com\/pl\/"},{"@type":"ListItem","position":2,"name":"SFT po operacji odbarczenia"}]},{"@type":"WebSite","@id":"https:\/\/institutchiaribcn.com\/pl\/#website","url":"https:\/\/institutchiaribcn.com\/pl\/","name":"Institut Chiari de Barcelona","description":"","publisher":{"@id":"https:\/\/institutchiaribcn.com\/pl\/#organization"},"potentialAction":[{"@type":"SearchAction","target":{"@type":"EntryPoint","urlTemplate":"https:\/\/institutchiaribcn.com\/pl\/?s={search_term_string}"},"query-input":{"@type":"PropertyValueSpecification","valueRequired":true,"valueName":"search_term_string"}}],"inLanguage":"pl-PL"},{"@type":"Organization","@id":"https:\/\/institutchiaribcn.com\/pl\/#organization","name":"Institut Chiari de Barcelona","url":"https:\/\/institutchiaribcn.com\/pl\/","logo":{"@type":"ImageObject","inLanguage":"pl-PL","@id":"https:\/\/institutchiaribcn.com\/pl\/#\/schema\/logo\/image\/","url":"https:\/\/institutchiaribcn.com\/wp-content\/uploads\/2025\/10\/cropped-cropped-icsebNavLogo-1.png","contentUrl":"https:\/\/institutchiaribcn.com\/wp-content\/uploads\/2025\/10\/cropped-cropped-icsebNavLogo-1.png","width":245,"height":99,"caption":"Institut Chiari de Barcelona"},"image":{"@id":"https:\/\/institutchiaribcn.com\/pl\/#\/schema\/logo\/image\/"}}]}},"_links":{"self":[{"href":"https:\/\/institutchiaribcn.com\/pl\/wp-json\/wp\/v2\/pages\/116184","targetHints":{"allow":["GET"]}}],"collection":[{"href":"https:\/\/institutchiaribcn.com\/pl\/wp-json\/wp\/v2\/pages"}],"about":[{"href":"https:\/\/institutchiaribcn.com\/pl\/wp-json\/wp\/v2\/types\/page"}],"author":[{"embeddable":true,"href":"https:\/\/institutchiaribcn.com\/pl\/wp-json\/wp\/v2\/users\/1"}],"replies":[{"embeddable":true,"href":"https:\/\/institutchiaribcn.com\/pl\/wp-json\/wp\/v2\/comments?post=116184"}],"version-history":[{"count":1,"href":"https:\/\/institutchiaribcn.com\/pl\/wp-json\/wp\/v2\/pages\/116184\/revisions"}],"predecessor-version":[{"id":145178,"href":"https:\/\/institutchiaribcn.com\/pl\/wp-json\/wp\/v2\/pages\/116184\/revisions\/145178"}],"wp:attachment":[{"href":"https:\/\/institutchiaribcn.com\/pl\/wp-json\/wp\/v2\/media?parent=116184"}],"curies":[{"name":"wp","href":"https:\/\/api.w.org\/{rel}","templated":true}]}}