{"id":116177,"date":"2025-10-10T21:20:08","date_gmt":"2025-10-10T19:20:08","guid":{"rendered":"https:\/\/dev.institutchiaribcn.com\/testimonios-arnold-chiari\/"},"modified":"2026-02-10T11:36:00","modified_gmt":"2026-02-10T10:36:00","slug":"syndrom-arnolda-chiari-i","status":"publish","type":"page","link":"https:\/\/institutchiaribcn.com\/pl\/syndrom-arnolda-chiari-i\/","title":{"rendered":"Syndrom Arnolda Chiari I"},"content":{"rendered":"\t\t<div data-elementor-type=\"wp-page\" data-elementor-id=\"116177\" class=\"elementor elementor-116177 elementor-115384\" data-elementor-post-type=\"page\">\n\t\t\t\t<div class=\"elementor-element elementor-element-0b1385e e-flex e-con-boxed e-con e-parent\" data-id=\"0b1385e\" data-element_type=\"container\" data-e-type=\"container\" data-settings=\"{&quot;background_background&quot;:&quot;classic&quot;}\">\n\t\t\t\t\t<div class=\"e-con-inner\">\n\t\t<div class=\"elementor-element elementor-element-335a24d e-con-full e-flex e-con e-child\" data-id=\"335a24d\" data-element_type=\"container\" data-e-type=\"container\">\n\t\t\t\t<div class=\"elementor-element elementor-element-d5e6f5d elementor-widget elementor-widget-heading\" data-id=\"d5e6f5d\" data-element_type=\"widget\" data-e-type=\"widget\" data-widget_type=\"heading.default\">\n\t\t\t\t<div class=\"elementor-widget-container\">\n\t\t\t\t\t<h1 class=\"elementor-heading-title elementor-size-default\">Syndrom Arnolda Chiari I\n<\/h1>\t\t\t\t<\/div>\n\t\t\t\t<\/div>\n\t\t\t\t<div class=\"elementor-element elementor-element-548de36 elementor-widget elementor-widget-heading\" data-id=\"548de36\" data-element_type=\"widget\" data-e-type=\"widget\" data-widget_type=\"heading.default\">\n\t\t\t\t<div class=\"elementor-widget-container\">\n\t\t\t\t\t<h2 class=\"elementor-heading-title elementor-size-default\">Institut Chiari &amp; Siringomielia &amp; Escoliosis de Barcelona<\/h2>\t\t\t\t<\/div>\n\t\t\t\t<\/div>\n\t\t\t\t<\/div>\n\t\t\t\t\t<\/div>\n\t\t\t\t<\/div>\n\t\t<div class=\"elementor-element elementor-element-ba9db48 e-flex e-con-boxed e-con e-parent\" data-id=\"ba9db48\" data-element_type=\"container\" data-e-type=\"container\">\n\t\t\t\t\t<div class=\"e-con-inner\">\n\t\t\t\t<div class=\"elementor-element elementor-element-6ec9be4 elementor-widget elementor-widget-text-editor\" data-id=\"6ec9be4\" data-element_type=\"widget\" data-e-type=\"widget\" data-widget_type=\"text-editor.default\">\n\t\t\t\t<div class=\"elementor-widget-container\">\n\t\t\t\t\t\t\t\t\t<p>Od 20 pa\u017adziernika 1993 do lipca 2017 technik\u0105 Sekcji Filum Terminale, stosuj\u0105c FILUM-SYSTEM<sup>\u00ae<\/sup>, zoperowali\u015bmy ponad 1000 pacjent\u00f3w cierpi\u0105cych na Syndrom Nerwowo-Czaszkowo-Kr\u0119gowy i\/albo Chorob\u0119 Filum z Syndromem Arnolda Chiari I, Jamisto\u015bci\u0105 rdzenia i Skolioz\u0105.<\/p><p>W wi\u0119kszo\u015bci przypadkow, z wyj\u0105tkiem 5 zoperowanych os\u00f3b z niewielkimi komplikacjami, otrzymali\u015bmy zadowalaj\u0105ce rezultaty.<\/p><p>Kilka lat temu poprosili\u015bmy naszych pacjent\u00f3w aby opisali swoje do\u015bwiadczenia na naszej stronie internetowej. Jeste\u015bmy wdzi\u0119czni za ich szczero\u015b\u0107 i bezinteresowne zaanga\u017cowanie, opiniuj\u0105c nasz\u0105 ekskluzywn\u0105 metod\u0119 leczenia.<\/p><p><strong>UWAGA:\u00a0<\/strong>Za opinie przedstawione w opublikowanych tu historiach odpowiedzialni s\u0105 tylko i wy\u0142\u0105cznie ich autorzy i niekoniecznie zgadzaj\u0105 si\u0119 z punktem widzenia Instytutu Chiari &amp; Siringomielia &amp; Escoliosis w Barcelonie.<\/p>\t\t\t\t\t\t\t\t<\/div>\n\t\t\t\t<\/div>\n\t\t\t\t\t<\/div>\n\t\t\t\t<\/div>\n\t\t\t\t<\/div>\n\t\t","protected":false},"excerpt":{"rendered":"<p>Syndrom Arnolda Chiari I Institut Chiari &amp; Siringomielia &amp; Escoliosis de Barcelona Od 20 pa\u017adziernika 1993 do lipca 2017 technik\u0105 Sekcji Filum Terminale, stosuj\u0105c FILUM-SYSTEM\u00ae, zoperowali\u015bmy ponad 1000 pacjent\u00f3w cierpi\u0105cych na Syndrom Nerwowo-Czaszkowo-Kr\u0119gowy i\/albo Chorob\u0119 Filum z Syndromem Arnolda Chiari I, Jamisto\u015bci\u0105 rdzenia i Skolioz\u0105. W wi\u0119kszo\u015bci przypadkow, z wyj\u0105tkiem 5 zoperowanych os\u00f3b z niewielkimi [&hellip;]<\/p>\n","protected":false},"author":1,"featured_media":0,"parent":0,"menu_order":0,"comment_status":"closed","ping_status":"closed","template":"","meta":{"footnotes":""},"class_list":["post-116177","page","type-page","status-publish","hentry"],"yoast_head":"<!-- This site is optimized with the Yoast SEO plugin v27.1.1 - https:\/\/yoast.com\/product\/yoast-seo-wordpress\/ -->\n<title>Syndrom Arnolda Chiari I | ICSEB<\/title>\n<meta name=\"description\" content=\"Informacje o Syndromie Arnolda\u2011Chiari typu I, jego objawach, diagnostyce i leczeniu w o\u015brodku ICSEB, wraz z do\u015bwiadczeniami pacjent\u00f3w.\" \/>\n<meta name=\"robots\" content=\"index, follow, max-snippet:-1, max-image-preview:large, max-video-preview:-1\" \/>\n<link rel=\"canonical\" href=\"https:\/\/institutchiaribcn.com\/pl\/syndrom-arnolda-chiari-i\/\" \/>\n<meta property=\"og:locale\" content=\"pl_PL\" \/>\n<meta property=\"og:type\" content=\"article\" \/>\n<meta property=\"og:title\" content=\"Syndrom Arnolda Chiari I | ICSEB\" \/>\n<meta property=\"og:description\" content=\"Informacje o Syndromie Arnolda\u2011Chiari typu I, jego objawach, diagnostyce i leczeniu w o\u015brodku ICSEB, wraz z do\u015bwiadczeniami pacjent\u00f3w.\" \/>\n<meta property=\"og:url\" content=\"https:\/\/institutchiaribcn.com\/pl\/syndrom-arnolda-chiari-i\/\" \/>\n<meta property=\"og:site_name\" content=\"Institut Chiari\" \/>\n<meta property=\"article:modified_time\" content=\"2026-02-10T10:36:00+00:00\" \/>\n<meta name=\"twitter:card\" content=\"summary_large_image\" \/>\n<meta name=\"twitter:label1\" content=\"Szacowany czas czytania\" \/>\n\t<meta name=\"twitter:data1\" content=\"1 minuta\" \/>\n<script type=\"application\/ld+json\" class=\"yoast-schema-graph\">{\"@context\":\"https:\/\/schema.org\",\"@graph\":[{\"@type\":\"WebPage\",\"@id\":\"https:\/\/institutchiaribcn.com\/pl\/syndrom-arnolda-chiari-i\/\",\"url\":\"https:\/\/institutchiaribcn.com\/pl\/syndrom-arnolda-chiari-i\/\",\"name\":\"Syndrom Arnolda Chiari I | ICSEB\",\"isPartOf\":{\"@id\":\"https:\/\/institutchiaribcn.com\/pl\/#website\"},\"datePublished\":\"2025-10-10T19:20:08+00:00\",\"dateModified\":\"2026-02-10T10:36:00+00:00\",\"description\":\"Informacje o Syndromie Arnolda\u2011Chiari typu I, jego objawach, diagnostyce i leczeniu w o\u015brodku ICSEB, wraz z do\u015bwiadczeniami pacjent\u00f3w.\",\"breadcrumb\":{\"@id\":\"https:\/\/institutchiaribcn.com\/pl\/syndrom-arnolda-chiari-i\/#breadcrumb\"},\"inLanguage\":\"pl-PL\",\"potentialAction\":[{\"@type\":\"ReadAction\",\"target\":[\"https:\/\/institutchiaribcn.com\/pl\/syndrom-arnolda-chiari-i\/\"]}]},{\"@type\":\"BreadcrumbList\",\"@id\":\"https:\/\/institutchiaribcn.com\/pl\/syndrom-arnolda-chiari-i\/#breadcrumb\",\"itemListElement\":[{\"@type\":\"ListItem\",\"position\":1,\"name\":\"Portada\",\"item\":\"https:\/\/institutchiaribcn.com\/pl\/\"},{\"@type\":\"ListItem\",\"position\":2,\"name\":\"Syndrom Arnolda Chiari I\"}]},{\"@type\":\"WebSite\",\"@id\":\"https:\/\/institutchiaribcn.com\/pl\/#website\",\"url\":\"https:\/\/institutchiaribcn.com\/pl\/\",\"name\":\"Institut Chiari de Barcelona\",\"description\":\"\",\"publisher\":{\"@id\":\"https:\/\/institutchiaribcn.com\/pl\/#organization\"},\"potentialAction\":[{\"@type\":\"SearchAction\",\"target\":{\"@type\":\"EntryPoint\",\"urlTemplate\":\"https:\/\/institutchiaribcn.com\/pl\/?s={search_term_string}\"},\"query-input\":{\"@type\":\"PropertyValueSpecification\",\"valueRequired\":true,\"valueName\":\"search_term_string\"}}],\"inLanguage\":\"pl-PL\"},{\"@type\":\"Organization\",\"@id\":\"https:\/\/institutchiaribcn.com\/pl\/#organization\",\"name\":\"Institut Chiari de Barcelona\",\"url\":\"https:\/\/institutchiaribcn.com\/pl\/\",\"logo\":{\"@type\":\"ImageObject\",\"inLanguage\":\"pl-PL\",\"@id\":\"https:\/\/institutchiaribcn.com\/pl\/#\/schema\/logo\/image\/\",\"url\":\"https:\/\/institutchiaribcn.com\/wp-content\/uploads\/2025\/10\/cropped-cropped-icsebNavLogo-1.png\",\"contentUrl\":\"https:\/\/institutchiaribcn.com\/wp-content\/uploads\/2025\/10\/cropped-cropped-icsebNavLogo-1.png\",\"width\":245,\"height\":99,\"caption\":\"Institut Chiari de Barcelona\"},\"image\":{\"@id\":\"https:\/\/institutchiaribcn.com\/pl\/#\/schema\/logo\/image\/\"}}]}<\/script>\n<!-- \/ Yoast SEO plugin. -->","yoast_head_json":{"title":"Syndrom Arnolda Chiari I | ICSEB","description":"Informacje o Syndromie Arnolda\u2011Chiari typu I, jego objawach, diagnostyce i leczeniu w o\u015brodku ICSEB, wraz z do\u015bwiadczeniami pacjent\u00f3w.","robots":{"index":"index","follow":"follow","max-snippet":"max-snippet:-1","max-image-preview":"max-image-preview:large","max-video-preview":"max-video-preview:-1"},"canonical":"https:\/\/institutchiaribcn.com\/pl\/syndrom-arnolda-chiari-i\/","og_locale":"pl_PL","og_type":"article","og_title":"Syndrom Arnolda Chiari I | ICSEB","og_description":"Informacje o Syndromie Arnolda\u2011Chiari typu I, jego objawach, diagnostyce i leczeniu w o\u015brodku ICSEB, wraz z do\u015bwiadczeniami pacjent\u00f3w.","og_url":"https:\/\/institutchiaribcn.com\/pl\/syndrom-arnolda-chiari-i\/","og_site_name":"Institut Chiari","article_modified_time":"2026-02-10T10:36:00+00:00","twitter_card":"summary_large_image","twitter_misc":{"Szacowany czas czytania":"1 minuta"},"schema":{"@context":"https:\/\/schema.org","@graph":[{"@type":"WebPage","@id":"https:\/\/institutchiaribcn.com\/pl\/syndrom-arnolda-chiari-i\/","url":"https:\/\/institutchiaribcn.com\/pl\/syndrom-arnolda-chiari-i\/","name":"Syndrom Arnolda Chiari I | ICSEB","isPartOf":{"@id":"https:\/\/institutchiaribcn.com\/pl\/#website"},"datePublished":"2025-10-10T19:20:08+00:00","dateModified":"2026-02-10T10:36:00+00:00","description":"Informacje o Syndromie Arnolda\u2011Chiari typu I, jego objawach, diagnostyce i leczeniu w o\u015brodku ICSEB, wraz z do\u015bwiadczeniami pacjent\u00f3w.","breadcrumb":{"@id":"https:\/\/institutchiaribcn.com\/pl\/syndrom-arnolda-chiari-i\/#breadcrumb"},"inLanguage":"pl-PL","potentialAction":[{"@type":"ReadAction","target":["https:\/\/institutchiaribcn.com\/pl\/syndrom-arnolda-chiari-i\/"]}]},{"@type":"BreadcrumbList","@id":"https:\/\/institutchiaribcn.com\/pl\/syndrom-arnolda-chiari-i\/#breadcrumb","itemListElement":[{"@type":"ListItem","position":1,"name":"Portada","item":"https:\/\/institutchiaribcn.com\/pl\/"},{"@type":"ListItem","position":2,"name":"Syndrom Arnolda Chiari I"}]},{"@type":"WebSite","@id":"https:\/\/institutchiaribcn.com\/pl\/#website","url":"https:\/\/institutchiaribcn.com\/pl\/","name":"Institut Chiari de Barcelona","description":"","publisher":{"@id":"https:\/\/institutchiaribcn.com\/pl\/#organization"},"potentialAction":[{"@type":"SearchAction","target":{"@type":"EntryPoint","urlTemplate":"https:\/\/institutchiaribcn.com\/pl\/?s={search_term_string}"},"query-input":{"@type":"PropertyValueSpecification","valueRequired":true,"valueName":"search_term_string"}}],"inLanguage":"pl-PL"},{"@type":"Organization","@id":"https:\/\/institutchiaribcn.com\/pl\/#organization","name":"Institut Chiari de Barcelona","url":"https:\/\/institutchiaribcn.com\/pl\/","logo":{"@type":"ImageObject","inLanguage":"pl-PL","@id":"https:\/\/institutchiaribcn.com\/pl\/#\/schema\/logo\/image\/","url":"https:\/\/institutchiaribcn.com\/wp-content\/uploads\/2025\/10\/cropped-cropped-icsebNavLogo-1.png","contentUrl":"https:\/\/institutchiaribcn.com\/wp-content\/uploads\/2025\/10\/cropped-cropped-icsebNavLogo-1.png","width":245,"height":99,"caption":"Institut Chiari de Barcelona"},"image":{"@id":"https:\/\/institutchiaribcn.com\/pl\/#\/schema\/logo\/image\/"}}]}},"_links":{"self":[{"href":"https:\/\/institutchiaribcn.com\/pl\/wp-json\/wp\/v2\/pages\/116177","targetHints":{"allow":["GET"]}}],"collection":[{"href":"https:\/\/institutchiaribcn.com\/pl\/wp-json\/wp\/v2\/pages"}],"about":[{"href":"https:\/\/institutchiaribcn.com\/pl\/wp-json\/wp\/v2\/types\/page"}],"author":[{"embeddable":true,"href":"https:\/\/institutchiaribcn.com\/pl\/wp-json\/wp\/v2\/users\/1"}],"replies":[{"embeddable":true,"href":"https:\/\/institutchiaribcn.com\/pl\/wp-json\/wp\/v2\/comments?post=116177"}],"version-history":[{"count":1,"href":"https:\/\/institutchiaribcn.com\/pl\/wp-json\/wp\/v2\/pages\/116177\/revisions"}],"predecessor-version":[{"id":145115,"href":"https:\/\/institutchiaribcn.com\/pl\/wp-json\/wp\/v2\/pages\/116177\/revisions\/145115"}],"wp:attachment":[{"href":"https:\/\/institutchiaribcn.com\/pl\/wp-json\/wp\/v2\/media?parent=116177"}],"curies":[{"name":"wp","href":"https:\/\/api.w.org\/{rel}","templated":true}]}}