{"id":114005,"date":"2025-07-29T14:11:31","date_gmt":"2025-07-29T12:11:31","guid":{"rendered":"https:\/\/dev.institutchiaribcn.com\/medios-y-publicaciones-otros-autores\/"},"modified":"2026-02-11T11:28:54","modified_gmt":"2026-02-11T10:28:54","slug":"publikacje-inni-autorzy","status":"publish","type":"page","link":"https:\/\/institutchiaribcn.com\/pl\/publikacje-inni-autorzy\/","title":{"rendered":"Inni autorzy"},"content":{"rendered":"\t\t<div data-elementor-type=\"wp-page\" data-elementor-id=\"114005\" class=\"elementor elementor-114005 elementor-47750\" data-elementor-post-type=\"page\">\n\t\t\t\t<div class=\"elementor-element elementor-element-8f397d2 e-flex e-con-boxed e-con e-parent\" data-id=\"8f397d2\" data-element_type=\"container\" data-e-type=\"container\" data-settings=\"{&quot;background_background&quot;:&quot;classic&quot;}\">\n\t\t\t\t\t<div class=\"e-con-inner\">\n\t\t<div class=\"elementor-element elementor-element-24a1643 e-con-full e-flex e-con e-child\" data-id=\"24a1643\" data-element_type=\"container\" data-e-type=\"container\">\n\t\t\t\t<div class=\"elementor-element elementor-element-83df564 elementor-widget elementor-widget-heading\" data-id=\"83df564\" data-element_type=\"widget\" data-e-type=\"widget\" data-widget_type=\"heading.default\">\n\t\t\t\t<div class=\"elementor-widget-container\">\n\t\t\t\t\t<h2 class=\"elementor-heading-title elementor-size-default\">Inni autorzy\n<\/h2>\t\t\t\t<\/div>\n\t\t\t\t<\/div>\n\t\t\t\t<div class=\"elementor-element elementor-element-eed7a09 elementor-widget elementor-widget-heading\" data-id=\"eed7a09\" data-element_type=\"widget\" data-e-type=\"widget\" data-widget_type=\"heading.default\">\n\t\t\t\t<div class=\"elementor-widget-container\">\n\t\t\t\t\t<h2 class=\"elementor-heading-title elementor-size-default\">Institut Chiari &amp; Siringomielia &amp; Escoliosis de Barcelona<\/h2>\t\t\t\t<\/div>\n\t\t\t\t<\/div>\n\t\t\t\t<\/div>\n\t\t\t\t\t<\/div>\n\t\t\t\t<\/div>\n\t\t<div class=\"elementor-element elementor-element-f4e546e e-flex e-con-boxed e-con e-parent\" data-id=\"f4e546e\" data-element_type=\"container\" data-e-type=\"container\">\n\t\t\t\t\t<div class=\"e-con-inner\">\n\t\t\t\t<div class=\"elementor-element elementor-element-10353b1 elementor-posts--thumbnail-none elementor-grid-3 elementor-grid-tablet-2 elementor-grid-mobile-1 elementor-card-shadow-yes elementor-posts__hover-gradient elementor-widget elementor-widget-posts\" data-id=\"10353b1\" data-element_type=\"widget\" data-e-type=\"widget\" data-settings=\"{&quot;pagination_type&quot;:&quot;numbers&quot;,&quot;cards_columns&quot;:&quot;3&quot;,&quot;cards_columns_tablet&quot;:&quot;2&quot;,&quot;cards_columns_mobile&quot;:&quot;1&quot;,&quot;cards_row_gap&quot;:{&quot;unit&quot;:&quot;px&quot;,&quot;size&quot;:35,&quot;sizes&quot;:[]},&quot;cards_row_gap_tablet&quot;:{&quot;unit&quot;:&quot;px&quot;,&quot;size&quot;:&quot;&quot;,&quot;sizes&quot;:[]},&quot;cards_row_gap_mobile&quot;:{&quot;unit&quot;:&quot;px&quot;,&quot;size&quot;:&quot;&quot;,&quot;sizes&quot;:[]}}\" data-widget_type=\"posts.cards\">\n\t\t\t\t<div class=\"elementor-widget-container\">\n\t\t\t\t\t\t\t<div class=\"elementor-posts-container elementor-posts elementor-posts--skin-cards elementor-grid\" role=\"list\">\n\t\t\t\t<article class=\"elementor-post elementor-grid-item post-73407 publicaciones type-publicaciones status-publish has-post-thumbnail hentry tipos-de-publicaciones-inni-autorzy\" role=\"listitem\">\n\t\t\t<div class=\"elementor-post__card\">\n\t\t\t\t<div class=\"elementor-post__text\">\n\t\t\t\t<h3 class=\"elementor-post__title\">\n\t\t\t<a href=\"https:\/\/institutchiaribcn.com\/pl\/the-benefits-of-cognitive-therapeutic-exercise-in-symptomatic-arnold-chiari-syndrome-type-i-a-case-report-on-gait-balance-and-pain-management\/\" >\n\t\t\t\tThe Benefits of Cognitive Therapeutic Exercise in Symptomatic Arnold\u2013Chiari Syndrome Type I: A Case Report on Gait, Balance, and Pain Management\t\t\t<\/a>\n\t\t<\/h3>\n\t\t\t\t\t<div class=\"elementor-post__read-more-wrapper\">\n\t\t\n\t\t<a class=\"elementor-post__read-more\" href=\"https:\/\/institutchiaribcn.com\/pl\/the-benefits-of-cognitive-therapeutic-exercise-in-symptomatic-arnold-chiari-syndrome-type-i-a-case-report-on-gait-balance-and-pain-management\/\" aria-label=\"Read more about The Benefits of Cognitive Therapeutic Exercise in Symptomatic Arnold\u2013Chiari Syndrome Type I: A Case Report on Gait, Balance, and Pain Management\" tabindex=\"-1\" >\n\t\t\tCzytaj wi\u0119cej \u00bb\t\t<\/a>\n\n\t\t\t\t\t<\/div>\n\t\t\t\t<\/div>\n\t\t\t\t<div class=\"elementor-post__meta-data\">\n\t\t\t\t\t<span class=\"elementor-post-date\">\n\t\t\t06 listopada, 2024\t\t<\/span>\n\t\t\t\t<\/div>\n\t\t\t\t\t<\/div>\n\t\t<\/article>\n\t\t\t\t<article class=\"elementor-post elementor-grid-item post-73422 publicaciones type-publicaciones status-publish has-post-thumbnail hentry tipos-de-publicaciones-inni-autorzy\" role=\"listitem\">\n\t\t\t<div class=\"elementor-post__card\">\n\t\t\t\t<div class=\"elementor-post__text\">\n\t\t\t\t<h3 class=\"elementor-post__title\">\n\t\t\t<a href=\"https:\/\/institutchiaribcn.com\/pl\/the-triad-of-holocord-syringomyelia-chiari-malformation-and-tethered-cord-amelioration-with-simple-detethering-a-case-for-revisiting-traction-hypothesis\/\" >\n\t\t\t\tThe triad of holocord syringomyelia, Chiari malformation and tethered cord: Amelioration with simple detethering \u2013 A case for revisiting traction hypothesis?\t\t\t<\/a>\n\t\t<\/h3>\n\t\t\t\t\t<div class=\"elementor-post__read-more-wrapper\">\n\t\t\n\t\t<a class=\"elementor-post__read-more\" href=\"https:\/\/institutchiaribcn.com\/pl\/the-triad-of-holocord-syringomyelia-chiari-malformation-and-tethered-cord-amelioration-with-simple-detethering-a-case-for-revisiting-traction-hypothesis\/\" aria-label=\"Read more about The triad of holocord syringomyelia, Chiari malformation and tethered cord: Amelioration with simple detethering \u2013 A case for revisiting traction hypothesis?\" tabindex=\"-1\" >\n\t\t\tCzytaj wi\u0119cej \u00bb\t\t<\/a>\n\n\t\t\t\t\t<\/div>\n\t\t\t\t<\/div>\n\t\t\t\t<div class=\"elementor-post__meta-data\">\n\t\t\t\t\t<span class=\"elementor-post-date\">\n\t\t\t23 sierpnia, 2016\t\t<\/span>\n\t\t\t\t<\/div>\n\t\t\t\t\t<\/div>\n\t\t<\/article>\n\t\t\t\t<article class=\"elementor-post elementor-grid-item post-73423 publicaciones type-publicaciones status-publish has-post-thumbnail hentry tipos-de-publicaciones-inni-autorzy\" role=\"listitem\">\n\t\t\t<div class=\"elementor-post__card\">\n\t\t\t\t<div class=\"elementor-post__text\">\n\t\t\t\t<h3 class=\"elementor-post__title\">\n\t\t\t<a href=\"https:\/\/institutchiaribcn.com\/pl\/shortness-of-filum-terminale-represents-an-anatomical-specific-feature-in-fibromyalgia-a-nuclear-magnetic-resonance-and-clinical-study\/\" >\n\t\t\t\tShortness of filum terminale represents an anatomical specific feature in fibromyalgia: a nuclear magnetic resonance and clinical study\t\t\t<\/a>\n\t\t<\/h3>\n\t\t\t\t\t<div class=\"elementor-post__read-more-wrapper\">\n\t\t\n\t\t<a class=\"elementor-post__read-more\" href=\"https:\/\/institutchiaribcn.com\/pl\/shortness-of-filum-terminale-represents-an-anatomical-specific-feature-in-fibromyalgia-a-nuclear-magnetic-resonance-and-clinical-study\/\" aria-label=\"Read more about Shortness of filum terminale represents an anatomical specific feature in fibromyalgia: a nuclear magnetic resonance and clinical study\" tabindex=\"-1\" >\n\t\t\tCzytaj wi\u0119cej \u00bb\t\t<\/a>\n\n\t\t\t\t\t<\/div>\n\t\t\t\t<\/div>\n\t\t\t\t<div class=\"elementor-post__meta-data\">\n\t\t\t\t\t<span class=\"elementor-post-date\">\n\t\t\t24 kwietnia, 2015\t\t<\/span>\n\t\t\t\t<\/div>\n\t\t\t\t\t<\/div>\n\t\t<\/article>\n\t\t\t\t<article class=\"elementor-post elementor-grid-item post-73438 publicaciones type-publicaciones status-publish has-post-thumbnail hentry tipos-de-publicaciones-inni-autorzy\" role=\"listitem\">\n\t\t\t<div class=\"elementor-post__card\">\n\t\t\t\t<div class=\"elementor-post__text\">\n\t\t\t\t<h3 class=\"elementor-post__title\">\n\t\t\t<a href=\"https:\/\/institutchiaribcn.com\/pl\/the-filum-terminale-syndrome-the-cord-traction-syndrome\/\" >\n\t\t\t\tTHE FILUM TERMINALE SYNDROME: (The Cord-Traction Syndrome)\t\t\t<\/a>\n\t\t<\/h3>\n\t\t\t\t\t<div class=\"elementor-post__read-more-wrapper\">\n\t\t\n\t\t<a class=\"elementor-post__read-more\" href=\"https:\/\/institutchiaribcn.com\/pl\/the-filum-terminale-syndrome-the-cord-traction-syndrome\/\" aria-label=\"Read more about THE FILUM TERMINALE SYNDROME: (The Cord-Traction Syndrome)\" tabindex=\"-1\" >\n\t\t\tCzytaj wi\u0119cej \u00bb\t\t<\/a>\n\n\t\t\t\t\t<\/div>\n\t\t\t\t<\/div>\n\t\t\t\t<div class=\"elementor-post__meta-data\">\n\t\t\t\t\t<span class=\"elementor-post-date\">\n\t\t\t29 kwietnia, 2014\t\t<\/span>\n\t\t\t\t<\/div>\n\t\t\t\t\t<\/div>\n\t\t<\/article>\n\t\t\t\t<article class=\"elementor-post elementor-grid-item post-73453 publicaciones type-publicaciones status-publish has-post-thumbnail hentry tipos-de-publicaciones-inni-autorzy\" role=\"listitem\">\n\t\t\t<div class=\"elementor-post__card\">\n\t\t\t\t<div class=\"elementor-post__text\">\n\t\t\t\t<h3 class=\"elementor-post__title\">\n\t\t\t<a href=\"https:\/\/institutchiaribcn.com\/pl\/development-of-the-spine-following-pinealectomy-in-growing-rats\/\" >\n\t\t\t\tDevelopment of the spine following pinealectomy in growing rats\t\t\t<\/a>\n\t\t<\/h3>\n\t\t\t\t\t<div class=\"elementor-post__read-more-wrapper\">\n\t\t\n\t\t<a class=\"elementor-post__read-more\" href=\"https:\/\/institutchiaribcn.com\/pl\/development-of-the-spine-following-pinealectomy-in-growing-rats\/\" aria-label=\"Read more about Development of the spine following pinealectomy in growing rats\" tabindex=\"-1\" >\n\t\t\tCzytaj wi\u0119cej \u00bb\t\t<\/a>\n\n\t\t\t\t\t<\/div>\n\t\t\t\t<\/div>\n\t\t\t\t<div class=\"elementor-post__meta-data\">\n\t\t\t\t\t<span class=\"elementor-post-date\">\n\t\t\t17 czerwca, 2011\t\t<\/span>\n\t\t\t\t<\/div>\n\t\t\t\t\t<\/div>\n\t\t<\/article>\n\t\t\t\t<article class=\"elementor-post elementor-grid-item post-73468 publicaciones type-publicaciones status-publish has-post-thumbnail hentry tipos-de-publicaciones-inni-autorzy\" role=\"listitem\">\n\t\t\t<div class=\"elementor-post__card\">\n\t\t\t\t<div class=\"elementor-post__text\">\n\t\t\t\t<h3 class=\"elementor-post__title\">\n\t\t\t<a href=\"https:\/\/institutchiaribcn.com\/pl\/association-of-chiari-malformation-type-i-and-tethered-cord-syndrome-preliminary-results-of-sectioning-filum-terminale\/\" >\n\t\t\t\tAssociation of Chiari malformation type I and tethered cord syndrome: preliminary results of sectioning filum terminale\t\t\t<\/a>\n\t\t<\/h3>\n\t\t\t\t\t<div class=\"elementor-post__read-more-wrapper\">\n\t\t\n\t\t<a class=\"elementor-post__read-more\" href=\"https:\/\/institutchiaribcn.com\/pl\/association-of-chiari-malformation-type-i-and-tethered-cord-syndrome-preliminary-results-of-sectioning-filum-terminale\/\" aria-label=\"Read more about Association of Chiari malformation type I and tethered cord syndrome: preliminary results of sectioning filum terminale\" tabindex=\"-1\" >\n\t\t\tCzytaj wi\u0119cej \u00bb\t\t<\/a>\n\n\t\t\t\t\t<\/div>\n\t\t\t\t<\/div>\n\t\t\t\t<div class=\"elementor-post__meta-data\">\n\t\t\t\t\t<span class=\"elementor-post-date\">\n\t\t\t20 lipca, 2009\t\t<\/span>\n\t\t\t\t<\/div>\n\t\t\t\t\t<\/div>\n\t\t<\/article>\n\t\t\t\t<\/div>\n\t\t\n\t\t\t\t<div class=\"e-load-more-anchor\" data-page=\"1\" data-max-page=\"2\" data-next-page=\"https:\/\/institutchiaribcn.com\/pl\/wp-json\/wp\/v2\/pages\/114005\/page\/2\/\"><\/div>\n\t\t\t\t<nav class=\"elementor-pagination\" aria-label=\"Pagination\">\n\t\t\t<span aria-current=\"page\" class=\"page-numbers current\"><span class=\"elementor-screen-only\">Page<\/span>1<\/span>\n<a class=\"page-numbers\" href=\"https:\/\/institutchiaribcn.com\/pl\/wp-json\/wp\/v2\/pages\/114005\/page\/2\/\"><span class=\"elementor-screen-only\">Page<\/span>2<\/a>\t\t<\/nav>\n\t\t\t\t\t\t<\/div>\n\t\t\t\t<\/div>\n\t\t\t\t\t<\/div>\n\t\t\t\t<\/div>\n\t\t\t\t<\/div>\n\t\t","protected":false},"excerpt":{"rendered":"<p>Inni autorzy Institut Chiari &amp; Siringomielia &amp; Escoliosis de Barcelona<\/p>\n","protected":false},"author":1,"featured_media":0,"parent":0,"menu_order":0,"comment_status":"closed","ping_status":"closed","template":"","meta":{"footnotes":""},"class_list":["post-114005","page","type-page","status-publish","hentry"],"yoast_head":"<!-- This site is optimized with the Yoast SEO plugin v27.1.1 - https:\/\/yoast.com\/product\/yoast-seo-wordpress\/ -->\n<title>Publikacje innych autor\u00f3w | ICSEB<\/title>\n<meta name=\"description\" content=\"Publikacje naukowe innych autor\u00f3w o malformacji Chiari, jamisto\u015bci rdzenia, zespole Filum i chorobach kr\u0119gos\u0142upa oraz uk\u0142adu nerwowego.\" \/>\n<meta name=\"robots\" content=\"index, follow, max-snippet:-1, max-image-preview:large, max-video-preview:-1\" \/>\n<link rel=\"canonical\" href=\"https:\/\/institutchiaribcn.com\/pl\/publikacje-inni-autorzy\/\" \/>\n<meta property=\"og:locale\" content=\"pl_PL\" \/>\n<meta property=\"og:type\" content=\"article\" \/>\n<meta property=\"og:title\" content=\"Publikacje innych autor\u00f3w | ICSEB\" \/>\n<meta property=\"og:description\" content=\"Publikacje naukowe innych autor\u00f3w o malformacji Chiari, jamisto\u015bci rdzenia, zespole Filum i chorobach kr\u0119gos\u0142upa oraz uk\u0142adu nerwowego.\" \/>\n<meta property=\"og:url\" content=\"https:\/\/institutchiaribcn.com\/pl\/publikacje-inni-autorzy\/\" \/>\n<meta property=\"og:site_name\" content=\"Institut Chiari\" \/>\n<meta property=\"article:modified_time\" content=\"2026-02-11T10:28:54+00:00\" \/>\n<meta name=\"twitter:card\" content=\"summary_large_image\" \/>\n<meta name=\"twitter:label1\" content=\"Szacowany czas czytania\" \/>\n\t<meta name=\"twitter:data1\" content=\"1 minuta\" \/>\n<script type=\"application\/ld+json\" class=\"yoast-schema-graph\">{\"@context\":\"https:\/\/schema.org\",\"@graph\":[{\"@type\":\"WebPage\",\"@id\":\"https:\/\/institutchiaribcn.com\/pl\/publikacje-inni-autorzy\/\",\"url\":\"https:\/\/institutchiaribcn.com\/pl\/publikacje-inni-autorzy\/\",\"name\":\"Publikacje innych autor\u00f3w | ICSEB\",\"isPartOf\":{\"@id\":\"https:\/\/institutchiaribcn.com\/pl\/#website\"},\"datePublished\":\"2025-07-29T12:11:31+00:00\",\"dateModified\":\"2026-02-11T10:28:54+00:00\",\"description\":\"Publikacje naukowe innych autor\u00f3w o malformacji Chiari, jamisto\u015bci rdzenia, zespole Filum i chorobach kr\u0119gos\u0142upa oraz uk\u0142adu nerwowego.\",\"breadcrumb\":{\"@id\":\"https:\/\/institutchiaribcn.com\/pl\/publikacje-inni-autorzy\/#breadcrumb\"},\"inLanguage\":\"pl-PL\",\"potentialAction\":[{\"@type\":\"ReadAction\",\"target\":[\"https:\/\/institutchiaribcn.com\/pl\/publikacje-inni-autorzy\/\"]}]},{\"@type\":\"BreadcrumbList\",\"@id\":\"https:\/\/institutchiaribcn.com\/pl\/publikacje-inni-autorzy\/#breadcrumb\",\"itemListElement\":[{\"@type\":\"ListItem\",\"position\":1,\"name\":\"Portada\",\"item\":\"https:\/\/institutchiaribcn.com\/pl\/\"},{\"@type\":\"ListItem\",\"position\":2,\"name\":\"Inni autorzy\"}]},{\"@type\":\"WebSite\",\"@id\":\"https:\/\/institutchiaribcn.com\/pl\/#website\",\"url\":\"https:\/\/institutchiaribcn.com\/pl\/\",\"name\":\"Institut Chiari de Barcelona\",\"description\":\"\",\"publisher\":{\"@id\":\"https:\/\/institutchiaribcn.com\/pl\/#organization\"},\"potentialAction\":[{\"@type\":\"SearchAction\",\"target\":{\"@type\":\"EntryPoint\",\"urlTemplate\":\"https:\/\/institutchiaribcn.com\/pl\/?s={search_term_string}\"},\"query-input\":{\"@type\":\"PropertyValueSpecification\",\"valueRequired\":true,\"valueName\":\"search_term_string\"}}],\"inLanguage\":\"pl-PL\"},{\"@type\":\"Organization\",\"@id\":\"https:\/\/institutchiaribcn.com\/pl\/#organization\",\"name\":\"Institut Chiari de Barcelona\",\"url\":\"https:\/\/institutchiaribcn.com\/pl\/\",\"logo\":{\"@type\":\"ImageObject\",\"inLanguage\":\"pl-PL\",\"@id\":\"https:\/\/institutchiaribcn.com\/pl\/#\/schema\/logo\/image\/\",\"url\":\"https:\/\/institutchiaribcn.com\/wp-content\/uploads\/2025\/10\/cropped-cropped-icsebNavLogo-1.png\",\"contentUrl\":\"https:\/\/institutchiaribcn.com\/wp-content\/uploads\/2025\/10\/cropped-cropped-icsebNavLogo-1.png\",\"width\":245,\"height\":99,\"caption\":\"Institut Chiari de Barcelona\"},\"image\":{\"@id\":\"https:\/\/institutchiaribcn.com\/pl\/#\/schema\/logo\/image\/\"}}]}<\/script>\n<!-- \/ Yoast SEO plugin. -->","yoast_head_json":{"title":"Publikacje innych autor\u00f3w | ICSEB","description":"Publikacje naukowe innych autor\u00f3w o malformacji Chiari, jamisto\u015bci rdzenia, zespole Filum i chorobach kr\u0119gos\u0142upa oraz uk\u0142adu nerwowego.","robots":{"index":"index","follow":"follow","max-snippet":"max-snippet:-1","max-image-preview":"max-image-preview:large","max-video-preview":"max-video-preview:-1"},"canonical":"https:\/\/institutchiaribcn.com\/pl\/publikacje-inni-autorzy\/","og_locale":"pl_PL","og_type":"article","og_title":"Publikacje innych autor\u00f3w | ICSEB","og_description":"Publikacje naukowe innych autor\u00f3w o malformacji Chiari, jamisto\u015bci rdzenia, zespole Filum i chorobach kr\u0119gos\u0142upa oraz uk\u0142adu nerwowego.","og_url":"https:\/\/institutchiaribcn.com\/pl\/publikacje-inni-autorzy\/","og_site_name":"Institut Chiari","article_modified_time":"2026-02-11T10:28:54+00:00","twitter_card":"summary_large_image","twitter_misc":{"Szacowany czas czytania":"1 minuta"},"schema":{"@context":"https:\/\/schema.org","@graph":[{"@type":"WebPage","@id":"https:\/\/institutchiaribcn.com\/pl\/publikacje-inni-autorzy\/","url":"https:\/\/institutchiaribcn.com\/pl\/publikacje-inni-autorzy\/","name":"Publikacje innych autor\u00f3w | ICSEB","isPartOf":{"@id":"https:\/\/institutchiaribcn.com\/pl\/#website"},"datePublished":"2025-07-29T12:11:31+00:00","dateModified":"2026-02-11T10:28:54+00:00","description":"Publikacje naukowe innych autor\u00f3w o malformacji Chiari, jamisto\u015bci rdzenia, zespole Filum i chorobach kr\u0119gos\u0142upa oraz uk\u0142adu nerwowego.","breadcrumb":{"@id":"https:\/\/institutchiaribcn.com\/pl\/publikacje-inni-autorzy\/#breadcrumb"},"inLanguage":"pl-PL","potentialAction":[{"@type":"ReadAction","target":["https:\/\/institutchiaribcn.com\/pl\/publikacje-inni-autorzy\/"]}]},{"@type":"BreadcrumbList","@id":"https:\/\/institutchiaribcn.com\/pl\/publikacje-inni-autorzy\/#breadcrumb","itemListElement":[{"@type":"ListItem","position":1,"name":"Portada","item":"https:\/\/institutchiaribcn.com\/pl\/"},{"@type":"ListItem","position":2,"name":"Inni autorzy"}]},{"@type":"WebSite","@id":"https:\/\/institutchiaribcn.com\/pl\/#website","url":"https:\/\/institutchiaribcn.com\/pl\/","name":"Institut Chiari de Barcelona","description":"","publisher":{"@id":"https:\/\/institutchiaribcn.com\/pl\/#organization"},"potentialAction":[{"@type":"SearchAction","target":{"@type":"EntryPoint","urlTemplate":"https:\/\/institutchiaribcn.com\/pl\/?s={search_term_string}"},"query-input":{"@type":"PropertyValueSpecification","valueRequired":true,"valueName":"search_term_string"}}],"inLanguage":"pl-PL"},{"@type":"Organization","@id":"https:\/\/institutchiaribcn.com\/pl\/#organization","name":"Institut Chiari de Barcelona","url":"https:\/\/institutchiaribcn.com\/pl\/","logo":{"@type":"ImageObject","inLanguage":"pl-PL","@id":"https:\/\/institutchiaribcn.com\/pl\/#\/schema\/logo\/image\/","url":"https:\/\/institutchiaribcn.com\/wp-content\/uploads\/2025\/10\/cropped-cropped-icsebNavLogo-1.png","contentUrl":"https:\/\/institutchiaribcn.com\/wp-content\/uploads\/2025\/10\/cropped-cropped-icsebNavLogo-1.png","width":245,"height":99,"caption":"Institut Chiari de Barcelona"},"image":{"@id":"https:\/\/institutchiaribcn.com\/pl\/#\/schema\/logo\/image\/"}}]}},"_links":{"self":[{"href":"https:\/\/institutchiaribcn.com\/pl\/wp-json\/wp\/v2\/pages\/114005","targetHints":{"allow":["GET"]}}],"collection":[{"href":"https:\/\/institutchiaribcn.com\/pl\/wp-json\/wp\/v2\/pages"}],"about":[{"href":"https:\/\/institutchiaribcn.com\/pl\/wp-json\/wp\/v2\/types\/page"}],"author":[{"embeddable":true,"href":"https:\/\/institutchiaribcn.com\/pl\/wp-json\/wp\/v2\/users\/1"}],"replies":[{"embeddable":true,"href":"https:\/\/institutchiaribcn.com\/pl\/wp-json\/wp\/v2\/comments?post=114005"}],"version-history":[{"count":1,"href":"https:\/\/institutchiaribcn.com\/pl\/wp-json\/wp\/v2\/pages\/114005\/revisions"}],"predecessor-version":[{"id":145185,"href":"https:\/\/institutchiaribcn.com\/pl\/wp-json\/wp\/v2\/pages\/114005\/revisions\/145185"}],"wp:attachment":[{"href":"https:\/\/institutchiaribcn.com\/pl\/wp-json\/wp\/v2\/media?parent=114005"}],"curies":[{"name":"wp","href":"https:\/\/api.w.org\/{rel}","templated":true}]}}