{"id":113798,"date":"2025-07-29T16:54:00","date_gmt":"2025-07-29T14:54:00","guid":{"rendered":"https:\/\/dev.institutchiaribcn.com\/eventos-icseb\/"},"modified":"2026-02-09T11:42:58","modified_gmt":"2026-02-09T10:42:58","slug":"wydarzenia-icseb","status":"publish","type":"page","link":"https:\/\/institutchiaribcn.com\/pl\/wydarzenia-icseb\/","title":{"rendered":"Wydarzenia"},"content":{"rendered":"\t\t<div data-elementor-type=\"wp-page\" data-elementor-id=\"113798\" class=\"elementor elementor-113798 elementor-47973\" data-elementor-post-type=\"page\">\n\t\t\t\t<div class=\"elementor-element elementor-element-7f35a68 e-flex e-con-boxed e-con e-parent\" data-id=\"7f35a68\" data-element_type=\"container\" data-e-type=\"container\" data-settings=\"{&quot;background_background&quot;:&quot;classic&quot;}\">\n\t\t\t\t\t<div class=\"e-con-inner\">\n\t\t<div class=\"elementor-element elementor-element-344682e e-con-full e-flex e-con e-child\" data-id=\"344682e\" data-element_type=\"container\" data-e-type=\"container\">\n\t\t\t\t<div class=\"elementor-element elementor-element-676c025 elementor-widget elementor-widget-heading\" data-id=\"676c025\" data-element_type=\"widget\" data-e-type=\"widget\" data-widget_type=\"heading.default\">\n\t\t\t\t<div class=\"elementor-widget-container\">\n\t\t\t\t\t<h1 class=\"elementor-heading-title elementor-size-default\">Wydarzenia<\/h1>\t\t\t\t<\/div>\n\t\t\t\t<\/div>\n\t\t\t\t<div class=\"elementor-element elementor-element-0bddaeb elementor-widget elementor-widget-heading\" data-id=\"0bddaeb\" data-element_type=\"widget\" data-e-type=\"widget\" data-widget_type=\"heading.default\">\n\t\t\t\t<div class=\"elementor-widget-container\">\n\t\t\t\t\t<h2 class=\"elementor-heading-title elementor-size-default\">Institut Chiari &amp; Siringomielia &amp; Escoliosis de Barcelona<\/h2>\t\t\t\t<\/div>\n\t\t\t\t<\/div>\n\t\t\t\t<\/div>\n\t\t\t\t\t<\/div>\n\t\t\t\t<\/div>\n\t\t<div class=\"elementor-element elementor-element-b4d9863 e-flex e-con-boxed e-con e-parent\" data-id=\"b4d9863\" data-element_type=\"container\" data-e-type=\"container\">\n\t\t\t\t\t<div class=\"e-con-inner\">\n\t\t\t\t<div class=\"elementor-element elementor-element-0627a62 elementor-grid-3 elementor-grid-tablet-2 elementor-grid-mobile-1 elementor-posts--thumbnail-top elementor-card-shadow-yes elementor-posts__hover-gradient elementor-widget elementor-widget-posts\" data-id=\"0627a62\" data-element_type=\"widget\" data-e-type=\"widget\" data-settings=\"{&quot;pagination_type&quot;:&quot;numbers&quot;,&quot;cards_columns&quot;:&quot;3&quot;,&quot;cards_columns_tablet&quot;:&quot;2&quot;,&quot;cards_columns_mobile&quot;:&quot;1&quot;,&quot;cards_row_gap&quot;:{&quot;unit&quot;:&quot;px&quot;,&quot;size&quot;:35,&quot;sizes&quot;:[]},&quot;cards_row_gap_tablet&quot;:{&quot;unit&quot;:&quot;px&quot;,&quot;size&quot;:&quot;&quot;,&quot;sizes&quot;:[]},&quot;cards_row_gap_mobile&quot;:{&quot;unit&quot;:&quot;px&quot;,&quot;size&quot;:&quot;&quot;,&quot;sizes&quot;:[]}}\" data-widget_type=\"posts.cards\">\n\t\t\t\t<div class=\"elementor-widget-container\">\n\t\t\t\t\t\t\t<div class=\"elementor-posts-container elementor-posts elementor-posts--skin-cards elementor-grid\" role=\"list\">\n\t\t\t\t<article class=\"elementor-post elementor-grid-item post-121403 comunicacion type-comunicacion status-publish has-post-thumbnail hentry tipos-de-comunicacion-eventos tipos-de-comunicacion-komunikaty tipos-de-comunicacion-wydarzenia\" role=\"listitem\">\n\t\t\t<div class=\"elementor-post__card\">\n\t\t\t\t<a class=\"elementor-post__thumbnail__link\" href=\"https:\/\/institutchiaribcn.com\/pl\/sesje-online-dla-pacjentow-syndrom-arnolda-chiari-i-siringomielia-idiopatyczna-skolioza-idiopatyczna-i-inne-powiazane-patologie\/\" tabindex=\"-1\" ><div class=\"elementor-post__thumbnail\"><img fetchpriority=\"high\" decoding=\"async\" width=\"200\" height=\"250\" src=\"https:\/\/institutchiaribcn.com\/wp-content\/uploads\/2025\/10\/ES-sesion-online.jpeg\" class=\"attachment-2048x2048 size-2048x2048 wp-image-119839\" alt=\"\" \/><\/div><\/a>\n\t\t\t\t<div class=\"elementor-post__text\">\n\t\t\t\t<h3 class=\"elementor-post__title\">\n\t\t\t<a href=\"https:\/\/institutchiaribcn.com\/pl\/sesje-online-dla-pacjentow-syndrom-arnolda-chiari-i-siringomielia-idiopatyczna-skolioza-idiopatyczna-i-inne-powiazane-patologie\/\" >\n\t\t\t\tSesje online dla pacjent\u00f3w: Syndrom Arnolda Chiari I, Siringomielia idiopatyczna, Skolioza idiopatyczna i inne powi\u0105zane patologie.\t\t\t<\/a>\n\t\t<\/h3>\n\t\t\t\t\t<div class=\"elementor-post__read-more-wrapper\">\n\t\t\n\t\t<a class=\"elementor-post__read-more\" href=\"https:\/\/institutchiaribcn.com\/pl\/sesje-online-dla-pacjentow-syndrom-arnolda-chiari-i-siringomielia-idiopatyczna-skolioza-idiopatyczna-i-inne-powiazane-patologie\/\" aria-label=\"Read more about Sesje online dla pacjent\u00f3w: Syndrom Arnolda Chiari I, Siringomielia idiopatyczna, Skolioza idiopatyczna i inne powi\u0105zane patologie.\" tabindex=\"-1\" >\n\t\t\tCzytaj wi\u0119cej \u00bb\t\t<\/a>\n\n\t\t\t\t\t<\/div>\n\t\t\t\t<\/div>\n\t\t\t\t<div class=\"elementor-post__meta-data\">\n\t\t\t\t\t<span class=\"elementor-post-date\">\n\t\t\t13 pa\u017adziernika, 2025\t\t<\/span>\n\t\t\t\t<\/div>\n\t\t\t\t\t<\/div>\n\t\t<\/article>\n\t\t\t\t<article class=\"elementor-post elementor-grid-item post-121404 comunicacion type-comunicacion status-publish has-post-thumbnail hentry tipos-de-comunicacion-eventos tipos-de-comunicacion-komunikaty tipos-de-comunicacion-wydarzenia\" role=\"listitem\">\n\t\t\t<div class=\"elementor-post__card\">\n\t\t\t\t<a class=\"elementor-post__thumbnail__link\" href=\"https:\/\/institutchiaribcn.com\/pl\/xxvii-swiatowy-kongres-neurologii-korea-poludniowa-pazdziernik-2025\/\" tabindex=\"-1\" ><div class=\"elementor-post__thumbnail\"><img decoding=\"async\" width=\"300\" height=\"300\" src=\"https:\/\/institutchiaribcn.com\/wp-content\/uploads\/2025\/10\/WCN2025-300x300-1.png\" class=\"attachment-2048x2048 size-2048x2048 wp-image-143926\" alt=\"\" srcset=\"https:\/\/institutchiaribcn.com\/wp-content\/uploads\/2025\/10\/WCN2025-300x300-1.png 300w, https:\/\/institutchiaribcn.com\/wp-content\/uploads\/2025\/10\/WCN2025-300x300-1-150x150.png 150w\" sizes=\"(max-width: 300px) 100vw, 300px\" \/><\/div><\/a>\n\t\t\t\t<div class=\"elementor-post__text\">\n\t\t\t\t<h3 class=\"elementor-post__title\">\n\t\t\t<a href=\"https:\/\/institutchiaribcn.com\/pl\/xxvii-swiatowy-kongres-neurologii-korea-poludniowa-pazdziernik-2025\/\" >\n\t\t\t\tXXVII \u015awiatowy Kongres Neurologii (WCN), Korea Po\u0142udniowa, pa\u017adziernik 2025\t\t\t<\/a>\n\t\t<\/h3>\n\t\t\t\t\t<div class=\"elementor-post__read-more-wrapper\">\n\t\t\n\t\t<a class=\"elementor-post__read-more\" href=\"https:\/\/institutchiaribcn.com\/pl\/xxvii-swiatowy-kongres-neurologii-korea-poludniowa-pazdziernik-2025\/\" aria-label=\"Read more about XXVII \u015awiatowy Kongres Neurologii (WCN), Korea Po\u0142udniowa, pa\u017adziernik 2025\" tabindex=\"-1\" >\n\t\t\tCzytaj wi\u0119cej \u00bb\t\t<\/a>\n\n\t\t\t\t\t<\/div>\n\t\t\t\t<\/div>\n\t\t\t\t<div class=\"elementor-post__meta-data\">\n\t\t\t\t\t<span class=\"elementor-post-date\">\n\t\t\t10 pa\u017adziernika, 2025\t\t<\/span>\n\t\t\t\t<\/div>\n\t\t\t\t\t<\/div>\n\t\t<\/article>\n\t\t\t\t<\/div>\n\t\t\n\t\t\t\t\t\t<\/div>\n\t\t\t\t<\/div>\n\t\t\t\t\t<\/div>\n\t\t\t\t<\/div>\n\t\t\t\t<\/div>\n\t\t","protected":false},"excerpt":{"rendered":"<p>Wydarzenia Institut Chiari &amp; Siringomielia &amp; Escoliosis de Barcelona<\/p>\n","protected":false},"author":1,"featured_media":0,"parent":0,"menu_order":0,"comment_status":"closed","ping_status":"closed","template":"","meta":{"footnotes":""},"class_list":["post-113798","page","type-page","status-publish","hentry"],"yoast_head":"<!-- This site is optimized with the Yoast SEO plugin v27.1.1 - https:\/\/yoast.com\/product\/yoast-seo-wordpress\/ -->\n<title>Wydarzenia i konferencje medyczne | ICSEB<\/title>\n<meta name=\"description\" content=\"Informacje o wydarzeniach ICSEB: konferencjach, seminariach i warsztatach medycznych dotycz\u0105cych Chiari, Siringomielii i Filum.\" \/>\n<meta name=\"robots\" content=\"index, follow, max-snippet:-1, max-image-preview:large, max-video-preview:-1\" \/>\n<link rel=\"canonical\" href=\"https:\/\/institutchiaribcn.com\/pl\/wydarzenia-icseb\/\" \/>\n<meta property=\"og:locale\" content=\"pl_PL\" \/>\n<meta property=\"og:type\" content=\"article\" \/>\n<meta property=\"og:title\" content=\"Wydarzenia i konferencje medyczne | ICSEB\" \/>\n<meta property=\"og:description\" content=\"Informacje o wydarzeniach ICSEB: konferencjach, seminariach i warsztatach medycznych dotycz\u0105cych Chiari, Siringomielii i Filum.\" \/>\n<meta property=\"og:url\" content=\"https:\/\/institutchiaribcn.com\/pl\/wydarzenia-icseb\/\" \/>\n<meta property=\"og:site_name\" content=\"Institut Chiari\" \/>\n<meta property=\"article:modified_time\" content=\"2026-02-09T10:42:58+00:00\" \/>\n<meta name=\"twitter:card\" content=\"summary_large_image\" \/>\n<meta name=\"twitter:label1\" content=\"Szacowany czas czytania\" \/>\n\t<meta name=\"twitter:data1\" content=\"1 minuta\" \/>\n<script type=\"application\/ld+json\" class=\"yoast-schema-graph\">{\"@context\":\"https:\/\/schema.org\",\"@graph\":[{\"@type\":\"WebPage\",\"@id\":\"https:\/\/institutchiaribcn.com\/pl\/wydarzenia-icseb\/\",\"url\":\"https:\/\/institutchiaribcn.com\/pl\/wydarzenia-icseb\/\",\"name\":\"Wydarzenia i konferencje medyczne | ICSEB\",\"isPartOf\":{\"@id\":\"https:\/\/institutchiaribcn.com\/pl\/#website\"},\"datePublished\":\"2025-07-29T14:54:00+00:00\",\"dateModified\":\"2026-02-09T10:42:58+00:00\",\"description\":\"Informacje o wydarzeniach ICSEB: konferencjach, seminariach i warsztatach medycznych dotycz\u0105cych Chiari, Siringomielii i Filum.\",\"breadcrumb\":{\"@id\":\"https:\/\/institutchiaribcn.com\/pl\/wydarzenia-icseb\/#breadcrumb\"},\"inLanguage\":\"pl-PL\",\"potentialAction\":[{\"@type\":\"ReadAction\",\"target\":[\"https:\/\/institutchiaribcn.com\/pl\/wydarzenia-icseb\/\"]}]},{\"@type\":\"BreadcrumbList\",\"@id\":\"https:\/\/institutchiaribcn.com\/pl\/wydarzenia-icseb\/#breadcrumb\",\"itemListElement\":[{\"@type\":\"ListItem\",\"position\":1,\"name\":\"Portada\",\"item\":\"https:\/\/institutchiaribcn.com\/pl\/\"},{\"@type\":\"ListItem\",\"position\":2,\"name\":\"Wydarzenia\"}]},{\"@type\":\"WebSite\",\"@id\":\"https:\/\/institutchiaribcn.com\/pl\/#website\",\"url\":\"https:\/\/institutchiaribcn.com\/pl\/\",\"name\":\"Institut Chiari de Barcelona\",\"description\":\"\",\"publisher\":{\"@id\":\"https:\/\/institutchiaribcn.com\/pl\/#organization\"},\"potentialAction\":[{\"@type\":\"SearchAction\",\"target\":{\"@type\":\"EntryPoint\",\"urlTemplate\":\"https:\/\/institutchiaribcn.com\/pl\/?s={search_term_string}\"},\"query-input\":{\"@type\":\"PropertyValueSpecification\",\"valueRequired\":true,\"valueName\":\"search_term_string\"}}],\"inLanguage\":\"pl-PL\"},{\"@type\":\"Organization\",\"@id\":\"https:\/\/institutchiaribcn.com\/pl\/#organization\",\"name\":\"Institut Chiari de Barcelona\",\"url\":\"https:\/\/institutchiaribcn.com\/pl\/\",\"logo\":{\"@type\":\"ImageObject\",\"inLanguage\":\"pl-PL\",\"@id\":\"https:\/\/institutchiaribcn.com\/pl\/#\/schema\/logo\/image\/\",\"url\":\"https:\/\/institutchiaribcn.com\/wp-content\/uploads\/2025\/10\/cropped-cropped-icsebNavLogo-1.png\",\"contentUrl\":\"https:\/\/institutchiaribcn.com\/wp-content\/uploads\/2025\/10\/cropped-cropped-icsebNavLogo-1.png\",\"width\":245,\"height\":99,\"caption\":\"Institut Chiari de Barcelona\"},\"image\":{\"@id\":\"https:\/\/institutchiaribcn.com\/pl\/#\/schema\/logo\/image\/\"}}]}<\/script>\n<!-- \/ Yoast SEO plugin. -->","yoast_head_json":{"title":"Wydarzenia i konferencje medyczne | ICSEB","description":"Informacje o wydarzeniach ICSEB: konferencjach, seminariach i warsztatach medycznych dotycz\u0105cych Chiari, Siringomielii i Filum.","robots":{"index":"index","follow":"follow","max-snippet":"max-snippet:-1","max-image-preview":"max-image-preview:large","max-video-preview":"max-video-preview:-1"},"canonical":"https:\/\/institutchiaribcn.com\/pl\/wydarzenia-icseb\/","og_locale":"pl_PL","og_type":"article","og_title":"Wydarzenia i konferencje medyczne | ICSEB","og_description":"Informacje o wydarzeniach ICSEB: konferencjach, seminariach i warsztatach medycznych dotycz\u0105cych Chiari, Siringomielii i Filum.","og_url":"https:\/\/institutchiaribcn.com\/pl\/wydarzenia-icseb\/","og_site_name":"Institut Chiari","article_modified_time":"2026-02-09T10:42:58+00:00","twitter_card":"summary_large_image","twitter_misc":{"Szacowany czas czytania":"1 minuta"},"schema":{"@context":"https:\/\/schema.org","@graph":[{"@type":"WebPage","@id":"https:\/\/institutchiaribcn.com\/pl\/wydarzenia-icseb\/","url":"https:\/\/institutchiaribcn.com\/pl\/wydarzenia-icseb\/","name":"Wydarzenia i konferencje medyczne | ICSEB","isPartOf":{"@id":"https:\/\/institutchiaribcn.com\/pl\/#website"},"datePublished":"2025-07-29T14:54:00+00:00","dateModified":"2026-02-09T10:42:58+00:00","description":"Informacje o wydarzeniach ICSEB: konferencjach, seminariach i warsztatach medycznych dotycz\u0105cych Chiari, Siringomielii i Filum.","breadcrumb":{"@id":"https:\/\/institutchiaribcn.com\/pl\/wydarzenia-icseb\/#breadcrumb"},"inLanguage":"pl-PL","potentialAction":[{"@type":"ReadAction","target":["https:\/\/institutchiaribcn.com\/pl\/wydarzenia-icseb\/"]}]},{"@type":"BreadcrumbList","@id":"https:\/\/institutchiaribcn.com\/pl\/wydarzenia-icseb\/#breadcrumb","itemListElement":[{"@type":"ListItem","position":1,"name":"Portada","item":"https:\/\/institutchiaribcn.com\/pl\/"},{"@type":"ListItem","position":2,"name":"Wydarzenia"}]},{"@type":"WebSite","@id":"https:\/\/institutchiaribcn.com\/pl\/#website","url":"https:\/\/institutchiaribcn.com\/pl\/","name":"Institut Chiari de Barcelona","description":"","publisher":{"@id":"https:\/\/institutchiaribcn.com\/pl\/#organization"},"potentialAction":[{"@type":"SearchAction","target":{"@type":"EntryPoint","urlTemplate":"https:\/\/institutchiaribcn.com\/pl\/?s={search_term_string}"},"query-input":{"@type":"PropertyValueSpecification","valueRequired":true,"valueName":"search_term_string"}}],"inLanguage":"pl-PL"},{"@type":"Organization","@id":"https:\/\/institutchiaribcn.com\/pl\/#organization","name":"Institut Chiari de Barcelona","url":"https:\/\/institutchiaribcn.com\/pl\/","logo":{"@type":"ImageObject","inLanguage":"pl-PL","@id":"https:\/\/institutchiaribcn.com\/pl\/#\/schema\/logo\/image\/","url":"https:\/\/institutchiaribcn.com\/wp-content\/uploads\/2025\/10\/cropped-cropped-icsebNavLogo-1.png","contentUrl":"https:\/\/institutchiaribcn.com\/wp-content\/uploads\/2025\/10\/cropped-cropped-icsebNavLogo-1.png","width":245,"height":99,"caption":"Institut Chiari de Barcelona"},"image":{"@id":"https:\/\/institutchiaribcn.com\/pl\/#\/schema\/logo\/image\/"}}]}},"_links":{"self":[{"href":"https:\/\/institutchiaribcn.com\/pl\/wp-json\/wp\/v2\/pages\/113798","targetHints":{"allow":["GET"]}}],"collection":[{"href":"https:\/\/institutchiaribcn.com\/pl\/wp-json\/wp\/v2\/pages"}],"about":[{"href":"https:\/\/institutchiaribcn.com\/pl\/wp-json\/wp\/v2\/types\/page"}],"author":[{"embeddable":true,"href":"https:\/\/institutchiaribcn.com\/pl\/wp-json\/wp\/v2\/users\/1"}],"replies":[{"embeddable":true,"href":"https:\/\/institutchiaribcn.com\/pl\/wp-json\/wp\/v2\/comments?post=113798"}],"version-history":[{"count":4,"href":"https:\/\/institutchiaribcn.com\/pl\/wp-json\/wp\/v2\/pages\/113798\/revisions"}],"predecessor-version":[{"id":145089,"href":"https:\/\/institutchiaribcn.com\/pl\/wp-json\/wp\/v2\/pages\/113798\/revisions\/145089"}],"wp:attachment":[{"href":"https:\/\/institutchiaribcn.com\/pl\/wp-json\/wp\/v2\/media?parent=113798"}],"curies":[{"name":"wp","href":"https:\/\/api.w.org\/{rel}","templated":true}]}}