{"id":113586,"date":"2025-08-01T08:54:48","date_gmt":"2025-08-01T06:54:48","guid":{"rendered":"https:\/\/dev.institutchiaribcn.com\/testimonio\/"},"modified":"2025-11-21T09:36:07","modified_gmt":"2025-11-21T08:36:07","slug":"historie-pacjentow","status":"publish","type":"page","link":"https:\/\/institutchiaribcn.com\/pl\/historie-pacjentow\/","title":{"rendered":"Historie pacjent\u00f3w"},"content":{"rendered":"\t\t<div data-elementor-type=\"wp-page\" data-elementor-id=\"113586\" class=\"elementor elementor-113586 elementor-48249\" data-elementor-post-type=\"page\">\n\t\t\t\t<div class=\"elementor-element elementor-element-0172bb1 e-flex e-con-boxed e-con e-parent\" data-id=\"0172bb1\" data-element_type=\"container\" data-e-type=\"container\" data-settings=\"{&quot;background_background&quot;:&quot;classic&quot;}\">\n\t\t\t\t\t<div class=\"e-con-inner\">\n\t\t<div class=\"elementor-element elementor-element-3b20eec e-con-full e-flex e-con e-child\" data-id=\"3b20eec\" data-element_type=\"container\" data-e-type=\"container\">\n\t\t\t\t<div class=\"elementor-element elementor-element-7507769 elementor-widget elementor-widget-heading\" data-id=\"7507769\" data-element_type=\"widget\" data-e-type=\"widget\" data-widget_type=\"heading.default\">\n\t\t\t\t<div class=\"elementor-widget-container\">\n\t\t\t\t\t<h1 class=\"elementor-heading-title elementor-size-default\"> Historie pacjent\u00f3w <\/h1>\t\t\t\t<\/div>\n\t\t\t\t<\/div>\n\t\t\t\t<div class=\"elementor-element elementor-element-e735535 elementor-widget elementor-widget-heading\" data-id=\"e735535\" data-element_type=\"widget\" data-e-type=\"widget\" data-widget_type=\"heading.default\">\n\t\t\t\t<div class=\"elementor-widget-container\">\n\t\t\t\t\t<h2 class=\"elementor-heading-title elementor-size-default\">Institut Chiari &amp; Siringomielia &amp; Escoliosis de Barcelona<\/h2>\t\t\t\t<\/div>\n\t\t\t\t<\/div>\n\t\t\t\t<\/div>\n\t\t\t\t\t<\/div>\n\t\t\t\t<\/div>\n\t\t<div class=\"elementor-element elementor-element-f6c21cd e-flex e-con-boxed e-con e-parent\" data-id=\"f6c21cd\" data-element_type=\"container\" data-e-type=\"container\">\n\t\t\t\t\t<div class=\"e-con-inner\">\n\t\t<div class=\"elementor-element elementor-element-a77a654 e-grid e-con-full e-con e-child\" data-id=\"a77a654\" data-element_type=\"container\" data-e-type=\"container\">\n\t\t<a class=\"elementor-element elementor-element-353646c e-con-full e-flex e-con e-child\" data-id=\"353646c\" data-element_type=\"container\" data-e-type=\"container\" data-settings=\"{&quot;background_background&quot;:&quot;classic&quot;}\" href=\"https:\/\/institutchiaribcn.com\/pl\/syndrom-arnolda-chiari-i\/\">\n\t\t\t\t<div class=\"elementor-element elementor-element-c9a470b elementor-widget elementor-widget-heading\" data-id=\"c9a470b\" data-element_type=\"widget\" data-e-type=\"widget\" data-widget_type=\"heading.default\">\n\t\t\t\t<div class=\"elementor-widget-container\">\n\t\t\t\t\t<p class=\"elementor-heading-title elementor-size-default\">Relacje pacjent\u00f3w \u2013 Zesp\u00f3\u0142 Arnolda-Chiariego typu I<\/p>\t\t\t\t<\/div>\n\t\t\t\t<\/div>\n\t\t\t\t<\/a>\n\t\t<a class=\"elementor-element elementor-element-98164ac e-con-full e-flex e-con e-child\" data-id=\"98164ac\" data-element_type=\"container\" data-e-type=\"container\" data-settings=\"{&quot;background_background&quot;:&quot;classic&quot;}\" href=\"https:\/\/institutchiaribcn.com\/pl\/sft-po-operacji-odbarczenia\/\">\n\t\t\t\t<div class=\"elementor-element elementor-element-ebe7637 elementor-widget elementor-widget-heading\" data-id=\"ebe7637\" data-element_type=\"widget\" data-e-type=\"widget\" data-widget_type=\"heading.default\">\n\t\t\t\t<div class=\"elementor-widget-container\">\n\t\t\t\t\t<p class=\"elementor-heading-title elementor-size-default\">Relacje pacjent\u00f3w \u2013 SFT po kraniektomii podpotylicznej (SOK)<\/p>\t\t\t\t<\/div>\n\t\t\t\t<\/div>\n\t\t\t\t<\/a>\n\t\t<a class=\"elementor-element elementor-element-1dc990d e-con-full e-flex e-con e-child\" data-id=\"1dc990d\" data-element_type=\"container\" data-e-type=\"container\" data-settings=\"{&quot;background_background&quot;:&quot;classic&quot;}\" href=\"https:\/\/institutchiaribcn.com\/pl\/syringomielia-idiopatyczna\/\">\n\t\t\t\t<div class=\"elementor-element elementor-element-114a25c elementor-widget elementor-widget-heading\" data-id=\"114a25c\" data-element_type=\"widget\" data-e-type=\"widget\" data-widget_type=\"heading.default\">\n\t\t\t\t<div class=\"elementor-widget-container\">\n\t\t\t\t\t<p class=\"elementor-heading-title elementor-size-default\">Relacje pacjent\u00f3w \u2013 Idiopatyczna jamisto\u015b\u0107 rdzenia (syringomielia)<\/p>\t\t\t\t<\/div>\n\t\t\t\t<\/div>\n\t\t\t\t<\/a>\n\t\t<a class=\"elementor-element elementor-element-f75acff e-con-full e-flex e-con e-child\" data-id=\"f75acff\" data-element_type=\"container\" data-e-type=\"container\" data-settings=\"{&quot;background_background&quot;:&quot;classic&quot;}\" href=\"https:\/\/institutchiaribcn.com\/pl\/sft-po-wczesniejszej-laminectomii-i-zalozeniu-drenu\/\">\n\t\t\t\t<div class=\"elementor-element elementor-element-e87b121 elementor-widget elementor-widget-heading\" data-id=\"e87b121\" data-element_type=\"widget\" data-e-type=\"widget\" data-widget_type=\"heading.default\">\n\t\t\t\t<div class=\"elementor-widget-container\">\n\t\t\t\t\t<p class=\"elementor-heading-title elementor-size-default\">Relacje pacjent\u00f3w \u2013 SFT po laminektomii i implantacji cewnika<\/p>\t\t\t\t<\/div>\n\t\t\t\t<\/div>\n\t\t\t\t<\/a>\n\t\t<a class=\"elementor-element elementor-element-f43f57d e-con-full e-flex e-con e-child\" data-id=\"f43f57d\" data-element_type=\"container\" data-e-type=\"container\" data-settings=\"{&quot;background_background&quot;:&quot;classic&quot;}\" href=\"https:\/\/institutchiaribcn.com\/pl\/skolioza-idiopatyczna\/\">\n\t\t\t\t<div class=\"elementor-element elementor-element-700f1ad elementor-widget elementor-widget-heading\" data-id=\"700f1ad\" data-element_type=\"widget\" data-e-type=\"widget\" data-widget_type=\"heading.default\">\n\t\t\t\t<div class=\"elementor-widget-container\">\n\t\t\t\t\t<p class=\"elementor-heading-title elementor-size-default\">Relacje pacjent\u00f3w \u2013 Idiopatyczna skolioza<\/p>\t\t\t\t<\/div>\n\t\t\t\t<\/div>\n\t\t\t\t<\/a>\n\t\t<a class=\"elementor-element elementor-element-b46f3a6 e-con-full e-flex e-con e-child\" data-id=\"b46f3a6\" data-element_type=\"container\" data-e-type=\"container\" data-settings=\"{&quot;background_background&quot;:&quot;classic&quot;}\" href=\"https:\/\/institutchiaribcn.com\/pl\/pacjenci-po-operacji-kregoslupa\/\">\n\t\t\t\t<div class=\"elementor-element elementor-element-a10ba8c elementor-widget elementor-widget-heading\" data-id=\"a10ba8c\" data-element_type=\"widget\" data-e-type=\"widget\" data-widget_type=\"heading.default\">\n\t\t\t\t<div class=\"elementor-widget-container\">\n\t\t\t\t\t<p class=\"elementor-heading-title elementor-size-default\">Relacje pacjent\u00f3w \u2013 Operowani pacjenci po zabiegach na kr\u0119gos\u0142upie<\/p>\t\t\t\t<\/div>\n\t\t\t\t<\/div>\n\t\t\t\t<\/a>\n\t\t<a class=\"elementor-element elementor-element-0ff9fe3 e-con-full e-flex e-con e-child\" data-id=\"0ff9fe3\" data-element_type=\"container\" data-e-type=\"container\" data-settings=\"{&quot;background_background&quot;:&quot;classic&quot;}\" href=\"https:\/\/institutchiaribcn.com\/pl\/historie-rodzinne\/\">\n\t\t\t\t<div class=\"elementor-element elementor-element-1810d36 elementor-widget elementor-widget-heading\" data-id=\"1810d36\" data-element_type=\"widget\" data-e-type=\"widget\" data-widget_type=\"heading.default\">\n\t\t\t\t<div class=\"elementor-widget-container\">\n\t\t\t\t\t<p class=\"elementor-heading-title elementor-size-default\">Relacje cz\u0142onk\u00f3w rodzin pacjent\u00f3w<\/p>\t\t\t\t<\/div>\n\t\t\t\t<\/div>\n\t\t\t\t<\/a>\n\t\t<a class=\"elementor-element elementor-element-d69e97b e-con-full e-flex e-con e-child\" data-id=\"d69e97b\" data-element_type=\"container\" data-e-type=\"container\" data-settings=\"{&quot;background_background&quot;:&quot;classic&quot;}\" href=\"https:\/\/institutchiaribcn.com\/pl\/historie-choroby-filmy\/\">\n\t\t\t\t<div class=\"elementor-element elementor-element-2344dc1 elementor-widget elementor-widget-heading\" data-id=\"2344dc1\" data-element_type=\"widget\" data-e-type=\"widget\" data-widget_type=\"heading.default\">\n\t\t\t\t<div class=\"elementor-widget-container\">\n\t\t\t\t\t<p class=\"elementor-heading-title elementor-size-default\">Historie choroby-filmy\n<\/p>\t\t\t\t<\/div>\n\t\t\t\t<\/div>\n\t\t\t\t<\/a>\n\t\t<a class=\"elementor-element elementor-element-7db70b7 e-con-full e-flex e-con e-child\" data-id=\"7db70b7\" data-element_type=\"container\" data-e-type=\"container\" data-settings=\"{&quot;background_background&quot;:&quot;classic&quot;}\" href=\"https:\/\/institutchiaribcn.com\/pl\/filmy-rodzinne\/\">\n\t\t\t\t<div class=\"elementor-element elementor-element-ce679aa elementor-widget elementor-widget-heading\" data-id=\"ce679aa\" data-element_type=\"widget\" data-e-type=\"widget\" data-widget_type=\"heading.default\">\n\t\t\t\t<div class=\"elementor-widget-container\">\n\t\t\t\t\t<p class=\"elementor-heading-title elementor-size-default\">Filmy rodzinne<\/p>\t\t\t\t<\/div>\n\t\t\t\t<\/div>\n\t\t\t\t<\/a>\n\t\t<a class=\"elementor-element elementor-element-61c14ee e-con-full e-flex e-con e-child\" data-id=\"61c14ee\" data-element_type=\"container\" data-e-type=\"container\" data-settings=\"{&quot;background_background&quot;:&quot;classic&quot;}\" href=\"https:\/\/institutchiaribcn.com\/pl\/filmy-profesjonalisci\/\">\n\t\t\t\t<div class=\"elementor-element elementor-element-24e3a53 elementor-widget elementor-widget-heading\" data-id=\"24e3a53\" data-element_type=\"widget\" data-e-type=\"widget\" data-widget_type=\"heading.default\">\n\t\t\t\t<div class=\"elementor-widget-container\">\n\t\t\t\t\t<p class=\"elementor-heading-title elementor-size-default\">Filmy - profesjonali\u015bci\n<\/p>\t\t\t\t<\/div>\n\t\t\t\t<\/div>\n\t\t\t\t<\/a>\n\t\t\t\t<\/div>\n\t\t\t\t\t<\/div>\n\t\t\t\t<\/div>\n\t\t\t\t<\/div>\n\t\t","protected":false},"excerpt":{"rendered":"<p>Historie pacjent\u00f3w Institut Chiari &amp; Siringomielia &amp; Escoliosis de Barcelona Relacje pacjent\u00f3w \u2013 Zesp\u00f3\u0142 Arnolda-Chiariego typu I Relacje pacjent\u00f3w \u2013 SFT po kraniektomii podpotylicznej (SOK) Relacje pacjent\u00f3w \u2013 Idiopatyczna jamisto\u015b\u0107 rdzenia (syringomielia) Relacje pacjent\u00f3w \u2013 SFT po laminektomii i implantacji cewnika Relacje pacjent\u00f3w \u2013 Idiopatyczna skolioza Relacje pacjent\u00f3w \u2013 Operowani pacjenci po zabiegach na kr\u0119gos\u0142upie [&hellip;]<\/p>\n","protected":false},"author":1,"featured_media":0,"parent":0,"menu_order":0,"comment_status":"closed","ping_status":"closed","template":"","meta":{"footnotes":""},"class_list":["post-113586","page","type-page","status-publish","hentry"],"yoast_head":"<!-- This site is optimized with the Yoast SEO plugin v27.1.1 - https:\/\/yoast.com\/product\/yoast-seo-wordpress\/ -->\n<title>Historie pacjent\u00f3w | Institut\u202fChiari Barcelona<\/title>\n<meta name=\"description\" content=\"Poznaj prawdziwe historie pacjent\u00f3w leczenia w Institut\u202fChiari Barcelona \u2013 relacje po operacjach choroby Filum, Chiari i skoliozy.\" \/>\n<meta name=\"robots\" content=\"index, follow, max-snippet:-1, max-image-preview:large, max-video-preview:-1\" \/>\n<link rel=\"canonical\" href=\"https:\/\/institutchiaribcn.com\/pl\/historie-pacjentow\/\" \/>\n<meta property=\"og:locale\" content=\"pl_PL\" \/>\n<meta property=\"og:type\" content=\"article\" \/>\n<meta property=\"og:title\" content=\"Historie pacjent\u00f3w | Institut\u202fChiari Barcelona\" \/>\n<meta property=\"og:description\" content=\"Poznaj prawdziwe historie pacjent\u00f3w leczenia w Institut\u202fChiari Barcelona \u2013 relacje po operacjach choroby Filum, Chiari i skoliozy.\" \/>\n<meta property=\"og:url\" content=\"https:\/\/institutchiaribcn.com\/pl\/historie-pacjentow\/\" \/>\n<meta property=\"og:site_name\" content=\"Institut Chiari\" \/>\n<meta property=\"article:modified_time\" content=\"2025-11-21T08:36:07+00:00\" \/>\n<meta name=\"twitter:card\" content=\"summary_large_image\" \/>\n<meta name=\"twitter:label1\" content=\"Szacowany czas czytania\" \/>\n\t<meta name=\"twitter:data1\" content=\"1 minuta\" \/>\n<script type=\"application\/ld+json\" class=\"yoast-schema-graph\">{\"@context\":\"https:\/\/schema.org\",\"@graph\":[{\"@type\":\"WebPage\",\"@id\":\"https:\/\/institutchiaribcn.com\/pl\/historie-pacjentow\/\",\"url\":\"https:\/\/institutchiaribcn.com\/pl\/historie-pacjentow\/\",\"name\":\"Historie pacjent\u00f3w | Institut\u202fChiari Barcelona\",\"isPartOf\":{\"@id\":\"https:\/\/institutchiaribcn.com\/pl\/#website\"},\"datePublished\":\"2025-08-01T06:54:48+00:00\",\"dateModified\":\"2025-11-21T08:36:07+00:00\",\"description\":\"Poznaj prawdziwe historie pacjent\u00f3w leczenia w Institut\u202fChiari Barcelona \u2013 relacje po operacjach choroby Filum, Chiari i skoliozy.\",\"breadcrumb\":{\"@id\":\"https:\/\/institutchiaribcn.com\/pl\/historie-pacjentow\/#breadcrumb\"},\"inLanguage\":\"pl-PL\",\"potentialAction\":[{\"@type\":\"ReadAction\",\"target\":[\"https:\/\/institutchiaribcn.com\/pl\/historie-pacjentow\/\"]}]},{\"@type\":\"BreadcrumbList\",\"@id\":\"https:\/\/institutchiaribcn.com\/pl\/historie-pacjentow\/#breadcrumb\",\"itemListElement\":[{\"@type\":\"ListItem\",\"position\":1,\"name\":\"Portada\",\"item\":\"https:\/\/institutchiaribcn.com\/pl\/\"},{\"@type\":\"ListItem\",\"position\":2,\"name\":\"Historie pacjent\u00f3w\"}]},{\"@type\":\"WebSite\",\"@id\":\"https:\/\/institutchiaribcn.com\/pl\/#website\",\"url\":\"https:\/\/institutchiaribcn.com\/pl\/\",\"name\":\"Institut Chiari de Barcelona\",\"description\":\"\",\"publisher\":{\"@id\":\"https:\/\/institutchiaribcn.com\/pl\/#organization\"},\"potentialAction\":[{\"@type\":\"SearchAction\",\"target\":{\"@type\":\"EntryPoint\",\"urlTemplate\":\"https:\/\/institutchiaribcn.com\/pl\/?s={search_term_string}\"},\"query-input\":{\"@type\":\"PropertyValueSpecification\",\"valueRequired\":true,\"valueName\":\"search_term_string\"}}],\"inLanguage\":\"pl-PL\"},{\"@type\":\"Organization\",\"@id\":\"https:\/\/institutchiaribcn.com\/pl\/#organization\",\"name\":\"Institut Chiari de Barcelona\",\"url\":\"https:\/\/institutchiaribcn.com\/pl\/\",\"logo\":{\"@type\":\"ImageObject\",\"inLanguage\":\"pl-PL\",\"@id\":\"https:\/\/institutchiaribcn.com\/pl\/#\/schema\/logo\/image\/\",\"url\":\"https:\/\/institutchiaribcn.com\/wp-content\/uploads\/2025\/10\/cropped-cropped-icsebNavLogo-1.png\",\"contentUrl\":\"https:\/\/institutchiaribcn.com\/wp-content\/uploads\/2025\/10\/cropped-cropped-icsebNavLogo-1.png\",\"width\":245,\"height\":99,\"caption\":\"Institut Chiari de Barcelona\"},\"image\":{\"@id\":\"https:\/\/institutchiaribcn.com\/pl\/#\/schema\/logo\/image\/\"}}]}<\/script>\n<!-- \/ Yoast SEO plugin. -->","yoast_head_json":{"title":"Historie pacjent\u00f3w | Institut\u202fChiari Barcelona","description":"Poznaj prawdziwe historie pacjent\u00f3w leczenia w Institut\u202fChiari Barcelona \u2013 relacje po operacjach choroby Filum, Chiari i skoliozy.","robots":{"index":"index","follow":"follow","max-snippet":"max-snippet:-1","max-image-preview":"max-image-preview:large","max-video-preview":"max-video-preview:-1"},"canonical":"https:\/\/institutchiaribcn.com\/pl\/historie-pacjentow\/","og_locale":"pl_PL","og_type":"article","og_title":"Historie pacjent\u00f3w | Institut\u202fChiari Barcelona","og_description":"Poznaj prawdziwe historie pacjent\u00f3w leczenia w Institut\u202fChiari Barcelona \u2013 relacje po operacjach choroby Filum, Chiari i skoliozy.","og_url":"https:\/\/institutchiaribcn.com\/pl\/historie-pacjentow\/","og_site_name":"Institut Chiari","article_modified_time":"2025-11-21T08:36:07+00:00","twitter_card":"summary_large_image","twitter_misc":{"Szacowany czas czytania":"1 minuta"},"schema":{"@context":"https:\/\/schema.org","@graph":[{"@type":"WebPage","@id":"https:\/\/institutchiaribcn.com\/pl\/historie-pacjentow\/","url":"https:\/\/institutchiaribcn.com\/pl\/historie-pacjentow\/","name":"Historie pacjent\u00f3w | Institut\u202fChiari Barcelona","isPartOf":{"@id":"https:\/\/institutchiaribcn.com\/pl\/#website"},"datePublished":"2025-08-01T06:54:48+00:00","dateModified":"2025-11-21T08:36:07+00:00","description":"Poznaj prawdziwe historie pacjent\u00f3w leczenia w Institut\u202fChiari Barcelona \u2013 relacje po operacjach choroby Filum, Chiari i skoliozy.","breadcrumb":{"@id":"https:\/\/institutchiaribcn.com\/pl\/historie-pacjentow\/#breadcrumb"},"inLanguage":"pl-PL","potentialAction":[{"@type":"ReadAction","target":["https:\/\/institutchiaribcn.com\/pl\/historie-pacjentow\/"]}]},{"@type":"BreadcrumbList","@id":"https:\/\/institutchiaribcn.com\/pl\/historie-pacjentow\/#breadcrumb","itemListElement":[{"@type":"ListItem","position":1,"name":"Portada","item":"https:\/\/institutchiaribcn.com\/pl\/"},{"@type":"ListItem","position":2,"name":"Historie pacjent\u00f3w"}]},{"@type":"WebSite","@id":"https:\/\/institutchiaribcn.com\/pl\/#website","url":"https:\/\/institutchiaribcn.com\/pl\/","name":"Institut Chiari de Barcelona","description":"","publisher":{"@id":"https:\/\/institutchiaribcn.com\/pl\/#organization"},"potentialAction":[{"@type":"SearchAction","target":{"@type":"EntryPoint","urlTemplate":"https:\/\/institutchiaribcn.com\/pl\/?s={search_term_string}"},"query-input":{"@type":"PropertyValueSpecification","valueRequired":true,"valueName":"search_term_string"}}],"inLanguage":"pl-PL"},{"@type":"Organization","@id":"https:\/\/institutchiaribcn.com\/pl\/#organization","name":"Institut Chiari de Barcelona","url":"https:\/\/institutchiaribcn.com\/pl\/","logo":{"@type":"ImageObject","inLanguage":"pl-PL","@id":"https:\/\/institutchiaribcn.com\/pl\/#\/schema\/logo\/image\/","url":"https:\/\/institutchiaribcn.com\/wp-content\/uploads\/2025\/10\/cropped-cropped-icsebNavLogo-1.png","contentUrl":"https:\/\/institutchiaribcn.com\/wp-content\/uploads\/2025\/10\/cropped-cropped-icsebNavLogo-1.png","width":245,"height":99,"caption":"Institut Chiari de Barcelona"},"image":{"@id":"https:\/\/institutchiaribcn.com\/pl\/#\/schema\/logo\/image\/"}}]}},"_links":{"self":[{"href":"https:\/\/institutchiaribcn.com\/pl\/wp-json\/wp\/v2\/pages\/113586","targetHints":{"allow":["GET"]}}],"collection":[{"href":"https:\/\/institutchiaribcn.com\/pl\/wp-json\/wp\/v2\/pages"}],"about":[{"href":"https:\/\/institutchiaribcn.com\/pl\/wp-json\/wp\/v2\/types\/page"}],"author":[{"embeddable":true,"href":"https:\/\/institutchiaribcn.com\/pl\/wp-json\/wp\/v2\/users\/1"}],"replies":[{"embeddable":true,"href":"https:\/\/institutchiaribcn.com\/pl\/wp-json\/wp\/v2\/comments?post=113586"}],"version-history":[{"count":1,"href":"https:\/\/institutchiaribcn.com\/pl\/wp-json\/wp\/v2\/pages\/113586\/revisions"}],"predecessor-version":[{"id":141544,"href":"https:\/\/institutchiaribcn.com\/pl\/wp-json\/wp\/v2\/pages\/113586\/revisions\/141544"}],"wp:attachment":[{"href":"https:\/\/institutchiaribcn.com\/pl\/wp-json\/wp\/v2\/media?parent=113586"}],"curies":[{"name":"wp","href":"https:\/\/api.w.org\/{rel}","templated":true}]}}