{"id":130798,"date":"2025-10-31T13:05:21","date_gmt":"2025-10-31T12:05:21","guid":{"rendered":"https:\/\/dev.institutchiaribcn.com\/?page_id=130798"},"modified":"2026-04-02T10:08:45","modified_gmt":"2026-04-02T08:08:45","slug":"applicable-national-law","status":"publish","type":"page","link":"https:\/\/institutchiaribcn.com\/ko\/applicable-national-law\/","title":{"rendered":"Applicable national law"},"content":{"rendered":"\t\t<div data-elementor-type=\"wp-page\" data-elementor-id=\"130798\" class=\"elementor elementor-130798 elementor-130121\" data-elementor-post-type=\"page\">\n\t\t\t\t<div class=\"elementor-element elementor-element-ec39d14 e-flex e-con-boxed e-con e-parent\" data-id=\"ec39d14\" data-element_type=\"container\" data-e-type=\"container\">\n\t\t\t\t\t<div class=\"e-con-inner\">\n\t\t\t\t<div class=\"elementor-element elementor-element-037baa3 elementor-widget elementor-widget-heading\" data-id=\"037baa3\" data-element_type=\"widget\" data-e-type=\"widget\" data-widget_type=\"heading.default\">\n\t\t\t\t<div class=\"elementor-widget-container\">\n\t\t\t\t\t<h1 class=\"elementor-heading-title elementor-size-default\">Applicable national law<\/h1>\t\t\t\t<\/div>\n\t\t\t\t<\/div>\n\t\t\t\t<div class=\"elementor-element elementor-element-2402d79 elementor-widget elementor-widget-text-editor\" data-id=\"2402d79\" data-element_type=\"widget\" data-e-type=\"widget\" data-widget_type=\"text-editor.default\">\n\t\t\t\t<div class=\"elementor-widget-container\">\n\t\t\t\t\t\t\t\t\t<div class=\"col-md-9\"><div class=\"panel panel-default panel-body\"><p class=\"text-muted aniview centerTXT\">Published by\u00a0<a title=\"Entradas de ICSEB\" href=\"https:\/\/institutchiaribcn.com\/ko\/author\/chiari\/\" rel=\"author\">ICSEB<\/a>\u00a0at 19\/06\/2015<\/p><p><strong>\u2013 Ley 14\/1986, de 25 de abril General de Sanidad.<\/strong><\/p><p><a href=\"https:\/\/www.boe.es\/buscar\/pdf\/1986\/BOE-A-1986-10499-consolidado.pdf\">https:\/\/www.boe.es\/buscar\/pdf\/1986\/BOE-A-1986-10499-consolidado.pdf<\/a><\/p><p>\u00a0<\/p><p><strong>\u2013\u00a0Ley Org\u00e1nica 15\/1999, de 13 de diciembre, de Protecci\u00f3n de Datos de Car\u00e1cter Personal.<\/strong><\/p><p><a href=\"https:\/\/www.boe.es\/boe\/dias\/1999\/12\/14\/pdfs\/A43088-43099.pdf\">https:\/\/www.boe.es\/boe\/dias\/1999\/12\/14\/pdfs\/A43088-43099.pdf<\/a><\/p><p>\u00a0<\/p><p><strong>\u2013\u00a0Ley 21\/2000, de 29 de diciembre, sobre los derechos de informaci\u00f3n concernientes a la salud y la autonom\u00eda del paciente, y la documentaci\u00f3n cl\u00ednica.<\/strong><\/p><p><a href=\"https:\/\/www.boe.es\/diario_boe\/txt.php?id=BOE-A-2010-10215\">https:\/\/www.boe.es\/diario_boe\/txt.php?id=BOE-A-2010-10215<\/a><\/p><p>\u00a0<\/p><p><strong>\u2013\u00a0Carta de los derechos y deberes de los ciudadanos en relaci\u00f3n a la salud y a la atenci\u00f3n sanitaria, de 24 de julio de 2001. Generalitat de Catalunya, Departament de Salut i Seguretat Social.<\/strong><\/p><p><a href=\"https:\/\/www20.gencat.cat\/docs\/canalsalut\/Home%20Canal%20Salut\/Ciutadania\/Drets_i_deures\/documents\/esasscas.pdf\">https:\/\/www20.gencat.cat\/docs\/canalsalut\/Home%20Canal%20Salut\/<br \/>Ciutadania\/Drets_i_deures\/documents\/esasscas.pdf<\/a><\/p><p>\u00a0<\/p><p><strong>\u2013\u00a0Ley 41\/2002, de 14 de noviembre, b\u00e1sica reguladora de la autonom\u00eda del paciente y de derechos y obligaciones en materia de informaci\u00f3n y documentaci\u00f3n cl\u00ednica.<\/strong><\/p><p><a href=\"https:\/\/www.boe.es\/boe\/dias\/2002\/11\/15\/pdfs\/A40126-40132.pdf\">https:\/\/www.boe.es\/boe\/dias\/2002\/11\/15\/pdfs\/A40126-40132.pdf<\/a><\/p><p>\u00a0<\/p><p><strong>\u2013\u00a0Ley 16\/2010, de 3 de junio, de modificaci\u00f3n de la Ley 21\/2000, de 29 de diciembre, sobre los derechos de informaci\u00f3n concerniente a la salud y la autonom\u00eda del paciente, y la documentaci\u00f3n cl\u00ednica.<\/strong><\/p><p><a href=\"https:\/\/www.boe.es\/boe\/dias\/2010\/06\/28\/pdfs\/BOE-A-2010-10215.pdf\">https:\/\/www.boe.es\/boe\/dias\/2010\/06\/28\/pdfs\/BOE-A-2010-10215.pdf<\/a><\/p><p>\u00a0<\/p><p><strong>\u2013\u00a0Real Decreto 81\/2014, de 7 de febrero, por el que se establecen normas para garantizar, la asistencia sanitaria transfronteriza, y por el que se modifica el Real Decreto 1718\/2010, de 17 de diciembre, sobre receta m\u00e9dica y \u00f3rdenes de dispensaci\u00f3n.<\/strong><\/p><\/div><\/div>\t\t\t\t\t\t\t\t<\/div>\n\t\t\t\t<\/div>\n\t\t\t\t\t<\/div>\n\t\t\t\t<\/div>\n\t\t\t\t<\/div>\n\t\t","protected":false},"excerpt":{"rendered":"<p>Applicable national law Published by\u00a0ICSEB\u00a0at 19\/06\/2015 \u2013 Ley 14\/1986, de 25 de abril General de Sanidad. https:\/\/www.boe.es\/buscar\/pdf\/1986\/BOE-A-1986-10499-consolidado.pdf \u2013\u00a0Ley Org\u00e1nica 15\/1999, de 13 de diciembre, de Protecci\u00f3n de Datos de Car\u00e1cter Personal. https:\/\/www.boe.es\/boe\/dias\/1999\/12\/14\/pdfs\/A43088-43099.pdf \u2013\u00a0Ley 21\/2000, de 29 de diciembre, sobre los derechos de informaci\u00f3n concernientes a la salud y la autonom\u00eda del paciente, y la documentaci\u00f3n [&hellip;]<\/p>\n","protected":false},"author":1,"featured_media":0,"parent":0,"menu_order":0,"comment_status":"closed","ping_status":"closed","template":"","meta":{"footnotes":""},"class_list":["post-130798","page","type-page","status-publish","hentry"],"yoast_head":"<!-- This site is optimized with the Yoast SEO plugin v27.1.1 - https:\/\/yoast.com\/product\/yoast-seo-wordpress\/ -->\n<title>\uad6d\uac00\ubcc4 \ubc95\ub960 \uc801\uc6a9 | \ubc14\ub974\uc140\ub85c\ub098 \ud0a4\uc544\ub9ac \uc5f0\uad6c\uc18c<\/title>\n<meta name=\"description\" content=\"ICSEB\uc5d0 \uc801\uc6a9\ub418\ub294 \uad6d\ub0b4\ubc95\uacfc \uc758\ub8cc \uc11c\ube44\uc2a4 \uc81c\uacf5\uc5d0 \uad00\ud55c \ubc95\uc801 \uc870\uac74\uacfc \uae30\uc900\uc744 \uc548\ub0b4\ud569\ub2c8\ub2e4.\uc758\ub8cc \uacc4\uc57d, \ucc45\uc784 \ubc94\uc704, \ud658\uc790\uc758 \uad8c\ub9ac\uc640 \uc758\ubb34\uc5d0 \ub300\ud55c \uc8fc\uc694 \ubc95\uc801 \uc815\ubcf4\ub97c \ud655\uc778\ud560 \uc218 \uc788\uc2b5\ub2c8\ub2e4.\uc548\uc804\ud558\uace0 \ud22c\uba85\ud55c \uc758\ub8cc \uc81c\uacf5\uc744 \uc704\ud55c \ubc95\uc801 \uccb4\uacc4\uc640 \uc6b4\uc601 \uae30\uc900\uc744 \uc18c\uac1c\ud569\ub2c8\ub2e4.\" \/>\n<meta name=\"robots\" content=\"index, follow, max-snippet:-1, max-image-preview:large, max-video-preview:-1\" \/>\n<link rel=\"canonical\" href=\"https:\/\/institutchiaribcn.com\/ko\/applicable-national-law\/\" \/>\n<meta property=\"og:locale\" content=\"ko_KR\" \/>\n<meta property=\"og:type\" content=\"article\" \/>\n<meta property=\"og:title\" content=\"\uad6d\uac00\ubcc4 \ubc95\ub960 \uc801\uc6a9 | \ubc14\ub974\uc140\ub85c\ub098 \ud0a4\uc544\ub9ac \uc5f0\uad6c\uc18c\" \/>\n<meta property=\"og:description\" content=\"ICSEB\uc5d0 \uc801\uc6a9\ub418\ub294 \uad6d\ub0b4\ubc95\uacfc \uc758\ub8cc \uc11c\ube44\uc2a4 \uc81c\uacf5\uc5d0 \uad00\ud55c \ubc95\uc801 \uc870\uac74\uacfc \uae30\uc900\uc744 \uc548\ub0b4\ud569\ub2c8\ub2e4.\uc758\ub8cc \uacc4\uc57d, \ucc45\uc784 \ubc94\uc704, \ud658\uc790\uc758 \uad8c\ub9ac\uc640 \uc758\ubb34\uc5d0 \ub300\ud55c \uc8fc\uc694 \ubc95\uc801 \uc815\ubcf4\ub97c \ud655\uc778\ud560 \uc218 \uc788\uc2b5\ub2c8\ub2e4.\uc548\uc804\ud558\uace0 \ud22c\uba85\ud55c \uc758\ub8cc \uc81c\uacf5\uc744 \uc704\ud55c \ubc95\uc801 \uccb4\uacc4\uc640 \uc6b4\uc601 \uae30\uc900\uc744 \uc18c\uac1c\ud569\ub2c8\ub2e4.\" \/>\n<meta property=\"og:url\" content=\"https:\/\/institutchiaribcn.com\/ko\/applicable-national-law\/\" \/>\n<meta property=\"og:site_name\" content=\"\ud0a4\uc544\ub9ac \uc5f0\uad6c\uc18c\" \/>\n<meta property=\"article:modified_time\" content=\"2026-04-02T08:08:45+00:00\" \/>\n<meta name=\"twitter:card\" content=\"summary_large_image\" \/>\n<meta name=\"twitter:label1\" content=\"\uc608\uc0c1 \ub418\ub294 \ud310\ub3c5 \uc2dc\uac04\" \/>\n\t<meta name=\"twitter:data1\" content=\"1\ubd84\" \/>\n<script type=\"application\/ld+json\" class=\"yoast-schema-graph\">{\"@context\":\"https:\/\/schema.org\",\"@graph\":[{\"@type\":\"WebPage\",\"@id\":\"https:\/\/institutchiaribcn.com\/ko\/applicable-national-law\/\",\"url\":\"https:\/\/institutchiaribcn.com\/ko\/applicable-national-law\/\",\"name\":\"\uad6d\uac00\ubcc4 \ubc95\ub960 \uc801\uc6a9 | \ubc14\ub974\uc140\ub85c\ub098 \ud0a4\uc544\ub9ac \uc5f0\uad6c\uc18c\",\"isPartOf\":{\"@id\":\"https:\/\/institutchiaribcn.com\/ko\/#website\"},\"datePublished\":\"2025-10-31T12:05:21+00:00\",\"dateModified\":\"2026-04-02T08:08:45+00:00\",\"description\":\"ICSEB\uc5d0 \uc801\uc6a9\ub418\ub294 \uad6d\ub0b4\ubc95\uacfc \uc758\ub8cc \uc11c\ube44\uc2a4 \uc81c\uacf5\uc5d0 \uad00\ud55c \ubc95\uc801 \uc870\uac74\uacfc \uae30\uc900\uc744 \uc548\ub0b4\ud569\ub2c8\ub2e4.\uc758\ub8cc \uacc4\uc57d, \ucc45\uc784 \ubc94\uc704, \ud658\uc790\uc758 \uad8c\ub9ac\uc640 \uc758\ubb34\uc5d0 \ub300\ud55c \uc8fc\uc694 \ubc95\uc801 \uc815\ubcf4\ub97c \ud655\uc778\ud560 \uc218 \uc788\uc2b5\ub2c8\ub2e4.\uc548\uc804\ud558\uace0 \ud22c\uba85\ud55c \uc758\ub8cc \uc81c\uacf5\uc744 \uc704\ud55c \ubc95\uc801 \uccb4\uacc4\uc640 \uc6b4\uc601 \uae30\uc900\uc744 \uc18c\uac1c\ud569\ub2c8\ub2e4.\",\"breadcrumb\":{\"@id\":\"https:\/\/institutchiaribcn.com\/ko\/applicable-national-law\/#breadcrumb\"},\"inLanguage\":\"ko-KR\",\"potentialAction\":[{\"@type\":\"ReadAction\",\"target\":[\"https:\/\/institutchiaribcn.com\/ko\/applicable-national-law\/\"]}]},{\"@type\":\"BreadcrumbList\",\"@id\":\"https:\/\/institutchiaribcn.com\/ko\/applicable-national-law\/#breadcrumb\",\"itemListElement\":[{\"@type\":\"ListItem\",\"position\":1,\"name\":\"Portada\",\"item\":\"https:\/\/institutchiaribcn.com\/ko\/\"},{\"@type\":\"ListItem\",\"position\":2,\"name\":\"Applicable national law\"}]},{\"@type\":\"WebSite\",\"@id\":\"https:\/\/institutchiaribcn.com\/ko\/#website\",\"url\":\"https:\/\/institutchiaribcn.com\/ko\/\",\"name\":\"Institut Chiari de Barcelona\",\"description\":\"\",\"publisher\":{\"@id\":\"https:\/\/institutchiaribcn.com\/ko\/#organization\"},\"potentialAction\":[{\"@type\":\"SearchAction\",\"target\":{\"@type\":\"EntryPoint\",\"urlTemplate\":\"https:\/\/institutchiaribcn.com\/ko\/?s={search_term_string}\"},\"query-input\":{\"@type\":\"PropertyValueSpecification\",\"valueRequired\":true,\"valueName\":\"search_term_string\"}}],\"inLanguage\":\"ko-KR\"},{\"@type\":\"Organization\",\"@id\":\"https:\/\/institutchiaribcn.com\/ko\/#organization\",\"name\":\"Institut Chiari de Barcelona\",\"url\":\"https:\/\/institutchiaribcn.com\/ko\/\",\"logo\":{\"@type\":\"ImageObject\",\"inLanguage\":\"ko-KR\",\"@id\":\"https:\/\/institutchiaribcn.com\/ko\/#\/schema\/logo\/image\/\",\"url\":\"https:\/\/institutchiaribcn.com\/wp-content\/uploads\/2025\/10\/cropped-cropped-icsebNavLogo-1.png\",\"contentUrl\":\"https:\/\/institutchiaribcn.com\/wp-content\/uploads\/2025\/10\/cropped-cropped-icsebNavLogo-1.png\",\"width\":245,\"height\":99,\"caption\":\"Institut Chiari de Barcelona\"},\"image\":{\"@id\":\"https:\/\/institutchiaribcn.com\/ko\/#\/schema\/logo\/image\/\"}}]}<\/script>\n<!-- \/ Yoast SEO plugin. -->","yoast_head_json":{"title":"\uad6d\uac00\ubcc4 \ubc95\ub960 \uc801\uc6a9 | \ubc14\ub974\uc140\ub85c\ub098 \ud0a4\uc544\ub9ac \uc5f0\uad6c\uc18c","description":"ICSEB\uc5d0 \uc801\uc6a9\ub418\ub294 \uad6d\ub0b4\ubc95\uacfc \uc758\ub8cc \uc11c\ube44\uc2a4 \uc81c\uacf5\uc5d0 \uad00\ud55c \ubc95\uc801 \uc870\uac74\uacfc \uae30\uc900\uc744 \uc548\ub0b4\ud569\ub2c8\ub2e4.\uc758\ub8cc \uacc4\uc57d, \ucc45\uc784 \ubc94\uc704, \ud658\uc790\uc758 \uad8c\ub9ac\uc640 \uc758\ubb34\uc5d0 \ub300\ud55c \uc8fc\uc694 \ubc95\uc801 \uc815\ubcf4\ub97c \ud655\uc778\ud560 \uc218 \uc788\uc2b5\ub2c8\ub2e4.\uc548\uc804\ud558\uace0 \ud22c\uba85\ud55c \uc758\ub8cc \uc81c\uacf5\uc744 \uc704\ud55c \ubc95\uc801 \uccb4\uacc4\uc640 \uc6b4\uc601 \uae30\uc900\uc744 \uc18c\uac1c\ud569\ub2c8\ub2e4.","robots":{"index":"index","follow":"follow","max-snippet":"max-snippet:-1","max-image-preview":"max-image-preview:large","max-video-preview":"max-video-preview:-1"},"canonical":"https:\/\/institutchiaribcn.com\/ko\/applicable-national-law\/","og_locale":"ko_KR","og_type":"article","og_title":"\uad6d\uac00\ubcc4 \ubc95\ub960 \uc801\uc6a9 | \ubc14\ub974\uc140\ub85c\ub098 \ud0a4\uc544\ub9ac \uc5f0\uad6c\uc18c","og_description":"ICSEB\uc5d0 \uc801\uc6a9\ub418\ub294 \uad6d\ub0b4\ubc95\uacfc \uc758\ub8cc \uc11c\ube44\uc2a4 \uc81c\uacf5\uc5d0 \uad00\ud55c \ubc95\uc801 \uc870\uac74\uacfc \uae30\uc900\uc744 \uc548\ub0b4\ud569\ub2c8\ub2e4.\uc758\ub8cc \uacc4\uc57d, \ucc45\uc784 \ubc94\uc704, \ud658\uc790\uc758 \uad8c\ub9ac\uc640 \uc758\ubb34\uc5d0 \ub300\ud55c \uc8fc\uc694 \ubc95\uc801 \uc815\ubcf4\ub97c \ud655\uc778\ud560 \uc218 \uc788\uc2b5\ub2c8\ub2e4.\uc548\uc804\ud558\uace0 \ud22c\uba85\ud55c \uc758\ub8cc \uc81c\uacf5\uc744 \uc704\ud55c \ubc95\uc801 \uccb4\uacc4\uc640 \uc6b4\uc601 \uae30\uc900\uc744 \uc18c\uac1c\ud569\ub2c8\ub2e4.","og_url":"https:\/\/institutchiaribcn.com\/ko\/applicable-national-law\/","og_site_name":"\ud0a4\uc544\ub9ac \uc5f0\uad6c\uc18c","article_modified_time":"2026-04-02T08:08:45+00:00","twitter_card":"summary_large_image","twitter_misc":{"\uc608\uc0c1 \ub418\ub294 \ud310\ub3c5 \uc2dc\uac04":"1\ubd84"},"schema":{"@context":"https:\/\/schema.org","@graph":[{"@type":"WebPage","@id":"https:\/\/institutchiaribcn.com\/ko\/applicable-national-law\/","url":"https:\/\/institutchiaribcn.com\/ko\/applicable-national-law\/","name":"\uad6d\uac00\ubcc4 \ubc95\ub960 \uc801\uc6a9 | \ubc14\ub974\uc140\ub85c\ub098 \ud0a4\uc544\ub9ac \uc5f0\uad6c\uc18c","isPartOf":{"@id":"https:\/\/institutchiaribcn.com\/ko\/#website"},"datePublished":"2025-10-31T12:05:21+00:00","dateModified":"2026-04-02T08:08:45+00:00","description":"ICSEB\uc5d0 \uc801\uc6a9\ub418\ub294 \uad6d\ub0b4\ubc95\uacfc \uc758\ub8cc \uc11c\ube44\uc2a4 \uc81c\uacf5\uc5d0 \uad00\ud55c \ubc95\uc801 \uc870\uac74\uacfc \uae30\uc900\uc744 \uc548\ub0b4\ud569\ub2c8\ub2e4.\uc758\ub8cc \uacc4\uc57d, \ucc45\uc784 \ubc94\uc704, \ud658\uc790\uc758 \uad8c\ub9ac\uc640 \uc758\ubb34\uc5d0 \ub300\ud55c \uc8fc\uc694 \ubc95\uc801 \uc815\ubcf4\ub97c \ud655\uc778\ud560 \uc218 \uc788\uc2b5\ub2c8\ub2e4.\uc548\uc804\ud558\uace0 \ud22c\uba85\ud55c \uc758\ub8cc \uc81c\uacf5\uc744 \uc704\ud55c \ubc95\uc801 \uccb4\uacc4\uc640 \uc6b4\uc601 \uae30\uc900\uc744 \uc18c\uac1c\ud569\ub2c8\ub2e4.","breadcrumb":{"@id":"https:\/\/institutchiaribcn.com\/ko\/applicable-national-law\/#breadcrumb"},"inLanguage":"ko-KR","potentialAction":[{"@type":"ReadAction","target":["https:\/\/institutchiaribcn.com\/ko\/applicable-national-law\/"]}]},{"@type":"BreadcrumbList","@id":"https:\/\/institutchiaribcn.com\/ko\/applicable-national-law\/#breadcrumb","itemListElement":[{"@type":"ListItem","position":1,"name":"Portada","item":"https:\/\/institutchiaribcn.com\/ko\/"},{"@type":"ListItem","position":2,"name":"Applicable national law"}]},{"@type":"WebSite","@id":"https:\/\/institutchiaribcn.com\/ko\/#website","url":"https:\/\/institutchiaribcn.com\/ko\/","name":"Institut Chiari de Barcelona","description":"","publisher":{"@id":"https:\/\/institutchiaribcn.com\/ko\/#organization"},"potentialAction":[{"@type":"SearchAction","target":{"@type":"EntryPoint","urlTemplate":"https:\/\/institutchiaribcn.com\/ko\/?s={search_term_string}"},"query-input":{"@type":"PropertyValueSpecification","valueRequired":true,"valueName":"search_term_string"}}],"inLanguage":"ko-KR"},{"@type":"Organization","@id":"https:\/\/institutchiaribcn.com\/ko\/#organization","name":"Institut Chiari de Barcelona","url":"https:\/\/institutchiaribcn.com\/ko\/","logo":{"@type":"ImageObject","inLanguage":"ko-KR","@id":"https:\/\/institutchiaribcn.com\/ko\/#\/schema\/logo\/image\/","url":"https:\/\/institutchiaribcn.com\/wp-content\/uploads\/2025\/10\/cropped-cropped-icsebNavLogo-1.png","contentUrl":"https:\/\/institutchiaribcn.com\/wp-content\/uploads\/2025\/10\/cropped-cropped-icsebNavLogo-1.png","width":245,"height":99,"caption":"Institut Chiari de Barcelona"},"image":{"@id":"https:\/\/institutchiaribcn.com\/ko\/#\/schema\/logo\/image\/"}}]}},"_links":{"self":[{"href":"https:\/\/institutchiaribcn.com\/ko\/wp-json\/wp\/v2\/pages\/130798","targetHints":{"allow":["GET"]}}],"collection":[{"href":"https:\/\/institutchiaribcn.com\/ko\/wp-json\/wp\/v2\/pages"}],"about":[{"href":"https:\/\/institutchiaribcn.com\/ko\/wp-json\/wp\/v2\/types\/page"}],"author":[{"embeddable":true,"href":"https:\/\/institutchiaribcn.com\/ko\/wp-json\/wp\/v2\/users\/1"}],"replies":[{"embeddable":true,"href":"https:\/\/institutchiaribcn.com\/ko\/wp-json\/wp\/v2\/comments?post=130798"}],"version-history":[{"count":1,"href":"https:\/\/institutchiaribcn.com\/ko\/wp-json\/wp\/v2\/pages\/130798\/revisions"}],"predecessor-version":[{"id":143577,"href":"https:\/\/institutchiaribcn.com\/ko\/wp-json\/wp\/v2\/pages\/130798\/revisions\/143577"}],"wp:attachment":[{"href":"https:\/\/institutchiaribcn.com\/ko\/wp-json\/wp\/v2\/media?parent=130798"}],"curies":[{"name":"wp","href":"https:\/\/api.w.org\/{rel}","templated":true}]}}