{"id":58538,"date":"2025-06-17T15:47:54","date_gmt":"2025-06-17T13:47:54","guid":{"rendered":"https:\/\/dev.institutchiaribcn.com\/mision-vision-y-valores\/"},"modified":"2026-03-10T10:44:13","modified_gmt":"2026-03-10T09:44:13","slug":"missione-visione-valori","status":"publish","type":"page","link":"https:\/\/institutchiaribcn.com\/it\/missione-visione-valori\/","title":{"rendered":"Missione, Visione, Valori"},"content":{"rendered":"\t\t<div data-elementor-type=\"wp-page\" data-elementor-id=\"58538\" class=\"elementor elementor-58538 elementor-186\" data-elementor-post-type=\"page\">\n\t\t\t\t<div class=\"elementor-element elementor-element-9578eee e-flex e-con-boxed e-con e-parent\" data-id=\"9578eee\" data-element_type=\"container\" data-e-type=\"container\">\n\t\t\t\t\t<div class=\"e-con-inner\">\n\t\t\t\t<div class=\"elementor-element elementor-element-ebc5c1d elementor-widget elementor-widget-heading\" data-id=\"ebc5c1d\" data-element_type=\"widget\" data-e-type=\"widget\" data-widget_type=\"heading.default\">\n\t\t\t\t<div class=\"elementor-widget-container\">\n\t\t\t\t\t<h1 class=\"elementor-heading-title elementor-size-default\">Missione, Visione, Valori\n<\/h1>\t\t\t\t<\/div>\n\t\t\t\t<\/div>\n\t\t\t\t<div class=\"elementor-element elementor-element-f831391 elementor-widget elementor-widget-text-editor\" data-id=\"f831391\" data-element_type=\"widget\" data-e-type=\"widget\" data-widget_type=\"text-editor.default\">\n\t\t\t\t<div class=\"elementor-widget-container\">\n\t\t\t\t\t\t\t\t\t<p>L\u2019Institut Chiari &amp; Siringomielia &amp; Escoliosis de Barcelona, fondato nel 2008, \u00e8 un centro medico e neurochirurgico accreditato Filum System<sup>\u00ae<\/sup>.<\/p><p>Assiste pazienti con patologie cerebrali e della colonna vertebrale, oltre a dedicarsi all\u2019area di alta specializzazione delle patologie associate alla\u00a0Malattia del Filum.<\/p>\t\t\t\t\t\t\t\t<\/div>\n\t\t\t\t<\/div>\n\t\t<div class=\"elementor-element elementor-element-2a224a3 e-con-full e-flex e-con e-child\" data-id=\"2a224a3\" data-element_type=\"container\" data-e-type=\"container\">\n\t\t<div class=\"elementor-element elementor-element-a029c5e e-con-full e-flex e-con e-child\" data-id=\"a029c5e\" data-element_type=\"container\" data-e-type=\"container\" data-settings=\"{&quot;background_background&quot;:&quot;classic&quot;}\">\n\t\t\t\t<div class=\"elementor-element elementor-element-80ef6ed elementor-widget elementor-widget-heading\" data-id=\"80ef6ed\" data-element_type=\"widget\" data-e-type=\"widget\" data-widget_type=\"heading.default\">\n\t\t\t\t<div class=\"elementor-widget-container\">\n\t\t\t\t\t<h3 class=\"elementor-heading-title elementor-size-default\">Missione<\/h3>\t\t\t\t<\/div>\n\t\t\t\t<\/div>\n\t\t\t\t<div class=\"elementor-element elementor-element-3b129a7 elementor-widget elementor-widget-text-editor\" data-id=\"3b129a7\" data-element_type=\"widget\" data-e-type=\"widget\" data-widget_type=\"text-editor.default\">\n\t\t\t\t<div class=\"elementor-widget-container\">\n\t\t\t\t\t\t\t\t\t<p>Offrire una diagnosi precisa e un trattamento minimamente invasivo per la Malattia del Filum, migliorando la qualit\u00e0 della vita del paziente con etica, innovazione ed eccellenza medica.<\/p>\t\t\t\t\t\t\t\t<\/div>\n\t\t\t\t<\/div>\n\t\t\t\t<div class=\"elementor-element elementor-element-6494c52 elementor-widget elementor-widget-button\" data-id=\"6494c52\" data-element_type=\"widget\" data-e-type=\"widget\" data-widget_type=\"button.default\">\n\t\t\t\t<div class=\"elementor-widget-container\">\n\t\t\t\t\t\t\t\t\t<div class=\"elementor-button-wrapper\">\n\t\t\t\t\t<a class=\"elementor-button elementor-button-link elementor-size-sm\" href=\"#mision\">\n\t\t\t\t\t\t<span class=\"elementor-button-content-wrapper\">\n\t\t\t\t\t\t\t\t\t<span class=\"elementor-button-text\">Leggi di pi\u00f9<\/span>\n\t\t\t\t\t<\/span>\n\t\t\t\t\t<\/a>\n\t\t\t\t<\/div>\n\t\t\t\t\t\t\t\t<\/div>\n\t\t\t\t<\/div>\n\t\t\t\t<\/div>\n\t\t<div class=\"elementor-element elementor-element-b0aa9b7 e-con-full e-flex e-con e-child\" data-id=\"b0aa9b7\" data-element_type=\"container\" data-e-type=\"container\" data-settings=\"{&quot;background_background&quot;:&quot;classic&quot;}\">\n\t\t\t\t<div class=\"elementor-element elementor-element-6c6f6e9 elementor-widget elementor-widget-heading\" data-id=\"6c6f6e9\" data-element_type=\"widget\" data-e-type=\"widget\" data-widget_type=\"heading.default\">\n\t\t\t\t<div class=\"elementor-widget-container\">\n\t\t\t\t\t<h3 class=\"elementor-heading-title elementor-size-default\">Visione<\/h3>\t\t\t\t<\/div>\n\t\t\t\t<\/div>\n\t\t\t\t<div class=\"elementor-element elementor-element-d0cd181 elementor-widget elementor-widget-text-editor\" data-id=\"d0cd181\" data-element_type=\"widget\" data-e-type=\"widget\" data-widget_type=\"text-editor.default\">\n\t\t\t\t<div class=\"elementor-widget-container\">\n\t\t\t\t\t\t\t\t\t<p>a vita del paziente con etica, innovazione ed eccellenza medica. \/ Visione \/ Miriamo a un\u2019assistenza centrata sul paziente, basata sull\u2019eccellenza clinica, sul miglioramento continuo e sull\u2019innovazione tecnologica, con un saldo impegno umano e assistenziale.<\/p>\t\t\t\t\t\t\t\t<\/div>\n\t\t\t\t<\/div>\n\t\t\t\t<div class=\"elementor-element elementor-element-eb0d50a elementor-widget elementor-widget-button\" data-id=\"eb0d50a\" data-element_type=\"widget\" data-e-type=\"widget\" data-widget_type=\"button.default\">\n\t\t\t\t<div class=\"elementor-widget-container\">\n\t\t\t\t\t\t\t\t\t<div class=\"elementor-button-wrapper\">\n\t\t\t\t\t<a class=\"elementor-button elementor-button-link elementor-size-sm\" href=\"#vision\">\n\t\t\t\t\t\t<span class=\"elementor-button-content-wrapper\">\n\t\t\t\t\t\t\t\t\t<span class=\"elementor-button-text\">Leggi di pi\u00f9<\/span>\n\t\t\t\t\t<\/span>\n\t\t\t\t\t<\/a>\n\t\t\t\t<\/div>\n\t\t\t\t\t\t\t\t<\/div>\n\t\t\t\t<\/div>\n\t\t\t\t<\/div>\n\t\t<div class=\"elementor-element elementor-element-63dfc3f e-con-full e-flex e-con e-child\" data-id=\"63dfc3f\" data-element_type=\"container\" data-e-type=\"container\" data-settings=\"{&quot;background_background&quot;:&quot;classic&quot;}\">\n\t\t\t\t<div class=\"elementor-element elementor-element-c28756b elementor-widget elementor-widget-heading\" data-id=\"c28756b\" data-element_type=\"widget\" data-e-type=\"widget\" data-widget_type=\"heading.default\">\n\t\t\t\t<div class=\"elementor-widget-container\">\n\t\t\t\t\t<h3 class=\"elementor-heading-title elementor-size-default\">Valori<\/h3>\t\t\t\t<\/div>\n\t\t\t\t<\/div>\n\t\t\t\t<div class=\"elementor-element elementor-element-339a8b2 elementor-widget elementor-widget-text-editor\" data-id=\"339a8b2\" data-element_type=\"widget\" data-e-type=\"widget\" data-widget_type=\"text-editor.default\">\n\t\t\t\t<div class=\"elementor-widget-container\">\n\t\t\t\t\t\t\t\t\t<p>Agiamo con integrit\u00e0, responsabilit\u00e0 ed empatia, promuovendo sempre la qualit\u00e0, l\u2019eccellenza clinica e il miglioramento continuo in ogni fase del trattamento.<\/p>\t\t\t\t\t\t\t\t<\/div>\n\t\t\t\t<\/div>\n\t\t\t\t<div class=\"elementor-element elementor-element-9c01b0d elementor-widget elementor-widget-button\" data-id=\"9c01b0d\" data-element_type=\"widget\" data-e-type=\"widget\" data-widget_type=\"button.default\">\n\t\t\t\t<div class=\"elementor-widget-container\">\n\t\t\t\t\t\t\t\t\t<div class=\"elementor-button-wrapper\">\n\t\t\t\t\t<a class=\"elementor-button elementor-button-link elementor-size-sm\" href=\"#valores\">\n\t\t\t\t\t\t<span class=\"elementor-button-content-wrapper\">\n\t\t\t\t\t\t\t\t\t<span class=\"elementor-button-text\">Leggi di pi\u00f9<\/span>\n\t\t\t\t\t<\/span>\n\t\t\t\t\t<\/a>\n\t\t\t\t<\/div>\n\t\t\t\t\t\t\t\t<\/div>\n\t\t\t\t<\/div>\n\t\t\t\t<\/div>\n\t\t\t\t<\/div>\n\t\t\t\t\t<\/div>\n\t\t\t\t<\/div>\n\t\t<div class=\"elementor-element elementor-element-52a2d2e e-flex e-con-boxed e-con e-parent\" data-id=\"52a2d2e\" data-element_type=\"container\" data-e-type=\"container\">\n\t\t\t\t\t<div class=\"e-con-inner\">\n\t\t<div class=\"elementor-element elementor-element-d7f226e e-con-full e-flex e-con e-child\" data-id=\"d7f226e\" data-element_type=\"container\" data-e-type=\"container\" id=\"mision\">\n\t\t\t\t<div class=\"elementor-element elementor-element-18739a7 elementor-widget elementor-widget-heading\" data-id=\"18739a7\" data-element_type=\"widget\" data-e-type=\"widget\" data-widget_type=\"heading.default\">\n\t\t\t\t<div class=\"elementor-widget-container\">\n\t\t\t\t\t<h3 class=\"elementor-heading-title elementor-size-default\">Missione<\/h3>\t\t\t\t<\/div>\n\t\t\t\t<\/div>\n\t\t\t\t<div class=\"elementor-element elementor-element-28cf8e8 elementor-widget elementor-widget-text-editor\" data-id=\"28cf8e8\" data-element_type=\"widget\" data-e-type=\"widget\" data-widget_type=\"text-editor.default\">\n\t\t\t\t<div class=\"elementor-widget-container\">\n\t\t\t\t\t\t\t\t\t<p>L\u2019ICSEB ambisce a diventare un centro di riferimento internazionale per la Malattia del Filum, attraverso la diffusione dei risultati delle sue ricerche sulla causa e sul nuovo trattamento delle patologie che fanno parte di tale malattia:\u00a0Sindrome di Arnold Chiari I, Siringomielia idiopatica, Scoliosi idiopatica, Invaginazione basilare, Platibasia,\u00a0Inversione del processo dell\u2019odontoide, Kinking del tronco cerebrale.\u00a0Si includono inoltre altre patologie associate, come le\u00a0ernie discali cervicali, dorsali e lombari,\u00a0la\u00a0stenosi del canale vertebrale\u00a0e\u00a0varie deviazioni idiopatiche della colonna vertebrale.<\/p><p>La missione dell\u2019ICSEB \u00e8 curare la patologia o alleviarne i sintomi, identificando la soluzione pi\u00f9 efficace per il paziente. Offriamo\u00a0diagnosi di alta precisione\u00a0e l\u2019applicazione di\u00a0tecniche di trattamento minimamente invasive, di massima efficacia, da realizzare il prima possibile, volte al rapido recupero, al miglioramento e al mantenimento della\u00a0qualit\u00e0 di vita\u00a0dei pazienti.<\/p><p>Aspiriamo inoltre a promuovere il\u00a0comportamento etico\u00a0nelle decisioni, nella pratica clinica e nella ricerca, stabilendo protocolli di azione basati sull\u2019evidenza scientifica e ottimizzati in maniera sistematica.<\/p>\t\t\t\t\t\t\t\t<\/div>\n\t\t\t\t<\/div>\n\t\t\t\t<\/div>\n\t\t<div class=\"elementor-element elementor-element-826211c e-con-full e-flex e-con e-child\" data-id=\"826211c\" data-element_type=\"container\" data-e-type=\"container\">\n\t\t<div class=\"elementor-element elementor-element-f2cf416 e-con-full e-flex e-con e-child\" data-id=\"f2cf416\" data-element_type=\"container\" data-e-type=\"container\" id=\"vision\">\n\t\t\t\t<div class=\"elementor-element elementor-element-d2cda5f elementor-widget elementor-widget-heading\" data-id=\"d2cda5f\" data-element_type=\"widget\" data-e-type=\"widget\" data-widget_type=\"heading.default\">\n\t\t\t\t<div class=\"elementor-widget-container\">\n\t\t\t\t\t<h3 class=\"elementor-heading-title elementor-size-default\">Visione<\/h3>\t\t\t\t<\/div>\n\t\t\t\t<\/div>\n\t\t\t\t<div class=\"elementor-element elementor-element-b53b104 elementor-widget elementor-widget-text-editor\" data-id=\"b53b104\" data-element_type=\"widget\" data-e-type=\"widget\" data-widget_type=\"text-editor.default\">\n\t\t\t\t<div class=\"elementor-widget-container\">\n\t\t\t\t\t\t\t\t\t<p>L\u2019ICSEB offre un\u2019attenzione al paziente caratterizzata da una visione globale della sua salute, basata sulle necessit\u00e0 e aspettative del malato e volta a favorire la mediazione e l\u2019alleanza terapeutica.<\/p>\n<p>Il nostro \u00e8 un orientamento ai risultati, al&nbsp;miglioramento continuo&nbsp;e all\u2019efficienza.<\/p>\n<p>Sosteniamo la&nbsp;ricerca&nbsp;e lo&nbsp;sviluppo&nbsp;di nuove tecnologie e strategie di intervento, puntando all\u2019eccellenza in campo clinico ed assistenziale.<\/p>\n<p>Ci auguriamo che questa nostra visione cresca in risorse tecnologiche e umane, unitamente al nostro impegno con tutti i nostri utenti<\/p>\t\t\t\t\t\t\t\t<\/div>\n\t\t\t\t<\/div>\n\t\t\t\t<\/div>\n\t\t<div class=\"elementor-element elementor-element-e5b43ec e-con-full e-flex e-con e-child\" data-id=\"e5b43ec\" data-element_type=\"container\" data-e-type=\"container\" id=\"valores\">\n\t\t\t\t<div class=\"elementor-element elementor-element-221b749 elementor-widget elementor-widget-heading\" data-id=\"221b749\" data-element_type=\"widget\" data-e-type=\"widget\" data-widget_type=\"heading.default\">\n\t\t\t\t<div class=\"elementor-widget-container\">\n\t\t\t\t\t<h3 class=\"elementor-heading-title elementor-size-default\">Valori<\/h3>\t\t\t\t<\/div>\n\t\t\t\t<\/div>\n\t\t\t\t<div class=\"elementor-element elementor-element-d5301ef elementor-widget elementor-widget-text-editor\" data-id=\"d5301ef\" data-element_type=\"widget\" data-e-type=\"widget\" data-widget_type=\"text-editor.default\">\n\t\t\t\t<div class=\"elementor-widget-container\">\n\t\t\t\t\t\t\t\t\t<p>Integrit\u00e0 ed onest\u00e0: l\u2019interesse e il miglioramento della salute del paziente prima di tutto.<\/p><p>Responsabilit\u00e0: la riflessione e la valutazione delle conseguenze della nostra attivit\u00e0 professionale.<\/p><p>Comprensione ed empatia: siamo partecipi e rispettiamo lo stato d\u2019animo del paziente, ci immedesimiamo nella sua situazione. Al tempo stesso, forniamo al paziente e ai suoi familiari le spiegazioni opportune sulla patologia, affinch\u00e9 possano prendere le proprie decisioni, avendo a disposizione tutte le informazioni necessarie.<\/p><p>Qualit\u00e0: promuoviamo il costante miglioramento delle competenze e della condotta nell\u2019adempimento delle nostre funzioni e dei nostri obblighi.<\/p><p>Innovazione terapeutica, eccellenza clinica e miglioramento continuo: il nostro personale specializzato promuove l\u2019alto livello nella qualit\u00e0 umana, tecnica e scientifica e l\u2019efficacia nei trattamenti che propone.<\/p><p>\u00a0<\/p>\t\t\t\t\t\t\t\t<\/div>\n\t\t\t\t<\/div>\n\t\t\t\t<\/div>\n\t\t\t\t<\/div>\n\t\t\t\t\t<\/div>\n\t\t\t\t<\/div>\n\t\t\t\t<\/div>\n\t\t","protected":false},"excerpt":{"rendered":"<p>Missione, Visione, Valori L\u2019Institut Chiari &amp; Siringomielia &amp; Escoliosis de Barcelona, fondato nel 2008, \u00e8 un centro medico e neurochirurgico accreditato Filum System\u00ae. Assiste pazienti con patologie cerebrali e della colonna vertebrale, oltre a dedicarsi all\u2019area di alta specializzazione delle patologie associate alla\u00a0Malattia del Filum. Missione Offrire una diagnosi precisa e un trattamento minimamente invasivo [&hellip;]<\/p>\n","protected":false},"author":1,"featured_media":0,"parent":0,"menu_order":3,"comment_status":"closed","ping_status":"closed","template":"","meta":{"footnotes":""},"class_list":["post-58538","page","type-page","status-publish","hentry"],"yoast_head":"<!-- This site is optimized with the Yoast SEO plugin v27.1.1 - https:\/\/yoast.com\/product\/yoast-seo-wordpress\/ -->\n<title>Missione, visione e valori | ICSEB<\/title>\n<meta name=\"description\" content=\"Missione, visione e valori dell\u2019Institut Chiari de Barcelona e il suo approccio alla cura e alla ricerca.\" \/>\n<meta name=\"robots\" content=\"index, follow, max-snippet:-1, max-image-preview:large, max-video-preview:-1\" \/>\n<link rel=\"canonical\" href=\"https:\/\/institutchiaribcn.com\/it\/missione-visione-valori\/\" \/>\n<meta property=\"og:locale\" content=\"it_IT\" \/>\n<meta property=\"og:type\" content=\"article\" \/>\n<meta property=\"og:title\" content=\"Missione, visione e valori | ICSEB\" \/>\n<meta property=\"og:description\" content=\"Missione, visione e valori dell\u2019Institut Chiari de Barcelona e il suo approccio alla cura e alla ricerca.\" \/>\n<meta property=\"og:url\" content=\"https:\/\/institutchiaribcn.com\/it\/missione-visione-valori\/\" \/>\n<meta property=\"og:site_name\" content=\"Institut Chiari\" \/>\n<meta property=\"article:modified_time\" content=\"2026-03-10T09:44:13+00:00\" \/>\n<meta name=\"twitter:card\" content=\"summary_large_image\" \/>\n<meta name=\"twitter:label1\" content=\"Tempo di lettura stimato\" \/>\n\t<meta name=\"twitter:data1\" content=\"3 minuti\" \/>\n<script type=\"application\/ld+json\" class=\"yoast-schema-graph\">{\"@context\":\"https:\/\/schema.org\",\"@graph\":[{\"@type\":\"WebPage\",\"@id\":\"https:\/\/institutchiaribcn.com\/it\/missione-visione-valori\/\",\"url\":\"https:\/\/institutchiaribcn.com\/it\/missione-visione-valori\/\",\"name\":\"Missione, visione e valori | ICSEB\",\"isPartOf\":{\"@id\":\"https:\/\/institutchiaribcn.com\/it\/#website\"},\"datePublished\":\"2025-06-17T13:47:54+00:00\",\"dateModified\":\"2026-03-10T09:44:13+00:00\",\"description\":\"Missione, visione e valori dell\u2019Institut Chiari de Barcelona e il suo approccio alla cura e alla ricerca.\",\"breadcrumb\":{\"@id\":\"https:\/\/institutchiaribcn.com\/it\/missione-visione-valori\/#breadcrumb\"},\"inLanguage\":\"it-IT\",\"potentialAction\":[{\"@type\":\"ReadAction\",\"target\":[\"https:\/\/institutchiaribcn.com\/it\/missione-visione-valori\/\"]}]},{\"@type\":\"BreadcrumbList\",\"@id\":\"https:\/\/institutchiaribcn.com\/it\/missione-visione-valori\/#breadcrumb\",\"itemListElement\":[{\"@type\":\"ListItem\",\"position\":1,\"name\":\"Portada\",\"item\":\"https:\/\/institutchiaribcn.com\/it\/\"},{\"@type\":\"ListItem\",\"position\":2,\"name\":\"Missione, Visione, Valori\"}]},{\"@type\":\"WebSite\",\"@id\":\"https:\/\/institutchiaribcn.com\/it\/#website\",\"url\":\"https:\/\/institutchiaribcn.com\/it\/\",\"name\":\"Institut Chiari de Barcelona\",\"description\":\"\",\"publisher\":{\"@id\":\"https:\/\/institutchiaribcn.com\/it\/#organization\"},\"potentialAction\":[{\"@type\":\"SearchAction\",\"target\":{\"@type\":\"EntryPoint\",\"urlTemplate\":\"https:\/\/institutchiaribcn.com\/it\/?s={search_term_string}\"},\"query-input\":{\"@type\":\"PropertyValueSpecification\",\"valueRequired\":true,\"valueName\":\"search_term_string\"}}],\"inLanguage\":\"it-IT\"},{\"@type\":\"Organization\",\"@id\":\"https:\/\/institutchiaribcn.com\/it\/#organization\",\"name\":\"Institut Chiari de Barcelona\",\"url\":\"https:\/\/institutchiaribcn.com\/it\/\",\"logo\":{\"@type\":\"ImageObject\",\"inLanguage\":\"it-IT\",\"@id\":\"https:\/\/institutchiaribcn.com\/it\/#\/schema\/logo\/image\/\",\"url\":\"https:\/\/institutchiaribcn.com\/wp-content\/uploads\/2025\/10\/cropped-cropped-icsebNavLogo-1.png\",\"contentUrl\":\"https:\/\/institutchiaribcn.com\/wp-content\/uploads\/2025\/10\/cropped-cropped-icsebNavLogo-1.png\",\"width\":245,\"height\":99,\"caption\":\"Institut Chiari de Barcelona\"},\"image\":{\"@id\":\"https:\/\/institutchiaribcn.com\/it\/#\/schema\/logo\/image\/\"}}]}<\/script>\n<!-- \/ Yoast SEO plugin. -->","yoast_head_json":{"title":"Missione, visione e valori | ICSEB","description":"Missione, visione e valori dell\u2019Institut Chiari de Barcelona e il suo approccio alla cura e alla ricerca.","robots":{"index":"index","follow":"follow","max-snippet":"max-snippet:-1","max-image-preview":"max-image-preview:large","max-video-preview":"max-video-preview:-1"},"canonical":"https:\/\/institutchiaribcn.com\/it\/missione-visione-valori\/","og_locale":"it_IT","og_type":"article","og_title":"Missione, visione e valori | ICSEB","og_description":"Missione, visione e valori dell\u2019Institut Chiari de Barcelona e il suo approccio alla cura e alla ricerca.","og_url":"https:\/\/institutchiaribcn.com\/it\/missione-visione-valori\/","og_site_name":"Institut Chiari","article_modified_time":"2026-03-10T09:44:13+00:00","twitter_card":"summary_large_image","twitter_misc":{"Tempo di lettura stimato":"3 minuti"},"schema":{"@context":"https:\/\/schema.org","@graph":[{"@type":"WebPage","@id":"https:\/\/institutchiaribcn.com\/it\/missione-visione-valori\/","url":"https:\/\/institutchiaribcn.com\/it\/missione-visione-valori\/","name":"Missione, visione e valori | ICSEB","isPartOf":{"@id":"https:\/\/institutchiaribcn.com\/it\/#website"},"datePublished":"2025-06-17T13:47:54+00:00","dateModified":"2026-03-10T09:44:13+00:00","description":"Missione, visione e valori dell\u2019Institut Chiari de Barcelona e il suo approccio alla cura e alla ricerca.","breadcrumb":{"@id":"https:\/\/institutchiaribcn.com\/it\/missione-visione-valori\/#breadcrumb"},"inLanguage":"it-IT","potentialAction":[{"@type":"ReadAction","target":["https:\/\/institutchiaribcn.com\/it\/missione-visione-valori\/"]}]},{"@type":"BreadcrumbList","@id":"https:\/\/institutchiaribcn.com\/it\/missione-visione-valori\/#breadcrumb","itemListElement":[{"@type":"ListItem","position":1,"name":"Portada","item":"https:\/\/institutchiaribcn.com\/it\/"},{"@type":"ListItem","position":2,"name":"Missione, Visione, Valori"}]},{"@type":"WebSite","@id":"https:\/\/institutchiaribcn.com\/it\/#website","url":"https:\/\/institutchiaribcn.com\/it\/","name":"Institut Chiari de Barcelona","description":"","publisher":{"@id":"https:\/\/institutchiaribcn.com\/it\/#organization"},"potentialAction":[{"@type":"SearchAction","target":{"@type":"EntryPoint","urlTemplate":"https:\/\/institutchiaribcn.com\/it\/?s={search_term_string}"},"query-input":{"@type":"PropertyValueSpecification","valueRequired":true,"valueName":"search_term_string"}}],"inLanguage":"it-IT"},{"@type":"Organization","@id":"https:\/\/institutchiaribcn.com\/it\/#organization","name":"Institut Chiari de Barcelona","url":"https:\/\/institutchiaribcn.com\/it\/","logo":{"@type":"ImageObject","inLanguage":"it-IT","@id":"https:\/\/institutchiaribcn.com\/it\/#\/schema\/logo\/image\/","url":"https:\/\/institutchiaribcn.com\/wp-content\/uploads\/2025\/10\/cropped-cropped-icsebNavLogo-1.png","contentUrl":"https:\/\/institutchiaribcn.com\/wp-content\/uploads\/2025\/10\/cropped-cropped-icsebNavLogo-1.png","width":245,"height":99,"caption":"Institut Chiari de Barcelona"},"image":{"@id":"https:\/\/institutchiaribcn.com\/it\/#\/schema\/logo\/image\/"}}]}},"_links":{"self":[{"href":"https:\/\/institutchiaribcn.com\/it\/wp-json\/wp\/v2\/pages\/58538","targetHints":{"allow":["GET"]}}],"collection":[{"href":"https:\/\/institutchiaribcn.com\/it\/wp-json\/wp\/v2\/pages"}],"about":[{"href":"https:\/\/institutchiaribcn.com\/it\/wp-json\/wp\/v2\/types\/page"}],"author":[{"embeddable":true,"href":"https:\/\/institutchiaribcn.com\/it\/wp-json\/wp\/v2\/users\/1"}],"replies":[{"embeddable":true,"href":"https:\/\/institutchiaribcn.com\/it\/wp-json\/wp\/v2\/comments?post=58538"}],"version-history":[{"count":1,"href":"https:\/\/institutchiaribcn.com\/it\/wp-json\/wp\/v2\/pages\/58538\/revisions"}],"predecessor-version":[{"id":145763,"href":"https:\/\/institutchiaribcn.com\/it\/wp-json\/wp\/v2\/pages\/58538\/revisions\/145763"}],"wp:attachment":[{"href":"https:\/\/institutchiaribcn.com\/it\/wp-json\/wp\/v2\/media?parent=58538"}],"curies":[{"name":"wp","href":"https:\/\/api.w.org\/{rel}","templated":true}]}}