{"id":41639,"date":"2025-06-18T08:54:45","date_gmt":"2025-06-18T06:54:45","guid":{"rendered":"https:\/\/dev.institutchiaribcn.com\/centros-acreditados\/"},"modified":"2026-02-20T10:12:21","modified_gmt":"2026-02-20T09:12:21","slug":"centri-accreditati","status":"publish","type":"page","link":"https:\/\/institutchiaribcn.com\/it\/centri-accreditati\/","title":{"rendered":"Centri accreditati"},"content":{"rendered":"\t\t<div data-elementor-type=\"wp-page\" data-elementor-id=\"41639\" class=\"elementor elementor-41639 elementor-242\" data-elementor-post-type=\"page\">\n\t\t\t\t<div class=\"elementor-element elementor-element-1367932 e-flex e-con-boxed e-con e-parent\" data-id=\"1367932\" data-element_type=\"container\" data-e-type=\"container\">\n\t\t\t\t\t<div class=\"e-con-inner\">\n\t\t<div class=\"elementor-element elementor-element-07272b0 e-con-full e-flex e-con e-child\" data-id=\"07272b0\" data-element_type=\"container\" data-e-type=\"container\">\n\t\t\t\t<div class=\"elementor-element elementor-element-e1612a0 elementor-widget elementor-widget-heading\" data-id=\"e1612a0\" data-element_type=\"widget\" data-e-type=\"widget\" data-widget_type=\"heading.default\">\n\t\t\t\t<div class=\"elementor-widget-container\">\n\t\t\t\t\t<h1 class=\"elementor-heading-title elementor-size-default\">Centri accreditati<\/h1>\t\t\t\t<\/div>\n\t\t\t\t<\/div>\n\t\t\t\t<div class=\"elementor-element elementor-element-70a7ae2 elementor-widget elementor-widget-text-editor\" data-id=\"70a7ae2\" data-element_type=\"widget\" data-e-type=\"widget\" data-widget_type=\"text-editor.default\">\n\t\t\t\t<div class=\"elementor-widget-container\">\n\t\t\t\t\t\t\t\t\t<div class=\"jumbotron\"><p><strong>Cosa significa Centro Accreditato?<\/strong><\/p><p>L\u2019Accreditamento FS<sup>\u00ae\u00a0<\/sup>\u00e8 un marchio di qualit\u00e0 che certifica che l\u2019ente, il centro o il professionista intitolato di tale riconoscimento presenta le condizioni tecniche, scientifiche e personali richieste dal\u00a0<a href=\"https:\/\/institutchiaribcn.com\/it\/presentazione-filum-academy-barcelona\/\" target=\"_blank\" rel=\"noopener\">metodo Filum System<sup>\u00ae<\/sup><\/a>.<\/p><p>Questo marchio di garanzia \u00e8 concesso dalla\u00a0<a href=\"https:\/\/institutchiaribcn.com\/it\/presentazione-filum-academy-barcelona\/\" target=\"_blank\" rel=\"noopener\">Filum Academy Barcelona<sup>\u00ae<\/sup><\/a>, centro dipendente dall\u2019Institut Chiari &amp; Siringomielia &amp; Escoliosis de Barcelona (ICSEB), la cui missione consiste nella promozione, diffusione e formazione sulla teoria e i trattamenti della \u201cMalattia del Filum\u201d.<\/p><\/div>\t\t\t\t\t\t\t\t<\/div>\n\t\t\t\t<\/div>\n\t\t\t\t<\/div>\n\t\t<div class=\"elementor-element elementor-element-3459904 e-con-full e-flex e-con e-child\" data-id=\"3459904\" data-element_type=\"container\" data-e-type=\"container\">\n\t\t<div class=\"elementor-element elementor-element-919675b e-con-full e-flex e-con e-child\" data-id=\"919675b\" data-element_type=\"container\" data-e-type=\"container\" data-settings=\"{&quot;background_background&quot;:&quot;classic&quot;}\">\n\t\t\t\t<div class=\"elementor-element elementor-element-d4e763a elementor-widget elementor-widget-image\" data-id=\"d4e763a\" data-element_type=\"widget\" data-e-type=\"widget\" data-widget_type=\"image.default\">\n\t\t\t\t<div class=\"elementor-widget-container\">\n\t\t\t\t\t\t\t\t\t\t\t\t\t\t\t<img fetchpriority=\"high\" decoding=\"async\" width=\"237\" height=\"213\" src=\"https:\/\/institutchiaribcn.com\/wp-content\/uploads\/2025\/06\/logo-centrum-amg-finanse.jpg\" class=\"attachment-large size-large wp-image-2287\" alt=\"logo centrum amg finanse\" \/>\t\t\t\t\t\t\t\t\t\t\t\t\t\t\t<\/div>\n\t\t\t\t<\/div>\n\t\t\t\t<div class=\"elementor-element elementor-element-9365284 elementor-widget elementor-widget-heading\" data-id=\"9365284\" data-element_type=\"widget\" data-e-type=\"widget\" data-widget_type=\"heading.default\">\n\t\t\t\t<div class=\"elementor-widget-container\">\n\t\t\t\t\t<h3 class=\"elementor-heading-title elementor-size-default\">Centrum Medyczne AMG<\/h3>\t\t\t\t<\/div>\n\t\t\t\t<\/div>\n\t\t\t\t<div class=\"elementor-element elementor-element-1c6f6aa elementor-widget elementor-widget-text-editor\" data-id=\"1c6f6aa\" data-element_type=\"widget\" data-e-type=\"widget\" data-widget_type=\"text-editor.default\">\n\t\t\t\t<div class=\"elementor-widget-container\">\n\t\t\t\t\t\t\t\t\t<p>Ogni centro accreditato rispetta rigorosi standard scientifici e tecnici, garantendo un trattamento sicuro e aggiornato secondo il metodo Filum System\u00ae.<\/p>\t\t\t\t\t\t\t\t<\/div>\n\t\t\t\t<\/div>\n\t\t\t\t<div class=\"elementor-element elementor-element-dcab314 elementor-widget elementor-widget-button\" data-id=\"dcab314\" data-element_type=\"widget\" data-e-type=\"widget\" data-widget_type=\"button.default\">\n\t\t\t\t<div class=\"elementor-widget-container\">\n\t\t\t\t\t\t\t\t\t<div class=\"elementor-button-wrapper\">\n\t\t\t\t\t<a class=\"elementor-button elementor-button-link elementor-size-sm\" href=\"#hospital\">\n\t\t\t\t\t\t<span class=\"elementor-button-content-wrapper\">\n\t\t\t\t\t\t\t\t\t<span class=\"elementor-button-text\">Scopri di pi\u00f9 <\/span>\n\t\t\t\t\t<\/span>\n\t\t\t\t\t<\/a>\n\t\t\t\t<\/div>\n\t\t\t\t\t\t\t\t<\/div>\n\t\t\t\t<\/div>\n\t\t\t\t<\/div>\n\t\t\t\t<\/div>\n\t\t\t\t\t<\/div>\n\t\t\t\t<\/div>\n\t\t<div class=\"elementor-element elementor-element-a625abf e-flex e-con-boxed e-con e-parent\" data-id=\"a625abf\" data-element_type=\"container\" data-e-type=\"container\" id=\"hospital\" data-settings=\"{&quot;background_background&quot;:&quot;classic&quot;}\">\n\t\t\t\t\t<div class=\"e-con-inner\">\n\t\t<div class=\"elementor-element elementor-element-60c5662 e-con-full e-flex e-con e-child\" data-id=\"60c5662\" data-element_type=\"container\" data-e-type=\"container\">\n\t\t\t\t<div class=\"elementor-element elementor-element-5b7a131 elementor-widget elementor-widget-heading\" data-id=\"5b7a131\" data-element_type=\"widget\" data-e-type=\"widget\" data-widget_type=\"heading.default\">\n\t\t\t\t<div class=\"elementor-widget-container\">\n\t\t\t\t\t<h2 class=\"elementor-heading-title elementor-size-default\">Ospedale regionale AMG Centrum Medyczne di Ryki, Lublino, Polonia\n<\/h2>\t\t\t\t<\/div>\n\t\t\t\t<\/div>\n\t\t\t\t<div class=\"elementor-element elementor-element-e335207 elementor-widget elementor-widget-text-editor\" data-id=\"e335207\" data-element_type=\"widget\" data-e-type=\"widget\" data-widget_type=\"text-editor.default\">\n\t\t\t\t<div class=\"elementor-widget-container\">\n\t\t\t\t\t\t\t\t\t<p><strong>AMG CENTRUM MEDYCZNE<\/strong><\/p><p>Il \u201cCentrum Medyczne AMG\u201d dall\u20191 giugno 2013 \u00e8 il centro ospedaliero di riferimento della citt\u00e0 di Ryki, a met\u00e0 strada fra la capitale della Polonia, Varsavia (a 90 km), e il capoluogo di provincia, Lublino (a 60 km). L\u2019ospedale regionale AMG Centrum Medyczne, con una capacit\u00e0 di 64 letti, porta avanti la tradizione e l\u2019attivit\u00e0 del precedente ospedale nazionale (ZOZ Ryki), successivamente ospedale autonomico (SPZOZ Ryki), fondato nel 1957.<\/p><p>Nelle 4 unit\u00e0 (medicina interna, ginecologia, chirurgia generale e traumatologia) si assistono 9.000 pazienti all\u2019anno e si realizzano 1.050 interventi all\u2019anno (interventi, grandi chirurgie e laparoscopie), tra cui chirurgie della colonna (prof. Krzysztof Turowski). La diagnosi e il trattamento pre e post-chirurgico si effettuano in studi specializzati e laboratori di diagnosi (endoscopia, ultrasonografia, ecocardiografia, spirometria, RX, TC, ecc.) che fanno parte della struttura integrata dell\u2019ospedale con 25.000 pazienti all\u2019anno.<\/p><p>L\u2019ospedale, grazie alla collaborazione costante con vari medici specialisti (cardiologi, neurochirurghi, neurologi, endocrinologi, traumatologi, ortopedici, urologi, pneumologi, chirurghi oncologici) non si limita alle sole 4 specializzazioni menzionate e risponde alle esigenze mediche della comunit\u00e0 di Ryki, cos\u00ec come delle altre regioni e citt\u00e0 polacche.<br \/>L\u2019ospedale \u00e8 convenzionato con il Sistema Sanitario Pubblico (Narodowy Fundusz Zdrowia- NFZ) e, nel caso di prestazioni non incluse, queste saranno a carico del paziente<\/p>\t\t\t\t\t\t\t\t<\/div>\n\t\t\t\t<\/div>\n\t\t\t\t<\/div>\n\t\t<div class=\"elementor-element elementor-element-152a7da e-con-full e-flex e-con e-child\" data-id=\"152a7da\" data-element_type=\"container\" data-e-type=\"container\">\n\t\t<div class=\"elementor-element elementor-element-c6307c9 e-con-full e-flex e-con e-child\" data-id=\"c6307c9\" data-element_type=\"container\" data-e-type=\"container\">\n\t\t\t\t<div class=\"elementor-element elementor-element-50164a3 elementor-widget elementor-widget-image\" data-id=\"50164a3\" data-element_type=\"widget\" data-e-type=\"widget\" data-widget_type=\"image.default\">\n\t\t\t\t<div class=\"elementor-widget-container\">\n\t\t\t\t\t\t\t\t\t\t\t\t\t\t\t<img decoding=\"async\" width=\"200\" height=\"300\" src=\"https:\/\/institutchiaribcn.com\/wp-content\/uploads\/2025\/06\/Lek_med_Marek_Wojtowicz.png\" class=\"attachment-large size-large wp-image-2322\" alt=\"Lek med Marek Wojtowicz\" \/>\t\t\t\t\t\t\t\t\t\t\t\t\t\t\t<\/div>\n\t\t\t\t<\/div>\n\t\t\t\t<div class=\"elementor-element elementor-element-002c115 elementor-widget elementor-widget-heading\" data-id=\"002c115\" data-element_type=\"widget\" data-e-type=\"widget\" data-widget_type=\"heading.default\">\n\t\t\t\t<div class=\"elementor-widget-container\">\n\t\t\t\t\t<h3 class=\"elementor-heading-title elementor-size-default\">Dr. Marek W\u00f3jtowicz<\/h3>\t\t\t\t<\/div>\n\t\t\t\t<\/div>\n\t\t\t\t<div class=\"elementor-element elementor-element-89cde3b elementor-widget elementor-widget-text-editor\" data-id=\"89cde3b\" data-element_type=\"widget\" data-e-type=\"widget\" data-widget_type=\"text-editor.default\">\n\t\t\t\t<div class=\"elementor-widget-container\">\n\t\t\t\t\t\t\t\t\t<p>AMG CENTRUM MEDYCZNE<\/p>\t\t\t\t\t\t\t\t<\/div>\n\t\t\t\t<\/div>\n\t\t\t\t<div class=\"elementor-element elementor-element-0d3ec30 elementor-widget elementor-widget-button\" data-id=\"0d3ec30\" data-element_type=\"widget\" data-e-type=\"widget\" data-widget_type=\"button.default\">\n\t\t\t\t<div class=\"elementor-widget-container\">\n\t\t\t\t\t\t\t\t\t<div class=\"elementor-button-wrapper\">\n\t\t\t\t\t<a class=\"elementor-button elementor-button-link elementor-size-sm\" href=\"https:\/\/institutchiaribcn.com\/wp-content\/uploads\/2025\/06\/Marek_Wojtowicz_CV_en_Jan_2016.pdf\" target=\"_blank\">\n\t\t\t\t\t\t<span class=\"elementor-button-content-wrapper\">\n\t\t\t\t\t\t\t\t\t<span class=\"elementor-button-text\">Curr\u00edculum vitae<\/span>\n\t\t\t\t\t<\/span>\n\t\t\t\t\t<\/a>\n\t\t\t\t<\/div>\n\t\t\t\t\t\t\t\t<\/div>\n\t\t\t\t<\/div>\n\t\t\t\t<\/div>\n\t\t\t\t<\/div>\n\t\t\t\t\t<\/div>\n\t\t\t\t<\/div>\n\t\t<div class=\"elementor-element elementor-element-f02b35b e-con-full e-flex e-con e-parent\" data-id=\"f02b35b\" data-element_type=\"container\" data-e-type=\"container\">\n\t\t<div class=\"elementor-element elementor-element-35d9ce1 e-con-full e-flex e-con e-child\" data-id=\"35d9ce1\" data-element_type=\"container\" data-e-type=\"container\" data-settings=\"{&quot;background_background&quot;:&quot;classic&quot;}\">\n\t\t\t\t<div class=\"elementor-element elementor-element-c2c39de elementor-widget elementor-widget-heading\" data-id=\"c2c39de\" data-element_type=\"widget\" data-e-type=\"widget\" data-widget_type=\"heading.default\">\n\t\t\t\t<div class=\"elementor-widget-container\">\n\t\t\t\t\t<h2 class=\"elementor-heading-title elementor-size-default\">Szpital Powiatowy AMG Centrum Medyczne\n<\/h2>\t\t\t\t<\/div>\n\t\t\t\t<\/div>\n\t\t\t\t<div class=\"elementor-element elementor-element-7e6b03a elementor-widget elementor-widget-text-editor\" data-id=\"7e6b03a\" data-element_type=\"widget\" data-e-type=\"widget\" data-widget_type=\"text-editor.default\">\n\t\t\t\t<div class=\"elementor-widget-container\">\n\t\t\t\t\t\t\t\t\t<p>Centro medico accreditato a Ryki \/ Dal 2013, l\u2019AMG Centrum Medyczne gestisce l\u2019ospedale della citt\u00e0, offrendo assistenza medica multidisciplinare con tecnologia diagnostica avanzata.<\/p>\t\t\t\t\t\t\t\t<\/div>\n\t\t\t\t<\/div>\n\t\t\t\t<div class=\"elementor-element elementor-element-b7b36a1 elementor-icon-list--layout-traditional elementor-list-item-link-full_width elementor-widget elementor-widget-icon-list\" data-id=\"b7b36a1\" data-element_type=\"widget\" data-e-type=\"widget\" data-widget_type=\"icon-list.default\">\n\t\t\t\t<div class=\"elementor-widget-container\">\n\t\t\t\t\t\t\t<ul class=\"elementor-icon-list-items\">\n\t\t\t\t\t\t\t<li class=\"elementor-icon-list-item\">\n\t\t\t\t\t\t\t\t\t\t\t<span class=\"elementor-icon-list-icon\">\n\t\t\t\t\t\t\t<svg aria-hidden=\"true\" class=\"e-font-icon-svg e-far-hospital\" viewBox=\"0 0 448 512\" xmlns=\"http:\/\/www.w3.org\/2000\/svg\"><path d=\"M128 244v-40c0-6.627 5.373-12 12-12h40c6.627 0 12 5.373 12 12v40c0 6.627-5.373 12-12 12h-40c-6.627 0-12-5.373-12-12zm140 12h40c6.627 0 12-5.373 12-12v-40c0-6.627-5.373-12-12-12h-40c-6.627 0-12 5.373-12 12v40c0 6.627 5.373 12 12 12zm-76 84v-40c0-6.627-5.373-12-12-12h-40c-6.627 0-12 5.373-12 12v40c0 6.627 5.373 12 12 12h40c6.627 0 12-5.373 12-12zm76 12h40c6.627 0 12-5.373 12-12v-40c0-6.627-5.373-12-12-12h-40c-6.627 0-12 5.373-12 12v40c0 6.627 5.373 12 12 12zm180 124v36H0v-36c0-6.627 5.373-12 12-12h19.5V85.035C31.5 73.418 42.245 64 55.5 64H144V24c0-13.255 10.745-24 24-24h112c13.255 0 24 10.745 24 24v40h88.5c13.255 0 24 9.418 24 21.035V464H436c6.627 0 12 5.373 12 12zM79.5 463H192v-67c0-6.627 5.373-12 12-12h40c6.627 0 12 5.373 12 12v67h112.5V112H304v24c0 13.255-10.745 24-24 24H168c-13.255 0-24-10.745-24-24v-24H79.5v351zM266 64h-26V38a6 6 0 0 0-6-6h-20a6 6 0 0 0-6 6v26h-26a6 6 0 0 0-6 6v20a6 6 0 0 0 6 6h26v26a6 6 0 0 0 6 6h20a6 6 0 0 0 6-6V96h26a6 6 0 0 0 6-6V70a6 6 0 0 0-6-6z\"><\/path><\/svg>\t\t\t\t\t\t<\/span>\n\t\t\t\t\t\t\t\t\t\t<span class=\"elementor-icon-list-text\">Szpital Powiatowy AMG Centrum Medyczne<\/span>\n\t\t\t\t\t\t\t\t\t<\/li>\n\t\t\t\t\t\t\t\t<li class=\"elementor-icon-list-item\">\n\t\t\t\t\t\t\t\t\t\t\t<a href=\"https:\/\/www.google.com\/maps\/place\/Amg+Centrum+Medyczne+Sp.+Z+O.o.\/@51.766104,20.259456,1357m\/data=!3m1!1e3!4m6!3m5!1s0x47197051f9f1ecc1:0xfafe080455845174!8m2!3d51.7661035!4d20.2594557!16s%2Fg%2F11hzwbqfsb?hl=es&#038;entry=ttu&#038;g_ep=EgoyMDI1MDYxNi4wIKXMDSoASAFQAw%3D%3D\">\n\n\t\t\t\t\t\t\t\t\t\t\t\t<span class=\"elementor-icon-list-icon\">\n\t\t\t\t\t\t\t<svg aria-hidden=\"true\" class=\"e-font-icon-svg e-fas-map-marker-alt\" viewBox=\"0 0 384 512\" xmlns=\"http:\/\/www.w3.org\/2000\/svg\"><path d=\"M172.268 501.67C26.97 291.031 0 269.413 0 192 0 85.961 85.961 0 192 0s192 85.961 192 192c0 77.413-26.97 99.031-172.268 309.67-9.535 13.774-29.93 13.773-39.464 0zM192 272c44.183 0 80-35.817 80-80s-35.817-80-80-80-80 35.817-80 80 35.817 80 80 80z\"><\/path><\/svg>\t\t\t\t\t\t<\/span>\n\t\t\t\t\t\t\t\t\t\t<span class=\"elementor-icon-list-text\">Ryki 08-500 ul. \u017bytnia 23, Polska<\/span>\n\t\t\t\t\t\t\t\t\t\t\t<\/a>\n\t\t\t\t\t\t\t\t\t<\/li>\n\t\t\t\t\t\t<\/ul>\n\t\t\t\t\t\t<\/div>\n\t\t\t\t<\/div>\n\t\t\t\t<\/div>\n\t\t<div class=\"elementor-element elementor-element-17c367a e-con-full e-flex e-con e-child\" data-id=\"17c367a\" data-element_type=\"container\" data-e-type=\"container\">\n\t\t\t\t<div class=\"elementor-element elementor-element-9ad9239 elementor-widget elementor-widget-google_maps\" data-id=\"9ad9239\" data-element_type=\"widget\" data-e-type=\"widget\" data-widget_type=\"google_maps.default\">\n\t\t\t\t<div class=\"elementor-widget-container\">\n\t\t\t\t\t\t\t<div class=\"elementor-custom-embed\">\n\t\t\t<iframe loading=\"lazy\"\n\t\t\t\t\tsrc=\"https:\/\/maps.google.com\/maps?q=Ryki%2008-500%20ul.%20%C5%BBytnia%2023%2C%20Polska&#038;t=m&#038;z=15&#038;output=embed&#038;iwloc=near\"\n\t\t\t\t\ttitle=\"Ryki 08-500 ul. \u017bytnia 23, Polska\"\n\t\t\t\t\taria-label=\"Ryki 08-500 ul. \u017bytnia 23, Polska\"\n\t\t\t><\/iframe>\n\t\t<\/div>\n\t\t\t\t\t\t<\/div>\n\t\t\t\t<\/div>\n\t\t\t\t<\/div>\n\t\t\t\t<\/div>\n\t\t\t\t<\/div>\n\t\t","protected":false},"excerpt":{"rendered":"<p>Centri accreditati Cosa significa Centro Accreditato? L\u2019Accreditamento FS\u00ae\u00a0\u00e8 un marchio di qualit\u00e0 che certifica che l\u2019ente, il centro o il professionista intitolato di tale riconoscimento presenta le condizioni tecniche, scientifiche e personali richieste dal\u00a0metodo Filum System\u00ae. Questo marchio di garanzia \u00e8 concesso dalla\u00a0Filum Academy Barcelona\u00ae, centro dipendente dall\u2019Institut Chiari &amp; Siringomielia &amp; Escoliosis de Barcelona [&hellip;]<\/p>\n","protected":false},"author":1,"featured_media":0,"parent":0,"menu_order":24,"comment_status":"closed","ping_status":"closed","template":"","meta":{"footnotes":""},"class_list":["post-41639","page","type-page","status-publish","hentry"],"yoast_head":"<!-- This site is optimized with the Yoast SEO plugin v27.1.1 - https:\/\/yoast.com\/product\/yoast-seo-wordpress\/ -->\n<title>Centri accreditati ICSEB | ICSEB<\/title>\n<meta name=\"description\" content=\"Elenco dei centri accreditati che collaborano con ICSEB per diagnosi e trattamento di Chiari, Filum e patologie correlate.\" \/>\n<meta name=\"robots\" content=\"index, follow, max-snippet:-1, max-image-preview:large, max-video-preview:-1\" \/>\n<link rel=\"canonical\" href=\"https:\/\/institutchiaribcn.com\/it\/centri-accreditati\/\" \/>\n<meta property=\"og:locale\" content=\"it_IT\" \/>\n<meta property=\"og:type\" content=\"article\" \/>\n<meta property=\"og:title\" content=\"Centri accreditati ICSEB | ICSEB\" \/>\n<meta property=\"og:description\" content=\"Elenco dei centri accreditati che collaborano con ICSEB per diagnosi e trattamento di Chiari, Filum e patologie correlate.\" \/>\n<meta property=\"og:url\" content=\"https:\/\/institutchiaribcn.com\/it\/centri-accreditati\/\" \/>\n<meta property=\"og:site_name\" content=\"Institut Chiari\" \/>\n<meta property=\"article:modified_time\" content=\"2026-02-20T09:12:21+00:00\" \/>\n<meta property=\"og:image\" content=\"https:\/\/institutchiaribcn.com\/wp-content\/uploads\/2025\/06\/logo-centrum-amg-finanse.jpg\" \/>\n<meta name=\"twitter:card\" content=\"summary_large_image\" \/>\n<meta name=\"twitter:label1\" content=\"Tempo di lettura stimato\" \/>\n\t<meta name=\"twitter:data1\" content=\"3 minuti\" \/>\n<script type=\"application\/ld+json\" class=\"yoast-schema-graph\">{\"@context\":\"https:\/\/schema.org\",\"@graph\":[{\"@type\":\"WebPage\",\"@id\":\"https:\/\/institutchiaribcn.com\/it\/centri-accreditati\/\",\"url\":\"https:\/\/institutchiaribcn.com\/it\/centri-accreditati\/\",\"name\":\"Centri accreditati ICSEB | ICSEB\",\"isPartOf\":{\"@id\":\"https:\/\/institutchiaribcn.com\/it\/#website\"},\"primaryImageOfPage\":{\"@id\":\"https:\/\/institutchiaribcn.com\/it\/centri-accreditati\/#primaryimage\"},\"image\":{\"@id\":\"https:\/\/institutchiaribcn.com\/it\/centri-accreditati\/#primaryimage\"},\"thumbnailUrl\":\"https:\/\/institutchiaribcn.com\/wp-content\/uploads\/2025\/06\/logo-centrum-amg-finanse.jpg\",\"datePublished\":\"2025-06-18T06:54:45+00:00\",\"dateModified\":\"2026-02-20T09:12:21+00:00\",\"description\":\"Elenco dei centri accreditati che collaborano con ICSEB per diagnosi e trattamento di Chiari, Filum e patologie correlate.\",\"breadcrumb\":{\"@id\":\"https:\/\/institutchiaribcn.com\/it\/centri-accreditati\/#breadcrumb\"},\"inLanguage\":\"it-IT\",\"potentialAction\":[{\"@type\":\"ReadAction\",\"target\":[\"https:\/\/institutchiaribcn.com\/it\/centri-accreditati\/\"]}]},{\"@type\":\"ImageObject\",\"inLanguage\":\"it-IT\",\"@id\":\"https:\/\/institutchiaribcn.com\/it\/centri-accreditati\/#primaryimage\",\"url\":\"https:\/\/institutchiaribcn.com\/wp-content\/uploads\/2025\/06\/logo-centrum-amg-finanse.jpg\",\"contentUrl\":\"https:\/\/institutchiaribcn.com\/wp-content\/uploads\/2025\/06\/logo-centrum-amg-finanse.jpg\"},{\"@type\":\"BreadcrumbList\",\"@id\":\"https:\/\/institutchiaribcn.com\/it\/centri-accreditati\/#breadcrumb\",\"itemListElement\":[{\"@type\":\"ListItem\",\"position\":1,\"name\":\"Portada\",\"item\":\"https:\/\/institutchiaribcn.com\/it\/\"},{\"@type\":\"ListItem\",\"position\":2,\"name\":\"Centri accreditati\"}]},{\"@type\":\"WebSite\",\"@id\":\"https:\/\/institutchiaribcn.com\/it\/#website\",\"url\":\"https:\/\/institutchiaribcn.com\/it\/\",\"name\":\"Institut Chiari de Barcelona\",\"description\":\"\",\"publisher\":{\"@id\":\"https:\/\/institutchiaribcn.com\/it\/#organization\"},\"potentialAction\":[{\"@type\":\"SearchAction\",\"target\":{\"@type\":\"EntryPoint\",\"urlTemplate\":\"https:\/\/institutchiaribcn.com\/it\/?s={search_term_string}\"},\"query-input\":{\"@type\":\"PropertyValueSpecification\",\"valueRequired\":true,\"valueName\":\"search_term_string\"}}],\"inLanguage\":\"it-IT\"},{\"@type\":\"Organization\",\"@id\":\"https:\/\/institutchiaribcn.com\/it\/#organization\",\"name\":\"Institut Chiari de Barcelona\",\"url\":\"https:\/\/institutchiaribcn.com\/it\/\",\"logo\":{\"@type\":\"ImageObject\",\"inLanguage\":\"it-IT\",\"@id\":\"https:\/\/institutchiaribcn.com\/it\/#\/schema\/logo\/image\/\",\"url\":\"https:\/\/institutchiaribcn.com\/wp-content\/uploads\/2025\/10\/cropped-cropped-icsebNavLogo-1.png\",\"contentUrl\":\"https:\/\/institutchiaribcn.com\/wp-content\/uploads\/2025\/10\/cropped-cropped-icsebNavLogo-1.png\",\"width\":245,\"height\":99,\"caption\":\"Institut Chiari de Barcelona\"},\"image\":{\"@id\":\"https:\/\/institutchiaribcn.com\/it\/#\/schema\/logo\/image\/\"}}]}<\/script>\n<!-- \/ Yoast SEO plugin. -->","yoast_head_json":{"title":"Centri accreditati ICSEB | ICSEB","description":"Elenco dei centri accreditati che collaborano con ICSEB per diagnosi e trattamento di Chiari, Filum e patologie correlate.","robots":{"index":"index","follow":"follow","max-snippet":"max-snippet:-1","max-image-preview":"max-image-preview:large","max-video-preview":"max-video-preview:-1"},"canonical":"https:\/\/institutchiaribcn.com\/it\/centri-accreditati\/","og_locale":"it_IT","og_type":"article","og_title":"Centri accreditati ICSEB | ICSEB","og_description":"Elenco dei centri accreditati che collaborano con ICSEB per diagnosi e trattamento di Chiari, Filum e patologie correlate.","og_url":"https:\/\/institutchiaribcn.com\/it\/centri-accreditati\/","og_site_name":"Institut Chiari","article_modified_time":"2026-02-20T09:12:21+00:00","og_image":[{"url":"https:\/\/institutchiaribcn.com\/wp-content\/uploads\/2025\/06\/logo-centrum-amg-finanse.jpg","type":"","width":"","height":""}],"twitter_card":"summary_large_image","twitter_misc":{"Tempo di lettura stimato":"3 minuti"},"schema":{"@context":"https:\/\/schema.org","@graph":[{"@type":"WebPage","@id":"https:\/\/institutchiaribcn.com\/it\/centri-accreditati\/","url":"https:\/\/institutchiaribcn.com\/it\/centri-accreditati\/","name":"Centri accreditati ICSEB | ICSEB","isPartOf":{"@id":"https:\/\/institutchiaribcn.com\/it\/#website"},"primaryImageOfPage":{"@id":"https:\/\/institutchiaribcn.com\/it\/centri-accreditati\/#primaryimage"},"image":{"@id":"https:\/\/institutchiaribcn.com\/it\/centri-accreditati\/#primaryimage"},"thumbnailUrl":"https:\/\/institutchiaribcn.com\/wp-content\/uploads\/2025\/06\/logo-centrum-amg-finanse.jpg","datePublished":"2025-06-18T06:54:45+00:00","dateModified":"2026-02-20T09:12:21+00:00","description":"Elenco dei centri accreditati che collaborano con ICSEB per diagnosi e trattamento di Chiari, Filum e patologie correlate.","breadcrumb":{"@id":"https:\/\/institutchiaribcn.com\/it\/centri-accreditati\/#breadcrumb"},"inLanguage":"it-IT","potentialAction":[{"@type":"ReadAction","target":["https:\/\/institutchiaribcn.com\/it\/centri-accreditati\/"]}]},{"@type":"ImageObject","inLanguage":"it-IT","@id":"https:\/\/institutchiaribcn.com\/it\/centri-accreditati\/#primaryimage","url":"https:\/\/institutchiaribcn.com\/wp-content\/uploads\/2025\/06\/logo-centrum-amg-finanse.jpg","contentUrl":"https:\/\/institutchiaribcn.com\/wp-content\/uploads\/2025\/06\/logo-centrum-amg-finanse.jpg"},{"@type":"BreadcrumbList","@id":"https:\/\/institutchiaribcn.com\/it\/centri-accreditati\/#breadcrumb","itemListElement":[{"@type":"ListItem","position":1,"name":"Portada","item":"https:\/\/institutchiaribcn.com\/it\/"},{"@type":"ListItem","position":2,"name":"Centri accreditati"}]},{"@type":"WebSite","@id":"https:\/\/institutchiaribcn.com\/it\/#website","url":"https:\/\/institutchiaribcn.com\/it\/","name":"Institut Chiari de Barcelona","description":"","publisher":{"@id":"https:\/\/institutchiaribcn.com\/it\/#organization"},"potentialAction":[{"@type":"SearchAction","target":{"@type":"EntryPoint","urlTemplate":"https:\/\/institutchiaribcn.com\/it\/?s={search_term_string}"},"query-input":{"@type":"PropertyValueSpecification","valueRequired":true,"valueName":"search_term_string"}}],"inLanguage":"it-IT"},{"@type":"Organization","@id":"https:\/\/institutchiaribcn.com\/it\/#organization","name":"Institut Chiari de Barcelona","url":"https:\/\/institutchiaribcn.com\/it\/","logo":{"@type":"ImageObject","inLanguage":"it-IT","@id":"https:\/\/institutchiaribcn.com\/it\/#\/schema\/logo\/image\/","url":"https:\/\/institutchiaribcn.com\/wp-content\/uploads\/2025\/10\/cropped-cropped-icsebNavLogo-1.png","contentUrl":"https:\/\/institutchiaribcn.com\/wp-content\/uploads\/2025\/10\/cropped-cropped-icsebNavLogo-1.png","width":245,"height":99,"caption":"Institut Chiari de Barcelona"},"image":{"@id":"https:\/\/institutchiaribcn.com\/it\/#\/schema\/logo\/image\/"}}]}},"_links":{"self":[{"href":"https:\/\/institutchiaribcn.com\/it\/wp-json\/wp\/v2\/pages\/41639","targetHints":{"allow":["GET"]}}],"collection":[{"href":"https:\/\/institutchiaribcn.com\/it\/wp-json\/wp\/v2\/pages"}],"about":[{"href":"https:\/\/institutchiaribcn.com\/it\/wp-json\/wp\/v2\/types\/page"}],"author":[{"embeddable":true,"href":"https:\/\/institutchiaribcn.com\/it\/wp-json\/wp\/v2\/users\/1"}],"replies":[{"embeddable":true,"href":"https:\/\/institutchiaribcn.com\/it\/wp-json\/wp\/v2\/comments?post=41639"}],"version-history":[{"count":1,"href":"https:\/\/institutchiaribcn.com\/it\/wp-json\/wp\/v2\/pages\/41639\/revisions"}],"predecessor-version":[{"id":145693,"href":"https:\/\/institutchiaribcn.com\/it\/wp-json\/wp\/v2\/pages\/41639\/revisions\/145693"}],"wp:attachment":[{"href":"https:\/\/institutchiaribcn.com\/it\/wp-json\/wp\/v2\/media?parent=41639"}],"curies":[{"name":"wp","href":"https:\/\/api.w.org\/{rel}","templated":true}]}}