{"id":74388,"date":"2025-07-09T14:47:00","date_gmt":"2025-07-09T12:47:00","guid":{"rendered":"https:\/\/dev.institutchiaribcn.com\/politica-de-calidad\/"},"modified":"2026-02-23T10:41:52","modified_gmt":"2026-02-23T09:41:52","slug":"politique-de-qualite","status":"publish","type":"page","link":"https:\/\/institutchiaribcn.com\/fr\/politique-de-qualite\/","title":{"rendered":"Politique de Qualit\u00e9"},"content":{"rendered":"\t\t<div data-elementor-type=\"wp-page\" data-elementor-id=\"74388\" class=\"elementor elementor-74388 elementor-46662\" data-elementor-post-type=\"page\">\n\t\t\t\t<div class=\"elementor-element elementor-element-d64372b e-flex e-con-boxed e-con e-parent\" data-id=\"d64372b\" data-element_type=\"container\" data-e-type=\"container\">\n\t\t\t\t\t<div class=\"e-con-inner\">\n\t\t\t\t<div class=\"elementor-element elementor-element-c505b2f elementor-widget elementor-widget-heading\" data-id=\"c505b2f\" data-element_type=\"widget\" data-e-type=\"widget\" data-widget_type=\"heading.default\">\n\t\t\t\t<div class=\"elementor-widget-container\">\n\t\t\t\t\t<h1 class=\"elementor-heading-title elementor-size-default\">Politique de qualit\u00e9<\/h1>\t\t\t\t<\/div>\n\t\t\t\t<\/div>\n\t\t\t\t<div class=\"elementor-element elementor-element-5962371 elementor-widget elementor-widget-text-editor\" data-id=\"5962371\" data-element_type=\"widget\" data-e-type=\"widget\" data-widget_type=\"text-editor.default\">\n\t\t\t\t<div class=\"elementor-widget-container\">\n\t\t\t\t\t\t\t\t\t<p>L\u2019Institut Chiari &amp; Syringomy\u00e9lie &amp; Scoliose de Barcelone, S.L. (ICSEB) \u00e9tablit cette Politique de Qualit\u00e9 comme expression de son engagement envers l\u2019excellence clinique, l\u2019am\u00e9lioration continue et les soins centr\u00e9s sur le patient. La qualit\u00e9 fait partie int\u00e9grante de notre culture organisationnelle et est align\u00e9e sur notre mission de fournir des soins de sant\u00e9 hautement sp\u00e9cialis\u00e9s, bas\u00e9s sur des preuves scientifiques, l\u2019innovation et l\u2019\u00e9thique professionnelle.<\/p><ol><li><strong> Engagement envers l\u2019excellence des soins<\/strong><br \/>Notre objectif principal est de fournir des diagnostics pr\u00e9cis et des traitements neurochirurgicaux minimalement invasifs pour des pathologies telles que le syndrome d\u2019Arnold-Chiari I, la scoliose idiopathique, la syringomy\u00e9lie et d\u2019autres affections connexes. La qualit\u00e9 des soins est garantie par des protocoles m\u00e9dicaux internes, valid\u00e9s cliniquement, et d\u00e9velopp\u00e9s par une \u00e9quipe pluridisciplinaire disposant d\u2019une exp\u00e9rience internationale.<\/li><li><strong> Approche centr\u00e9e sur le patient<\/strong><br \/>ICSEB place les personnes au c\u0153ur de son activit\u00e9. Des soins de sant\u00e9 personnalis\u00e9s, humains et empathiques sont promus, respectant la dignit\u00e9 du patient et ses d\u00e9cisions \u00e9clair\u00e9es. De plus, la protection des donn\u00e9es et la confidentialit\u00e9 clinique sont assur\u00e9es conform\u00e9ment \u00e0 la r\u00e9glementation en vigueur.<\/li><li><strong> Formation, recherche et am\u00e9lioration continue<\/strong><br \/>En tant qu\u2019entit\u00e9 pionni\u00e8re dans son domaine, ICSEB encourage activement la recherche clinique et le transfert de connaissances. L\u2019\u00e9quipe m\u00e9dicale et technique b\u00e9n\u00e9ficie d\u2019une formation continue, permettant une am\u00e9lioration constante des protocoles et l\u2019int\u00e9gration de nouvelles technologies. Cette vision innovante renforce la qualit\u00e9 des soins et la s\u00e9curit\u00e9 des patients.<\/li><li><strong> Conformit\u00e9 r\u00e9glementaire et normes \u00e9thiques<\/strong><br \/>L\u2019Institut agit conform\u00e9ment aux lois et r\u00e9glementations sanitaires locales, nationales et internationales. Il adh\u00e8re \u00e9galement au Code de Conduite M\u00e9dicale.<\/li><li><strong> Durabilit\u00e9 et responsabilit\u00e9 sociale<\/strong><br \/>ICSEB s\u2019engage en faveur de la durabilit\u00e9 environnementale et sociale. Une utilisation efficace des ressources et une gestion responsable des d\u00e9chets m\u00e9dicaux sont encourag\u00e9es. De plus, l\u2019Institut maintient un engagement actif pour l\u2019accessibilit\u00e9 des patients internationaux, contribuant au bien-\u00eatre de personnes de diverses r\u00e9gions gr\u00e2ce \u00e0 des soins multilingues et des services adapt\u00e9s.<\/li><li><strong> Infrastructure et technologie<\/strong><br \/>L\u2019Institut dispose d\u2019installations modernes, d\u2019\u00e9quipements m\u00e9dicaux avanc\u00e9s et de syst\u00e8mes de gestion clinique garantissant un environnement s\u00fbr, efficace et conforme aux meilleures pratiques du secteur sanitaire. L\u2019investissement technologique est constant et coh\u00e9rent avec les objectifs de qualit\u00e9, de s\u00e9curit\u00e9 et d\u2019efficacit\u00e9.<\/li><li><strong> Communication et contact<\/strong><br \/>Pour garantir des soins de qualit\u00e9, ICSEB met \u00e0 disposition des patients plusieurs canaux de contact :<\/li><\/ol><p>T\u00e9l\u00e9phone : +34\u202f932\u202f800\u202f836 \/ +34\u202f932\u202f066\u202f406<br \/>Email : icb@institutchiaribcn.com<br \/>Adresse : Passeig Manuel Girona, 32, 08034 Barcelone, Espagne<br \/>Horaires : Lundi \u00e0 jeudi de 09:00 \u00e0 18:00 CET | Vendredi de 09:00 \u00e0 15:00 CET<\/p><p>Toute suggestion, r\u00e9clamation ou demande sera trait\u00e9e rapidement et en toute transparence, dans le but d\u2019am\u00e9liorer en permanence nos services.<\/p><p><strong>R\u00e9vision et mise \u00e0 jour<\/strong><br \/>La pr\u00e9sente Politique de Qualit\u00e9 sera r\u00e9vis\u00e9e p\u00e9riodiquement par la Direction de l\u2019Institut afin d\u2019assurer son ad\u00e9quation aux \u00e9volutions r\u00e9glementaires, aux avanc\u00e9es m\u00e9dicales et aux besoins des patients. Elle est diffus\u00e9e en interne et disponible publiquement comme d\u00e9claration de l\u2019engagement institutionnel envers la qualit\u00e9.<\/p>\t\t\t\t\t\t\t\t<\/div>\n\t\t\t\t<\/div>\n\t\t\t\t\t<\/div>\n\t\t\t\t<\/div>\n\t\t\t\t<\/div>\n\t\t","protected":false},"excerpt":{"rendered":"<p>Politique de qualit\u00e9 L\u2019Institut Chiari &amp; Syringomy\u00e9lie &amp; Scoliose de Barcelone, S.L. (ICSEB) \u00e9tablit cette Politique de Qualit\u00e9 comme expression de son engagement envers l\u2019excellence clinique, l\u2019am\u00e9lioration continue et les soins centr\u00e9s sur le patient. La qualit\u00e9 fait partie int\u00e9grante de notre culture organisationnelle et est align\u00e9e sur notre mission de fournir des soins de [&hellip;]<\/p>\n","protected":false},"author":1,"featured_media":0,"parent":0,"menu_order":0,"comment_status":"closed","ping_status":"closed","template":"","meta":{"footnotes":""},"class_list":["post-74388","page","type-page","status-publish","hentry"],"yoast_head":"<!-- This site is optimized with the Yoast SEO plugin v27.1.1 - https:\/\/yoast.com\/product\/yoast-seo-wordpress\/ -->\n<title>Politique de qualit\u00e9 du ICSEB | ICSEB<\/title>\n<meta name=\"description\" content=\"D\u00e9couvrez la politique de qualit\u00e9 du ICSEB, son engagement pour la s\u00e9curit\u00e9 des patients, l\u2019excellence m\u00e9dicale et l\u2019am\u00e9lioration continue.\" \/>\n<meta name=\"robots\" content=\"index, follow, max-snippet:-1, max-image-preview:large, max-video-preview:-1\" \/>\n<link rel=\"canonical\" href=\"https:\/\/institutchiaribcn.com\/fr\/politique-de-qualite\/\" \/>\n<meta property=\"og:locale\" content=\"fr_FR\" \/>\n<meta property=\"og:type\" content=\"article\" \/>\n<meta property=\"og:title\" content=\"Politique de qualit\u00e9 du ICSEB | ICSEB\" \/>\n<meta property=\"og:description\" content=\"D\u00e9couvrez la politique de qualit\u00e9 du ICSEB, son engagement pour la s\u00e9curit\u00e9 des patients, l\u2019excellence m\u00e9dicale et l\u2019am\u00e9lioration continue.\" \/>\n<meta property=\"og:url\" content=\"https:\/\/institutchiaribcn.com\/fr\/politique-de-qualite\/\" \/>\n<meta property=\"og:site_name\" content=\"Institut Chiari\" \/>\n<meta property=\"article:modified_time\" content=\"2026-02-23T09:41:52+00:00\" \/>\n<meta name=\"twitter:card\" content=\"summary_large_image\" \/>\n<meta name=\"twitter:label1\" content=\"Dur\u00e9e de lecture estim\u00e9e\" \/>\n\t<meta name=\"twitter:data1\" content=\"3 minutes\" \/>\n<script type=\"application\/ld+json\" class=\"yoast-schema-graph\">{\"@context\":\"https:\/\/schema.org\",\"@graph\":[{\"@type\":\"WebPage\",\"@id\":\"https:\/\/institutchiaribcn.com\/fr\/politique-de-qualite\/\",\"url\":\"https:\/\/institutchiaribcn.com\/fr\/politique-de-qualite\/\",\"name\":\"Politique de qualit\u00e9 du ICSEB | ICSEB\",\"isPartOf\":{\"@id\":\"https:\/\/institutchiaribcn.com\/fr\/#website\"},\"datePublished\":\"2025-07-09T12:47:00+00:00\",\"dateModified\":\"2026-02-23T09:41:52+00:00\",\"description\":\"D\u00e9couvrez la politique de qualit\u00e9 du ICSEB, son engagement pour la s\u00e9curit\u00e9 des patients, l\u2019excellence m\u00e9dicale et l\u2019am\u00e9lioration continue.\",\"breadcrumb\":{\"@id\":\"https:\/\/institutchiaribcn.com\/fr\/politique-de-qualite\/#breadcrumb\"},\"inLanguage\":\"fr-FR\",\"potentialAction\":[{\"@type\":\"ReadAction\",\"target\":[\"https:\/\/institutchiaribcn.com\/fr\/politique-de-qualite\/\"]}]},{\"@type\":\"BreadcrumbList\",\"@id\":\"https:\/\/institutchiaribcn.com\/fr\/politique-de-qualite\/#breadcrumb\",\"itemListElement\":[{\"@type\":\"ListItem\",\"position\":1,\"name\":\"Portada\",\"item\":\"https:\/\/institutchiaribcn.com\/fr\/\"},{\"@type\":\"ListItem\",\"position\":2,\"name\":\"Politique de Qualit\u00e9\"}]},{\"@type\":\"WebSite\",\"@id\":\"https:\/\/institutchiaribcn.com\/fr\/#website\",\"url\":\"https:\/\/institutchiaribcn.com\/fr\/\",\"name\":\"Institut Chiari de Barcelona\",\"description\":\"\",\"publisher\":{\"@id\":\"https:\/\/institutchiaribcn.com\/fr\/#organization\"},\"potentialAction\":[{\"@type\":\"SearchAction\",\"target\":{\"@type\":\"EntryPoint\",\"urlTemplate\":\"https:\/\/institutchiaribcn.com\/fr\/?s={search_term_string}\"},\"query-input\":{\"@type\":\"PropertyValueSpecification\",\"valueRequired\":true,\"valueName\":\"search_term_string\"}}],\"inLanguage\":\"fr-FR\"},{\"@type\":\"Organization\",\"@id\":\"https:\/\/institutchiaribcn.com\/fr\/#organization\",\"name\":\"Institut Chiari de Barcelona\",\"url\":\"https:\/\/institutchiaribcn.com\/fr\/\",\"logo\":{\"@type\":\"ImageObject\",\"inLanguage\":\"fr-FR\",\"@id\":\"https:\/\/institutchiaribcn.com\/fr\/#\/schema\/logo\/image\/\",\"url\":\"https:\/\/institutchiaribcn.com\/wp-content\/uploads\/2025\/10\/cropped-cropped-icsebNavLogo-1.png\",\"contentUrl\":\"https:\/\/institutchiaribcn.com\/wp-content\/uploads\/2025\/10\/cropped-cropped-icsebNavLogo-1.png\",\"width\":245,\"height\":99,\"caption\":\"Institut Chiari de Barcelona\"},\"image\":{\"@id\":\"https:\/\/institutchiaribcn.com\/fr\/#\/schema\/logo\/image\/\"}}]}<\/script>\n<!-- \/ Yoast SEO plugin. -->","yoast_head_json":{"title":"Politique de qualit\u00e9 du ICSEB | ICSEB","description":"D\u00e9couvrez la politique de qualit\u00e9 du ICSEB, son engagement pour la s\u00e9curit\u00e9 des patients, l\u2019excellence m\u00e9dicale et l\u2019am\u00e9lioration continue.","robots":{"index":"index","follow":"follow","max-snippet":"max-snippet:-1","max-image-preview":"max-image-preview:large","max-video-preview":"max-video-preview:-1"},"canonical":"https:\/\/institutchiaribcn.com\/fr\/politique-de-qualite\/","og_locale":"fr_FR","og_type":"article","og_title":"Politique de qualit\u00e9 du ICSEB | ICSEB","og_description":"D\u00e9couvrez la politique de qualit\u00e9 du ICSEB, son engagement pour la s\u00e9curit\u00e9 des patients, l\u2019excellence m\u00e9dicale et l\u2019am\u00e9lioration continue.","og_url":"https:\/\/institutchiaribcn.com\/fr\/politique-de-qualite\/","og_site_name":"Institut Chiari","article_modified_time":"2026-02-23T09:41:52+00:00","twitter_card":"summary_large_image","twitter_misc":{"Dur\u00e9e de lecture estim\u00e9e":"3 minutes"},"schema":{"@context":"https:\/\/schema.org","@graph":[{"@type":"WebPage","@id":"https:\/\/institutchiaribcn.com\/fr\/politique-de-qualite\/","url":"https:\/\/institutchiaribcn.com\/fr\/politique-de-qualite\/","name":"Politique de qualit\u00e9 du ICSEB | ICSEB","isPartOf":{"@id":"https:\/\/institutchiaribcn.com\/fr\/#website"},"datePublished":"2025-07-09T12:47:00+00:00","dateModified":"2026-02-23T09:41:52+00:00","description":"D\u00e9couvrez la politique de qualit\u00e9 du ICSEB, son engagement pour la s\u00e9curit\u00e9 des patients, l\u2019excellence m\u00e9dicale et l\u2019am\u00e9lioration continue.","breadcrumb":{"@id":"https:\/\/institutchiaribcn.com\/fr\/politique-de-qualite\/#breadcrumb"},"inLanguage":"fr-FR","potentialAction":[{"@type":"ReadAction","target":["https:\/\/institutchiaribcn.com\/fr\/politique-de-qualite\/"]}]},{"@type":"BreadcrumbList","@id":"https:\/\/institutchiaribcn.com\/fr\/politique-de-qualite\/#breadcrumb","itemListElement":[{"@type":"ListItem","position":1,"name":"Portada","item":"https:\/\/institutchiaribcn.com\/fr\/"},{"@type":"ListItem","position":2,"name":"Politique de Qualit\u00e9"}]},{"@type":"WebSite","@id":"https:\/\/institutchiaribcn.com\/fr\/#website","url":"https:\/\/institutchiaribcn.com\/fr\/","name":"Institut Chiari de Barcelona","description":"","publisher":{"@id":"https:\/\/institutchiaribcn.com\/fr\/#organization"},"potentialAction":[{"@type":"SearchAction","target":{"@type":"EntryPoint","urlTemplate":"https:\/\/institutchiaribcn.com\/fr\/?s={search_term_string}"},"query-input":{"@type":"PropertyValueSpecification","valueRequired":true,"valueName":"search_term_string"}}],"inLanguage":"fr-FR"},{"@type":"Organization","@id":"https:\/\/institutchiaribcn.com\/fr\/#organization","name":"Institut Chiari de Barcelona","url":"https:\/\/institutchiaribcn.com\/fr\/","logo":{"@type":"ImageObject","inLanguage":"fr-FR","@id":"https:\/\/institutchiaribcn.com\/fr\/#\/schema\/logo\/image\/","url":"https:\/\/institutchiaribcn.com\/wp-content\/uploads\/2025\/10\/cropped-cropped-icsebNavLogo-1.png","contentUrl":"https:\/\/institutchiaribcn.com\/wp-content\/uploads\/2025\/10\/cropped-cropped-icsebNavLogo-1.png","width":245,"height":99,"caption":"Institut Chiari de Barcelona"},"image":{"@id":"https:\/\/institutchiaribcn.com\/fr\/#\/schema\/logo\/image\/"}}]}},"_links":{"self":[{"href":"https:\/\/institutchiaribcn.com\/fr\/wp-json\/wp\/v2\/pages\/74388","targetHints":{"allow":["GET"]}}],"collection":[{"href":"https:\/\/institutchiaribcn.com\/fr\/wp-json\/wp\/v2\/pages"}],"about":[{"href":"https:\/\/institutchiaribcn.com\/fr\/wp-json\/wp\/v2\/types\/page"}],"author":[{"embeddable":true,"href":"https:\/\/institutchiaribcn.com\/fr\/wp-json\/wp\/v2\/users\/1"}],"replies":[{"embeddable":true,"href":"https:\/\/institutchiaribcn.com\/fr\/wp-json\/wp\/v2\/comments?post=74388"}],"version-history":[{"count":1,"href":"https:\/\/institutchiaribcn.com\/fr\/wp-json\/wp\/v2\/pages\/74388\/revisions"}],"predecessor-version":[{"id":145817,"href":"https:\/\/institutchiaribcn.com\/fr\/wp-json\/wp\/v2\/pages\/74388\/revisions\/145817"}],"wp:attachment":[{"href":"https:\/\/institutchiaribcn.com\/fr\/wp-json\/wp\/v2\/media?parent=74388"}],"curies":[{"name":"wp","href":"https:\/\/api.w.org\/{rel}","templated":true}]}}