{"id":64753,"date":"2025-06-17T16:54:11","date_gmt":"2025-06-17T14:54:11","guid":{"rendered":"https:\/\/dev.institutchiaribcn.com\/tasas-exito-icseb\/"},"modified":"2026-02-20T12:52:26","modified_gmt":"2026-02-20T11:52:26","slug":"taux-de-reussite","status":"publish","type":"page","link":"https:\/\/institutchiaribcn.com\/fr\/taux-de-reussite\/","title":{"rendered":"Taux de r\u00e9ussite"},"content":{"rendered":"\t\t<div data-elementor-type=\"wp-page\" data-elementor-id=\"64753\" class=\"elementor elementor-64753 elementor-202\" data-elementor-post-type=\"page\">\n\t\t\t\t<div class=\"elementor-element elementor-element-80f53d4 e-flex e-con-boxed e-con e-parent\" data-id=\"80f53d4\" data-element_type=\"container\" data-e-type=\"container\">\n\t\t\t\t\t<div class=\"e-con-inner\">\n\t\t<div class=\"elementor-element elementor-element-75b05ed e-con-full e-flex e-con e-child\" data-id=\"75b05ed\" data-element_type=\"container\" data-e-type=\"container\">\n\t\t\t\t<div class=\"elementor-element elementor-element-6fd43a8 elementor-widget elementor-widget-heading\" data-id=\"6fd43a8\" data-element_type=\"widget\" data-e-type=\"widget\" data-widget_type=\"heading.default\">\n\t\t\t\t<div class=\"elementor-widget-container\">\n\t\t\t\t\t<h1 class=\"elementor-heading-title elementor-size-default\">Taux de r\u00e9ussite de l\u2019ICSEB\n<\/h1>\t\t\t\t<\/div>\n\t\t\t\t<\/div>\n\t\t\t\t<div class=\"elementor-element elementor-element-be9add3 elementor-widget elementor-widget-text-editor\" data-id=\"be9add3\" data-element_type=\"widget\" data-e-type=\"widget\" data-widget_type=\"text-editor.default\">\n\t\t\t\t<div class=\"elementor-widget-container\">\n\t\t\t\t\t\t\t\t\t<p>Les r\u00e9sultats r\u00e9colt\u00e9s de nos patients op\u00e9r\u00e9s de diff\u00e9rentes pathologies vert\u00e9brales, sont les meilleurs par rapport \u00e0 la bibliographie consult\u00e9e. En outre, en consultant les statistiques de la pathologie vert\u00e9brale lombaire dans le domaine du travail.<\/p><p>Tout cela publi\u00e9 dans des prestigieuses publications de sp\u00e9cialit\u00e9s m\u00e9dicales, Neurologie et Neurochirurgie, en diff\u00e9rentes langues: espagnol, anglais et fran\u00e7ais.<\/p><p>Vous pouvez consulter l\u2019Indice de Satisfaction de plus de 900 patients op\u00e9r\u00e9s par le biais de notre technique chirurgicale exclusive de Section du Filum Terminale, pour les pathologies\u00a0<strong>Syndrome d\u2019Arnold Chiari I, Syringomy\u00e9lie, Scoliose, Impression Basilaire, Platybasie, R\u00e9tropulsion de l\u2019Odonto\u00efde et Kinking du tronc vert\u00e9bral<\/strong>.<\/p>\t\t\t\t\t\t\t\t<\/div>\n\t\t\t\t<\/div>\n\t\t\t\t<\/div>\n\t\t<div class=\"elementor-element elementor-element-54b6414 e-con-full e-flex e-con e-child\" data-id=\"54b6414\" data-element_type=\"container\" data-e-type=\"container\">\n\t\t\t\t<div class=\"elementor-element elementor-element-b5460ef elementor-widget elementor-widget-html\" data-id=\"b5460ef\" data-element_type=\"widget\" data-e-type=\"widget\" data-widget_type=\"html.default\">\n\t\t\t\t<div class=\"elementor-widget-container\">\n\t\t\t\t\t<iframe loading=\"lazy\" class=\"hidden-col-xs hidden-sm visible-md visible-lg\" src=\"https:\/\/institutchiaribcn.com\/taux-de-reussite.htm\" width=\"600\" height=\"400\" frameborder=\"0\" scrolling=\"no\"><\/iframe>\t\t\t\t<\/div>\n\t\t\t\t<\/div>\n\t\t\t\t<\/div>\n\t\t\t\t\t<\/div>\n\t\t\t\t<\/div>\n\t\t<div class=\"elementor-element elementor-element-9e15a43 e-flex e-con-boxed e-con e-parent\" data-id=\"9e15a43\" data-element_type=\"container\" data-e-type=\"container\" data-settings=\"{&quot;background_background&quot;:&quot;classic&quot;}\">\n\t\t\t\t\t<div class=\"e-con-inner\">\n\t\t\t\t<div class=\"elementor-element elementor-element-af4925f elementor-widget elementor-widget-text-editor\" data-id=\"af4925f\" data-element_type=\"widget\" data-e-type=\"widget\" data-widget_type=\"text-editor.default\">\n\t\t\t\t<div class=\"elementor-widget-container\">\n\t\t\t\t\t\t\t\t\t<p>Les sympt\u00f4mes et signes qui touchent principalement nos patients atteints de: Arnold Chiari I, Syringomy\u00e9lie et Scoliose Idiopathiques, peuvent s\u2019observer sur les graphiques I et II, qui refl\u00e8tent le cadre clinique d\u2019un exemplaire de 400 malades.<\/p>\t\t\t\t\t\t\t\t<\/div>\n\t\t\t\t<\/div>\n\t\t<div class=\"elementor-element elementor-element-041475b e-con-full e-flex e-con e-child\" data-id=\"041475b\" data-element_type=\"container\" data-e-type=\"container\">\n\t\t\t\t<div class=\"elementor-element elementor-element-7448aaf elementor-widget elementor-widget-image\" data-id=\"7448aaf\" data-element_type=\"widget\" data-e-type=\"widget\" data-widget_type=\"image.default\">\n\t\t\t\t<div class=\"elementor-widget-container\">\n\t\t\t\t\t\t\t\t\t\t\t\t<figure class=\"wp-caption\">\n\t\t\t\t\t\t\t\t\t\t<img fetchpriority=\"high\" decoding=\"async\" width=\"800\" height=\"470\" src=\"https:\/\/institutchiaribcn.com\/wp-content\/uploads\/2025\/09\/Graphique-I-Symptomes-les-plus-frequents-chez-les-patients-atteints-de-la-Maladie-du-Filum-1024x602.png\" class=\"attachment-large size-large wp-image-66403\" alt=\"Graphique I Sympt\u00f4mes les plus fr\u00e9quents chez les patients atteints de la Maladie du Filum.\" srcset=\"https:\/\/institutchiaribcn.com\/wp-content\/uploads\/2025\/09\/Graphique-I-Symptomes-les-plus-frequents-chez-les-patients-atteints-de-la-Maladie-du-Filum-1024x602.png 1024w, https:\/\/institutchiaribcn.com\/wp-content\/uploads\/2025\/09\/Graphique-I-Symptomes-les-plus-frequents-chez-les-patients-atteints-de-la-Maladie-du-Filum-300x176.png 300w, https:\/\/institutchiaribcn.com\/wp-content\/uploads\/2025\/09\/Graphique-I-Symptomes-les-plus-frequents-chez-les-patients-atteints-de-la-Maladie-du-Filum-768x451.png 768w, https:\/\/institutchiaribcn.com\/wp-content\/uploads\/2025\/09\/Graphique-I-Symptomes-les-plus-frequents-chez-les-patients-atteints-de-la-Maladie-du-Filum.png 1443w\" sizes=\"(max-width: 800px) 100vw, 800px\" \/>\t\t\t\t\t\t\t\t\t\t\t<figcaption class=\"widget-image-caption wp-caption-text\">Graphique I: Sympt\u00f4mes les plus fr\u00e9quents chez les patients atteints de la Maladie du Filum.<\/figcaption>\n\t\t\t\t\t\t\t\t\t\t<\/figure>\n\t\t\t\t\t\t\t\t\t<\/div>\n\t\t\t\t<\/div>\n\t\t\t\t<div class=\"elementor-element elementor-element-447f779 elementor-widget elementor-widget-image\" data-id=\"447f779\" data-element_type=\"widget\" data-e-type=\"widget\" data-widget_type=\"image.default\">\n\t\t\t\t<div class=\"elementor-widget-container\">\n\t\t\t\t\t\t\t\t\t\t\t\t<figure class=\"wp-caption\">\n\t\t\t\t\t\t\t\t\t\t<img decoding=\"async\" width=\"800\" height=\"442\" src=\"https:\/\/institutchiaribcn.com\/wp-content\/uploads\/2025\/09\/Graphique-II-Signes-les-plus-frequents-chez-les-patients-atteints-de-la-Maladie-du-Filum-1024x566.png\" class=\"attachment-large size-large wp-image-66417\" alt=\"Graphique II Signes les plus fr\u00e9quents chez les patients atteints de la Maladie du Filum.\" srcset=\"https:\/\/institutchiaribcn.com\/wp-content\/uploads\/2025\/09\/Graphique-II-Signes-les-plus-frequents-chez-les-patients-atteints-de-la-Maladie-du-Filum-1024x566.png 1024w, https:\/\/institutchiaribcn.com\/wp-content\/uploads\/2025\/09\/Graphique-II-Signes-les-plus-frequents-chez-les-patients-atteints-de-la-Maladie-du-Filum-300x166.png 300w, https:\/\/institutchiaribcn.com\/wp-content\/uploads\/2025\/09\/Graphique-II-Signes-les-plus-frequents-chez-les-patients-atteints-de-la-Maladie-du-Filum-768x425.png 768w, https:\/\/institutchiaribcn.com\/wp-content\/uploads\/2025\/09\/Graphique-II-Signes-les-plus-frequents-chez-les-patients-atteints-de-la-Maladie-du-Filum.png 1389w\" sizes=\"(max-width: 800px) 100vw, 800px\" \/>\t\t\t\t\t\t\t\t\t\t\t<figcaption class=\"widget-image-caption wp-caption-text\">Graphique II: Signes les plus fr\u00e9quents chez les patients atteints de la Maladie du Filum.<\/figcaption>\n\t\t\t\t\t\t\t\t\t\t<\/figure>\n\t\t\t\t\t\t\t\t\t<\/div>\n\t\t\t\t<\/div>\n\t\t\t\t<\/div>\n\t\t\t\t\t<\/div>\n\t\t\t\t<\/div>\n\t\t<div class=\"elementor-element elementor-element-7f00dc9 e-flex e-con-boxed e-con e-parent\" data-id=\"7f00dc9\" data-element_type=\"container\" data-e-type=\"container\" data-settings=\"{&quot;background_background&quot;:&quot;classic&quot;}\">\n\t\t\t\t\t<div class=\"e-con-inner\">\n\t\t\t\t<div class=\"elementor-element elementor-element-7b892e7 elementor-widget elementor-widget-text-editor\" data-id=\"7b892e7\" data-element_type=\"widget\" data-e-type=\"widget\" data-widget_type=\"text-editor.default\">\n\t\t\t\t<div class=\"elementor-widget-container\">\n\t\t\t\t\t\t\t\t\t<p>Suite \u00e0 l\u2019intervention, dans le suivi post-op\u00e9ratoire nous pouvons observer la r\u00e9cup\u00e9ration des sympt\u00f4mes et signes chez la grande majorit\u00e9 des patients auxquels la m\u00e9thode leurs a \u00e9t\u00e9 appliqu\u00e9e, comme il peut se voir sur l\u2019exemplaire de 240 contr\u00f4les par an sur les graphiques III et IV.<\/p>\t\t\t\t\t\t\t\t<\/div>\n\t\t\t\t<\/div>\n\t\t<div class=\"elementor-element elementor-element-4e681a9 e-con-full e-flex e-con e-child\" data-id=\"4e681a9\" data-element_type=\"container\" data-e-type=\"container\">\n\t\t\t\t<div class=\"elementor-element elementor-element-e46339a elementor-widget elementor-widget-image\" data-id=\"e46339a\" data-element_type=\"widget\" data-e-type=\"widget\" data-widget_type=\"image.default\">\n\t\t\t\t<div class=\"elementor-widget-container\">\n\t\t\t\t\t\t\t\t\t\t\t\t<figure class=\"wp-caption\">\n\t\t\t\t\t\t\t\t\t\t<img decoding=\"async\" width=\"800\" height=\"541\" src=\"https:\/\/institutchiaribcn.com\/wp-content\/uploads\/2025\/09\/Graphique-III-Recuperation-des-symptomes-dans-la-Maladie-du-Filum-suite-a-lapplication-du-Filum-System\u00ae-1024x693.png\" class=\"attachment-large size-large wp-image-66431\" alt=\"Graphique III R\u00e9cup\u00e9ration des sympt\u00f4mes dans la Maladie du Filum suite \u00e0 l\u2019application du Filum System\u00ae\" srcset=\"https:\/\/institutchiaribcn.com\/wp-content\/uploads\/2025\/09\/Graphique-III-Recuperation-des-symptomes-dans-la-Maladie-du-Filum-suite-a-lapplication-du-Filum-System\u00ae-1024x693.png 1024w, https:\/\/institutchiaribcn.com\/wp-content\/uploads\/2025\/09\/Graphique-III-Recuperation-des-symptomes-dans-la-Maladie-du-Filum-suite-a-lapplication-du-Filum-System\u00ae-300x203.png 300w, https:\/\/institutchiaribcn.com\/wp-content\/uploads\/2025\/09\/Graphique-III-Recuperation-des-symptomes-dans-la-Maladie-du-Filum-suite-a-lapplication-du-Filum-System\u00ae-768x520.png 768w, https:\/\/institutchiaribcn.com\/wp-content\/uploads\/2025\/09\/Graphique-III-Recuperation-des-symptomes-dans-la-Maladie-du-Filum-suite-a-lapplication-du-Filum-System\u00ae.png 1329w\" sizes=\"(max-width: 800px) 100vw, 800px\" \/>\t\t\t\t\t\t\t\t\t\t\t<figcaption class=\"widget-image-caption wp-caption-text\">Graphique III: R\u00e9cup\u00e9ration des sympt\u00f4mes dans la Maladie du Filum suite \u00e0 l\u2019application du Filum System\u00ae<\/figcaption>\n\t\t\t\t\t\t\t\t\t\t<\/figure>\n\t\t\t\t\t\t\t\t\t<\/div>\n\t\t\t\t<\/div>\n\t\t\t\t<div class=\"elementor-element elementor-element-bf7c6e2 elementor-widget elementor-widget-image\" data-id=\"bf7c6e2\" data-element_type=\"widget\" data-e-type=\"widget\" data-widget_type=\"image.default\">\n\t\t\t\t<div class=\"elementor-widget-container\">\n\t\t\t\t\t\t\t\t\t\t\t\t<figure class=\"wp-caption\">\n\t\t\t\t\t\t\t\t\t\t<img loading=\"lazy\" decoding=\"async\" width=\"800\" height=\"462\" src=\"https:\/\/institutchiaribcn.com\/wp-content\/uploads\/2025\/09\/Graphique-IV-Recuperations-des-signes-dans-la-Maladie-du-Filum-suite-a-lapplication-du-Filum-System\u00ae-1024x591.png\" class=\"attachment-large size-large wp-image-66445\" alt=\"Graphique IV R\u00e9cup\u00e9rations des signes dans la Maladie du Filum suite \u00e0 l\u2019application du Filum System\u00ae\" srcset=\"https:\/\/institutchiaribcn.com\/wp-content\/uploads\/2025\/09\/Graphique-IV-Recuperations-des-signes-dans-la-Maladie-du-Filum-suite-a-lapplication-du-Filum-System\u00ae-1024x591.png 1024w, https:\/\/institutchiaribcn.com\/wp-content\/uploads\/2025\/09\/Graphique-IV-Recuperations-des-signes-dans-la-Maladie-du-Filum-suite-a-lapplication-du-Filum-System\u00ae-300x173.png 300w, https:\/\/institutchiaribcn.com\/wp-content\/uploads\/2025\/09\/Graphique-IV-Recuperations-des-signes-dans-la-Maladie-du-Filum-suite-a-lapplication-du-Filum-System\u00ae-768x443.png 768w, https:\/\/institutchiaribcn.com\/wp-content\/uploads\/2025\/09\/Graphique-IV-Recuperations-des-signes-dans-la-Maladie-du-Filum-suite-a-lapplication-du-Filum-System\u00ae.png 1293w\" sizes=\"(max-width: 800px) 100vw, 800px\" \/>\t\t\t\t\t\t\t\t\t\t\t<figcaption class=\"widget-image-caption wp-caption-text\">Graphique IV: R\u00e9cup\u00e9rations des signes dans la Maladie du Filum suite \u00e0 l\u2019application du Filum System\u00ae<\/figcaption>\n\t\t\t\t\t\t\t\t\t\t<\/figure>\n\t\t\t\t\t\t\t\t\t<\/div>\n\t\t\t\t<\/div>\n\t\t\t\t<\/div>\n\t\t\t\t\t<\/div>\n\t\t\t\t<\/div>\n\t\t<div class=\"elementor-element elementor-element-3336d4a e-flex e-con-boxed e-con e-parent\" data-id=\"3336d4a\" data-element_type=\"container\" data-e-type=\"container\">\n\t\t\t\t\t<div class=\"e-con-inner\">\n\t\t\t\t<div class=\"elementor-element elementor-element-a220e9b elementor-widget elementor-widget-text-editor\" data-id=\"a220e9b\" data-element_type=\"widget\" data-e-type=\"widget\" data-widget_type=\"text-editor.default\">\n\t\t\t\t<div class=\"elementor-widget-container\">\n\t\t\t\t\t\t\t\t\t<p>Gr\u00e2ce aux excellents r\u00e9sultats cliniques obtenus, beaucoup de malades sont arriv\u00e9 \u00e0 notre Institut provenant de 79 pays d\u2019origine.<\/p><p>Cette r\u00e9ussite nous rend fiers et nous encourage pour am\u00e9liorer de plus en plus nos services, de mani\u00e8re \u00e0 que tout patient qui voyage pour se faire traiter avec nos sp\u00e9cialistes, se trouve confortable et satisfait pendant son s\u00e9jour \u00e0 Barcelone et aussi pendant le suivit \u00e0 distance que nous offrons, maintenant la relation th\u00e9rapeutique post\u00e9rieure \u00e0 l\u2019intervention aussi au niveau international.<\/p>\t\t\t\t\t\t\t\t<\/div>\n\t\t\t\t<\/div>\n\t\t\t\t\t<\/div>\n\t\t\t\t<\/div>\n\t\t<div class=\"elementor-element elementor-element-28f0c9b e-flex e-con-boxed e-con e-parent\" data-id=\"28f0c9b\" data-element_type=\"container\" data-e-type=\"container\">\n\t\t\t\t\t<div class=\"e-con-inner\">\n\t\t\t\t<div class=\"elementor-element elementor-element-e17467a elementor-widget elementor-widget-html\" data-id=\"e17467a\" data-element_type=\"widget\" data-e-type=\"widget\" data-widget_type=\"html.default\">\n\t\t\t\t<div class=\"elementor-widget-container\">\n\t\t\t\t\t<iframe loading=\"lazy\" style=\"pointer-event: none;\" src=\"https:\/\/www.google.com\/maps\/d\/embed?mid=1Nvzm_YioRCSJzi8_dUI7Zt3MZ04\" height=\"580\" frameborder=\"0\"><\/iframe>\t\t\t\t<\/div>\n\t\t\t\t<\/div>\n\t\t\t\t\t<\/div>\n\t\t\t\t<\/div>\n\t\t\t\t<\/div>\n\t\t","protected":false},"excerpt":{"rendered":"<p>Taux de r\u00e9ussite de l\u2019ICSEB Les r\u00e9sultats r\u00e9colt\u00e9s de nos patients op\u00e9r\u00e9s de diff\u00e9rentes pathologies vert\u00e9brales, sont les meilleurs par rapport \u00e0 la bibliographie consult\u00e9e. En outre, en consultant les statistiques de la pathologie vert\u00e9brale lombaire dans le domaine du travail. Tout cela publi\u00e9 dans des prestigieuses publications de sp\u00e9cialit\u00e9s m\u00e9dicales, Neurologie et Neurochirurgie, en [&hellip;]<\/p>\n","protected":false},"author":1,"featured_media":0,"parent":0,"menu_order":8,"comment_status":"closed","ping_status":"closed","template":"","meta":{"footnotes":""},"class_list":["post-64753","page","type-page","status-publish","hentry"],"yoast_head":"<!-- This site is optimized with the Yoast SEO plugin v27.4 - https:\/\/yoast.com\/product\/yoast-seo-wordpress\/ -->\n<title>Taux de r\u00e9ussite du traitement ICSEB | ICSEB<\/title>\n<meta name=\"description\" content=\"D\u00e9couvrez le taux de r\u00e9ussite des traitements de la Maladie du Filum et des pathologies associ\u00e9es \u00e0 l\u2019ICSEB.\" \/>\n<meta name=\"robots\" content=\"index, follow, max-snippet:-1, max-image-preview:large, max-video-preview:-1\" \/>\n<link rel=\"canonical\" href=\"https:\/\/institutchiaribcn.com\/fr\/taux-de-reussite\/\" \/>\n<meta property=\"og:locale\" content=\"fr_FR\" \/>\n<meta property=\"og:type\" content=\"article\" \/>\n<meta property=\"og:title\" content=\"Taux de r\u00e9ussite du traitement ICSEB | ICSEB\" \/>\n<meta property=\"og:description\" content=\"D\u00e9couvrez le taux de r\u00e9ussite des traitements de la Maladie du Filum et des pathologies associ\u00e9es \u00e0 l\u2019ICSEB.\" \/>\n<meta property=\"og:url\" content=\"https:\/\/institutchiaribcn.com\/fr\/taux-de-reussite\/\" \/>\n<meta property=\"og:site_name\" content=\"Institut Chiari\" \/>\n<meta property=\"article:modified_time\" content=\"2026-02-20T11:52:26+00:00\" \/>\n<meta property=\"og:image\" content=\"https:\/\/institutchiaribcn.com\/wp-content\/uploads\/2025\/09\/Graphique-I-Symptomes-les-plus-frequents-chez-les-patients-atteints-de-la-Maladie-du-Filum-1024x602.png\" \/>\n<meta name=\"twitter:card\" content=\"summary_large_image\" \/>\n<meta name=\"twitter:label1\" content=\"Dur\u00e9e de lecture estim\u00e9e\" \/>\n\t<meta name=\"twitter:data1\" content=\"3 minutes\" \/>\n<script type=\"application\/ld+json\" class=\"yoast-schema-graph\">{\"@context\":\"https:\\\/\\\/schema.org\",\"@graph\":[{\"@type\":\"WebPage\",\"@id\":\"https:\\\/\\\/institutchiaribcn.com\\\/fr\\\/taux-de-reussite\\\/\",\"url\":\"https:\\\/\\\/institutchiaribcn.com\\\/fr\\\/taux-de-reussite\\\/\",\"name\":\"Taux de r\u00e9ussite du traitement ICSEB | ICSEB\",\"isPartOf\":{\"@id\":\"https:\\\/\\\/institutchiaribcn.com\\\/fr\\\/#website\"},\"primaryImageOfPage\":{\"@id\":\"https:\\\/\\\/institutchiaribcn.com\\\/fr\\\/taux-de-reussite\\\/#primaryimage\"},\"image\":{\"@id\":\"https:\\\/\\\/institutchiaribcn.com\\\/fr\\\/taux-de-reussite\\\/#primaryimage\"},\"thumbnailUrl\":\"https:\\\/\\\/institutchiaribcn.com\\\/wp-content\\\/uploads\\\/2025\\\/09\\\/Graphique-I-Symptomes-les-plus-frequents-chez-les-patients-atteints-de-la-Maladie-du-Filum-1024x602.png\",\"datePublished\":\"2025-06-17T14:54:11+00:00\",\"dateModified\":\"2026-02-20T11:52:26+00:00\",\"description\":\"D\u00e9couvrez le taux de r\u00e9ussite des traitements de la Maladie du Filum et des pathologies associ\u00e9es \u00e0 l\u2019ICSEB.\",\"breadcrumb\":{\"@id\":\"https:\\\/\\\/institutchiaribcn.com\\\/fr\\\/taux-de-reussite\\\/#breadcrumb\"},\"inLanguage\":\"fr-FR\",\"potentialAction\":[{\"@type\":\"ReadAction\",\"target\":[\"https:\\\/\\\/institutchiaribcn.com\\\/fr\\\/taux-de-reussite\\\/\"]}]},{\"@type\":\"ImageObject\",\"inLanguage\":\"fr-FR\",\"@id\":\"https:\\\/\\\/institutchiaribcn.com\\\/fr\\\/taux-de-reussite\\\/#primaryimage\",\"url\":\"https:\\\/\\\/institutchiaribcn.com\\\/wp-content\\\/uploads\\\/2025\\\/09\\\/Graphique-I-Symptomes-les-plus-frequents-chez-les-patients-atteints-de-la-Maladie-du-Filum-1024x602.png\",\"contentUrl\":\"https:\\\/\\\/institutchiaribcn.com\\\/wp-content\\\/uploads\\\/2025\\\/09\\\/Graphique-I-Symptomes-les-plus-frequents-chez-les-patients-atteints-de-la-Maladie-du-Filum-1024x602.png\"},{\"@type\":\"BreadcrumbList\",\"@id\":\"https:\\\/\\\/institutchiaribcn.com\\\/fr\\\/taux-de-reussite\\\/#breadcrumb\",\"itemListElement\":[{\"@type\":\"ListItem\",\"position\":1,\"name\":\"Portada\",\"item\":\"https:\\\/\\\/institutchiaribcn.com\\\/fr\\\/\"},{\"@type\":\"ListItem\",\"position\":2,\"name\":\"Taux de r\u00e9ussite\"}]},{\"@type\":\"WebSite\",\"@id\":\"https:\\\/\\\/institutchiaribcn.com\\\/fr\\\/#website\",\"url\":\"https:\\\/\\\/institutchiaribcn.com\\\/fr\\\/\",\"name\":\"Institut Chiari de Barcelona\",\"description\":\"\",\"publisher\":{\"@id\":\"https:\\\/\\\/institutchiaribcn.com\\\/fr\\\/#organization\"},\"potentialAction\":[{\"@type\":\"SearchAction\",\"target\":{\"@type\":\"EntryPoint\",\"urlTemplate\":\"https:\\\/\\\/institutchiaribcn.com\\\/fr\\\/?s={search_term_string}\"},\"query-input\":{\"@type\":\"PropertyValueSpecification\",\"valueRequired\":true,\"valueName\":\"search_term_string\"}}],\"inLanguage\":\"fr-FR\"},{\"@type\":\"Organization\",\"@id\":\"https:\\\/\\\/institutchiaribcn.com\\\/fr\\\/#organization\",\"name\":\"Institut Chiari de Barcelona\",\"url\":\"https:\\\/\\\/institutchiaribcn.com\\\/fr\\\/\",\"logo\":{\"@type\":\"ImageObject\",\"inLanguage\":\"fr-FR\",\"@id\":\"https:\\\/\\\/institutchiaribcn.com\\\/fr\\\/#\\\/schema\\\/logo\\\/image\\\/\",\"url\":\"https:\\\/\\\/institutchiaribcn.com\\\/wp-content\\\/uploads\\\/2025\\\/10\\\/cropped-cropped-icsebNavLogo-1.png\",\"contentUrl\":\"https:\\\/\\\/institutchiaribcn.com\\\/wp-content\\\/uploads\\\/2025\\\/10\\\/cropped-cropped-icsebNavLogo-1.png\",\"width\":245,\"height\":99,\"caption\":\"Institut Chiari de Barcelona\"},\"image\":{\"@id\":\"https:\\\/\\\/institutchiaribcn.com\\\/fr\\\/#\\\/schema\\\/logo\\\/image\\\/\"}}]}<\/script>\n<!-- \/ Yoast SEO plugin. -->","yoast_head_json":{"title":"Taux de r\u00e9ussite du traitement ICSEB | ICSEB","description":"D\u00e9couvrez le taux de r\u00e9ussite des traitements de la Maladie du Filum et des pathologies associ\u00e9es \u00e0 l\u2019ICSEB.","robots":{"index":"index","follow":"follow","max-snippet":"max-snippet:-1","max-image-preview":"max-image-preview:large","max-video-preview":"max-video-preview:-1"},"canonical":"https:\/\/institutchiaribcn.com\/fr\/taux-de-reussite\/","og_locale":"fr_FR","og_type":"article","og_title":"Taux de r\u00e9ussite du traitement ICSEB | ICSEB","og_description":"D\u00e9couvrez le taux de r\u00e9ussite des traitements de la Maladie du Filum et des pathologies associ\u00e9es \u00e0 l\u2019ICSEB.","og_url":"https:\/\/institutchiaribcn.com\/fr\/taux-de-reussite\/","og_site_name":"Institut Chiari","article_modified_time":"2026-02-20T11:52:26+00:00","og_image":[{"url":"https:\/\/institutchiaribcn.com\/wp-content\/uploads\/2025\/09\/Graphique-I-Symptomes-les-plus-frequents-chez-les-patients-atteints-de-la-Maladie-du-Filum-1024x602.png","type":"","width":"","height":""}],"twitter_card":"summary_large_image","twitter_misc":{"Dur\u00e9e de lecture estim\u00e9e":"3 minutes"},"schema":{"@context":"https:\/\/schema.org","@graph":[{"@type":"WebPage","@id":"https:\/\/institutchiaribcn.com\/fr\/taux-de-reussite\/","url":"https:\/\/institutchiaribcn.com\/fr\/taux-de-reussite\/","name":"Taux de r\u00e9ussite du traitement ICSEB | ICSEB","isPartOf":{"@id":"https:\/\/institutchiaribcn.com\/fr\/#website"},"primaryImageOfPage":{"@id":"https:\/\/institutchiaribcn.com\/fr\/taux-de-reussite\/#primaryimage"},"image":{"@id":"https:\/\/institutchiaribcn.com\/fr\/taux-de-reussite\/#primaryimage"},"thumbnailUrl":"https:\/\/institutchiaribcn.com\/wp-content\/uploads\/2025\/09\/Graphique-I-Symptomes-les-plus-frequents-chez-les-patients-atteints-de-la-Maladie-du-Filum-1024x602.png","datePublished":"2025-06-17T14:54:11+00:00","dateModified":"2026-02-20T11:52:26+00:00","description":"D\u00e9couvrez le taux de r\u00e9ussite des traitements de la Maladie du Filum et des pathologies associ\u00e9es \u00e0 l\u2019ICSEB.","breadcrumb":{"@id":"https:\/\/institutchiaribcn.com\/fr\/taux-de-reussite\/#breadcrumb"},"inLanguage":"fr-FR","potentialAction":[{"@type":"ReadAction","target":["https:\/\/institutchiaribcn.com\/fr\/taux-de-reussite\/"]}]},{"@type":"ImageObject","inLanguage":"fr-FR","@id":"https:\/\/institutchiaribcn.com\/fr\/taux-de-reussite\/#primaryimage","url":"https:\/\/institutchiaribcn.com\/wp-content\/uploads\/2025\/09\/Graphique-I-Symptomes-les-plus-frequents-chez-les-patients-atteints-de-la-Maladie-du-Filum-1024x602.png","contentUrl":"https:\/\/institutchiaribcn.com\/wp-content\/uploads\/2025\/09\/Graphique-I-Symptomes-les-plus-frequents-chez-les-patients-atteints-de-la-Maladie-du-Filum-1024x602.png"},{"@type":"BreadcrumbList","@id":"https:\/\/institutchiaribcn.com\/fr\/taux-de-reussite\/#breadcrumb","itemListElement":[{"@type":"ListItem","position":1,"name":"Portada","item":"https:\/\/institutchiaribcn.com\/fr\/"},{"@type":"ListItem","position":2,"name":"Taux de r\u00e9ussite"}]},{"@type":"WebSite","@id":"https:\/\/institutchiaribcn.com\/fr\/#website","url":"https:\/\/institutchiaribcn.com\/fr\/","name":"Institut Chiari de Barcelona","description":"","publisher":{"@id":"https:\/\/institutchiaribcn.com\/fr\/#organization"},"potentialAction":[{"@type":"SearchAction","target":{"@type":"EntryPoint","urlTemplate":"https:\/\/institutchiaribcn.com\/fr\/?s={search_term_string}"},"query-input":{"@type":"PropertyValueSpecification","valueRequired":true,"valueName":"search_term_string"}}],"inLanguage":"fr-FR"},{"@type":"Organization","@id":"https:\/\/institutchiaribcn.com\/fr\/#organization","name":"Institut Chiari de Barcelona","url":"https:\/\/institutchiaribcn.com\/fr\/","logo":{"@type":"ImageObject","inLanguage":"fr-FR","@id":"https:\/\/institutchiaribcn.com\/fr\/#\/schema\/logo\/image\/","url":"https:\/\/institutchiaribcn.com\/wp-content\/uploads\/2025\/10\/cropped-cropped-icsebNavLogo-1.png","contentUrl":"https:\/\/institutchiaribcn.com\/wp-content\/uploads\/2025\/10\/cropped-cropped-icsebNavLogo-1.png","width":245,"height":99,"caption":"Institut Chiari de Barcelona"},"image":{"@id":"https:\/\/institutchiaribcn.com\/fr\/#\/schema\/logo\/image\/"}}]}},"_links":{"self":[{"href":"https:\/\/institutchiaribcn.com\/fr\/wp-json\/wp\/v2\/pages\/64753","targetHints":{"allow":["GET"]}}],"collection":[{"href":"https:\/\/institutchiaribcn.com\/fr\/wp-json\/wp\/v2\/pages"}],"about":[{"href":"https:\/\/institutchiaribcn.com\/fr\/wp-json\/wp\/v2\/types\/page"}],"author":[{"embeddable":true,"href":"https:\/\/institutchiaribcn.com\/fr\/wp-json\/wp\/v2\/users\/1"}],"replies":[{"embeddable":true,"href":"https:\/\/institutchiaribcn.com\/fr\/wp-json\/wp\/v2\/comments?post=64753"}],"version-history":[{"count":1,"href":"https:\/\/institutchiaribcn.com\/fr\/wp-json\/wp\/v2\/pages\/64753\/revisions"}],"predecessor-version":[{"id":145753,"href":"https:\/\/institutchiaribcn.com\/fr\/wp-json\/wp\/v2\/pages\/64753\/revisions\/145753"}],"wp:attachment":[{"href":"https:\/\/institutchiaribcn.com\/fr\/wp-json\/wp\/v2\/media?parent=64753"}],"curies":[{"name":"wp","href":"https:\/\/api.w.org\/{rel}","templated":true}]}}