{"id":53430,"date":"2025-06-17T15:47:54","date_gmt":"2025-06-17T13:47:54","guid":{"rendered":"https:\/\/dev.institutchiaribcn.com\/mision-vision-y-valores\/"},"modified":"2026-02-27T11:22:16","modified_gmt":"2026-02-27T10:22:16","slug":"mission-vision-valeurs","status":"publish","type":"page","link":"https:\/\/institutchiaribcn.com\/fr\/mission-vision-valeurs\/","title":{"rendered":"Mission, Vision, Valeurs"},"content":{"rendered":"\t\t<div data-elementor-type=\"wp-page\" data-elementor-id=\"53430\" class=\"elementor elementor-53430 elementor-186\" data-elementor-post-type=\"page\">\n\t\t\t\t<div class=\"elementor-element elementor-element-9578eee e-flex e-con-boxed e-con e-parent\" data-id=\"9578eee\" data-element_type=\"container\" data-e-type=\"container\">\n\t\t\t\t\t<div class=\"e-con-inner\">\n\t\t\t\t<div class=\"elementor-element elementor-element-ebc5c1d elementor-widget elementor-widget-heading\" data-id=\"ebc5c1d\" data-element_type=\"widget\" data-e-type=\"widget\" data-widget_type=\"heading.default\">\n\t\t\t\t<div class=\"elementor-widget-container\">\n\t\t\t\t\t<h1 class=\"elementor-heading-title elementor-size-default\">Mission, Vision, Valeurs\n<\/h1>\t\t\t\t<\/div>\n\t\t\t\t<\/div>\n\t\t\t\t<div class=\"elementor-element elementor-element-f831391 elementor-widget elementor-widget-text-editor\" data-id=\"f831391\" data-element_type=\"widget\" data-e-type=\"widget\" data-widget_type=\"text-editor.default\">\n\t\t\t\t<div class=\"elementor-widget-container\">\n\t\t\t\t\t\t\t\t\t<p>L\u2019Institut Chiari &amp; Siringomielia &amp; Escoliosis de Barcelona a \u00e9t\u00e9 fond\u00e9 \u00e0 l\u2019ann\u00e9e 2008, c\u2019est un centre m\u00e9dical et de neurochirurgie accr\u00e9dit\u00e9 par le Filum System<sup>\u00ae<\/sup>.<\/p><p>Il re\u00e7oit des patients avec des maladies de la colonne vert\u00e9brale et c\u00e9r\u00e9brale, et en plus couvre un domaine de tr\u00e8s haute sp\u00e9cialisation, celle de toutes les pathologies li\u00e9es avec la\u00a0<strong>Maladie du Filum<\/strong>.<\/p>\t\t\t\t\t\t\t\t<\/div>\n\t\t\t\t<\/div>\n\t\t<div class=\"elementor-element elementor-element-2a224a3 e-con-full e-flex e-con e-child\" data-id=\"2a224a3\" data-element_type=\"container\" data-e-type=\"container\">\n\t\t<div class=\"elementor-element elementor-element-a029c5e e-con-full e-flex e-con e-child\" data-id=\"a029c5e\" data-element_type=\"container\" data-e-type=\"container\" data-settings=\"{&quot;background_background&quot;:&quot;classic&quot;}\">\n\t\t\t\t<div class=\"elementor-element elementor-element-80ef6ed elementor-widget elementor-widget-heading\" data-id=\"80ef6ed\" data-element_type=\"widget\" data-e-type=\"widget\" data-widget_type=\"heading.default\">\n\t\t\t\t<div class=\"elementor-widget-container\">\n\t\t\t\t\t<h3 class=\"elementor-heading-title elementor-size-default\">Mission<\/h3>\t\t\t\t<\/div>\n\t\t\t\t<\/div>\n\t\t\t\t<div class=\"elementor-element elementor-element-3b129a7 elementor-widget elementor-widget-text-editor\" data-id=\"3b129a7\" data-element_type=\"widget\" data-e-type=\"widget\" data-widget_type=\"text-editor.default\">\n\t\t\t\t<div class=\"elementor-widget-container\">\n\t\t\t\t\t\t\t\t\tOffrir un diagnostic pr\u00e9cis et un traitement mini-invasif pour la Maladie du filum, am\u00e9liorant ainsi la qualit\u00e9 de vie du patient gr\u00e2ce \u00e0 l&rsquo;\u00e9thique, \u00e0 l&rsquo;innovation et \u00e0 l&rsquo;excellence m\u00e9dicale.\t\t\t\t\t\t\t\t<\/div>\n\t\t\t\t<\/div>\n\t\t\t\t<div class=\"elementor-element elementor-element-6494c52 elementor-widget elementor-widget-button\" data-id=\"6494c52\" data-element_type=\"widget\" data-e-type=\"widget\" data-widget_type=\"button.default\">\n\t\t\t\t<div class=\"elementor-widget-container\">\n\t\t\t\t\t\t\t\t\t<div class=\"elementor-button-wrapper\">\n\t\t\t\t\t<a class=\"elementor-button elementor-button-link elementor-size-sm\" href=\"#mision\">\n\t\t\t\t\t\t<span class=\"elementor-button-content-wrapper\">\n\t\t\t\t\t\t\t\t\t<span class=\"elementor-button-text\">Lire plus<\/span>\n\t\t\t\t\t<\/span>\n\t\t\t\t\t<\/a>\n\t\t\t\t<\/div>\n\t\t\t\t\t\t\t\t<\/div>\n\t\t\t\t<\/div>\n\t\t\t\t<\/div>\n\t\t<div class=\"elementor-element elementor-element-b0aa9b7 e-con-full e-flex e-con e-child\" data-id=\"b0aa9b7\" data-element_type=\"container\" data-e-type=\"container\" data-settings=\"{&quot;background_background&quot;:&quot;classic&quot;}\">\n\t\t\t\t<div class=\"elementor-element elementor-element-6c6f6e9 elementor-widget elementor-widget-heading\" data-id=\"6c6f6e9\" data-element_type=\"widget\" data-e-type=\"widget\" data-widget_type=\"heading.default\">\n\t\t\t\t<div class=\"elementor-widget-container\">\n\t\t\t\t\t<h3 class=\"elementor-heading-title elementor-size-default\">Vision<\/h3>\t\t\t\t<\/div>\n\t\t\t\t<\/div>\n\t\t\t\t<div class=\"elementor-element elementor-element-d0cd181 elementor-widget elementor-widget-text-editor\" data-id=\"d0cd181\" data-element_type=\"widget\" data-e-type=\"widget\" data-widget_type=\"text-editor.default\">\n\t\t\t\t<div class=\"elementor-widget-container\">\n\t\t\t\t\t\t\t\t\tNous aspirons \u00e0 offrir des soins centr\u00e9s sur le patient, fond\u00e9s sur l\u2019excellence clinique, l\u2019am\u00e9lioration continue et l\u2019innovation technologique, avec un engagement humain et assistanciel fort.\t\t\t\t\t\t\t\t<\/div>\n\t\t\t\t<\/div>\n\t\t\t\t<div class=\"elementor-element elementor-element-eb0d50a elementor-widget elementor-widget-button\" data-id=\"eb0d50a\" data-element_type=\"widget\" data-e-type=\"widget\" data-widget_type=\"button.default\">\n\t\t\t\t<div class=\"elementor-widget-container\">\n\t\t\t\t\t\t\t\t\t<div class=\"elementor-button-wrapper\">\n\t\t\t\t\t<a class=\"elementor-button elementor-button-link elementor-size-sm\" href=\"#vision\">\n\t\t\t\t\t\t<span class=\"elementor-button-content-wrapper\">\n\t\t\t\t\t\t\t\t\t<span class=\"elementor-button-text\">Lire plus<\/span>\n\t\t\t\t\t<\/span>\n\t\t\t\t\t<\/a>\n\t\t\t\t<\/div>\n\t\t\t\t\t\t\t\t<\/div>\n\t\t\t\t<\/div>\n\t\t\t\t<\/div>\n\t\t<div class=\"elementor-element elementor-element-63dfc3f e-con-full e-flex e-con e-child\" data-id=\"63dfc3f\" data-element_type=\"container\" data-e-type=\"container\" data-settings=\"{&quot;background_background&quot;:&quot;classic&quot;}\">\n\t\t\t\t<div class=\"elementor-element elementor-element-c28756b elementor-widget elementor-widget-heading\" data-id=\"c28756b\" data-element_type=\"widget\" data-e-type=\"widget\" data-widget_type=\"heading.default\">\n\t\t\t\t<div class=\"elementor-widget-container\">\n\t\t\t\t\t<h3 class=\"elementor-heading-title elementor-size-default\">Valeurs<\/h3>\t\t\t\t<\/div>\n\t\t\t\t<\/div>\n\t\t\t\t<div class=\"elementor-element elementor-element-339a8b2 elementor-widget elementor-widget-text-editor\" data-id=\"339a8b2\" data-element_type=\"widget\" data-e-type=\"widget\" data-widget_type=\"text-editor.default\">\n\t\t\t\t<div class=\"elementor-widget-container\">\n\t\t\t\t\t\t\t\t\tNous agissons avec int\u00e9grit\u00e9, responsabilit\u00e9 et empathie, en promouvant toujours la qualit\u00e9, l\u2019excellence clinique et l\u2019am\u00e9lioration continue \u00e0 chaque \u00e9tape du traitement.\t\t\t\t\t\t\t\t<\/div>\n\t\t\t\t<\/div>\n\t\t\t\t<div class=\"elementor-element elementor-element-9c01b0d elementor-widget elementor-widget-button\" data-id=\"9c01b0d\" data-element_type=\"widget\" data-e-type=\"widget\" data-widget_type=\"button.default\">\n\t\t\t\t<div class=\"elementor-widget-container\">\n\t\t\t\t\t\t\t\t\t<div class=\"elementor-button-wrapper\">\n\t\t\t\t\t<a class=\"elementor-button elementor-button-link elementor-size-sm\" href=\"#valores\">\n\t\t\t\t\t\t<span class=\"elementor-button-content-wrapper\">\n\t\t\t\t\t\t\t\t\t<span class=\"elementor-button-text\">Lire plus<\/span>\n\t\t\t\t\t<\/span>\n\t\t\t\t\t<\/a>\n\t\t\t\t<\/div>\n\t\t\t\t\t\t\t\t<\/div>\n\t\t\t\t<\/div>\n\t\t\t\t<\/div>\n\t\t\t\t<\/div>\n\t\t\t\t\t<\/div>\n\t\t\t\t<\/div>\n\t\t<div class=\"elementor-element elementor-element-52a2d2e e-flex e-con-boxed e-con e-parent\" data-id=\"52a2d2e\" data-element_type=\"container\" data-e-type=\"container\">\n\t\t\t\t\t<div class=\"e-con-inner\">\n\t\t<div class=\"elementor-element elementor-element-d7f226e e-con-full e-flex e-con e-child\" data-id=\"d7f226e\" data-element_type=\"container\" data-e-type=\"container\" id=\"mision\">\n\t\t\t\t<div class=\"elementor-element elementor-element-18739a7 elementor-widget elementor-widget-heading\" data-id=\"18739a7\" data-element_type=\"widget\" data-e-type=\"widget\" data-widget_type=\"heading.default\">\n\t\t\t\t<div class=\"elementor-widget-container\">\n\t\t\t\t\t<h3 class=\"elementor-heading-title elementor-size-default\">Mission<\/h3>\t\t\t\t<\/div>\n\t\t\t\t<\/div>\n\t\t\t\t<div class=\"elementor-element elementor-element-28cf8e8 elementor-widget elementor-widget-text-editor\" data-id=\"28cf8e8\" data-element_type=\"widget\" data-e-type=\"widget\" data-widget_type=\"text-editor.default\">\n\t\t\t\t<div class=\"elementor-widget-container\">\n\t\t\t\t\t\t\t\t\t<p>L\u2019ICSEB a pour objectif de devenir un\u00a0<strong>Centre de R\u00e9f\u00e9rence International\u00a0<\/strong>pour la Maladie du Filum, diffusant \u00e0 niveau international le r\u00e9sultat de nos investigations en relation \u00e0 la cause et nouveau traitement pour les maladies qui inclut:\u00a0<strong>Syndrome d\u2019Arnold Chiari I, Syringomy\u00e9lie et Scoliose idiopathique, Impression Basilaire, Platybasie, R\u00e9tropulsion de l\u2019Odonto\u00efde, Angulation du tronc c\u00e9r\u00e9bral<\/strong>\u00a0et autre maladies associ\u00e9es comme les\u00a0<strong>hernies discales cervicales, dorsales et lombaires, st\u00e9nose du canal vert\u00e9bral et diverses d\u00e9viations de la colonne vert\u00e9brale idiopathiques<\/strong>.<\/p><p>Notre mission est celle de soigner et soulager la maladie, en trouvant la solution pour le patient concernant sa maladie de colonne et cerveau, de la forme la plus efficace, avec la meilleure technique, la moindre invasive, avec la plus rapide r\u00e9cup\u00e9ration et l\u2019appliquant dans la majeure promptitude possible.<\/p><p>Nous offrons un\u00a0<strong>diagnostic d\u2019haute pr\u00e9cision<\/strong>\u00a0et l\u2019application de\u00a0<strong>traitements avec<\/strong>\u00a0<strong>techniques minimalement invasives<\/strong>, conservant la maximale efficacit\u00e9, pour l\u2019am\u00e9lioration et pr\u00e9servation de la\u00a0<strong>qualit\u00e9 de vie<\/strong>\u00a0des patients.<\/p><p>De m\u00eame, nous aspirons \u00e0 stimuler le\u00a0<strong>comportement \u00e9thique<\/strong>\u00a0au moment de prendre des d\u00e9cisions, dans la pratique clinique et dans la recherche, \u00e9tablissant des protocoles d\u2019action contrast\u00e9s avec l\u2019\u00e9vidence scientifique, optimis\u00e9s et r\u00e9vis\u00e9s de mani\u00e8re syst\u00e9matique.<\/p>\t\t\t\t\t\t\t\t<\/div>\n\t\t\t\t<\/div>\n\t\t\t\t<\/div>\n\t\t<div class=\"elementor-element elementor-element-826211c e-con-full e-flex e-con e-child\" data-id=\"826211c\" data-element_type=\"container\" data-e-type=\"container\">\n\t\t<div class=\"elementor-element elementor-element-f2cf416 e-con-full e-flex e-con e-child\" data-id=\"f2cf416\" data-element_type=\"container\" data-e-type=\"container\" id=\"vision\">\n\t\t\t\t<div class=\"elementor-element elementor-element-d2cda5f elementor-widget elementor-widget-heading\" data-id=\"d2cda5f\" data-element_type=\"widget\" data-e-type=\"widget\" data-widget_type=\"heading.default\">\n\t\t\t\t<div class=\"elementor-widget-container\">\n\t\t\t\t\t<h3 class=\"elementor-heading-title elementor-size-default\">Vision<\/h3>\t\t\t\t<\/div>\n\t\t\t\t<\/div>\n\t\t\t\t<div class=\"elementor-element elementor-element-b53b104 elementor-widget elementor-widget-text-editor\" data-id=\"b53b104\" data-element_type=\"widget\" data-e-type=\"widget\" data-widget_type=\"text-editor.default\">\n\t\t\t\t<div class=\"elementor-widget-container\">\n\t\t\t\t\t\t\t\t\t<p>Nous offrons un service au patient ayant comme axe central la consid\u00e9ration g\u00e9n\u00e9rale de sa Sant\u00e9, toujours bas\u00e9e aux n\u00e9cessit\u00e9s et expectatives des malades, facilitant la m\u00e9diation et l\u2019alliance th\u00e9rapeutique.<\/p><p>La notre, est une orientation aux r\u00e9sultats,\u00a0<strong>renfor\u00e7ant l\u2019am\u00e9lioration continue et efficience<\/strong>.<\/p><p>Nous encourageons\u00a0<strong>l\u2019Investigation et le D\u00e9veloppement\u00a0<\/strong>de nouvelles technologies et strat\u00e9gies d\u2019intervention, dans la recherche de l\u2019excellence dans le domaine clinique et d\u2019assistance.<\/p><p>Nous esp\u00e9rons que cette vision grandisse avec notre projet de future, augmentant les ressources technologiques, humaines et l\u2019engagement avec tous nos utilisateurs.<\/p>\t\t\t\t\t\t\t\t<\/div>\n\t\t\t\t<\/div>\n\t\t\t\t<\/div>\n\t\t<div class=\"elementor-element elementor-element-e5b43ec e-con-full e-flex e-con e-child\" data-id=\"e5b43ec\" data-element_type=\"container\" data-e-type=\"container\" id=\"valores\">\n\t\t\t\t<div class=\"elementor-element elementor-element-221b749 elementor-widget elementor-widget-heading\" data-id=\"221b749\" data-element_type=\"widget\" data-e-type=\"widget\" data-widget_type=\"heading.default\">\n\t\t\t\t<div class=\"elementor-widget-container\">\n\t\t\t\t\t<h3 class=\"elementor-heading-title elementor-size-default\">Valeurs<\/h3>\t\t\t\t<\/div>\n\t\t\t\t<\/div>\n\t\t\t\t<div class=\"elementor-element elementor-element-d5301ef elementor-widget elementor-widget-text-editor\" data-id=\"d5301ef\" data-element_type=\"widget\" data-e-type=\"widget\" data-widget_type=\"text-editor.default\">\n\t\t\t\t<div class=\"elementor-widget-container\">\n\t\t\t\t\t\t\t\t\t<p><strong>Int\u00e9grit\u00e9 et honn\u00eatet\u00e9<\/strong>: L\u2019int\u00e9r\u00eat et la majoration de la sant\u00e9 du patient par dessus de tout.<\/p><p><strong>Responsabilit\u00e9<\/strong>: R\u00e9flexion et \u00e9valuation des cons\u00e9quences de notre activit\u00e9 professionnelle.<\/p><p><strong>Compr\u00e9hension et Empathie<\/strong>: Nous nous engageons et respectons les sentiments des patients, nous nous mettons \u00e0 sa place. \u00c0 sa fois, nous facilitons que le patient et ses membres de famille re\u00e7oivent les explications appropri\u00e9es concernant la maladie, qui leur permettent prendre ses d\u00e9cisions \u00e0 ce sujet, \u00e9tant inform\u00e9s sous tous les aspects.<\/p><p><strong>Qualit\u00e9:\u00a0<\/strong>Nous promouvons la majoration constante de l\u2019aptitude et attitude dans l\u2019exercice de nos fonctions et obligations.<\/p><p><strong>Innovation th\u00e9rapeutique, Excellence clinique et Majoration continue<\/strong>: Notre \u00e9quipe professionnelle sp\u00e9cialis\u00e9e, promeut le meilleur niveau de qualit\u00e9 humaine, technique et scientifique, et l\u2019efficacit\u00e9 des traitements qu\u2019elle propose.<\/p><p>\u00a0<\/p>\t\t\t\t\t\t\t\t<\/div>\n\t\t\t\t<\/div>\n\t\t\t\t<\/div>\n\t\t\t\t<\/div>\n\t\t\t\t\t<\/div>\n\t\t\t\t<\/div>\n\t\t\t\t<\/div>\n\t\t","protected":false},"excerpt":{"rendered":"<p>Mission, Vision, Valeurs L\u2019Institut Chiari &amp; Siringomielia &amp; Escoliosis de Barcelona a \u00e9t\u00e9 fond\u00e9 \u00e0 l\u2019ann\u00e9e 2008, c\u2019est un centre m\u00e9dical et de neurochirurgie accr\u00e9dit\u00e9 par le Filum System\u00ae. Il re\u00e7oit des patients avec des maladies de la colonne vert\u00e9brale et c\u00e9r\u00e9brale, et en plus couvre un domaine de tr\u00e8s haute sp\u00e9cialisation, celle de toutes [&hellip;]<\/p>\n","protected":false},"author":1,"featured_media":0,"parent":0,"menu_order":3,"comment_status":"closed","ping_status":"closed","template":"","meta":{"footnotes":""},"class_list":["post-53430","page","type-page","status-publish","hentry"],"yoast_head":"<!-- This site is optimized with the Yoast SEO plugin v27.1.1 - https:\/\/yoast.com\/product\/yoast-seo-wordpress\/ -->\n<title>Mission, vision et valeurs du ICSEB \u00e0 Barcelone | ICSEB<\/title>\n<meta name=\"description\" content=\"D\u00e9couvrez la mission, la vision et les valeurs du ICSEB : soins centr\u00e9s sur le patient, excellence clinique, innovation et \u00e9thique.\" \/>\n<meta name=\"robots\" content=\"index, follow, max-snippet:-1, max-image-preview:large, max-video-preview:-1\" \/>\n<link rel=\"canonical\" href=\"https:\/\/institutchiaribcn.com\/fr\/mission-vision-valeurs\/\" \/>\n<meta property=\"og:locale\" content=\"fr_FR\" \/>\n<meta property=\"og:type\" content=\"article\" \/>\n<meta property=\"og:title\" content=\"Mission, vision et valeurs du ICSEB \u00e0 Barcelone | ICSEB\" \/>\n<meta property=\"og:description\" content=\"D\u00e9couvrez la mission, la vision et les valeurs du ICSEB : soins centr\u00e9s sur le patient, excellence clinique, innovation et \u00e9thique.\" \/>\n<meta property=\"og:url\" content=\"https:\/\/institutchiaribcn.com\/fr\/mission-vision-valeurs\/\" \/>\n<meta property=\"og:site_name\" content=\"Institut Chiari\" \/>\n<meta property=\"article:modified_time\" content=\"2026-02-27T10:22:16+00:00\" \/>\n<meta name=\"twitter:card\" content=\"summary_large_image\" \/>\n<meta name=\"twitter:label1\" content=\"Dur\u00e9e de lecture estim\u00e9e\" \/>\n\t<meta name=\"twitter:data1\" content=\"3 minutes\" \/>\n<script type=\"application\/ld+json\" class=\"yoast-schema-graph\">{\"@context\":\"https:\/\/schema.org\",\"@graph\":[{\"@type\":\"WebPage\",\"@id\":\"https:\/\/institutchiaribcn.com\/fr\/mission-vision-valeurs\/\",\"url\":\"https:\/\/institutchiaribcn.com\/fr\/mission-vision-valeurs\/\",\"name\":\"Mission, vision et valeurs du ICSEB \u00e0 Barcelone | ICSEB\",\"isPartOf\":{\"@id\":\"https:\/\/institutchiaribcn.com\/fr\/#website\"},\"datePublished\":\"2025-06-17T13:47:54+00:00\",\"dateModified\":\"2026-02-27T10:22:16+00:00\",\"description\":\"D\u00e9couvrez la mission, la vision et les valeurs du ICSEB : soins centr\u00e9s sur le patient, excellence clinique, innovation et \u00e9thique.\",\"breadcrumb\":{\"@id\":\"https:\/\/institutchiaribcn.com\/fr\/mission-vision-valeurs\/#breadcrumb\"},\"inLanguage\":\"fr-FR\",\"potentialAction\":[{\"@type\":\"ReadAction\",\"target\":[\"https:\/\/institutchiaribcn.com\/fr\/mission-vision-valeurs\/\"]}]},{\"@type\":\"BreadcrumbList\",\"@id\":\"https:\/\/institutchiaribcn.com\/fr\/mission-vision-valeurs\/#breadcrumb\",\"itemListElement\":[{\"@type\":\"ListItem\",\"position\":1,\"name\":\"Portada\",\"item\":\"https:\/\/institutchiaribcn.com\/fr\/\"},{\"@type\":\"ListItem\",\"position\":2,\"name\":\"Mission, Vision, Valeurs\"}]},{\"@type\":\"WebSite\",\"@id\":\"https:\/\/institutchiaribcn.com\/fr\/#website\",\"url\":\"https:\/\/institutchiaribcn.com\/fr\/\",\"name\":\"Institut Chiari de Barcelona\",\"description\":\"\",\"publisher\":{\"@id\":\"https:\/\/institutchiaribcn.com\/fr\/#organization\"},\"potentialAction\":[{\"@type\":\"SearchAction\",\"target\":{\"@type\":\"EntryPoint\",\"urlTemplate\":\"https:\/\/institutchiaribcn.com\/fr\/?s={search_term_string}\"},\"query-input\":{\"@type\":\"PropertyValueSpecification\",\"valueRequired\":true,\"valueName\":\"search_term_string\"}}],\"inLanguage\":\"fr-FR\"},{\"@type\":\"Organization\",\"@id\":\"https:\/\/institutchiaribcn.com\/fr\/#organization\",\"name\":\"Institut Chiari de Barcelona\",\"url\":\"https:\/\/institutchiaribcn.com\/fr\/\",\"logo\":{\"@type\":\"ImageObject\",\"inLanguage\":\"fr-FR\",\"@id\":\"https:\/\/institutchiaribcn.com\/fr\/#\/schema\/logo\/image\/\",\"url\":\"https:\/\/institutchiaribcn.com\/wp-content\/uploads\/2025\/10\/cropped-cropped-icsebNavLogo-1.png\",\"contentUrl\":\"https:\/\/institutchiaribcn.com\/wp-content\/uploads\/2025\/10\/cropped-cropped-icsebNavLogo-1.png\",\"width\":245,\"height\":99,\"caption\":\"Institut Chiari de Barcelona\"},\"image\":{\"@id\":\"https:\/\/institutchiaribcn.com\/fr\/#\/schema\/logo\/image\/\"}}]}<\/script>\n<!-- \/ Yoast SEO plugin. -->","yoast_head_json":{"title":"Mission, vision et valeurs du ICSEB \u00e0 Barcelone | ICSEB","description":"D\u00e9couvrez la mission, la vision et les valeurs du ICSEB : soins centr\u00e9s sur le patient, excellence clinique, innovation et \u00e9thique.","robots":{"index":"index","follow":"follow","max-snippet":"max-snippet:-1","max-image-preview":"max-image-preview:large","max-video-preview":"max-video-preview:-1"},"canonical":"https:\/\/institutchiaribcn.com\/fr\/mission-vision-valeurs\/","og_locale":"fr_FR","og_type":"article","og_title":"Mission, vision et valeurs du ICSEB \u00e0 Barcelone | ICSEB","og_description":"D\u00e9couvrez la mission, la vision et les valeurs du ICSEB : soins centr\u00e9s sur le patient, excellence clinique, innovation et \u00e9thique.","og_url":"https:\/\/institutchiaribcn.com\/fr\/mission-vision-valeurs\/","og_site_name":"Institut Chiari","article_modified_time":"2026-02-27T10:22:16+00:00","twitter_card":"summary_large_image","twitter_misc":{"Dur\u00e9e de lecture estim\u00e9e":"3 minutes"},"schema":{"@context":"https:\/\/schema.org","@graph":[{"@type":"WebPage","@id":"https:\/\/institutchiaribcn.com\/fr\/mission-vision-valeurs\/","url":"https:\/\/institutchiaribcn.com\/fr\/mission-vision-valeurs\/","name":"Mission, vision et valeurs du ICSEB \u00e0 Barcelone | ICSEB","isPartOf":{"@id":"https:\/\/institutchiaribcn.com\/fr\/#website"},"datePublished":"2025-06-17T13:47:54+00:00","dateModified":"2026-02-27T10:22:16+00:00","description":"D\u00e9couvrez la mission, la vision et les valeurs du ICSEB : soins centr\u00e9s sur le patient, excellence clinique, innovation et \u00e9thique.","breadcrumb":{"@id":"https:\/\/institutchiaribcn.com\/fr\/mission-vision-valeurs\/#breadcrumb"},"inLanguage":"fr-FR","potentialAction":[{"@type":"ReadAction","target":["https:\/\/institutchiaribcn.com\/fr\/mission-vision-valeurs\/"]}]},{"@type":"BreadcrumbList","@id":"https:\/\/institutchiaribcn.com\/fr\/mission-vision-valeurs\/#breadcrumb","itemListElement":[{"@type":"ListItem","position":1,"name":"Portada","item":"https:\/\/institutchiaribcn.com\/fr\/"},{"@type":"ListItem","position":2,"name":"Mission, Vision, Valeurs"}]},{"@type":"WebSite","@id":"https:\/\/institutchiaribcn.com\/fr\/#website","url":"https:\/\/institutchiaribcn.com\/fr\/","name":"Institut Chiari de Barcelona","description":"","publisher":{"@id":"https:\/\/institutchiaribcn.com\/fr\/#organization"},"potentialAction":[{"@type":"SearchAction","target":{"@type":"EntryPoint","urlTemplate":"https:\/\/institutchiaribcn.com\/fr\/?s={search_term_string}"},"query-input":{"@type":"PropertyValueSpecification","valueRequired":true,"valueName":"search_term_string"}}],"inLanguage":"fr-FR"},{"@type":"Organization","@id":"https:\/\/institutchiaribcn.com\/fr\/#organization","name":"Institut Chiari de Barcelona","url":"https:\/\/institutchiaribcn.com\/fr\/","logo":{"@type":"ImageObject","inLanguage":"fr-FR","@id":"https:\/\/institutchiaribcn.com\/fr\/#\/schema\/logo\/image\/","url":"https:\/\/institutchiaribcn.com\/wp-content\/uploads\/2025\/10\/cropped-cropped-icsebNavLogo-1.png","contentUrl":"https:\/\/institutchiaribcn.com\/wp-content\/uploads\/2025\/10\/cropped-cropped-icsebNavLogo-1.png","width":245,"height":99,"caption":"Institut Chiari de Barcelona"},"image":{"@id":"https:\/\/institutchiaribcn.com\/fr\/#\/schema\/logo\/image\/"}}]}},"_links":{"self":[{"href":"https:\/\/institutchiaribcn.com\/fr\/wp-json\/wp\/v2\/pages\/53430","targetHints":{"allow":["GET"]}}],"collection":[{"href":"https:\/\/institutchiaribcn.com\/fr\/wp-json\/wp\/v2\/pages"}],"about":[{"href":"https:\/\/institutchiaribcn.com\/fr\/wp-json\/wp\/v2\/types\/page"}],"author":[{"embeddable":true,"href":"https:\/\/institutchiaribcn.com\/fr\/wp-json\/wp\/v2\/users\/1"}],"replies":[{"embeddable":true,"href":"https:\/\/institutchiaribcn.com\/fr\/wp-json\/wp\/v2\/comments?post=53430"}],"version-history":[{"count":1,"href":"https:\/\/institutchiaribcn.com\/fr\/wp-json\/wp\/v2\/pages\/53430\/revisions"}],"predecessor-version":[{"id":146521,"href":"https:\/\/institutchiaribcn.com\/fr\/wp-json\/wp\/v2\/pages\/53430\/revisions\/146521"}],"wp:attachment":[{"href":"https:\/\/institutchiaribcn.com\/fr\/wp-json\/wp\/v2\/media?parent=53430"}],"curies":[{"name":"wp","href":"https:\/\/api.w.org\/{rel}","templated":true}]}}