{"id":146999,"date":"2026-02-03T15:35:25","date_gmt":"2026-02-03T14:35:25","guid":{"rendered":"https:\/\/institutchiaribcn.com\/accord-institut-chiari-de-barcelona-association-internationale\/convenzione-cooperazione-educativa-tirocini-accademici-ub-icseb-barcellona\/"},"modified":"2026-03-17T13:08:54","modified_gmt":"2026-03-17T12:08:54","slug":"convention-cooperation-educative-stages-academiques-externes-ub-icseb-barcelone","status":"publish","type":"page","link":"https:\/\/institutchiaribcn.com\/fr\/accord-institut-chiari-de-barcelona-association-internationale\/convention-cooperation-educative-stages-academiques-externes-ub-icseb-barcelone\/","title":{"rendered":"Convention de coop\u00e9ration \u00e9ducative pour des stages acad\u00e9miques externes entre l\u2019Universit\u00e9 de Barcelone (UB) et l\u2019Institut Chiari &#038; Syringomy\u00e9lie &#038; Scoliose de Barcelone (ICSEB)"},"content":{"rendered":"\t\t<div data-elementor-type=\"wp-page\" data-elementor-id=\"146999\" class=\"elementor elementor-146999 elementor-144408\" data-elementor-post-type=\"page\">\n\t\t\t\t<div class=\"elementor-element elementor-element-a790450 e-flex e-con-boxed e-con e-parent\" data-id=\"a790450\" data-element_type=\"container\" data-e-type=\"container\" data-settings=\"{&quot;background_background&quot;:&quot;classic&quot;}\">\n\t\t\t\t\t<div class=\"e-con-inner\">\n\t\t<div class=\"elementor-element elementor-element-d124f4e e-con-full e-flex e-con e-child\" data-id=\"d124f4e\" data-element_type=\"container\" data-e-type=\"container\">\n\t\t\t\t<\/div>\n\t\t<div class=\"elementor-element elementor-element-4df7838 e-con-full e-flex e-con e-child\" data-id=\"4df7838\" data-element_type=\"container\" data-e-type=\"container\">\n\t\t\t\t<div class=\"elementor-element elementor-element-27d48d9 elementor-widget elementor-widget-heading\" data-id=\"27d48d9\" data-element_type=\"widget\" data-e-type=\"widget\" data-widget_type=\"heading.default\">\n\t\t\t\t<div class=\"elementor-widget-container\">\n\t\t\t\t\t<h1 class=\"elementor-heading-title elementor-size-default\">Convention de coop\u00e9ration \u00e9ducative pour des stages acad\u00e9miques externes entre l\u2019Universit\u00e9 de Barcelone (UB) et l\u2019Institut Chiari &amp; Syringomy\u00e9lie &amp; Scoliose de Barcelone (ICSEB)<\/h1>\t\t\t\t<\/div>\n\t\t\t\t<\/div>\n\t\t\t\t<div class=\"elementor-element elementor-element-d72c0a0 elementor-widget elementor-widget-text-editor\" data-id=\"d72c0a0\" data-element_type=\"widget\" data-e-type=\"widget\" data-widget_type=\"text-editor.default\">\n\t\t\t\t<div class=\"elementor-widget-container\">\n\t\t\t\t\t\t\t\t\t<p><strong>Notre centre de sant\u00e9 (ICSEB) est une entit\u00e9 collaboratrice externe de la Facult\u00e9 de Biologie de l\u2019UB<\/strong> depuis l\u2019ann\u00e9e 2018, dans le cadre d\u2019une convention dont l\u2019objet est d\u2019offrir des stages acad\u00e9miques externes aux \u00e9tudiants.<\/p><p>Dans ce cadre, le D\u00e9partement de R+D+i de l\u2019ICSEB accueille chaque ann\u00e9e universitaire des \u00e9tudiants ou des dipl\u00f4m\u00e9s des facult\u00e9s de Biologie, de Biom\u00e9decine et de Biotechnologie, en leur offrant l\u2019opportunit\u00e9 d\u2019int\u00e9grer l\u2019\u00e9quipe de recherche du Dr M. B. Royo Salvador, afin de les former \u00e0 l\u2019am\u00e9lioration de leurs capacit\u00e9s scientifiques et de recherche \u2014 aux c\u00f4t\u00e9s des professionnels de l\u2019Institut \u2014.<\/p><p>Le projet commun comporte plusieurs <strong>finalit\u00e9s : formatives<\/strong> ; en leur apportant des connaissances de base et sp\u00e9cialis\u00e9es, <strong>pr\u00e9paratoires<\/strong> ; par l\u2019acc\u00e8s \u00e0 nos lignes de recherche, <strong>ex\u00e9cutives<\/strong> ; par la r\u00e9alisation des travaux assign\u00e9s, et de <strong>diffusion<\/strong> ; par la participation \u00e0 la vulgarisation des r\u00e9sultats sous forme de publications, de conf\u00e9rences et\/ou de symposiums.<\/p><p>D\u2019une part, cette exp\u00e9rience de collaboration \u00e9troite nous apporte l\u2019aide de la cr\u00e9ativit\u00e9, des comp\u00e9tences et des connaissances de jeunes esprits brillants, qui continuent \u00e0 contribuer par de nouvelles id\u00e9es et de nouveaux outils \u00e0 nos \u00e9tudes de R+D+i.<\/p><p>D\u2019autre part, l\u2019ICSEB propose des avantages et des conditions susceptibles d\u2019int\u00e9resser les universitaires souhaitant r\u00e9aliser leurs premiers stages dans un centre m\u00e9dical d\u2019excellence, en d\u00e9butant leur carri\u00e8re professionnelle au sein d\u2019une \u00e9quipe de recherche hautement sp\u00e9cialis\u00e9e.<\/p><p>S\u2019ils souhaitent participer, ils peuvent consulter nos offres sur la <em>plateforme GIPE<\/em> de la Facult\u00e9 de Biologie de l\u2019UB et s\u2019adresser \u00e9galement \u00e0 <em>Convenis i PF<\/em> pour toute question.<\/p>\t\t\t\t\t\t\t\t<\/div>\n\t\t\t\t<\/div>\n\t\t\t\t<\/div>\n\t\t\t\t\t<\/div>\n\t\t\t\t<\/div>\n\t\t\t\t<\/div>\n\t\t","protected":false},"excerpt":{"rendered":"<p>Convention de coop\u00e9ration \u00e9ducative pour des stages acad\u00e9miques externes entre l\u2019Universit\u00e9 de Barcelone (UB) et l\u2019Institut Chiari &amp; Syringomy\u00e9lie &amp; Scoliose de Barcelone (ICSEB) Notre centre de sant\u00e9 (ICSEB) est une entit\u00e9 collaboratrice externe de la Facult\u00e9 de Biologie de l\u2019UB depuis l\u2019ann\u00e9e 2018, dans le cadre d\u2019une convention dont l\u2019objet est d\u2019offrir des stages [&hellip;]<\/p>\n","protected":false},"author":1,"featured_media":0,"parent":111432,"menu_order":14,"comment_status":"closed","ping_status":"closed","template":"","meta":{"footnotes":""},"class_list":["post-146999","page","type-page","status-publish","hentry"],"yoast_head":"<!-- This site is optimized with the Yoast SEO plugin v27.4 - https:\/\/yoast.com\/product\/yoast-seo-wordpress\/ -->\n<title>Convention de coop\u00e9ration \u00e9ducative UB-ICSEB | ICSEB<\/title>\n<meta name=\"description\" content=\"L&#039;ICSEB collabore avec l&#039;Universit\u00e9 de Barcelone depuis 2018. Stages pour \u00e9tudiants en biom\u00e9decine et biotechnologie dans l&#039;\u00e9quipe du Dr Royo.\" \/>\n<meta name=\"robots\" content=\"index, follow, max-snippet:-1, max-image-preview:large, max-video-preview:-1\" \/>\n<link rel=\"canonical\" href=\"https:\/\/institutchiaribcn.com\/fr\/accord-institut-chiari-de-barcelona-association-internationale\/convention-cooperation-educative-stages-academiques-externes-ub-icseb-barcelone\/\" \/>\n<meta property=\"og:locale\" content=\"fr_FR\" \/>\n<meta property=\"og:type\" content=\"article\" \/>\n<meta property=\"og:title\" content=\"Convention de coop\u00e9ration \u00e9ducative UB-ICSEB | ICSEB\" \/>\n<meta property=\"og:description\" content=\"L&#039;ICSEB collabore avec l&#039;Universit\u00e9 de Barcelone depuis 2018. Stages pour \u00e9tudiants en biom\u00e9decine et biotechnologie dans l&#039;\u00e9quipe du Dr Royo.\" \/>\n<meta property=\"og:url\" content=\"https:\/\/institutchiaribcn.com\/fr\/accord-institut-chiari-de-barcelona-association-internationale\/convention-cooperation-educative-stages-academiques-externes-ub-icseb-barcelone\/\" \/>\n<meta property=\"og:site_name\" content=\"Institut Chiari\" \/>\n<meta property=\"article:modified_time\" content=\"2026-03-17T12:08:54+00:00\" \/>\n<meta name=\"twitter:card\" content=\"summary_large_image\" \/>\n<meta name=\"twitter:label1\" content=\"Dur\u00e9e de lecture estim\u00e9e\" \/>\n\t<meta name=\"twitter:data1\" content=\"2 minutes\" \/>\n<script type=\"application\/ld+json\" class=\"yoast-schema-graph\">{\"@context\":\"https:\\\/\\\/schema.org\",\"@graph\":[{\"@type\":\"WebPage\",\"@id\":\"https:\\\/\\\/institutchiaribcn.com\\\/fr\\\/accord-institut-chiari-de-barcelona-association-internationale\\\/convention-cooperation-educative-stages-academiques-externes-ub-icseb-barcelone\\\/\",\"url\":\"https:\\\/\\\/institutchiaribcn.com\\\/fr\\\/accord-institut-chiari-de-barcelona-association-internationale\\\/convention-cooperation-educative-stages-academiques-externes-ub-icseb-barcelone\\\/\",\"name\":\"Convention de coop\u00e9ration \u00e9ducative UB-ICSEB | ICSEB\",\"isPartOf\":{\"@id\":\"https:\\\/\\\/institutchiaribcn.com\\\/fr\\\/#website\"},\"datePublished\":\"2026-02-03T14:35:25+00:00\",\"dateModified\":\"2026-03-17T12:08:54+00:00\",\"description\":\"L'ICSEB collabore avec l'Universit\u00e9 de Barcelone depuis 2018. Stages pour \u00e9tudiants en biom\u00e9decine et biotechnologie dans l'\u00e9quipe du Dr Royo.\",\"breadcrumb\":{\"@id\":\"https:\\\/\\\/institutchiaribcn.com\\\/fr\\\/accord-institut-chiari-de-barcelona-association-internationale\\\/convention-cooperation-educative-stages-academiques-externes-ub-icseb-barcelone\\\/#breadcrumb\"},\"inLanguage\":\"fr-FR\",\"potentialAction\":[{\"@type\":\"ReadAction\",\"target\":[\"https:\\\/\\\/institutchiaribcn.com\\\/fr\\\/accord-institut-chiari-de-barcelona-association-internationale\\\/convention-cooperation-educative-stages-academiques-externes-ub-icseb-barcelone\\\/\"]}]},{\"@type\":\"BreadcrumbList\",\"@id\":\"https:\\\/\\\/institutchiaribcn.com\\\/fr\\\/accord-institut-chiari-de-barcelona-association-internationale\\\/convention-cooperation-educative-stages-academiques-externes-ub-icseb-barcelone\\\/#breadcrumb\",\"itemListElement\":[{\"@type\":\"ListItem\",\"position\":1,\"name\":\"Portada\",\"item\":\"https:\\\/\\\/institutchiaribcn.com\\\/fr\\\/\"},{\"@type\":\"ListItem\",\"position\":2,\"name\":\"Accords et Avantages\",\"item\":\"https:\\\/\\\/institutchiaribcn.com\\\/fr\\\/accord-institut-chiari-de-barcelona-association-internationale\\\/\"},{\"@type\":\"ListItem\",\"position\":3,\"name\":\"Convention de coop\u00e9ration \u00e9ducative pour des stages acad\u00e9miques externes entre l\u2019Universit\u00e9 de Barcelone (UB) et l\u2019Institut Chiari &#038; Syringomy\u00e9lie &#038; Scoliose de Barcelone (ICSEB)\"}]},{\"@type\":\"WebSite\",\"@id\":\"https:\\\/\\\/institutchiaribcn.com\\\/fr\\\/#website\",\"url\":\"https:\\\/\\\/institutchiaribcn.com\\\/fr\\\/\",\"name\":\"Institut Chiari de Barcelona\",\"description\":\"\",\"publisher\":{\"@id\":\"https:\\\/\\\/institutchiaribcn.com\\\/fr\\\/#organization\"},\"potentialAction\":[{\"@type\":\"SearchAction\",\"target\":{\"@type\":\"EntryPoint\",\"urlTemplate\":\"https:\\\/\\\/institutchiaribcn.com\\\/fr\\\/?s={search_term_string}\"},\"query-input\":{\"@type\":\"PropertyValueSpecification\",\"valueRequired\":true,\"valueName\":\"search_term_string\"}}],\"inLanguage\":\"fr-FR\"},{\"@type\":\"Organization\",\"@id\":\"https:\\\/\\\/institutchiaribcn.com\\\/fr\\\/#organization\",\"name\":\"Institut Chiari de Barcelona\",\"url\":\"https:\\\/\\\/institutchiaribcn.com\\\/fr\\\/\",\"logo\":{\"@type\":\"ImageObject\",\"inLanguage\":\"fr-FR\",\"@id\":\"https:\\\/\\\/institutchiaribcn.com\\\/fr\\\/#\\\/schema\\\/logo\\\/image\\\/\",\"url\":\"https:\\\/\\\/institutchiaribcn.com\\\/wp-content\\\/uploads\\\/2025\\\/10\\\/cropped-cropped-icsebNavLogo-1.png\",\"contentUrl\":\"https:\\\/\\\/institutchiaribcn.com\\\/wp-content\\\/uploads\\\/2025\\\/10\\\/cropped-cropped-icsebNavLogo-1.png\",\"width\":245,\"height\":99,\"caption\":\"Institut Chiari de Barcelona\"},\"image\":{\"@id\":\"https:\\\/\\\/institutchiaribcn.com\\\/fr\\\/#\\\/schema\\\/logo\\\/image\\\/\"}}]}<\/script>\n<!-- \/ Yoast SEO plugin. -->","yoast_head_json":{"title":"Convention de coop\u00e9ration \u00e9ducative UB-ICSEB | ICSEB","description":"L'ICSEB collabore avec l'Universit\u00e9 de Barcelone depuis 2018. Stages pour \u00e9tudiants en biom\u00e9decine et biotechnologie dans l'\u00e9quipe du Dr Royo.","robots":{"index":"index","follow":"follow","max-snippet":"max-snippet:-1","max-image-preview":"max-image-preview:large","max-video-preview":"max-video-preview:-1"},"canonical":"https:\/\/institutchiaribcn.com\/fr\/accord-institut-chiari-de-barcelona-association-internationale\/convention-cooperation-educative-stages-academiques-externes-ub-icseb-barcelone\/","og_locale":"fr_FR","og_type":"article","og_title":"Convention de coop\u00e9ration \u00e9ducative UB-ICSEB | ICSEB","og_description":"L'ICSEB collabore avec l'Universit\u00e9 de Barcelone depuis 2018. Stages pour \u00e9tudiants en biom\u00e9decine et biotechnologie dans l'\u00e9quipe du Dr Royo.","og_url":"https:\/\/institutchiaribcn.com\/fr\/accord-institut-chiari-de-barcelona-association-internationale\/convention-cooperation-educative-stages-academiques-externes-ub-icseb-barcelone\/","og_site_name":"Institut Chiari","article_modified_time":"2026-03-17T12:08:54+00:00","twitter_card":"summary_large_image","twitter_misc":{"Dur\u00e9e de lecture estim\u00e9e":"2 minutes"},"schema":{"@context":"https:\/\/schema.org","@graph":[{"@type":"WebPage","@id":"https:\/\/institutchiaribcn.com\/fr\/accord-institut-chiari-de-barcelona-association-internationale\/convention-cooperation-educative-stages-academiques-externes-ub-icseb-barcelone\/","url":"https:\/\/institutchiaribcn.com\/fr\/accord-institut-chiari-de-barcelona-association-internationale\/convention-cooperation-educative-stages-academiques-externes-ub-icseb-barcelone\/","name":"Convention de coop\u00e9ration \u00e9ducative UB-ICSEB | ICSEB","isPartOf":{"@id":"https:\/\/institutchiaribcn.com\/fr\/#website"},"datePublished":"2026-02-03T14:35:25+00:00","dateModified":"2026-03-17T12:08:54+00:00","description":"L'ICSEB collabore avec l'Universit\u00e9 de Barcelone depuis 2018. Stages pour \u00e9tudiants en biom\u00e9decine et biotechnologie dans l'\u00e9quipe du Dr Royo.","breadcrumb":{"@id":"https:\/\/institutchiaribcn.com\/fr\/accord-institut-chiari-de-barcelona-association-internationale\/convention-cooperation-educative-stages-academiques-externes-ub-icseb-barcelone\/#breadcrumb"},"inLanguage":"fr-FR","potentialAction":[{"@type":"ReadAction","target":["https:\/\/institutchiaribcn.com\/fr\/accord-institut-chiari-de-barcelona-association-internationale\/convention-cooperation-educative-stages-academiques-externes-ub-icseb-barcelone\/"]}]},{"@type":"BreadcrumbList","@id":"https:\/\/institutchiaribcn.com\/fr\/accord-institut-chiari-de-barcelona-association-internationale\/convention-cooperation-educative-stages-academiques-externes-ub-icseb-barcelone\/#breadcrumb","itemListElement":[{"@type":"ListItem","position":1,"name":"Portada","item":"https:\/\/institutchiaribcn.com\/fr\/"},{"@type":"ListItem","position":2,"name":"Accords et Avantages","item":"https:\/\/institutchiaribcn.com\/fr\/accord-institut-chiari-de-barcelona-association-internationale\/"},{"@type":"ListItem","position":3,"name":"Convention de coop\u00e9ration \u00e9ducative pour des stages acad\u00e9miques externes entre l\u2019Universit\u00e9 de Barcelone (UB) et l\u2019Institut Chiari &#038; Syringomy\u00e9lie &#038; Scoliose de Barcelone (ICSEB)"}]},{"@type":"WebSite","@id":"https:\/\/institutchiaribcn.com\/fr\/#website","url":"https:\/\/institutchiaribcn.com\/fr\/","name":"Institut Chiari de Barcelona","description":"","publisher":{"@id":"https:\/\/institutchiaribcn.com\/fr\/#organization"},"potentialAction":[{"@type":"SearchAction","target":{"@type":"EntryPoint","urlTemplate":"https:\/\/institutchiaribcn.com\/fr\/?s={search_term_string}"},"query-input":{"@type":"PropertyValueSpecification","valueRequired":true,"valueName":"search_term_string"}}],"inLanguage":"fr-FR"},{"@type":"Organization","@id":"https:\/\/institutchiaribcn.com\/fr\/#organization","name":"Institut Chiari de Barcelona","url":"https:\/\/institutchiaribcn.com\/fr\/","logo":{"@type":"ImageObject","inLanguage":"fr-FR","@id":"https:\/\/institutchiaribcn.com\/fr\/#\/schema\/logo\/image\/","url":"https:\/\/institutchiaribcn.com\/wp-content\/uploads\/2025\/10\/cropped-cropped-icsebNavLogo-1.png","contentUrl":"https:\/\/institutchiaribcn.com\/wp-content\/uploads\/2025\/10\/cropped-cropped-icsebNavLogo-1.png","width":245,"height":99,"caption":"Institut Chiari de Barcelona"},"image":{"@id":"https:\/\/institutchiaribcn.com\/fr\/#\/schema\/logo\/image\/"}}]}},"_links":{"self":[{"href":"https:\/\/institutchiaribcn.com\/fr\/wp-json\/wp\/v2\/pages\/146999","targetHints":{"allow":["GET"]}}],"collection":[{"href":"https:\/\/institutchiaribcn.com\/fr\/wp-json\/wp\/v2\/pages"}],"about":[{"href":"https:\/\/institutchiaribcn.com\/fr\/wp-json\/wp\/v2\/types\/page"}],"author":[{"embeddable":true,"href":"https:\/\/institutchiaribcn.com\/fr\/wp-json\/wp\/v2\/users\/1"}],"replies":[{"embeddable":true,"href":"https:\/\/institutchiaribcn.com\/fr\/wp-json\/wp\/v2\/comments?post=146999"}],"version-history":[{"count":5,"href":"https:\/\/institutchiaribcn.com\/fr\/wp-json\/wp\/v2\/pages\/146999\/revisions"}],"predecessor-version":[{"id":147006,"href":"https:\/\/institutchiaribcn.com\/fr\/wp-json\/wp\/v2\/pages\/146999\/revisions\/147006"}],"up":[{"embeddable":true,"href":"https:\/\/institutchiaribcn.com\/fr\/wp-json\/wp\/v2\/pages\/111432"}],"wp:attachment":[{"href":"https:\/\/institutchiaribcn.com\/fr\/wp-json\/wp\/v2\/media?parent=146999"}],"curies":[{"name":"wp","href":"https:\/\/api.w.org\/{rel}","templated":true}]}}