{"id":144447,"date":"2019-02-11T00:00:29","date_gmt":"2019-02-10T23:00:29","guid":{"rendered":"https:\/\/institutchiaribcn.com\/convenio-institut-chiari-barcelona-asociacion-internacional-ai-sac-sco-onlus\/"},"modified":"2026-03-09T11:58:16","modified_gmt":"2026-03-09T10:58:16","slug":"convention-institut-chiari-barcelona-association-internationale-ai-sac-sco-onlus","status":"publish","type":"page","link":"https:\/\/institutchiaribcn.com\/fr\/convention-institut-chiari-barcelona-association-internationale-ai-sac-sco-onlus\/","title":{"rendered":"Convention Institut Chiari de Barcelona \u2013 Association Internationale AI.SAC.SI.SCO ODV"},"content":{"rendered":"\t\t<div data-elementor-type=\"wp-page\" data-elementor-id=\"144447\" class=\"elementor elementor-144447\" data-elementor-post-type=\"page\">\n\t\t\t\t<div class=\"elementor-element elementor-element-a790450 e-flex e-con-boxed e-con e-parent\" data-id=\"a790450\" data-element_type=\"container\" data-e-type=\"container\" data-settings=\"{&quot;background_background&quot;:&quot;classic&quot;}\">\n\t\t\t\t\t<div class=\"e-con-inner\">\n\t\t<div class=\"elementor-element elementor-element-d124f4e e-con-full e-flex e-con e-child\" data-id=\"d124f4e\" data-element_type=\"container\" data-e-type=\"container\">\n\t\t<div class=\"elementor-element elementor-element-40ee222 e-con-full e-flex e-con e-child\" data-id=\"40ee222\" data-element_type=\"container\" data-e-type=\"container\" data-settings=\"{&quot;sticky&quot;:&quot;top&quot;,&quot;sticky_on&quot;:[&quot;desktop&quot;,&quot;tablet&quot;],&quot;sticky_offset&quot;:140,&quot;sticky_parent&quot;:&quot;yes&quot;,&quot;sticky_effects_offset&quot;:0,&quot;sticky_anchor_link_offset&quot;:0}\">\n\t\t\t\t<div class=\"elementor-element elementor-element-a5d2806 elementor-widget elementor-widget-image\" data-id=\"a5d2806\" data-element_type=\"widget\" data-e-type=\"widget\" data-widget_type=\"image.default\">\n\t\t\t\t<div class=\"elementor-widget-container\">\n\t\t\t\t\t\t\t\t\t\t\t\t\t\t\t<img fetchpriority=\"high\" decoding=\"async\" width=\"500\" height=\"144\" src=\"https:\/\/institutchiaribcn.com\/wp-content\/uploads\/2025\/07\/ai-sac-si-sco.jpg\" class=\"attachment-large size-large wp-image-46745\" alt=\"ai-sac-si-sco\" srcset=\"https:\/\/institutchiaribcn.com\/wp-content\/uploads\/2025\/07\/ai-sac-si-sco.jpg 500w, https:\/\/institutchiaribcn.com\/wp-content\/uploads\/2025\/07\/ai-sac-si-sco-300x86.jpg 300w\" sizes=\"(max-width: 500px) 100vw, 500px\" \/>\t\t\t\t\t\t\t\t\t\t\t\t\t\t\t<\/div>\n\t\t\t\t<\/div>\n\t\t\t\t<div class=\"elementor-element elementor-element-fd52723 elementor-widget elementor-widget-heading\" data-id=\"fd52723\" data-element_type=\"widget\" data-e-type=\"widget\" data-widget_type=\"heading.default\">\n\t\t\t\t<div class=\"elementor-widget-container\">\n\t\t\t\t\t<h3 class=\"elementor-heading-title elementor-size-default\">Association Internationale AI.SAC.SI.SCO ODV<\/h3>\t\t\t\t<\/div>\n\t\t\t\t<\/div>\n\t\t\t\t<div class=\"elementor-element elementor-element-33d11a2 elementor-widget elementor-widget-button\" data-id=\"33d11a2\" data-element_type=\"widget\" data-e-type=\"widget\" data-widget_type=\"button.default\">\n\t\t\t\t<div class=\"elementor-widget-container\">\n\t\t\t\t\t\t\t\t\t<div class=\"elementor-button-wrapper\">\n\t\t\t\t\t<a class=\"elementor-button elementor-button-link elementor-size-sm\" href=\"http:\/\/aisacsisco.eu\/index.php\/contact\" target=\"_blank\">\n\t\t\t\t\t\t<span class=\"elementor-button-content-wrapper\">\n\t\t\t\t\t\t\t\t\t<span class=\"elementor-button-text\">Contacter<\/span>\n\t\t\t\t\t<\/span>\n\t\t\t\t\t<\/a>\n\t\t\t\t<\/div>\n\t\t\t\t\t\t\t\t<\/div>\n\t\t\t\t<\/div>\n\t\t\t\t<\/div>\n\t\t\t\t<\/div>\n\t\t<div class=\"elementor-element elementor-element-4df7838 e-con-full e-flex e-con e-child\" data-id=\"4df7838\" data-element_type=\"container\" data-e-type=\"container\">\n\t\t\t\t<div class=\"elementor-element elementor-element-27d48d9 elementor-widget elementor-widget-heading\" data-id=\"27d48d9\" data-element_type=\"widget\" data-e-type=\"widget\" data-widget_type=\"heading.default\">\n\t\t\t\t<div class=\"elementor-widget-container\">\n\t\t\t\t\t<h1 class=\"elementor-heading-title elementor-size-default\">Convention Institut Chiari de Barcelona \u2013 Association Internationale AI.SAC.SI.SCO ODV<\/h1>\t\t\t\t<\/div>\n\t\t\t\t<\/div>\n\t\t\t\t<div class=\"elementor-element elementor-element-17ca49c elementor-widget elementor-widget-heading\" data-id=\"17ca49c\" data-element_type=\"widget\" data-e-type=\"widget\" data-widget_type=\"heading.default\">\n\t\t\t\t<div class=\"elementor-widget-container\">\n\t\t\t\t\t<h3 class=\"elementor-heading-title elementor-size-default\">Qui est AI.SAC.SI.SCO ODV?<\/h3>\t\t\t\t<\/div>\n\t\t\t\t<\/div>\n\t\t\t\t<div class=\"elementor-element elementor-element-d72c0a0 elementor-widget elementor-widget-text-editor\" data-id=\"d72c0a0\" data-element_type=\"widget\" data-e-type=\"widget\" data-widget_type=\"text-editor.default\">\n\t\t\t\t<div class=\"elementor-widget-container\">\n\t\t\t\t\t\t\t\t\t<p>L\u2019association internationale AI.SAC.SI.SCO Onlus est n\u00e9e en novembre 2009; quand un groupe de patients op\u00e9r\u00e9s par le Dr. Royo Salvador, r\u00e9unis lors d\u2019un \u00e9v\u00e9nement organis\u00e9 par la Fondation Chiari &amp; Scoliosis &amp; Syringomyelia Foundation (CSSf), a d\u00e9cid\u00e9 soutenir \u00e0 d\u2019autres patients atteints du Syndrome d\u2019Arnold Chiari I, Syringomy\u00e9lie et Scoliose Idiopathiques et leurs familles.<\/p>\t\t\t\t\t\t\t\t<\/div>\n\t\t\t\t<\/div>\n\t\t\t\t<div class=\"elementor-element elementor-element-42795f9 elementor-widget elementor-widget-heading\" data-id=\"42795f9\" data-element_type=\"widget\" data-e-type=\"widget\" data-widget_type=\"heading.default\">\n\t\t\t\t<div class=\"elementor-widget-container\">\n\t\t\t\t\t<h3 class=\"elementor-heading-title elementor-size-default\">La collaboration entre l\u2019Institut, la Fondation et l\u2019Association<\/h3>\t\t\t\t<\/div>\n\t\t\t\t<\/div>\n\t\t\t\t<div class=\"elementor-element elementor-element-9b260af elementor-widget elementor-widget-text-editor\" data-id=\"9b260af\" data-element_type=\"widget\" data-e-type=\"widget\" data-widget_type=\"text-editor.default\">\n\t\t\t\t<div class=\"elementor-widget-container\">\n\t\t\t\t\t\t\t\t\t<p>Depuis lors, une collaboration \u00e9troite a commenc\u00e9 entre l\u2019Institut Chiari &amp; Siringomielia &amp; Escoliosis de Barcelona (ICSEB), la CSSf et AI.SAC.SI.SCO, dans le but de diffuser le nouveau concept de la Maladie du Filum et de fournir les informations n\u00e9cessaires de sorte que l\u2019excellence et les traitements de la m\u00e9thode m\u00e9dicale Filum System\u00ae soient accessibles \u00e0 tous. En 2019, \u00e0 l\u2019occasion du dixi\u00e8me anniversaire de l\u2019Association AI.SAC.SI.SCO et de l\u2019ICSEB, un accord de collaboration leur permet de b\u00e9n\u00e9ficier d\u2019une s\u00e9rie d\u2019avantages li\u00e9s aux prestations et aux services offerts par l\u2019Institut \u00e0 leurs patients.<\/p>\t\t\t\t\t\t\t\t<\/div>\n\t\t\t\t<\/div>\n\t\t\t\t<div class=\"elementor-element elementor-element-8b6bd97 elementor-widget elementor-widget-heading\" data-id=\"8b6bd97\" data-element_type=\"widget\" data-e-type=\"widget\" data-widget_type=\"heading.default\">\n\t\t\t\t<div class=\"elementor-widget-container\">\n\t\t\t\t\t<h3 class=\"elementor-heading-title elementor-size-default\">Les conditions sp\u00e9ciales de l\u2019accord\n<\/h3>\t\t\t\t<\/div>\n\t\t\t\t<\/div>\n\t\t\t\t<div class=\"elementor-element elementor-element-e1894e4 elementor-widget elementor-widget-text-editor\" data-id=\"e1894e4\" data-element_type=\"widget\" data-e-type=\"widget\" data-widget_type=\"text-editor.default\">\n\t\t\t\t<div class=\"elementor-widget-container\">\n\t\t\t\t\t\t\t\t\t<p>L\u2019enregistrement d\u2019une personne dans l\u2019Association AI.SAC.SI.SCO vous permet d\u2019avoir acc\u00e8s \u00e0 des r\u00e9ductions sur les tarifs en vigueur des prestations de l\u2019ICSEB. Pour plus d\u2019informations; vous pouvez contacter l\u2019Association.<\/p><p>Contacter avec AI.SAC.SI.SCO: http:\/\/aisacsisco.eu\/index.php\/contact<br \/>Langues de contact pr\u00e9f\u00e9r\u00e9es : fran\u00e7ais et italien<br \/>Autres : anglais (uniquement par e-mail)<\/p>\t\t\t\t\t\t\t\t<\/div>\n\t\t\t\t<\/div>\n\t\t\t\t<\/div>\n\t\t\t\t\t<\/div>\n\t\t\t\t<\/div>\n\t\t\t\t<\/div>\n\t\t","protected":false},"excerpt":{"rendered":"<p>Association Internationale AI.SAC.SI.SCO ODV Contacter Convention Institut Chiari de Barcelona \u2013 Association Internationale AI.SAC.SI.SCO ODV Qui est AI.SAC.SI.SCO ODV? L\u2019association internationale AI.SAC.SI.SCO Onlus est n\u00e9e en novembre 2009; quand un groupe de patients op\u00e9r\u00e9s par le Dr. Royo Salvador, r\u00e9unis lors d\u2019un \u00e9v\u00e9nement organis\u00e9 par la Fondation Chiari &amp; Scoliosis &amp; Syringomyelia Foundation (CSSf), a [&hellip;]<\/p>\n","protected":false},"author":1,"featured_media":0,"parent":0,"menu_order":14,"comment_status":"closed","ping_status":"closed","template":"","meta":{"footnotes":""},"class_list":["post-144447","page","type-page","status-publish","hentry"],"yoast_head":"<!-- This site is optimized with the Yoast SEO plugin v27.4 - https:\/\/yoast.com\/product\/yoast-seo-wordpress\/ -->\n<title>Convention ICSEB et association AI.SAC.SI.SCO | ICSEB<\/title>\n<meta name=\"description\" content=\"Convention entre l\u2019Institut Chiari de Barcelone et l\u2019association AI.SAC.SI.SCO pour les patients Arnold-Chiari.\" \/>\n<meta name=\"robots\" content=\"index, follow, max-snippet:-1, max-image-preview:large, max-video-preview:-1\" \/>\n<link rel=\"canonical\" href=\"https:\/\/institutchiaribcn.com\/fr\/convention-institut-chiari-barcelona-association-internationale-ai-sac-sco-onlus\/\" \/>\n<meta property=\"og:locale\" content=\"fr_FR\" \/>\n<meta property=\"og:type\" content=\"article\" \/>\n<meta property=\"og:title\" content=\"Convention ICSEB et association AI.SAC.SI.SCO | ICSEB\" \/>\n<meta property=\"og:description\" content=\"Convention entre l\u2019Institut Chiari de Barcelone et l\u2019association AI.SAC.SI.SCO pour les patients Arnold-Chiari.\" \/>\n<meta property=\"og:url\" content=\"https:\/\/institutchiaribcn.com\/fr\/convention-institut-chiari-barcelona-association-internationale-ai-sac-sco-onlus\/\" \/>\n<meta property=\"og:site_name\" content=\"Institut Chiari\" \/>\n<meta property=\"article:modified_time\" content=\"2026-03-09T10:58:16+00:00\" \/>\n<meta property=\"og:image\" content=\"https:\/\/institutchiaribcn.com\/wp-content\/uploads\/2025\/07\/ai-sac-si-sco.jpg\" \/>\n<meta name=\"twitter:card\" content=\"summary_large_image\" \/>\n<meta name=\"twitter:label1\" content=\"Dur\u00e9e de lecture estim\u00e9e\" \/>\n\t<meta name=\"twitter:data1\" content=\"2 minutes\" \/>\n<script type=\"application\/ld+json\" class=\"yoast-schema-graph\">{\"@context\":\"https:\\\/\\\/schema.org\",\"@graph\":[{\"@type\":\"WebPage\",\"@id\":\"https:\\\/\\\/institutchiaribcn.com\\\/fr\\\/convention-institut-chiari-barcelona-association-internationale-ai-sac-sco-onlus\\\/\",\"url\":\"https:\\\/\\\/institutchiaribcn.com\\\/fr\\\/convention-institut-chiari-barcelona-association-internationale-ai-sac-sco-onlus\\\/\",\"name\":\"Convention ICSEB et association AI.SAC.SI.SCO | ICSEB\",\"isPartOf\":{\"@id\":\"https:\\\/\\\/institutchiaribcn.com\\\/fr\\\/#website\"},\"primaryImageOfPage\":{\"@id\":\"https:\\\/\\\/institutchiaribcn.com\\\/fr\\\/convention-institut-chiari-barcelona-association-internationale-ai-sac-sco-onlus\\\/#primaryimage\"},\"image\":{\"@id\":\"https:\\\/\\\/institutchiaribcn.com\\\/fr\\\/convention-institut-chiari-barcelona-association-internationale-ai-sac-sco-onlus\\\/#primaryimage\"},\"thumbnailUrl\":\"https:\\\/\\\/institutchiaribcn.com\\\/wp-content\\\/uploads\\\/2025\\\/07\\\/ai-sac-si-sco.jpg\",\"datePublished\":\"2019-02-10T23:00:29+00:00\",\"dateModified\":\"2026-03-09T10:58:16+00:00\",\"description\":\"Convention entre l\u2019Institut Chiari de Barcelone et l\u2019association AI.SAC.SI.SCO pour les patients Arnold-Chiari.\",\"breadcrumb\":{\"@id\":\"https:\\\/\\\/institutchiaribcn.com\\\/fr\\\/convention-institut-chiari-barcelona-association-internationale-ai-sac-sco-onlus\\\/#breadcrumb\"},\"inLanguage\":\"fr-FR\",\"potentialAction\":[{\"@type\":\"ReadAction\",\"target\":[\"https:\\\/\\\/institutchiaribcn.com\\\/fr\\\/convention-institut-chiari-barcelona-association-internationale-ai-sac-sco-onlus\\\/\"]}]},{\"@type\":\"ImageObject\",\"inLanguage\":\"fr-FR\",\"@id\":\"https:\\\/\\\/institutchiaribcn.com\\\/fr\\\/convention-institut-chiari-barcelona-association-internationale-ai-sac-sco-onlus\\\/#primaryimage\",\"url\":\"https:\\\/\\\/institutchiaribcn.com\\\/wp-content\\\/uploads\\\/2025\\\/07\\\/ai-sac-si-sco.jpg\",\"contentUrl\":\"https:\\\/\\\/institutchiaribcn.com\\\/wp-content\\\/uploads\\\/2025\\\/07\\\/ai-sac-si-sco.jpg\"},{\"@type\":\"BreadcrumbList\",\"@id\":\"https:\\\/\\\/institutchiaribcn.com\\\/fr\\\/convention-institut-chiari-barcelona-association-internationale-ai-sac-sco-onlus\\\/#breadcrumb\",\"itemListElement\":[{\"@type\":\"ListItem\",\"position\":1,\"name\":\"Portada\",\"item\":\"https:\\\/\\\/institutchiaribcn.com\\\/fr\\\/\"},{\"@type\":\"ListItem\",\"position\":2,\"name\":\"Convention Institut Chiari de Barcelona \u2013 Association Internationale AI.SAC.SI.SCO ODV\"}]},{\"@type\":\"WebSite\",\"@id\":\"https:\\\/\\\/institutchiaribcn.com\\\/fr\\\/#website\",\"url\":\"https:\\\/\\\/institutchiaribcn.com\\\/fr\\\/\",\"name\":\"Institut Chiari de Barcelona\",\"description\":\"\",\"publisher\":{\"@id\":\"https:\\\/\\\/institutchiaribcn.com\\\/fr\\\/#organization\"},\"potentialAction\":[{\"@type\":\"SearchAction\",\"target\":{\"@type\":\"EntryPoint\",\"urlTemplate\":\"https:\\\/\\\/institutchiaribcn.com\\\/fr\\\/?s={search_term_string}\"},\"query-input\":{\"@type\":\"PropertyValueSpecification\",\"valueRequired\":true,\"valueName\":\"search_term_string\"}}],\"inLanguage\":\"fr-FR\"},{\"@type\":\"Organization\",\"@id\":\"https:\\\/\\\/institutchiaribcn.com\\\/fr\\\/#organization\",\"name\":\"Institut Chiari de Barcelona\",\"url\":\"https:\\\/\\\/institutchiaribcn.com\\\/fr\\\/\",\"logo\":{\"@type\":\"ImageObject\",\"inLanguage\":\"fr-FR\",\"@id\":\"https:\\\/\\\/institutchiaribcn.com\\\/fr\\\/#\\\/schema\\\/logo\\\/image\\\/\",\"url\":\"https:\\\/\\\/institutchiaribcn.com\\\/wp-content\\\/uploads\\\/2025\\\/10\\\/cropped-cropped-icsebNavLogo-1.png\",\"contentUrl\":\"https:\\\/\\\/institutchiaribcn.com\\\/wp-content\\\/uploads\\\/2025\\\/10\\\/cropped-cropped-icsebNavLogo-1.png\",\"width\":245,\"height\":99,\"caption\":\"Institut Chiari de Barcelona\"},\"image\":{\"@id\":\"https:\\\/\\\/institutchiaribcn.com\\\/fr\\\/#\\\/schema\\\/logo\\\/image\\\/\"}}]}<\/script>\n<!-- \/ Yoast SEO plugin. -->","yoast_head_json":{"title":"Convention ICSEB et association AI.SAC.SI.SCO | ICSEB","description":"Convention entre l\u2019Institut Chiari de Barcelone et l\u2019association AI.SAC.SI.SCO pour les patients Arnold-Chiari.","robots":{"index":"index","follow":"follow","max-snippet":"max-snippet:-1","max-image-preview":"max-image-preview:large","max-video-preview":"max-video-preview:-1"},"canonical":"https:\/\/institutchiaribcn.com\/fr\/convention-institut-chiari-barcelona-association-internationale-ai-sac-sco-onlus\/","og_locale":"fr_FR","og_type":"article","og_title":"Convention ICSEB et association AI.SAC.SI.SCO | ICSEB","og_description":"Convention entre l\u2019Institut Chiari de Barcelone et l\u2019association AI.SAC.SI.SCO pour les patients Arnold-Chiari.","og_url":"https:\/\/institutchiaribcn.com\/fr\/convention-institut-chiari-barcelona-association-internationale-ai-sac-sco-onlus\/","og_site_name":"Institut Chiari","article_modified_time":"2026-03-09T10:58:16+00:00","og_image":[{"url":"https:\/\/institutchiaribcn.com\/wp-content\/uploads\/2025\/07\/ai-sac-si-sco.jpg","type":"","width":"","height":""}],"twitter_card":"summary_large_image","twitter_misc":{"Dur\u00e9e de lecture estim\u00e9e":"2 minutes"},"schema":{"@context":"https:\/\/schema.org","@graph":[{"@type":"WebPage","@id":"https:\/\/institutchiaribcn.com\/fr\/convention-institut-chiari-barcelona-association-internationale-ai-sac-sco-onlus\/","url":"https:\/\/institutchiaribcn.com\/fr\/convention-institut-chiari-barcelona-association-internationale-ai-sac-sco-onlus\/","name":"Convention ICSEB et association AI.SAC.SI.SCO | ICSEB","isPartOf":{"@id":"https:\/\/institutchiaribcn.com\/fr\/#website"},"primaryImageOfPage":{"@id":"https:\/\/institutchiaribcn.com\/fr\/convention-institut-chiari-barcelona-association-internationale-ai-sac-sco-onlus\/#primaryimage"},"image":{"@id":"https:\/\/institutchiaribcn.com\/fr\/convention-institut-chiari-barcelona-association-internationale-ai-sac-sco-onlus\/#primaryimage"},"thumbnailUrl":"https:\/\/institutchiaribcn.com\/wp-content\/uploads\/2025\/07\/ai-sac-si-sco.jpg","datePublished":"2019-02-10T23:00:29+00:00","dateModified":"2026-03-09T10:58:16+00:00","description":"Convention entre l\u2019Institut Chiari de Barcelone et l\u2019association AI.SAC.SI.SCO pour les patients Arnold-Chiari.","breadcrumb":{"@id":"https:\/\/institutchiaribcn.com\/fr\/convention-institut-chiari-barcelona-association-internationale-ai-sac-sco-onlus\/#breadcrumb"},"inLanguage":"fr-FR","potentialAction":[{"@type":"ReadAction","target":["https:\/\/institutchiaribcn.com\/fr\/convention-institut-chiari-barcelona-association-internationale-ai-sac-sco-onlus\/"]}]},{"@type":"ImageObject","inLanguage":"fr-FR","@id":"https:\/\/institutchiaribcn.com\/fr\/convention-institut-chiari-barcelona-association-internationale-ai-sac-sco-onlus\/#primaryimage","url":"https:\/\/institutchiaribcn.com\/wp-content\/uploads\/2025\/07\/ai-sac-si-sco.jpg","contentUrl":"https:\/\/institutchiaribcn.com\/wp-content\/uploads\/2025\/07\/ai-sac-si-sco.jpg"},{"@type":"BreadcrumbList","@id":"https:\/\/institutchiaribcn.com\/fr\/convention-institut-chiari-barcelona-association-internationale-ai-sac-sco-onlus\/#breadcrumb","itemListElement":[{"@type":"ListItem","position":1,"name":"Portada","item":"https:\/\/institutchiaribcn.com\/fr\/"},{"@type":"ListItem","position":2,"name":"Convention Institut Chiari de Barcelona \u2013 Association Internationale AI.SAC.SI.SCO ODV"}]},{"@type":"WebSite","@id":"https:\/\/institutchiaribcn.com\/fr\/#website","url":"https:\/\/institutchiaribcn.com\/fr\/","name":"Institut Chiari de Barcelona","description":"","publisher":{"@id":"https:\/\/institutchiaribcn.com\/fr\/#organization"},"potentialAction":[{"@type":"SearchAction","target":{"@type":"EntryPoint","urlTemplate":"https:\/\/institutchiaribcn.com\/fr\/?s={search_term_string}"},"query-input":{"@type":"PropertyValueSpecification","valueRequired":true,"valueName":"search_term_string"}}],"inLanguage":"fr-FR"},{"@type":"Organization","@id":"https:\/\/institutchiaribcn.com\/fr\/#organization","name":"Institut Chiari de Barcelona","url":"https:\/\/institutchiaribcn.com\/fr\/","logo":{"@type":"ImageObject","inLanguage":"fr-FR","@id":"https:\/\/institutchiaribcn.com\/fr\/#\/schema\/logo\/image\/","url":"https:\/\/institutchiaribcn.com\/wp-content\/uploads\/2025\/10\/cropped-cropped-icsebNavLogo-1.png","contentUrl":"https:\/\/institutchiaribcn.com\/wp-content\/uploads\/2025\/10\/cropped-cropped-icsebNavLogo-1.png","width":245,"height":99,"caption":"Institut Chiari de Barcelona"},"image":{"@id":"https:\/\/institutchiaribcn.com\/fr\/#\/schema\/logo\/image\/"}}]}},"_links":{"self":[{"href":"https:\/\/institutchiaribcn.com\/fr\/wp-json\/wp\/v2\/pages\/144447","targetHints":{"allow":["GET"]}}],"collection":[{"href":"https:\/\/institutchiaribcn.com\/fr\/wp-json\/wp\/v2\/pages"}],"about":[{"href":"https:\/\/institutchiaribcn.com\/fr\/wp-json\/wp\/v2\/types\/page"}],"author":[{"embeddable":true,"href":"https:\/\/institutchiaribcn.com\/fr\/wp-json\/wp\/v2\/users\/1"}],"replies":[{"embeddable":true,"href":"https:\/\/institutchiaribcn.com\/fr\/wp-json\/wp\/v2\/comments?post=144447"}],"version-history":[{"count":5,"href":"https:\/\/institutchiaribcn.com\/fr\/wp-json\/wp\/v2\/pages\/144447\/revisions"}],"predecessor-version":[{"id":147122,"href":"https:\/\/institutchiaribcn.com\/fr\/wp-json\/wp\/v2\/pages\/144447\/revisions\/147122"}],"wp:attachment":[{"href":"https:\/\/institutchiaribcn.com\/fr\/wp-json\/wp\/v2\/media?parent=144447"}],"curies":[{"name":"wp","href":"https:\/\/api.w.org\/{rel}","templated":true}]}}