{"id":130270,"date":"2025-10-31T13:11:00","date_gmt":"2025-10-31T12:11:00","guid":{"rendered":"https:\/\/dev.institutchiaribcn.com\/?page_id=130270"},"modified":"2026-03-26T09:24:32","modified_gmt":"2026-03-26T08:24:32","slug":"autres-instruments","status":"publish","type":"page","link":"https:\/\/institutchiaribcn.com\/fr\/autres-instruments\/","title":{"rendered":"Autres Instruments"},"content":{"rendered":"\t\t<div data-elementor-type=\"wp-page\" data-elementor-id=\"130270\" class=\"elementor elementor-130270 elementor-130164\" data-elementor-post-type=\"page\">\n\t\t\t\t<div class=\"elementor-element elementor-element-ead9dd5 e-flex e-con-boxed e-con e-parent\" data-id=\"ead9dd5\" data-element_type=\"container\" data-e-type=\"container\">\n\t\t\t\t\t<div class=\"e-con-inner\">\n\t\t\t\t<div class=\"elementor-element elementor-element-ffc210c elementor-widget elementor-widget-heading\" data-id=\"ffc210c\" data-element_type=\"widget\" data-e-type=\"widget\" data-widget_type=\"heading.default\">\n\t\t\t\t<div class=\"elementor-widget-container\">\n\t\t\t\t\t<h1 class=\"elementor-heading-title elementor-size-default\">Autres Instruments<\/h1>\t\t\t\t<\/div>\n\t\t\t\t<\/div>\n\t\t\t\t<div class=\"elementor-element elementor-element-1673a00 elementor-widget elementor-widget-text-editor\" data-id=\"1673a00\" data-element_type=\"widget\" data-e-type=\"widget\" data-widget_type=\"text-editor.default\">\n\t\t\t\t<div class=\"elementor-widget-container\">\n\t\t\t\t\t\t\t\t\t<p class=\"text-muted aniview centerTXT\">Published by\u00a0<a title=\"Articles par ICSEB\" href=\"https:\/\/institutchiaribcn.com\/fr\/author\/chiari\/\" rel=\"author\">ICSEB<\/a>\u00a0at 18 juin, 2015<\/p><p><strong>\u2013 D\u00e9claration d\u2019Helsinki de L\u2019AMM \u2013 Principes \u00e9thiques applicables \u00e0 la recherche m\u00e9dicale impliquant des \u00eatres humains. 64e Assembl\u00e9e g\u00e9n\u00e9rale de l\u2019AMM, Fortaleza, Br\u00e9sil, Octobre 2013.<\/strong><\/p><p><a href=\"https:\/\/www.wma.net\/fr\/30publications\/10policies\/b3\/\" target=\"_blank\" rel=\"noopener\">https:\/\/www.wma.net\/fr\/30publications\/10policies\/b3\/<\/a><\/p>\t\t\t\t\t\t\t\t<\/div>\n\t\t\t\t<\/div>\n\t\t\t\t\t<\/div>\n\t\t\t\t<\/div>\n\t\t\t\t<\/div>\n\t\t","protected":false},"excerpt":{"rendered":"<p>Autres Instruments Published by\u00a0ICSEB\u00a0at 18 juin, 2015 \u2013 D\u00e9claration d\u2019Helsinki de L\u2019AMM \u2013 Principes \u00e9thiques applicables \u00e0 la recherche m\u00e9dicale impliquant des \u00eatres humains. 64e Assembl\u00e9e g\u00e9n\u00e9rale de l\u2019AMM, Fortaleza, Br\u00e9sil, Octobre 2013. https:\/\/www.wma.net\/fr\/30publications\/10policies\/b3\/<\/p>\n","protected":false},"author":1,"featured_media":0,"parent":0,"menu_order":0,"comment_status":"closed","ping_status":"closed","template":"","meta":{"footnotes":""},"class_list":["post-130270","page","type-page","status-publish","hentry"],"yoast_head":"<!-- This site is optimized with the Yoast SEO plugin v27.1.1 - https:\/\/yoast.com\/product\/yoast-seo-wordpress\/ -->\n<title>Autres instruments juridiques et l\u00e9gislation ICSEB | ICSEB<\/title>\n<meta name=\"description\" content=\"Autres instruments diagnostiques et th\u00e9rapeutiques utilis\u00e9s pour l\u2019\u00e9tude et le traitement de la Maladie du Filum.\" \/>\n<meta name=\"robots\" content=\"index, follow, max-snippet:-1, max-image-preview:large, max-video-preview:-1\" \/>\n<link rel=\"canonical\" href=\"https:\/\/institutchiaribcn.com\/fr\/autres-instruments\/\" \/>\n<meta property=\"og:locale\" content=\"fr_FR\" \/>\n<meta property=\"og:type\" content=\"article\" \/>\n<meta property=\"og:title\" content=\"Autres instruments juridiques et l\u00e9gislation ICSEB | ICSEB\" \/>\n<meta property=\"og:description\" content=\"Autres instruments diagnostiques et th\u00e9rapeutiques utilis\u00e9s pour l\u2019\u00e9tude et le traitement de la Maladie du Filum.\" \/>\n<meta property=\"og:url\" content=\"https:\/\/institutchiaribcn.com\/fr\/autres-instruments\/\" \/>\n<meta property=\"og:site_name\" content=\"Institut Chiari\" \/>\n<meta property=\"article:modified_time\" content=\"2026-03-26T08:24:32+00:00\" \/>\n<meta name=\"twitter:card\" content=\"summary_large_image\" \/>\n<meta name=\"twitter:label1\" content=\"Dur\u00e9e de lecture estim\u00e9e\" \/>\n\t<meta name=\"twitter:data1\" content=\"1 minute\" \/>\n<script type=\"application\/ld+json\" class=\"yoast-schema-graph\">{\"@context\":\"https:\/\/schema.org\",\"@graph\":[{\"@type\":\"WebPage\",\"@id\":\"https:\/\/institutchiaribcn.com\/fr\/autres-instruments\/\",\"url\":\"https:\/\/institutchiaribcn.com\/fr\/autres-instruments\/\",\"name\":\"Autres instruments juridiques et l\u00e9gislation ICSEB | ICSEB\",\"isPartOf\":{\"@id\":\"https:\/\/institutchiaribcn.com\/fr\/#website\"},\"datePublished\":\"2025-10-31T12:11:00+00:00\",\"dateModified\":\"2026-03-26T08:24:32+00:00\",\"description\":\"Autres instruments diagnostiques et th\u00e9rapeutiques utilis\u00e9s pour l\u2019\u00e9tude et le traitement de la Maladie du Filum.\",\"breadcrumb\":{\"@id\":\"https:\/\/institutchiaribcn.com\/fr\/autres-instruments\/#breadcrumb\"},\"inLanguage\":\"fr-FR\",\"potentialAction\":[{\"@type\":\"ReadAction\",\"target\":[\"https:\/\/institutchiaribcn.com\/fr\/autres-instruments\/\"]}]},{\"@type\":\"BreadcrumbList\",\"@id\":\"https:\/\/institutchiaribcn.com\/fr\/autres-instruments\/#breadcrumb\",\"itemListElement\":[{\"@type\":\"ListItem\",\"position\":1,\"name\":\"Portada\",\"item\":\"https:\/\/institutchiaribcn.com\/fr\/\"},{\"@type\":\"ListItem\",\"position\":2,\"name\":\"Autres Instruments\"}]},{\"@type\":\"WebSite\",\"@id\":\"https:\/\/institutchiaribcn.com\/fr\/#website\",\"url\":\"https:\/\/institutchiaribcn.com\/fr\/\",\"name\":\"Institut Chiari de Barcelona\",\"description\":\"\",\"publisher\":{\"@id\":\"https:\/\/institutchiaribcn.com\/fr\/#organization\"},\"potentialAction\":[{\"@type\":\"SearchAction\",\"target\":{\"@type\":\"EntryPoint\",\"urlTemplate\":\"https:\/\/institutchiaribcn.com\/fr\/?s={search_term_string}\"},\"query-input\":{\"@type\":\"PropertyValueSpecification\",\"valueRequired\":true,\"valueName\":\"search_term_string\"}}],\"inLanguage\":\"fr-FR\"},{\"@type\":\"Organization\",\"@id\":\"https:\/\/institutchiaribcn.com\/fr\/#organization\",\"name\":\"Institut Chiari de Barcelona\",\"url\":\"https:\/\/institutchiaribcn.com\/fr\/\",\"logo\":{\"@type\":\"ImageObject\",\"inLanguage\":\"fr-FR\",\"@id\":\"https:\/\/institutchiaribcn.com\/fr\/#\/schema\/logo\/image\/\",\"url\":\"https:\/\/institutchiaribcn.com\/wp-content\/uploads\/2025\/10\/cropped-cropped-icsebNavLogo-1.png\",\"contentUrl\":\"https:\/\/institutchiaribcn.com\/wp-content\/uploads\/2025\/10\/cropped-cropped-icsebNavLogo-1.png\",\"width\":245,\"height\":99,\"caption\":\"Institut Chiari de Barcelona\"},\"image\":{\"@id\":\"https:\/\/institutchiaribcn.com\/fr\/#\/schema\/logo\/image\/\"}}]}<\/script>\n<!-- \/ Yoast SEO plugin. -->","yoast_head_json":{"title":"Autres instruments juridiques et l\u00e9gislation ICSEB | ICSEB","description":"Autres instruments diagnostiques et th\u00e9rapeutiques utilis\u00e9s pour l\u2019\u00e9tude et le traitement de la Maladie du Filum.","robots":{"index":"index","follow":"follow","max-snippet":"max-snippet:-1","max-image-preview":"max-image-preview:large","max-video-preview":"max-video-preview:-1"},"canonical":"https:\/\/institutchiaribcn.com\/fr\/autres-instruments\/","og_locale":"fr_FR","og_type":"article","og_title":"Autres instruments juridiques et l\u00e9gislation ICSEB | ICSEB","og_description":"Autres instruments diagnostiques et th\u00e9rapeutiques utilis\u00e9s pour l\u2019\u00e9tude et le traitement de la Maladie du Filum.","og_url":"https:\/\/institutchiaribcn.com\/fr\/autres-instruments\/","og_site_name":"Institut Chiari","article_modified_time":"2026-03-26T08:24:32+00:00","twitter_card":"summary_large_image","twitter_misc":{"Dur\u00e9e de lecture estim\u00e9e":"1 minute"},"schema":{"@context":"https:\/\/schema.org","@graph":[{"@type":"WebPage","@id":"https:\/\/institutchiaribcn.com\/fr\/autres-instruments\/","url":"https:\/\/institutchiaribcn.com\/fr\/autres-instruments\/","name":"Autres instruments juridiques et l\u00e9gislation ICSEB | ICSEB","isPartOf":{"@id":"https:\/\/institutchiaribcn.com\/fr\/#website"},"datePublished":"2025-10-31T12:11:00+00:00","dateModified":"2026-03-26T08:24:32+00:00","description":"Autres instruments diagnostiques et th\u00e9rapeutiques utilis\u00e9s pour l\u2019\u00e9tude et le traitement de la Maladie du Filum.","breadcrumb":{"@id":"https:\/\/institutchiaribcn.com\/fr\/autres-instruments\/#breadcrumb"},"inLanguage":"fr-FR","potentialAction":[{"@type":"ReadAction","target":["https:\/\/institutchiaribcn.com\/fr\/autres-instruments\/"]}]},{"@type":"BreadcrumbList","@id":"https:\/\/institutchiaribcn.com\/fr\/autres-instruments\/#breadcrumb","itemListElement":[{"@type":"ListItem","position":1,"name":"Portada","item":"https:\/\/institutchiaribcn.com\/fr\/"},{"@type":"ListItem","position":2,"name":"Autres Instruments"}]},{"@type":"WebSite","@id":"https:\/\/institutchiaribcn.com\/fr\/#website","url":"https:\/\/institutchiaribcn.com\/fr\/","name":"Institut Chiari de Barcelona","description":"","publisher":{"@id":"https:\/\/institutchiaribcn.com\/fr\/#organization"},"potentialAction":[{"@type":"SearchAction","target":{"@type":"EntryPoint","urlTemplate":"https:\/\/institutchiaribcn.com\/fr\/?s={search_term_string}"},"query-input":{"@type":"PropertyValueSpecification","valueRequired":true,"valueName":"search_term_string"}}],"inLanguage":"fr-FR"},{"@type":"Organization","@id":"https:\/\/institutchiaribcn.com\/fr\/#organization","name":"Institut Chiari de Barcelona","url":"https:\/\/institutchiaribcn.com\/fr\/","logo":{"@type":"ImageObject","inLanguage":"fr-FR","@id":"https:\/\/institutchiaribcn.com\/fr\/#\/schema\/logo\/image\/","url":"https:\/\/institutchiaribcn.com\/wp-content\/uploads\/2025\/10\/cropped-cropped-icsebNavLogo-1.png","contentUrl":"https:\/\/institutchiaribcn.com\/wp-content\/uploads\/2025\/10\/cropped-cropped-icsebNavLogo-1.png","width":245,"height":99,"caption":"Institut Chiari de Barcelona"},"image":{"@id":"https:\/\/institutchiaribcn.com\/fr\/#\/schema\/logo\/image\/"}}]}},"_links":{"self":[{"href":"https:\/\/institutchiaribcn.com\/fr\/wp-json\/wp\/v2\/pages\/130270","targetHints":{"allow":["GET"]}}],"collection":[{"href":"https:\/\/institutchiaribcn.com\/fr\/wp-json\/wp\/v2\/pages"}],"about":[{"href":"https:\/\/institutchiaribcn.com\/fr\/wp-json\/wp\/v2\/types\/page"}],"author":[{"embeddable":true,"href":"https:\/\/institutchiaribcn.com\/fr\/wp-json\/wp\/v2\/users\/1"}],"replies":[{"embeddable":true,"href":"https:\/\/institutchiaribcn.com\/fr\/wp-json\/wp\/v2\/comments?post=130270"}],"version-history":[{"count":2,"href":"https:\/\/institutchiaribcn.com\/fr\/wp-json\/wp\/v2\/pages\/130270\/revisions"}],"predecessor-version":[{"id":147057,"href":"https:\/\/institutchiaribcn.com\/fr\/wp-json\/wp\/v2\/pages\/130270\/revisions\/147057"}],"wp:attachment":[{"href":"https:\/\/institutchiaribcn.com\/fr\/wp-json\/wp\/v2\/media?parent=130270"}],"curies":[{"name":"wp","href":"https:\/\/api.w.org\/{rel}","templated":true}]}}