{"id":115869,"date":"2025-10-10T21:42:25","date_gmt":"2025-10-10T19:42:25","guid":{"rendered":"https:\/\/dev.institutchiaribcn.com\/videos-testimonios\/"},"modified":"2026-02-23T10:58:37","modified_gmt":"2026-02-23T09:58:37","slug":"videos-temoignages","status":"publish","type":"page","link":"https:\/\/institutchiaribcn.com\/fr\/videos-temoignages\/","title":{"rendered":"Vid\u00e9os T\u00e9moignages"},"content":{"rendered":"\t\t<div data-elementor-type=\"wp-page\" data-elementor-id=\"115869\" class=\"elementor elementor-115869 elementor-115431\" data-elementor-post-type=\"page\">\n\t\t\t\t<div class=\"elementor-element elementor-element-5fa0348 e-flex e-con-boxed e-con e-parent\" data-id=\"5fa0348\" data-element_type=\"container\" data-e-type=\"container\" data-settings=\"{&quot;background_background&quot;:&quot;classic&quot;}\">\n\t\t\t\t\t<div class=\"e-con-inner\">\n\t\t<div class=\"elementor-element elementor-element-9d02435 e-con-full e-flex e-con e-child\" data-id=\"9d02435\" data-element_type=\"container\" data-e-type=\"container\">\n\t\t\t\t<div class=\"elementor-element elementor-element-f9e7267 elementor-widget elementor-widget-heading\" data-id=\"f9e7267\" data-element_type=\"widget\" data-e-type=\"widget\" data-widget_type=\"heading.default\">\n\t\t\t\t<div class=\"elementor-widget-container\">\n\t\t\t\t\t<h1 class=\"elementor-heading-title elementor-size-default\">Vid\u00e9os T\u00e9moignages\n<\/h1>\t\t\t\t<\/div>\n\t\t\t\t<\/div>\n\t\t\t\t<div class=\"elementor-element elementor-element-51bd986 elementor-widget elementor-widget-heading\" data-id=\"51bd986\" data-element_type=\"widget\" data-e-type=\"widget\" data-widget_type=\"heading.default\">\n\t\t\t\t<div class=\"elementor-widget-container\">\n\t\t\t\t\t<h2 class=\"elementor-heading-title elementor-size-default\">Institut Chiari &amp; Siringomielia &amp; Escoliosis de Barcelona<\/h2>\t\t\t\t<\/div>\n\t\t\t\t<\/div>\n\t\t\t\t<\/div>\n\t\t\t\t\t<\/div>\n\t\t\t\t<\/div>\n\t\t<div class=\"elementor-element elementor-element-58d228f e-flex e-con-boxed e-con e-parent\" data-id=\"58d228f\" data-element_type=\"container\" data-e-type=\"container\">\n\t\t\t\t\t<div class=\"e-con-inner\">\n\t\t\t\t<div class=\"elementor-element elementor-element-ed6fb5e elementor-widget elementor-widget-text-editor\" data-id=\"ed6fb5e\" data-element_type=\"widget\" data-e-type=\"widget\" data-widget_type=\"text-editor.default\">\n\t\t\t\t<div class=\"elementor-widget-container\">\n\t\t\t\t\t\t\t\t\t<p>Depuis octobre 1993 jusqu\u2019\u00e0 l\u2019actualit\u00e9, plus de 2100 patients atteints du Syndrome de traction m\u00e9dullaire et\/ou Maladie du Filum avec Arnold Chiari I, Syringomy\u00e9lie et Scoliose en diff\u00e9rentes combinaisons de diagnostic parmi elles, ont \u00e9t\u00e9 pris en charge et op\u00e9r\u00e9s selon les protocoles du\u00a0<strong>FILUM-SYSTEM<sup>\u00ae<\/sup><\/strong>.<\/p><p>La majorit\u00e9 des cas ont obtenues des \u00e9volutions favorables, avec un taux \u00e9lev\u00e9 de satisfaction des patients.<\/p><p>Depuis quelques ann\u00e9es, les patients en phase de suivi postop\u00e9ratoire sont invit\u00e9s \u00e0 faire un reportage sur une vid\u00e9o t\u00e9moignage concernant leurs ant\u00e9c\u00e9dents m\u00e9dicaux. Nous vous remercions beaucoup pour votre implication franche et d\u00e9sint\u00e9ress\u00e9e dans l\u2019expression de vos opinions concernant nos traitements exclusifs.<\/p><p><strong>NOTE:\u00a0<\/strong><i>Les opinions exprim\u00e9es dans les t\u00e9moignages ici publi\u00e9s sont d\u00b4exclusive responsabilit\u00e9 des auteurs et ne refl\u00e8tent, de toute n\u00e9cessit\u00e9, les points de vu de l\u00b4Institut Chiari &amp; Siringomielia &amp; Escoliosis de Barcelona.<\/i><\/p>\t\t\t\t\t\t\t\t<\/div>\n\t\t\t\t<\/div>\n\t\t\t\t\t<\/div>\n\t\t\t\t<\/div>\n\t\t\t\t<\/div>\n\t\t","protected":false},"excerpt":{"rendered":"<p>Vid\u00e9os T\u00e9moignages Institut Chiari &amp; Siringomielia &amp; Escoliosis de Barcelona Depuis octobre 1993 jusqu\u2019\u00e0 l\u2019actualit\u00e9, plus de 2100 patients atteints du Syndrome de traction m\u00e9dullaire et\/ou Maladie du Filum avec Arnold Chiari I, Syringomy\u00e9lie et Scoliose en diff\u00e9rentes combinaisons de diagnostic parmi elles, ont \u00e9t\u00e9 pris en charge et op\u00e9r\u00e9s selon les protocoles du\u00a0FILUM-SYSTEM\u00ae. La [&hellip;]<\/p>\n","protected":false},"author":1,"featured_media":0,"parent":0,"menu_order":0,"comment_status":"closed","ping_status":"closed","template":"","meta":{"footnotes":""},"class_list":["post-115869","page","type-page","status-publish","hentry"],"yoast_head":"<!-- This site is optimized with the Yoast SEO plugin v27.1.1 - https:\/\/yoast.com\/product\/yoast-seo-wordpress\/ -->\n<title>Vid\u00e9os t\u00e9moignages de patients | ICSEB<\/title>\n<meta name=\"description\" content=\"Vid\u00e9os de patients partageant leur exp\u00e9rience du traitement avec le Filum System\u00ae pour Chiari, syringomy\u00e9lie et scoliose \u00e0 l\u2019ICSEB.\" \/>\n<meta name=\"robots\" content=\"index, follow, max-snippet:-1, max-image-preview:large, max-video-preview:-1\" \/>\n<link rel=\"canonical\" href=\"https:\/\/institutchiaribcn.com\/fr\/videos-temoignages\/\" \/>\n<meta property=\"og:locale\" content=\"fr_FR\" \/>\n<meta property=\"og:type\" content=\"article\" \/>\n<meta property=\"og:title\" content=\"Vid\u00e9os t\u00e9moignages de patients | ICSEB\" \/>\n<meta property=\"og:description\" content=\"Vid\u00e9os de patients partageant leur exp\u00e9rience du traitement avec le Filum System\u00ae pour Chiari, syringomy\u00e9lie et scoliose \u00e0 l\u2019ICSEB.\" \/>\n<meta property=\"og:url\" content=\"https:\/\/institutchiaribcn.com\/fr\/videos-temoignages\/\" \/>\n<meta property=\"og:site_name\" content=\"Institut Chiari\" \/>\n<meta property=\"article:modified_time\" content=\"2026-02-23T09:58:37+00:00\" \/>\n<meta name=\"twitter:card\" content=\"summary_large_image\" \/>\n<meta name=\"twitter:label1\" content=\"Dur\u00e9e de lecture estim\u00e9e\" \/>\n\t<meta name=\"twitter:data1\" content=\"1 minute\" \/>\n<script type=\"application\/ld+json\" class=\"yoast-schema-graph\">{\"@context\":\"https:\/\/schema.org\",\"@graph\":[{\"@type\":\"WebPage\",\"@id\":\"https:\/\/institutchiaribcn.com\/fr\/videos-temoignages\/\",\"url\":\"https:\/\/institutchiaribcn.com\/fr\/videos-temoignages\/\",\"name\":\"Vid\u00e9os t\u00e9moignages de patients | ICSEB\",\"isPartOf\":{\"@id\":\"https:\/\/institutchiaribcn.com\/fr\/#website\"},\"datePublished\":\"2025-10-10T19:42:25+00:00\",\"dateModified\":\"2026-02-23T09:58:37+00:00\",\"description\":\"Vid\u00e9os de patients partageant leur exp\u00e9rience du traitement avec le Filum System\u00ae pour Chiari, syringomy\u00e9lie et scoliose \u00e0 l\u2019ICSEB.\",\"breadcrumb\":{\"@id\":\"https:\/\/institutchiaribcn.com\/fr\/videos-temoignages\/#breadcrumb\"},\"inLanguage\":\"fr-FR\",\"potentialAction\":[{\"@type\":\"ReadAction\",\"target\":[\"https:\/\/institutchiaribcn.com\/fr\/videos-temoignages\/\"]}]},{\"@type\":\"BreadcrumbList\",\"@id\":\"https:\/\/institutchiaribcn.com\/fr\/videos-temoignages\/#breadcrumb\",\"itemListElement\":[{\"@type\":\"ListItem\",\"position\":1,\"name\":\"Portada\",\"item\":\"https:\/\/institutchiaribcn.com\/fr\/\"},{\"@type\":\"ListItem\",\"position\":2,\"name\":\"Vid\u00e9os T\u00e9moignages\"}]},{\"@type\":\"WebSite\",\"@id\":\"https:\/\/institutchiaribcn.com\/fr\/#website\",\"url\":\"https:\/\/institutchiaribcn.com\/fr\/\",\"name\":\"Institut Chiari de Barcelona\",\"description\":\"\",\"publisher\":{\"@id\":\"https:\/\/institutchiaribcn.com\/fr\/#organization\"},\"potentialAction\":[{\"@type\":\"SearchAction\",\"target\":{\"@type\":\"EntryPoint\",\"urlTemplate\":\"https:\/\/institutchiaribcn.com\/fr\/?s={search_term_string}\"},\"query-input\":{\"@type\":\"PropertyValueSpecification\",\"valueRequired\":true,\"valueName\":\"search_term_string\"}}],\"inLanguage\":\"fr-FR\"},{\"@type\":\"Organization\",\"@id\":\"https:\/\/institutchiaribcn.com\/fr\/#organization\",\"name\":\"Institut Chiari de Barcelona\",\"url\":\"https:\/\/institutchiaribcn.com\/fr\/\",\"logo\":{\"@type\":\"ImageObject\",\"inLanguage\":\"fr-FR\",\"@id\":\"https:\/\/institutchiaribcn.com\/fr\/#\/schema\/logo\/image\/\",\"url\":\"https:\/\/institutchiaribcn.com\/wp-content\/uploads\/2025\/10\/cropped-cropped-icsebNavLogo-1.png\",\"contentUrl\":\"https:\/\/institutchiaribcn.com\/wp-content\/uploads\/2025\/10\/cropped-cropped-icsebNavLogo-1.png\",\"width\":245,\"height\":99,\"caption\":\"Institut Chiari de Barcelona\"},\"image\":{\"@id\":\"https:\/\/institutchiaribcn.com\/fr\/#\/schema\/logo\/image\/\"}}]}<\/script>\n<!-- \/ Yoast SEO plugin. -->","yoast_head_json":{"title":"Vid\u00e9os t\u00e9moignages de patients | ICSEB","description":"Vid\u00e9os de patients partageant leur exp\u00e9rience du traitement avec le Filum System\u00ae pour Chiari, syringomy\u00e9lie et scoliose \u00e0 l\u2019ICSEB.","robots":{"index":"index","follow":"follow","max-snippet":"max-snippet:-1","max-image-preview":"max-image-preview:large","max-video-preview":"max-video-preview:-1"},"canonical":"https:\/\/institutchiaribcn.com\/fr\/videos-temoignages\/","og_locale":"fr_FR","og_type":"article","og_title":"Vid\u00e9os t\u00e9moignages de patients | ICSEB","og_description":"Vid\u00e9os de patients partageant leur exp\u00e9rience du traitement avec le Filum System\u00ae pour Chiari, syringomy\u00e9lie et scoliose \u00e0 l\u2019ICSEB.","og_url":"https:\/\/institutchiaribcn.com\/fr\/videos-temoignages\/","og_site_name":"Institut Chiari","article_modified_time":"2026-02-23T09:58:37+00:00","twitter_card":"summary_large_image","twitter_misc":{"Dur\u00e9e de lecture estim\u00e9e":"1 minute"},"schema":{"@context":"https:\/\/schema.org","@graph":[{"@type":"WebPage","@id":"https:\/\/institutchiaribcn.com\/fr\/videos-temoignages\/","url":"https:\/\/institutchiaribcn.com\/fr\/videos-temoignages\/","name":"Vid\u00e9os t\u00e9moignages de patients | ICSEB","isPartOf":{"@id":"https:\/\/institutchiaribcn.com\/fr\/#website"},"datePublished":"2025-10-10T19:42:25+00:00","dateModified":"2026-02-23T09:58:37+00:00","description":"Vid\u00e9os de patients partageant leur exp\u00e9rience du traitement avec le Filum System\u00ae pour Chiari, syringomy\u00e9lie et scoliose \u00e0 l\u2019ICSEB.","breadcrumb":{"@id":"https:\/\/institutchiaribcn.com\/fr\/videos-temoignages\/#breadcrumb"},"inLanguage":"fr-FR","potentialAction":[{"@type":"ReadAction","target":["https:\/\/institutchiaribcn.com\/fr\/videos-temoignages\/"]}]},{"@type":"BreadcrumbList","@id":"https:\/\/institutchiaribcn.com\/fr\/videos-temoignages\/#breadcrumb","itemListElement":[{"@type":"ListItem","position":1,"name":"Portada","item":"https:\/\/institutchiaribcn.com\/fr\/"},{"@type":"ListItem","position":2,"name":"Vid\u00e9os T\u00e9moignages"}]},{"@type":"WebSite","@id":"https:\/\/institutchiaribcn.com\/fr\/#website","url":"https:\/\/institutchiaribcn.com\/fr\/","name":"Institut Chiari de Barcelona","description":"","publisher":{"@id":"https:\/\/institutchiaribcn.com\/fr\/#organization"},"potentialAction":[{"@type":"SearchAction","target":{"@type":"EntryPoint","urlTemplate":"https:\/\/institutchiaribcn.com\/fr\/?s={search_term_string}"},"query-input":{"@type":"PropertyValueSpecification","valueRequired":true,"valueName":"search_term_string"}}],"inLanguage":"fr-FR"},{"@type":"Organization","@id":"https:\/\/institutchiaribcn.com\/fr\/#organization","name":"Institut Chiari de Barcelona","url":"https:\/\/institutchiaribcn.com\/fr\/","logo":{"@type":"ImageObject","inLanguage":"fr-FR","@id":"https:\/\/institutchiaribcn.com\/fr\/#\/schema\/logo\/image\/","url":"https:\/\/institutchiaribcn.com\/wp-content\/uploads\/2025\/10\/cropped-cropped-icsebNavLogo-1.png","contentUrl":"https:\/\/institutchiaribcn.com\/wp-content\/uploads\/2025\/10\/cropped-cropped-icsebNavLogo-1.png","width":245,"height":99,"caption":"Institut Chiari de Barcelona"},"image":{"@id":"https:\/\/institutchiaribcn.com\/fr\/#\/schema\/logo\/image\/"}}]}},"_links":{"self":[{"href":"https:\/\/institutchiaribcn.com\/fr\/wp-json\/wp\/v2\/pages\/115869","targetHints":{"allow":["GET"]}}],"collection":[{"href":"https:\/\/institutchiaribcn.com\/fr\/wp-json\/wp\/v2\/pages"}],"about":[{"href":"https:\/\/institutchiaribcn.com\/fr\/wp-json\/wp\/v2\/types\/page"}],"author":[{"embeddable":true,"href":"https:\/\/institutchiaribcn.com\/fr\/wp-json\/wp\/v2\/users\/1"}],"replies":[{"embeddable":true,"href":"https:\/\/institutchiaribcn.com\/fr\/wp-json\/wp\/v2\/comments?post=115869"}],"version-history":[{"count":2,"href":"https:\/\/institutchiaribcn.com\/fr\/wp-json\/wp\/v2\/pages\/115869\/revisions"}],"predecessor-version":[{"id":145820,"href":"https:\/\/institutchiaribcn.com\/fr\/wp-json\/wp\/v2\/pages\/115869\/revisions\/145820"}],"wp:attachment":[{"href":"https:\/\/institutchiaribcn.com\/fr\/wp-json\/wp\/v2\/media?parent=115869"}],"curies":[{"name":"wp","href":"https:\/\/api.w.org\/{rel}","templated":true}]}}