{"id":115862,"date":"2025-10-10T21:38:21","date_gmt":"2025-10-10T19:38:21","guid":{"rendered":"https:\/\/dev.institutchiaribcn.com\/icseb-testimonios-de-familiares\/"},"modified":"2026-02-10T10:44:25","modified_gmt":"2026-02-10T09:44:25","slug":"temoignages-familles","status":"publish","type":"page","link":"https:\/\/institutchiaribcn.com\/fr\/temoignages-familles\/","title":{"rendered":"T\u00e9moignages familles"},"content":{"rendered":"\t\t<div data-elementor-type=\"wp-page\" data-elementor-id=\"115862\" class=\"elementor elementor-115862 elementor-115425\" data-elementor-post-type=\"page\">\n\t\t\t\t<div class=\"elementor-element elementor-element-fec4afd e-flex e-con-boxed e-con e-parent\" data-id=\"fec4afd\" data-element_type=\"container\" data-e-type=\"container\" data-settings=\"{&quot;background_background&quot;:&quot;classic&quot;}\">\n\t\t\t\t\t<div class=\"e-con-inner\">\n\t\t<div class=\"elementor-element elementor-element-21225b9 e-con-full e-flex e-con e-child\" data-id=\"21225b9\" data-element_type=\"container\" data-e-type=\"container\">\n\t\t\t\t<div class=\"elementor-element elementor-element-449b353 elementor-widget elementor-widget-heading\" data-id=\"449b353\" data-element_type=\"widget\" data-e-type=\"widget\" data-widget_type=\"heading.default\">\n\t\t\t\t<div class=\"elementor-widget-container\">\n\t\t\t\t\t<h1 class=\"elementor-heading-title elementor-size-default\">T\u00e9moignages familles\n<\/h1>\t\t\t\t<\/div>\n\t\t\t\t<\/div>\n\t\t\t\t<div class=\"elementor-element elementor-element-b10107a elementor-widget elementor-widget-heading\" data-id=\"b10107a\" data-element_type=\"widget\" data-e-type=\"widget\" data-widget_type=\"heading.default\">\n\t\t\t\t<div class=\"elementor-widget-container\">\n\t\t\t\t\t<h2 class=\"elementor-heading-title elementor-size-default\">Institut Chiari &amp; Siringomielia &amp; Escoliosis de Barcelona<\/h2>\t\t\t\t<\/div>\n\t\t\t\t<\/div>\n\t\t\t\t<\/div>\n\t\t\t\t\t<\/div>\n\t\t\t\t<\/div>\n\t\t<div class=\"elementor-element elementor-element-7c31aa0 e-flex e-con-boxed e-con e-parent\" data-id=\"7c31aa0\" data-element_type=\"container\" data-e-type=\"container\">\n\t\t\t\t\t<div class=\"e-con-inner\">\n\t\t\t\t<div class=\"elementor-element elementor-element-f88afa7 elementor-widget elementor-widget-text-editor\" data-id=\"f88afa7\" data-element_type=\"widget\" data-e-type=\"widget\" data-widget_type=\"text-editor.default\">\n\t\t\t\t<div class=\"elementor-widget-container\">\n\t\t\t\t\t\t\t\t\t<p>Depuis octobre 1993 jusqu\u2019\u00e0 juillet 2017 plus de 1000 patients atteints de Syndrome Neuro-Cr\u00e2nio-Vert\u00e9bral et\/ou Maladie du Filum avec Arnold Chiari I, Syringomy\u00e9lie et Scoliose en diff\u00e9rentes combinaisons de diagnostiques entre elles, ont \u00e9t\u00e9 pris en charge et se sont fait op\u00e9rer selon les protocoles du\u00a0<strong>FILUM-SYSTEM<sup>\u00ae<\/sup><\/strong>. Dans la plupart des cas nous avons obtenu des \u00e9volutions favorables des patients, avec un indice de satisfaction \u00e9lev\u00e9.<\/p><p>Jusqu\u2019\u00e0 pr\u00e9sent, ils n\u2019existent pas des \u00e9tudes publi\u00e9es au sujet de la Maladie du Filum en rapport avec l\u2019h\u00e9ritage g\u00e9n\u00e9tique. Cependant, concernant les pathologies d\u00e9j\u00e0 mentionn\u00e9es qui la composent et des \u00e9tudes propres en voie de publication sur notre exp\u00e9rience clinique, nous savons qu\u2019il existe un clair composant h\u00e9r\u00e9ditaire. Si nous ajoutons l\u2019extr\u00eame fr\u00e9quence de la maladie, le 20% de la population mondiale, il est entendu que dans beaucoup de familles il y a plus d\u2019un touch\u00e9.<\/p><p>Dans l\u2019ICSEB nous recommandons aux familles des patients diagnostiqu\u00e9s, quelques conseils pour d\u00e9tecter de fa\u00e7on pr\u00e9coce la Maladie du Filum et de telle sorte \u00e0 pouvoir appliquer le plus t\u00f4t possible le\u00a0<strong>FILUM-SYSTEM<sup>\u00ae<\/sup><\/strong>\u00a0aussi dans leur cas.<\/p><p>Dans ce paragraphe de t\u00e9moignages de familles, les patients op\u00e9r\u00e9s ont donn\u00e9 sa disponibilit\u00e9 pour raconter l\u2019ensemble des ses exp\u00e9riences, et de mani\u00e8re \u00e0 offrir un exemple de comment la maladie peut affecter \u00e0 plusieurs membres de la m\u00eame famille. Dans ce paragraphe de t\u00e9moignages de familles, les patients op\u00e9r\u00e9s ont donn\u00e9 sa disponibilit\u00e9 pour raconter l\u2019ensemble des ses exp\u00e9riences, et de mani\u00e8re \u00e0 offrir un exemple de comment la maladie peut affecter \u00e0 plusieurs membres de la m\u00eame famille. Nous vous remercions beaucoup pour votre franche et d\u00e9sint\u00e9ress\u00e9e implication pour avoir exprim\u00e9 vos points de vue au sujet de notre traitement exclusif.<\/p><p>\u00a0<\/p><p><strong>NOTA:\u00a0<\/strong><i>Les points de vue exprim\u00e9s dans les t\u00e9moignages ici publi\u00e9s sont responsabilit\u00e9 exclusive des auteurs et ne refl\u00e8tent pas forc\u00e9ment les points de vue de l\u2019Institut Chiari &amp; Siringomielia &amp; Escoliosis de Barcelona.<\/i><\/p>\t\t\t\t\t\t\t\t<\/div>\n\t\t\t\t<\/div>\n\t\t\t\t\t<\/div>\n\t\t\t\t<\/div>\n\t\t\t\t<\/div>\n\t\t","protected":false},"excerpt":{"rendered":"<p>T\u00e9moignages familles Institut Chiari &amp; Siringomielia &amp; Escoliosis de Barcelona Depuis octobre 1993 jusqu\u2019\u00e0 juillet 2017 plus de 1000 patients atteints de Syndrome Neuro-Cr\u00e2nio-Vert\u00e9bral et\/ou Maladie du Filum avec Arnold Chiari I, Syringomy\u00e9lie et Scoliose en diff\u00e9rentes combinaisons de diagnostiques entre elles, ont \u00e9t\u00e9 pris en charge et se sont fait op\u00e9rer selon les protocoles [&hellip;]<\/p>\n","protected":false},"author":1,"featured_media":0,"parent":0,"menu_order":0,"comment_status":"closed","ping_status":"closed","template":"","meta":{"footnotes":""},"class_list":["post-115862","page","type-page","status-publish","hentry"],"yoast_head":"<!-- This site is optimized with the Yoast SEO plugin v27.4 - https:\/\/yoast.com\/product\/yoast-seo-wordpress\/ -->\n<title>T\u00e9moignages des familles de patients | ICSEB<\/title>\n<meta name=\"description\" content=\"Familles de patients partagent leur exp\u00e9rience du diagnostic, du traitement et du suivi au sein de l\u2019Institut Chiari Barcelona.\" \/>\n<meta name=\"robots\" content=\"index, follow, max-snippet:-1, max-image-preview:large, max-video-preview:-1\" \/>\n<link rel=\"canonical\" href=\"https:\/\/institutchiaribcn.com\/fr\/temoignages-familles\/\" \/>\n<meta property=\"og:locale\" content=\"fr_FR\" \/>\n<meta property=\"og:type\" content=\"article\" \/>\n<meta property=\"og:title\" content=\"T\u00e9moignages des familles de patients | ICSEB\" \/>\n<meta property=\"og:description\" content=\"Familles de patients partagent leur exp\u00e9rience du diagnostic, du traitement et du suivi au sein de l\u2019Institut Chiari Barcelona.\" \/>\n<meta property=\"og:url\" content=\"https:\/\/institutchiaribcn.com\/fr\/temoignages-familles\/\" \/>\n<meta property=\"og:site_name\" content=\"Institut Chiari\" \/>\n<meta property=\"article:modified_time\" content=\"2026-02-10T09:44:25+00:00\" \/>\n<meta name=\"twitter:card\" content=\"summary_large_image\" \/>\n<meta name=\"twitter:label1\" content=\"Dur\u00e9e de lecture estim\u00e9e\" \/>\n\t<meta name=\"twitter:data1\" content=\"2 minutes\" \/>\n<script type=\"application\/ld+json\" class=\"yoast-schema-graph\">{\"@context\":\"https:\\\/\\\/schema.org\",\"@graph\":[{\"@type\":\"WebPage\",\"@id\":\"https:\\\/\\\/institutchiaribcn.com\\\/fr\\\/temoignages-familles\\\/\",\"url\":\"https:\\\/\\\/institutchiaribcn.com\\\/fr\\\/temoignages-familles\\\/\",\"name\":\"T\u00e9moignages des familles de patients | ICSEB\",\"isPartOf\":{\"@id\":\"https:\\\/\\\/institutchiaribcn.com\\\/fr\\\/#website\"},\"datePublished\":\"2025-10-10T19:38:21+00:00\",\"dateModified\":\"2026-02-10T09:44:25+00:00\",\"description\":\"Familles de patients partagent leur exp\u00e9rience du diagnostic, du traitement et du suivi au sein de l\u2019Institut Chiari Barcelona.\",\"breadcrumb\":{\"@id\":\"https:\\\/\\\/institutchiaribcn.com\\\/fr\\\/temoignages-familles\\\/#breadcrumb\"},\"inLanguage\":\"fr-FR\",\"potentialAction\":[{\"@type\":\"ReadAction\",\"target\":[\"https:\\\/\\\/institutchiaribcn.com\\\/fr\\\/temoignages-familles\\\/\"]}]},{\"@type\":\"BreadcrumbList\",\"@id\":\"https:\\\/\\\/institutchiaribcn.com\\\/fr\\\/temoignages-familles\\\/#breadcrumb\",\"itemListElement\":[{\"@type\":\"ListItem\",\"position\":1,\"name\":\"Portada\",\"item\":\"https:\\\/\\\/institutchiaribcn.com\\\/fr\\\/\"},{\"@type\":\"ListItem\",\"position\":2,\"name\":\"T\u00e9moignages familles\"}]},{\"@type\":\"WebSite\",\"@id\":\"https:\\\/\\\/institutchiaribcn.com\\\/fr\\\/#website\",\"url\":\"https:\\\/\\\/institutchiaribcn.com\\\/fr\\\/\",\"name\":\"Institut Chiari de Barcelona\",\"description\":\"\",\"publisher\":{\"@id\":\"https:\\\/\\\/institutchiaribcn.com\\\/fr\\\/#organization\"},\"potentialAction\":[{\"@type\":\"SearchAction\",\"target\":{\"@type\":\"EntryPoint\",\"urlTemplate\":\"https:\\\/\\\/institutchiaribcn.com\\\/fr\\\/?s={search_term_string}\"},\"query-input\":{\"@type\":\"PropertyValueSpecification\",\"valueRequired\":true,\"valueName\":\"search_term_string\"}}],\"inLanguage\":\"fr-FR\"},{\"@type\":\"Organization\",\"@id\":\"https:\\\/\\\/institutchiaribcn.com\\\/fr\\\/#organization\",\"name\":\"Institut Chiari de Barcelona\",\"url\":\"https:\\\/\\\/institutchiaribcn.com\\\/fr\\\/\",\"logo\":{\"@type\":\"ImageObject\",\"inLanguage\":\"fr-FR\",\"@id\":\"https:\\\/\\\/institutchiaribcn.com\\\/fr\\\/#\\\/schema\\\/logo\\\/image\\\/\",\"url\":\"https:\\\/\\\/institutchiaribcn.com\\\/wp-content\\\/uploads\\\/2025\\\/10\\\/cropped-cropped-icsebNavLogo-1.png\",\"contentUrl\":\"https:\\\/\\\/institutchiaribcn.com\\\/wp-content\\\/uploads\\\/2025\\\/10\\\/cropped-cropped-icsebNavLogo-1.png\",\"width\":245,\"height\":99,\"caption\":\"Institut Chiari de Barcelona\"},\"image\":{\"@id\":\"https:\\\/\\\/institutchiaribcn.com\\\/fr\\\/#\\\/schema\\\/logo\\\/image\\\/\"}}]}<\/script>\n<!-- \/ Yoast SEO plugin. -->","yoast_head_json":{"title":"T\u00e9moignages des familles de patients | ICSEB","description":"Familles de patients partagent leur exp\u00e9rience du diagnostic, du traitement et du suivi au sein de l\u2019Institut Chiari Barcelona.","robots":{"index":"index","follow":"follow","max-snippet":"max-snippet:-1","max-image-preview":"max-image-preview:large","max-video-preview":"max-video-preview:-1"},"canonical":"https:\/\/institutchiaribcn.com\/fr\/temoignages-familles\/","og_locale":"fr_FR","og_type":"article","og_title":"T\u00e9moignages des familles de patients | ICSEB","og_description":"Familles de patients partagent leur exp\u00e9rience du diagnostic, du traitement et du suivi au sein de l\u2019Institut Chiari Barcelona.","og_url":"https:\/\/institutchiaribcn.com\/fr\/temoignages-familles\/","og_site_name":"Institut Chiari","article_modified_time":"2026-02-10T09:44:25+00:00","twitter_card":"summary_large_image","twitter_misc":{"Dur\u00e9e de lecture estim\u00e9e":"2 minutes"},"schema":{"@context":"https:\/\/schema.org","@graph":[{"@type":"WebPage","@id":"https:\/\/institutchiaribcn.com\/fr\/temoignages-familles\/","url":"https:\/\/institutchiaribcn.com\/fr\/temoignages-familles\/","name":"T\u00e9moignages des familles de patients | ICSEB","isPartOf":{"@id":"https:\/\/institutchiaribcn.com\/fr\/#website"},"datePublished":"2025-10-10T19:38:21+00:00","dateModified":"2026-02-10T09:44:25+00:00","description":"Familles de patients partagent leur exp\u00e9rience du diagnostic, du traitement et du suivi au sein de l\u2019Institut Chiari Barcelona.","breadcrumb":{"@id":"https:\/\/institutchiaribcn.com\/fr\/temoignages-familles\/#breadcrumb"},"inLanguage":"fr-FR","potentialAction":[{"@type":"ReadAction","target":["https:\/\/institutchiaribcn.com\/fr\/temoignages-familles\/"]}]},{"@type":"BreadcrumbList","@id":"https:\/\/institutchiaribcn.com\/fr\/temoignages-familles\/#breadcrumb","itemListElement":[{"@type":"ListItem","position":1,"name":"Portada","item":"https:\/\/institutchiaribcn.com\/fr\/"},{"@type":"ListItem","position":2,"name":"T\u00e9moignages familles"}]},{"@type":"WebSite","@id":"https:\/\/institutchiaribcn.com\/fr\/#website","url":"https:\/\/institutchiaribcn.com\/fr\/","name":"Institut Chiari de Barcelona","description":"","publisher":{"@id":"https:\/\/institutchiaribcn.com\/fr\/#organization"},"potentialAction":[{"@type":"SearchAction","target":{"@type":"EntryPoint","urlTemplate":"https:\/\/institutchiaribcn.com\/fr\/?s={search_term_string}"},"query-input":{"@type":"PropertyValueSpecification","valueRequired":true,"valueName":"search_term_string"}}],"inLanguage":"fr-FR"},{"@type":"Organization","@id":"https:\/\/institutchiaribcn.com\/fr\/#organization","name":"Institut Chiari de Barcelona","url":"https:\/\/institutchiaribcn.com\/fr\/","logo":{"@type":"ImageObject","inLanguage":"fr-FR","@id":"https:\/\/institutchiaribcn.com\/fr\/#\/schema\/logo\/image\/","url":"https:\/\/institutchiaribcn.com\/wp-content\/uploads\/2025\/10\/cropped-cropped-icsebNavLogo-1.png","contentUrl":"https:\/\/institutchiaribcn.com\/wp-content\/uploads\/2025\/10\/cropped-cropped-icsebNavLogo-1.png","width":245,"height":99,"caption":"Institut Chiari de Barcelona"},"image":{"@id":"https:\/\/institutchiaribcn.com\/fr\/#\/schema\/logo\/image\/"}}]}},"_links":{"self":[{"href":"https:\/\/institutchiaribcn.com\/fr\/wp-json\/wp\/v2\/pages\/115862","targetHints":{"allow":["GET"]}}],"collection":[{"href":"https:\/\/institutchiaribcn.com\/fr\/wp-json\/wp\/v2\/pages"}],"about":[{"href":"https:\/\/institutchiaribcn.com\/fr\/wp-json\/wp\/v2\/types\/page"}],"author":[{"embeddable":true,"href":"https:\/\/institutchiaribcn.com\/fr\/wp-json\/wp\/v2\/users\/1"}],"replies":[{"embeddable":true,"href":"https:\/\/institutchiaribcn.com\/fr\/wp-json\/wp\/v2\/comments?post=115862"}],"version-history":[{"count":1,"href":"https:\/\/institutchiaribcn.com\/fr\/wp-json\/wp\/v2\/pages\/115862\/revisions"}],"predecessor-version":[{"id":145130,"href":"https:\/\/institutchiaribcn.com\/fr\/wp-json\/wp\/v2\/pages\/115862\/revisions\/145130"}],"wp:attachment":[{"href":"https:\/\/institutchiaribcn.com\/fr\/wp-json\/wp\/v2\/media?parent=115862"}],"curies":[{"name":"wp","href":"https:\/\/api.w.org\/{rel}","templated":true}]}}