{"id":115841,"date":"2025-10-10T21:31:26","date_gmt":"2025-10-10T19:31:26","guid":{"rendered":"https:\/\/dev.institutchiaribcn.com\/sft-tras-laminectomia-y-colocacion-cateter-testimonios\/"},"modified":"2026-04-02T10:15:59","modified_gmt":"2026-04-02T08:15:59","slug":"sft-apres-laminectomie","status":"publish","type":"page","link":"https:\/\/institutchiaribcn.com\/fr\/sft-apres-laminectomie\/","title":{"rendered":"SFT apr\u00e8s laminectomie et placement du cath\u00e9ter T\u00e9moignages"},"content":{"rendered":"\t\t<div data-elementor-type=\"wp-page\" data-elementor-id=\"115841\" class=\"elementor elementor-115841 elementor-115408\" data-elementor-post-type=\"page\">\n\t\t\t\t<div class=\"elementor-element elementor-element-77ab93f e-flex e-con-boxed e-con e-parent\" data-id=\"77ab93f\" data-element_type=\"container\" data-e-type=\"container\" data-settings=\"{&quot;background_background&quot;:&quot;classic&quot;}\">\n\t\t\t\t\t<div class=\"e-con-inner\">\n\t\t<div class=\"elementor-element elementor-element-649134d e-con-full e-flex e-con e-child\" data-id=\"649134d\" data-element_type=\"container\" data-e-type=\"container\">\n\t\t\t\t<div class=\"elementor-element elementor-element-52c5328 elementor-widget elementor-widget-heading\" data-id=\"52c5328\" data-element_type=\"widget\" data-e-type=\"widget\" data-widget_type=\"heading.default\">\n\t\t\t\t<div class=\"elementor-widget-container\">\n\t\t\t\t\t<h1 class=\"elementor-heading-title elementor-size-default\">SFT apr\u00e8s laminectomie et placement du cath\u00e9ter T\u00e9moignages\n<\/h1>\t\t\t\t<\/div>\n\t\t\t\t<\/div>\n\t\t\t\t<div class=\"elementor-element elementor-element-c4008fe elementor-widget elementor-widget-heading\" data-id=\"c4008fe\" data-element_type=\"widget\" data-e-type=\"widget\" data-widget_type=\"heading.default\">\n\t\t\t\t<div class=\"elementor-widget-container\">\n\t\t\t\t\t<h2 class=\"elementor-heading-title elementor-size-default\">Institut Chiari &amp; Siringomielia &amp; Escoliosis de Barcelona<\/h2>\t\t\t\t<\/div>\n\t\t\t\t<\/div>\n\t\t\t\t<\/div>\n\t\t\t\t\t<\/div>\n\t\t\t\t<\/div>\n\t\t<div class=\"elementor-element elementor-element-deede35 e-flex e-con-boxed e-con e-parent\" data-id=\"deede35\" data-element_type=\"container\" data-e-type=\"container\">\n\t\t\t\t\t<div class=\"e-con-inner\">\n\t\t\t\t<div class=\"elementor-element elementor-element-91a90aa elementor-widget elementor-widget-text-editor\" data-id=\"91a90aa\" data-element_type=\"widget\" data-e-type=\"widget\" data-widget_type=\"text-editor.default\">\n\t\t\t\t<div class=\"elementor-widget-container\">\n\t\t\t\t\t\t\t\t\t<p>Depuis octobre 1993 jusqu\u2019au mois de juillet 2017, plus de 1000 patients atteints du Syndrome de traction m\u00e9dullaire et\/ou Maladie du Filum avec Arnold Chiari I, Syringomy\u00e9lie et Scoliose en diff\u00e9rentes combinaisons de diagnostic parmi elles, ont \u00e9t\u00e9 pris en charge et op\u00e9r\u00e9s selon les protocoles du\u00a0<strong>FILUM-SYSTEM<sup>\u00ae<\/sup><\/strong>.<\/p><p>La majorit\u00e9 des cas ont obtenues des \u00e9volutions favorables, avec un taux \u00e9lev\u00e9 de satisfaction des patients.<\/p><p>Depuis il y a quelques ann\u00e9es nous avons invit\u00e9 aux patients en face postop\u00e9ratoire de suivi \u00e0 \u00e9crire un t\u00e9moignage sur leurs histoire clinique pour notre site. Nous les remercions pour exprimer ses opinions au respect de notre traitement exclusif et pour sa franche et d\u00e9sint\u00e9ress\u00e9e implication.<\/p><p>\u00a0<\/p><p><strong>NOTE:\u00a0<\/strong><i>Les opinions exprim\u00e9es dans les t\u00e9moignages ici publi\u00e9s sont d\u00b4exclusive responsabilit\u00e9 des auteurs et ne refl\u00e8tent, de toute n\u00e9cessit\u00e9, les points de vu de l\u00b4Institut Chiari &amp; Siringomielia &amp; Escoliosis de Barcelona.<\/i><\/p>\t\t\t\t\t\t\t\t<\/div>\n\t\t\t\t<\/div>\n\t\t\t\t\t<\/div>\n\t\t\t\t<\/div>\n\t\t\t\t<\/div>\n\t\t","protected":false},"excerpt":{"rendered":"<p>SFT apr\u00e8s laminectomie et placement du cath\u00e9ter T\u00e9moignages Institut Chiari &amp; Siringomielia &amp; Escoliosis de Barcelona Depuis octobre 1993 jusqu\u2019au mois de juillet 2017, plus de 1000 patients atteints du Syndrome de traction m\u00e9dullaire et\/ou Maladie du Filum avec Arnold Chiari I, Syringomy\u00e9lie et Scoliose en diff\u00e9rentes combinaisons de diagnostic parmi elles, ont \u00e9t\u00e9 pris [&hellip;]<\/p>\n","protected":false},"author":1,"featured_media":0,"parent":0,"menu_order":0,"comment_status":"closed","ping_status":"closed","template":"","meta":{"footnotes":""},"class_list":["post-115841","page","type-page","status-publish","hentry"],"yoast_head":"<!-- This site is optimized with the Yoast SEO plugin v27.1.1 - https:\/\/yoast.com\/product\/yoast-seo-wordpress\/ -->\n<title>SFT apr\u00e8s laminectomie | Instituto Chiari Barcelona<\/title>\n<meta name=\"description\" content=\"Recueil de t\u00e9moignages de patients apr\u00e8s SFT suite \u00e0 laminectomie et placement de cath\u00e9ter, d\u00e9crivant leur \u00e9volution postop\u00e9ratoire.\" \/>\n<meta name=\"robots\" content=\"index, follow, max-snippet:-1, max-image-preview:large, max-video-preview:-1\" \/>\n<link rel=\"canonical\" href=\"https:\/\/institutchiaribcn.com\/fr\/sft-apres-laminectomie\/\" \/>\n<meta property=\"og:locale\" content=\"fr_FR\" \/>\n<meta property=\"og:type\" content=\"article\" \/>\n<meta property=\"og:title\" content=\"SFT apr\u00e8s laminectomie | Instituto Chiari Barcelona\" \/>\n<meta property=\"og:description\" content=\"Recueil de t\u00e9moignages de patients apr\u00e8s SFT suite \u00e0 laminectomie et placement de cath\u00e9ter, d\u00e9crivant leur \u00e9volution postop\u00e9ratoire.\" \/>\n<meta property=\"og:url\" content=\"https:\/\/institutchiaribcn.com\/fr\/sft-apres-laminectomie\/\" \/>\n<meta property=\"og:site_name\" content=\"Institut Chiari\" \/>\n<meta property=\"article:modified_time\" content=\"2026-04-02T08:15:59+00:00\" \/>\n<meta name=\"twitter:card\" content=\"summary_large_image\" \/>\n<meta name=\"twitter:label1\" content=\"Dur\u00e9e de lecture estim\u00e9e\" \/>\n\t<meta name=\"twitter:data1\" content=\"1 minute\" \/>\n<script type=\"application\/ld+json\" class=\"yoast-schema-graph\">{\"@context\":\"https:\/\/schema.org\",\"@graph\":[{\"@type\":\"WebPage\",\"@id\":\"https:\/\/institutchiaribcn.com\/fr\/sft-apres-laminectomie\/\",\"url\":\"https:\/\/institutchiaribcn.com\/fr\/sft-apres-laminectomie\/\",\"name\":\"SFT apr\u00e8s laminectomie | Instituto Chiari Barcelona\",\"isPartOf\":{\"@id\":\"https:\/\/institutchiaribcn.com\/fr\/#website\"},\"datePublished\":\"2025-10-10T19:31:26+00:00\",\"dateModified\":\"2026-04-02T08:15:59+00:00\",\"description\":\"Recueil de t\u00e9moignages de patients apr\u00e8s SFT suite \u00e0 laminectomie et placement de cath\u00e9ter, d\u00e9crivant leur \u00e9volution postop\u00e9ratoire.\",\"breadcrumb\":{\"@id\":\"https:\/\/institutchiaribcn.com\/fr\/sft-apres-laminectomie\/#breadcrumb\"},\"inLanguage\":\"fr-FR\",\"potentialAction\":[{\"@type\":\"ReadAction\",\"target\":[\"https:\/\/institutchiaribcn.com\/fr\/sft-apres-laminectomie\/\"]}]},{\"@type\":\"BreadcrumbList\",\"@id\":\"https:\/\/institutchiaribcn.com\/fr\/sft-apres-laminectomie\/#breadcrumb\",\"itemListElement\":[{\"@type\":\"ListItem\",\"position\":1,\"name\":\"Portada\",\"item\":\"https:\/\/institutchiaribcn.com\/fr\/\"},{\"@type\":\"ListItem\",\"position\":2,\"name\":\"SFT apr\u00e8s laminectomie et placement du cath\u00e9ter T\u00e9moignages\"}]},{\"@type\":\"WebSite\",\"@id\":\"https:\/\/institutchiaribcn.com\/fr\/#website\",\"url\":\"https:\/\/institutchiaribcn.com\/fr\/\",\"name\":\"Institut Chiari de Barcelona\",\"description\":\"\",\"publisher\":{\"@id\":\"https:\/\/institutchiaribcn.com\/fr\/#organization\"},\"potentialAction\":[{\"@type\":\"SearchAction\",\"target\":{\"@type\":\"EntryPoint\",\"urlTemplate\":\"https:\/\/institutchiaribcn.com\/fr\/?s={search_term_string}\"},\"query-input\":{\"@type\":\"PropertyValueSpecification\",\"valueRequired\":true,\"valueName\":\"search_term_string\"}}],\"inLanguage\":\"fr-FR\"},{\"@type\":\"Organization\",\"@id\":\"https:\/\/institutchiaribcn.com\/fr\/#organization\",\"name\":\"Institut Chiari de Barcelona\",\"url\":\"https:\/\/institutchiaribcn.com\/fr\/\",\"logo\":{\"@type\":\"ImageObject\",\"inLanguage\":\"fr-FR\",\"@id\":\"https:\/\/institutchiaribcn.com\/fr\/#\/schema\/logo\/image\/\",\"url\":\"https:\/\/institutchiaribcn.com\/wp-content\/uploads\/2025\/10\/cropped-cropped-icsebNavLogo-1.png\",\"contentUrl\":\"https:\/\/institutchiaribcn.com\/wp-content\/uploads\/2025\/10\/cropped-cropped-icsebNavLogo-1.png\",\"width\":245,\"height\":99,\"caption\":\"Institut Chiari de Barcelona\"},\"image\":{\"@id\":\"https:\/\/institutchiaribcn.com\/fr\/#\/schema\/logo\/image\/\"}}]}<\/script>\n<!-- \/ Yoast SEO plugin. -->","yoast_head_json":{"title":"SFT apr\u00e8s laminectomie | Instituto Chiari Barcelona","description":"Recueil de t\u00e9moignages de patients apr\u00e8s SFT suite \u00e0 laminectomie et placement de cath\u00e9ter, d\u00e9crivant leur \u00e9volution postop\u00e9ratoire.","robots":{"index":"index","follow":"follow","max-snippet":"max-snippet:-1","max-image-preview":"max-image-preview:large","max-video-preview":"max-video-preview:-1"},"canonical":"https:\/\/institutchiaribcn.com\/fr\/sft-apres-laminectomie\/","og_locale":"fr_FR","og_type":"article","og_title":"SFT apr\u00e8s laminectomie | Instituto Chiari Barcelona","og_description":"Recueil de t\u00e9moignages de patients apr\u00e8s SFT suite \u00e0 laminectomie et placement de cath\u00e9ter, d\u00e9crivant leur \u00e9volution postop\u00e9ratoire.","og_url":"https:\/\/institutchiaribcn.com\/fr\/sft-apres-laminectomie\/","og_site_name":"Institut Chiari","article_modified_time":"2026-04-02T08:15:59+00:00","twitter_card":"summary_large_image","twitter_misc":{"Dur\u00e9e de lecture estim\u00e9e":"1 minute"},"schema":{"@context":"https:\/\/schema.org","@graph":[{"@type":"WebPage","@id":"https:\/\/institutchiaribcn.com\/fr\/sft-apres-laminectomie\/","url":"https:\/\/institutchiaribcn.com\/fr\/sft-apres-laminectomie\/","name":"SFT apr\u00e8s laminectomie | Instituto Chiari Barcelona","isPartOf":{"@id":"https:\/\/institutchiaribcn.com\/fr\/#website"},"datePublished":"2025-10-10T19:31:26+00:00","dateModified":"2026-04-02T08:15:59+00:00","description":"Recueil de t\u00e9moignages de patients apr\u00e8s SFT suite \u00e0 laminectomie et placement de cath\u00e9ter, d\u00e9crivant leur \u00e9volution postop\u00e9ratoire.","breadcrumb":{"@id":"https:\/\/institutchiaribcn.com\/fr\/sft-apres-laminectomie\/#breadcrumb"},"inLanguage":"fr-FR","potentialAction":[{"@type":"ReadAction","target":["https:\/\/institutchiaribcn.com\/fr\/sft-apres-laminectomie\/"]}]},{"@type":"BreadcrumbList","@id":"https:\/\/institutchiaribcn.com\/fr\/sft-apres-laminectomie\/#breadcrumb","itemListElement":[{"@type":"ListItem","position":1,"name":"Portada","item":"https:\/\/institutchiaribcn.com\/fr\/"},{"@type":"ListItem","position":2,"name":"SFT apr\u00e8s laminectomie et placement du cath\u00e9ter T\u00e9moignages"}]},{"@type":"WebSite","@id":"https:\/\/institutchiaribcn.com\/fr\/#website","url":"https:\/\/institutchiaribcn.com\/fr\/","name":"Institut Chiari de Barcelona","description":"","publisher":{"@id":"https:\/\/institutchiaribcn.com\/fr\/#organization"},"potentialAction":[{"@type":"SearchAction","target":{"@type":"EntryPoint","urlTemplate":"https:\/\/institutchiaribcn.com\/fr\/?s={search_term_string}"},"query-input":{"@type":"PropertyValueSpecification","valueRequired":true,"valueName":"search_term_string"}}],"inLanguage":"fr-FR"},{"@type":"Organization","@id":"https:\/\/institutchiaribcn.com\/fr\/#organization","name":"Institut Chiari de Barcelona","url":"https:\/\/institutchiaribcn.com\/fr\/","logo":{"@type":"ImageObject","inLanguage":"fr-FR","@id":"https:\/\/institutchiaribcn.com\/fr\/#\/schema\/logo\/image\/","url":"https:\/\/institutchiaribcn.com\/wp-content\/uploads\/2025\/10\/cropped-cropped-icsebNavLogo-1.png","contentUrl":"https:\/\/institutchiaribcn.com\/wp-content\/uploads\/2025\/10\/cropped-cropped-icsebNavLogo-1.png","width":245,"height":99,"caption":"Institut Chiari de Barcelona"},"image":{"@id":"https:\/\/institutchiaribcn.com\/fr\/#\/schema\/logo\/image\/"}}]}},"_links":{"self":[{"href":"https:\/\/institutchiaribcn.com\/fr\/wp-json\/wp\/v2\/pages\/115841","targetHints":{"allow":["GET"]}}],"collection":[{"href":"https:\/\/institutchiaribcn.com\/fr\/wp-json\/wp\/v2\/pages"}],"about":[{"href":"https:\/\/institutchiaribcn.com\/fr\/wp-json\/wp\/v2\/types\/page"}],"author":[{"embeddable":true,"href":"https:\/\/institutchiaribcn.com\/fr\/wp-json\/wp\/v2\/users\/1"}],"replies":[{"embeddable":true,"href":"https:\/\/institutchiaribcn.com\/fr\/wp-json\/wp\/v2\/comments?post=115841"}],"version-history":[{"count":1,"href":"https:\/\/institutchiaribcn.com\/fr\/wp-json\/wp\/v2\/pages\/115841\/revisions"}],"predecessor-version":[{"id":145163,"href":"https:\/\/institutchiaribcn.com\/fr\/wp-json\/wp\/v2\/pages\/115841\/revisions\/145163"}],"wp:attachment":[{"href":"https:\/\/institutchiaribcn.com\/fr\/wp-json\/wp\/v2\/media?parent=115841"}],"curies":[{"name":"wp","href":"https:\/\/api.w.org\/{rel}","templated":true}]}}