{"id":114195,"date":"2025-06-18T08:51:16","date_gmt":"2025-06-18T06:51:16","guid":{"rendered":"https:\/\/dev.institutchiaribcn.com\/filum-academy-comunicados\/"},"modified":"2026-02-09T12:46:47","modified_gmt":"2026-02-09T11:46:47","slug":"communiques","status":"publish","type":"page","link":"https:\/\/institutchiaribcn.com\/fr\/communiques\/","title":{"rendered":"Communiqu\u00e9s"},"content":{"rendered":"\t\t<div data-elementor-type=\"wp-page\" data-elementor-id=\"114195\" class=\"elementor elementor-114195 elementor-236\" data-elementor-post-type=\"page\">\n\t\t\t\t<div class=\"elementor-element elementor-element-6eae463 e-flex e-con-boxed e-con e-parent\" data-id=\"6eae463\" data-element_type=\"container\" data-e-type=\"container\" data-settings=\"{&quot;background_background&quot;:&quot;classic&quot;}\">\n\t\t\t\t\t<div class=\"e-con-inner\">\n\t\t<div class=\"elementor-element elementor-element-02be323 e-con-full e-flex e-con e-child\" data-id=\"02be323\" data-element_type=\"container\" data-e-type=\"container\">\n\t\t\t\t<div class=\"elementor-element elementor-element-9a2ea3e elementor-widget elementor-widget-heading\" data-id=\"9a2ea3e\" data-element_type=\"widget\" data-e-type=\"widget\" data-widget_type=\"heading.default\">\n\t\t\t\t<div class=\"elementor-widget-container\">\n\t\t\t\t\t<h1 class=\"elementor-heading-title elementor-size-default\">Filum Academy Comunicados<\/h1>\t\t\t\t<\/div>\n\t\t\t\t<\/div>\n\t\t\t\t<div class=\"elementor-element elementor-element-694637e elementor-widget elementor-widget-heading\" data-id=\"694637e\" data-element_type=\"widget\" data-e-type=\"widget\" data-widget_type=\"heading.default\">\n\t\t\t\t<div class=\"elementor-widget-container\">\n\t\t\t\t\t<h2 class=\"elementor-heading-title elementor-size-default\">Institut Chiari &amp; Siringomielia &amp; Escoliosis de Barcelona<\/h2>\t\t\t\t<\/div>\n\t\t\t\t<\/div>\n\t\t\t\t<\/div>\n\t\t\t\t\t<\/div>\n\t\t\t\t<\/div>\n\t\t<div class=\"elementor-element elementor-element-cc0c523 e-flex e-con-boxed e-con e-parent\" data-id=\"cc0c523\" data-element_type=\"container\" data-e-type=\"container\">\n\t\t\t\t\t<div class=\"e-con-inner\">\n\t\t\t\t\t<\/div>\n\t\t\t\t<\/div>\n\t\t\t\t<\/div>\n\t\t","protected":false},"excerpt":{"rendered":"<p>Filum Academy Comunicados Institut Chiari &amp; Siringomielia &amp; Escoliosis de Barcelona<\/p>\n","protected":false},"author":1,"featured_media":0,"parent":0,"menu_order":21,"comment_status":"closed","ping_status":"closed","template":"","meta":{"footnotes":""},"class_list":["post-114195","page","type-page","status-publish","hentry"],"yoast_head":"<!-- This site is optimized with the Yoast SEO plugin v27.1.1 - https:\/\/yoast.com\/product\/yoast-seo-wordpress\/ -->\n<title>Communiqu\u00e9s officiels de l\u2019ICSEB | ICSEB<\/title>\n<meta name=\"description\" content=\"Communiqu\u00e9s officiels de l\u2019ICSEB sur actualit\u00e9s, annonces, \u00e9v\u00e9nements et informations importantes concernant Chiari, Syringomy\u00e9lie et Filum.\" \/>\n<meta name=\"robots\" content=\"index, follow, max-snippet:-1, max-image-preview:large, max-video-preview:-1\" \/>\n<link rel=\"canonical\" href=\"https:\/\/institutchiaribcn.com\/fr\/communiques\/\" \/>\n<meta property=\"og:locale\" content=\"fr_FR\" \/>\n<meta property=\"og:type\" content=\"article\" \/>\n<meta property=\"og:title\" content=\"Communiqu\u00e9s officiels de l\u2019ICSEB | ICSEB\" \/>\n<meta property=\"og:description\" content=\"Communiqu\u00e9s officiels de l\u2019ICSEB sur actualit\u00e9s, annonces, \u00e9v\u00e9nements et informations importantes concernant Chiari, Syringomy\u00e9lie et Filum.\" \/>\n<meta property=\"og:url\" content=\"https:\/\/institutchiaribcn.com\/fr\/communiques\/\" \/>\n<meta property=\"og:site_name\" content=\"Institut Chiari\" \/>\n<meta property=\"article:modified_time\" content=\"2026-02-09T11:46:47+00:00\" \/>\n<meta name=\"twitter:card\" content=\"summary_large_image\" \/>\n<meta name=\"twitter:label1\" content=\"Dur\u00e9e de lecture estim\u00e9e\" \/>\n\t<meta name=\"twitter:data1\" content=\"1 minute\" \/>\n<script type=\"application\/ld+json\" class=\"yoast-schema-graph\">{\"@context\":\"https:\/\/schema.org\",\"@graph\":[{\"@type\":\"WebPage\",\"@id\":\"https:\/\/institutchiaribcn.com\/fr\/communiques\/\",\"url\":\"https:\/\/institutchiaribcn.com\/fr\/communiques\/\",\"name\":\"Communiqu\u00e9s officiels de l\u2019ICSEB | ICSEB\",\"isPartOf\":{\"@id\":\"https:\/\/institutchiaribcn.com\/fr\/#website\"},\"datePublished\":\"2025-06-18T06:51:16+00:00\",\"dateModified\":\"2026-02-09T11:46:47+00:00\",\"description\":\"Communiqu\u00e9s officiels de l\u2019ICSEB sur actualit\u00e9s, annonces, \u00e9v\u00e9nements et informations importantes concernant Chiari, Syringomy\u00e9lie et Filum.\",\"breadcrumb\":{\"@id\":\"https:\/\/institutchiaribcn.com\/fr\/communiques\/#breadcrumb\"},\"inLanguage\":\"fr-FR\",\"potentialAction\":[{\"@type\":\"ReadAction\",\"target\":[\"https:\/\/institutchiaribcn.com\/fr\/communiques\/\"]}]},{\"@type\":\"BreadcrumbList\",\"@id\":\"https:\/\/institutchiaribcn.com\/fr\/communiques\/#breadcrumb\",\"itemListElement\":[{\"@type\":\"ListItem\",\"position\":1,\"name\":\"Portada\",\"item\":\"https:\/\/institutchiaribcn.com\/fr\/\"},{\"@type\":\"ListItem\",\"position\":2,\"name\":\"Communiqu\u00e9s\"}]},{\"@type\":\"WebSite\",\"@id\":\"https:\/\/institutchiaribcn.com\/fr\/#website\",\"url\":\"https:\/\/institutchiaribcn.com\/fr\/\",\"name\":\"Institut Chiari de Barcelona\",\"description\":\"\",\"publisher\":{\"@id\":\"https:\/\/institutchiaribcn.com\/fr\/#organization\"},\"potentialAction\":[{\"@type\":\"SearchAction\",\"target\":{\"@type\":\"EntryPoint\",\"urlTemplate\":\"https:\/\/institutchiaribcn.com\/fr\/?s={search_term_string}\"},\"query-input\":{\"@type\":\"PropertyValueSpecification\",\"valueRequired\":true,\"valueName\":\"search_term_string\"}}],\"inLanguage\":\"fr-FR\"},{\"@type\":\"Organization\",\"@id\":\"https:\/\/institutchiaribcn.com\/fr\/#organization\",\"name\":\"Institut Chiari de Barcelona\",\"url\":\"https:\/\/institutchiaribcn.com\/fr\/\",\"logo\":{\"@type\":\"ImageObject\",\"inLanguage\":\"fr-FR\",\"@id\":\"https:\/\/institutchiaribcn.com\/fr\/#\/schema\/logo\/image\/\",\"url\":\"https:\/\/institutchiaribcn.com\/wp-content\/uploads\/2025\/10\/cropped-cropped-icsebNavLogo-1.png\",\"contentUrl\":\"https:\/\/institutchiaribcn.com\/wp-content\/uploads\/2025\/10\/cropped-cropped-icsebNavLogo-1.png\",\"width\":245,\"height\":99,\"caption\":\"Institut Chiari de Barcelona\"},\"image\":{\"@id\":\"https:\/\/institutchiaribcn.com\/fr\/#\/schema\/logo\/image\/\"}}]}<\/script>\n<!-- \/ Yoast SEO plugin. -->","yoast_head_json":{"title":"Communiqu\u00e9s officiels de l\u2019ICSEB | ICSEB","description":"Communiqu\u00e9s officiels de l\u2019ICSEB sur actualit\u00e9s, annonces, \u00e9v\u00e9nements et informations importantes concernant Chiari, Syringomy\u00e9lie et Filum.","robots":{"index":"index","follow":"follow","max-snippet":"max-snippet:-1","max-image-preview":"max-image-preview:large","max-video-preview":"max-video-preview:-1"},"canonical":"https:\/\/institutchiaribcn.com\/fr\/communiques\/","og_locale":"fr_FR","og_type":"article","og_title":"Communiqu\u00e9s officiels de l\u2019ICSEB | ICSEB","og_description":"Communiqu\u00e9s officiels de l\u2019ICSEB sur actualit\u00e9s, annonces, \u00e9v\u00e9nements et informations importantes concernant Chiari, Syringomy\u00e9lie et Filum.","og_url":"https:\/\/institutchiaribcn.com\/fr\/communiques\/","og_site_name":"Institut Chiari","article_modified_time":"2026-02-09T11:46:47+00:00","twitter_card":"summary_large_image","twitter_misc":{"Dur\u00e9e de lecture estim\u00e9e":"1 minute"},"schema":{"@context":"https:\/\/schema.org","@graph":[{"@type":"WebPage","@id":"https:\/\/institutchiaribcn.com\/fr\/communiques\/","url":"https:\/\/institutchiaribcn.com\/fr\/communiques\/","name":"Communiqu\u00e9s officiels de l\u2019ICSEB | ICSEB","isPartOf":{"@id":"https:\/\/institutchiaribcn.com\/fr\/#website"},"datePublished":"2025-06-18T06:51:16+00:00","dateModified":"2026-02-09T11:46:47+00:00","description":"Communiqu\u00e9s officiels de l\u2019ICSEB sur actualit\u00e9s, annonces, \u00e9v\u00e9nements et informations importantes concernant Chiari, Syringomy\u00e9lie et Filum.","breadcrumb":{"@id":"https:\/\/institutchiaribcn.com\/fr\/communiques\/#breadcrumb"},"inLanguage":"fr-FR","potentialAction":[{"@type":"ReadAction","target":["https:\/\/institutchiaribcn.com\/fr\/communiques\/"]}]},{"@type":"BreadcrumbList","@id":"https:\/\/institutchiaribcn.com\/fr\/communiques\/#breadcrumb","itemListElement":[{"@type":"ListItem","position":1,"name":"Portada","item":"https:\/\/institutchiaribcn.com\/fr\/"},{"@type":"ListItem","position":2,"name":"Communiqu\u00e9s"}]},{"@type":"WebSite","@id":"https:\/\/institutchiaribcn.com\/fr\/#website","url":"https:\/\/institutchiaribcn.com\/fr\/","name":"Institut Chiari de Barcelona","description":"","publisher":{"@id":"https:\/\/institutchiaribcn.com\/fr\/#organization"},"potentialAction":[{"@type":"SearchAction","target":{"@type":"EntryPoint","urlTemplate":"https:\/\/institutchiaribcn.com\/fr\/?s={search_term_string}"},"query-input":{"@type":"PropertyValueSpecification","valueRequired":true,"valueName":"search_term_string"}}],"inLanguage":"fr-FR"},{"@type":"Organization","@id":"https:\/\/institutchiaribcn.com\/fr\/#organization","name":"Institut Chiari de Barcelona","url":"https:\/\/institutchiaribcn.com\/fr\/","logo":{"@type":"ImageObject","inLanguage":"fr-FR","@id":"https:\/\/institutchiaribcn.com\/fr\/#\/schema\/logo\/image\/","url":"https:\/\/institutchiaribcn.com\/wp-content\/uploads\/2025\/10\/cropped-cropped-icsebNavLogo-1.png","contentUrl":"https:\/\/institutchiaribcn.com\/wp-content\/uploads\/2025\/10\/cropped-cropped-icsebNavLogo-1.png","width":245,"height":99,"caption":"Institut Chiari de Barcelona"},"image":{"@id":"https:\/\/institutchiaribcn.com\/fr\/#\/schema\/logo\/image\/"}}]}},"_links":{"self":[{"href":"https:\/\/institutchiaribcn.com\/fr\/wp-json\/wp\/v2\/pages\/114195","targetHints":{"allow":["GET"]}}],"collection":[{"href":"https:\/\/institutchiaribcn.com\/fr\/wp-json\/wp\/v2\/pages"}],"about":[{"href":"https:\/\/institutchiaribcn.com\/fr\/wp-json\/wp\/v2\/types\/page"}],"author":[{"embeddable":true,"href":"https:\/\/institutchiaribcn.com\/fr\/wp-json\/wp\/v2\/users\/1"}],"replies":[{"embeddable":true,"href":"https:\/\/institutchiaribcn.com\/fr\/wp-json\/wp\/v2\/comments?post=114195"}],"version-history":[{"count":4,"href":"https:\/\/institutchiaribcn.com\/fr\/wp-json\/wp\/v2\/pages\/114195\/revisions"}],"predecessor-version":[{"id":145102,"href":"https:\/\/institutchiaribcn.com\/fr\/wp-json\/wp\/v2\/pages\/114195\/revisions\/145102"}],"wp:attachment":[{"href":"https:\/\/institutchiaribcn.com\/fr\/wp-json\/wp\/v2\/media?parent=114195"}],"curies":[{"name":"wp","href":"https:\/\/api.w.org\/{rel}","templated":true}]}}