{"id":113865,"date":"2025-07-29T16:50:19","date_gmt":"2025-07-29T14:50:19","guid":{"rendered":"https:\/\/dev.institutchiaribcn.com\/comunicados-icseb\/"},"modified":"2025-12-11T17:30:49","modified_gmt":"2025-12-11T16:30:49","slug":"communication-communiques-nouvelles","status":"publish","type":"page","link":"https:\/\/institutchiaribcn.com\/fr\/communication-communiques-nouvelles\/","title":{"rendered":"Communiqu\u00e9s\/nouvelles"},"content":{"rendered":"\t\t<div data-elementor-type=\"wp-page\" data-elementor-id=\"113865\" class=\"elementor elementor-113865 elementor-47966\" data-elementor-post-type=\"page\">\n\t\t\t\t<div class=\"elementor-element elementor-element-c99094e e-flex e-con-boxed e-con e-parent\" data-id=\"c99094e\" data-element_type=\"container\" data-e-type=\"container\" data-settings=\"{&quot;background_background&quot;:&quot;classic&quot;}\">\n\t\t\t\t\t<div class=\"e-con-inner\">\n\t\t<div class=\"elementor-element elementor-element-e7aaadd e-con-full e-flex e-con e-child\" data-id=\"e7aaadd\" data-element_type=\"container\" data-e-type=\"container\">\n\t\t\t\t<div class=\"elementor-element elementor-element-8a3fc74 elementor-widget elementor-widget-heading\" data-id=\"8a3fc74\" data-element_type=\"widget\" data-e-type=\"widget\" data-widget_type=\"heading.default\">\n\t\t\t\t<div class=\"elementor-widget-container\">\n\t\t\t\t\t<h1 class=\"elementor-heading-title elementor-size-default\">Communiqu\u00e9s \/ nouvelles\n<\/h1>\t\t\t\t<\/div>\n\t\t\t\t<\/div>\n\t\t\t\t<div class=\"elementor-element elementor-element-eb9f8f0 elementor-widget elementor-widget-heading\" data-id=\"eb9f8f0\" data-element_type=\"widget\" data-e-type=\"widget\" data-widget_type=\"heading.default\">\n\t\t\t\t<div class=\"elementor-widget-container\">\n\t\t\t\t\t<h2 class=\"elementor-heading-title elementor-size-default\">Institut Chiari &amp; Siringomielia &amp; Escoliosis de Barcelona<\/h2>\t\t\t\t<\/div>\n\t\t\t\t<\/div>\n\t\t\t\t<\/div>\n\t\t\t\t\t<\/div>\n\t\t\t\t<\/div>\n\t\t<div class=\"elementor-element elementor-element-dea2ee7 e-flex e-con-boxed e-con e-parent\" data-id=\"dea2ee7\" data-element_type=\"container\" data-e-type=\"container\">\n\t\t\t\t\t<div class=\"e-con-inner\">\n\t\t\t\t<div class=\"elementor-element elementor-element-5fc5171 elementor-grid-3 elementor-grid-tablet-2 elementor-grid-mobile-1 elementor-posts--thumbnail-top elementor-card-shadow-yes elementor-posts__hover-gradient elementor-widget elementor-widget-posts\" data-id=\"5fc5171\" data-element_type=\"widget\" data-e-type=\"widget\" data-settings=\"{&quot;pagination_type&quot;:&quot;numbers&quot;,&quot;cards_columns&quot;:&quot;3&quot;,&quot;cards_columns_tablet&quot;:&quot;2&quot;,&quot;cards_columns_mobile&quot;:&quot;1&quot;,&quot;cards_row_gap&quot;:{&quot;unit&quot;:&quot;px&quot;,&quot;size&quot;:35,&quot;sizes&quot;:[]},&quot;cards_row_gap_tablet&quot;:{&quot;unit&quot;:&quot;px&quot;,&quot;size&quot;:&quot;&quot;,&quot;sizes&quot;:[]},&quot;cards_row_gap_mobile&quot;:{&quot;unit&quot;:&quot;px&quot;,&quot;size&quot;:&quot;&quot;,&quot;sizes&quot;:[]}}\" data-widget_type=\"posts.cards\">\n\t\t\t\t<div class=\"elementor-widget-container\">\n\t\t\t\t\t\t\t<div class=\"elementor-posts-container elementor-posts elementor-posts--skin-cards elementor-grid\" role=\"list\">\n\t\t\t\t<article class=\"elementor-post elementor-grid-item post-121360 comunicacion type-comunicacion status-publish has-post-thumbnail hentry tipos-de-comunicacion-evenements tipos-de-comunicacion-noticias tipos-de-comunicacion-nouvelles\" role=\"listitem\">\n\t\t\t<div class=\"elementor-post__card\">\n\t\t\t\t<a class=\"elementor-post__thumbnail__link\" href=\"https:\/\/institutchiaribcn.com\/fr\/sessions-ligne-patients-arnold-chiari-i-syringomyelie-scolioses-idiopathiques-autres-pathologies-associees\/\" tabindex=\"-1\" ><div class=\"elementor-post__thumbnail\"><img fetchpriority=\"high\" decoding=\"async\" width=\"200\" height=\"250\" src=\"https:\/\/institutchiaribcn.com\/wp-content\/uploads\/2025\/10\/ES-sesion-online.jpeg\" class=\"attachment-medium size-medium wp-image-119833\" alt=\"\" \/><\/div><\/a>\n\t\t\t\t<div class=\"elementor-post__text\">\n\t\t\t\t<h3 class=\"elementor-post__title\">\n\t\t\t<a href=\"https:\/\/institutchiaribcn.com\/fr\/sessions-ligne-patients-arnold-chiari-i-syringomyelie-scolioses-idiopathiques-autres-pathologies-associees\/\" >\n\t\t\t\tSessions en ligne pour les patients: Arnold-Chiari I, Syringomy\u00e9lie, Scolioses idiopathiques et autres pathologies associ\u00e9es\t\t\t<\/a>\n\t\t<\/h3>\n\t\t\t\t\t<div class=\"elementor-post__read-more-wrapper\">\n\t\t\n\t\t<a class=\"elementor-post__read-more\" href=\"https:\/\/institutchiaribcn.com\/fr\/sessions-ligne-patients-arnold-chiari-i-syringomyelie-scolioses-idiopathiques-autres-pathologies-associees\/\" aria-label=\"Read more about Sessions en ligne pour les patients: Arnold-Chiari I, Syringomy\u00e9lie, Scolioses idiopathiques et autres pathologies associ\u00e9es\" tabindex=\"-1\" >\n\t\t\tLire plus \u00bb\t\t<\/a>\n\n\t\t\t\t\t<\/div>\n\t\t\t\t<\/div>\n\t\t\t\t<div class=\"elementor-post__meta-data\">\n\t\t\t\t\t<span class=\"elementor-post-date\">\n\t\t\t13 octobre, 2025\t\t<\/span>\n\t\t\t\t<\/div>\n\t\t\t\t\t<\/div>\n\t\t<\/article>\n\t\t\t\t<\/div>\n\t\t\n\t\t\t\t\t\t<\/div>\n\t\t\t\t<\/div>\n\t\t\t\t\t<\/div>\n\t\t\t\t<\/div>\n\t\t\t\t<\/div>\n\t\t","protected":false},"excerpt":{"rendered":"<p>Communiqu\u00e9s \/ nouvelles Institut Chiari &amp; Siringomielia &amp; Escoliosis de Barcelona<\/p>\n","protected":false},"author":1,"featured_media":0,"parent":0,"menu_order":0,"comment_status":"closed","ping_status":"closed","template":"","meta":{"footnotes":""},"class_list":["post-113865","page","type-page","status-publish","hentry"],"yoast_head":"<!-- This site is optimized with the Yoast SEO plugin v27.1.1 - https:\/\/yoast.com\/product\/yoast-seo-wordpress\/ -->\n<title>Communication - Communiqu\u00e9s\/nouvelles | ICSEB<\/title>\n<meta name=\"description\" content=\"Retrouvez ici tous les communiqu\u00e9s et nouvelles de l\u2019Institut\u202fChiari de Barcelone sur ses activit\u00e9s, recherches et \u00e9v\u00e9nements.\" \/>\n<meta name=\"robots\" content=\"index, follow, max-snippet:-1, max-image-preview:large, max-video-preview:-1\" \/>\n<link rel=\"canonical\" href=\"https:\/\/institutchiaribcn.com\/fr\/communication-communiques-nouvelles\/\" \/>\n<meta property=\"og:locale\" content=\"fr_FR\" \/>\n<meta property=\"og:type\" content=\"article\" \/>\n<meta property=\"og:title\" content=\"Communication - Communiqu\u00e9s\/nouvelles | ICSEB\" \/>\n<meta property=\"og:description\" content=\"Retrouvez ici tous les communiqu\u00e9s et nouvelles de l\u2019Institut\u202fChiari de Barcelone sur ses activit\u00e9s, recherches et \u00e9v\u00e9nements.\" \/>\n<meta property=\"og:url\" content=\"https:\/\/institutchiaribcn.com\/fr\/communication-communiques-nouvelles\/\" \/>\n<meta property=\"og:site_name\" content=\"Institut Chiari\" \/>\n<meta property=\"article:modified_time\" content=\"2025-12-11T16:30:49+00:00\" \/>\n<meta name=\"twitter:card\" content=\"summary_large_image\" \/>\n<meta name=\"twitter:label1\" content=\"Dur\u00e9e de lecture estim\u00e9e\" \/>\n\t<meta name=\"twitter:data1\" content=\"1 minute\" \/>\n<script type=\"application\/ld+json\" class=\"yoast-schema-graph\">{\"@context\":\"https:\/\/schema.org\",\"@graph\":[{\"@type\":\"WebPage\",\"@id\":\"https:\/\/institutchiaribcn.com\/fr\/communication-communiques-nouvelles\/\",\"url\":\"https:\/\/institutchiaribcn.com\/fr\/communication-communiques-nouvelles\/\",\"name\":\"Communication - Communiqu\u00e9s\/nouvelles | ICSEB\",\"isPartOf\":{\"@id\":\"https:\/\/institutchiaribcn.com\/fr\/#website\"},\"datePublished\":\"2025-07-29T14:50:19+00:00\",\"dateModified\":\"2025-12-11T16:30:49+00:00\",\"description\":\"Retrouvez ici tous les communiqu\u00e9s et nouvelles de l\u2019Institut\u202fChiari de Barcelone sur ses activit\u00e9s, recherches et \u00e9v\u00e9nements.\",\"breadcrumb\":{\"@id\":\"https:\/\/institutchiaribcn.com\/fr\/communication-communiques-nouvelles\/#breadcrumb\"},\"inLanguage\":\"fr-FR\",\"potentialAction\":[{\"@type\":\"ReadAction\",\"target\":[\"https:\/\/institutchiaribcn.com\/fr\/communication-communiques-nouvelles\/\"]}]},{\"@type\":\"BreadcrumbList\",\"@id\":\"https:\/\/institutchiaribcn.com\/fr\/communication-communiques-nouvelles\/#breadcrumb\",\"itemListElement\":[{\"@type\":\"ListItem\",\"position\":1,\"name\":\"Portada\",\"item\":\"https:\/\/institutchiaribcn.com\/fr\/\"},{\"@type\":\"ListItem\",\"position\":2,\"name\":\"Communiqu\u00e9s\/nouvelles\"}]},{\"@type\":\"WebSite\",\"@id\":\"https:\/\/institutchiaribcn.com\/fr\/#website\",\"url\":\"https:\/\/institutchiaribcn.com\/fr\/\",\"name\":\"Institut Chiari de Barcelona\",\"description\":\"\",\"publisher\":{\"@id\":\"https:\/\/institutchiaribcn.com\/fr\/#organization\"},\"potentialAction\":[{\"@type\":\"SearchAction\",\"target\":{\"@type\":\"EntryPoint\",\"urlTemplate\":\"https:\/\/institutchiaribcn.com\/fr\/?s={search_term_string}\"},\"query-input\":{\"@type\":\"PropertyValueSpecification\",\"valueRequired\":true,\"valueName\":\"search_term_string\"}}],\"inLanguage\":\"fr-FR\"},{\"@type\":\"Organization\",\"@id\":\"https:\/\/institutchiaribcn.com\/fr\/#organization\",\"name\":\"Institut Chiari de Barcelona\",\"url\":\"https:\/\/institutchiaribcn.com\/fr\/\",\"logo\":{\"@type\":\"ImageObject\",\"inLanguage\":\"fr-FR\",\"@id\":\"https:\/\/institutchiaribcn.com\/fr\/#\/schema\/logo\/image\/\",\"url\":\"https:\/\/institutchiaribcn.com\/wp-content\/uploads\/2025\/10\/cropped-cropped-icsebNavLogo-1.png\",\"contentUrl\":\"https:\/\/institutchiaribcn.com\/wp-content\/uploads\/2025\/10\/cropped-cropped-icsebNavLogo-1.png\",\"width\":245,\"height\":99,\"caption\":\"Institut Chiari de Barcelona\"},\"image\":{\"@id\":\"https:\/\/institutchiaribcn.com\/fr\/#\/schema\/logo\/image\/\"}}]}<\/script>\n<!-- \/ Yoast SEO plugin. -->","yoast_head_json":{"title":"Communication - Communiqu\u00e9s\/nouvelles | ICSEB","description":"Retrouvez ici tous les communiqu\u00e9s et nouvelles de l\u2019Institut\u202fChiari de Barcelone sur ses activit\u00e9s, recherches et \u00e9v\u00e9nements.","robots":{"index":"index","follow":"follow","max-snippet":"max-snippet:-1","max-image-preview":"max-image-preview:large","max-video-preview":"max-video-preview:-1"},"canonical":"https:\/\/institutchiaribcn.com\/fr\/communication-communiques-nouvelles\/","og_locale":"fr_FR","og_type":"article","og_title":"Communication - Communiqu\u00e9s\/nouvelles | ICSEB","og_description":"Retrouvez ici tous les communiqu\u00e9s et nouvelles de l\u2019Institut\u202fChiari de Barcelone sur ses activit\u00e9s, recherches et \u00e9v\u00e9nements.","og_url":"https:\/\/institutchiaribcn.com\/fr\/communication-communiques-nouvelles\/","og_site_name":"Institut Chiari","article_modified_time":"2025-12-11T16:30:49+00:00","twitter_card":"summary_large_image","twitter_misc":{"Dur\u00e9e de lecture estim\u00e9e":"1 minute"},"schema":{"@context":"https:\/\/schema.org","@graph":[{"@type":"WebPage","@id":"https:\/\/institutchiaribcn.com\/fr\/communication-communiques-nouvelles\/","url":"https:\/\/institutchiaribcn.com\/fr\/communication-communiques-nouvelles\/","name":"Communication - Communiqu\u00e9s\/nouvelles | ICSEB","isPartOf":{"@id":"https:\/\/institutchiaribcn.com\/fr\/#website"},"datePublished":"2025-07-29T14:50:19+00:00","dateModified":"2025-12-11T16:30:49+00:00","description":"Retrouvez ici tous les communiqu\u00e9s et nouvelles de l\u2019Institut\u202fChiari de Barcelone sur ses activit\u00e9s, recherches et \u00e9v\u00e9nements.","breadcrumb":{"@id":"https:\/\/institutchiaribcn.com\/fr\/communication-communiques-nouvelles\/#breadcrumb"},"inLanguage":"fr-FR","potentialAction":[{"@type":"ReadAction","target":["https:\/\/institutchiaribcn.com\/fr\/communication-communiques-nouvelles\/"]}]},{"@type":"BreadcrumbList","@id":"https:\/\/institutchiaribcn.com\/fr\/communication-communiques-nouvelles\/#breadcrumb","itemListElement":[{"@type":"ListItem","position":1,"name":"Portada","item":"https:\/\/institutchiaribcn.com\/fr\/"},{"@type":"ListItem","position":2,"name":"Communiqu\u00e9s\/nouvelles"}]},{"@type":"WebSite","@id":"https:\/\/institutchiaribcn.com\/fr\/#website","url":"https:\/\/institutchiaribcn.com\/fr\/","name":"Institut Chiari de Barcelona","description":"","publisher":{"@id":"https:\/\/institutchiaribcn.com\/fr\/#organization"},"potentialAction":[{"@type":"SearchAction","target":{"@type":"EntryPoint","urlTemplate":"https:\/\/institutchiaribcn.com\/fr\/?s={search_term_string}"},"query-input":{"@type":"PropertyValueSpecification","valueRequired":true,"valueName":"search_term_string"}}],"inLanguage":"fr-FR"},{"@type":"Organization","@id":"https:\/\/institutchiaribcn.com\/fr\/#organization","name":"Institut Chiari de Barcelona","url":"https:\/\/institutchiaribcn.com\/fr\/","logo":{"@type":"ImageObject","inLanguage":"fr-FR","@id":"https:\/\/institutchiaribcn.com\/fr\/#\/schema\/logo\/image\/","url":"https:\/\/institutchiaribcn.com\/wp-content\/uploads\/2025\/10\/cropped-cropped-icsebNavLogo-1.png","contentUrl":"https:\/\/institutchiaribcn.com\/wp-content\/uploads\/2025\/10\/cropped-cropped-icsebNavLogo-1.png","width":245,"height":99,"caption":"Institut Chiari de Barcelona"},"image":{"@id":"https:\/\/institutchiaribcn.com\/fr\/#\/schema\/logo\/image\/"}}]}},"_links":{"self":[{"href":"https:\/\/institutchiaribcn.com\/fr\/wp-json\/wp\/v2\/pages\/113865","targetHints":{"allow":["GET"]}}],"collection":[{"href":"https:\/\/institutchiaribcn.com\/fr\/wp-json\/wp\/v2\/pages"}],"about":[{"href":"https:\/\/institutchiaribcn.com\/fr\/wp-json\/wp\/v2\/types\/page"}],"author":[{"embeddable":true,"href":"https:\/\/institutchiaribcn.com\/fr\/wp-json\/wp\/v2\/users\/1"}],"replies":[{"embeddable":true,"href":"https:\/\/institutchiaribcn.com\/fr\/wp-json\/wp\/v2\/comments?post=113865"}],"version-history":[{"count":3,"href":"https:\/\/institutchiaribcn.com\/fr\/wp-json\/wp\/v2\/pages\/113865\/revisions"}],"predecessor-version":[{"id":142839,"href":"https:\/\/institutchiaribcn.com\/fr\/wp-json\/wp\/v2\/pages\/113865\/revisions\/142839"}],"wp:attachment":[{"href":"https:\/\/institutchiaribcn.com\/fr\/wp-json\/wp\/v2\/media?parent=113865"}],"curies":[{"name":"wp","href":"https:\/\/api.w.org\/{rel}","templated":true}]}}