{"id":113551,"date":"2025-08-01T08:54:48","date_gmt":"2025-08-01T06:54:48","guid":{"rendered":"https:\/\/dev.institutchiaribcn.com\/testimonio\/"},"modified":"2026-02-11T11:47:42","modified_gmt":"2026-02-11T10:47:42","slug":"temoignages","status":"publish","type":"page","link":"https:\/\/institutchiaribcn.com\/fr\/temoignages\/","title":{"rendered":"T\u00e9moignages"},"content":{"rendered":"\t\t<div data-elementor-type=\"wp-page\" data-elementor-id=\"113551\" class=\"elementor elementor-113551 elementor-48249\" data-elementor-post-type=\"page\">\n\t\t\t\t<div class=\"elementor-element elementor-element-0172bb1 e-flex e-con-boxed e-con e-parent\" data-id=\"0172bb1\" data-element_type=\"container\" data-e-type=\"container\" data-settings=\"{&quot;background_background&quot;:&quot;classic&quot;}\">\n\t\t\t\t\t<div class=\"e-con-inner\">\n\t\t<div class=\"elementor-element elementor-element-3b20eec e-con-full e-flex e-con e-child\" data-id=\"3b20eec\" data-element_type=\"container\" data-e-type=\"container\">\n\t\t\t\t<div class=\"elementor-element elementor-element-7507769 elementor-widget elementor-widget-heading\" data-id=\"7507769\" data-element_type=\"widget\" data-e-type=\"widget\" data-widget_type=\"heading.default\">\n\t\t\t\t<div class=\"elementor-widget-container\">\n\t\t\t\t\t<h1 class=\"elementor-heading-title elementor-size-default\"> T\u00e9moignages <\/h1>\t\t\t\t<\/div>\n\t\t\t\t<\/div>\n\t\t\t\t<div class=\"elementor-element elementor-element-e735535 elementor-widget elementor-widget-heading\" data-id=\"e735535\" data-element_type=\"widget\" data-e-type=\"widget\" data-widget_type=\"heading.default\">\n\t\t\t\t<div class=\"elementor-widget-container\">\n\t\t\t\t\t<h2 class=\"elementor-heading-title elementor-size-default\">Institut Chiari &amp; Siringomielia &amp; Escoliosis de Barcelona<\/h2>\t\t\t\t<\/div>\n\t\t\t\t<\/div>\n\t\t\t\t<\/div>\n\t\t\t\t\t<\/div>\n\t\t\t\t<\/div>\n\t\t<div class=\"elementor-element elementor-element-4e661bb e-flex e-con-boxed e-con e-parent\" data-id=\"4e661bb\" data-element_type=\"container\" data-e-type=\"container\">\n\t\t\t\t\t<div class=\"e-con-inner\">\n\t\t<div class=\"elementor-element elementor-element-08994a2 e-grid e-con-full e-con e-child\" data-id=\"08994a2\" data-element_type=\"container\" data-e-type=\"container\">\n\t\t<a class=\"elementor-element elementor-element-26bd4ec e-con-full e-flex e-con e-child\" data-id=\"26bd4ec\" data-element_type=\"container\" data-e-type=\"container\" data-settings=\"{&quot;background_background&quot;:&quot;classic&quot;}\" href=\"https:\/\/institutchiaribcn.com\/fr\/temoignages-des-patients-francophones\/\">\n\t\t\t\t<div class=\"elementor-element elementor-element-a7e6f51 elementor-widget elementor-widget-heading\" data-id=\"a7e6f51\" data-element_type=\"widget\" data-e-type=\"widget\" data-widget_type=\"heading.default\">\n\t\t\t\t<div class=\"elementor-widget-container\">\n\t\t\t\t\t<p class=\"elementor-heading-title elementor-size-default\">T\u00e9moignages de patients espagnols et latino-am\u00e9ricains<\/p>\t\t\t\t<\/div>\n\t\t\t\t<\/div>\n\t\t\t\t<\/a>\n\t\t<a class=\"elementor-element elementor-element-ff1ceaf e-con-full e-flex e-con e-child\" data-id=\"ff1ceaf\" data-element_type=\"container\" data-e-type=\"container\" data-settings=\"{&quot;background_background&quot;:&quot;classic&quot;}\" href=\"https:\/\/institutchiaribcn.com\/fr\/temoignages-arnold-chiari\/\">\n\t\t\t\t<div class=\"elementor-element elementor-element-3b8ef2c elementor-widget elementor-widget-heading\" data-id=\"3b8ef2c\" data-element_type=\"widget\" data-e-type=\"widget\" data-widget_type=\"heading.default\">\n\t\t\t\t<div class=\"elementor-widget-container\">\n\t\t\t\t\t<p class=\"elementor-heading-title elementor-size-default\">T\u00e9moignages \u2013 Syndrome d\u2019Arnold-Chiari de type I<\/p>\t\t\t\t<\/div>\n\t\t\t\t<\/div>\n\t\t\t\t<\/a>\n\t\t<a class=\"elementor-element elementor-element-015fab8 e-con-full e-flex e-con e-child\" data-id=\"015fab8\" data-element_type=\"container\" data-e-type=\"container\" data-settings=\"{&quot;background_background&quot;:&quot;classic&quot;}\" href=\"https:\/\/institutchiaribcn.com\/fr\/section-du-filum-terminale-temoignages\/\">\n\t\t\t\t<div class=\"elementor-element elementor-element-6edf28a elementor-widget elementor-widget-heading\" data-id=\"6edf28a\" data-element_type=\"widget\" data-e-type=\"widget\" data-widget_type=\"heading.default\">\n\t\t\t\t<div class=\"elementor-widget-container\">\n\t\t\t\t\t<p class=\"elementor-heading-title elementor-size-default\">T\u00e9moignages \u2013 SFT apr\u00e8s craniectomie sous-occipitale (CSO)<\/p>\t\t\t\t<\/div>\n\t\t\t\t<\/div>\n\t\t\t\t<\/a>\n\t\t<a class=\"elementor-element elementor-element-29b1528 e-con-full e-flex e-con e-child\" data-id=\"29b1528\" data-element_type=\"container\" data-e-type=\"container\" data-settings=\"{&quot;background_background&quot;:&quot;classic&quot;}\" href=\"https:\/\/institutchiaribcn.com\/fr\/temoignages-syringomyelie-idiopatique\/\">\n\t\t\t\t<div class=\"elementor-element elementor-element-f80f1f7 elementor-widget elementor-widget-heading\" data-id=\"f80f1f7\" data-element_type=\"widget\" data-e-type=\"widget\" data-widget_type=\"heading.default\">\n\t\t\t\t<div class=\"elementor-widget-container\">\n\t\t\t\t\t<p class=\"elementor-heading-title elementor-size-default\">T\u00e9moignages \u2013 Syringomy\u00e9lie idiopathique<\/p>\t\t\t\t<\/div>\n\t\t\t\t<\/div>\n\t\t\t\t<\/a>\n\t\t<a class=\"elementor-element elementor-element-9071e28 e-con-full e-flex e-con e-child\" data-id=\"9071e28\" data-element_type=\"container\" data-e-type=\"container\" data-settings=\"{&quot;background_background&quot;:&quot;classic&quot;}\" href=\"https:\/\/institutchiaribcn.com\/fr\/sft-apres-laminectomie\/\">\n\t\t\t\t<div class=\"elementor-element elementor-element-cc0d8d4 elementor-widget elementor-widget-heading\" data-id=\"cc0d8d4\" data-element_type=\"widget\" data-e-type=\"widget\" data-widget_type=\"heading.default\">\n\t\t\t\t<div class=\"elementor-widget-container\">\n\t\t\t\t\t<p class=\"elementor-heading-title elementor-size-default\">T\u00e9moignages \u2013 SFT apr\u00e8s laminectomie et pose de cath\u00e9ter<\/p>\t\t\t\t<\/div>\n\t\t\t\t<\/div>\n\t\t\t\t<\/a>\n\t\t<a class=\"elementor-element elementor-element-3ff9c2c e-con-full e-flex e-con e-child\" data-id=\"3ff9c2c\" data-element_type=\"container\" data-e-type=\"container\" data-settings=\"{&quot;background_background&quot;:&quot;classic&quot;}\" href=\"https:\/\/institutchiaribcn.com\/fr\/scoliose-idiopathique\/\">\n\t\t\t\t<div class=\"elementor-element elementor-element-7451d70 elementor-widget elementor-widget-heading\" data-id=\"7451d70\" data-element_type=\"widget\" data-e-type=\"widget\" data-widget_type=\"heading.default\">\n\t\t\t\t<div class=\"elementor-widget-container\">\n\t\t\t\t\t<p class=\"elementor-heading-title elementor-size-default\">T\u00e9moignages \u2013 Scoliose idiopathique<\/p>\t\t\t\t<\/div>\n\t\t\t\t<\/div>\n\t\t\t\t<\/a>\n\t\t<a class=\"elementor-element elementor-element-2865a8c e-con-full e-flex e-con e-child\" data-id=\"2865a8c\" data-element_type=\"container\" data-e-type=\"container\" data-settings=\"{&quot;background_background&quot;:&quot;classic&quot;}\" href=\"https:\/\/institutchiaribcn.com\/fr\/colonne-vertebral-temoignages\/\">\n\t\t\t\t<div class=\"elementor-element elementor-element-f9d9ab4 elementor-widget elementor-widget-heading\" data-id=\"f9d9ab4\" data-element_type=\"widget\" data-e-type=\"widget\" data-widget_type=\"heading.default\">\n\t\t\t\t<div class=\"elementor-widget-container\">\n\t\t\t\t\t<p class=\"elementor-heading-title elementor-size-default\">T\u00e9moignages \u2013 Patients op\u00e9r\u00e9s de la colonne vert\u00e9brale<\/p>\t\t\t\t<\/div>\n\t\t\t\t<\/div>\n\t\t\t\t<\/a>\n\t\t<a class=\"elementor-element elementor-element-7995e75 e-con-full e-flex e-con e-child\" data-id=\"7995e75\" data-element_type=\"container\" data-e-type=\"container\" data-settings=\"{&quot;background_background&quot;:&quot;classic&quot;}\" href=\"https:\/\/institutchiaribcn.com\/fr\/temoignages-familles\/\">\n\t\t\t\t<div class=\"elementor-element elementor-element-ce790e9 elementor-widget elementor-widget-heading\" data-id=\"ce790e9\" data-element_type=\"widget\" data-e-type=\"widget\" data-widget_type=\"heading.default\">\n\t\t\t\t<div class=\"elementor-widget-container\">\n\t\t\t\t\t<p class=\"elementor-heading-title elementor-size-default\">T\u00e9moignages des familles de patients<\/p>\t\t\t\t<\/div>\n\t\t\t\t<\/div>\n\t\t\t\t<\/a>\n\t\t<a class=\"elementor-element elementor-element-b57ff08 e-con-full e-flex e-con e-child\" data-id=\"b57ff08\" data-element_type=\"container\" data-e-type=\"container\" data-settings=\"{&quot;background_background&quot;:&quot;classic&quot;}\" href=\"https:\/\/institutchiaribcn.com\/fr\/videos-temoignages\/\">\n\t\t\t\t<div class=\"elementor-element elementor-element-e10367b elementor-widget elementor-widget-heading\" data-id=\"e10367b\" data-element_type=\"widget\" data-e-type=\"widget\" data-widget_type=\"heading.default\">\n\t\t\t\t<div class=\"elementor-widget-container\">\n\t\t\t\t\t<p class=\"elementor-heading-title elementor-size-default\">Vid\u00e9os T\u00e9moignages\n<\/p>\t\t\t\t<\/div>\n\t\t\t\t<\/div>\n\t\t\t\t<\/a>\n\t\t<a class=\"elementor-element elementor-element-9ca1059 e-con-full e-flex e-con e-child\" data-id=\"9ca1059\" data-element_type=\"container\" data-e-type=\"container\" data-settings=\"{&quot;background_background&quot;:&quot;classic&quot;}\" href=\"https:\/\/institutchiaribcn.com\/fr\/videos-familials\/\">\n\t\t\t\t<div class=\"elementor-element elementor-element-98814f6 elementor-widget elementor-widget-heading\" data-id=\"98814f6\" data-element_type=\"widget\" data-e-type=\"widget\" data-widget_type=\"heading.default\">\n\t\t\t\t<div class=\"elementor-widget-container\">\n\t\t\t\t\t<p class=\"elementor-heading-title elementor-size-default\">Vid\u00e9os Familials\n<\/p>\t\t\t\t<\/div>\n\t\t\t\t<\/div>\n\t\t\t\t<\/a>\n\t\t<a class=\"elementor-element elementor-element-4543a9d e-con-full e-flex e-con e-child\" data-id=\"4543a9d\" data-element_type=\"container\" data-e-type=\"container\" data-settings=\"{&quot;background_background&quot;:&quot;classic&quot;}\" href=\"https:\/\/institutchiaribcn.com\/fr\/videos-des-professionnelles\/\">\n\t\t\t\t<div class=\"elementor-element elementor-element-651e002 elementor-widget elementor-widget-heading\" data-id=\"651e002\" data-element_type=\"widget\" data-e-type=\"widget\" data-widget_type=\"heading.default\">\n\t\t\t\t<div class=\"elementor-widget-container\">\n\t\t\t\t\t<p class=\"elementor-heading-title elementor-size-default\">Vid\u00e9os des professionnelles<\/p>\t\t\t\t<\/div>\n\t\t\t\t<\/div>\n\t\t\t\t<\/a>\n\t\t\t\t<\/div>\n\t\t\t\t\t<\/div>\n\t\t\t\t<\/div>\n\t\t\t\t<\/div>\n\t\t","protected":false},"excerpt":{"rendered":"<p>T\u00e9moignages Institut Chiari &amp; Siringomielia &amp; Escoliosis de Barcelona T\u00e9moignages de patients espagnols et latino-am\u00e9ricains T\u00e9moignages \u2013 Syndrome d\u2019Arnold-Chiari de type I T\u00e9moignages \u2013 SFT apr\u00e8s craniectomie sous-occipitale (CSO) T\u00e9moignages \u2013 Syringomy\u00e9lie idiopathique T\u00e9moignages \u2013 SFT apr\u00e8s laminectomie et pose de cath\u00e9ter T\u00e9moignages \u2013 Scoliose idiopathique T\u00e9moignages \u2013 Patients op\u00e9r\u00e9s de la colonne vert\u00e9brale T\u00e9moignages [&hellip;]<\/p>\n","protected":false},"author":1,"featured_media":0,"parent":0,"menu_order":0,"comment_status":"closed","ping_status":"closed","template":"","meta":{"footnotes":""},"class_list":["post-113551","page","type-page","status-publish","hentry"],"yoast_head":"<!-- This site is optimized with the Yoast SEO plugin v27.1.1 - https:\/\/yoast.com\/product\/yoast-seo-wordpress\/ -->\n<title>T\u00e9moignages patients | ICSEB<\/title>\n<meta name=\"description\" content=\"T\u00e9moignages de patients trait\u00e9s \u00e0 l\u2019Institut Chiari Barcelona pour Arnold-Chiari I, syringomy\u00e9lie et pathologies associ\u00e9es.\" \/>\n<meta name=\"robots\" content=\"index, follow, max-snippet:-1, max-image-preview:large, max-video-preview:-1\" \/>\n<link rel=\"canonical\" href=\"https:\/\/institutchiaribcn.com\/fr\/temoignages\/\" \/>\n<meta property=\"og:locale\" content=\"fr_FR\" \/>\n<meta property=\"og:type\" content=\"article\" \/>\n<meta property=\"og:title\" content=\"T\u00e9moignages patients | ICSEB\" \/>\n<meta property=\"og:description\" content=\"T\u00e9moignages de patients trait\u00e9s \u00e0 l\u2019Institut Chiari Barcelona pour Arnold-Chiari I, syringomy\u00e9lie et pathologies associ\u00e9es.\" \/>\n<meta property=\"og:url\" content=\"https:\/\/institutchiaribcn.com\/fr\/temoignages\/\" \/>\n<meta property=\"og:site_name\" content=\"Institut Chiari\" \/>\n<meta property=\"article:modified_time\" content=\"2026-02-11T10:47:42+00:00\" \/>\n<meta name=\"twitter:card\" content=\"summary_large_image\" \/>\n<meta name=\"twitter:label1\" content=\"Dur\u00e9e de lecture estim\u00e9e\" \/>\n\t<meta name=\"twitter:data1\" content=\"1 minute\" \/>\n<script type=\"application\/ld+json\" class=\"yoast-schema-graph\">{\"@context\":\"https:\/\/schema.org\",\"@graph\":[{\"@type\":\"WebPage\",\"@id\":\"https:\/\/institutchiaribcn.com\/fr\/temoignages\/\",\"url\":\"https:\/\/institutchiaribcn.com\/fr\/temoignages\/\",\"name\":\"T\u00e9moignages patients | ICSEB\",\"isPartOf\":{\"@id\":\"https:\/\/institutchiaribcn.com\/fr\/#website\"},\"datePublished\":\"2025-08-01T06:54:48+00:00\",\"dateModified\":\"2026-02-11T10:47:42+00:00\",\"description\":\"T\u00e9moignages de patients trait\u00e9s \u00e0 l\u2019Institut Chiari Barcelona pour Arnold-Chiari I, syringomy\u00e9lie et pathologies associ\u00e9es.\",\"breadcrumb\":{\"@id\":\"https:\/\/institutchiaribcn.com\/fr\/temoignages\/#breadcrumb\"},\"inLanguage\":\"fr-FR\",\"potentialAction\":[{\"@type\":\"ReadAction\",\"target\":[\"https:\/\/institutchiaribcn.com\/fr\/temoignages\/\"]}]},{\"@type\":\"BreadcrumbList\",\"@id\":\"https:\/\/institutchiaribcn.com\/fr\/temoignages\/#breadcrumb\",\"itemListElement\":[{\"@type\":\"ListItem\",\"position\":1,\"name\":\"Portada\",\"item\":\"https:\/\/institutchiaribcn.com\/fr\/\"},{\"@type\":\"ListItem\",\"position\":2,\"name\":\"T\u00e9moignages\"}]},{\"@type\":\"WebSite\",\"@id\":\"https:\/\/institutchiaribcn.com\/fr\/#website\",\"url\":\"https:\/\/institutchiaribcn.com\/fr\/\",\"name\":\"Institut Chiari de Barcelona\",\"description\":\"\",\"publisher\":{\"@id\":\"https:\/\/institutchiaribcn.com\/fr\/#organization\"},\"potentialAction\":[{\"@type\":\"SearchAction\",\"target\":{\"@type\":\"EntryPoint\",\"urlTemplate\":\"https:\/\/institutchiaribcn.com\/fr\/?s={search_term_string}\"},\"query-input\":{\"@type\":\"PropertyValueSpecification\",\"valueRequired\":true,\"valueName\":\"search_term_string\"}}],\"inLanguage\":\"fr-FR\"},{\"@type\":\"Organization\",\"@id\":\"https:\/\/institutchiaribcn.com\/fr\/#organization\",\"name\":\"Institut Chiari de Barcelona\",\"url\":\"https:\/\/institutchiaribcn.com\/fr\/\",\"logo\":{\"@type\":\"ImageObject\",\"inLanguage\":\"fr-FR\",\"@id\":\"https:\/\/institutchiaribcn.com\/fr\/#\/schema\/logo\/image\/\",\"url\":\"https:\/\/institutchiaribcn.com\/wp-content\/uploads\/2025\/10\/cropped-cropped-icsebNavLogo-1.png\",\"contentUrl\":\"https:\/\/institutchiaribcn.com\/wp-content\/uploads\/2025\/10\/cropped-cropped-icsebNavLogo-1.png\",\"width\":245,\"height\":99,\"caption\":\"Institut Chiari de Barcelona\"},\"image\":{\"@id\":\"https:\/\/institutchiaribcn.com\/fr\/#\/schema\/logo\/image\/\"}}]}<\/script>\n<!-- \/ Yoast SEO plugin. -->","yoast_head_json":{"title":"T\u00e9moignages patients | ICSEB","description":"T\u00e9moignages de patients trait\u00e9s \u00e0 l\u2019Institut Chiari Barcelona pour Arnold-Chiari I, syringomy\u00e9lie et pathologies associ\u00e9es.","robots":{"index":"index","follow":"follow","max-snippet":"max-snippet:-1","max-image-preview":"max-image-preview:large","max-video-preview":"max-video-preview:-1"},"canonical":"https:\/\/institutchiaribcn.com\/fr\/temoignages\/","og_locale":"fr_FR","og_type":"article","og_title":"T\u00e9moignages patients | ICSEB","og_description":"T\u00e9moignages de patients trait\u00e9s \u00e0 l\u2019Institut Chiari Barcelona pour Arnold-Chiari I, syringomy\u00e9lie et pathologies associ\u00e9es.","og_url":"https:\/\/institutchiaribcn.com\/fr\/temoignages\/","og_site_name":"Institut Chiari","article_modified_time":"2026-02-11T10:47:42+00:00","twitter_card":"summary_large_image","twitter_misc":{"Dur\u00e9e de lecture estim\u00e9e":"1 minute"},"schema":{"@context":"https:\/\/schema.org","@graph":[{"@type":"WebPage","@id":"https:\/\/institutchiaribcn.com\/fr\/temoignages\/","url":"https:\/\/institutchiaribcn.com\/fr\/temoignages\/","name":"T\u00e9moignages patients | ICSEB","isPartOf":{"@id":"https:\/\/institutchiaribcn.com\/fr\/#website"},"datePublished":"2025-08-01T06:54:48+00:00","dateModified":"2026-02-11T10:47:42+00:00","description":"T\u00e9moignages de patients trait\u00e9s \u00e0 l\u2019Institut Chiari Barcelona pour Arnold-Chiari I, syringomy\u00e9lie et pathologies associ\u00e9es.","breadcrumb":{"@id":"https:\/\/institutchiaribcn.com\/fr\/temoignages\/#breadcrumb"},"inLanguage":"fr-FR","potentialAction":[{"@type":"ReadAction","target":["https:\/\/institutchiaribcn.com\/fr\/temoignages\/"]}]},{"@type":"BreadcrumbList","@id":"https:\/\/institutchiaribcn.com\/fr\/temoignages\/#breadcrumb","itemListElement":[{"@type":"ListItem","position":1,"name":"Portada","item":"https:\/\/institutchiaribcn.com\/fr\/"},{"@type":"ListItem","position":2,"name":"T\u00e9moignages"}]},{"@type":"WebSite","@id":"https:\/\/institutchiaribcn.com\/fr\/#website","url":"https:\/\/institutchiaribcn.com\/fr\/","name":"Institut Chiari de Barcelona","description":"","publisher":{"@id":"https:\/\/institutchiaribcn.com\/fr\/#organization"},"potentialAction":[{"@type":"SearchAction","target":{"@type":"EntryPoint","urlTemplate":"https:\/\/institutchiaribcn.com\/fr\/?s={search_term_string}"},"query-input":{"@type":"PropertyValueSpecification","valueRequired":true,"valueName":"search_term_string"}}],"inLanguage":"fr-FR"},{"@type":"Organization","@id":"https:\/\/institutchiaribcn.com\/fr\/#organization","name":"Institut Chiari de Barcelona","url":"https:\/\/institutchiaribcn.com\/fr\/","logo":{"@type":"ImageObject","inLanguage":"fr-FR","@id":"https:\/\/institutchiaribcn.com\/fr\/#\/schema\/logo\/image\/","url":"https:\/\/institutchiaribcn.com\/wp-content\/uploads\/2025\/10\/cropped-cropped-icsebNavLogo-1.png","contentUrl":"https:\/\/institutchiaribcn.com\/wp-content\/uploads\/2025\/10\/cropped-cropped-icsebNavLogo-1.png","width":245,"height":99,"caption":"Institut Chiari de Barcelona"},"image":{"@id":"https:\/\/institutchiaribcn.com\/fr\/#\/schema\/logo\/image\/"}}]}},"_links":{"self":[{"href":"https:\/\/institutchiaribcn.com\/fr\/wp-json\/wp\/v2\/pages\/113551","targetHints":{"allow":["GET"]}}],"collection":[{"href":"https:\/\/institutchiaribcn.com\/fr\/wp-json\/wp\/v2\/pages"}],"about":[{"href":"https:\/\/institutchiaribcn.com\/fr\/wp-json\/wp\/v2\/types\/page"}],"author":[{"embeddable":true,"href":"https:\/\/institutchiaribcn.com\/fr\/wp-json\/wp\/v2\/users\/1"}],"replies":[{"embeddable":true,"href":"https:\/\/institutchiaribcn.com\/fr\/wp-json\/wp\/v2\/comments?post=113551"}],"version-history":[{"count":2,"href":"https:\/\/institutchiaribcn.com\/fr\/wp-json\/wp\/v2\/pages\/113551\/revisions"}],"predecessor-version":[{"id":145476,"href":"https:\/\/institutchiaribcn.com\/fr\/wp-json\/wp\/v2\/pages\/113551\/revisions\/145476"}],"wp:attachment":[{"href":"https:\/\/institutchiaribcn.com\/fr\/wp-json\/wp\/v2\/media?parent=113551"}],"curies":[{"name":"wp","href":"https:\/\/api.w.org\/{rel}","templated":true}]}}