{"id":130701,"date":"2025-10-31T13:05:21","date_gmt":"2025-10-31T12:05:21","guid":{"rendered":"https:\/\/dev.institutchiaribcn.com\/?page_id=130701"},"modified":"2026-01-19T10:50:32","modified_gmt":"2026-01-19T09:50:32","slug":"applicable-national-law","status":"publish","type":"page","link":"https:\/\/institutchiaribcn.com\/en\/applicable-national-law\/","title":{"rendered":"Applicable national law"},"content":{"rendered":"\t\t<div data-elementor-type=\"wp-page\" data-elementor-id=\"130701\" class=\"elementor elementor-130701 elementor-130121\" data-elementor-post-type=\"page\">\n\t\t\t\t<div class=\"elementor-element elementor-element-ec39d14 e-flex e-con-boxed e-con e-parent\" data-id=\"ec39d14\" data-element_type=\"container\" data-e-type=\"container\">\n\t\t\t\t\t<div class=\"e-con-inner\">\n\t\t\t\t<div class=\"elementor-element elementor-element-037baa3 elementor-widget elementor-widget-heading\" data-id=\"037baa3\" data-element_type=\"widget\" data-e-type=\"widget\" data-widget_type=\"heading.default\">\n\t\t\t\t<div class=\"elementor-widget-container\">\n\t\t\t\t\t<h1 class=\"elementor-heading-title elementor-size-default\">Applicable national law<\/h1>\t\t\t\t<\/div>\n\t\t\t\t<\/div>\n\t\t\t\t<div class=\"elementor-element elementor-element-2402d79 elementor-widget elementor-widget-text-editor\" data-id=\"2402d79\" data-element_type=\"widget\" data-e-type=\"widget\" data-widget_type=\"text-editor.default\">\n\t\t\t\t<div class=\"elementor-widget-container\">\n\t\t\t\t\t\t\t\t\t<div class=\"col-md-9\"><div class=\"panel panel-default panel-body\"><p class=\"text-muted aniview centerTXT\">Published by\u00a0<a title=\"Posts by ICSEB\" href=\"https:\/\/institutchiaribcn.com\/en\/author\/chiari\/\" rel=\"author\">ICSEB<\/a>\u00a0at 19 June, 2015<\/p><p><strong>\u2013 Ley 14\/1986, de 25 de abril General de Sanidad.<\/strong><\/p><p><a href=\"https:\/\/www.boe.es\/buscar\/pdf\/1986\/BOE-A-1986-10499-consolidado.pdf\">https:\/\/www.boe.es\/buscar\/pdf\/1986\/BOE-A-1986-10499-consolidado.pdf<\/a><\/p><p>\u00a0<\/p><p><strong>\u2013\u00a0Ley Org\u00e1nica 15\/1999, de 13 de diciembre, de Protecci\u00f3n de Datos de Car\u00e1cter Personal.<\/strong><\/p><p><a href=\"https:\/\/www.boe.es\/boe\/dias\/1999\/12\/14\/pdfs\/A43088-43099.pdf\">https:\/\/www.boe.es\/boe\/dias\/1999\/12\/14\/pdfs\/A43088-43099.pdf<\/a><\/p><p>\u00a0<\/p><p><strong>\u2013\u00a0Ley 21\/2000, de 29 de diciembre, sobre los derechos de informaci\u00f3n concernientes a la salud y la autonom\u00eda del paciente, y la documentaci\u00f3n cl\u00ednica.<\/strong><\/p><p><a href=\"https:\/\/www.boe.es\/diario_boe\/txt.php?id=BOE-A-2010-10215\">https:\/\/www.boe.es\/diario_boe\/txt.php?id=BOE-A-2010-10215<\/a><\/p><p>\u00a0<\/p><p><strong>\u2013\u00a0Carta de los derechos y deberes de los ciudadanos en relaci\u00f3n a la salud y a la atenci\u00f3n sanitaria, de 24 de julio de 2001. Generalitat de Catalunya, Departament de Salut i Seguretat Social.<\/strong><\/p><p><a href=\"https:\/\/www20.gencat.cat\/docs\/canalsalut\/Home%20Canal%20Salut\/Ciutadania\/Drets_i_deures\/documents\/esasscas.pdf\">https:\/\/www20.gencat.cat\/docs\/canalsalut\/Home%20Canal%20Salut\/Ciutadania\/Drets_i_deures\/documents\/esasscas.pdf<\/a><\/p><p>\u00a0<\/p><p><strong>\u2013\u00a0Ley 41\/2002, de 14 de noviembre, b\u00e1sica reguladora de la autonom\u00eda del paciente y de derechos y obligaciones en materia de informaci\u00f3n y documentaci\u00f3n cl\u00ednica.<\/strong><\/p><p><a href=\"https:\/\/www.boe.es\/boe\/dias\/2002\/11\/15\/pdfs\/A40126-40132.pdf\">https:\/\/www.boe.es\/boe\/dias\/2002\/11\/15\/pdfs\/A40126-40132.pdf<\/a><\/p><p>\u00a0<\/p><p><strong>\u2013\u00a0Ley 16\/2010, de 3 de junio, de modificaci\u00f3n de la Ley 21\/2000, de 29 de diciembre, sobre los derechos de informaci\u00f3n concerniente a la salud y la autonom\u00eda del paciente, y la documentaci\u00f3n cl\u00ednica.<\/strong><\/p><p><a href=\"https:\/\/www.boe.es\/boe\/dias\/2010\/06\/28\/pdfs\/BOE-A-2010-10215.pdf\">https:\/\/www.boe.es\/boe\/dias\/2010\/06\/28\/pdfs\/BOE-A-2010-10215.pdf<\/a><\/p><p>\u00a0<\/p><p><strong>\u2013\u00a0Real Decreto 81\/2014, de 7 de febrero, por el que se establecen normas para garantizar, la asistencia sanitaria transfronteriza, y por el que se modifica el Real Decreto 1718\/2010, de 17 de diciembre, sobre receta m\u00e9dica y \u00f3rdenes de dispensaci\u00f3n.<\/strong><\/p><\/div><\/div>\t\t\t\t\t\t\t\t<\/div>\n\t\t\t\t<\/div>\n\t\t\t\t\t<\/div>\n\t\t\t\t<\/div>\n\t\t\t\t<\/div>\n\t\t","protected":false},"excerpt":{"rendered":"<p>Applicable national law Published by\u00a0ICSEB\u00a0at 19 June, 2015 \u2013 Ley 14\/1986, de 25 de abril General de Sanidad. https:\/\/www.boe.es\/buscar\/pdf\/1986\/BOE-A-1986-10499-consolidado.pdf \u2013\u00a0Ley Org\u00e1nica 15\/1999, de 13 de diciembre, de Protecci\u00f3n de Datos de Car\u00e1cter Personal. https:\/\/www.boe.es\/boe\/dias\/1999\/12\/14\/pdfs\/A43088-43099.pdf \u2013\u00a0Ley 21\/2000, de 29 de diciembre, sobre los derechos de informaci\u00f3n concernientes a la salud y la autonom\u00eda del paciente, y [&hellip;]<\/p>\n","protected":false},"author":1,"featured_media":0,"parent":0,"menu_order":0,"comment_status":"closed","ping_status":"closed","template":"","meta":{"footnotes":""},"class_list":["post-130701","page","type-page","status-publish","hentry"],"yoast_head":"<!-- This site is optimized with the Yoast SEO plugin v27.1.1 - https:\/\/yoast.com\/product\/yoast-seo-wordpress\/ -->\n<title>Applicable national law | ICSEB<\/title>\n<meta name=\"description\" content=\"Key national legal provisions that affect patient access, consent and administrative procedures for medical care in Spain.\" \/>\n<meta name=\"robots\" content=\"index, follow, max-snippet:-1, max-image-preview:large, max-video-preview:-1\" \/>\n<link rel=\"canonical\" href=\"https:\/\/institutchiaribcn.com\/en\/applicable-national-law\/\" \/>\n<meta property=\"og:locale\" content=\"en_US\" \/>\n<meta property=\"og:type\" content=\"article\" \/>\n<meta property=\"og:title\" content=\"Applicable national law | ICSEB\" \/>\n<meta property=\"og:description\" content=\"Key national legal provisions that affect patient access, consent and administrative procedures for medical care in Spain.\" \/>\n<meta property=\"og:url\" content=\"https:\/\/institutchiaribcn.com\/en\/applicable-national-law\/\" \/>\n<meta property=\"og:site_name\" content=\"Institut Chiari\" \/>\n<meta property=\"article:modified_time\" content=\"2026-01-19T09:50:32+00:00\" \/>\n<meta name=\"twitter:card\" content=\"summary_large_image\" \/>\n<meta name=\"twitter:label1\" content=\"Est. reading time\" \/>\n\t<meta name=\"twitter:data1\" content=\"1 minute\" \/>\n<script type=\"application\/ld+json\" class=\"yoast-schema-graph\">{\"@context\":\"https:\/\/schema.org\",\"@graph\":[{\"@type\":\"WebPage\",\"@id\":\"https:\/\/institutchiaribcn.com\/en\/applicable-national-law\/\",\"url\":\"https:\/\/institutchiaribcn.com\/en\/applicable-national-law\/\",\"name\":\"Applicable national law | ICSEB\",\"isPartOf\":{\"@id\":\"https:\/\/institutchiaribcn.com\/en\/#website\"},\"datePublished\":\"2025-10-31T12:05:21+00:00\",\"dateModified\":\"2026-01-19T09:50:32+00:00\",\"description\":\"Key national legal provisions that affect patient access, consent and administrative procedures for medical care in Spain.\",\"breadcrumb\":{\"@id\":\"https:\/\/institutchiaribcn.com\/en\/applicable-national-law\/#breadcrumb\"},\"inLanguage\":\"en-US\",\"potentialAction\":[{\"@type\":\"ReadAction\",\"target\":[\"https:\/\/institutchiaribcn.com\/en\/applicable-national-law\/\"]}]},{\"@type\":\"BreadcrumbList\",\"@id\":\"https:\/\/institutchiaribcn.com\/en\/applicable-national-law\/#breadcrumb\",\"itemListElement\":[{\"@type\":\"ListItem\",\"position\":1,\"name\":\"Portada\",\"item\":\"https:\/\/institutchiaribcn.com\/en\/\"},{\"@type\":\"ListItem\",\"position\":2,\"name\":\"Applicable national law\"}]},{\"@type\":\"WebSite\",\"@id\":\"https:\/\/institutchiaribcn.com\/en\/#website\",\"url\":\"https:\/\/institutchiaribcn.com\/en\/\",\"name\":\"Institut Chiari de Barcelona\",\"description\":\"\",\"publisher\":{\"@id\":\"https:\/\/institutchiaribcn.com\/en\/#organization\"},\"potentialAction\":[{\"@type\":\"SearchAction\",\"target\":{\"@type\":\"EntryPoint\",\"urlTemplate\":\"https:\/\/institutchiaribcn.com\/en\/?s={search_term_string}\"},\"query-input\":{\"@type\":\"PropertyValueSpecification\",\"valueRequired\":true,\"valueName\":\"search_term_string\"}}],\"inLanguage\":\"en-US\"},{\"@type\":\"Organization\",\"@id\":\"https:\/\/institutchiaribcn.com\/en\/#organization\",\"name\":\"Institut Chiari de Barcelona\",\"url\":\"https:\/\/institutchiaribcn.com\/en\/\",\"logo\":{\"@type\":\"ImageObject\",\"inLanguage\":\"en-US\",\"@id\":\"https:\/\/institutchiaribcn.com\/en\/#\/schema\/logo\/image\/\",\"url\":\"https:\/\/institutchiaribcn.com\/wp-content\/uploads\/2025\/10\/cropped-cropped-icsebNavLogo-1.png\",\"contentUrl\":\"https:\/\/institutchiaribcn.com\/wp-content\/uploads\/2025\/10\/cropped-cropped-icsebNavLogo-1.png\",\"width\":245,\"height\":99,\"caption\":\"Institut Chiari de Barcelona\"},\"image\":{\"@id\":\"https:\/\/institutchiaribcn.com\/en\/#\/schema\/logo\/image\/\"}}]}<\/script>\n<!-- \/ Yoast SEO plugin. -->","yoast_head_json":{"title":"Applicable national law | ICSEB","description":"Key national legal provisions that affect patient access, consent and administrative procedures for medical care in Spain.","robots":{"index":"index","follow":"follow","max-snippet":"max-snippet:-1","max-image-preview":"max-image-preview:large","max-video-preview":"max-video-preview:-1"},"canonical":"https:\/\/institutchiaribcn.com\/en\/applicable-national-law\/","og_locale":"en_US","og_type":"article","og_title":"Applicable national law | ICSEB","og_description":"Key national legal provisions that affect patient access, consent and administrative procedures for medical care in Spain.","og_url":"https:\/\/institutchiaribcn.com\/en\/applicable-national-law\/","og_site_name":"Institut Chiari","article_modified_time":"2026-01-19T09:50:32+00:00","twitter_card":"summary_large_image","twitter_misc":{"Est. reading time":"1 minute"},"schema":{"@context":"https:\/\/schema.org","@graph":[{"@type":"WebPage","@id":"https:\/\/institutchiaribcn.com\/en\/applicable-national-law\/","url":"https:\/\/institutchiaribcn.com\/en\/applicable-national-law\/","name":"Applicable national law | ICSEB","isPartOf":{"@id":"https:\/\/institutchiaribcn.com\/en\/#website"},"datePublished":"2025-10-31T12:05:21+00:00","dateModified":"2026-01-19T09:50:32+00:00","description":"Key national legal provisions that affect patient access, consent and administrative procedures for medical care in Spain.","breadcrumb":{"@id":"https:\/\/institutchiaribcn.com\/en\/applicable-national-law\/#breadcrumb"},"inLanguage":"en-US","potentialAction":[{"@type":"ReadAction","target":["https:\/\/institutchiaribcn.com\/en\/applicable-national-law\/"]}]},{"@type":"BreadcrumbList","@id":"https:\/\/institutchiaribcn.com\/en\/applicable-national-law\/#breadcrumb","itemListElement":[{"@type":"ListItem","position":1,"name":"Portada","item":"https:\/\/institutchiaribcn.com\/en\/"},{"@type":"ListItem","position":2,"name":"Applicable national law"}]},{"@type":"WebSite","@id":"https:\/\/institutchiaribcn.com\/en\/#website","url":"https:\/\/institutchiaribcn.com\/en\/","name":"Institut Chiari de Barcelona","description":"","publisher":{"@id":"https:\/\/institutchiaribcn.com\/en\/#organization"},"potentialAction":[{"@type":"SearchAction","target":{"@type":"EntryPoint","urlTemplate":"https:\/\/institutchiaribcn.com\/en\/?s={search_term_string}"},"query-input":{"@type":"PropertyValueSpecification","valueRequired":true,"valueName":"search_term_string"}}],"inLanguage":"en-US"},{"@type":"Organization","@id":"https:\/\/institutchiaribcn.com\/en\/#organization","name":"Institut Chiari de Barcelona","url":"https:\/\/institutchiaribcn.com\/en\/","logo":{"@type":"ImageObject","inLanguage":"en-US","@id":"https:\/\/institutchiaribcn.com\/en\/#\/schema\/logo\/image\/","url":"https:\/\/institutchiaribcn.com\/wp-content\/uploads\/2025\/10\/cropped-cropped-icsebNavLogo-1.png","contentUrl":"https:\/\/institutchiaribcn.com\/wp-content\/uploads\/2025\/10\/cropped-cropped-icsebNavLogo-1.png","width":245,"height":99,"caption":"Institut Chiari de Barcelona"},"image":{"@id":"https:\/\/institutchiaribcn.com\/en\/#\/schema\/logo\/image\/"}}]}},"_links":{"self":[{"href":"https:\/\/institutchiaribcn.com\/en\/wp-json\/wp\/v2\/pages\/130701","targetHints":{"allow":["GET"]}}],"collection":[{"href":"https:\/\/institutchiaribcn.com\/en\/wp-json\/wp\/v2\/pages"}],"about":[{"href":"https:\/\/institutchiaribcn.com\/en\/wp-json\/wp\/v2\/types\/page"}],"author":[{"embeddable":true,"href":"https:\/\/institutchiaribcn.com\/en\/wp-json\/wp\/v2\/users\/1"}],"replies":[{"embeddable":true,"href":"https:\/\/institutchiaribcn.com\/en\/wp-json\/wp\/v2\/comments?post=130701"}],"version-history":[{"count":1,"href":"https:\/\/institutchiaribcn.com\/en\/wp-json\/wp\/v2\/pages\/130701\/revisions"}],"predecessor-version":[{"id":144112,"href":"https:\/\/institutchiaribcn.com\/en\/wp-json\/wp\/v2\/pages\/130701\/revisions\/144112"}],"wp:attachment":[{"href":"https:\/\/institutchiaribcn.com\/en\/wp-json\/wp\/v2\/media?parent=130701"}],"curies":[{"name":"wp","href":"https:\/\/api.w.org\/{rel}","templated":true}]}}