{"id":66464,"date":"2025-06-17T16:54:11","date_gmt":"2025-06-17T14:54:11","guid":{"rendered":"https:\/\/dev.institutchiaribcn.com\/tasas-exito-icseb\/"},"modified":"2026-02-18T11:15:36","modified_gmt":"2026-02-18T10:15:36","slug":"icseb-erfolgsrate","status":"publish","type":"page","link":"https:\/\/institutchiaribcn.com\/de\/icseb-erfolgsrate\/","title":{"rendered":"ICSEB Erfolgsquoten"},"content":{"rendered":"\t\t<div data-elementor-type=\"wp-page\" data-elementor-id=\"66464\" class=\"elementor elementor-66464 elementor-202\" data-elementor-post-type=\"page\">\n\t\t\t\t<div class=\"elementor-element elementor-element-80f53d4 e-flex e-con-boxed e-con e-parent\" data-id=\"80f53d4\" data-element_type=\"container\" data-e-type=\"container\">\n\t\t\t\t\t<div class=\"e-con-inner\">\n\t\t<div class=\"elementor-element elementor-element-75b05ed e-con-full e-flex e-con e-child\" data-id=\"75b05ed\" data-element_type=\"container\" data-e-type=\"container\">\n\t\t\t\t<div class=\"elementor-element elementor-element-6fd43a8 elementor-widget elementor-widget-heading\" data-id=\"6fd43a8\" data-element_type=\"widget\" data-e-type=\"widget\" data-widget_type=\"heading.default\">\n\t\t\t\t<div class=\"elementor-widget-container\">\n\t\t\t\t\t<h1 class=\"elementor-heading-title elementor-size-default\">Erfolgsquoten des ICSEB\n<\/h1>\t\t\t\t<\/div>\n\t\t\t\t<\/div>\n\t\t\t\t<div class=\"elementor-element elementor-element-be9add3 elementor-widget elementor-widget-text-editor\" data-id=\"be9add3\" data-element_type=\"widget\" data-e-type=\"widget\" data-widget_type=\"text-editor.default\">\n\t\t\t\t<div class=\"elementor-widget-container\">\n\t\t\t\t\t\t\t\t\t<p>Die von aufgrund verschiedener Wirbels\u00e4ulenleiden operierten Patienten gesammelten Ergebnisse, sind die besten im Vergleich zu der befragten Bibliographie. Im Vergleich zu der bestehenden Statistik, befinden sich auch unsere Ergebnisse bez\u00fcglich Erkrankungen der Lendenwirbels\u00e4ule im Arbeitsbereich unter den besten.<\/p><p>Dies ist in angesehenen Zeitschriften der medizinischen Fachrichtungen Neurologie und Neurochirurgie in verschiedenen Sprachen (spanisch, englisch, franz\u00f6sisch) ver\u00f6ffentlicht.<\/p><p>Sehen Sie hier die Zufriedenheitsquote von mehr als 900 anhand unserer Methode\u00a0<strong>Filum System<sup>\u00ae<\/sup><\/strong>\u00a0wegen des Arnold-Chiari Syndroms Typ I, Syringomyelie, Skoliose, basil\u00e4rer Invagination, Platybasie, Dorsalverlagerung des Dens axis, Kinking des Hirnstamms und anderen Krankheiten operierten Patienten ein. Die Methode beinhaltet 12 Protokolle, das vierte davon ist das unserer exklusiven chirurgischen Verfahrensweise der Durchtrennung des Filum terminale.<\/p>\t\t\t\t\t\t\t\t<\/div>\n\t\t\t\t<\/div>\n\t\t\t\t<\/div>\n\t\t<div class=\"elementor-element elementor-element-54b6414 e-con-full e-flex e-con e-child\" data-id=\"54b6414\" data-element_type=\"container\" data-e-type=\"container\">\n\t\t\t\t<div class=\"elementor-element elementor-element-b5460ef elementor-widget elementor-widget-html\" data-id=\"b5460ef\" data-element_type=\"widget\" data-e-type=\"widget\" data-widget_type=\"html.default\">\n\t\t\t\t<div class=\"elementor-widget-container\">\n\t\t\t\t\t<iframe loading=\"lazy\" class=\"hidden-col-xs hidden-sm visible-md visible-lg\" src=\"https:\/\/institutchiaribcn.com\/erfolgsquoten-des-icseb.htm\" width=\"600\" height=\"400\" frameborder=\"0\" scrolling=\"no\"><\/iframe>\t\t\t\t<\/div>\n\t\t\t\t<\/div>\n\t\t\t\t<\/div>\n\t\t\t\t\t<\/div>\n\t\t\t\t<\/div>\n\t\t<div class=\"elementor-element elementor-element-9e15a43 e-flex e-con-boxed e-con e-parent\" data-id=\"9e15a43\" data-element_type=\"container\" data-e-type=\"container\" data-settings=\"{&quot;background_background&quot;:&quot;classic&quot;}\">\n\t\t\t\t\t<div class=\"e-con-inner\">\n\t\t\t\t<div class=\"elementor-element elementor-element-af4925f elementor-widget elementor-widget-text-editor\" data-id=\"af4925f\" data-element_type=\"widget\" data-e-type=\"widget\" data-widget_type=\"text-editor.default\">\n\t\t\t\t<div class=\"elementor-widget-container\">\n\t\t\t\t\t\t\t\t\t<p>Die Symptome und klinischen Zeichen, die unsere Arnold-Chiari Syndrom Typ I, idiopathische Syringomyelie und Skoliose Patienten haupts\u00e4chlich betreffen, k\u00f6nnen auf Grafiken 1 und 2 eingesehen werden. Sie spiegeln das klinische Bild einer Auswahl von 400 Patienten wider.<\/p>\t\t\t\t\t\t\t\t<\/div>\n\t\t\t\t<\/div>\n\t\t<div class=\"elementor-element elementor-element-041475b e-con-full e-flex e-con e-child\" data-id=\"041475b\" data-element_type=\"container\" data-e-type=\"container\">\n\t\t\t\t<div class=\"elementor-element elementor-element-7448aaf elementor-widget elementor-widget-image\" data-id=\"7448aaf\" data-element_type=\"widget\" data-e-type=\"widget\" data-widget_type=\"image.default\">\n\t\t\t\t<div class=\"elementor-widget-container\">\n\t\t\t\t\t\t\t\t\t\t\t\t<figure class=\"wp-caption\">\n\t\t\t\t\t\t\t\t\t\t<img fetchpriority=\"high\" decoding=\"async\" width=\"800\" height=\"555\" src=\"https:\/\/institutchiaribcn.com\/wp-content\/uploads\/2025\/09\/Grafik-1-Die-haufigsten-Symptome-bei-Filum-Krankheit-Patienten-1024x711.png\" class=\"attachment-large size-large wp-image-66467\" alt=\"Grafik 1 Die h\u00e4ufigsten Symptome bei Filum-Krankheit Patienten\" srcset=\"https:\/\/institutchiaribcn.com\/wp-content\/uploads\/2025\/09\/Grafik-1-Die-haufigsten-Symptome-bei-Filum-Krankheit-Patienten-1024x711.png 1024w, https:\/\/institutchiaribcn.com\/wp-content\/uploads\/2025\/09\/Grafik-1-Die-haufigsten-Symptome-bei-Filum-Krankheit-Patienten-300x208.png 300w, https:\/\/institutchiaribcn.com\/wp-content\/uploads\/2025\/09\/Grafik-1-Die-haufigsten-Symptome-bei-Filum-Krankheit-Patienten-768x533.png 768w, https:\/\/institutchiaribcn.com\/wp-content\/uploads\/2025\/09\/Grafik-1-Die-haufigsten-Symptome-bei-Filum-Krankheit-Patienten-1536x1067.png 1536w, https:\/\/institutchiaribcn.com\/wp-content\/uploads\/2025\/09\/Grafik-1-Die-haufigsten-Symptome-bei-Filum-Krankheit-Patienten.png 1698w\" sizes=\"(max-width: 800px) 100vw, 800px\" \/>\t\t\t\t\t\t\t\t\t\t\t<figcaption class=\"widget-image-caption wp-caption-text\">Grafik 1: Die h\u00e4ufigsten Symptome bei Filum-Krankheit Patienten<\/figcaption>\n\t\t\t\t\t\t\t\t\t\t<\/figure>\n\t\t\t\t\t\t\t\t\t<\/div>\n\t\t\t\t<\/div>\n\t\t\t\t<div class=\"elementor-element elementor-element-447f779 elementor-widget elementor-widget-image\" data-id=\"447f779\" data-element_type=\"widget\" data-e-type=\"widget\" data-widget_type=\"image.default\">\n\t\t\t\t<div class=\"elementor-widget-container\">\n\t\t\t\t\t\t\t\t\t\t\t\t<figure class=\"wp-caption\">\n\t\t\t\t\t\t\t\t\t\t<img decoding=\"async\" width=\"800\" height=\"510\" src=\"https:\/\/institutchiaribcn.com\/wp-content\/uploads\/2025\/09\/Grafik-2-Die-haufigsten-klinischen-Zeichen-bei-Filum-Krankheit-Patienten-1024x653.png\" class=\"attachment-large size-large wp-image-66481\" alt=\"Grafik 2 Die h\u00e4ufigsten klinischen Zeichen bei Filum-Krankheit Patienten\" srcset=\"https:\/\/institutchiaribcn.com\/wp-content\/uploads\/2025\/09\/Grafik-2-Die-haufigsten-klinischen-Zeichen-bei-Filum-Krankheit-Patienten-1024x653.png 1024w, https:\/\/institutchiaribcn.com\/wp-content\/uploads\/2025\/09\/Grafik-2-Die-haufigsten-klinischen-Zeichen-bei-Filum-Krankheit-Patienten-300x191.png 300w, https:\/\/institutchiaribcn.com\/wp-content\/uploads\/2025\/09\/Grafik-2-Die-haufigsten-klinischen-Zeichen-bei-Filum-Krankheit-Patienten-768x490.png 768w, https:\/\/institutchiaribcn.com\/wp-content\/uploads\/2025\/09\/Grafik-2-Die-haufigsten-klinischen-Zeichen-bei-Filum-Krankheit-Patienten-1536x980.png 1536w, https:\/\/institutchiaribcn.com\/wp-content\/uploads\/2025\/09\/Grafik-2-Die-haufigsten-klinischen-Zeichen-bei-Filum-Krankheit-Patienten.png 1913w\" sizes=\"(max-width: 800px) 100vw, 800px\" \/>\t\t\t\t\t\t\t\t\t\t\t<figcaption class=\"widget-image-caption wp-caption-text\">Grafik 2: Die h\u00e4ufigsten klinischen Zeichen bei Filum-Krankheit Patienten<\/figcaption>\n\t\t\t\t\t\t\t\t\t\t<\/figure>\n\t\t\t\t\t\t\t\t\t<\/div>\n\t\t\t\t<\/div>\n\t\t\t\t<\/div>\n\t\t\t\t\t<\/div>\n\t\t\t\t<\/div>\n\t\t<div class=\"elementor-element elementor-element-7f00dc9 e-flex e-con-boxed e-con e-parent\" data-id=\"7f00dc9\" data-element_type=\"container\" data-e-type=\"container\" data-settings=\"{&quot;background_background&quot;:&quot;classic&quot;}\">\n\t\t\t\t\t<div class=\"e-con-inner\">\n\t\t\t\t<div class=\"elementor-element elementor-element-7b892e7 elementor-widget elementor-widget-text-editor\" data-id=\"7b892e7\" data-element_type=\"widget\" data-e-type=\"widget\" data-widget_type=\"text-editor.default\">\n\t\t\t\t<div class=\"elementor-widget-container\">\n\t\t\t\t\t\t\t\t\t<p>In der postoperativen Nachsorge kann man eine Verbesserung bei Symptomen und klinischen Zeichen bei einer gro\u00dfen Mehrheit von Patienten, bei denen die Methode angewandt wurde, beobachten. Hier zu sehen in Grafiken 3 und 4, bei einer Auswahl von 240 Ein-Jahres-Kontrolluntersuchungen.<\/p>\t\t\t\t\t\t\t\t<\/div>\n\t\t\t\t<\/div>\n\t\t<div class=\"elementor-element elementor-element-4e681a9 e-con-full e-flex e-con e-child\" data-id=\"4e681a9\" data-element_type=\"container\" data-e-type=\"container\">\n\t\t\t\t<div class=\"elementor-element elementor-element-e46339a elementor-widget elementor-widget-image\" data-id=\"e46339a\" data-element_type=\"widget\" data-e-type=\"widget\" data-widget_type=\"image.default\">\n\t\t\t\t<div class=\"elementor-widget-container\">\n\t\t\t\t\t\t\t\t\t\t\t\t<figure class=\"wp-caption\">\n\t\t\t\t\t\t\t\t\t\t<img decoding=\"async\" width=\"800\" height=\"594\" src=\"https:\/\/institutchiaribcn.com\/wp-content\/uploads\/2025\/09\/Grafik-3-Besserung-der-Filum-Krankheit-Symptome-nach-Anwendung-des-Filum-System\u00ae-1024x760.png\" class=\"attachment-large size-large wp-image-66496\" alt=\"Grafik 3 Besserung der Filum-Krankheit Symptome nach Anwendung des Filum System\u00ae\" srcset=\"https:\/\/institutchiaribcn.com\/wp-content\/uploads\/2025\/09\/Grafik-3-Besserung-der-Filum-Krankheit-Symptome-nach-Anwendung-des-Filum-System\u00ae-1024x760.png 1024w, https:\/\/institutchiaribcn.com\/wp-content\/uploads\/2025\/09\/Grafik-3-Besserung-der-Filum-Krankheit-Symptome-nach-Anwendung-des-Filum-System\u00ae-300x223.png 300w, https:\/\/institutchiaribcn.com\/wp-content\/uploads\/2025\/09\/Grafik-3-Besserung-der-Filum-Krankheit-Symptome-nach-Anwendung-des-Filum-System\u00ae-768x570.png 768w, https:\/\/institutchiaribcn.com\/wp-content\/uploads\/2025\/09\/Grafik-3-Besserung-der-Filum-Krankheit-Symptome-nach-Anwendung-des-Filum-System\u00ae-1536x1140.png 1536w, https:\/\/institutchiaribcn.com\/wp-content\/uploads\/2025\/09\/Grafik-3-Besserung-der-Filum-Krankheit-Symptome-nach-Anwendung-des-Filum-System\u00ae.png 1593w\" sizes=\"(max-width: 800px) 100vw, 800px\" \/>\t\t\t\t\t\t\t\t\t\t\t<figcaption class=\"widget-image-caption wp-caption-text\">Grafik 3: Besserung der Filum-Krankheit Symptome nach Anwendung des Filum System\u00ae<\/figcaption>\n\t\t\t\t\t\t\t\t\t\t<\/figure>\n\t\t\t\t\t\t\t\t\t<\/div>\n\t\t\t\t<\/div>\n\t\t\t\t<div class=\"elementor-element elementor-element-bf7c6e2 elementor-widget elementor-widget-image\" data-id=\"bf7c6e2\" data-element_type=\"widget\" data-e-type=\"widget\" data-widget_type=\"image.default\">\n\t\t\t\t<div class=\"elementor-widget-container\">\n\t\t\t\t\t\t\t\t\t\t\t\t<figure class=\"wp-caption\">\n\t\t\t\t\t\t\t\t\t\t<img loading=\"lazy\" decoding=\"async\" width=\"800\" height=\"510\" src=\"https:\/\/institutchiaribcn.com\/wp-content\/uploads\/2025\/09\/Grafik-4-Besserung-der-klinischen-Zeichen-der-Filum-Krankheit-nach-Anwendung-des-Filum-System\u00ae-1024x653.png\" class=\"attachment-large size-large wp-image-66515\" alt=\"Grafik 4 Besserung der klinischen Zeichen der Filum-Krankheit nach Anwendung des Filum System\u00ae\" srcset=\"https:\/\/institutchiaribcn.com\/wp-content\/uploads\/2025\/09\/Grafik-4-Besserung-der-klinischen-Zeichen-der-Filum-Krankheit-nach-Anwendung-des-Filum-System\u00ae-1024x653.png 1024w, https:\/\/institutchiaribcn.com\/wp-content\/uploads\/2025\/09\/Grafik-4-Besserung-der-klinischen-Zeichen-der-Filum-Krankheit-nach-Anwendung-des-Filum-System\u00ae-300x191.png 300w, https:\/\/institutchiaribcn.com\/wp-content\/uploads\/2025\/09\/Grafik-4-Besserung-der-klinischen-Zeichen-der-Filum-Krankheit-nach-Anwendung-des-Filum-System\u00ae-768x490.png 768w, https:\/\/institutchiaribcn.com\/wp-content\/uploads\/2025\/09\/Grafik-4-Besserung-der-klinischen-Zeichen-der-Filum-Krankheit-nach-Anwendung-des-Filum-System\u00ae-1536x980.png 1536w, https:\/\/institutchiaribcn.com\/wp-content\/uploads\/2025\/09\/Grafik-4-Besserung-der-klinischen-Zeichen-der-Filum-Krankheit-nach-Anwendung-des-Filum-System\u00ae.png 1913w\" sizes=\"(max-width: 800px) 100vw, 800px\" \/>\t\t\t\t\t\t\t\t\t\t\t<figcaption class=\"widget-image-caption wp-caption-text\">Grafik 4: Besserung der klinischen Zeichen der Filum-Krankheit nach Anwendung des Filum System\u00ae<\/figcaption>\n\t\t\t\t\t\t\t\t\t\t<\/figure>\n\t\t\t\t\t\t\t\t\t<\/div>\n\t\t\t\t<\/div>\n\t\t\t\t<\/div>\n\t\t\t\t\t<\/div>\n\t\t\t\t<\/div>\n\t\t<div class=\"elementor-element elementor-element-3336d4a e-flex e-con-boxed e-con e-parent\" data-id=\"3336d4a\" data-element_type=\"container\" data-e-type=\"container\">\n\t\t\t\t\t<div class=\"e-con-inner\">\n\t\t\t\t<div class=\"elementor-element elementor-element-a220e9b elementor-widget elementor-widget-text-editor\" data-id=\"a220e9b\" data-element_type=\"widget\" data-e-type=\"widget\" data-widget_type=\"text-editor.default\">\n\t\t\t\t<div class=\"elementor-widget-container\">\n\t\t\t\t\t\t\t\t\t<p>Dank der hervorragenden erreichten klinischen Ergebnisse, erreichen uns Patienten aus bisher 79 Herkunftsl\u00e4ndern.<br \/><br \/>Wir sind stolz auf diesen Erfolg und er regt uns an, unsere Dienstleistungen stetig zu verbessern, so dass ein jeder Patient, der anreist, um von unseren Spezialisten behandelt zu werden, sich behaglich und zufrieden w\u00e4hrend des Aufenthalts in Barcelona f\u00fchlt und auch sp\u00e4ter, bei der Begleitung, die wir auf Distanz anbieten und so eine therapeutische Beziehung nach einem Eingriff auf internationalem Niveau weiterf\u00fchren.<\/p>\t\t\t\t\t\t\t\t<\/div>\n\t\t\t\t<\/div>\n\t\t\t\t\t<\/div>\n\t\t\t\t<\/div>\n\t\t<div class=\"elementor-element elementor-element-28f0c9b e-flex e-con-boxed e-con e-parent\" data-id=\"28f0c9b\" data-element_type=\"container\" data-e-type=\"container\">\n\t\t\t\t\t<div class=\"e-con-inner\">\n\t\t\t\t<div class=\"elementor-element elementor-element-e17467a elementor-widget elementor-widget-html\" data-id=\"e17467a\" data-element_type=\"widget\" data-e-type=\"widget\" data-widget_type=\"html.default\">\n\t\t\t\t<div class=\"elementor-widget-container\">\n\t\t\t\t\t<iframe loading=\"lazy\" src=\"https:\/\/www.google.com\/maps\/d\/embed?mid=1yjBm0tRPGWd_37LSS_hxsRia27A\" height=\"580\" frameborder=\"0\" style=\"pointer-event:none;\"><\/iframe>\t\t\t\t<\/div>\n\t\t\t\t<\/div>\n\t\t\t\t\t<\/div>\n\t\t\t\t<\/div>\n\t\t\t\t<\/div>\n\t\t","protected":false},"excerpt":{"rendered":"<p>Erfolgsquoten des ICSEB Die von aufgrund verschiedener Wirbels\u00e4ulenleiden operierten Patienten gesammelten Ergebnisse, sind die besten im Vergleich zu der befragten Bibliographie. Im Vergleich zu der bestehenden Statistik, befinden sich auch unsere Ergebnisse bez\u00fcglich Erkrankungen der Lendenwirbels\u00e4ule im Arbeitsbereich unter den besten. Dies ist in angesehenen Zeitschriften der medizinischen Fachrichtungen Neurologie und Neurochirurgie in verschiedenen Sprachen [&hellip;]<\/p>\n","protected":false},"author":1,"featured_media":0,"parent":0,"menu_order":8,"comment_status":"closed","ping_status":"closed","template":"","meta":{"footnotes":""},"class_list":["post-66464","page","type-page","status-publish","hentry"],"yoast_head":"<!-- This site is optimized with the Yoast SEO plugin v27.1.1 - https:\/\/yoast.com\/product\/yoast-seo-wordpress\/ -->\n<title>ICSEB Erfolgsrate &amp; Behandlungsergebnisse | ICSEB<\/title>\n<meta name=\"description\" content=\"Erfolgsraten am ICSEB: Klinische Ergebnisse und Behandlungserfolge bei Chiari, Syringomyelie, Skoliose und Filum\u2011Krankheit.\" \/>\n<meta name=\"robots\" content=\"index, follow, max-snippet:-1, max-image-preview:large, max-video-preview:-1\" \/>\n<link rel=\"canonical\" href=\"https:\/\/institutchiaribcn.com\/de\/icseb-erfolgsrate\/\" \/>\n<meta property=\"og:locale\" content=\"de_DE\" \/>\n<meta property=\"og:type\" content=\"article\" \/>\n<meta property=\"og:title\" content=\"ICSEB Erfolgsrate &amp; Behandlungsergebnisse | ICSEB\" \/>\n<meta property=\"og:description\" content=\"Erfolgsraten am ICSEB: Klinische Ergebnisse und Behandlungserfolge bei Chiari, Syringomyelie, Skoliose und Filum\u2011Krankheit.\" \/>\n<meta property=\"og:url\" content=\"https:\/\/institutchiaribcn.com\/de\/icseb-erfolgsrate\/\" \/>\n<meta property=\"og:site_name\" content=\"Institut Chiari\" \/>\n<meta property=\"article:modified_time\" content=\"2026-02-18T10:15:36+00:00\" \/>\n<meta property=\"og:image\" content=\"https:\/\/institutchiaribcn.com\/wp-content\/uploads\/2025\/09\/Grafik-1-Die-haufigsten-Symptome-bei-Filum-Krankheit-Patienten-1024x711.png\" \/>\n<meta name=\"twitter:card\" content=\"summary_large_image\" \/>\n<meta name=\"twitter:label1\" content=\"Gesch\u00e4tzte Lesezeit\" \/>\n\t<meta name=\"twitter:data1\" content=\"3\u00a0Minuten\" \/>\n<script type=\"application\/ld+json\" class=\"yoast-schema-graph\">{\"@context\":\"https:\/\/schema.org\",\"@graph\":[{\"@type\":\"WebPage\",\"@id\":\"https:\/\/institutchiaribcn.com\/de\/icseb-erfolgsrate\/\",\"url\":\"https:\/\/institutchiaribcn.com\/de\/icseb-erfolgsrate\/\",\"name\":\"ICSEB Erfolgsrate & Behandlungsergebnisse | ICSEB\",\"isPartOf\":{\"@id\":\"https:\/\/institutchiaribcn.com\/de\/#website\"},\"primaryImageOfPage\":{\"@id\":\"https:\/\/institutchiaribcn.com\/de\/icseb-erfolgsrate\/#primaryimage\"},\"image\":{\"@id\":\"https:\/\/institutchiaribcn.com\/de\/icseb-erfolgsrate\/#primaryimage\"},\"thumbnailUrl\":\"https:\/\/institutchiaribcn.com\/wp-content\/uploads\/2025\/09\/Grafik-1-Die-haufigsten-Symptome-bei-Filum-Krankheit-Patienten-1024x711.png\",\"datePublished\":\"2025-06-17T14:54:11+00:00\",\"dateModified\":\"2026-02-18T10:15:36+00:00\",\"description\":\"Erfolgsraten am ICSEB: Klinische Ergebnisse und Behandlungserfolge bei Chiari, Syringomyelie, Skoliose und Filum\u2011Krankheit.\",\"breadcrumb\":{\"@id\":\"https:\/\/institutchiaribcn.com\/de\/icseb-erfolgsrate\/#breadcrumb\"},\"inLanguage\":\"de\",\"potentialAction\":[{\"@type\":\"ReadAction\",\"target\":[\"https:\/\/institutchiaribcn.com\/de\/icseb-erfolgsrate\/\"]}]},{\"@type\":\"ImageObject\",\"inLanguage\":\"de\",\"@id\":\"https:\/\/institutchiaribcn.com\/de\/icseb-erfolgsrate\/#primaryimage\",\"url\":\"https:\/\/institutchiaribcn.com\/wp-content\/uploads\/2025\/09\/Grafik-1-Die-haufigsten-Symptome-bei-Filum-Krankheit-Patienten-1024x711.png\",\"contentUrl\":\"https:\/\/institutchiaribcn.com\/wp-content\/uploads\/2025\/09\/Grafik-1-Die-haufigsten-Symptome-bei-Filum-Krankheit-Patienten-1024x711.png\"},{\"@type\":\"BreadcrumbList\",\"@id\":\"https:\/\/institutchiaribcn.com\/de\/icseb-erfolgsrate\/#breadcrumb\",\"itemListElement\":[{\"@type\":\"ListItem\",\"position\":1,\"name\":\"Portada\",\"item\":\"https:\/\/institutchiaribcn.com\/de\/\"},{\"@type\":\"ListItem\",\"position\":2,\"name\":\"ICSEB Erfolgsquoten\"}]},{\"@type\":\"WebSite\",\"@id\":\"https:\/\/institutchiaribcn.com\/de\/#website\",\"url\":\"https:\/\/institutchiaribcn.com\/de\/\",\"name\":\"Institut Chiari de Barcelona\",\"description\":\"\",\"publisher\":{\"@id\":\"https:\/\/institutchiaribcn.com\/de\/#organization\"},\"potentialAction\":[{\"@type\":\"SearchAction\",\"target\":{\"@type\":\"EntryPoint\",\"urlTemplate\":\"https:\/\/institutchiaribcn.com\/de\/?s={search_term_string}\"},\"query-input\":{\"@type\":\"PropertyValueSpecification\",\"valueRequired\":true,\"valueName\":\"search_term_string\"}}],\"inLanguage\":\"de\"},{\"@type\":\"Organization\",\"@id\":\"https:\/\/institutchiaribcn.com\/de\/#organization\",\"name\":\"Institut Chiari de Barcelona\",\"url\":\"https:\/\/institutchiaribcn.com\/de\/\",\"logo\":{\"@type\":\"ImageObject\",\"inLanguage\":\"de\",\"@id\":\"https:\/\/institutchiaribcn.com\/de\/#\/schema\/logo\/image\/\",\"url\":\"https:\/\/institutchiaribcn.com\/wp-content\/uploads\/2025\/10\/cropped-cropped-icsebNavLogo-1.png\",\"contentUrl\":\"https:\/\/institutchiaribcn.com\/wp-content\/uploads\/2025\/10\/cropped-cropped-icsebNavLogo-1.png\",\"width\":245,\"height\":99,\"caption\":\"Institut Chiari de Barcelona\"},\"image\":{\"@id\":\"https:\/\/institutchiaribcn.com\/de\/#\/schema\/logo\/image\/\"}}]}<\/script>\n<!-- \/ Yoast SEO plugin. -->","yoast_head_json":{"title":"ICSEB Erfolgsrate & Behandlungsergebnisse | ICSEB","description":"Erfolgsraten am ICSEB: Klinische Ergebnisse und Behandlungserfolge bei Chiari, Syringomyelie, Skoliose und Filum\u2011Krankheit.","robots":{"index":"index","follow":"follow","max-snippet":"max-snippet:-1","max-image-preview":"max-image-preview:large","max-video-preview":"max-video-preview:-1"},"canonical":"https:\/\/institutchiaribcn.com\/de\/icseb-erfolgsrate\/","og_locale":"de_DE","og_type":"article","og_title":"ICSEB Erfolgsrate & Behandlungsergebnisse | ICSEB","og_description":"Erfolgsraten am ICSEB: Klinische Ergebnisse und Behandlungserfolge bei Chiari, Syringomyelie, Skoliose und Filum\u2011Krankheit.","og_url":"https:\/\/institutchiaribcn.com\/de\/icseb-erfolgsrate\/","og_site_name":"Institut Chiari","article_modified_time":"2026-02-18T10:15:36+00:00","og_image":[{"url":"https:\/\/institutchiaribcn.com\/wp-content\/uploads\/2025\/09\/Grafik-1-Die-haufigsten-Symptome-bei-Filum-Krankheit-Patienten-1024x711.png","type":"","width":"","height":""}],"twitter_card":"summary_large_image","twitter_misc":{"Gesch\u00e4tzte Lesezeit":"3\u00a0Minuten"},"schema":{"@context":"https:\/\/schema.org","@graph":[{"@type":"WebPage","@id":"https:\/\/institutchiaribcn.com\/de\/icseb-erfolgsrate\/","url":"https:\/\/institutchiaribcn.com\/de\/icseb-erfolgsrate\/","name":"ICSEB Erfolgsrate & Behandlungsergebnisse | ICSEB","isPartOf":{"@id":"https:\/\/institutchiaribcn.com\/de\/#website"},"primaryImageOfPage":{"@id":"https:\/\/institutchiaribcn.com\/de\/icseb-erfolgsrate\/#primaryimage"},"image":{"@id":"https:\/\/institutchiaribcn.com\/de\/icseb-erfolgsrate\/#primaryimage"},"thumbnailUrl":"https:\/\/institutchiaribcn.com\/wp-content\/uploads\/2025\/09\/Grafik-1-Die-haufigsten-Symptome-bei-Filum-Krankheit-Patienten-1024x711.png","datePublished":"2025-06-17T14:54:11+00:00","dateModified":"2026-02-18T10:15:36+00:00","description":"Erfolgsraten am ICSEB: Klinische Ergebnisse und Behandlungserfolge bei Chiari, Syringomyelie, Skoliose und Filum\u2011Krankheit.","breadcrumb":{"@id":"https:\/\/institutchiaribcn.com\/de\/icseb-erfolgsrate\/#breadcrumb"},"inLanguage":"de","potentialAction":[{"@type":"ReadAction","target":["https:\/\/institutchiaribcn.com\/de\/icseb-erfolgsrate\/"]}]},{"@type":"ImageObject","inLanguage":"de","@id":"https:\/\/institutchiaribcn.com\/de\/icseb-erfolgsrate\/#primaryimage","url":"https:\/\/institutchiaribcn.com\/wp-content\/uploads\/2025\/09\/Grafik-1-Die-haufigsten-Symptome-bei-Filum-Krankheit-Patienten-1024x711.png","contentUrl":"https:\/\/institutchiaribcn.com\/wp-content\/uploads\/2025\/09\/Grafik-1-Die-haufigsten-Symptome-bei-Filum-Krankheit-Patienten-1024x711.png"},{"@type":"BreadcrumbList","@id":"https:\/\/institutchiaribcn.com\/de\/icseb-erfolgsrate\/#breadcrumb","itemListElement":[{"@type":"ListItem","position":1,"name":"Portada","item":"https:\/\/institutchiaribcn.com\/de\/"},{"@type":"ListItem","position":2,"name":"ICSEB Erfolgsquoten"}]},{"@type":"WebSite","@id":"https:\/\/institutchiaribcn.com\/de\/#website","url":"https:\/\/institutchiaribcn.com\/de\/","name":"Institut Chiari de Barcelona","description":"","publisher":{"@id":"https:\/\/institutchiaribcn.com\/de\/#organization"},"potentialAction":[{"@type":"SearchAction","target":{"@type":"EntryPoint","urlTemplate":"https:\/\/institutchiaribcn.com\/de\/?s={search_term_string}"},"query-input":{"@type":"PropertyValueSpecification","valueRequired":true,"valueName":"search_term_string"}}],"inLanguage":"de"},{"@type":"Organization","@id":"https:\/\/institutchiaribcn.com\/de\/#organization","name":"Institut Chiari de Barcelona","url":"https:\/\/institutchiaribcn.com\/de\/","logo":{"@type":"ImageObject","inLanguage":"de","@id":"https:\/\/institutchiaribcn.com\/de\/#\/schema\/logo\/image\/","url":"https:\/\/institutchiaribcn.com\/wp-content\/uploads\/2025\/10\/cropped-cropped-icsebNavLogo-1.png","contentUrl":"https:\/\/institutchiaribcn.com\/wp-content\/uploads\/2025\/10\/cropped-cropped-icsebNavLogo-1.png","width":245,"height":99,"caption":"Institut Chiari de Barcelona"},"image":{"@id":"https:\/\/institutchiaribcn.com\/de\/#\/schema\/logo\/image\/"}}]}},"_links":{"self":[{"href":"https:\/\/institutchiaribcn.com\/de\/wp-json\/wp\/v2\/pages\/66464","targetHints":{"allow":["GET"]}}],"collection":[{"href":"https:\/\/institutchiaribcn.com\/de\/wp-json\/wp\/v2\/pages"}],"about":[{"href":"https:\/\/institutchiaribcn.com\/de\/wp-json\/wp\/v2\/types\/page"}],"author":[{"embeddable":true,"href":"https:\/\/institutchiaribcn.com\/de\/wp-json\/wp\/v2\/users\/1"}],"replies":[{"embeddable":true,"href":"https:\/\/institutchiaribcn.com\/de\/wp-json\/wp\/v2\/comments?post=66464"}],"version-history":[{"count":1,"href":"https:\/\/institutchiaribcn.com\/de\/wp-json\/wp\/v2\/pages\/66464\/revisions"}],"predecessor-version":[{"id":145376,"href":"https:\/\/institutchiaribcn.com\/de\/wp-json\/wp\/v2\/pages\/66464\/revisions\/145376"}],"wp:attachment":[{"href":"https:\/\/institutchiaribcn.com\/de\/wp-json\/wp\/v2\/media?parent=66464"}],"curies":[{"name":"wp","href":"https:\/\/api.w.org\/{rel}","templated":true}]}}